{"id":3940,"date":"2021-11-03T10:10:47","date_gmt":"2021-11-03T09:10:47","guid":{"rendered":"https:\/\/arabian-mood.com\/produit\/kashmir-musk\/"},"modified":"2025-12-24T19:32:09","modified_gmt":"2025-12-24T18:32:09","slug":"muschio-del-kashmir-oud-arabo","status":"publish","type":"product","link":"https:\/\/arabian-mood.com\/it\/produit\/kashmir-musk-arabian-oud\/","title":{"rendered":"Kashmir Musk 100 ml \u2013 Arabian Oud"},"content":{"rendered":"<p style=\"text-align: center;\">Le parfum Kashmir Musk de la maison Arabian Oud est \u00e0 la fois \u00e9l\u00e9gant et sensuel . Une aura puissante et addictive qui vous transportera avec l\u00e9g\u00e8ret\u00e9. \u00a0C\u2019est sur un mode contemporain et in\u00e9dit que cet \u00e9lixir r\u00e9invente une note adul\u00e9e depuis des mill\u00e9naires, la plus suave de la parfumerie : le mythique Musc.<\/p>\n<h2 style=\"text-align: center;\">Description de Kashmir Musk by Arabian Oud<\/h2>\n<p style=\"text-align: center;\">L&#8217;ouverture se fait sur une rencontre atypique, un m\u00e9lange de bergamote, de fleur de poirier et de poivre rose. En second lieu, le coeur de la fragrance laisse place au jasmin, \u00e0 la tub\u00e9reuse et la fleur de ylang-ylang. Sa pyramide olfactive viens se terminer par des notes d&#8217;ambre, de patchouli et de musc. Cette cr\u00e9ation unique est bien plus qu\u2019une fragrance, c&#8217;est une empreinte.<\/p>\n<p style=\"text-align: center;\">Dans un style qui est propre \u00e0 la marque, le nom du parfum vient une fois de plus se faire ressentir dans le packaging. Dans un blanc pur et avec une sensation douce, Arabian Oud viens confirmer sa notori\u00e9t\u00e9 avec son parfum Kashmir Musk.<\/p>\n<p>&nbsp;<\/p>\n<p style=\"text-align: center;\">","protected":false},"excerpt":{"rendered":"<div class=\"woocommerce-product-details__short-description\">\n<ul>\n<li><strong>Note di testa: <\/strong>Fleur de poirier<\/li>\n<li><strong>Note di cuore: <\/strong>Fleur d&#8217;ylang-ylang, Rose Toby<\/li>\n<li><strong>Note di fondo:\u00a0<\/strong>musc du Cachemire<\/li>\n<\/ul>\n<p><strong>Genere :\u00a0<\/strong>misto<\/p>\n<\/div>","protected":false},"featured_media":7530,"template":"","meta":[],"product_brand":[],"product_cat":[519,152,433],"product_tag":[],"class_list":{"0":"post-3940","1":"product","2":"type-product","3":"status-publish","4":"has-post-thumbnail","6":"product_cat-arabian-oud","7":"product_cat-mixte","8":"product_cat-parfums-de-dubai","10":"first","11":"instock","12":"sale","13":"purchasable","14":"product-type-simple"},"yoast_head":"<!-- This site is optimized with the Yoast SEO plugin v27.5 - https:\/\/yoast.com\/product\/yoast-seo-wordpress\/ -->\n<title>kashmir Musk Arabian Oud | Eau de parfum mixte 100 ml<\/title>\n<meta name=\"description\" content=\"le Parfum Kashmir Musk by Arabian Oud est a la fois \u00e9l\u00e9gante et sensuel . C\u2019est sur un mode contemporain et in\u00e9dit que cet \u00e9lixir r\u00e9invente le musk.\" \/>\n<meta name=\"robots\" content=\"index, follow, max-snippet:-1, max-image-preview:large, max-video-preview:-1\" \/>\n<link rel=\"canonical\" href=\"https:\/\/arabian-mood.com\/it\/product\/muschio-del-kashmir-oud-arabo\/\" \/>\n<meta property=\"og:locale\" content=\"it_IT\" \/>\n<meta property=\"og:type\" content=\"article\" \/>\n<meta property=\"og:title\" content=\"kashmir Musk Arabian Oud | Eau de parfum mixte 100 ml\" \/>\n<meta property=\"og:description\" content=\"le Parfum Kashmir Musk by Arabian Oud est a la fois \u00e9l\u00e9gante et sensuel . C\u2019est sur un mode contemporain et in\u00e9dit que cet \u00e9lixir r\u00e9invente le musk.\" \/>\n<meta property=\"og:url\" content=\"https:\/\/arabian-mood.com\/it\/product\/muschio-del-kashmir-oud-arabo\/\" \/>\n<meta property=\"og:site_name\" content=\"Arabian Mood\" \/>\n<meta property=\"article:modified_time\" content=\"2025-12-24T18:32:09+00:00\" \/>\n<meta property=\"og:image\" content=\"https:\/\/arabian-mood.com\/wp-content\/uploads\/2021\/11\/KASHMIR-MUSK-4.png\" \/>\n\t<meta property=\"og:image:width\" content=\"900\" \/>\n\t<meta property=\"og:image:height\" content=\"900\" \/>\n\t<meta property=\"og:image:type\" content=\"image\/png\" \/>\n<meta name=\"twitter:card\" content=\"summary_large_image\" \/>\n<meta name=\"twitter:label1\" content=\"Tempo di lettura stimato\" \/>\n\t<meta name=\"twitter:data1\" content=\"2 minuti\" \/>\n<script type=\"application\/ld+json\" class=\"yoast-schema-graph\">{\"@context\":\"https:\\\/\\\/schema.org\",\"@graph\":[{\"@type\":\"WebPage\",\"@id\":\"https:\\\/\\\/arabian-mood.com\\\/produit\\\/kashmir-musk-arabian-oud\\\/\",\"url\":\"https:\\\/\\\/arabian-mood.com\\\/produit\\\/kashmir-musk-arabian-oud\\\/\",\"name\":\"kashmir Musk Arabian Oud | Eau de parfum mixte 100 ml\",\"isPartOf\":{\"@id\":\"https:\\\/\\\/arabian-mood.com\\\/#website\"},\"primaryImageOfPage\":{\"@id\":\"https:\\\/\\\/arabian-mood.com\\\/produit\\\/kashmir-musk-arabian-oud\\\/#primaryimage\"},\"image\":{\"@id\":\"https:\\\/\\\/arabian-mood.com\\\/produit\\\/kashmir-musk-arabian-oud\\\/#primaryimage\"},\"thumbnailUrl\":\"https:\\\/\\\/arabian-mood.com\\\/wp-content\\\/uploads\\\/2021\\\/11\\\/KASHMIR-MUSK-4.png\",\"datePublished\":\"2021-11-03T09:10:47+00:00\",\"dateModified\":\"2025-12-24T18:32:09+00:00\",\"description\":\"le Parfum Kashmir Musk by Arabian Oud est a la fois \u00e9l\u00e9gante et sensuel . C\u2019est sur un mode contemporain et in\u00e9dit que cet \u00e9lixir r\u00e9invente le musk.\",\"breadcrumb\":{\"@id\":\"https:\\\/\\\/arabian-mood.com\\\/produit\\\/kashmir-musk-arabian-oud\\\/#breadcrumb\"},\"inLanguage\":\"it-IT\",\"potentialAction\":[{\"@type\":\"ReadAction\",\"target\":[\"https:\\\/\\\/arabian-mood.com\\\/produit\\\/kashmir-musk-arabian-oud\\\/\"]}]},{\"@type\":\"ImageObject\",\"inLanguage\":\"it-IT\",\"@id\":\"https:\\\/\\\/arabian-mood.com\\\/produit\\\/kashmir-musk-arabian-oud\\\/#primaryimage\",\"url\":\"https:\\\/\\\/arabian-mood.com\\\/wp-content\\\/uploads\\\/2021\\\/11\\\/KASHMIR-MUSK-4.png\",\"contentUrl\":\"https:\\\/\\\/arabian-mood.com\\\/wp-content\\\/uploads\\\/2021\\\/11\\\/KASHMIR-MUSK-4.png\",\"width\":900,\"height\":900,\"caption\":\"parfum KASHMIR MUSK Arabian Oud\"},{\"@type\":\"BreadcrumbList\",\"@id\":\"https:\\\/\\\/arabian-mood.com\\\/produit\\\/kashmir-musk-arabian-oud\\\/#breadcrumb\",\"itemListElement\":[{\"@type\":\"ListItem\",\"position\":1,\"name\":\"Accueil\",\"item\":\"https:\\\/\\\/arabian-mood.com\\\/\"},{\"@type\":\"ListItem\",\"position\":2,\"name\":\"Boutique\",\"item\":\"https:\\\/\\\/arabian-mood.com\\\/boutique\\\/\"},{\"@type\":\"ListItem\",\"position\":3,\"name\":\"Kashmir Musk 100 ml &#8211; Arabian Oud\"}]},{\"@type\":\"WebSite\",\"@id\":\"https:\\\/\\\/arabian-mood.com\\\/#website\",\"url\":\"https:\\\/\\\/arabian-mood.com\\\/\",\"name\":\"Arabian Mood\",\"description\":\"\",\"publisher\":{\"@id\":\"https:\\\/\\\/arabian-mood.com\\\/#organization\"},\"potentialAction\":[{\"@type\":\"SearchAction\",\"target\":{\"@type\":\"EntryPoint\",\"urlTemplate\":\"https:\\\/\\\/arabian-mood.com\\\/?s={search_term_string}\"},\"query-input\":{\"@type\":\"PropertyValueSpecification\",\"valueRequired\":true,\"valueName\":\"search_term_string\"}}],\"inLanguage\":\"it-IT\"},{\"@type\":\"Organization\",\"@id\":\"https:\\\/\\\/arabian-mood.com\\\/#organization\",\"name\":\"Arabian Mood\",\"url\":\"https:\\\/\\\/arabian-mood.com\\\/\",\"logo\":{\"@type\":\"ImageObject\",\"inLanguage\":\"it-IT\",\"@id\":\"https:\\\/\\\/arabian-mood.com\\\/#\\\/schema\\\/logo\\\/image\\\/\",\"url\":\"https:\\\/\\\/arabian-mood.com\\\/wp-content\\\/uploads\\\/2024\\\/09\\\/Groupe-11304.svg\",\"contentUrl\":\"https:\\\/\\\/arabian-mood.com\\\/wp-content\\\/uploads\\\/2024\\\/09\\\/Groupe-11304.svg\",\"width\":214,\"height\":27,\"caption\":\"Arabian Mood\"},\"image\":{\"@id\":\"https:\\\/\\\/arabian-mood.com\\\/#\\\/schema\\\/logo\\\/image\\\/\"},\"sameAs\":[\"https:\\\/\\\/www.instagram.com\\\/arabianmoodofficiel\\\/\"]}]}<\/script>\n<!-- \/ Yoast SEO plugin. -->","yoast_head_json":{"title":"kashmir Musk Arabian Oud | Eau de parfum mixte 100 ml","description":"le Parfum Kashmir Musk by Arabian Oud est a la fois \u00e9l\u00e9gante et sensuel . C\u2019est sur un mode contemporain et in\u00e9dit que cet \u00e9lixir r\u00e9invente le musk.","robots":{"index":"index","follow":"follow","max-snippet":"max-snippet:-1","max-image-preview":"max-image-preview:large","max-video-preview":"max-video-preview:-1"},"canonical":"https:\/\/arabian-mood.com\/it\/product\/muschio-del-kashmir-oud-arabo\/","og_locale":"it_IT","og_type":"article","og_title":"kashmir Musk Arabian Oud | Eau de parfum mixte 100 ml","og_description":"le Parfum Kashmir Musk by Arabian Oud est a la fois \u00e9l\u00e9gante et sensuel . C\u2019est sur un mode contemporain et in\u00e9dit que cet \u00e9lixir r\u00e9invente le musk.","og_url":"https:\/\/arabian-mood.com\/it\/product\/muschio-del-kashmir-oud-arabo\/","og_site_name":"Arabian Mood","article_modified_time":"2025-12-24T18:32:09+00:00","og_image":[{"width":900,"height":900,"url":"https:\/\/arabian-mood.com\/wp-content\/uploads\/2021\/11\/KASHMIR-MUSK-4.png","type":"image\/png"}],"twitter_card":"summary_large_image","twitter_misc":{"Tempo di lettura stimato":"2 minuti"},"schema":{"@context":"https:\/\/schema.org","@graph":[{"@type":"WebPage","@id":"https:\/\/arabian-mood.com\/produit\/kashmir-musk-arabian-oud\/","url":"https:\/\/arabian-mood.com\/produit\/kashmir-musk-arabian-oud\/","name":"kashmir Musk Arabian Oud | Eau de parfum mixte 100 ml","isPartOf":{"@id":"https:\/\/arabian-mood.com\/#website"},"primaryImageOfPage":{"@id":"https:\/\/arabian-mood.com\/produit\/kashmir-musk-arabian-oud\/#primaryimage"},"image":{"@id":"https:\/\/arabian-mood.com\/produit\/kashmir-musk-arabian-oud\/#primaryimage"},"thumbnailUrl":"https:\/\/arabian-mood.com\/wp-content\/uploads\/2021\/11\/KASHMIR-MUSK-4.png","datePublished":"2021-11-03T09:10:47+00:00","dateModified":"2025-12-24T18:32:09+00:00","description":"le Parfum Kashmir Musk by Arabian Oud est a la fois \u00e9l\u00e9gante et sensuel . C\u2019est sur un mode contemporain et in\u00e9dit que cet \u00e9lixir r\u00e9invente le musk.","breadcrumb":{"@id":"https:\/\/arabian-mood.com\/produit\/kashmir-musk-arabian-oud\/#breadcrumb"},"inLanguage":"it-IT","potentialAction":[{"@type":"ReadAction","target":["https:\/\/arabian-mood.com\/produit\/kashmir-musk-arabian-oud\/"]}]},{"@type":"ImageObject","inLanguage":"it-IT","@id":"https:\/\/arabian-mood.com\/produit\/kashmir-musk-arabian-oud\/#primaryimage","url":"https:\/\/arabian-mood.com\/wp-content\/uploads\/2021\/11\/KASHMIR-MUSK-4.png","contentUrl":"https:\/\/arabian-mood.com\/wp-content\/uploads\/2021\/11\/KASHMIR-MUSK-4.png","width":900,"height":900,"caption":"parfum KASHMIR MUSK Arabian Oud"},{"@type":"BreadcrumbList","@id":"https:\/\/arabian-mood.com\/produit\/kashmir-musk-arabian-oud\/#breadcrumb","itemListElement":[{"@type":"ListItem","position":1,"name":"Accueil","item":"https:\/\/arabian-mood.com\/"},{"@type":"ListItem","position":2,"name":"Boutique","item":"https:\/\/arabian-mood.com\/boutique\/"},{"@type":"ListItem","position":3,"name":"Kashmir Musk 100 ml &#8211; Arabian Oud"}]},{"@type":"WebSite","@id":"https:\/\/arabian-mood.com\/#website","url":"https:\/\/arabian-mood.com\/","name":"Atmosfera Araba","description":"","publisher":{"@id":"https:\/\/arabian-mood.com\/#organization"},"potentialAction":[{"@type":"SearchAction","target":{"@type":"EntryPoint","urlTemplate":"https:\/\/arabian-mood.com\/?s={search_term_string}"},"query-input":{"@type":"PropertyValueSpecification","valueRequired":true,"valueName":"search_term_string"}}],"inLanguage":"it-IT"},{"@type":"Organization","@id":"https:\/\/arabian-mood.com\/#organization","name":"Atmosfera Araba","url":"https:\/\/arabian-mood.com\/","logo":{"@type":"ImageObject","inLanguage":"it-IT","@id":"https:\/\/arabian-mood.com\/#\/schema\/logo\/image\/","url":"https:\/\/arabian-mood.com\/wp-content\/uploads\/2024\/09\/Groupe-11304.svg","contentUrl":"https:\/\/arabian-mood.com\/wp-content\/uploads\/2024\/09\/Groupe-11304.svg","width":214,"height":27,"caption":"Arabian Mood"},"image":{"@id":"https:\/\/arabian-mood.com\/#\/schema\/logo\/image\/"},"sameAs":["https:\/\/www.instagram.com\/arabianmoodofficiel\/"]}]}},"_links":{"self":[{"href":"https:\/\/arabian-mood.com\/it\/wp-json\/wp\/v2\/product\/3940","targetHints":{"allow":["GET"]}}],"collection":[{"href":"https:\/\/arabian-mood.com\/it\/wp-json\/wp\/v2\/product"}],"about":[{"href":"https:\/\/arabian-mood.com\/it\/wp-json\/wp\/v2\/types\/product"}],"wp:featuredmedia":[{"embeddable":true,"href":"https:\/\/arabian-mood.com\/it\/wp-json\/wp\/v2\/media\/7530"}],"wp:attachment":[{"href":"https:\/\/arabian-mood.com\/it\/wp-json\/wp\/v2\/media?parent=3940"}],"wp:term":[{"taxonomy":"product_brand","embeddable":true,"href":"https:\/\/arabian-mood.com\/it\/wp-json\/wp\/v2\/product_brand?post=3940"},{"taxonomy":"product_cat","embeddable":true,"href":"https:\/\/arabian-mood.com\/it\/wp-json\/wp\/v2\/product_cat?post=3940"},{"taxonomy":"product_tag","embeddable":true,"href":"https:\/\/arabian-mood.com\/it\/wp-json\/wp\/v2\/product_tag?post=3940"}],"curies":[{"name":"wp","href":"https:\/\/api.w.org\/{rel}","templated":true}]}}