{"id":3947,"date":"2021-11-03T10:10:47","date_gmt":"2021-11-03T09:10:47","guid":{"rendered":"https:\/\/arabian-mood.com\/produit\/al-khanjar\/"},"modified":"2025-02-24T16:56:07","modified_gmt":"2025-02-24T15:56:07","slug":"al-khanjar-banafa-profumo","status":"publish","type":"product","link":"https:\/\/arabian-mood.com\/it\/produit\/al-khanjar-banafa-parfum\/","title":{"rendered":"Al khanjar"},"content":{"rendered":"<h1 style=\"text-align: center;\">Al Khanjar Di Banafa For Oud<\/h1>\n<p style=\"text-align: center;\">Il profumo Al Khanjar di Banafa For Oud \u00e8 una creazione da orafi che onora la cultura araba, unendo l'amore per il profumo e quello per il pugnale.<\/p>\n<p>&nbsp;<\/p>\n<p style=\"text-align: center;\"><strong>Descrizione olfattiva<\/strong><\/p>\n<p style=\"text-align: center;\">Il miele e l'anice risuonano in tutta la fragranza. Il rosmarino si mescola al legno di cashmere, creando un cuore caldo molto avvolgente e attraente. La fragranza si posa su un fondo di vaniglia, oud e infine ambra.<\/p>\n<p style=\"text-align: center;\">Come una spada ornata di questi gioielli, Al Khanjar sar\u00e0 l'alleato per il guerriero che \u00e8 in voi. Infatti, come ricorda cos\u00ec bene il proverbio arabo, \u201cNon c'\u00e8 eleganza senza profumo\u201d. .<\/p>\n<h2 style=\"text-align: center;\">Indicazioni per l'uso del vostro profumo Al Khanjar By Banafa For Oud:<\/h2>\n<p style=\"text-align: center;\">Accompagna la tua fragranza con un olio profumato dolce o con la magnifica fragranza \u201c<span style=\"color: #000000;\"><a style=\"color: #000000;\" href=\"https:\/\/arabian-mood.com\/it\/product\/musc-vanille\/\">muschio vaniglia della profumeria di nicchia Alhambra\u201d<\/a><\/span>, inoltre, la sua scia sar\u00e0 ancora pi\u00f9 intensa e inebriante. Il mix di due fragranze crea un connubio unico, che rende il tuo profumo Al Khanjar ancora pi\u00f9 personale.<\/p>\n<h3 style=\"text-align: center;\"><strong>La storia di Banafa For Oud<\/strong><\/h3>\n<p style=\"text-align: center;\">Fondata negli anni \u201c90 nel regno dell'Arabia, Banafa for Oud \u00e8 leader di mercato nella produzione di fragranze uniche con un tocco di lusso. Con il suo profumo bestseller \u201dal khanjar\", Banafa for Oud ha rotto gli schemi della profumeria moderna. \u00c8 specializzata nella produzione delle migliori selezioni di oud, incensi e oli essenziali. Al khanjar rappresenta un'identit\u00e0 particolare per ogni persona e aggiunge un tocco speciale al suo stile. La casa Banafa for Oud offre i profumi pi\u00f9 unici di qualit\u00e0 ineguagliabile, arricchendo cos\u00ec la cultura e l'eredit\u00e0 araba.<\/p>\n<p>&nbsp;<\/p>","protected":false},"excerpt":{"rendered":"<p>EAU DE PARFUM<\/p>","protected":false},"featured_media":4105,"template":"","meta":[],"product_brand":[],"product_cat":[522,433],"product_tag":[],"class_list":{"0":"post-3947","1":"product","2":"type-product","3":"status-publish","4":"has-post-thumbnail","6":"product_cat-fragrance-world","7":"product_cat-parfums-de-dubai","9":"first","10":"outofstock","11":"purchasable","12":"product-type-simple"},"yoast_head":"<!-- This site is optimized with the Yoast SEO plugin v27.6 - https:\/\/yoast.com\/product\/yoast-seo-wordpress\/ -->\n<title>Al khanjar Banafa parfum<\/title>\n<meta name=\"description\" content=\"Al khanjar de la maison Banafa for Oud est une cr\u00e9ation d&#039;orf\u00e8vre alliant la cultures du parfum ainsi que celle de la dague.\" \/>\n<meta name=\"robots\" content=\"index, follow, max-snippet:-1, max-image-preview:large, max-video-preview:-1\" \/>\n<link rel=\"canonical\" href=\"https:\/\/arabian-mood.com\/it\/product\/al-khanjar-banafa-profumo\/\" \/>\n<meta property=\"og:locale\" content=\"it_IT\" \/>\n<meta property=\"og:type\" content=\"article\" \/>\n<meta property=\"og:title\" content=\"Al khanjar Banafa parfum\" \/>\n<meta property=\"og:description\" content=\"Al khanjar de la maison Banafa for Oud est une cr\u00e9ation d&#039;orf\u00e8vre alliant la cultures du parfum ainsi que celle de la dague.\" \/>\n<meta property=\"og:url\" content=\"https:\/\/arabian-mood.com\/it\/product\/al-khanjar-banafa-profumo\/\" \/>\n<meta property=\"og:site_name\" content=\"Arabian Mood\" \/>\n<meta property=\"article:modified_time\" content=\"2025-02-24T15:56:07+00:00\" \/>\n<meta property=\"og:image\" content=\"https:\/\/arabian-mood.com\/wp-content\/uploads\/2021\/11\/AL-KHANJAR-1.png\" \/>\n\t<meta property=\"og:image:width\" content=\"570\" \/>\n\t<meta property=\"og:image:height\" content=\"730\" \/>\n\t<meta property=\"og:image:type\" content=\"image\/png\" \/>\n<meta name=\"twitter:card\" content=\"summary_large_image\" \/>\n<meta name=\"twitter:label1\" content=\"Tempo di lettura stimato\" \/>\n\t<meta name=\"twitter:data1\" content=\"2 minuti\" \/>\n<script type=\"application\/ld+json\" class=\"yoast-schema-graph\">{\"@context\":\"https:\\\/\\\/schema.org\",\"@graph\":[{\"@type\":\"WebPage\",\"@id\":\"https:\\\/\\\/arabian-mood.com\\\/produit\\\/al-khanjar-banafa-parfum\\\/\",\"url\":\"https:\\\/\\\/arabian-mood.com\\\/produit\\\/al-khanjar-banafa-parfum\\\/\",\"name\":\"Al khanjar Banafa parfum\",\"isPartOf\":{\"@id\":\"https:\\\/\\\/arabian-mood.com\\\/#website\"},\"primaryImageOfPage\":{\"@id\":\"https:\\\/\\\/arabian-mood.com\\\/produit\\\/al-khanjar-banafa-parfum\\\/#primaryimage\"},\"image\":{\"@id\":\"https:\\\/\\\/arabian-mood.com\\\/produit\\\/al-khanjar-banafa-parfum\\\/#primaryimage\"},\"thumbnailUrl\":\"https:\\\/\\\/uxid.fra1.digitaloceanspaces.com\\\/arabian-mood\\\/wp-content\\\/uploads\\\/2021\\\/11\\\/22162148\\\/AL-KHANJAR-1.png\",\"datePublished\":\"2021-11-03T09:10:47+00:00\",\"dateModified\":\"2025-02-24T15:56:07+00:00\",\"description\":\"Al khanjar de la maison Banafa for Oud est une cr\u00e9ation d'orf\u00e8vre alliant la cultures du parfum ainsi que celle de la dague.\",\"breadcrumb\":{\"@id\":\"https:\\\/\\\/arabian-mood.com\\\/produit\\\/al-khanjar-banafa-parfum\\\/#breadcrumb\"},\"inLanguage\":\"it-IT\",\"potentialAction\":[{\"@type\":\"ReadAction\",\"target\":[\"https:\\\/\\\/arabian-mood.com\\\/produit\\\/al-khanjar-banafa-parfum\\\/\"]}]},{\"@type\":\"ImageObject\",\"inLanguage\":\"it-IT\",\"@id\":\"https:\\\/\\\/arabian-mood.com\\\/produit\\\/al-khanjar-banafa-parfum\\\/#primaryimage\",\"url\":\"https:\\\/\\\/uxid.fra1.digitaloceanspaces.com\\\/arabian-mood\\\/wp-content\\\/uploads\\\/2021\\\/11\\\/22162148\\\/AL-KHANJAR-1.png\",\"contentUrl\":\"https:\\\/\\\/uxid.fra1.digitaloceanspaces.com\\\/arabian-mood\\\/wp-content\\\/uploads\\\/2021\\\/11\\\/22162148\\\/AL-KHANJAR-1.png\",\"width\":570,\"height\":730,\"caption\":\"Al khanjar Banafa\"},{\"@type\":\"BreadcrumbList\",\"@id\":\"https:\\\/\\\/arabian-mood.com\\\/produit\\\/al-khanjar-banafa-parfum\\\/#breadcrumb\",\"itemListElement\":[{\"@type\":\"ListItem\",\"position\":1,\"name\":\"Accueil\",\"item\":\"https:\\\/\\\/arabian-mood.com\\\/\"},{\"@type\":\"ListItem\",\"position\":2,\"name\":\"Boutique\",\"item\":\"https:\\\/\\\/arabian-mood.com\\\/boutique\\\/\"},{\"@type\":\"ListItem\",\"position\":3,\"name\":\"Al khanjar\"}]},{\"@type\":\"WebSite\",\"@id\":\"https:\\\/\\\/arabian-mood.com\\\/#website\",\"url\":\"https:\\\/\\\/arabian-mood.com\\\/\",\"name\":\"Arabian Mood\",\"description\":\"\",\"publisher\":{\"@id\":\"https:\\\/\\\/arabian-mood.com\\\/#organization\"},\"potentialAction\":[{\"@type\":\"SearchAction\",\"target\":{\"@type\":\"EntryPoint\",\"urlTemplate\":\"https:\\\/\\\/arabian-mood.com\\\/?s={search_term_string}\"},\"query-input\":{\"@type\":\"PropertyValueSpecification\",\"valueRequired\":true,\"valueName\":\"search_term_string\"}}],\"inLanguage\":\"it-IT\"},{\"@type\":\"Organization\",\"@id\":\"https:\\\/\\\/arabian-mood.com\\\/#organization\",\"name\":\"Arabian Mood\",\"url\":\"https:\\\/\\\/arabian-mood.com\\\/\",\"logo\":{\"@type\":\"ImageObject\",\"inLanguage\":\"it-IT\",\"@id\":\"https:\\\/\\\/arabian-mood.com\\\/#\\\/schema\\\/logo\\\/image\\\/\",\"url\":\"https:\\\/\\\/arabian-mood.com\\\/wp-content\\\/uploads\\\/2024\\\/09\\\/Groupe-11304.svg\",\"contentUrl\":\"https:\\\/\\\/arabian-mood.com\\\/wp-content\\\/uploads\\\/2024\\\/09\\\/Groupe-11304.svg\",\"width\":214,\"height\":27,\"caption\":\"Arabian Mood\"},\"image\":{\"@id\":\"https:\\\/\\\/arabian-mood.com\\\/#\\\/schema\\\/logo\\\/image\\\/\"},\"sameAs\":[\"https:\\\/\\\/www.instagram.com\\\/arabianmoodofficiel\\\/\"]}]}<\/script>\n<!-- \/ Yoast SEO plugin. -->","yoast_head_json":{"title":"Al khanjar Banafa profumo","description":"Al Khanjar della casa Banafa for Oud \u00e8 una creazione da orafo che unisce le culture del profumo e quella del pugnale.","robots":{"index":"index","follow":"follow","max-snippet":"max-snippet:-1","max-image-preview":"max-image-preview:large","max-video-preview":"max-video-preview:-1"},"canonical":"https:\/\/arabian-mood.com\/it\/product\/al-khanjar-banafa-profumo\/","og_locale":"it_IT","og_type":"article","og_title":"Al khanjar Banafa parfum","og_description":"Al khanjar de la maison Banafa for Oud est une cr\u00e9ation d'orf\u00e8vre alliant la cultures du parfum ainsi que celle de la dague.","og_url":"https:\/\/arabian-mood.com\/it\/product\/al-khanjar-banafa-profumo\/","og_site_name":"Arabian Mood","article_modified_time":"2025-02-24T15:56:07+00:00","og_image":[{"width":570,"height":730,"url":"https:\/\/arabian-mood.com\/wp-content\/uploads\/2021\/11\/AL-KHANJAR-1.png","type":"image\/png"}],"twitter_card":"summary_large_image","twitter_misc":{"Tempo di lettura stimato":"2 minuti"},"schema":{"@context":"https:\/\/schema.org","@graph":[{"@type":"WebPage","@id":"https:\/\/arabian-mood.com\/produit\/al-khanjar-banafa-parfum\/","url":"https:\/\/arabian-mood.com\/produit\/al-khanjar-banafa-parfum\/","name":"Al khanjar Banafa profumo","isPartOf":{"@id":"https:\/\/arabian-mood.com\/#website"},"primaryImageOfPage":{"@id":"https:\/\/arabian-mood.com\/produit\/al-khanjar-banafa-parfum\/#primaryimage"},"image":{"@id":"https:\/\/arabian-mood.com\/produit\/al-khanjar-banafa-parfum\/#primaryimage"},"thumbnailUrl":"https:\/\/uxid.fra1.digitaloceanspaces.com\/arabian-mood\/wp-content\/uploads\/2021\/11\/22162148\/AL-KHANJAR-1.png","datePublished":"2021-11-03T09:10:47+00:00","dateModified":"2025-02-24T15:56:07+00:00","description":"Al Khanjar della casa Banafa for Oud \u00e8 una creazione da orafo che unisce le culture del profumo e quella del pugnale.","breadcrumb":{"@id":"https:\/\/arabian-mood.com\/produit\/al-khanjar-banafa-parfum\/#breadcrumb"},"inLanguage":"it-IT","potentialAction":[{"@type":"ReadAction","target":["https:\/\/arabian-mood.com\/produit\/al-khanjar-banafa-parfum\/"]}]},{"@type":"ImageObject","inLanguage":"it-IT","@id":"https:\/\/arabian-mood.com\/produit\/al-khanjar-banafa-parfum\/#primaryimage","url":"https:\/\/uxid.fra1.digitaloceanspaces.com\/arabian-mood\/wp-content\/uploads\/2021\/11\/22162148\/AL-KHANJAR-1.png","contentUrl":"https:\/\/uxid.fra1.digitaloceanspaces.com\/arabian-mood\/wp-content\/uploads\/2021\/11\/22162148\/AL-KHANJAR-1.png","width":570,"height":730,"caption":"Al khanjar Banafa"},{"@type":"BreadcrumbList","@id":"https:\/\/arabian-mood.com\/produit\/al-khanjar-banafa-parfum\/#breadcrumb","itemListElement":[{"@type":"ListItem","position":1,"name":"Accueil","item":"https:\/\/arabian-mood.com\/"},{"@type":"ListItem","position":2,"name":"Boutique","item":"https:\/\/arabian-mood.com\/boutique\/"},{"@type":"ListItem","position":3,"name":"Al khanjar"}]},{"@type":"WebSite","@id":"https:\/\/arabian-mood.com\/#website","url":"https:\/\/arabian-mood.com\/","name":"Atmosfera Araba","description":"","publisher":{"@id":"https:\/\/arabian-mood.com\/#organization"},"potentialAction":[{"@type":"SearchAction","target":{"@type":"EntryPoint","urlTemplate":"https:\/\/arabian-mood.com\/?s={search_term_string}"},"query-input":{"@type":"PropertyValueSpecification","valueRequired":true,"valueName":"search_term_string"}}],"inLanguage":"it-IT"},{"@type":"Organization","@id":"https:\/\/arabian-mood.com\/#organization","name":"Atmosfera Araba","url":"https:\/\/arabian-mood.com\/","logo":{"@type":"ImageObject","inLanguage":"it-IT","@id":"https:\/\/arabian-mood.com\/#\/schema\/logo\/image\/","url":"https:\/\/arabian-mood.com\/wp-content\/uploads\/2024\/09\/Groupe-11304.svg","contentUrl":"https:\/\/arabian-mood.com\/wp-content\/uploads\/2024\/09\/Groupe-11304.svg","width":214,"height":27,"caption":"Arabian Mood"},"image":{"@id":"https:\/\/arabian-mood.com\/#\/schema\/logo\/image\/"},"sameAs":["https:\/\/www.instagram.com\/arabianmoodofficiel\/"]}]}},"_links":{"self":[{"href":"https:\/\/arabian-mood.com\/it\/wp-json\/wp\/v2\/product\/3947","targetHints":{"allow":["GET"]}}],"collection":[{"href":"https:\/\/arabian-mood.com\/it\/wp-json\/wp\/v2\/product"}],"about":[{"href":"https:\/\/arabian-mood.com\/it\/wp-json\/wp\/v2\/types\/product"}],"wp:featuredmedia":[{"embeddable":true,"href":"https:\/\/arabian-mood.com\/it\/wp-json\/wp\/v2\/media\/4105"}],"wp:attachment":[{"href":"https:\/\/arabian-mood.com\/it\/wp-json\/wp\/v2\/media?parent=3947"}],"wp:term":[{"taxonomy":"product_brand","embeddable":true,"href":"https:\/\/arabian-mood.com\/it\/wp-json\/wp\/v2\/product_brand?post=3947"},{"taxonomy":"product_cat","embeddable":true,"href":"https:\/\/arabian-mood.com\/it\/wp-json\/wp\/v2\/product_cat?post=3947"},{"taxonomy":"product_tag","embeddable":true,"href":"https:\/\/arabian-mood.com\/it\/wp-json\/wp\/v2\/product_tag?post=3947"}],"curies":[{"name":"wp","href":"https:\/\/api.w.org\/{rel}","templated":true}]}}