{"id":6023,"date":"2022-10-28T12:18:53","date_gmt":"2022-10-28T10:18:53","guid":{"rendered":"https:\/\/arabian-mood.com\/?post_type=product&#038;p=6023"},"modified":"2024-04-02T00:25:49","modified_gmt":"2024-04-01T22:25:49","slug":"kera-queens-lifting-keratine-nigelle","status":"publish","type":"product","link":"https:\/\/arabian-mood.com\/it\/produit\/kera-queens-lifting-keratine-nigelle\/","title":{"rendered":"KERA QUEEN\u2019S \u2013 Lifting alla Cheratina e Nigella"},"content":{"rendered":"<p><strong>Shampoing + Soin sans sulfate &amp; sans parab\u00e8ne \u2013 500ml<\/strong><\/p>\n<p>La gamme lifting \u00e0 l\u2019huile de nigelle rajeunit et transforme les cheveux fatigu\u00e9s, vos cheveux deviennent forts, \u00e9pais et sont d\u2019une brillance \u00e9poustouflante. Elle permet de r\u00e9parer les cheveux ab\u00eem\u00e9s, prot\u00e8ge les cheveux des agressions ext\u00e9rieures, riche en nutriments.<\/p>\n<p>De plus s\u2019agit d\u2019une formule sans parab\u00e8ne et sans sulfates qui convient \u00e0 tous types de cheveux. L\u2019huile de nigelle calme les d\u00e9mangeaisons du cuir chevelu. Elle fortifie \u00e9galement la fibre capillaire et laisse les cheveux souples et brillants. Elle est donc particuli\u00e8rement pour les cheveux ternes, secs et cassants. En renfor\u00e7ant les follicules, l\u2019huile de nigelle permet de ralentir la chute des cheveux.<\/p>","protected":false},"excerpt":{"rendered":"<p>Shampoing + Soin sans sulfate &amp; sans parab\u00e8ne \u2013 500ml La gamme lifting \u00e0 l\u2019huile de nigelle rajeunit et transforme<\/p>","protected":false},"featured_media":6024,"template":"","meta":[],"product_brand":[],"product_cat":[443,423],"product_tag":[],"class_list":{"0":"post-6023","1":"product","2":"type-product","3":"status-publish","4":"has-post-thumbnail","6":"product_cat-botox-capillaire","7":"product_cat-soin-et-bien-etre","9":"first","10":"outofstock","11":"taxable","12":"shipping-taxable","13":"purchasable","14":"product-type-simple"},"yoast_head":"<!-- This site is optimized with the Yoast SEO plugin v27.5 - https:\/\/yoast.com\/product\/yoast-seo-wordpress\/ -->\n<title>KERA QUEEN&#039;S - Lifting K\u00e9ratine &amp; Nigelle<\/title>\n<meta name=\"description\" content=\"Le lifting \u00e0 l\u2019huile de nigelle rajeunit et transforme les cheveux fatigu\u00e9s, vos cheveux deviennent forts, \u00e9pais et sont d\u2019une brillance \u00e9poustouflante\" \/>\n<meta name=\"robots\" content=\"index, follow, max-snippet:-1, max-image-preview:large, max-video-preview:-1\" \/>\n<link rel=\"canonical\" href=\"https:\/\/arabian-mood.com\/it\/product\/kera-queens-lifting-keratine-nigelle\/\" \/>\n<meta property=\"og:locale\" content=\"it_IT\" \/>\n<meta property=\"og:type\" content=\"article\" \/>\n<meta property=\"og:title\" content=\"KERA QUEEN&#039;S - Lifting K\u00e9ratine &amp; Nigelle\" \/>\n<meta property=\"og:description\" content=\"Le lifting \u00e0 l\u2019huile de nigelle rajeunit et transforme les cheveux fatigu\u00e9s, vos cheveux deviennent forts, \u00e9pais et sont d\u2019une brillance \u00e9poustouflante\" \/>\n<meta property=\"og:url\" content=\"https:\/\/arabian-mood.com\/it\/product\/kera-queens-lifting-keratine-nigelle\/\" \/>\n<meta property=\"og:site_name\" content=\"Arabian Mood\" \/>\n<meta property=\"article:modified_time\" content=\"2024-04-01T22:25:49+00:00\" \/>\n<meta property=\"og:image\" content=\"https:\/\/arabian-mood.com\/wp-content\/uploads\/2022\/10\/LIFTING-NIGELLE.jpg\" \/>\n\t<meta property=\"og:image:width\" content=\"880\" \/>\n\t<meta property=\"og:image:height\" content=\"880\" \/>\n\t<meta property=\"og:image:type\" content=\"image\/jpeg\" \/>\n<meta name=\"twitter:card\" content=\"summary_large_image\" \/>\n<meta name=\"twitter:label1\" content=\"Tempo di lettura stimato\" \/>\n\t<meta name=\"twitter:data1\" content=\"1 minuto\" \/>\n<script type=\"application\/ld+json\" class=\"yoast-schema-graph\">{\"@context\":\"https:\\\/\\\/schema.org\",\"@graph\":[{\"@type\":\"WebPage\",\"@id\":\"https:\\\/\\\/arabian-mood.com\\\/produit\\\/kera-queens-lifting-keratine-nigelle\\\/\",\"url\":\"https:\\\/\\\/arabian-mood.com\\\/produit\\\/kera-queens-lifting-keratine-nigelle\\\/\",\"name\":\"KERA QUEEN'S - Lifting K\u00e9ratine & Nigelle\",\"isPartOf\":{\"@id\":\"https:\\\/\\\/arabian-mood.com\\\/#website\"},\"primaryImageOfPage\":{\"@id\":\"https:\\\/\\\/arabian-mood.com\\\/produit\\\/kera-queens-lifting-keratine-nigelle\\\/#primaryimage\"},\"image\":{\"@id\":\"https:\\\/\\\/arabian-mood.com\\\/produit\\\/kera-queens-lifting-keratine-nigelle\\\/#primaryimage\"},\"thumbnailUrl\":\"https:\\\/\\\/arabian-mood.com\\\/wp-content\\\/uploads\\\/2022\\\/10\\\/LIFTING-NIGELLE.jpg\",\"datePublished\":\"2022-10-28T10:18:53+00:00\",\"dateModified\":\"2024-04-01T22:25:49+00:00\",\"description\":\"Le lifting \u00e0 l\u2019huile de nigelle rajeunit et transforme les cheveux fatigu\u00e9s, vos cheveux deviennent forts, \u00e9pais et sont d\u2019une brillance \u00e9poustouflante\",\"breadcrumb\":{\"@id\":\"https:\\\/\\\/arabian-mood.com\\\/produit\\\/kera-queens-lifting-keratine-nigelle\\\/#breadcrumb\"},\"inLanguage\":\"it-IT\",\"potentialAction\":[{\"@type\":\"ReadAction\",\"target\":[\"https:\\\/\\\/arabian-mood.com\\\/produit\\\/kera-queens-lifting-keratine-nigelle\\\/\"]}]},{\"@type\":\"ImageObject\",\"inLanguage\":\"it-IT\",\"@id\":\"https:\\\/\\\/arabian-mood.com\\\/produit\\\/kera-queens-lifting-keratine-nigelle\\\/#primaryimage\",\"url\":\"https:\\\/\\\/arabian-mood.com\\\/wp-content\\\/uploads\\\/2022\\\/10\\\/LIFTING-NIGELLE.jpg\",\"contentUrl\":\"https:\\\/\\\/arabian-mood.com\\\/wp-content\\\/uploads\\\/2022\\\/10\\\/LIFTING-NIGELLE.jpg\",\"width\":880,\"height\":880,\"caption\":\"arabian-mood.com\"},{\"@type\":\"BreadcrumbList\",\"@id\":\"https:\\\/\\\/arabian-mood.com\\\/produit\\\/kera-queens-lifting-keratine-nigelle\\\/#breadcrumb\",\"itemListElement\":[{\"@type\":\"ListItem\",\"position\":1,\"name\":\"Accueil\",\"item\":\"https:\\\/\\\/arabian-mood.com\\\/\"},{\"@type\":\"ListItem\",\"position\":2,\"name\":\"Boutique\",\"item\":\"https:\\\/\\\/arabian-mood.com\\\/boutique\\\/\"},{\"@type\":\"ListItem\",\"position\":3,\"name\":\"KERA QUEEN&#8217;S &#8211; Lifting K\u00e9ratine &#038; Nigelle\"}]},{\"@type\":\"WebSite\",\"@id\":\"https:\\\/\\\/arabian-mood.com\\\/#website\",\"url\":\"https:\\\/\\\/arabian-mood.com\\\/\",\"name\":\"Arabian Mood\",\"description\":\"\",\"publisher\":{\"@id\":\"https:\\\/\\\/arabian-mood.com\\\/#organization\"},\"potentialAction\":[{\"@type\":\"SearchAction\",\"target\":{\"@type\":\"EntryPoint\",\"urlTemplate\":\"https:\\\/\\\/arabian-mood.com\\\/?s={search_term_string}\"},\"query-input\":{\"@type\":\"PropertyValueSpecification\",\"valueRequired\":true,\"valueName\":\"search_term_string\"}}],\"inLanguage\":\"it-IT\"},{\"@type\":\"Organization\",\"@id\":\"https:\\\/\\\/arabian-mood.com\\\/#organization\",\"name\":\"Arabian Mood\",\"url\":\"https:\\\/\\\/arabian-mood.com\\\/\",\"logo\":{\"@type\":\"ImageObject\",\"inLanguage\":\"it-IT\",\"@id\":\"https:\\\/\\\/arabian-mood.com\\\/#\\\/schema\\\/logo\\\/image\\\/\",\"url\":\"https:\\\/\\\/arabian-mood.com\\\/wp-content\\\/uploads\\\/2024\\\/09\\\/Groupe-11304.svg\",\"contentUrl\":\"https:\\\/\\\/arabian-mood.com\\\/wp-content\\\/uploads\\\/2024\\\/09\\\/Groupe-11304.svg\",\"width\":214,\"height\":27,\"caption\":\"Arabian Mood\"},\"image\":{\"@id\":\"https:\\\/\\\/arabian-mood.com\\\/#\\\/schema\\\/logo\\\/image\\\/\"},\"sameAs\":[\"https:\\\/\\\/www.instagram.com\\\/arabianmoodofficiel\\\/\"]}]}<\/script>\n<!-- \/ Yoast SEO plugin. -->","yoast_head_json":{"title":"KERA QUEEN'S - Lifting K\u00e9ratine & Nigelle","description":"Le lifting \u00e0 l\u2019huile de nigelle rajeunit et transforme les cheveux fatigu\u00e9s, vos cheveux deviennent forts, \u00e9pais et sont d\u2019une brillance \u00e9poustouflante","robots":{"index":"index","follow":"follow","max-snippet":"max-snippet:-1","max-image-preview":"max-image-preview:large","max-video-preview":"max-video-preview:-1"},"canonical":"https:\/\/arabian-mood.com\/it\/product\/kera-queens-lifting-keratine-nigelle\/","og_locale":"it_IT","og_type":"article","og_title":"KERA QUEEN'S - Lifting K\u00e9ratine & Nigelle","og_description":"Le lifting \u00e0 l\u2019huile de nigelle rajeunit et transforme les cheveux fatigu\u00e9s, vos cheveux deviennent forts, \u00e9pais et sont d\u2019une brillance \u00e9poustouflante","og_url":"https:\/\/arabian-mood.com\/it\/product\/kera-queens-lifting-keratine-nigelle\/","og_site_name":"Arabian Mood","article_modified_time":"2024-04-01T22:25:49+00:00","og_image":[{"width":880,"height":880,"url":"https:\/\/arabian-mood.com\/wp-content\/uploads\/2022\/10\/LIFTING-NIGELLE.jpg","type":"image\/jpeg"}],"twitter_card":"summary_large_image","twitter_misc":{"Tempo di lettura stimato":"1 minuto"},"schema":{"@context":"https:\/\/schema.org","@graph":[{"@type":"WebPage","@id":"https:\/\/arabian-mood.com\/produit\/kera-queens-lifting-keratine-nigelle\/","url":"https:\/\/arabian-mood.com\/produit\/kera-queens-lifting-keratine-nigelle\/","name":"KERA QUEEN'S - Lifting K\u00e9ratine & Nigelle","isPartOf":{"@id":"https:\/\/arabian-mood.com\/#website"},"primaryImageOfPage":{"@id":"https:\/\/arabian-mood.com\/produit\/kera-queens-lifting-keratine-nigelle\/#primaryimage"},"image":{"@id":"https:\/\/arabian-mood.com\/produit\/kera-queens-lifting-keratine-nigelle\/#primaryimage"},"thumbnailUrl":"https:\/\/arabian-mood.com\/wp-content\/uploads\/2022\/10\/LIFTING-NIGELLE.jpg","datePublished":"2022-10-28T10:18:53+00:00","dateModified":"2024-04-01T22:25:49+00:00","description":"Le lifting \u00e0 l\u2019huile de nigelle rajeunit et transforme les cheveux fatigu\u00e9s, vos cheveux deviennent forts, \u00e9pais et sont d\u2019une brillance \u00e9poustouflante","breadcrumb":{"@id":"https:\/\/arabian-mood.com\/produit\/kera-queens-lifting-keratine-nigelle\/#breadcrumb"},"inLanguage":"it-IT","potentialAction":[{"@type":"ReadAction","target":["https:\/\/arabian-mood.com\/produit\/kera-queens-lifting-keratine-nigelle\/"]}]},{"@type":"ImageObject","inLanguage":"it-IT","@id":"https:\/\/arabian-mood.com\/produit\/kera-queens-lifting-keratine-nigelle\/#primaryimage","url":"https:\/\/arabian-mood.com\/wp-content\/uploads\/2022\/10\/LIFTING-NIGELLE.jpg","contentUrl":"https:\/\/arabian-mood.com\/wp-content\/uploads\/2022\/10\/LIFTING-NIGELLE.jpg","width":880,"height":880,"caption":"arabian-mood.com"},{"@type":"BreadcrumbList","@id":"https:\/\/arabian-mood.com\/produit\/kera-queens-lifting-keratine-nigelle\/#breadcrumb","itemListElement":[{"@type":"ListItem","position":1,"name":"Accueil","item":"https:\/\/arabian-mood.com\/"},{"@type":"ListItem","position":2,"name":"Boutique","item":"https:\/\/arabian-mood.com\/boutique\/"},{"@type":"ListItem","position":3,"name":"KERA QUEEN&#8217;S &#8211; Lifting K\u00e9ratine &#038; Nigelle"}]},{"@type":"WebSite","@id":"https:\/\/arabian-mood.com\/#website","url":"https:\/\/arabian-mood.com\/","name":"Atmosfera Araba","description":"","publisher":{"@id":"https:\/\/arabian-mood.com\/#organization"},"potentialAction":[{"@type":"SearchAction","target":{"@type":"EntryPoint","urlTemplate":"https:\/\/arabian-mood.com\/?s={search_term_string}"},"query-input":{"@type":"PropertyValueSpecification","valueRequired":true,"valueName":"search_term_string"}}],"inLanguage":"it-IT"},{"@type":"Organization","@id":"https:\/\/arabian-mood.com\/#organization","name":"Atmosfera Araba","url":"https:\/\/arabian-mood.com\/","logo":{"@type":"ImageObject","inLanguage":"it-IT","@id":"https:\/\/arabian-mood.com\/#\/schema\/logo\/image\/","url":"https:\/\/arabian-mood.com\/wp-content\/uploads\/2024\/09\/Groupe-11304.svg","contentUrl":"https:\/\/arabian-mood.com\/wp-content\/uploads\/2024\/09\/Groupe-11304.svg","width":214,"height":27,"caption":"Arabian Mood"},"image":{"@id":"https:\/\/arabian-mood.com\/#\/schema\/logo\/image\/"},"sameAs":["https:\/\/www.instagram.com\/arabianmoodofficiel\/"]}]}},"_links":{"self":[{"href":"https:\/\/arabian-mood.com\/it\/wp-json\/wp\/v2\/product\/6023","targetHints":{"allow":["GET"]}}],"collection":[{"href":"https:\/\/arabian-mood.com\/it\/wp-json\/wp\/v2\/product"}],"about":[{"href":"https:\/\/arabian-mood.com\/it\/wp-json\/wp\/v2\/types\/product"}],"wp:featuredmedia":[{"embeddable":true,"href":"https:\/\/arabian-mood.com\/it\/wp-json\/wp\/v2\/media\/6024"}],"wp:attachment":[{"href":"https:\/\/arabian-mood.com\/it\/wp-json\/wp\/v2\/media?parent=6023"}],"wp:term":[{"taxonomy":"product_brand","embeddable":true,"href":"https:\/\/arabian-mood.com\/it\/wp-json\/wp\/v2\/product_brand?post=6023"},{"taxonomy":"product_cat","embeddable":true,"href":"https:\/\/arabian-mood.com\/it\/wp-json\/wp\/v2\/product_cat?post=6023"},{"taxonomy":"product_tag","embeddable":true,"href":"https:\/\/arabian-mood.com\/it\/wp-json\/wp\/v2\/product_tag?post=6023"}],"curies":[{"name":"wp","href":"https:\/\/api.w.org\/{rel}","templated":true}]}}