{"id":6120,"date":"2022-11-07T18:44:41","date_gmt":"2022-11-07T17:44:41","guid":{"rendered":"https:\/\/arabian-mood.com\/?post_type=product&#038;p=6120"},"modified":"2025-12-02T12:13:20","modified_gmt":"2025-12-02T11:13:20","slug":"musc-noir","status":"publish","type":"product","link":"https:\/\/arabian-mood.com\/it\/produit\/musc-noir\/","title":{"rendered":"Musc Noir"},"content":{"rendered":"<p>Le <strong>musc noir<\/strong> est un parfum unique qui traverse le temps sans jamais perdre de son charme. Originaire de l\u2019Himalaya, il s\u00e9duit par son odeur profonde et envo\u00fbtante. \u00c0 la fois myst\u00e9rieux et \u00e9l\u00e9gant, il a conquis l\u2019Orient et s\u00e9duit aujourd\u2019hui le monde entier. D\u00e9couvrez ce parfum d\u2019exception et laissez-vous tenter par son irr\u00e9sistible sillage.<\/p>\n<h2>Musc noir : un morceau de l&#8217;histoire pour envelopper votre peau<\/h2>\n<p>Le musc noir n&#8217;est en aucun cas un parfum ordinaire. C&#8217;est en effet un morceau d&#8217;histoire que vous portez sur votre peau. Depuis des mill\u00e9naires, cette senteur rare et pr\u00e9cieuse a embaum\u00e9 les cours royales et les demeures des personnages les plus illustres d&#8217;Orient. Enti\u00e8rement naturel et d&#8217;une puret\u00e9 remarquable, il repr\u00e9sente l&#8217;essence m\u00eame de ce que la nature peut offrir de plus raffin\u00e9.<\/p>\n<p>Ce qui rend le musc noir si sp\u00e9cial, c&#8217;est sa double personnalit\u00e9. \u00c0 la fois puissant et subtil, il d\u00e9ploie des\u00a0<strong>notes profondes et bois\u00e9es<\/strong> qui s&#8217;adoucissent au fil des heures pour r\u00e9v\u00e9ler une chaleur enveloppante. Quelques gouttes suffisent pour vous accompagner toute la journ\u00e9e, voire plusieurs jours sur vos v\u00eatements, tant sa tenue est exceptionnelle.<\/p>\n<h3>Le musc noir vous fait vivre une exp\u00e9rience sensorielle \u00e0 part<\/h3>\n<p>Il vous surprendra tr\u00e8s vite en raison de sa facult\u00e9 \u00e0 \u00e9voluer au fil des heures sur votre peau. Ses premi\u00e8res notes vous transportent d&#8217;abord dans les for\u00eats profondes de l&#8217;Himalaya, puis progressivement, des touches plus douces et vanill\u00e9es \u00e9mergent. Cette symphonie olfactive d&#8217;une rare \u00e9l\u00e9gance ne manquera pas de marquer votre esprit.<\/p>\n<p>Par ailleurs, le musc noir s&#8217;adapte \u00e0 chaque personne. Sur votre peau, il cr\u00e9era une signature unique, comme si le parfum vous choisissait autant que vous le choisissez. Certains y d\u00e9couvriront des\u00a0<strong>notes de cuir<\/strong> et de <strong>bois pr\u00e9cieux<\/strong>, alors que d&#8217;autres y percevront des touches florales ou ambr\u00e9es. Cette personnalisation naturelle en fait ainsi un compagnon de tous les instants.<\/p>\n<p>Son caract\u00e8re et sa senteur forte identifient parfaitement le musc noir. Mais si vous \u00eates plus attir\u00e9 par les\u00a0<strong>parfums doux<\/strong>, le <strong><a href=\"https:\/\/arabian-mood.com\/it\/product\/muschio-bianco\/\">muschio bianco<\/a><\/strong> se pr\u00e9sente \u00e0 l&#8217;oppos\u00e9 en vous offrant une sensation de puret\u00e9 et de propret\u00e9. Vous avez sans doute entendu parler de ce parfum utilis\u00e9 par de nombreuses femmes afin de parfaire leur <strong>hygi\u00e8ne intime<\/strong>.<\/p>\n<h3>Un parfum dot\u00e9 de vertus spirituelles et th\u00e9rapeutiques<\/h3>\n<p>Beaucoup de gens l&#8217;ignorent, mais le musc noir rejoint les nombreux moyens recommand\u00e9s dans la <strong>roqya<\/strong> pour faire <strong>fuir les djinns<\/strong>. Ce terme tir\u00e9 de la langue arabe fait r\u00e9f\u00e9rence \u00e0 des cr\u00e9atures invisibles qui peuvent s&#8217;emparer des humains. Pour se d\u00e9faire de ce mal, il est recommand\u00e9 d&#8217;utiliser cette <strong>huile parfum\u00e9e<\/strong>, car ces mauvais esprits sont attir\u00e9s par les mauvaises odeurs. Or, on ne peut pas d\u00e9finir celle du musc noir de la sorte.<\/p>\n<p>Alors que vous h\u00e9sitez encore, de nombreuses personnes ont d\u00e9j\u00e0 adopt\u00e9 ce parfum au quotidien. Certains s&#8217;en servent pour ses vertus, tandis que d&#8217;autres en ont fait leur signature olfactive. Peu importe, pourvu que chacun y trouve son compte. En tout cas, chez Arabian Mood, nous vous garantissons une qualit\u00e9 premium du musc noir, celle de\u00a0<strong>Surrati<\/strong>, et non pas une version bon march\u00e9 qui vous fera vite regretter votre achat.<\/p>","protected":false},"excerpt":{"rendered":"<p>Olio di muschio<\/p>","protected":false},"featured_media":6121,"template":"","meta":[],"product_brand":[],"product_cat":[435,436],"product_tag":[],"class_list":{"0":"post-6120","1":"product","2":"type-product","3":"status-publish","4":"has-post-thumbnail","6":"product_cat-huile-de-parfum","7":"product_cat-musc-tahara","9":"first","10":"outofstock","11":"taxable","12":"shipping-taxable","13":"purchasable","14":"product-type-simple"},"yoast_head":"<!-- This site is optimized with the Yoast SEO plugin v27.4 - https:\/\/yoast.com\/product\/yoast-seo-wordpress\/ -->\n<title>Musc Noir - Arabian Mood<\/title>\n<meta name=\"description\" content=\"D\u00e9couvrez le musc noir, une huile parfum\u00e9e \u00e0 la fois forte et puissante. Un parfum de caract\u00e8re hors du commun dont on se sert aussi pour faire la roqya.\" \/>\n<meta name=\"robots\" content=\"index, follow, max-snippet:-1, max-image-preview:large, max-video-preview:-1\" \/>\n<link rel=\"canonical\" href=\"https:\/\/arabian-mood.com\/it\/product\/musc-noir\/\" \/>\n<meta property=\"og:locale\" content=\"it_IT\" \/>\n<meta property=\"og:type\" content=\"article\" \/>\n<meta property=\"og:title\" content=\"Musc Noir - Arabian Mood\" \/>\n<meta property=\"og:description\" content=\"D\u00e9couvrez le musc noir, une huile parfum\u00e9e \u00e0 la fois forte et puissante. Un parfum de caract\u00e8re hors du commun dont on se sert aussi pour faire la roqya.\" \/>\n<meta property=\"og:url\" content=\"https:\/\/arabian-mood.com\/it\/product\/musc-noir\/\" \/>\n<meta property=\"og:site_name\" content=\"Arabian Mood\" \/>\n<meta property=\"article:modified_time\" content=\"2025-12-02T11:13:20+00:00\" \/>\n<meta property=\"og:image\" content=\"https:\/\/arabian-mood.com\/wp-content\/uploads\/2022\/11\/Musc-Noir.jpg\" \/>\n\t<meta property=\"og:image:width\" content=\"2293\" \/>\n\t<meta property=\"og:image:height\" content=\"2293\" \/>\n\t<meta property=\"og:image:type\" content=\"image\/jpeg\" \/>\n<meta name=\"twitter:card\" content=\"summary_large_image\" \/>\n<meta name=\"twitter:label1\" content=\"Tempo di lettura stimato\" \/>\n\t<meta name=\"twitter:data1\" content=\"3 minuti\" \/>\n<script type=\"application\/ld+json\" class=\"yoast-schema-graph\">{\"@context\":\"https:\\\/\\\/schema.org\",\"@graph\":[{\"@type\":\"WebPage\",\"@id\":\"https:\\\/\\\/arabian-mood.com\\\/produit\\\/musc-noir\\\/\",\"url\":\"https:\\\/\\\/arabian-mood.com\\\/produit\\\/musc-noir\\\/\",\"name\":\"Musc Noir - Arabian Mood\",\"isPartOf\":{\"@id\":\"https:\\\/\\\/arabian-mood.com\\\/#website\"},\"primaryImageOfPage\":{\"@id\":\"https:\\\/\\\/arabian-mood.com\\\/produit\\\/musc-noir\\\/#primaryimage\"},\"image\":{\"@id\":\"https:\\\/\\\/arabian-mood.com\\\/produit\\\/musc-noir\\\/#primaryimage\"},\"thumbnailUrl\":\"https:\\\/\\\/arabian-mood.com\\\/wp-content\\\/uploads\\\/2022\\\/11\\\/Musc-Noir.jpg\",\"datePublished\":\"2022-11-07T17:44:41+00:00\",\"dateModified\":\"2025-12-02T11:13:20+00:00\",\"description\":\"D\u00e9couvrez le musc noir, une huile parfum\u00e9e \u00e0 la fois forte et puissante. Un parfum de caract\u00e8re hors du commun dont on se sert aussi pour faire la roqya.\",\"breadcrumb\":{\"@id\":\"https:\\\/\\\/arabian-mood.com\\\/produit\\\/musc-noir\\\/#breadcrumb\"},\"inLanguage\":\"it-IT\",\"potentialAction\":[{\"@type\":\"ReadAction\",\"target\":[\"https:\\\/\\\/arabian-mood.com\\\/produit\\\/musc-noir\\\/\"]}]},{\"@type\":\"ImageObject\",\"inLanguage\":\"it-IT\",\"@id\":\"https:\\\/\\\/arabian-mood.com\\\/produit\\\/musc-noir\\\/#primaryimage\",\"url\":\"https:\\\/\\\/arabian-mood.com\\\/wp-content\\\/uploads\\\/2022\\\/11\\\/Musc-Noir.jpg\",\"contentUrl\":\"https:\\\/\\\/arabian-mood.com\\\/wp-content\\\/uploads\\\/2022\\\/11\\\/Musc-Noir.jpg\",\"width\":2293,\"height\":2293,\"caption\":\"arabian-mood.com\"},{\"@type\":\"BreadcrumbList\",\"@id\":\"https:\\\/\\\/arabian-mood.com\\\/produit\\\/musc-noir\\\/#breadcrumb\",\"itemListElement\":[{\"@type\":\"ListItem\",\"position\":1,\"name\":\"Accueil\",\"item\":\"https:\\\/\\\/arabian-mood.com\\\/\"},{\"@type\":\"ListItem\",\"position\":2,\"name\":\"Boutique\",\"item\":\"https:\\\/\\\/arabian-mood.com\\\/boutique\\\/\"},{\"@type\":\"ListItem\",\"position\":3,\"name\":\"Musc Noir\"}]},{\"@type\":\"WebSite\",\"@id\":\"https:\\\/\\\/arabian-mood.com\\\/#website\",\"url\":\"https:\\\/\\\/arabian-mood.com\\\/\",\"name\":\"Arabian Mood\",\"description\":\"\",\"publisher\":{\"@id\":\"https:\\\/\\\/arabian-mood.com\\\/#organization\"},\"potentialAction\":[{\"@type\":\"SearchAction\",\"target\":{\"@type\":\"EntryPoint\",\"urlTemplate\":\"https:\\\/\\\/arabian-mood.com\\\/?s={search_term_string}\"},\"query-input\":{\"@type\":\"PropertyValueSpecification\",\"valueRequired\":true,\"valueName\":\"search_term_string\"}}],\"inLanguage\":\"it-IT\"},{\"@type\":\"Organization\",\"@id\":\"https:\\\/\\\/arabian-mood.com\\\/#organization\",\"name\":\"Arabian Mood\",\"url\":\"https:\\\/\\\/arabian-mood.com\\\/\",\"logo\":{\"@type\":\"ImageObject\",\"inLanguage\":\"it-IT\",\"@id\":\"https:\\\/\\\/arabian-mood.com\\\/#\\\/schema\\\/logo\\\/image\\\/\",\"url\":\"https:\\\/\\\/arabian-mood.com\\\/wp-content\\\/uploads\\\/2024\\\/09\\\/Groupe-11304.svg\",\"contentUrl\":\"https:\\\/\\\/arabian-mood.com\\\/wp-content\\\/uploads\\\/2024\\\/09\\\/Groupe-11304.svg\",\"width\":214,\"height\":27,\"caption\":\"Arabian Mood\"},\"image\":{\"@id\":\"https:\\\/\\\/arabian-mood.com\\\/#\\\/schema\\\/logo\\\/image\\\/\"},\"sameAs\":[\"https:\\\/\\\/www.instagram.com\\\/arabianmoodofficiel\\\/\"]}]}<\/script>\n<!-- \/ Yoast SEO plugin. -->","yoast_head_json":{"title":"Musc Noir - Arabian Mood","description":"D\u00e9couvrez le musc noir, une huile parfum\u00e9e \u00e0 la fois forte et puissante. Un parfum de caract\u00e8re hors du commun dont on se sert aussi pour faire la roqya.","robots":{"index":"index","follow":"follow","max-snippet":"max-snippet:-1","max-image-preview":"max-image-preview:large","max-video-preview":"max-video-preview:-1"},"canonical":"https:\/\/arabian-mood.com\/it\/product\/musc-noir\/","og_locale":"it_IT","og_type":"article","og_title":"Musc Noir - Arabian Mood","og_description":"D\u00e9couvrez le musc noir, une huile parfum\u00e9e \u00e0 la fois forte et puissante. Un parfum de caract\u00e8re hors du commun dont on se sert aussi pour faire la roqya.","og_url":"https:\/\/arabian-mood.com\/it\/product\/musc-noir\/","og_site_name":"Arabian Mood","article_modified_time":"2025-12-02T11:13:20+00:00","og_image":[{"width":2293,"height":2293,"url":"https:\/\/arabian-mood.com\/wp-content\/uploads\/2022\/11\/Musc-Noir.jpg","type":"image\/jpeg"}],"twitter_card":"summary_large_image","twitter_misc":{"Tempo di lettura stimato":"3 minuti"},"schema":{"@context":"https:\/\/schema.org","@graph":[{"@type":"WebPage","@id":"https:\/\/arabian-mood.com\/produit\/musc-noir\/","url":"https:\/\/arabian-mood.com\/produit\/musc-noir\/","name":"Musc Noir - Arabian Mood","isPartOf":{"@id":"https:\/\/arabian-mood.com\/#website"},"primaryImageOfPage":{"@id":"https:\/\/arabian-mood.com\/produit\/musc-noir\/#primaryimage"},"image":{"@id":"https:\/\/arabian-mood.com\/produit\/musc-noir\/#primaryimage"},"thumbnailUrl":"https:\/\/arabian-mood.com\/wp-content\/uploads\/2022\/11\/Musc-Noir.jpg","datePublished":"2022-11-07T17:44:41+00:00","dateModified":"2025-12-02T11:13:20+00:00","description":"D\u00e9couvrez le musc noir, une huile parfum\u00e9e \u00e0 la fois forte et puissante. Un parfum de caract\u00e8re hors du commun dont on se sert aussi pour faire la roqya.","breadcrumb":{"@id":"https:\/\/arabian-mood.com\/produit\/musc-noir\/#breadcrumb"},"inLanguage":"it-IT","potentialAction":[{"@type":"ReadAction","target":["https:\/\/arabian-mood.com\/produit\/musc-noir\/"]}]},{"@type":"ImageObject","inLanguage":"it-IT","@id":"https:\/\/arabian-mood.com\/produit\/musc-noir\/#primaryimage","url":"https:\/\/arabian-mood.com\/wp-content\/uploads\/2022\/11\/Musc-Noir.jpg","contentUrl":"https:\/\/arabian-mood.com\/wp-content\/uploads\/2022\/11\/Musc-Noir.jpg","width":2293,"height":2293,"caption":"arabian-mood.com"},{"@type":"BreadcrumbList","@id":"https:\/\/arabian-mood.com\/produit\/musc-noir\/#breadcrumb","itemListElement":[{"@type":"ListItem","position":1,"name":"Accueil","item":"https:\/\/arabian-mood.com\/"},{"@type":"ListItem","position":2,"name":"Boutique","item":"https:\/\/arabian-mood.com\/boutique\/"},{"@type":"ListItem","position":3,"name":"Musc Noir"}]},{"@type":"WebSite","@id":"https:\/\/arabian-mood.com\/#website","url":"https:\/\/arabian-mood.com\/","name":"Atmosfera Araba","description":"","publisher":{"@id":"https:\/\/arabian-mood.com\/#organization"},"potentialAction":[{"@type":"SearchAction","target":{"@type":"EntryPoint","urlTemplate":"https:\/\/arabian-mood.com\/?s={search_term_string}"},"query-input":{"@type":"PropertyValueSpecification","valueRequired":true,"valueName":"search_term_string"}}],"inLanguage":"it-IT"},{"@type":"Organization","@id":"https:\/\/arabian-mood.com\/#organization","name":"Atmosfera Araba","url":"https:\/\/arabian-mood.com\/","logo":{"@type":"ImageObject","inLanguage":"it-IT","@id":"https:\/\/arabian-mood.com\/#\/schema\/logo\/image\/","url":"https:\/\/arabian-mood.com\/wp-content\/uploads\/2024\/09\/Groupe-11304.svg","contentUrl":"https:\/\/arabian-mood.com\/wp-content\/uploads\/2024\/09\/Groupe-11304.svg","width":214,"height":27,"caption":"Arabian Mood"},"image":{"@id":"https:\/\/arabian-mood.com\/#\/schema\/logo\/image\/"},"sameAs":["https:\/\/www.instagram.com\/arabianmoodofficiel\/"]}]}},"_links":{"self":[{"href":"https:\/\/arabian-mood.com\/it\/wp-json\/wp\/v2\/product\/6120","targetHints":{"allow":["GET"]}}],"collection":[{"href":"https:\/\/arabian-mood.com\/it\/wp-json\/wp\/v2\/product"}],"about":[{"href":"https:\/\/arabian-mood.com\/it\/wp-json\/wp\/v2\/types\/product"}],"wp:featuredmedia":[{"embeddable":true,"href":"https:\/\/arabian-mood.com\/it\/wp-json\/wp\/v2\/media\/6121"}],"wp:attachment":[{"href":"https:\/\/arabian-mood.com\/it\/wp-json\/wp\/v2\/media?parent=6120"}],"wp:term":[{"taxonomy":"product_brand","embeddable":true,"href":"https:\/\/arabian-mood.com\/it\/wp-json\/wp\/v2\/product_brand?post=6120"},{"taxonomy":"product_cat","embeddable":true,"href":"https:\/\/arabian-mood.com\/it\/wp-json\/wp\/v2\/product_cat?post=6120"},{"taxonomy":"product_tag","embeddable":true,"href":"https:\/\/arabian-mood.com\/it\/wp-json\/wp\/v2\/product_tag?post=6120"}],"curies":[{"name":"wp","href":"https:\/\/api.w.org\/{rel}","templated":true}]}}