{"id":7875,"date":"2024-03-29T12:45:54","date_gmt":"2024-03-29T11:45:54","guid":{"rendered":"https:\/\/arabian-mood.com\/produit\/noix-de-pecan-chocolat-blanc\/"},"modified":"2026-04-24T12:53:19","modified_gmt":"2026-04-24T10:53:19","slug":"noix-de-pecan-chocolat-blanc","status":"publish","type":"product","link":"https:\/\/arabian-mood.com\/it\/produit\/noix-de-pecan-chocolat-blanc\/","title":{"rendered":"Noix de p\u00e9can chocolat blanc"},"content":{"rendered":"<p>\u00c0 la recherche d&#8217;une douceur qui sort de l&#8217;ordinaire ? Nos <strong>noix de p\u00e9can chocolat blanc<\/strong> vous font d\u00e9couvrir un univers de d\u00e9licatesse et de raffinement. Cette friandise, disponible sur <strong>arabian-mood.com<\/strong>, marie la subtilit\u00e9 du chocolat blanc \u00e0 la richesse des noix s\u00e9lectionn\u00e9es avec soin.<\/p>\n<h2>Noix de p\u00e9can chocolat blanc : une v\u00e9ritable explosion de saveurs<\/h2>\n<p>D\u00e8s la premi\u00e8re bouch\u00e9e, d\u00e9couvrez une harmonie parfaite. La douceur cr\u00e9meuse du chocolat fond d\u00e9licatement sur la langue, r\u00e9v\u00e9lant progressivement la saveur subtile et le croquant irr\u00e9sistible de la noix de p\u00e9can. Une exp\u00e9rience gustative qui vous transportera dans un moment de pur plaisir. Votre palais n&#8217;est pas pr\u00eat d&#8217;oublier cette friandise.<\/p>\n<p>Par ailleurs, nos\u00a0<strong>noix de p\u00e9can enrob\u00e9es<\/strong> sont issues de fermes r\u00e9put\u00e9es pour leur excellence, tandis que notre chocolat est \u00e9labor\u00e9 \u00e0 partir d&#8217;ingr\u00e9dients rigoureusement s\u00e9lectionn\u00e9s. Cette combinaison d&#8217;ingr\u00e9dients premium garantit ainsi une exp\u00e9rience gustative exceptionnelle \u00e0 chaque d\u00e9gustation.<\/p>\n<h3>Noix de p\u00e9can chocolat blanc : le cadeau parfait<\/h3>\n<p>Offrez ou offrez-vous ces d\u00e9licieuses <strong>friandises<\/strong> pour un <strong>moment cocooning<\/strong> devant votre s\u00e9rie pr\u00e9f\u00e9r\u00e9e. Ce produit pr\u00e9sente \u00e9galement d&#8217;autres possibilit\u00e9s. Par exemple, il est tout \u00e0 fait possible de s&#8217;en servir pour apporter une touche d&#8217;\u00e9l\u00e9gance lors de vos r\u00e9ceptions. Vous cherchez \u00e0 offrir un cadeau raffin\u00e9 ? Il devrait impressionner vos proches.<\/p>\n<p>Sur notre site, vous avez la possibilit\u00e9 de choisir parmi plusieurs go\u00fbts diff\u00e9rents. Les\u00a0<a href=\"https:\/\/arabian-mood.com\/it\/product\/noix-de-pecan-caramelise\/\"><strong>noix de p\u00e9can caram\u00e9lis\u00e9es<\/strong><\/a>, mais aussi celles au <strong>chocolat au lait<\/strong> vous attendent. Pour stimuler encore davantage votre palais, succombez \u00e0 la tentation des <strong>noix de p\u00e9can mix<\/strong>. Du format 100g adapt\u00e9 aux petites envies au 500g pour les plus gourmands et les familles, tout y est pour r\u00e9pondre aux <strong>envies sucr\u00e9es<\/strong> de chacun.<\/p>\n<h3>Commandez-les ici\u00a0!<\/h3>\n<p>Offrez-vous donc un moment de pure gourmandise en d\u00e9couvrant cet en-cas sur arabian-mood.com. Une friandise raffin\u00e9e qui saura enchanter les palais les plus exigeants. Nos noix de p\u00e9can chocolat blanc sont si d\u00e9licieuses que vous d\u00e9velopperez tr\u00e8s vite une addiction.<\/p>","protected":false},"excerpt":{"rendered":"<p>SAVEUR CHOCOLAT BLANC<\/p>","protected":false},"featured_media":7782,"template":"","meta":[],"product_brand":[],"product_cat":[573,550],"product_tag":[],"class_list":{"0":"post-7875","1":"product","2":"type-product","3":"status-publish","4":"has-post-thumbnail","6":"product_cat-gourmandise","7":"product_cat-noix-de-pecan-dubai","9":"first","10":"instock","11":"purchasable","12":"product-type-variable"},"yoast_head":"<!-- This site is optimized with the Yoast SEO plugin v27.6 - https:\/\/yoast.com\/product\/yoast-seo-wordpress\/ -->\n<title>Noix de p\u00e9can chocolat blanc | Made In Duba\u00ef<\/title>\n<meta name=\"description\" content=\"D\u00e9couvrez nos noix de p\u00e9can chocolat blanc, des d\u00e9licieuses friandises raffin\u00e9es qui vous feront oublier les sucreries industrielles !\" \/>\n<meta name=\"robots\" content=\"index, follow, max-snippet:-1, max-image-preview:large, max-video-preview:-1\" \/>\n<link rel=\"canonical\" href=\"https:\/\/arabian-mood.com\/it\/product\/noix-de-pecan-chocolat-blanc\/\" \/>\n<meta property=\"og:locale\" content=\"it_IT\" \/>\n<meta property=\"og:type\" content=\"article\" \/>\n<meta property=\"og:title\" content=\"Noix de p\u00e9can chocolat blanc | Made In Duba\u00ef\" \/>\n<meta property=\"og:description\" content=\"D\u00e9couvrez nos noix de p\u00e9can chocolat blanc, des d\u00e9licieuses friandises raffin\u00e9es qui vous feront oublier les sucreries industrielles !\" \/>\n<meta property=\"og:url\" content=\"https:\/\/arabian-mood.com\/it\/product\/noix-de-pecan-chocolat-blanc\/\" \/>\n<meta property=\"og:site_name\" content=\"Arabian Mood\" \/>\n<meta property=\"article:modified_time\" content=\"2026-04-24T10:53:19+00:00\" \/>\n<meta property=\"og:image\" content=\"https:\/\/arabian-mood.com\/wp-content\/uploads\/2024\/03\/noix-de-pecan-chocolat-blanc.png\" \/>\n\t<meta property=\"og:image:width\" content=\"900\" \/>\n\t<meta property=\"og:image:height\" content=\"900\" \/>\n\t<meta property=\"og:image:type\" content=\"image\/png\" \/>\n<meta name=\"twitter:card\" content=\"summary_large_image\" \/>\n<meta name=\"twitter:label1\" content=\"Tempo di lettura stimato\" \/>\n\t<meta name=\"twitter:data1\" content=\"2 minuti\" \/>\n<script type=\"application\/ld+json\" class=\"yoast-schema-graph\">{\"@context\":\"https:\\\/\\\/schema.org\",\"@graph\":[{\"@type\":\"WebPage\",\"@id\":\"https:\\\/\\\/arabian-mood.com\\\/produit\\\/noix-de-pecan-chocolat-blanc\\\/\",\"url\":\"https:\\\/\\\/arabian-mood.com\\\/produit\\\/noix-de-pecan-chocolat-blanc\\\/\",\"name\":\"Noix de p\u00e9can chocolat blanc | Made In Duba\u00ef\",\"isPartOf\":{\"@id\":\"https:\\\/\\\/arabian-mood.com\\\/#website\"},\"primaryImageOfPage\":{\"@id\":\"https:\\\/\\\/arabian-mood.com\\\/produit\\\/noix-de-pecan-chocolat-blanc\\\/#primaryimage\"},\"image\":{\"@id\":\"https:\\\/\\\/arabian-mood.com\\\/produit\\\/noix-de-pecan-chocolat-blanc\\\/#primaryimage\"},\"thumbnailUrl\":\"https:\\\/\\\/arabian-mood.com\\\/wp-content\\\/uploads\\\/2024\\\/03\\\/noix-de-pecan-chocolat-blanc.png\",\"datePublished\":\"2024-03-29T11:45:54+00:00\",\"dateModified\":\"2026-04-24T10:53:19+00:00\",\"description\":\"D\u00e9couvrez nos noix de p\u00e9can chocolat blanc, des d\u00e9licieuses friandises raffin\u00e9es qui vous feront oublier les sucreries industrielles !\",\"breadcrumb\":{\"@id\":\"https:\\\/\\\/arabian-mood.com\\\/produit\\\/noix-de-pecan-chocolat-blanc\\\/#breadcrumb\"},\"inLanguage\":\"it-IT\",\"potentialAction\":[{\"@type\":\"ReadAction\",\"target\":[\"https:\\\/\\\/arabian-mood.com\\\/produit\\\/noix-de-pecan-chocolat-blanc\\\/\"]}]},{\"@type\":\"ImageObject\",\"inLanguage\":\"it-IT\",\"@id\":\"https:\\\/\\\/arabian-mood.com\\\/produit\\\/noix-de-pecan-chocolat-blanc\\\/#primaryimage\",\"url\":\"https:\\\/\\\/arabian-mood.com\\\/wp-content\\\/uploads\\\/2024\\\/03\\\/noix-de-pecan-chocolat-blanc.png\",\"contentUrl\":\"https:\\\/\\\/arabian-mood.com\\\/wp-content\\\/uploads\\\/2024\\\/03\\\/noix-de-pecan-chocolat-blanc.png\",\"width\":900,\"height\":900,\"caption\":\"noix de p\u00e9can chocolat blanc\"},{\"@type\":\"BreadcrumbList\",\"@id\":\"https:\\\/\\\/arabian-mood.com\\\/produit\\\/noix-de-pecan-chocolat-blanc\\\/#breadcrumb\",\"itemListElement\":[{\"@type\":\"ListItem\",\"position\":1,\"name\":\"Accueil\",\"item\":\"https:\\\/\\\/arabian-mood.com\\\/\"},{\"@type\":\"ListItem\",\"position\":2,\"name\":\"Boutique\",\"item\":\"https:\\\/\\\/arabian-mood.com\\\/boutique\\\/\"},{\"@type\":\"ListItem\",\"position\":3,\"name\":\"Noix de p\u00e9can chocolat blanc\"}]},{\"@type\":\"WebSite\",\"@id\":\"https:\\\/\\\/arabian-mood.com\\\/#website\",\"url\":\"https:\\\/\\\/arabian-mood.com\\\/\",\"name\":\"Arabian Mood\",\"description\":\"\",\"publisher\":{\"@id\":\"https:\\\/\\\/arabian-mood.com\\\/#organization\"},\"potentialAction\":[{\"@type\":\"SearchAction\",\"target\":{\"@type\":\"EntryPoint\",\"urlTemplate\":\"https:\\\/\\\/arabian-mood.com\\\/?s={search_term_string}\"},\"query-input\":{\"@type\":\"PropertyValueSpecification\",\"valueRequired\":true,\"valueName\":\"search_term_string\"}}],\"inLanguage\":\"it-IT\"},{\"@type\":\"Organization\",\"@id\":\"https:\\\/\\\/arabian-mood.com\\\/#organization\",\"name\":\"Arabian Mood\",\"url\":\"https:\\\/\\\/arabian-mood.com\\\/\",\"logo\":{\"@type\":\"ImageObject\",\"inLanguage\":\"it-IT\",\"@id\":\"https:\\\/\\\/arabian-mood.com\\\/#\\\/schema\\\/logo\\\/image\\\/\",\"url\":\"https:\\\/\\\/arabian-mood.com\\\/wp-content\\\/uploads\\\/2024\\\/09\\\/Groupe-11304.svg\",\"contentUrl\":\"https:\\\/\\\/arabian-mood.com\\\/wp-content\\\/uploads\\\/2024\\\/09\\\/Groupe-11304.svg\",\"width\":214,\"height\":27,\"caption\":\"Arabian Mood\"},\"image\":{\"@id\":\"https:\\\/\\\/arabian-mood.com\\\/#\\\/schema\\\/logo\\\/image\\\/\"},\"sameAs\":[\"https:\\\/\\\/www.instagram.com\\\/arabianmoodofficiel\\\/\"]}]}<\/script>\n<!-- \/ Yoast SEO plugin. -->","yoast_head_json":{"title":"Noix de p\u00e9can chocolat blanc | Made In Duba\u00ef","description":"D\u00e9couvrez nos noix de p\u00e9can chocolat blanc, des d\u00e9licieuses friandises raffin\u00e9es qui vous feront oublier les sucreries industrielles !","robots":{"index":"index","follow":"follow","max-snippet":"max-snippet:-1","max-image-preview":"max-image-preview:large","max-video-preview":"max-video-preview:-1"},"canonical":"https:\/\/arabian-mood.com\/it\/product\/noix-de-pecan-chocolat-blanc\/","og_locale":"it_IT","og_type":"article","og_title":"Noix de p\u00e9can chocolat blanc | Made In Duba\u00ef","og_description":"D\u00e9couvrez nos noix de p\u00e9can chocolat blanc, des d\u00e9licieuses friandises raffin\u00e9es qui vous feront oublier les sucreries industrielles !","og_url":"https:\/\/arabian-mood.com\/it\/product\/noix-de-pecan-chocolat-blanc\/","og_site_name":"Arabian Mood","article_modified_time":"2026-04-24T10:53:19+00:00","og_image":[{"width":900,"height":900,"url":"https:\/\/arabian-mood.com\/wp-content\/uploads\/2024\/03\/noix-de-pecan-chocolat-blanc.png","type":"image\/png"}],"twitter_card":"summary_large_image","twitter_misc":{"Tempo di lettura stimato":"2 minuti"},"schema":{"@context":"https:\/\/schema.org","@graph":[{"@type":"WebPage","@id":"https:\/\/arabian-mood.com\/produit\/noix-de-pecan-chocolat-blanc\/","url":"https:\/\/arabian-mood.com\/produit\/noix-de-pecan-chocolat-blanc\/","name":"Noix de p\u00e9can chocolat blanc | Made In Duba\u00ef","isPartOf":{"@id":"https:\/\/arabian-mood.com\/#website"},"primaryImageOfPage":{"@id":"https:\/\/arabian-mood.com\/produit\/noix-de-pecan-chocolat-blanc\/#primaryimage"},"image":{"@id":"https:\/\/arabian-mood.com\/produit\/noix-de-pecan-chocolat-blanc\/#primaryimage"},"thumbnailUrl":"https:\/\/arabian-mood.com\/wp-content\/uploads\/2024\/03\/noix-de-pecan-chocolat-blanc.png","datePublished":"2024-03-29T11:45:54+00:00","dateModified":"2026-04-24T10:53:19+00:00","description":"D\u00e9couvrez nos noix de p\u00e9can chocolat blanc, des d\u00e9licieuses friandises raffin\u00e9es qui vous feront oublier les sucreries industrielles !","breadcrumb":{"@id":"https:\/\/arabian-mood.com\/produit\/noix-de-pecan-chocolat-blanc\/#breadcrumb"},"inLanguage":"it-IT","potentialAction":[{"@type":"ReadAction","target":["https:\/\/arabian-mood.com\/produit\/noix-de-pecan-chocolat-blanc\/"]}]},{"@type":"ImageObject","inLanguage":"it-IT","@id":"https:\/\/arabian-mood.com\/produit\/noix-de-pecan-chocolat-blanc\/#primaryimage","url":"https:\/\/arabian-mood.com\/wp-content\/uploads\/2024\/03\/noix-de-pecan-chocolat-blanc.png","contentUrl":"https:\/\/arabian-mood.com\/wp-content\/uploads\/2024\/03\/noix-de-pecan-chocolat-blanc.png","width":900,"height":900,"caption":"noix de p\u00e9can chocolat blanc"},{"@type":"BreadcrumbList","@id":"https:\/\/arabian-mood.com\/produit\/noix-de-pecan-chocolat-blanc\/#breadcrumb","itemListElement":[{"@type":"ListItem","position":1,"name":"Accueil","item":"https:\/\/arabian-mood.com\/"},{"@type":"ListItem","position":2,"name":"Boutique","item":"https:\/\/arabian-mood.com\/boutique\/"},{"@type":"ListItem","position":3,"name":"Noix de p\u00e9can chocolat blanc"}]},{"@type":"WebSite","@id":"https:\/\/arabian-mood.com\/#website","url":"https:\/\/arabian-mood.com\/","name":"Atmosfera Araba","description":"","publisher":{"@id":"https:\/\/arabian-mood.com\/#organization"},"potentialAction":[{"@type":"SearchAction","target":{"@type":"EntryPoint","urlTemplate":"https:\/\/arabian-mood.com\/?s={search_term_string}"},"query-input":{"@type":"PropertyValueSpecification","valueRequired":true,"valueName":"search_term_string"}}],"inLanguage":"it-IT"},{"@type":"Organization","@id":"https:\/\/arabian-mood.com\/#organization","name":"Atmosfera Araba","url":"https:\/\/arabian-mood.com\/","logo":{"@type":"ImageObject","inLanguage":"it-IT","@id":"https:\/\/arabian-mood.com\/#\/schema\/logo\/image\/","url":"https:\/\/arabian-mood.com\/wp-content\/uploads\/2024\/09\/Groupe-11304.svg","contentUrl":"https:\/\/arabian-mood.com\/wp-content\/uploads\/2024\/09\/Groupe-11304.svg","width":214,"height":27,"caption":"Arabian Mood"},"image":{"@id":"https:\/\/arabian-mood.com\/#\/schema\/logo\/image\/"},"sameAs":["https:\/\/www.instagram.com\/arabianmoodofficiel\/"]}]}},"_links":{"self":[{"href":"https:\/\/arabian-mood.com\/it\/wp-json\/wp\/v2\/product\/7875","targetHints":{"allow":["GET"]}}],"collection":[{"href":"https:\/\/arabian-mood.com\/it\/wp-json\/wp\/v2\/product"}],"about":[{"href":"https:\/\/arabian-mood.com\/it\/wp-json\/wp\/v2\/types\/product"}],"wp:featuredmedia":[{"embeddable":true,"href":"https:\/\/arabian-mood.com\/it\/wp-json\/wp\/v2\/media\/7782"}],"wp:attachment":[{"href":"https:\/\/arabian-mood.com\/it\/wp-json\/wp\/v2\/media?parent=7875"}],"wp:term":[{"taxonomy":"product_brand","embeddable":true,"href":"https:\/\/arabian-mood.com\/it\/wp-json\/wp\/v2\/product_brand?post=7875"},{"taxonomy":"product_cat","embeddable":true,"href":"https:\/\/arabian-mood.com\/it\/wp-json\/wp\/v2\/product_cat?post=7875"},{"taxonomy":"product_tag","embeddable":true,"href":"https:\/\/arabian-mood.com\/it\/wp-json\/wp\/v2\/product_tag?post=7875"}],"curies":[{"name":"wp","href":"https:\/\/api.w.org\/{rel}","templated":true}]}}