{"id":7951,"date":"2024-03-29T12:24:14","date_gmt":"2024-03-29T11:24:14","guid":{"rendered":"https:\/\/arabian-mood.com\/?post_type=product&#038;p=7951"},"modified":"2026-01-20T13:36:01","modified_gmt":"2026-01-20T12:36:01","slug":"sharaf-parfum","status":"publish","type":"product","link":"https:\/\/arabian-mood.com\/it\/produit\/sharaf-parfum\/","title":{"rendered":"Sharaf"},"content":{"rendered":"<p>Sharaf \u00a0&#8211; Un ar\u00f4me riche et captivant, ce parfum est parfait pour tous ceux qui veulent se sentir sophistiqu\u00e9s et s\u00e9duisants. Ce m\u00e9lange exquis s&#8217;ouvre sur des notes \u00a0de muscade et de datte se m\u00e9langeant en douceur avec le c\u0153ur floral doux et une riche base orientale de bois et de musc , cr\u00e9ant un parfum qui laissera une impression durable.<\/p>","protected":false},"excerpt":{"rendered":"<p><strong>NOTE DE T\u00caTE<\/strong><br \/>\nNoix de muscade &#8211; Safran &#8211; Dattes<\/p>\n<p><strong>NOTE DE COEUR<\/strong><br \/>\nVanille &#8211; Praline &#8211; Tuberose<\/p>\n<p><strong>NOTE DE FOND<\/strong><\/p>\n<p>F\u00e8ve de Tonka &#8211; Benzoine &#8211; Bois d&#8217;ambre &#8211; Musc<\/p>","protected":false},"featured_media":7953,"template":"","meta":[],"product_brand":[],"product_cat":[591],"product_tag":[],"class_list":{"0":"post-7951","1":"product","2":"type-product","3":"status-publish","4":"has-post-thumbnail","6":"product_cat-rupture-de-stock","8":"first","9":"outofstock","10":"taxable","11":"shipping-taxable","12":"purchasable","13":"product-type-simple"},"yoast_head":"<!-- This site is optimized with the Yoast SEO plugin v27.4 - https:\/\/yoast.com\/product\/yoast-seo-wordpress\/ -->\n<title>Sharaf - Arabian Mood<\/title>\n<meta name=\"robots\" content=\"index, follow, max-snippet:-1, max-image-preview:large, max-video-preview:-1\" \/>\n<link rel=\"canonical\" href=\"https:\/\/arabian-mood.com\/it\/product\/sharaf-parfum\/\" \/>\n<meta property=\"og:locale\" content=\"it_IT\" \/>\n<meta property=\"og:type\" content=\"article\" \/>\n<meta property=\"og:title\" content=\"Sharaf - Arabian Mood\" \/>\n<meta property=\"og:description\" content=\"NOTE DE T\u00caTE Noix de muscade - Safran - Dattes  NOTE DE COEUR Vanille - Praline - Tuberose  NOTE DE FOND  F\u00e8ve de Tonka - Benzoine - Bois d&#039;ambre - Musc\" \/>\n<meta property=\"og:url\" content=\"https:\/\/arabian-mood.com\/it\/product\/sharaf-parfum\/\" \/>\n<meta property=\"og:site_name\" content=\"Arabian Mood\" \/>\n<meta property=\"article:modified_time\" content=\"2026-01-20T12:36:01+00:00\" \/>\n<meta property=\"og:image\" content=\"https:\/\/arabian-mood.com\/wp-content\/uploads\/2024\/04\/sharaf.png\" \/>\n\t<meta property=\"og:image:width\" content=\"900\" \/>\n\t<meta property=\"og:image:height\" content=\"900\" \/>\n\t<meta property=\"og:image:type\" content=\"image\/png\" \/>\n<meta name=\"twitter:card\" content=\"summary_large_image\" \/>\n<script type=\"application\/ld+json\" class=\"yoast-schema-graph\">{\"@context\":\"https:\\\/\\\/schema.org\",\"@graph\":[{\"@type\":\"WebPage\",\"@id\":\"https:\\\/\\\/arabian-mood.com\\\/produit\\\/sharaf-parfum\\\/\",\"url\":\"https:\\\/\\\/arabian-mood.com\\\/produit\\\/sharaf-parfum\\\/\",\"name\":\"Sharaf - Arabian Mood\",\"isPartOf\":{\"@id\":\"https:\\\/\\\/arabian-mood.com\\\/#website\"},\"primaryImageOfPage\":{\"@id\":\"https:\\\/\\\/arabian-mood.com\\\/produit\\\/sharaf-parfum\\\/#primaryimage\"},\"image\":{\"@id\":\"https:\\\/\\\/arabian-mood.com\\\/produit\\\/sharaf-parfum\\\/#primaryimage\"},\"thumbnailUrl\":\"https:\\\/\\\/arabian-mood.com\\\/wp-content\\\/uploads\\\/2024\\\/04\\\/sharaf.png\",\"datePublished\":\"2024-03-29T11:24:14+00:00\",\"dateModified\":\"2026-01-20T12:36:01+00:00\",\"breadcrumb\":{\"@id\":\"https:\\\/\\\/arabian-mood.com\\\/produit\\\/sharaf-parfum\\\/#breadcrumb\"},\"inLanguage\":\"it-IT\",\"potentialAction\":[{\"@type\":\"ReadAction\",\"target\":[\"https:\\\/\\\/arabian-mood.com\\\/produit\\\/sharaf-parfum\\\/\"]}]},{\"@type\":\"ImageObject\",\"inLanguage\":\"it-IT\",\"@id\":\"https:\\\/\\\/arabian-mood.com\\\/produit\\\/sharaf-parfum\\\/#primaryimage\",\"url\":\"https:\\\/\\\/arabian-mood.com\\\/wp-content\\\/uploads\\\/2024\\\/04\\\/sharaf.png\",\"contentUrl\":\"https:\\\/\\\/arabian-mood.com\\\/wp-content\\\/uploads\\\/2024\\\/04\\\/sharaf.png\",\"width\":900,\"height\":900},{\"@type\":\"BreadcrumbList\",\"@id\":\"https:\\\/\\\/arabian-mood.com\\\/produit\\\/sharaf-parfum\\\/#breadcrumb\",\"itemListElement\":[{\"@type\":\"ListItem\",\"position\":1,\"name\":\"Accueil\",\"item\":\"https:\\\/\\\/arabian-mood.com\\\/\"},{\"@type\":\"ListItem\",\"position\":2,\"name\":\"Boutique\",\"item\":\"https:\\\/\\\/arabian-mood.com\\\/boutique\\\/\"},{\"@type\":\"ListItem\",\"position\":3,\"name\":\"Sharaf\"}]},{\"@type\":\"WebSite\",\"@id\":\"https:\\\/\\\/arabian-mood.com\\\/#website\",\"url\":\"https:\\\/\\\/arabian-mood.com\\\/\",\"name\":\"Arabian Mood\",\"description\":\"\",\"publisher\":{\"@id\":\"https:\\\/\\\/arabian-mood.com\\\/#organization\"},\"potentialAction\":[{\"@type\":\"SearchAction\",\"target\":{\"@type\":\"EntryPoint\",\"urlTemplate\":\"https:\\\/\\\/arabian-mood.com\\\/?s={search_term_string}\"},\"query-input\":{\"@type\":\"PropertyValueSpecification\",\"valueRequired\":true,\"valueName\":\"search_term_string\"}}],\"inLanguage\":\"it-IT\"},{\"@type\":\"Organization\",\"@id\":\"https:\\\/\\\/arabian-mood.com\\\/#organization\",\"name\":\"Arabian Mood\",\"url\":\"https:\\\/\\\/arabian-mood.com\\\/\",\"logo\":{\"@type\":\"ImageObject\",\"inLanguage\":\"it-IT\",\"@id\":\"https:\\\/\\\/arabian-mood.com\\\/#\\\/schema\\\/logo\\\/image\\\/\",\"url\":\"https:\\\/\\\/arabian-mood.com\\\/wp-content\\\/uploads\\\/2024\\\/09\\\/Groupe-11304.svg\",\"contentUrl\":\"https:\\\/\\\/arabian-mood.com\\\/wp-content\\\/uploads\\\/2024\\\/09\\\/Groupe-11304.svg\",\"width\":214,\"height\":27,\"caption\":\"Arabian Mood\"},\"image\":{\"@id\":\"https:\\\/\\\/arabian-mood.com\\\/#\\\/schema\\\/logo\\\/image\\\/\"},\"sameAs\":[\"https:\\\/\\\/www.instagram.com\\\/arabianmoodofficiel\\\/\"]}]}<\/script>\n<!-- \/ Yoast SEO plugin. -->","yoast_head_json":{"title":"Sharaf - Arabian Mood","robots":{"index":"index","follow":"follow","max-snippet":"max-snippet:-1","max-image-preview":"max-image-preview:large","max-video-preview":"max-video-preview:-1"},"canonical":"https:\/\/arabian-mood.com\/it\/product\/sharaf-parfum\/","og_locale":"it_IT","og_type":"article","og_title":"Sharaf - Arabian Mood","og_description":"NOTE DE T\u00caTE Noix de muscade - Safran - Dattes  NOTE DE COEUR Vanille - Praline - Tuberose  NOTE DE FOND  F\u00e8ve de Tonka - Benzoine - Bois d'ambre - Musc","og_url":"https:\/\/arabian-mood.com\/it\/product\/sharaf-parfum\/","og_site_name":"Arabian Mood","article_modified_time":"2026-01-20T12:36:01+00:00","og_image":[{"width":900,"height":900,"url":"https:\/\/arabian-mood.com\/wp-content\/uploads\/2024\/04\/sharaf.png","type":"image\/png"}],"twitter_card":"summary_large_image","schema":{"@context":"https:\/\/schema.org","@graph":[{"@type":"WebPage","@id":"https:\/\/arabian-mood.com\/produit\/sharaf-parfum\/","url":"https:\/\/arabian-mood.com\/produit\/sharaf-parfum\/","name":"Sharaf - Arabian Mood","isPartOf":{"@id":"https:\/\/arabian-mood.com\/#website"},"primaryImageOfPage":{"@id":"https:\/\/arabian-mood.com\/produit\/sharaf-parfum\/#primaryimage"},"image":{"@id":"https:\/\/arabian-mood.com\/produit\/sharaf-parfum\/#primaryimage"},"thumbnailUrl":"https:\/\/arabian-mood.com\/wp-content\/uploads\/2024\/04\/sharaf.png","datePublished":"2024-03-29T11:24:14+00:00","dateModified":"2026-01-20T12:36:01+00:00","breadcrumb":{"@id":"https:\/\/arabian-mood.com\/produit\/sharaf-parfum\/#breadcrumb"},"inLanguage":"it-IT","potentialAction":[{"@type":"ReadAction","target":["https:\/\/arabian-mood.com\/produit\/sharaf-parfum\/"]}]},{"@type":"ImageObject","inLanguage":"it-IT","@id":"https:\/\/arabian-mood.com\/produit\/sharaf-parfum\/#primaryimage","url":"https:\/\/arabian-mood.com\/wp-content\/uploads\/2024\/04\/sharaf.png","contentUrl":"https:\/\/arabian-mood.com\/wp-content\/uploads\/2024\/04\/sharaf.png","width":900,"height":900},{"@type":"BreadcrumbList","@id":"https:\/\/arabian-mood.com\/produit\/sharaf-parfum\/#breadcrumb","itemListElement":[{"@type":"ListItem","position":1,"name":"Accueil","item":"https:\/\/arabian-mood.com\/"},{"@type":"ListItem","position":2,"name":"Boutique","item":"https:\/\/arabian-mood.com\/boutique\/"},{"@type":"ListItem","position":3,"name":"Sharaf"}]},{"@type":"WebSite","@id":"https:\/\/arabian-mood.com\/#website","url":"https:\/\/arabian-mood.com\/","name":"Atmosfera Araba","description":"","publisher":{"@id":"https:\/\/arabian-mood.com\/#organization"},"potentialAction":[{"@type":"SearchAction","target":{"@type":"EntryPoint","urlTemplate":"https:\/\/arabian-mood.com\/?s={search_term_string}"},"query-input":{"@type":"PropertyValueSpecification","valueRequired":true,"valueName":"search_term_string"}}],"inLanguage":"it-IT"},{"@type":"Organization","@id":"https:\/\/arabian-mood.com\/#organization","name":"Atmosfera Araba","url":"https:\/\/arabian-mood.com\/","logo":{"@type":"ImageObject","inLanguage":"it-IT","@id":"https:\/\/arabian-mood.com\/#\/schema\/logo\/image\/","url":"https:\/\/arabian-mood.com\/wp-content\/uploads\/2024\/09\/Groupe-11304.svg","contentUrl":"https:\/\/arabian-mood.com\/wp-content\/uploads\/2024\/09\/Groupe-11304.svg","width":214,"height":27,"caption":"Arabian Mood"},"image":{"@id":"https:\/\/arabian-mood.com\/#\/schema\/logo\/image\/"},"sameAs":["https:\/\/www.instagram.com\/arabianmoodofficiel\/"]}]}},"_links":{"self":[{"href":"https:\/\/arabian-mood.com\/it\/wp-json\/wp\/v2\/product\/7951","targetHints":{"allow":["GET"]}}],"collection":[{"href":"https:\/\/arabian-mood.com\/it\/wp-json\/wp\/v2\/product"}],"about":[{"href":"https:\/\/arabian-mood.com\/it\/wp-json\/wp\/v2\/types\/product"}],"wp:featuredmedia":[{"embeddable":true,"href":"https:\/\/arabian-mood.com\/it\/wp-json\/wp\/v2\/media\/7953"}],"wp:attachment":[{"href":"https:\/\/arabian-mood.com\/it\/wp-json\/wp\/v2\/media?parent=7951"}],"wp:term":[{"taxonomy":"product_brand","embeddable":true,"href":"https:\/\/arabian-mood.com\/it\/wp-json\/wp\/v2\/product_brand?post=7951"},{"taxonomy":"product_cat","embeddable":true,"href":"https:\/\/arabian-mood.com\/it\/wp-json\/wp\/v2\/product_cat?post=7951"},{"taxonomy":"product_tag","embeddable":true,"href":"https:\/\/arabian-mood.com\/it\/wp-json\/wp\/v2\/product_tag?post=7951"}],"curies":[{"name":"wp","href":"https:\/\/api.w.org\/{rel}","templated":true}]}}