{"id":10469,"date":"2026-01-25T08:48:45","date_gmt":"2026-01-25T07:48:45","guid":{"rendered":"https:\/\/arabian-mood.com\/?post_type=product&#038;p=10469"},"modified":"2026-01-25T08:54:07","modified_gmt":"2026-01-25T07:54:07","slug":"eau-de-parfum-hawas-viper-100-ml-rasasi","status":"publish","type":"product","link":"https:\/\/arabian-mood.com\/nl\/produit\/eau-de-parfum-hawas-viper-100-ml-rasasi\/","title":{"rendered":"Eau de parfum Hawas Viper 100 ml \u2013 Rasasi"},"content":{"rendered":"","protected":false},"excerpt":{"rendered":"<p><strong>Topnoten:<\/strong> Cannabis, Davana, Notes vertes, Safran, Thym<br \/>\n<strong>Hartnoten:<\/strong> Caf\u00e9, Cannelle, Framboise, Tabac, Violette<br \/>\n<strong>Achtergrondnotities:<\/strong> Baume gurjum, F\u00e8ve tonka, Musc<\/p>\n<p><strong>Genre:<\/strong> mannelijk<\/p>","protected":false},"featured_media":10470,"template":"","meta":[],"product_brand":[],"product_cat":[585,433],"product_tag":[],"class_list":{"0":"post-10469","1":"product","2":"type-product","3":"status-publish","4":"has-post-thumbnail","6":"product_cat-parfum-dubai-homme","7":"product_cat-parfums-de-dubai","9":"first","10":"instock","11":"taxable","12":"shipping-taxable","13":"purchasable","14":"product-type-simple"},"yoast_head":"<!-- This site is optimized with the Yoast SEO plugin v27.4 - https:\/\/yoast.com\/product\/yoast-seo-wordpress\/ -->\n<title>Eau de parfum Hawas Viper 100 ml | Rasasi<\/title>\n<meta name=\"description\" content=\"Hawas Viper de Rasasi impose son caract\u00e8re : un parfum frais et intense aux notes aromatiques et ambr\u00e9es, pour une signature moderne et magn\u00e9tique.\" \/>\n<meta name=\"robots\" content=\"index, follow, max-snippet:-1, max-image-preview:large, max-video-preview:-1\" \/>\n<link rel=\"canonical\" href=\"https:\/\/arabian-mood.com\/nl\/product-2\/eau-de-parfum-hawas-viper-100-ml-rasasi\/\" \/>\n<meta property=\"og:locale\" content=\"nl_NL\" \/>\n<meta property=\"og:type\" content=\"article\" \/>\n<meta property=\"og:title\" content=\"Eau de parfum Hawas Viper 100 ml | Rasasi\" \/>\n<meta property=\"og:description\" content=\"Hawas Viper de Rasasi impose son caract\u00e8re : un parfum frais et intense aux notes aromatiques et ambr\u00e9es, pour une signature moderne et magn\u00e9tique.\" \/>\n<meta property=\"og:url\" content=\"https:\/\/arabian-mood.com\/nl\/product-2\/eau-de-parfum-hawas-viper-100-ml-rasasi\/\" \/>\n<meta property=\"og:site_name\" content=\"Arabian Mood\" \/>\n<meta property=\"article:modified_time\" content=\"2026-01-25T07:54:07+00:00\" \/>\n<meta property=\"og:image\" content=\"https:\/\/arabian-mood.com\/wp-content\/uploads\/2026\/01\/hawas-viper-Rassasi.jpg\" \/>\n\t<meta property=\"og:image:width\" content=\"600\" \/>\n\t<meta property=\"og:image:height\" content=\"600\" \/>\n\t<meta property=\"og:image:type\" content=\"image\/jpeg\" \/>\n<meta name=\"twitter:card\" content=\"summary_large_image\" \/>\n<meta name=\"twitter:label1\" content=\"Geschatte leestijd\" \/>\n\t<meta name=\"twitter:data1\" content=\"1 minuut\" \/>\n<script type=\"application\/ld+json\" class=\"yoast-schema-graph\">{\"@context\":\"https:\\\/\\\/schema.org\",\"@graph\":[{\"@type\":\"WebPage\",\"@id\":\"https:\\\/\\\/arabian-mood.com\\\/produit\\\/eau-de-parfum-hawas-viper-100-ml-rasasi\\\/\",\"url\":\"https:\\\/\\\/arabian-mood.com\\\/produit\\\/eau-de-parfum-hawas-viper-100-ml-rasasi\\\/\",\"name\":\"Eau de parfum Hawas Viper 100 ml | Rasasi\",\"isPartOf\":{\"@id\":\"https:\\\/\\\/arabian-mood.com\\\/#website\"},\"primaryImageOfPage\":{\"@id\":\"https:\\\/\\\/arabian-mood.com\\\/produit\\\/eau-de-parfum-hawas-viper-100-ml-rasasi\\\/#primaryimage\"},\"image\":{\"@id\":\"https:\\\/\\\/arabian-mood.com\\\/produit\\\/eau-de-parfum-hawas-viper-100-ml-rasasi\\\/#primaryimage\"},\"thumbnailUrl\":\"https:\\\/\\\/arabian-mood.com\\\/wp-content\\\/uploads\\\/2026\\\/01\\\/hawas-viper-Rassasi.jpg\",\"datePublished\":\"2026-01-25T07:48:45+00:00\",\"dateModified\":\"2026-01-25T07:54:07+00:00\",\"description\":\"Hawas Viper de Rasasi impose son caract\u00e8re : un parfum frais et intense aux notes aromatiques et ambr\u00e9es, pour une signature moderne et magn\u00e9tique.\",\"breadcrumb\":{\"@id\":\"https:\\\/\\\/arabian-mood.com\\\/produit\\\/eau-de-parfum-hawas-viper-100-ml-rasasi\\\/#breadcrumb\"},\"inLanguage\":\"nl-NL\",\"potentialAction\":[{\"@type\":\"ReadAction\",\"target\":[\"https:\\\/\\\/arabian-mood.com\\\/produit\\\/eau-de-parfum-hawas-viper-100-ml-rasasi\\\/\"]}]},{\"@type\":\"ImageObject\",\"inLanguage\":\"nl-NL\",\"@id\":\"https:\\\/\\\/arabian-mood.com\\\/produit\\\/eau-de-parfum-hawas-viper-100-ml-rasasi\\\/#primaryimage\",\"url\":\"https:\\\/\\\/arabian-mood.com\\\/wp-content\\\/uploads\\\/2026\\\/01\\\/hawas-viper-Rassasi.jpg\",\"contentUrl\":\"https:\\\/\\\/arabian-mood.com\\\/wp-content\\\/uploads\\\/2026\\\/01\\\/hawas-viper-Rassasi.jpg\",\"width\":600,\"height\":600,\"caption\":\"Hawas Viper Rasasa\"},{\"@type\":\"BreadcrumbList\",\"@id\":\"https:\\\/\\\/arabian-mood.com\\\/produit\\\/eau-de-parfum-hawas-viper-100-ml-rasasi\\\/#breadcrumb\",\"itemListElement\":[{\"@type\":\"ListItem\",\"position\":1,\"name\":\"Accueil\",\"item\":\"https:\\\/\\\/arabian-mood.com\\\/\"},{\"@type\":\"ListItem\",\"position\":2,\"name\":\"Boutique\",\"item\":\"https:\\\/\\\/arabian-mood.com\\\/boutique\\\/\"},{\"@type\":\"ListItem\",\"position\":3,\"name\":\"Eau de parfum Hawas Viper 100 ml &#8211; Rasasi\"}]},{\"@type\":\"WebSite\",\"@id\":\"https:\\\/\\\/arabian-mood.com\\\/#website\",\"url\":\"https:\\\/\\\/arabian-mood.com\\\/\",\"name\":\"Arabian Mood\",\"description\":\"\",\"publisher\":{\"@id\":\"https:\\\/\\\/arabian-mood.com\\\/#organization\"},\"potentialAction\":[{\"@type\":\"SearchAction\",\"target\":{\"@type\":\"EntryPoint\",\"urlTemplate\":\"https:\\\/\\\/arabian-mood.com\\\/?s={search_term_string}\"},\"query-input\":{\"@type\":\"PropertyValueSpecification\",\"valueRequired\":true,\"valueName\":\"search_term_string\"}}],\"inLanguage\":\"nl-NL\"},{\"@type\":\"Organization\",\"@id\":\"https:\\\/\\\/arabian-mood.com\\\/#organization\",\"name\":\"Arabian Mood\",\"url\":\"https:\\\/\\\/arabian-mood.com\\\/\",\"logo\":{\"@type\":\"ImageObject\",\"inLanguage\":\"nl-NL\",\"@id\":\"https:\\\/\\\/arabian-mood.com\\\/#\\\/schema\\\/logo\\\/image\\\/\",\"url\":\"https:\\\/\\\/arabian-mood.com\\\/wp-content\\\/uploads\\\/2024\\\/09\\\/Groupe-11304.svg\",\"contentUrl\":\"https:\\\/\\\/arabian-mood.com\\\/wp-content\\\/uploads\\\/2024\\\/09\\\/Groupe-11304.svg\",\"width\":214,\"height\":27,\"caption\":\"Arabian Mood\"},\"image\":{\"@id\":\"https:\\\/\\\/arabian-mood.com\\\/#\\\/schema\\\/logo\\\/image\\\/\"},\"sameAs\":[\"https:\\\/\\\/www.instagram.com\\\/arabianmoodofficiel\\\/\"]}]}<\/script>\n<!-- \/ Yoast SEO plugin. -->","yoast_head_json":{"title":"Eau de parfum Hawas Viper 100 ml | Rasasi","description":"Hawas Viper de Rasasi impose son caract\u00e8re : un parfum frais et intense aux notes aromatiques et ambr\u00e9es, pour une signature moderne et magn\u00e9tique.","robots":{"index":"index","follow":"follow","max-snippet":"max-snippet:-1","max-image-preview":"max-image-preview:large","max-video-preview":"max-video-preview:-1"},"canonical":"https:\/\/arabian-mood.com\/nl\/product-2\/eau-de-parfum-hawas-viper-100-ml-rasasi\/","og_locale":"nl_NL","og_type":"article","og_title":"Eau de parfum Hawas Viper 100 ml | Rasasi","og_description":"Hawas Viper de Rasasi impose son caract\u00e8re : un parfum frais et intense aux notes aromatiques et ambr\u00e9es, pour une signature moderne et magn\u00e9tique.","og_url":"https:\/\/arabian-mood.com\/nl\/product-2\/eau-de-parfum-hawas-viper-100-ml-rasasi\/","og_site_name":"Arabian Mood","article_modified_time":"2026-01-25T07:54:07+00:00","og_image":[{"width":600,"height":600,"url":"https:\/\/arabian-mood.com\/wp-content\/uploads\/2026\/01\/hawas-viper-Rassasi.jpg","type":"image\/jpeg"}],"twitter_card":"summary_large_image","twitter_misc":{"Geschatte leestijd":"1 minuut"},"schema":{"@context":"https:\/\/schema.org","@graph":[{"@type":"WebPage","@id":"https:\/\/arabian-mood.com\/produit\/eau-de-parfum-hawas-viper-100-ml-rasasi\/","url":"https:\/\/arabian-mood.com\/produit\/eau-de-parfum-hawas-viper-100-ml-rasasi\/","name":"Eau de parfum Hawas Viper 100 ml | Rasasi","isPartOf":{"@id":"https:\/\/arabian-mood.com\/#website"},"primaryImageOfPage":{"@id":"https:\/\/arabian-mood.com\/produit\/eau-de-parfum-hawas-viper-100-ml-rasasi\/#primaryimage"},"image":{"@id":"https:\/\/arabian-mood.com\/produit\/eau-de-parfum-hawas-viper-100-ml-rasasi\/#primaryimage"},"thumbnailUrl":"https:\/\/arabian-mood.com\/wp-content\/uploads\/2026\/01\/hawas-viper-Rassasi.jpg","datePublished":"2026-01-25T07:48:45+00:00","dateModified":"2026-01-25T07:54:07+00:00","description":"Hawas Viper de Rasasi impose son caract\u00e8re : un parfum frais et intense aux notes aromatiques et ambr\u00e9es, pour une signature moderne et magn\u00e9tique.","breadcrumb":{"@id":"https:\/\/arabian-mood.com\/produit\/eau-de-parfum-hawas-viper-100-ml-rasasi\/#breadcrumb"},"inLanguage":"nl-NL","potentialAction":[{"@type":"ReadAction","target":["https:\/\/arabian-mood.com\/produit\/eau-de-parfum-hawas-viper-100-ml-rasasi\/"]}]},{"@type":"ImageObject","inLanguage":"nl-NL","@id":"https:\/\/arabian-mood.com\/produit\/eau-de-parfum-hawas-viper-100-ml-rasasi\/#primaryimage","url":"https:\/\/arabian-mood.com\/wp-content\/uploads\/2026\/01\/hawas-viper-Rassasi.jpg","contentUrl":"https:\/\/arabian-mood.com\/wp-content\/uploads\/2026\/01\/hawas-viper-Rassasi.jpg","width":600,"height":600,"caption":"Hawas Viper Rasasa"},{"@type":"BreadcrumbList","@id":"https:\/\/arabian-mood.com\/produit\/eau-de-parfum-hawas-viper-100-ml-rasasi\/#breadcrumb","itemListElement":[{"@type":"ListItem","position":1,"name":"Accueil","item":"https:\/\/arabian-mood.com\/"},{"@type":"ListItem","position":2,"name":"Boutique","item":"https:\/\/arabian-mood.com\/boutique\/"},{"@type":"ListItem","position":3,"name":"Eau de parfum Hawas Viper 100 ml &#8211; Rasasi"}]},{"@type":"WebSite","@id":"https:\/\/arabian-mood.com\/#website","url":"https:\/\/arabian-mood.com\/","name":"Arabische Sfeer","description":"","publisher":{"@id":"https:\/\/arabian-mood.com\/#organization"},"potentialAction":[{"@type":"SearchAction","target":{"@type":"EntryPoint","urlTemplate":"https:\/\/arabian-mood.com\/?s={search_term_string}"},"query-input":{"@type":"PropertyValueSpecification","valueRequired":true,"valueName":"search_term_string"}}],"inLanguage":"nl-NL"},{"@type":"Organization","@id":"https:\/\/arabian-mood.com\/#organization","name":"Arabische Sfeer","url":"https:\/\/arabian-mood.com\/","logo":{"@type":"ImageObject","inLanguage":"nl-NL","@id":"https:\/\/arabian-mood.com\/#\/schema\/logo\/image\/","url":"https:\/\/arabian-mood.com\/wp-content\/uploads\/2024\/09\/Groupe-11304.svg","contentUrl":"https:\/\/arabian-mood.com\/wp-content\/uploads\/2024\/09\/Groupe-11304.svg","width":214,"height":27,"caption":"Arabian Mood"},"image":{"@id":"https:\/\/arabian-mood.com\/#\/schema\/logo\/image\/"},"sameAs":["https:\/\/www.instagram.com\/arabianmoodofficiel\/"]}]}},"_links":{"self":[{"href":"https:\/\/arabian-mood.com\/nl\/wp-json\/wp\/v2\/product\/10469","targetHints":{"allow":["GET"]}}],"collection":[{"href":"https:\/\/arabian-mood.com\/nl\/wp-json\/wp\/v2\/product"}],"about":[{"href":"https:\/\/arabian-mood.com\/nl\/wp-json\/wp\/v2\/types\/product"}],"wp:featuredmedia":[{"embeddable":true,"href":"https:\/\/arabian-mood.com\/nl\/wp-json\/wp\/v2\/media\/10470"}],"wp:attachment":[{"href":"https:\/\/arabian-mood.com\/nl\/wp-json\/wp\/v2\/media?parent=10469"}],"wp:term":[{"taxonomy":"product_brand","embeddable":true,"href":"https:\/\/arabian-mood.com\/nl\/wp-json\/wp\/v2\/product_brand?post=10469"},{"taxonomy":"product_cat","embeddable":true,"href":"https:\/\/arabian-mood.com\/nl\/wp-json\/wp\/v2\/product_cat?post=10469"},{"taxonomy":"product_tag","embeddable":true,"href":"https:\/\/arabian-mood.com\/nl\/wp-json\/wp\/v2\/product_tag?post=10469"}],"curies":[{"name":"wp","href":"https:\/\/api.w.org\/{rel}","templated":true}]}}