{"id":10472,"date":"2026-01-25T08:55:42","date_gmt":"2026-01-25T07:55:42","guid":{"rendered":"https:\/\/arabian-mood.com\/?post_type=product&#038;p=10472"},"modified":"2026-01-25T09:01:35","modified_gmt":"2026-01-25T08:01:35","slug":"coffret-my-yara-collection","status":"publish","type":"product","link":"https:\/\/arabian-mood.com\/nl\/produit\/coffret-my-yara-collection\/","title":{"rendered":"My Yara Collection Coffret \u2013 Lattafa"},"content":{"rendered":"","protected":false},"excerpt":{"rendered":"<p>Coffret compos\u00e9 de 4 parfums femmes 25 ml :<\/p>\n<ul>\n<li>Yara Rose<\/li>\n<li>Yara Candy<\/li>\n<li>Yara Moi<\/li>\n<li>Yara Tous<\/li>\n<\/ul>\n<p><strong>Genre:<\/strong> vrouwelijk<\/p>","protected":false},"featured_media":10473,"template":"","meta":[],"product_brand":[],"product_cat":[584,433],"product_tag":[],"class_list":{"0":"post-10472","1":"product","2":"type-product","3":"status-publish","4":"has-post-thumbnail","6":"product_cat-parfum-dubai-femme","7":"product_cat-parfums-de-dubai","9":"first","10":"instock","11":"taxable","12":"shipping-taxable","13":"purchasable","14":"product-type-simple"},"yoast_head":"<!-- This site is optimized with the Yoast SEO plugin v27.4 - https:\/\/yoast.com\/product\/yoast-seo-wordpress\/ -->\n<title>Coffret My Yara Collection by Lattafa | 4 parfums f\u00e9minins 25 ml<\/title>\n<meta name=\"description\" content=\"Coffret My Yara compos\u00e9 de 4 parfums 25 ml : Yara Candy, Yara Rose, Yara Moi et Yara Tous. Quatre signatures f\u00e9minines gourmandes et \u00e9l\u00e9gantes.\" \/>\n<meta name=\"robots\" content=\"index, follow, max-snippet:-1, max-image-preview:large, max-video-preview:-1\" \/>\n<link rel=\"canonical\" href=\"https:\/\/arabian-mood.com\/nl\/product-2\/coffret-my-yara-collection\/\" \/>\n<meta property=\"og:locale\" content=\"nl_NL\" \/>\n<meta property=\"og:type\" content=\"article\" \/>\n<meta property=\"og:title\" content=\"Coffret My Yara Collection by Lattafa | 4 parfums f\u00e9minins 25 ml\" \/>\n<meta property=\"og:description\" content=\"Coffret My Yara compos\u00e9 de 4 parfums 25 ml : Yara Candy, Yara Rose, Yara Moi et Yara Tous. Quatre signatures f\u00e9minines gourmandes et \u00e9l\u00e9gantes.\" \/>\n<meta property=\"og:url\" content=\"https:\/\/arabian-mood.com\/nl\/product-2\/coffret-my-yara-collection\/\" \/>\n<meta property=\"og:site_name\" content=\"Arabian Mood\" \/>\n<meta property=\"article:modified_time\" content=\"2026-01-25T08:01:35+00:00\" \/>\n<meta property=\"og:image\" content=\"https:\/\/arabian-mood.com\/wp-content\/uploads\/2026\/01\/coffret-my-yara-Lattafa.jpg\" \/>\n\t<meta property=\"og:image:width\" content=\"600\" \/>\n\t<meta property=\"og:image:height\" content=\"600\" \/>\n\t<meta property=\"og:image:type\" content=\"image\/jpeg\" \/>\n<meta name=\"twitter:card\" content=\"summary_large_image\" \/>\n<meta name=\"twitter:label1\" content=\"Geschatte leestijd\" \/>\n\t<meta name=\"twitter:data1\" content=\"1 minuut\" \/>\n<script type=\"application\/ld+json\" class=\"yoast-schema-graph\">{\"@context\":\"https:\\\/\\\/schema.org\",\"@graph\":[{\"@type\":\"WebPage\",\"@id\":\"https:\\\/\\\/arabian-mood.com\\\/produit\\\/coffret-my-yara-collection\\\/\",\"url\":\"https:\\\/\\\/arabian-mood.com\\\/produit\\\/coffret-my-yara-collection\\\/\",\"name\":\"Coffret My Yara Collection by Lattafa | 4 parfums f\u00e9minins 25 ml\",\"isPartOf\":{\"@id\":\"https:\\\/\\\/arabian-mood.com\\\/#website\"},\"primaryImageOfPage\":{\"@id\":\"https:\\\/\\\/arabian-mood.com\\\/produit\\\/coffret-my-yara-collection\\\/#primaryimage\"},\"image\":{\"@id\":\"https:\\\/\\\/arabian-mood.com\\\/produit\\\/coffret-my-yara-collection\\\/#primaryimage\"},\"thumbnailUrl\":\"https:\\\/\\\/arabian-mood.com\\\/wp-content\\\/uploads\\\/2026\\\/01\\\/coffret-my-yara-Lattafa.jpg\",\"datePublished\":\"2026-01-25T07:55:42+00:00\",\"dateModified\":\"2026-01-25T08:01:35+00:00\",\"description\":\"Coffret My Yara compos\u00e9 de 4 parfums 25 ml : Yara Candy, Yara Rose, Yara Moi et Yara Tous. Quatre signatures f\u00e9minines gourmandes et \u00e9l\u00e9gantes.\",\"breadcrumb\":{\"@id\":\"https:\\\/\\\/arabian-mood.com\\\/produit\\\/coffret-my-yara-collection\\\/#breadcrumb\"},\"inLanguage\":\"nl-NL\",\"potentialAction\":[{\"@type\":\"ReadAction\",\"target\":[\"https:\\\/\\\/arabian-mood.com\\\/produit\\\/coffret-my-yara-collection\\\/\"]}]},{\"@type\":\"ImageObject\",\"inLanguage\":\"nl-NL\",\"@id\":\"https:\\\/\\\/arabian-mood.com\\\/produit\\\/coffret-my-yara-collection\\\/#primaryimage\",\"url\":\"https:\\\/\\\/arabian-mood.com\\\/wp-content\\\/uploads\\\/2026\\\/01\\\/coffret-my-yara-Lattafa.jpg\",\"contentUrl\":\"https:\\\/\\\/arabian-mood.com\\\/wp-content\\\/uploads\\\/2026\\\/01\\\/coffret-my-yara-Lattafa.jpg\",\"width\":600,\"height\":600,\"caption\":\"coffret My Yara\"},{\"@type\":\"BreadcrumbList\",\"@id\":\"https:\\\/\\\/arabian-mood.com\\\/produit\\\/coffret-my-yara-collection\\\/#breadcrumb\",\"itemListElement\":[{\"@type\":\"ListItem\",\"position\":1,\"name\":\"Accueil\",\"item\":\"https:\\\/\\\/arabian-mood.com\\\/\"},{\"@type\":\"ListItem\",\"position\":2,\"name\":\"Boutique\",\"item\":\"https:\\\/\\\/arabian-mood.com\\\/boutique\\\/\"},{\"@type\":\"ListItem\",\"position\":3,\"name\":\"Coffret My Yara Collection &#8211; Lattafa\"}]},{\"@type\":\"WebSite\",\"@id\":\"https:\\\/\\\/arabian-mood.com\\\/#website\",\"url\":\"https:\\\/\\\/arabian-mood.com\\\/\",\"name\":\"Arabian Mood\",\"description\":\"\",\"publisher\":{\"@id\":\"https:\\\/\\\/arabian-mood.com\\\/#organization\"},\"potentialAction\":[{\"@type\":\"SearchAction\",\"target\":{\"@type\":\"EntryPoint\",\"urlTemplate\":\"https:\\\/\\\/arabian-mood.com\\\/?s={search_term_string}\"},\"query-input\":{\"@type\":\"PropertyValueSpecification\",\"valueRequired\":true,\"valueName\":\"search_term_string\"}}],\"inLanguage\":\"nl-NL\"},{\"@type\":\"Organization\",\"@id\":\"https:\\\/\\\/arabian-mood.com\\\/#organization\",\"name\":\"Arabian Mood\",\"url\":\"https:\\\/\\\/arabian-mood.com\\\/\",\"logo\":{\"@type\":\"ImageObject\",\"inLanguage\":\"nl-NL\",\"@id\":\"https:\\\/\\\/arabian-mood.com\\\/#\\\/schema\\\/logo\\\/image\\\/\",\"url\":\"https:\\\/\\\/arabian-mood.com\\\/wp-content\\\/uploads\\\/2024\\\/09\\\/Groupe-11304.svg\",\"contentUrl\":\"https:\\\/\\\/arabian-mood.com\\\/wp-content\\\/uploads\\\/2024\\\/09\\\/Groupe-11304.svg\",\"width\":214,\"height\":27,\"caption\":\"Arabian Mood\"},\"image\":{\"@id\":\"https:\\\/\\\/arabian-mood.com\\\/#\\\/schema\\\/logo\\\/image\\\/\"},\"sameAs\":[\"https:\\\/\\\/www.instagram.com\\\/arabianmoodofficiel\\\/\"]}]}<\/script>\n<!-- \/ Yoast SEO plugin. -->","yoast_head_json":{"title":"Coffret My Yara Collection by Lattafa | 4 parfums f\u00e9minins 25 ml","description":"Coffret My Yara compos\u00e9 de 4 parfums 25 ml : Yara Candy, Yara Rose, Yara Moi et Yara Tous. Quatre signatures f\u00e9minines gourmandes et \u00e9l\u00e9gantes.","robots":{"index":"index","follow":"follow","max-snippet":"max-snippet:-1","max-image-preview":"max-image-preview:large","max-video-preview":"max-video-preview:-1"},"canonical":"https:\/\/arabian-mood.com\/nl\/product-2\/coffret-my-yara-collection\/","og_locale":"nl_NL","og_type":"article","og_title":"Coffret My Yara Collection by Lattafa | 4 parfums f\u00e9minins 25 ml","og_description":"Coffret My Yara compos\u00e9 de 4 parfums 25 ml : Yara Candy, Yara Rose, Yara Moi et Yara Tous. Quatre signatures f\u00e9minines gourmandes et \u00e9l\u00e9gantes.","og_url":"https:\/\/arabian-mood.com\/nl\/product-2\/coffret-my-yara-collection\/","og_site_name":"Arabian Mood","article_modified_time":"2026-01-25T08:01:35+00:00","og_image":[{"width":600,"height":600,"url":"https:\/\/arabian-mood.com\/wp-content\/uploads\/2026\/01\/coffret-my-yara-Lattafa.jpg","type":"image\/jpeg"}],"twitter_card":"summary_large_image","twitter_misc":{"Geschatte leestijd":"1 minuut"},"schema":{"@context":"https:\/\/schema.org","@graph":[{"@type":"WebPage","@id":"https:\/\/arabian-mood.com\/produit\/coffret-my-yara-collection\/","url":"https:\/\/arabian-mood.com\/produit\/coffret-my-yara-collection\/","name":"Coffret My Yara Collection by Lattafa | 4 parfums f\u00e9minins 25 ml","isPartOf":{"@id":"https:\/\/arabian-mood.com\/#website"},"primaryImageOfPage":{"@id":"https:\/\/arabian-mood.com\/produit\/coffret-my-yara-collection\/#primaryimage"},"image":{"@id":"https:\/\/arabian-mood.com\/produit\/coffret-my-yara-collection\/#primaryimage"},"thumbnailUrl":"https:\/\/arabian-mood.com\/wp-content\/uploads\/2026\/01\/coffret-my-yara-Lattafa.jpg","datePublished":"2026-01-25T07:55:42+00:00","dateModified":"2026-01-25T08:01:35+00:00","description":"Coffret My Yara compos\u00e9 de 4 parfums 25 ml : Yara Candy, Yara Rose, Yara Moi et Yara Tous. Quatre signatures f\u00e9minines gourmandes et \u00e9l\u00e9gantes.","breadcrumb":{"@id":"https:\/\/arabian-mood.com\/produit\/coffret-my-yara-collection\/#breadcrumb"},"inLanguage":"nl-NL","potentialAction":[{"@type":"ReadAction","target":["https:\/\/arabian-mood.com\/produit\/coffret-my-yara-collection\/"]}]},{"@type":"ImageObject","inLanguage":"nl-NL","@id":"https:\/\/arabian-mood.com\/produit\/coffret-my-yara-collection\/#primaryimage","url":"https:\/\/arabian-mood.com\/wp-content\/uploads\/2026\/01\/coffret-my-yara-Lattafa.jpg","contentUrl":"https:\/\/arabian-mood.com\/wp-content\/uploads\/2026\/01\/coffret-my-yara-Lattafa.jpg","width":600,"height":600,"caption":"coffret My Yara"},{"@type":"BreadcrumbList","@id":"https:\/\/arabian-mood.com\/produit\/coffret-my-yara-collection\/#breadcrumb","itemListElement":[{"@type":"ListItem","position":1,"name":"Accueil","item":"https:\/\/arabian-mood.com\/"},{"@type":"ListItem","position":2,"name":"Boutique","item":"https:\/\/arabian-mood.com\/boutique\/"},{"@type":"ListItem","position":3,"name":"Coffret My Yara Collection &#8211; Lattafa"}]},{"@type":"WebSite","@id":"https:\/\/arabian-mood.com\/#website","url":"https:\/\/arabian-mood.com\/","name":"Arabische Sfeer","description":"","publisher":{"@id":"https:\/\/arabian-mood.com\/#organization"},"potentialAction":[{"@type":"SearchAction","target":{"@type":"EntryPoint","urlTemplate":"https:\/\/arabian-mood.com\/?s={search_term_string}"},"query-input":{"@type":"PropertyValueSpecification","valueRequired":true,"valueName":"search_term_string"}}],"inLanguage":"nl-NL"},{"@type":"Organization","@id":"https:\/\/arabian-mood.com\/#organization","name":"Arabische Sfeer","url":"https:\/\/arabian-mood.com\/","logo":{"@type":"ImageObject","inLanguage":"nl-NL","@id":"https:\/\/arabian-mood.com\/#\/schema\/logo\/image\/","url":"https:\/\/arabian-mood.com\/wp-content\/uploads\/2024\/09\/Groupe-11304.svg","contentUrl":"https:\/\/arabian-mood.com\/wp-content\/uploads\/2024\/09\/Groupe-11304.svg","width":214,"height":27,"caption":"Arabian Mood"},"image":{"@id":"https:\/\/arabian-mood.com\/#\/schema\/logo\/image\/"},"sameAs":["https:\/\/www.instagram.com\/arabianmoodofficiel\/"]}]}},"_links":{"self":[{"href":"https:\/\/arabian-mood.com\/nl\/wp-json\/wp\/v2\/product\/10472","targetHints":{"allow":["GET"]}}],"collection":[{"href":"https:\/\/arabian-mood.com\/nl\/wp-json\/wp\/v2\/product"}],"about":[{"href":"https:\/\/arabian-mood.com\/nl\/wp-json\/wp\/v2\/types\/product"}],"wp:featuredmedia":[{"embeddable":true,"href":"https:\/\/arabian-mood.com\/nl\/wp-json\/wp\/v2\/media\/10473"}],"wp:attachment":[{"href":"https:\/\/arabian-mood.com\/nl\/wp-json\/wp\/v2\/media?parent=10472"}],"wp:term":[{"taxonomy":"product_brand","embeddable":true,"href":"https:\/\/arabian-mood.com\/nl\/wp-json\/wp\/v2\/product_brand?post=10472"},{"taxonomy":"product_cat","embeddable":true,"href":"https:\/\/arabian-mood.com\/nl\/wp-json\/wp\/v2\/product_cat?post=10472"},{"taxonomy":"product_tag","embeddable":true,"href":"https:\/\/arabian-mood.com\/nl\/wp-json\/wp\/v2\/product_tag?post=10472"}],"curies":[{"name":"wp","href":"https:\/\/api.w.org\/{rel}","templated":true}]}}