{"id":10727,"date":"2026-03-22T17:45:55","date_gmt":"2026-03-22T16:45:55","guid":{"rendered":"https:\/\/arabian-mood.com\/?post_type=product&#038;p=10727"},"modified":"2026-03-24T11:29:48","modified_gmt":"2026-03-24T10:29:48","slug":"eau-de-parfum-lady-reef","status":"publish","type":"product","link":"https:\/\/arabian-mood.com\/nl\/produit\/eau-de-parfum-lady-reef\/","title":{"rendered":"Eau de parfum Lady Reef \u2013 Reef Perfumes"},"content":{"rendered":"","protected":false},"excerpt":{"rendered":"<ul>\n<li><strong>Topnoot<\/strong> : Cassis, Mandarine<\/li>\n<li><strong>Hartnoot<\/strong> : Cashmere, Fleur d\u2019oranger, Iris, Jasmin<\/li>\n<li><strong>Achtergrondnotitie<\/strong> : Musc<\/li>\n<\/ul>\n<p><strong>Genre:<\/strong> vrouwelijk<\/p>","protected":false},"featured_media":10728,"template":"","meta":[],"product_brand":[],"product_cat":[582],"product_tag":[],"class_list":{"0":"post-10727","1":"product","2":"type-product","3":"status-publish","4":"has-post-thumbnail","6":"product_cat-reef-perfumes","8":"first","9":"instock","10":"sale","11":"taxable","12":"shipping-taxable","13":"purchasable","14":"product-type-simple"},"yoast_head":"<!-- This site is optimized with the Yoast SEO plugin v27.4 - https:\/\/yoast.com\/product\/yoast-seo-wordpress\/ -->\n<title>Eau de parfum Lady Reef 90 ml | Reef Perfumes<\/title>\n<meta name=\"description\" content=\"D\u00e9couvrez Lady Reef, un parfum f\u00e9minin aux notes fruit\u00e9es, florales et musqu\u00e9es. \u00c9l\u00e9gant et addictif, il sublime chaque instant. Disponible \u00e0 l&#039;achat !\" \/>\n<meta name=\"robots\" content=\"index, follow, max-snippet:-1, max-image-preview:large, max-video-preview:-1\" \/>\n<link rel=\"canonical\" href=\"https:\/\/arabian-mood.com\/nl\/product-2\/eau-de-parfum-lady-reef\/\" \/>\n<meta property=\"og:locale\" content=\"nl_NL\" \/>\n<meta property=\"og:type\" content=\"article\" \/>\n<meta property=\"og:title\" content=\"Eau de parfum Lady Reef 90 ml | Reef Perfumes\" \/>\n<meta property=\"og:description\" content=\"D\u00e9couvrez Lady Reef, un parfum f\u00e9minin aux notes fruit\u00e9es, florales et musqu\u00e9es. \u00c9l\u00e9gant et addictif, il sublime chaque instant. Disponible \u00e0 l&#039;achat !\" \/>\n<meta property=\"og:url\" content=\"https:\/\/arabian-mood.com\/nl\/product-2\/eau-de-parfum-lady-reef\/\" \/>\n<meta property=\"og:site_name\" content=\"Arabian Mood\" \/>\n<meta property=\"article:modified_time\" content=\"2026-03-24T10:29:48+00:00\" \/>\n<meta property=\"og:image\" content=\"https:\/\/arabian-mood.com\/wp-content\/uploads\/2026\/03\/Lady-Reef.jpg\" \/>\n\t<meta property=\"og:image:width\" content=\"600\" \/>\n\t<meta property=\"og:image:height\" content=\"600\" \/>\n\t<meta property=\"og:image:type\" content=\"image\/jpeg\" \/>\n<meta name=\"twitter:card\" content=\"summary_large_image\" \/>\n<meta name=\"twitter:label1\" content=\"Est. reading time\" \/>\n\t<meta name=\"twitter:data1\" content=\"1 minuut\" \/>\n<script type=\"application\/ld+json\" class=\"yoast-schema-graph\">{\"@context\":\"https:\\\/\\\/schema.org\",\"@graph\":[{\"@type\":\"WebPage\",\"@id\":\"https:\\\/\\\/arabian-mood.com\\\/produit\\\/eau-de-parfum-lady-reef\\\/\",\"url\":\"https:\\\/\\\/arabian-mood.com\\\/produit\\\/eau-de-parfum-lady-reef\\\/\",\"name\":\"Eau de parfum Lady Reef 90 ml | Reef Perfumes\",\"isPartOf\":{\"@id\":\"https:\\\/\\\/arabian-mood.com\\\/#website\"},\"primaryImageOfPage\":{\"@id\":\"https:\\\/\\\/arabian-mood.com\\\/produit\\\/eau-de-parfum-lady-reef\\\/#primaryimage\"},\"image\":{\"@id\":\"https:\\\/\\\/arabian-mood.com\\\/produit\\\/eau-de-parfum-lady-reef\\\/#primaryimage\"},\"thumbnailUrl\":\"https:\\\/\\\/arabian-mood.com\\\/wp-content\\\/uploads\\\/2026\\\/03\\\/Lady-Reef.jpg\",\"datePublished\":\"2026-03-22T16:45:55+00:00\",\"dateModified\":\"2026-03-24T10:29:48+00:00\",\"description\":\"D\u00e9couvrez Lady Reef, un parfum f\u00e9minin aux notes fruit\u00e9es, florales et musqu\u00e9es. \u00c9l\u00e9gant et addictif, il sublime chaque instant. Disponible \u00e0 l'achat !\",\"breadcrumb\":{\"@id\":\"https:\\\/\\\/arabian-mood.com\\\/produit\\\/eau-de-parfum-lady-reef\\\/#breadcrumb\"},\"inLanguage\":\"nl-NL\",\"potentialAction\":[{\"@type\":\"ReadAction\",\"target\":[\"https:\\\/\\\/arabian-mood.com\\\/produit\\\/eau-de-parfum-lady-reef\\\/\"]}]},{\"@type\":\"ImageObject\",\"inLanguage\":\"nl-NL\",\"@id\":\"https:\\\/\\\/arabian-mood.com\\\/produit\\\/eau-de-parfum-lady-reef\\\/#primaryimage\",\"url\":\"https:\\\/\\\/arabian-mood.com\\\/wp-content\\\/uploads\\\/2026\\\/03\\\/Lady-Reef.jpg\",\"contentUrl\":\"https:\\\/\\\/arabian-mood.com\\\/wp-content\\\/uploads\\\/2026\\\/03\\\/Lady-Reef.jpg\",\"width\":600,\"height\":600,\"caption\":\"Lady Reef\"},{\"@type\":\"BreadcrumbList\",\"@id\":\"https:\\\/\\\/arabian-mood.com\\\/produit\\\/eau-de-parfum-lady-reef\\\/#breadcrumb\",\"itemListElement\":[{\"@type\":\"ListItem\",\"position\":1,\"name\":\"Accueil\",\"item\":\"https:\\\/\\\/arabian-mood.com\\\/\"},{\"@type\":\"ListItem\",\"position\":2,\"name\":\"Boutique\",\"item\":\"https:\\\/\\\/arabian-mood.com\\\/boutique\\\/\"},{\"@type\":\"ListItem\",\"position\":3,\"name\":\"Eau de parfum Lady Reef &#8211; Reef Perfumes\"}]},{\"@type\":\"WebSite\",\"@id\":\"https:\\\/\\\/arabian-mood.com\\\/#website\",\"url\":\"https:\\\/\\\/arabian-mood.com\\\/\",\"name\":\"Arabian Mood\",\"description\":\"\",\"publisher\":{\"@id\":\"https:\\\/\\\/arabian-mood.com\\\/#organization\"},\"potentialAction\":[{\"@type\":\"SearchAction\",\"target\":{\"@type\":\"EntryPoint\",\"urlTemplate\":\"https:\\\/\\\/arabian-mood.com\\\/?s={search_term_string}\"},\"query-input\":{\"@type\":\"PropertyValueSpecification\",\"valueRequired\":true,\"valueName\":\"search_term_string\"}}],\"inLanguage\":\"nl-NL\"},{\"@type\":\"Organization\",\"@id\":\"https:\\\/\\\/arabian-mood.com\\\/#organization\",\"name\":\"Arabian Mood\",\"url\":\"https:\\\/\\\/arabian-mood.com\\\/\",\"logo\":{\"@type\":\"ImageObject\",\"inLanguage\":\"nl-NL\",\"@id\":\"https:\\\/\\\/arabian-mood.com\\\/#\\\/schema\\\/logo\\\/image\\\/\",\"url\":\"https:\\\/\\\/arabian-mood.com\\\/wp-content\\\/uploads\\\/2024\\\/09\\\/Groupe-11304.svg\",\"contentUrl\":\"https:\\\/\\\/arabian-mood.com\\\/wp-content\\\/uploads\\\/2024\\\/09\\\/Groupe-11304.svg\",\"width\":214,\"height\":27,\"caption\":\"Arabian Mood\"},\"image\":{\"@id\":\"https:\\\/\\\/arabian-mood.com\\\/#\\\/schema\\\/logo\\\/image\\\/\"},\"sameAs\":[\"https:\\\/\\\/www.instagram.com\\\/arabianmoodofficiel\\\/\"]}]}<\/script>\n<!-- \/ Yoast SEO plugin. -->","yoast_head_json":{"title":"Eau de parfum Lady Reef 90 ml | Reef Perfumes","description":"D\u00e9couvrez Lady Reef, un parfum f\u00e9minin aux notes fruit\u00e9es, florales et musqu\u00e9es. \u00c9l\u00e9gant et addictif, il sublime chaque instant. Disponible \u00e0 l'achat !","robots":{"index":"index","follow":"follow","max-snippet":"max-snippet:-1","max-image-preview":"max-image-preview:large","max-video-preview":"max-video-preview:-1"},"canonical":"https:\/\/arabian-mood.com\/nl\/product-2\/eau-de-parfum-lady-reef\/","og_locale":"nl_NL","og_type":"article","og_title":"Eau de parfum Lady Reef 90 ml | Reef Perfumes","og_description":"D\u00e9couvrez Lady Reef, un parfum f\u00e9minin aux notes fruit\u00e9es, florales et musqu\u00e9es. \u00c9l\u00e9gant et addictif, il sublime chaque instant. Disponible \u00e0 l'achat !","og_url":"https:\/\/arabian-mood.com\/nl\/product-2\/eau-de-parfum-lady-reef\/","og_site_name":"Arabian Mood","article_modified_time":"2026-03-24T10:29:48+00:00","og_image":[{"width":600,"height":600,"url":"https:\/\/arabian-mood.com\/wp-content\/uploads\/2026\/03\/Lady-Reef.jpg","type":"image\/jpeg"}],"twitter_card":"summary_large_image","twitter_misc":{"Est. reading time":"1 minuut"},"schema":{"@context":"https:\/\/schema.org","@graph":[{"@type":"WebPage","@id":"https:\/\/arabian-mood.com\/produit\/eau-de-parfum-lady-reef\/","url":"https:\/\/arabian-mood.com\/produit\/eau-de-parfum-lady-reef\/","name":"Eau de parfum Lady Reef 90 ml | Reef Perfumes","isPartOf":{"@id":"https:\/\/arabian-mood.com\/#website"},"primaryImageOfPage":{"@id":"https:\/\/arabian-mood.com\/produit\/eau-de-parfum-lady-reef\/#primaryimage"},"image":{"@id":"https:\/\/arabian-mood.com\/produit\/eau-de-parfum-lady-reef\/#primaryimage"},"thumbnailUrl":"https:\/\/arabian-mood.com\/wp-content\/uploads\/2026\/03\/Lady-Reef.jpg","datePublished":"2026-03-22T16:45:55+00:00","dateModified":"2026-03-24T10:29:48+00:00","description":"D\u00e9couvrez Lady Reef, un parfum f\u00e9minin aux notes fruit\u00e9es, florales et musqu\u00e9es. \u00c9l\u00e9gant et addictif, il sublime chaque instant. Disponible \u00e0 l'achat !","breadcrumb":{"@id":"https:\/\/arabian-mood.com\/produit\/eau-de-parfum-lady-reef\/#breadcrumb"},"inLanguage":"nl-NL","potentialAction":[{"@type":"ReadAction","target":["https:\/\/arabian-mood.com\/produit\/eau-de-parfum-lady-reef\/"]}]},{"@type":"ImageObject","inLanguage":"nl-NL","@id":"https:\/\/arabian-mood.com\/produit\/eau-de-parfum-lady-reef\/#primaryimage","url":"https:\/\/arabian-mood.com\/wp-content\/uploads\/2026\/03\/Lady-Reef.jpg","contentUrl":"https:\/\/arabian-mood.com\/wp-content\/uploads\/2026\/03\/Lady-Reef.jpg","width":600,"height":600,"caption":"Lady Reef"},{"@type":"BreadcrumbList","@id":"https:\/\/arabian-mood.com\/produit\/eau-de-parfum-lady-reef\/#breadcrumb","itemListElement":[{"@type":"ListItem","position":1,"name":"Accueil","item":"https:\/\/arabian-mood.com\/"},{"@type":"ListItem","position":2,"name":"Boutique","item":"https:\/\/arabian-mood.com\/boutique\/"},{"@type":"ListItem","position":3,"name":"Eau de parfum Lady Reef &#8211; Reef Perfumes"}]},{"@type":"WebSite","@id":"https:\/\/arabian-mood.com\/#website","url":"https:\/\/arabian-mood.com\/","name":"Arabische Sfeer","description":"","publisher":{"@id":"https:\/\/arabian-mood.com\/#organization"},"potentialAction":[{"@type":"SearchAction","target":{"@type":"EntryPoint","urlTemplate":"https:\/\/arabian-mood.com\/?s={search_term_string}"},"query-input":{"@type":"PropertyValueSpecification","valueRequired":true,"valueName":"search_term_string"}}],"inLanguage":"nl-NL"},{"@type":"Organization","@id":"https:\/\/arabian-mood.com\/#organization","name":"Arabische Sfeer","url":"https:\/\/arabian-mood.com\/","logo":{"@type":"ImageObject","inLanguage":"nl-NL","@id":"https:\/\/arabian-mood.com\/#\/schema\/logo\/image\/","url":"https:\/\/arabian-mood.com\/wp-content\/uploads\/2024\/09\/Groupe-11304.svg","contentUrl":"https:\/\/arabian-mood.com\/wp-content\/uploads\/2024\/09\/Groupe-11304.svg","width":214,"height":27,"caption":"Arabian Mood"},"image":{"@id":"https:\/\/arabian-mood.com\/#\/schema\/logo\/image\/"},"sameAs":["https:\/\/www.instagram.com\/arabianmoodofficiel\/"]}]}},"_links":{"self":[{"href":"https:\/\/arabian-mood.com\/nl\/wp-json\/wp\/v2\/product\/10727","targetHints":{"allow":["GET"]}}],"collection":[{"href":"https:\/\/arabian-mood.com\/nl\/wp-json\/wp\/v2\/product"}],"about":[{"href":"https:\/\/arabian-mood.com\/nl\/wp-json\/wp\/v2\/types\/product"}],"wp:featuredmedia":[{"embeddable":true,"href":"https:\/\/arabian-mood.com\/nl\/wp-json\/wp\/v2\/media\/10728"}],"wp:attachment":[{"href":"https:\/\/arabian-mood.com\/nl\/wp-json\/wp\/v2\/media?parent=10727"}],"wp:term":[{"taxonomy":"product_brand","embeddable":true,"href":"https:\/\/arabian-mood.com\/nl\/wp-json\/wp\/v2\/product_brand?post=10727"},{"taxonomy":"product_cat","embeddable":true,"href":"https:\/\/arabian-mood.com\/nl\/wp-json\/wp\/v2\/product_cat?post=10727"},{"taxonomy":"product_tag","embeddable":true,"href":"https:\/\/arabian-mood.com\/nl\/wp-json\/wp\/v2\/product_tag?post=10727"}],"curies":[{"name":"wp","href":"https:\/\/api.w.org\/{rel}","templated":true}]}}