{"id":3915,"date":"2021-11-03T10:10:47","date_gmt":"2021-11-03T09:10:47","guid":{"rendered":"https:\/\/arabian-mood.com\/produit\/kalemat\/"},"modified":"2026-02-26T18:16:53","modified_gmt":"2026-02-26T17:16:53","slug":"kalemat-arabian-oud","status":"publish","type":"product","link":"https:\/\/arabian-mood.com\/nl\/produit\/kalemat-arabian-oud\/","title":{"rendered":"Kalemat 100 ml \u2013 Arabian Oud"},"content":{"rendered":"<h2 style=\"text-align: center;\">Kalemat, la signature de chez Arabian Oud<\/h2>\n<p style=\"text-align: center;\">Vu qu&#8217;un parfum vaut bien plus que mille mots, succombez pour <strong>Kalemat Arabian Oud<\/strong>.<\/p>\n<p style=\"text-align: center;\">\u00c9lu \u00e0 plusieurs reprises au <strong>festival de la parfumerie FIFI AWARDS<\/strong> comme &#8220;<strong>meilleur parfum au monde<\/strong>&#8220;. La\u00a0fragrance signature de la marque ne manquera pas de faire parler d&#8217;elle.<\/p>\n<h3 style=\"text-align: center;\"><strong>Description\u00a0<\/strong><\/h3>\n<p style=\"text-align: center;\">L&#8217;eau de parfum prend vie dans une symphonie de notes chaudes. Pour d\u00e9buter, l&#8217;anis, la Noix de muscade et la cannelle se font ressentir dans toute la note de t\u00eate. L&#8217;\u00e9volution se veut beaucoup plus gourmande avec ce subtile m\u00e9lange de miel et de romarin. L&#8217;effluve vient cl\u00f4turer ce bal de notes en\u00a0s\u2019appuyant sur des mati\u00e8res premi\u00e8res exceptionnelle : le Musc, l\u2019ambre gris et le Oud.<\/p>\n<p style=\"text-align: center;\">Le fragrance vient se loger dans un \u00e9crin \u00e9l\u00e9gant au style \u00e9pur\u00e9. Avec une volont\u00e9 de nous inviter dans un monde o\u00f9 les mots ne trouvent leurs sens que dans un style olfactive, cette eau de parfum traduit \u00e0 la \u00a0perfection l&#8217;hymne du Moyen-Orient.<\/p>\n<h2 style=\"text-align: center;\"><b>De quel fa\u00e7on intensifier le sillage de votre parfum Kalemat Arabian Oud?<\/b><\/h2>\n<p style=\"text-align: center;\">La technique la plus connu pour intensifier votre fragrance est la technique du <strong>layering<\/strong>. Le layering est une m\u00e9thode tr\u00e8s convoit\u00e9e dans la monde de la <strong>parfumerie de niche<\/strong>. Cette m\u00e9thode venu du moyen orient consiste \u00e0 superposer plusieurs fragrance pour ainsi intensifier votre sillage. Chez Arabian Mood, nous vous conseillons de combiner votre Kalemat \u00e0 une <strong>fragrance vanill\u00e9<\/strong> comme le tr\u00e8s c\u00e9l\u00e8bre <strong><a href=\"https:\/\/arabian-mood.com\/nl\/product-2\/parfum-rosewood-arabian-oud\/\">Rosewood<\/a><\/strong>.<\/p>\n<h2 style=\"text-align: center;\"><b>\u00c0 qui est destin\u00e9 l&#8217;eau de parfum Kalemat By Arabian Oud ?<\/b><\/h2>\n<p style=\"text-align: center;\">\u00a0Que vous soyez une femme en qu\u00eate de voyage olfactive ou un business man moderne, cette effluve saura combler vos attente. Con\u00e7u dans le but de se porter aussi bien sous la froideur hivernal que sous les beau rayons de soleil de l&#8217;\u00e9t\u00e9, Kalemat By Arabian Oud ne cessera de vous intriguer.<\/p>\n<p>&nbsp;<\/p>\n<p>&nbsp;<\/p>","protected":false},"excerpt":{"rendered":"<p><strong>Topnoot<\/strong> : Anis, Myrtille<br \/>\n<strong>Hartnoot<\/strong> : Bois de cachemire, Notes fleuries, Romarin<br \/>\n<strong>Achtergrondnotitie<\/strong> : Ambre, Miel, Musc<\/p>\n<p><strong>Genre:<\/strong> gemengd<\/p>","protected":false},"featured_media":7529,"template":"","meta":[],"product_brand":[],"product_cat":[519,152,433],"product_tag":[],"class_list":{"0":"post-3915","1":"product","2":"type-product","3":"status-publish","4":"has-post-thumbnail","6":"product_cat-arabian-oud","7":"product_cat-mixte","8":"product_cat-parfums-de-dubai","10":"first","11":"instock","12":"sale","13":"purchasable","14":"product-type-simple"},"yoast_head":"<!-- This site is optimized with the Yoast SEO plugin v27.4 - https:\/\/yoast.com\/product\/yoast-seo-wordpress\/ -->\n<title>Kalemat Arabian Oud | Eau de parfum 100 ml<\/title>\n<meta name=\"description\" content=\"Le parfum Kalemat By Arabian Oud a \u00e9t\u00e9 \u00e9lu \u00e0 plusieurs reprises \u00ab meilleurs parfums au monde \u00bb. La fragrance signature de la maison de parfum.\" \/>\n<meta name=\"robots\" content=\"index, follow, max-snippet:-1, max-image-preview:large, max-video-preview:-1\" \/>\n<link rel=\"canonical\" href=\"https:\/\/arabian-mood.com\/nl\/product-2\/kalemat-arabian-oud\/\" \/>\n<meta property=\"og:locale\" content=\"nl_NL\" \/>\n<meta property=\"og:type\" content=\"article\" \/>\n<meta property=\"og:title\" content=\"Kalemat Arabian Oud | Eau de parfum 100 ml\" \/>\n<meta property=\"og:description\" content=\"Le parfum Kalemat By Arabian Oud a \u00e9t\u00e9 \u00e9lu \u00e0 plusieurs reprises \u00ab meilleurs parfums au monde \u00bb. La fragrance signature de la maison de parfum.\" \/>\n<meta property=\"og:url\" content=\"https:\/\/arabian-mood.com\/nl\/product-2\/kalemat-arabian-oud\/\" \/>\n<meta property=\"og:site_name\" content=\"Arabian Mood\" \/>\n<meta property=\"article:modified_time\" content=\"2026-02-26T17:16:53+00:00\" \/>\n<meta property=\"og:image\" content=\"https:\/\/arabian-mood.com\/wp-content\/uploads\/2021\/11\/KALEMAT-3.png\" \/>\n\t<meta property=\"og:image:width\" content=\"900\" \/>\n\t<meta property=\"og:image:height\" content=\"900\" \/>\n\t<meta property=\"og:image:type\" content=\"image\/png\" \/>\n<meta name=\"twitter:card\" content=\"summary_large_image\" \/>\n<meta name=\"twitter:label1\" content=\"Est. reading time\" \/>\n\t<meta name=\"twitter:data1\" content=\"2 minuten\" \/>\n<script type=\"application\/ld+json\" class=\"yoast-schema-graph\">{\"@context\":\"https:\\\/\\\/schema.org\",\"@graph\":[{\"@type\":\"WebPage\",\"@id\":\"https:\\\/\\\/arabian-mood.com\\\/produit\\\/kalemat-arabian-oud\\\/\",\"url\":\"https:\\\/\\\/arabian-mood.com\\\/produit\\\/kalemat-arabian-oud\\\/\",\"name\":\"Kalemat Arabian Oud | Eau de parfum 100 ml\",\"isPartOf\":{\"@id\":\"https:\\\/\\\/arabian-mood.com\\\/#website\"},\"primaryImageOfPage\":{\"@id\":\"https:\\\/\\\/arabian-mood.com\\\/produit\\\/kalemat-arabian-oud\\\/#primaryimage\"},\"image\":{\"@id\":\"https:\\\/\\\/arabian-mood.com\\\/produit\\\/kalemat-arabian-oud\\\/#primaryimage\"},\"thumbnailUrl\":\"https:\\\/\\\/arabian-mood.com\\\/wp-content\\\/uploads\\\/2021\\\/11\\\/KALEMAT-3.png\",\"datePublished\":\"2021-11-03T09:10:47+00:00\",\"dateModified\":\"2026-02-26T17:16:53+00:00\",\"description\":\"Le parfum Kalemat By Arabian Oud a \u00e9t\u00e9 \u00e9lu \u00e0 plusieurs reprises \u00ab meilleurs parfums au monde \u00bb. La fragrance signature de la maison de parfum.\",\"breadcrumb\":{\"@id\":\"https:\\\/\\\/arabian-mood.com\\\/produit\\\/kalemat-arabian-oud\\\/#breadcrumb\"},\"inLanguage\":\"nl-NL\",\"potentialAction\":[{\"@type\":\"ReadAction\",\"target\":[\"https:\\\/\\\/arabian-mood.com\\\/produit\\\/kalemat-arabian-oud\\\/\"]}]},{\"@type\":\"ImageObject\",\"inLanguage\":\"nl-NL\",\"@id\":\"https:\\\/\\\/arabian-mood.com\\\/produit\\\/kalemat-arabian-oud\\\/#primaryimage\",\"url\":\"https:\\\/\\\/arabian-mood.com\\\/wp-content\\\/uploads\\\/2021\\\/11\\\/KALEMAT-3.png\",\"contentUrl\":\"https:\\\/\\\/arabian-mood.com\\\/wp-content\\\/uploads\\\/2021\\\/11\\\/KALEMAT-3.png\",\"width\":900,\"height\":900,\"caption\":\"PARFUM KALEMAT\"},{\"@type\":\"BreadcrumbList\",\"@id\":\"https:\\\/\\\/arabian-mood.com\\\/produit\\\/kalemat-arabian-oud\\\/#breadcrumb\",\"itemListElement\":[{\"@type\":\"ListItem\",\"position\":1,\"name\":\"Accueil\",\"item\":\"https:\\\/\\\/arabian-mood.com\\\/\"},{\"@type\":\"ListItem\",\"position\":2,\"name\":\"Boutique\",\"item\":\"https:\\\/\\\/arabian-mood.com\\\/boutique\\\/\"},{\"@type\":\"ListItem\",\"position\":3,\"name\":\"Kalemat 100 ml &#8211; Arabian Oud\"}]},{\"@type\":\"WebSite\",\"@id\":\"https:\\\/\\\/arabian-mood.com\\\/#website\",\"url\":\"https:\\\/\\\/arabian-mood.com\\\/\",\"name\":\"Arabian Mood\",\"description\":\"\",\"publisher\":{\"@id\":\"https:\\\/\\\/arabian-mood.com\\\/#organization\"},\"potentialAction\":[{\"@type\":\"SearchAction\",\"target\":{\"@type\":\"EntryPoint\",\"urlTemplate\":\"https:\\\/\\\/arabian-mood.com\\\/?s={search_term_string}\"},\"query-input\":{\"@type\":\"PropertyValueSpecification\",\"valueRequired\":true,\"valueName\":\"search_term_string\"}}],\"inLanguage\":\"nl-NL\"},{\"@type\":\"Organization\",\"@id\":\"https:\\\/\\\/arabian-mood.com\\\/#organization\",\"name\":\"Arabian Mood\",\"url\":\"https:\\\/\\\/arabian-mood.com\\\/\",\"logo\":{\"@type\":\"ImageObject\",\"inLanguage\":\"nl-NL\",\"@id\":\"https:\\\/\\\/arabian-mood.com\\\/#\\\/schema\\\/logo\\\/image\\\/\",\"url\":\"https:\\\/\\\/arabian-mood.com\\\/wp-content\\\/uploads\\\/2024\\\/09\\\/Groupe-11304.svg\",\"contentUrl\":\"https:\\\/\\\/arabian-mood.com\\\/wp-content\\\/uploads\\\/2024\\\/09\\\/Groupe-11304.svg\",\"width\":214,\"height\":27,\"caption\":\"Arabian Mood\"},\"image\":{\"@id\":\"https:\\\/\\\/arabian-mood.com\\\/#\\\/schema\\\/logo\\\/image\\\/\"},\"sameAs\":[\"https:\\\/\\\/www.instagram.com\\\/arabianmoodofficiel\\\/\"]}]}<\/script>\n<!-- \/ Yoast SEO plugin. -->","yoast_head_json":{"title":"Kalemat Arabian Oud | Eau de parfum 100 ml","description":"Le parfum Kalemat By Arabian Oud a \u00e9t\u00e9 \u00e9lu \u00e0 plusieurs reprises \u00ab meilleurs parfums au monde \u00bb. La fragrance signature de la maison de parfum.","robots":{"index":"index","follow":"follow","max-snippet":"max-snippet:-1","max-image-preview":"max-image-preview:large","max-video-preview":"max-video-preview:-1"},"canonical":"https:\/\/arabian-mood.com\/nl\/product-2\/kalemat-arabian-oud\/","og_locale":"nl_NL","og_type":"article","og_title":"Kalemat Arabian Oud | Eau de parfum 100 ml","og_description":"Le parfum Kalemat By Arabian Oud a \u00e9t\u00e9 \u00e9lu \u00e0 plusieurs reprises \u00ab meilleurs parfums au monde \u00bb. La fragrance signature de la maison de parfum.","og_url":"https:\/\/arabian-mood.com\/nl\/product-2\/kalemat-arabian-oud\/","og_site_name":"Arabian Mood","article_modified_time":"2026-02-26T17:16:53+00:00","og_image":[{"width":900,"height":900,"url":"https:\/\/arabian-mood.com\/wp-content\/uploads\/2021\/11\/KALEMAT-3.png","type":"image\/png"}],"twitter_card":"summary_large_image","twitter_misc":{"Est. reading time":"2 minuten"},"schema":{"@context":"https:\/\/schema.org","@graph":[{"@type":"WebPage","@id":"https:\/\/arabian-mood.com\/produit\/kalemat-arabian-oud\/","url":"https:\/\/arabian-mood.com\/produit\/kalemat-arabian-oud\/","name":"Kalemat Arabian Oud | Eau de parfum 100 ml","isPartOf":{"@id":"https:\/\/arabian-mood.com\/#website"},"primaryImageOfPage":{"@id":"https:\/\/arabian-mood.com\/produit\/kalemat-arabian-oud\/#primaryimage"},"image":{"@id":"https:\/\/arabian-mood.com\/produit\/kalemat-arabian-oud\/#primaryimage"},"thumbnailUrl":"https:\/\/arabian-mood.com\/wp-content\/uploads\/2021\/11\/KALEMAT-3.png","datePublished":"2021-11-03T09:10:47+00:00","dateModified":"2026-02-26T17:16:53+00:00","description":"Le parfum Kalemat By Arabian Oud a \u00e9t\u00e9 \u00e9lu \u00e0 plusieurs reprises \u00ab meilleurs parfums au monde \u00bb. La fragrance signature de la maison de parfum.","breadcrumb":{"@id":"https:\/\/arabian-mood.com\/produit\/kalemat-arabian-oud\/#breadcrumb"},"inLanguage":"nl-NL","potentialAction":[{"@type":"ReadAction","target":["https:\/\/arabian-mood.com\/produit\/kalemat-arabian-oud\/"]}]},{"@type":"ImageObject","inLanguage":"nl-NL","@id":"https:\/\/arabian-mood.com\/produit\/kalemat-arabian-oud\/#primaryimage","url":"https:\/\/arabian-mood.com\/wp-content\/uploads\/2021\/11\/KALEMAT-3.png","contentUrl":"https:\/\/arabian-mood.com\/wp-content\/uploads\/2021\/11\/KALEMAT-3.png","width":900,"height":900,"caption":"PARFUM KALEMAT"},{"@type":"BreadcrumbList","@id":"https:\/\/arabian-mood.com\/produit\/kalemat-arabian-oud\/#breadcrumb","itemListElement":[{"@type":"ListItem","position":1,"name":"Accueil","item":"https:\/\/arabian-mood.com\/"},{"@type":"ListItem","position":2,"name":"Boutique","item":"https:\/\/arabian-mood.com\/boutique\/"},{"@type":"ListItem","position":3,"name":"Kalemat 100 ml &#8211; Arabian Oud"}]},{"@type":"WebSite","@id":"https:\/\/arabian-mood.com\/#website","url":"https:\/\/arabian-mood.com\/","name":"Arabische Sfeer","description":"","publisher":{"@id":"https:\/\/arabian-mood.com\/#organization"},"potentialAction":[{"@type":"SearchAction","target":{"@type":"EntryPoint","urlTemplate":"https:\/\/arabian-mood.com\/?s={search_term_string}"},"query-input":{"@type":"PropertyValueSpecification","valueRequired":true,"valueName":"search_term_string"}}],"inLanguage":"nl-NL"},{"@type":"Organization","@id":"https:\/\/arabian-mood.com\/#organization","name":"Arabische Sfeer","url":"https:\/\/arabian-mood.com\/","logo":{"@type":"ImageObject","inLanguage":"nl-NL","@id":"https:\/\/arabian-mood.com\/#\/schema\/logo\/image\/","url":"https:\/\/arabian-mood.com\/wp-content\/uploads\/2024\/09\/Groupe-11304.svg","contentUrl":"https:\/\/arabian-mood.com\/wp-content\/uploads\/2024\/09\/Groupe-11304.svg","width":214,"height":27,"caption":"Arabian Mood"},"image":{"@id":"https:\/\/arabian-mood.com\/#\/schema\/logo\/image\/"},"sameAs":["https:\/\/www.instagram.com\/arabianmoodofficiel\/"]}]}},"_links":{"self":[{"href":"https:\/\/arabian-mood.com\/nl\/wp-json\/wp\/v2\/product\/3915","targetHints":{"allow":["GET"]}}],"collection":[{"href":"https:\/\/arabian-mood.com\/nl\/wp-json\/wp\/v2\/product"}],"about":[{"href":"https:\/\/arabian-mood.com\/nl\/wp-json\/wp\/v2\/types\/product"}],"wp:featuredmedia":[{"embeddable":true,"href":"https:\/\/arabian-mood.com\/nl\/wp-json\/wp\/v2\/media\/7529"}],"wp:attachment":[{"href":"https:\/\/arabian-mood.com\/nl\/wp-json\/wp\/v2\/media?parent=3915"}],"wp:term":[{"taxonomy":"product_brand","embeddable":true,"href":"https:\/\/arabian-mood.com\/nl\/wp-json\/wp\/v2\/product_brand?post=3915"},{"taxonomy":"product_cat","embeddable":true,"href":"https:\/\/arabian-mood.com\/nl\/wp-json\/wp\/v2\/product_cat?post=3915"},{"taxonomy":"product_tag","embeddable":true,"href":"https:\/\/arabian-mood.com\/nl\/wp-json\/wp\/v2\/product_tag?post=3915"}],"curies":[{"name":"wp","href":"https:\/\/api.w.org\/{rel}","templated":true}]}}