{"id":3929,"date":"2021-11-03T10:10:47","date_gmt":"2021-11-03T09:10:47","guid":{"rendered":"https:\/\/arabian-mood.com\/produit\/rosewood\/"},"modified":"2026-02-26T11:37:04","modified_gmt":"2026-02-26T10:37:04","slug":"parfum-rosewood-arabian-oud","status":"publish","type":"product","link":"https:\/\/arabian-mood.com\/nl\/produit\/parfum-rosewood-arabian-oud\/","title":{"rendered":"Rosewood 100 ml \u2013 Arabische Oud"},"content":{"rendered":"<p style=\"text-align: center;\">Mixte et moderne, Rosewood\u00a0est une fragrance captivante lanc\u00e9 en 2018 par la maison de parfum Arabian Oud. Pens\u00e9 pour \u00eatre votre compagnon durant les belles journ\u00e9e d&#8217;\u00e9t\u00e9 que durant l&#8217;hiver, il \u00e9voluera magnifiquement sur votre peau.<\/p>\n<h2 style=\"text-align: center;\">Description de Rosewood by Arabian Oud<\/h2>\n<p style=\"text-align: center;\">L&#8217;eau de parfum Rosewood est une composition gourmande et d\u00e9licate. D&#8217;entr\u00e9e, la fragrance s&#8217;ouvre sur des touches de notes fruit\u00e9 a base de fraise et de framboise, rafraichi par un zeste de bergamote. On se laisse ensuite subtilement emporter par des notes de c\u0153ur \u00e0 base de rose aux accents d&#8217;ambre. La touche finale : le raffinement des bois pr\u00e9cieux et du musc magnifiquement mari\u00e9 \u00e0 la\u00a0gousse de vanille de l&#8217;\u00eele de Madagascar.<\/p>\n<p style=\"text-align: center;\">Dans un style qui est propre a la maison de parfum, le sens de la fragrance se lit parfaitement dans la\u00a0conception de son design.\u00a0Dessin\u00e9 avec des courbes sensuel et \u00e9l\u00e9gante. La marque \u00e0 mis\u00e9 sur un style classique pour la conception de son \u00e9crin.\u00a0\u00c9voluant dans un registre enivrant, laissez vous captiver par l&#8217;eau de parfum Rosewood By Arabian Oud.<\/p>\n<p>&nbsp;<\/p>\n<p style=\"text-align: center;\">","protected":false},"excerpt":{"rendered":"<ul>\n<li><strong>Topnoten:<\/strong> Fruits rouges<\/li>\n<li><strong>Hartnoten:<\/strong> Rose bulgare<\/li>\n<li><strong>Achtergrondnotities:<\/strong> Vanille de Madagascar<\/li>\n<\/ul>\n<p><strong>Genre:<\/strong>\u00a0gemengd<\/p>","protected":false},"featured_media":7535,"template":"","meta":[],"product_brand":[],"product_cat":[519],"product_tag":[],"class_list":{"0":"post-3929","1":"product","2":"type-product","3":"status-publish","4":"has-post-thumbnail","6":"product_cat-arabian-oud","8":"first","9":"instock","10":"sale","11":"purchasable","12":"product-type-simple"},"yoast_head":"<!-- This site is optimized with the Yoast SEO plugin v27.5 - https:\/\/yoast.com\/product\/yoast-seo-wordpress\/ -->\n<title>Eau de parfum Rosewood 100 ml | Arabian oud<\/title>\n<meta name=\"description\" content=\"Mixte et moderne, Rosewood\u00a0est un parfum charmeur lanc\u00e9 en 2018 par la maison Arabian Oud. Pens\u00e9 pour \u00eatre votre compagnon de chaque instant.\" \/>\n<meta name=\"robots\" content=\"index, follow, max-snippet:-1, max-image-preview:large, max-video-preview:-1\" \/>\n<link rel=\"canonical\" href=\"https:\/\/arabian-mood.com\/nl\/product-2\/parfum-rosewood-arabian-oud\/\" \/>\n<meta property=\"og:locale\" content=\"nl_NL\" \/>\n<meta property=\"og:type\" content=\"article\" \/>\n<meta property=\"og:title\" content=\"Eau de parfum Rosewood 100 ml | Arabian oud\" \/>\n<meta property=\"og:description\" content=\"Mixte et moderne, Rosewood\u00a0est un parfum charmeur lanc\u00e9 en 2018 par la maison Arabian Oud. Pens\u00e9 pour \u00eatre votre compagnon de chaque instant.\" \/>\n<meta property=\"og:url\" content=\"https:\/\/arabian-mood.com\/nl\/product-2\/parfum-rosewood-arabian-oud\/\" \/>\n<meta property=\"og:site_name\" content=\"Arabian Mood\" \/>\n<meta property=\"article:modified_time\" content=\"2026-02-26T10:37:04+00:00\" \/>\n<meta property=\"og:image\" content=\"https:\/\/arabian-mood.com\/wp-content\/uploads\/2021\/11\/ROSEWOOD-3.png\" \/>\n\t<meta property=\"og:image:width\" content=\"900\" \/>\n\t<meta property=\"og:image:height\" content=\"900\" \/>\n\t<meta property=\"og:image:type\" content=\"image\/png\" \/>\n<meta name=\"twitter:card\" content=\"summary_large_image\" \/>\n<meta name=\"twitter:label1\" content=\"Geschatte leestijd\" \/>\n\t<meta name=\"twitter:data1\" content=\"2 minuten\" \/>\n<script type=\"application\/ld+json\" class=\"yoast-schema-graph\">{\"@context\":\"https:\\\/\\\/schema.org\",\"@graph\":[{\"@type\":\"WebPage\",\"@id\":\"https:\\\/\\\/arabian-mood.com\\\/produit\\\/parfum-rosewood-arabian-oud\\\/\",\"url\":\"https:\\\/\\\/arabian-mood.com\\\/produit\\\/parfum-rosewood-arabian-oud\\\/\",\"name\":\"Eau de parfum Rosewood 100 ml | Arabian oud\",\"isPartOf\":{\"@id\":\"https:\\\/\\\/arabian-mood.com\\\/#website\"},\"primaryImageOfPage\":{\"@id\":\"https:\\\/\\\/arabian-mood.com\\\/produit\\\/parfum-rosewood-arabian-oud\\\/#primaryimage\"},\"image\":{\"@id\":\"https:\\\/\\\/arabian-mood.com\\\/produit\\\/parfum-rosewood-arabian-oud\\\/#primaryimage\"},\"thumbnailUrl\":\"https:\\\/\\\/arabian-mood.com\\\/wp-content\\\/uploads\\\/2021\\\/11\\\/ROSEWOOD-3.png\",\"datePublished\":\"2021-11-03T09:10:47+00:00\",\"dateModified\":\"2026-02-26T10:37:04+00:00\",\"description\":\"Mixte et moderne, Rosewood\u00a0est un parfum charmeur lanc\u00e9 en 2018 par la maison Arabian Oud. Pens\u00e9 pour \u00eatre votre compagnon de chaque instant.\",\"breadcrumb\":{\"@id\":\"https:\\\/\\\/arabian-mood.com\\\/produit\\\/parfum-rosewood-arabian-oud\\\/#breadcrumb\"},\"inLanguage\":\"nl-NL\",\"potentialAction\":[{\"@type\":\"ReadAction\",\"target\":[\"https:\\\/\\\/arabian-mood.com\\\/produit\\\/parfum-rosewood-arabian-oud\\\/\"]}]},{\"@type\":\"ImageObject\",\"inLanguage\":\"nl-NL\",\"@id\":\"https:\\\/\\\/arabian-mood.com\\\/produit\\\/parfum-rosewood-arabian-oud\\\/#primaryimage\",\"url\":\"https:\\\/\\\/arabian-mood.com\\\/wp-content\\\/uploads\\\/2021\\\/11\\\/ROSEWOOD-3.png\",\"contentUrl\":\"https:\\\/\\\/arabian-mood.com\\\/wp-content\\\/uploads\\\/2021\\\/11\\\/ROSEWOOD-3.png\",\"width\":900,\"height\":900,\"caption\":\"Arabian Oud ROSEWOOD\"},{\"@type\":\"BreadcrumbList\",\"@id\":\"https:\\\/\\\/arabian-mood.com\\\/produit\\\/parfum-rosewood-arabian-oud\\\/#breadcrumb\",\"itemListElement\":[{\"@type\":\"ListItem\",\"position\":1,\"name\":\"Accueil\",\"item\":\"https:\\\/\\\/arabian-mood.com\\\/\"},{\"@type\":\"ListItem\",\"position\":2,\"name\":\"Boutique\",\"item\":\"https:\\\/\\\/arabian-mood.com\\\/boutique\\\/\"},{\"@type\":\"ListItem\",\"position\":3,\"name\":\"Rosewood 100 ml &#8211; Arabian Oud\"}]},{\"@type\":\"WebSite\",\"@id\":\"https:\\\/\\\/arabian-mood.com\\\/#website\",\"url\":\"https:\\\/\\\/arabian-mood.com\\\/\",\"name\":\"Arabian Mood\",\"description\":\"\",\"publisher\":{\"@id\":\"https:\\\/\\\/arabian-mood.com\\\/#organization\"},\"potentialAction\":[{\"@type\":\"SearchAction\",\"target\":{\"@type\":\"EntryPoint\",\"urlTemplate\":\"https:\\\/\\\/arabian-mood.com\\\/?s={search_term_string}\"},\"query-input\":{\"@type\":\"PropertyValueSpecification\",\"valueRequired\":true,\"valueName\":\"search_term_string\"}}],\"inLanguage\":\"nl-NL\"},{\"@type\":\"Organization\",\"@id\":\"https:\\\/\\\/arabian-mood.com\\\/#organization\",\"name\":\"Arabian Mood\",\"url\":\"https:\\\/\\\/arabian-mood.com\\\/\",\"logo\":{\"@type\":\"ImageObject\",\"inLanguage\":\"nl-NL\",\"@id\":\"https:\\\/\\\/arabian-mood.com\\\/#\\\/schema\\\/logo\\\/image\\\/\",\"url\":\"https:\\\/\\\/arabian-mood.com\\\/wp-content\\\/uploads\\\/2024\\\/09\\\/Groupe-11304.svg\",\"contentUrl\":\"https:\\\/\\\/arabian-mood.com\\\/wp-content\\\/uploads\\\/2024\\\/09\\\/Groupe-11304.svg\",\"width\":214,\"height\":27,\"caption\":\"Arabian Mood\"},\"image\":{\"@id\":\"https:\\\/\\\/arabian-mood.com\\\/#\\\/schema\\\/logo\\\/image\\\/\"},\"sameAs\":[\"https:\\\/\\\/www.instagram.com\\\/arabianmoodofficiel\\\/\"]}]}<\/script>\n<!-- \/ Yoast SEO plugin. -->","yoast_head_json":{"title":"Eau de parfum Rosewood 100 ml | Arabian oud","description":"Mixte et moderne, Rosewood\u00a0est un parfum charmeur lanc\u00e9 en 2018 par la maison Arabian Oud. Pens\u00e9 pour \u00eatre votre compagnon de chaque instant.","robots":{"index":"index","follow":"follow","max-snippet":"max-snippet:-1","max-image-preview":"max-image-preview:large","max-video-preview":"max-video-preview:-1"},"canonical":"https:\/\/arabian-mood.com\/nl\/product-2\/parfum-rosewood-arabian-oud\/","og_locale":"nl_NL","og_type":"article","og_title":"Eau de parfum Rosewood 100 ml | Arabian oud","og_description":"Mixte et moderne, Rosewood\u00a0est un parfum charmeur lanc\u00e9 en 2018 par la maison Arabian Oud. Pens\u00e9 pour \u00eatre votre compagnon de chaque instant.","og_url":"https:\/\/arabian-mood.com\/nl\/product-2\/parfum-rosewood-arabian-oud\/","og_site_name":"Arabian Mood","article_modified_time":"2026-02-26T10:37:04+00:00","og_image":[{"width":900,"height":900,"url":"https:\/\/arabian-mood.com\/wp-content\/uploads\/2021\/11\/ROSEWOOD-3.png","type":"image\/png"}],"twitter_card":"summary_large_image","twitter_misc":{"Geschatte leestijd":"2 minuten"},"schema":{"@context":"https:\/\/schema.org","@graph":[{"@type":"WebPage","@id":"https:\/\/arabian-mood.com\/produit\/parfum-rosewood-arabian-oud\/","url":"https:\/\/arabian-mood.com\/produit\/parfum-rosewood-arabian-oud\/","name":"Eau de parfum Rosewood 100 ml | Arabian oud","isPartOf":{"@id":"https:\/\/arabian-mood.com\/#website"},"primaryImageOfPage":{"@id":"https:\/\/arabian-mood.com\/produit\/parfum-rosewood-arabian-oud\/#primaryimage"},"image":{"@id":"https:\/\/arabian-mood.com\/produit\/parfum-rosewood-arabian-oud\/#primaryimage"},"thumbnailUrl":"https:\/\/arabian-mood.com\/wp-content\/uploads\/2021\/11\/ROSEWOOD-3.png","datePublished":"2021-11-03T09:10:47+00:00","dateModified":"2026-02-26T10:37:04+00:00","description":"Mixte et moderne, Rosewood\u00a0est un parfum charmeur lanc\u00e9 en 2018 par la maison Arabian Oud. Pens\u00e9 pour \u00eatre votre compagnon de chaque instant.","breadcrumb":{"@id":"https:\/\/arabian-mood.com\/produit\/parfum-rosewood-arabian-oud\/#breadcrumb"},"inLanguage":"nl-NL","potentialAction":[{"@type":"ReadAction","target":["https:\/\/arabian-mood.com\/produit\/parfum-rosewood-arabian-oud\/"]}]},{"@type":"ImageObject","inLanguage":"nl-NL","@id":"https:\/\/arabian-mood.com\/produit\/parfum-rosewood-arabian-oud\/#primaryimage","url":"https:\/\/arabian-mood.com\/wp-content\/uploads\/2021\/11\/ROSEWOOD-3.png","contentUrl":"https:\/\/arabian-mood.com\/wp-content\/uploads\/2021\/11\/ROSEWOOD-3.png","width":900,"height":900,"caption":"Arabian Oud ROSEWOOD"},{"@type":"BreadcrumbList","@id":"https:\/\/arabian-mood.com\/produit\/parfum-rosewood-arabian-oud\/#breadcrumb","itemListElement":[{"@type":"ListItem","position":1,"name":"Accueil","item":"https:\/\/arabian-mood.com\/"},{"@type":"ListItem","position":2,"name":"Boutique","item":"https:\/\/arabian-mood.com\/boutique\/"},{"@type":"ListItem","position":3,"name":"Rosewood 100 ml &#8211; Arabian Oud"}]},{"@type":"WebSite","@id":"https:\/\/arabian-mood.com\/#website","url":"https:\/\/arabian-mood.com\/","name":"Arabische Sfeer","description":"","publisher":{"@id":"https:\/\/arabian-mood.com\/#organization"},"potentialAction":[{"@type":"SearchAction","target":{"@type":"EntryPoint","urlTemplate":"https:\/\/arabian-mood.com\/?s={search_term_string}"},"query-input":{"@type":"PropertyValueSpecification","valueRequired":true,"valueName":"search_term_string"}}],"inLanguage":"nl-NL"},{"@type":"Organization","@id":"https:\/\/arabian-mood.com\/#organization","name":"Arabische Sfeer","url":"https:\/\/arabian-mood.com\/","logo":{"@type":"ImageObject","inLanguage":"nl-NL","@id":"https:\/\/arabian-mood.com\/#\/schema\/logo\/image\/","url":"https:\/\/arabian-mood.com\/wp-content\/uploads\/2024\/09\/Groupe-11304.svg","contentUrl":"https:\/\/arabian-mood.com\/wp-content\/uploads\/2024\/09\/Groupe-11304.svg","width":214,"height":27,"caption":"Arabian Mood"},"image":{"@id":"https:\/\/arabian-mood.com\/#\/schema\/logo\/image\/"},"sameAs":["https:\/\/www.instagram.com\/arabianmoodofficiel\/"]}]}},"_links":{"self":[{"href":"https:\/\/arabian-mood.com\/nl\/wp-json\/wp\/v2\/product\/3929","targetHints":{"allow":["GET"]}}],"collection":[{"href":"https:\/\/arabian-mood.com\/nl\/wp-json\/wp\/v2\/product"}],"about":[{"href":"https:\/\/arabian-mood.com\/nl\/wp-json\/wp\/v2\/types\/product"}],"wp:featuredmedia":[{"embeddable":true,"href":"https:\/\/arabian-mood.com\/nl\/wp-json\/wp\/v2\/media\/7535"}],"wp:attachment":[{"href":"https:\/\/arabian-mood.com\/nl\/wp-json\/wp\/v2\/media?parent=3929"}],"wp:term":[{"taxonomy":"product_brand","embeddable":true,"href":"https:\/\/arabian-mood.com\/nl\/wp-json\/wp\/v2\/product_brand?post=3929"},{"taxonomy":"product_cat","embeddable":true,"href":"https:\/\/arabian-mood.com\/nl\/wp-json\/wp\/v2\/product_cat?post=3929"},{"taxonomy":"product_tag","embeddable":true,"href":"https:\/\/arabian-mood.com\/nl\/wp-json\/wp\/v2\/product_tag?post=3929"}],"curies":[{"name":"wp","href":"https:\/\/api.w.org\/{rel}","templated":true}]}}