{"id":3935,"date":"2021-11-03T10:10:47","date_gmt":"2021-11-03T09:10:47","guid":{"rendered":"https:\/\/arabian-mood.com\/produit\/asalat-al-musk\/"},"modified":"2026-02-23T13:49:04","modified_gmt":"2026-02-23T12:49:04","slug":"asalat-al-musk","status":"publish","type":"product","link":"https:\/\/arabian-mood.com\/nl\/produit\/asalat-al-musk\/","title":{"rendered":"Asalat Al Musk 100 ml \u2013 Arabische Oud"},"content":{"rendered":"<p>Asalat al Musk by Arabian Oud \u00a0est un moment de d\u00e9licatesse, une fragrance douce et a\u00e9able .<br \/>\nUn accord sophistiqu\u00e9 compos\u00e9 de muscs, qui \u00e9voque l\u2019effet d\u2019un cocon soyeux. Ce voile magique enveloppe un bouquet de fleurs de jasmin, qui d\u00e9gage un sillage cr\u00e9meux et d\u00e9licat enrob\u00e9 de pomme et de vanille .<\/p>","protected":false},"excerpt":{"rendered":"<p>Eau de parfum<\/p>","protected":false},"featured_media":4097,"template":"","meta":[],"product_brand":[],"product_cat":[519,152,433],"product_tag":[],"class_list":{"0":"post-3935","1":"product","2":"type-product","3":"status-publish","4":"has-post-thumbnail","6":"product_cat-arabian-oud","7":"product_cat-mixte","8":"product_cat-parfums-de-dubai","10":"first","11":"instock","12":"sale","13":"purchasable","14":"product-type-simple"},"yoast_head":"<!-- This site is optimized with the Yoast SEO plugin v27.4 - https:\/\/yoast.com\/product\/yoast-seo-wordpress\/ -->\n<title>Eau de parfum Asalat Al Musk | Arabian Oud<\/title>\n<meta name=\"description\" content=\"le parfum Asalat al Musk de la maison saoudienne Arabian Oud \u00a0est un moment de d\u00e9licatesse, une fragrance douce et agr\u00e9able .\" \/>\n<meta name=\"robots\" content=\"index, follow, max-snippet:-1, max-image-preview:large, max-video-preview:-1\" \/>\n<link rel=\"canonical\" href=\"https:\/\/arabian-mood.com\/nl\/product-2\/asalat-al-musk\/\" \/>\n<meta property=\"og:locale\" content=\"nl_NL\" \/>\n<meta property=\"og:type\" content=\"article\" \/>\n<meta property=\"og:title\" content=\"Eau de parfum Asalat Al Musk | Arabian Oud\" \/>\n<meta property=\"og:description\" content=\"le parfum Asalat al Musk de la maison saoudienne Arabian Oud \u00a0est un moment de d\u00e9licatesse, une fragrance douce et agr\u00e9able .\" \/>\n<meta property=\"og:url\" content=\"https:\/\/arabian-mood.com\/nl\/product-2\/asalat-al-musk\/\" \/>\n<meta property=\"og:site_name\" content=\"Arabian Mood\" \/>\n<meta property=\"article:modified_time\" content=\"2026-02-23T12:49:04+00:00\" \/>\n<meta property=\"og:image\" content=\"https:\/\/arabian-mood.com\/wp-content\/uploads\/2021\/11\/asalat-al-musk-1.png\" \/>\n\t<meta property=\"og:image:width\" content=\"570\" \/>\n\t<meta property=\"og:image:height\" content=\"730\" \/>\n\t<meta property=\"og:image:type\" content=\"image\/png\" \/>\n<meta name=\"twitter:card\" content=\"summary_large_image\" \/>\n<meta name=\"twitter:label1\" content=\"Est. reading time\" \/>\n\t<meta name=\"twitter:data1\" content=\"1 minuut\" \/>\n<script type=\"application\/ld+json\" class=\"yoast-schema-graph\">{\"@context\":\"https:\\\/\\\/schema.org\",\"@graph\":[{\"@type\":\"WebPage\",\"@id\":\"https:\\\/\\\/arabian-mood.com\\\/produit\\\/asalat-al-musk\\\/\",\"url\":\"https:\\\/\\\/arabian-mood.com\\\/produit\\\/asalat-al-musk\\\/\",\"name\":\"Eau de parfum Asalat Al Musk | Arabian Oud\",\"isPartOf\":{\"@id\":\"https:\\\/\\\/arabian-mood.com\\\/#website\"},\"primaryImageOfPage\":{\"@id\":\"https:\\\/\\\/arabian-mood.com\\\/produit\\\/asalat-al-musk\\\/#primaryimage\"},\"image\":{\"@id\":\"https:\\\/\\\/arabian-mood.com\\\/produit\\\/asalat-al-musk\\\/#primaryimage\"},\"thumbnailUrl\":\"https:\\\/\\\/arabian-mood.com\\\/wp-content\\\/uploads\\\/2021\\\/11\\\/asalat-al-musk-1.png\",\"datePublished\":\"2021-11-03T09:10:47+00:00\",\"dateModified\":\"2026-02-23T12:49:04+00:00\",\"description\":\"le parfum Asalat al Musk de la maison saoudienne Arabian Oud \u00a0est un moment de d\u00e9licatesse, une fragrance douce et agr\u00e9able .\",\"breadcrumb\":{\"@id\":\"https:\\\/\\\/arabian-mood.com\\\/produit\\\/asalat-al-musk\\\/#breadcrumb\"},\"inLanguage\":\"nl-NL\",\"potentialAction\":[{\"@type\":\"ReadAction\",\"target\":[\"https:\\\/\\\/arabian-mood.com\\\/produit\\\/asalat-al-musk\\\/\"]}]},{\"@type\":\"ImageObject\",\"inLanguage\":\"nl-NL\",\"@id\":\"https:\\\/\\\/arabian-mood.com\\\/produit\\\/asalat-al-musk\\\/#primaryimage\",\"url\":\"https:\\\/\\\/arabian-mood.com\\\/wp-content\\\/uploads\\\/2021\\\/11\\\/asalat-al-musk-1.png\",\"contentUrl\":\"https:\\\/\\\/arabian-mood.com\\\/wp-content\\\/uploads\\\/2021\\\/11\\\/asalat-al-musk-1.png\",\"width\":570,\"height\":730,\"caption\":\"asalat al musk Arabian Oud\"},{\"@type\":\"BreadcrumbList\",\"@id\":\"https:\\\/\\\/arabian-mood.com\\\/produit\\\/asalat-al-musk\\\/#breadcrumb\",\"itemListElement\":[{\"@type\":\"ListItem\",\"position\":1,\"name\":\"Accueil\",\"item\":\"https:\\\/\\\/arabian-mood.com\\\/\"},{\"@type\":\"ListItem\",\"position\":2,\"name\":\"Boutique\",\"item\":\"https:\\\/\\\/arabian-mood.com\\\/boutique\\\/\"},{\"@type\":\"ListItem\",\"position\":3,\"name\":\"Asalat Al Musk 100 ml &#8211; Arabian Oud\"}]},{\"@type\":\"WebSite\",\"@id\":\"https:\\\/\\\/arabian-mood.com\\\/#website\",\"url\":\"https:\\\/\\\/arabian-mood.com\\\/\",\"name\":\"Arabian Mood\",\"description\":\"\",\"publisher\":{\"@id\":\"https:\\\/\\\/arabian-mood.com\\\/#organization\"},\"potentialAction\":[{\"@type\":\"SearchAction\",\"target\":{\"@type\":\"EntryPoint\",\"urlTemplate\":\"https:\\\/\\\/arabian-mood.com\\\/?s={search_term_string}\"},\"query-input\":{\"@type\":\"PropertyValueSpecification\",\"valueRequired\":true,\"valueName\":\"search_term_string\"}}],\"inLanguage\":\"nl-NL\"},{\"@type\":\"Organization\",\"@id\":\"https:\\\/\\\/arabian-mood.com\\\/#organization\",\"name\":\"Arabian Mood\",\"url\":\"https:\\\/\\\/arabian-mood.com\\\/\",\"logo\":{\"@type\":\"ImageObject\",\"inLanguage\":\"nl-NL\",\"@id\":\"https:\\\/\\\/arabian-mood.com\\\/#\\\/schema\\\/logo\\\/image\\\/\",\"url\":\"https:\\\/\\\/arabian-mood.com\\\/wp-content\\\/uploads\\\/2024\\\/09\\\/Groupe-11304.svg\",\"contentUrl\":\"https:\\\/\\\/arabian-mood.com\\\/wp-content\\\/uploads\\\/2024\\\/09\\\/Groupe-11304.svg\",\"width\":214,\"height\":27,\"caption\":\"Arabian Mood\"},\"image\":{\"@id\":\"https:\\\/\\\/arabian-mood.com\\\/#\\\/schema\\\/logo\\\/image\\\/\"},\"sameAs\":[\"https:\\\/\\\/www.instagram.com\\\/arabianmoodofficiel\\\/\"]}]}<\/script>\n<!-- \/ Yoast SEO plugin. -->","yoast_head_json":{"title":"Eau de parfum Asalat Al Musk | Arabian Oud","description":"le parfum Asalat al Musk de la maison saoudienne Arabian Oud \u00a0est un moment de d\u00e9licatesse, une fragrance douce et agr\u00e9able .","robots":{"index":"index","follow":"follow","max-snippet":"max-snippet:-1","max-image-preview":"max-image-preview:large","max-video-preview":"max-video-preview:-1"},"canonical":"https:\/\/arabian-mood.com\/nl\/product-2\/asalat-al-musk\/","og_locale":"nl_NL","og_type":"article","og_title":"Eau de parfum Asalat Al Musk | Arabian Oud","og_description":"le parfum Asalat al Musk de la maison saoudienne Arabian Oud \u00a0est un moment de d\u00e9licatesse, une fragrance douce et agr\u00e9able .","og_url":"https:\/\/arabian-mood.com\/nl\/product-2\/asalat-al-musk\/","og_site_name":"Arabian Mood","article_modified_time":"2026-02-23T12:49:04+00:00","og_image":[{"width":570,"height":730,"url":"https:\/\/arabian-mood.com\/wp-content\/uploads\/2021\/11\/asalat-al-musk-1.png","type":"image\/png"}],"twitter_card":"summary_large_image","twitter_misc":{"Est. reading time":"1 minuut"},"schema":{"@context":"https:\/\/schema.org","@graph":[{"@type":"WebPage","@id":"https:\/\/arabian-mood.com\/produit\/asalat-al-musk\/","url":"https:\/\/arabian-mood.com\/produit\/asalat-al-musk\/","name":"Eau de parfum Asalat Al Musk | Arabian Oud","isPartOf":{"@id":"https:\/\/arabian-mood.com\/#website"},"primaryImageOfPage":{"@id":"https:\/\/arabian-mood.com\/produit\/asalat-al-musk\/#primaryimage"},"image":{"@id":"https:\/\/arabian-mood.com\/produit\/asalat-al-musk\/#primaryimage"},"thumbnailUrl":"https:\/\/arabian-mood.com\/wp-content\/uploads\/2021\/11\/asalat-al-musk-1.png","datePublished":"2021-11-03T09:10:47+00:00","dateModified":"2026-02-23T12:49:04+00:00","description":"le parfum Asalat al Musk de la maison saoudienne Arabian Oud \u00a0est un moment de d\u00e9licatesse, une fragrance douce et agr\u00e9able .","breadcrumb":{"@id":"https:\/\/arabian-mood.com\/produit\/asalat-al-musk\/#breadcrumb"},"inLanguage":"nl-NL","potentialAction":[{"@type":"ReadAction","target":["https:\/\/arabian-mood.com\/produit\/asalat-al-musk\/"]}]},{"@type":"ImageObject","inLanguage":"nl-NL","@id":"https:\/\/arabian-mood.com\/produit\/asalat-al-musk\/#primaryimage","url":"https:\/\/arabian-mood.com\/wp-content\/uploads\/2021\/11\/asalat-al-musk-1.png","contentUrl":"https:\/\/arabian-mood.com\/wp-content\/uploads\/2021\/11\/asalat-al-musk-1.png","width":570,"height":730,"caption":"asalat al musk Arabian Oud"},{"@type":"BreadcrumbList","@id":"https:\/\/arabian-mood.com\/produit\/asalat-al-musk\/#breadcrumb","itemListElement":[{"@type":"ListItem","position":1,"name":"Accueil","item":"https:\/\/arabian-mood.com\/"},{"@type":"ListItem","position":2,"name":"Boutique","item":"https:\/\/arabian-mood.com\/boutique\/"},{"@type":"ListItem","position":3,"name":"Asalat Al Musk 100 ml &#8211; Arabian Oud"}]},{"@type":"WebSite","@id":"https:\/\/arabian-mood.com\/#website","url":"https:\/\/arabian-mood.com\/","name":"Arabische Sfeer","description":"","publisher":{"@id":"https:\/\/arabian-mood.com\/#organization"},"potentialAction":[{"@type":"SearchAction","target":{"@type":"EntryPoint","urlTemplate":"https:\/\/arabian-mood.com\/?s={search_term_string}"},"query-input":{"@type":"PropertyValueSpecification","valueRequired":true,"valueName":"search_term_string"}}],"inLanguage":"nl-NL"},{"@type":"Organization","@id":"https:\/\/arabian-mood.com\/#organization","name":"Arabische Sfeer","url":"https:\/\/arabian-mood.com\/","logo":{"@type":"ImageObject","inLanguage":"nl-NL","@id":"https:\/\/arabian-mood.com\/#\/schema\/logo\/image\/","url":"https:\/\/arabian-mood.com\/wp-content\/uploads\/2024\/09\/Groupe-11304.svg","contentUrl":"https:\/\/arabian-mood.com\/wp-content\/uploads\/2024\/09\/Groupe-11304.svg","width":214,"height":27,"caption":"Arabian Mood"},"image":{"@id":"https:\/\/arabian-mood.com\/#\/schema\/logo\/image\/"},"sameAs":["https:\/\/www.instagram.com\/arabianmoodofficiel\/"]}]}},"_links":{"self":[{"href":"https:\/\/arabian-mood.com\/nl\/wp-json\/wp\/v2\/product\/3935","targetHints":{"allow":["GET"]}}],"collection":[{"href":"https:\/\/arabian-mood.com\/nl\/wp-json\/wp\/v2\/product"}],"about":[{"href":"https:\/\/arabian-mood.com\/nl\/wp-json\/wp\/v2\/types\/product"}],"wp:featuredmedia":[{"embeddable":true,"href":"https:\/\/arabian-mood.com\/nl\/wp-json\/wp\/v2\/media\/4097"}],"wp:attachment":[{"href":"https:\/\/arabian-mood.com\/nl\/wp-json\/wp\/v2\/media?parent=3935"}],"wp:term":[{"taxonomy":"product_brand","embeddable":true,"href":"https:\/\/arabian-mood.com\/nl\/wp-json\/wp\/v2\/product_brand?post=3935"},{"taxonomy":"product_cat","embeddable":true,"href":"https:\/\/arabian-mood.com\/nl\/wp-json\/wp\/v2\/product_cat?post=3935"},{"taxonomy":"product_tag","embeddable":true,"href":"https:\/\/arabian-mood.com\/nl\/wp-json\/wp\/v2\/product_tag?post=3935"}],"curies":[{"name":"wp","href":"https:\/\/api.w.org\/{rel}","templated":true}]}}