{"id":3940,"date":"2021-11-03T10:10:47","date_gmt":"2021-11-03T09:10:47","guid":{"rendered":"https:\/\/arabian-mood.com\/produit\/kashmir-musk\/"},"modified":"2025-12-24T19:32:09","modified_gmt":"2025-12-24T18:32:09","slug":"kashmirmusk-arabische-oudh","status":"publish","type":"product","link":"https:\/\/arabian-mood.com\/nl\/produit\/kashmir-musk-arabian-oud\/","title":{"rendered":"Kashmir Musk 100 ml \u2013 Arabian Oud"},"content":{"rendered":"<p style=\"text-align: center;\">Het parfum Kashmir Musk van het huis Arabian Oud is zowel elegant als sensueel. Een krachtige en verslavende aura die u moeiteloos zal meevoeren. In een eigentijdse en ongekende stijl herinterpreteert dit elixer een al millennia geliefde, de zachtste noot in de parfumerie: de mythische muskus.<\/p>\n<h2 style=\"text-align: center;\">Kashmir Musk van Arabian Oud is een parfum ge\u00efnspireerd op de schoonheid van Kashmir, een regio die bekend staat om zijn natuurlijke pracht en mystieke sfeer. De geur is ontworpen om een gevoel van kalmte, elegantie en luxe op te roepen.\n\nHet parfum opent met frisse en fruitige noten die de zintuigen prikkelen, gevolgd door een hart dat bloemig en kruidig is, wat zorgt voor diepte en complexiteit. De basisnoten van kasjmier hout, musk en amber geven het parfum een warme, sensuele en langdurige dry-down.\n\nKashmir Musk is een unisex geur, geschikt voor zowel mannen als vrouwen, die op zoek zijn naar een exclusieve en verfijnde geurervaring. Het wordt aanbevolen voor speciale gelegenheden en voor dagelijks gebruik om een vleugje elegantie toe te voegen.<\/h2>\n<p style=\"text-align: center;\">De opening is een ongewone ontmoeting, een mengeling van bergamot, peerbloesem en roze peper. Vervolgens baant het hart van de geur zich een weg door jasmijn, tuberoos en ylang-ylang. Zijn olfactorische piramide wordt afgesloten met noten van amber, patchouli en muskus. Deze unieke creatie is meer dan een geur, het is een stempel.<\/p>\n<p style=\"text-align: center;\">In een stijl die kenmerkend is voor het merk, komt de naam van het parfum opnieuw terug in de verpakking. In puur wit en met een zachte uitstraling bevestigt Arabian Oud zijn bekendheid met het parfum Kashmir Musk.<\/p>\n<p>&nbsp;<\/p>\n<p style=\"text-align: center;\">","protected":false},"excerpt":{"rendered":"<div class=\"woocommerce-product-details__short-description\">\n<ul>\n<li><strong>Topnoten: <\/strong>Perenbloesem<\/li>\n<li><strong>Hartnoten: <\/strong>Ylang-ylangbloesem, Rose Toby<\/li>\n<li><strong>Achtergrondnotities:\u00a0<\/strong>muskus van kasjmier<\/li>\n<\/ul>\n<p><strong>Genre:\u00a0<\/strong>gemengd<\/p>\n<\/div>","protected":false},"featured_media":7530,"template":"","meta":[],"product_brand":[],"product_cat":[519,152,433],"product_tag":[],"class_list":{"0":"post-3940","1":"product","2":"type-product","3":"status-publish","4":"has-post-thumbnail","6":"product_cat-arabian-oud","7":"product_cat-mixte","8":"product_cat-parfums-de-dubai","10":"first","11":"instock","12":"sale","13":"purchasable","14":"product-type-simple"},"yoast_head":"<!-- This site is optimized with the Yoast SEO plugin v27.5 - https:\/\/yoast.com\/product\/yoast-seo-wordpress\/ -->\n<title>kashmir Musk Arabian Oud | Eau de parfum mixte 100 ml<\/title>\n<meta name=\"description\" content=\"le Parfum Kashmir Musk by Arabian Oud est a la fois \u00e9l\u00e9gante et sensuel . C\u2019est sur un mode contemporain et in\u00e9dit que cet \u00e9lixir r\u00e9invente le musk.\" \/>\n<meta name=\"robots\" content=\"index, follow, max-snippet:-1, max-image-preview:large, max-video-preview:-1\" \/>\n<link rel=\"canonical\" href=\"https:\/\/arabian-mood.com\/nl\/product-2\/kashmirmusk-arabische-oudh\/\" \/>\n<meta property=\"og:locale\" content=\"nl_NL\" \/>\n<meta property=\"og:type\" content=\"article\" \/>\n<meta property=\"og:title\" content=\"kashmir Musk Arabian Oud | Eau de parfum mixte 100 ml\" \/>\n<meta property=\"og:description\" content=\"le Parfum Kashmir Musk by Arabian Oud est a la fois \u00e9l\u00e9gante et sensuel . C\u2019est sur un mode contemporain et in\u00e9dit que cet \u00e9lixir r\u00e9invente le musk.\" \/>\n<meta property=\"og:url\" content=\"https:\/\/arabian-mood.com\/nl\/product-2\/kashmirmusk-arabische-oudh\/\" \/>\n<meta property=\"og:site_name\" content=\"Arabian Mood\" \/>\n<meta property=\"article:modified_time\" content=\"2025-12-24T18:32:09+00:00\" \/>\n<meta property=\"og:image\" content=\"https:\/\/arabian-mood.com\/wp-content\/uploads\/2021\/11\/KASHMIR-MUSK-4.png\" \/>\n\t<meta property=\"og:image:width\" content=\"900\" \/>\n\t<meta property=\"og:image:height\" content=\"900\" \/>\n\t<meta property=\"og:image:type\" content=\"image\/png\" \/>\n<meta name=\"twitter:card\" content=\"summary_large_image\" \/>\n<meta name=\"twitter:label1\" content=\"Geschatte leestijd\" \/>\n\t<meta name=\"twitter:data1\" content=\"2 minuten\" \/>\n<script type=\"application\/ld+json\" class=\"yoast-schema-graph\">{\"@context\":\"https:\\\/\\\/schema.org\",\"@graph\":[{\"@type\":\"WebPage\",\"@id\":\"https:\\\/\\\/arabian-mood.com\\\/produit\\\/kashmir-musk-arabian-oud\\\/\",\"url\":\"https:\\\/\\\/arabian-mood.com\\\/produit\\\/kashmir-musk-arabian-oud\\\/\",\"name\":\"kashmir Musk Arabian Oud | Eau de parfum mixte 100 ml\",\"isPartOf\":{\"@id\":\"https:\\\/\\\/arabian-mood.com\\\/#website\"},\"primaryImageOfPage\":{\"@id\":\"https:\\\/\\\/arabian-mood.com\\\/produit\\\/kashmir-musk-arabian-oud\\\/#primaryimage\"},\"image\":{\"@id\":\"https:\\\/\\\/arabian-mood.com\\\/produit\\\/kashmir-musk-arabian-oud\\\/#primaryimage\"},\"thumbnailUrl\":\"https:\\\/\\\/arabian-mood.com\\\/wp-content\\\/uploads\\\/2021\\\/11\\\/KASHMIR-MUSK-4.png\",\"datePublished\":\"2021-11-03T09:10:47+00:00\",\"dateModified\":\"2025-12-24T18:32:09+00:00\",\"description\":\"le Parfum Kashmir Musk by Arabian Oud est a la fois \u00e9l\u00e9gante et sensuel . C\u2019est sur un mode contemporain et in\u00e9dit que cet \u00e9lixir r\u00e9invente le musk.\",\"breadcrumb\":{\"@id\":\"https:\\\/\\\/arabian-mood.com\\\/produit\\\/kashmir-musk-arabian-oud\\\/#breadcrumb\"},\"inLanguage\":\"nl-NL\",\"potentialAction\":[{\"@type\":\"ReadAction\",\"target\":[\"https:\\\/\\\/arabian-mood.com\\\/produit\\\/kashmir-musk-arabian-oud\\\/\"]}]},{\"@type\":\"ImageObject\",\"inLanguage\":\"nl-NL\",\"@id\":\"https:\\\/\\\/arabian-mood.com\\\/produit\\\/kashmir-musk-arabian-oud\\\/#primaryimage\",\"url\":\"https:\\\/\\\/arabian-mood.com\\\/wp-content\\\/uploads\\\/2021\\\/11\\\/KASHMIR-MUSK-4.png\",\"contentUrl\":\"https:\\\/\\\/arabian-mood.com\\\/wp-content\\\/uploads\\\/2021\\\/11\\\/KASHMIR-MUSK-4.png\",\"width\":900,\"height\":900,\"caption\":\"parfum KASHMIR MUSK Arabian Oud\"},{\"@type\":\"BreadcrumbList\",\"@id\":\"https:\\\/\\\/arabian-mood.com\\\/produit\\\/kashmir-musk-arabian-oud\\\/#breadcrumb\",\"itemListElement\":[{\"@type\":\"ListItem\",\"position\":1,\"name\":\"Accueil\",\"item\":\"https:\\\/\\\/arabian-mood.com\\\/\"},{\"@type\":\"ListItem\",\"position\":2,\"name\":\"Boutique\",\"item\":\"https:\\\/\\\/arabian-mood.com\\\/boutique\\\/\"},{\"@type\":\"ListItem\",\"position\":3,\"name\":\"Kashmir Musk 100 ml &#8211; Arabian Oud\"}]},{\"@type\":\"WebSite\",\"@id\":\"https:\\\/\\\/arabian-mood.com\\\/#website\",\"url\":\"https:\\\/\\\/arabian-mood.com\\\/\",\"name\":\"Arabian Mood\",\"description\":\"\",\"publisher\":{\"@id\":\"https:\\\/\\\/arabian-mood.com\\\/#organization\"},\"potentialAction\":[{\"@type\":\"SearchAction\",\"target\":{\"@type\":\"EntryPoint\",\"urlTemplate\":\"https:\\\/\\\/arabian-mood.com\\\/?s={search_term_string}\"},\"query-input\":{\"@type\":\"PropertyValueSpecification\",\"valueRequired\":true,\"valueName\":\"search_term_string\"}}],\"inLanguage\":\"nl-NL\"},{\"@type\":\"Organization\",\"@id\":\"https:\\\/\\\/arabian-mood.com\\\/#organization\",\"name\":\"Arabian Mood\",\"url\":\"https:\\\/\\\/arabian-mood.com\\\/\",\"logo\":{\"@type\":\"ImageObject\",\"inLanguage\":\"nl-NL\",\"@id\":\"https:\\\/\\\/arabian-mood.com\\\/#\\\/schema\\\/logo\\\/image\\\/\",\"url\":\"https:\\\/\\\/arabian-mood.com\\\/wp-content\\\/uploads\\\/2024\\\/09\\\/Groupe-11304.svg\",\"contentUrl\":\"https:\\\/\\\/arabian-mood.com\\\/wp-content\\\/uploads\\\/2024\\\/09\\\/Groupe-11304.svg\",\"width\":214,\"height\":27,\"caption\":\"Arabian Mood\"},\"image\":{\"@id\":\"https:\\\/\\\/arabian-mood.com\\\/#\\\/schema\\\/logo\\\/image\\\/\"},\"sameAs\":[\"https:\\\/\\\/www.instagram.com\\\/arabianmoodofficiel\\\/\"]}]}<\/script>\n<!-- \/ Yoast SEO plugin. -->","yoast_head_json":{"title":"Kashmir Musk Arabische Oudh | Eau de parfum unisex 100 ml","description":"Le Parfum Kashmir Musk van Arabian Oud is zowel elegant als sensueel. Op een eigentijdse en ongekende manier herinterpreteert dit elixer de musk.","robots":{"index":"index","follow":"follow","max-snippet":"max-snippet:-1","max-image-preview":"max-image-preview:large","max-video-preview":"max-video-preview:-1"},"canonical":"https:\/\/arabian-mood.com\/nl\/product-2\/kashmirmusk-arabische-oudh\/","og_locale":"nl_NL","og_type":"article","og_title":"kashmir Musk Arabian Oud | Eau de parfum mixte 100 ml","og_description":"le Parfum Kashmir Musk by Arabian Oud est a la fois \u00e9l\u00e9gante et sensuel . C\u2019est sur un mode contemporain et in\u00e9dit que cet \u00e9lixir r\u00e9invente le musk.","og_url":"https:\/\/arabian-mood.com\/nl\/product-2\/kashmirmusk-arabische-oudh\/","og_site_name":"Arabian Mood","article_modified_time":"2025-12-24T18:32:09+00:00","og_image":[{"width":900,"height":900,"url":"https:\/\/arabian-mood.com\/wp-content\/uploads\/2021\/11\/KASHMIR-MUSK-4.png","type":"image\/png"}],"twitter_card":"summary_large_image","twitter_misc":{"Geschatte leestijd":"2 minuten"},"schema":{"@context":"https:\/\/schema.org","@graph":[{"@type":"WebPage","@id":"https:\/\/arabian-mood.com\/produit\/kashmir-musk-arabian-oud\/","url":"https:\/\/arabian-mood.com\/produit\/kashmir-musk-arabian-oud\/","name":"Kashmir Musk Arabische Oudh | Eau de parfum unisex 100 ml","isPartOf":{"@id":"https:\/\/arabian-mood.com\/#website"},"primaryImageOfPage":{"@id":"https:\/\/arabian-mood.com\/produit\/kashmir-musk-arabian-oud\/#primaryimage"},"image":{"@id":"https:\/\/arabian-mood.com\/produit\/kashmir-musk-arabian-oud\/#primaryimage"},"thumbnailUrl":"https:\/\/arabian-mood.com\/wp-content\/uploads\/2021\/11\/KASHMIR-MUSK-4.png","datePublished":"2021-11-03T09:10:47+00:00","dateModified":"2025-12-24T18:32:09+00:00","description":"Le Parfum Kashmir Musk van Arabian Oud is zowel elegant als sensueel. Op een eigentijdse en ongekende manier herinterpreteert dit elixer de musk.","breadcrumb":{"@id":"https:\/\/arabian-mood.com\/produit\/kashmir-musk-arabian-oud\/#breadcrumb"},"inLanguage":"nl-NL","potentialAction":[{"@type":"ReadAction","target":["https:\/\/arabian-mood.com\/produit\/kashmir-musk-arabian-oud\/"]}]},{"@type":"ImageObject","inLanguage":"nl-NL","@id":"https:\/\/arabian-mood.com\/produit\/kashmir-musk-arabian-oud\/#primaryimage","url":"https:\/\/arabian-mood.com\/wp-content\/uploads\/2021\/11\/KASHMIR-MUSK-4.png","contentUrl":"https:\/\/arabian-mood.com\/wp-content\/uploads\/2021\/11\/KASHMIR-MUSK-4.png","width":900,"height":900,"caption":"parfum KASHMIR MUSK Arabian Oud"},{"@type":"BreadcrumbList","@id":"https:\/\/arabian-mood.com\/produit\/kashmir-musk-arabian-oud\/#breadcrumb","itemListElement":[{"@type":"ListItem","position":1,"name":"Accueil","item":"https:\/\/arabian-mood.com\/"},{"@type":"ListItem","position":2,"name":"Boutique","item":"https:\/\/arabian-mood.com\/boutique\/"},{"@type":"ListItem","position":3,"name":"Kashmir Musk 100 ml &#8211; Arabian Oud"}]},{"@type":"WebSite","@id":"https:\/\/arabian-mood.com\/#website","url":"https:\/\/arabian-mood.com\/","name":"Arabische Sfeer","description":"","publisher":{"@id":"https:\/\/arabian-mood.com\/#organization"},"potentialAction":[{"@type":"SearchAction","target":{"@type":"EntryPoint","urlTemplate":"https:\/\/arabian-mood.com\/?s={search_term_string}"},"query-input":{"@type":"PropertyValueSpecification","valueRequired":true,"valueName":"search_term_string"}}],"inLanguage":"nl-NL"},{"@type":"Organization","@id":"https:\/\/arabian-mood.com\/#organization","name":"Arabische Sfeer","url":"https:\/\/arabian-mood.com\/","logo":{"@type":"ImageObject","inLanguage":"nl-NL","@id":"https:\/\/arabian-mood.com\/#\/schema\/logo\/image\/","url":"https:\/\/arabian-mood.com\/wp-content\/uploads\/2024\/09\/Groupe-11304.svg","contentUrl":"https:\/\/arabian-mood.com\/wp-content\/uploads\/2024\/09\/Groupe-11304.svg","width":214,"height":27,"caption":"Arabian Mood"},"image":{"@id":"https:\/\/arabian-mood.com\/#\/schema\/logo\/image\/"},"sameAs":["https:\/\/www.instagram.com\/arabianmoodofficiel\/"]}]}},"_links":{"self":[{"href":"https:\/\/arabian-mood.com\/nl\/wp-json\/wp\/v2\/product\/3940","targetHints":{"allow":["GET"]}}],"collection":[{"href":"https:\/\/arabian-mood.com\/nl\/wp-json\/wp\/v2\/product"}],"about":[{"href":"https:\/\/arabian-mood.com\/nl\/wp-json\/wp\/v2\/types\/product"}],"wp:featuredmedia":[{"embeddable":true,"href":"https:\/\/arabian-mood.com\/nl\/wp-json\/wp\/v2\/media\/7530"}],"wp:attachment":[{"href":"https:\/\/arabian-mood.com\/nl\/wp-json\/wp\/v2\/media?parent=3940"}],"wp:term":[{"taxonomy":"product_brand","embeddable":true,"href":"https:\/\/arabian-mood.com\/nl\/wp-json\/wp\/v2\/product_brand?post=3940"},{"taxonomy":"product_cat","embeddable":true,"href":"https:\/\/arabian-mood.com\/nl\/wp-json\/wp\/v2\/product_cat?post=3940"},{"taxonomy":"product_tag","embeddable":true,"href":"https:\/\/arabian-mood.com\/nl\/wp-json\/wp\/v2\/product_tag?post=3940"}],"curies":[{"name":"wp","href":"https:\/\/api.w.org\/{rel}","templated":true}]}}