{"id":3947,"date":"2021-11-03T10:10:47","date_gmt":"2021-11-03T09:10:47","guid":{"rendered":"https:\/\/arabian-mood.com\/produit\/al-khanjar\/"},"modified":"2025-02-24T16:56:07","modified_gmt":"2025-02-24T15:56:07","slug":"al-khanjar-banafa-parfum","status":"publish","type":"product","link":"https:\/\/arabian-mood.com\/nl\/produit\/al-khanjar-banafa-parfum\/","title":{"rendered":"Al khanjar"},"content":{"rendered":"<h1 style=\"text-align: center;\">Al Khanjar By Banafa For Oud<\/h1>\n<p style=\"text-align: center;\">Le parfum Al khanjar By Banafa For Oud est une cr\u00e9ation d&#8217;orf\u00e8vre faisant honneur \u00e0 la culture arabe en alliant l&#8217;amour du parfum ainsi que celle de la dague.<\/p>\n<p>&nbsp;<\/p>\n<p style=\"text-align: center;\"><strong>Description olfactive<\/strong><\/p>\n<p style=\"text-align: center;\">le miel et l\u2019anis retentissent dans toute la fragrance. Le romarin vient se m\u00e9langer au bois de cashmir, cr\u00e9ant un c\u0153ur chaud tr\u00e8s envoutant et attrayant. La fragrance vient se reposer sur un fond de vanille, de Oud et puis d&#8217;ambre.<\/p>\n<p style=\"text-align: center;\">Comme un glaive par\u00e9 de ces joyaux,\u00a0Al khanjar sera \u00eatre l\u2019alli\u00e9 pour le guerrier qui est en vous.\u00a0En effet, comme le rappel si bien le proverbe Arabe,\u00a0&#8220;Il n&#8217;y a pas d&#8217;\u00e9l\u00e9gance sans parfum&#8221; .<\/p>\n<h2 style=\"text-align: center;\">Conseil d&#8217;utilisation pour votre parfum Al Khanjar By Banafa For Oud :<\/h2>\n<p style=\"text-align: center;\">Accompagnez votre effluve par une huile de parfum sucr\u00e9 ou par la magnifique fragrance &#8220;<span style=\"color: #000000;\"><a style=\"color: #000000;\" href=\"https:\/\/arabian-mood.com\/nl\/product-2\/musc-vanille\/\">musc vanille de chez la parfumerie maison Alhambra&#8221;<\/a><\/span>, de surcroit, son\u00a0sillage ne sera que plus intense et envoutant. Le m\u00e9lange de deux fragrance cr\u00e9e un combo unique, ce qui rend votre parfum Al khanjar encore plus personnel.<\/p>\n<h3 style=\"text-align: center;\"><strong>L&#8217;histoire de Banafa For Oud<\/strong><\/h3>\n<p style=\"text-align: center;\">Fond\u00e9e dans les ann\u00e9es 90 dans le royaume d&#8217;Arabie, Banafa for Oud est un leader du march\u00e9 dans la fabrication de fragrance uniques avec une touche de luxe. Avec son parfum best-seller \u00a0&#8220;al khanjar&#8221;, Banafa for Oud est venu casser les codes de la parfumerie moderne. Elle est sp\u00e9cialis\u00e9e dans la production des meilleures s\u00e9lections de oud, d&#8217;encens ainsi que d&#8217;huiles essentielles. Al khanjar repr\u00e9sente une identit\u00e9 particuli\u00e8re pour chaque personne et ajoute une touche sp\u00e9ciale \u00e0 son style.\u00a0La maison Banafa for Oud propose les parfums les plus uniques d&#8217;une qualit\u00e9 in\u00e9gal\u00e9e, et enrichie ainsi la culture et l&#8217;h\u00e9ritage arabes.<\/p>\n<p>&nbsp;<\/p>","protected":false},"excerpt":{"rendered":"<p>Eau de parfum<\/p>","protected":false},"featured_media":4105,"template":"","meta":[],"product_brand":[],"product_cat":[522,433],"product_tag":[],"class_list":{"0":"post-3947","1":"product","2":"type-product","3":"status-publish","4":"has-post-thumbnail","6":"product_cat-fragrance-world","7":"product_cat-parfums-de-dubai","9":"first","10":"outofstock","11":"purchasable","12":"product-type-simple"},"yoast_head":"<!-- This site is optimized with the Yoast SEO plugin v27.4 - https:\/\/yoast.com\/product\/yoast-seo-wordpress\/ -->\n<title>Al khanjar Banafa parfum<\/title>\n<meta name=\"description\" content=\"Al khanjar de la maison Banafa for Oud est une cr\u00e9ation d&#039;orf\u00e8vre alliant la cultures du parfum ainsi que celle de la dague.\" \/>\n<meta name=\"robots\" content=\"index, follow, max-snippet:-1, max-image-preview:large, max-video-preview:-1\" \/>\n<link rel=\"canonical\" href=\"https:\/\/arabian-mood.com\/nl\/product-2\/al-khanjar-banafa-parfum\/\" \/>\n<meta property=\"og:locale\" content=\"nl_NL\" \/>\n<meta property=\"og:type\" content=\"article\" \/>\n<meta property=\"og:title\" content=\"Al khanjar Banafa parfum\" \/>\n<meta property=\"og:description\" content=\"Al khanjar de la maison Banafa for Oud est une cr\u00e9ation d&#039;orf\u00e8vre alliant la cultures du parfum ainsi que celle de la dague.\" \/>\n<meta property=\"og:url\" content=\"https:\/\/arabian-mood.com\/nl\/product-2\/al-khanjar-banafa-parfum\/\" \/>\n<meta property=\"og:site_name\" content=\"Arabian Mood\" \/>\n<meta property=\"article:modified_time\" content=\"2025-02-24T15:56:07+00:00\" \/>\n<meta property=\"og:image\" content=\"https:\/\/arabian-mood.com\/wp-content\/uploads\/2021\/11\/AL-KHANJAR-1.png\" \/>\n\t<meta property=\"og:image:width\" content=\"570\" \/>\n\t<meta property=\"og:image:height\" content=\"730\" \/>\n\t<meta property=\"og:image:type\" content=\"image\/png\" \/>\n<meta name=\"twitter:card\" content=\"summary_large_image\" \/>\n<meta name=\"twitter:label1\" content=\"Est. reading time\" \/>\n\t<meta name=\"twitter:data1\" content=\"2 minuten\" \/>\n<script type=\"application\/ld+json\" class=\"yoast-schema-graph\">{\"@context\":\"https:\\\/\\\/schema.org\",\"@graph\":[{\"@type\":\"WebPage\",\"@id\":\"https:\\\/\\\/arabian-mood.com\\\/produit\\\/al-khanjar-banafa-parfum\\\/\",\"url\":\"https:\\\/\\\/arabian-mood.com\\\/produit\\\/al-khanjar-banafa-parfum\\\/\",\"name\":\"Al khanjar Banafa parfum\",\"isPartOf\":{\"@id\":\"https:\\\/\\\/arabian-mood.com\\\/#website\"},\"primaryImageOfPage\":{\"@id\":\"https:\\\/\\\/arabian-mood.com\\\/produit\\\/al-khanjar-banafa-parfum\\\/#primaryimage\"},\"image\":{\"@id\":\"https:\\\/\\\/arabian-mood.com\\\/produit\\\/al-khanjar-banafa-parfum\\\/#primaryimage\"},\"thumbnailUrl\":\"https:\\\/\\\/arabian-mood.com\\\/wp-content\\\/uploads\\\/2021\\\/11\\\/AL-KHANJAR-1.png\",\"datePublished\":\"2021-11-03T09:10:47+00:00\",\"dateModified\":\"2025-02-24T15:56:07+00:00\",\"description\":\"Al khanjar de la maison Banafa for Oud est une cr\u00e9ation d'orf\u00e8vre alliant la cultures du parfum ainsi que celle de la dague.\",\"breadcrumb\":{\"@id\":\"https:\\\/\\\/arabian-mood.com\\\/produit\\\/al-khanjar-banafa-parfum\\\/#breadcrumb\"},\"inLanguage\":\"nl-NL\",\"potentialAction\":[{\"@type\":\"ReadAction\",\"target\":[\"https:\\\/\\\/arabian-mood.com\\\/produit\\\/al-khanjar-banafa-parfum\\\/\"]}]},{\"@type\":\"ImageObject\",\"inLanguage\":\"nl-NL\",\"@id\":\"https:\\\/\\\/arabian-mood.com\\\/produit\\\/al-khanjar-banafa-parfum\\\/#primaryimage\",\"url\":\"https:\\\/\\\/arabian-mood.com\\\/wp-content\\\/uploads\\\/2021\\\/11\\\/AL-KHANJAR-1.png\",\"contentUrl\":\"https:\\\/\\\/arabian-mood.com\\\/wp-content\\\/uploads\\\/2021\\\/11\\\/AL-KHANJAR-1.png\",\"width\":570,\"height\":730,\"caption\":\"Al khanjar Banafa\"},{\"@type\":\"BreadcrumbList\",\"@id\":\"https:\\\/\\\/arabian-mood.com\\\/produit\\\/al-khanjar-banafa-parfum\\\/#breadcrumb\",\"itemListElement\":[{\"@type\":\"ListItem\",\"position\":1,\"name\":\"Accueil\",\"item\":\"https:\\\/\\\/arabian-mood.com\\\/\"},{\"@type\":\"ListItem\",\"position\":2,\"name\":\"Boutique\",\"item\":\"https:\\\/\\\/arabian-mood.com\\\/boutique\\\/\"},{\"@type\":\"ListItem\",\"position\":3,\"name\":\"Al khanjar\"}]},{\"@type\":\"WebSite\",\"@id\":\"https:\\\/\\\/arabian-mood.com\\\/#website\",\"url\":\"https:\\\/\\\/arabian-mood.com\\\/\",\"name\":\"Arabian Mood\",\"description\":\"\",\"publisher\":{\"@id\":\"https:\\\/\\\/arabian-mood.com\\\/#organization\"},\"potentialAction\":[{\"@type\":\"SearchAction\",\"target\":{\"@type\":\"EntryPoint\",\"urlTemplate\":\"https:\\\/\\\/arabian-mood.com\\\/?s={search_term_string}\"},\"query-input\":{\"@type\":\"PropertyValueSpecification\",\"valueRequired\":true,\"valueName\":\"search_term_string\"}}],\"inLanguage\":\"nl-NL\"},{\"@type\":\"Organization\",\"@id\":\"https:\\\/\\\/arabian-mood.com\\\/#organization\",\"name\":\"Arabian Mood\",\"url\":\"https:\\\/\\\/arabian-mood.com\\\/\",\"logo\":{\"@type\":\"ImageObject\",\"inLanguage\":\"nl-NL\",\"@id\":\"https:\\\/\\\/arabian-mood.com\\\/#\\\/schema\\\/logo\\\/image\\\/\",\"url\":\"https:\\\/\\\/arabian-mood.com\\\/wp-content\\\/uploads\\\/2024\\\/09\\\/Groupe-11304.svg\",\"contentUrl\":\"https:\\\/\\\/arabian-mood.com\\\/wp-content\\\/uploads\\\/2024\\\/09\\\/Groupe-11304.svg\",\"width\":214,\"height\":27,\"caption\":\"Arabian Mood\"},\"image\":{\"@id\":\"https:\\\/\\\/arabian-mood.com\\\/#\\\/schema\\\/logo\\\/image\\\/\"},\"sameAs\":[\"https:\\\/\\\/www.instagram.com\\\/arabianmoodofficiel\\\/\"]}]}<\/script>\n<!-- \/ Yoast SEO plugin. -->","yoast_head_json":{"title":"Al khanjar Banafa parfum","description":"Al khanjar de la maison Banafa for Oud est une cr\u00e9ation d'orf\u00e8vre alliant la cultures du parfum ainsi que celle de la dague.","robots":{"index":"index","follow":"follow","max-snippet":"max-snippet:-1","max-image-preview":"max-image-preview:large","max-video-preview":"max-video-preview:-1"},"canonical":"https:\/\/arabian-mood.com\/nl\/product-2\/al-khanjar-banafa-parfum\/","og_locale":"nl_NL","og_type":"article","og_title":"Al khanjar Banafa parfum","og_description":"Al khanjar de la maison Banafa for Oud est une cr\u00e9ation d'orf\u00e8vre alliant la cultures du parfum ainsi que celle de la dague.","og_url":"https:\/\/arabian-mood.com\/nl\/product-2\/al-khanjar-banafa-parfum\/","og_site_name":"Arabian Mood","article_modified_time":"2025-02-24T15:56:07+00:00","og_image":[{"width":570,"height":730,"url":"https:\/\/arabian-mood.com\/wp-content\/uploads\/2021\/11\/AL-KHANJAR-1.png","type":"image\/png"}],"twitter_card":"summary_large_image","twitter_misc":{"Est. reading time":"2 minuten"},"schema":{"@context":"https:\/\/schema.org","@graph":[{"@type":"WebPage","@id":"https:\/\/arabian-mood.com\/produit\/al-khanjar-banafa-parfum\/","url":"https:\/\/arabian-mood.com\/produit\/al-khanjar-banafa-parfum\/","name":"Al khanjar Banafa parfum","isPartOf":{"@id":"https:\/\/arabian-mood.com\/#website"},"primaryImageOfPage":{"@id":"https:\/\/arabian-mood.com\/produit\/al-khanjar-banafa-parfum\/#primaryimage"},"image":{"@id":"https:\/\/arabian-mood.com\/produit\/al-khanjar-banafa-parfum\/#primaryimage"},"thumbnailUrl":"https:\/\/arabian-mood.com\/wp-content\/uploads\/2021\/11\/AL-KHANJAR-1.png","datePublished":"2021-11-03T09:10:47+00:00","dateModified":"2025-02-24T15:56:07+00:00","description":"Al khanjar de la maison Banafa for Oud est une cr\u00e9ation d'orf\u00e8vre alliant la cultures du parfum ainsi que celle de la dague.","breadcrumb":{"@id":"https:\/\/arabian-mood.com\/produit\/al-khanjar-banafa-parfum\/#breadcrumb"},"inLanguage":"nl-NL","potentialAction":[{"@type":"ReadAction","target":["https:\/\/arabian-mood.com\/produit\/al-khanjar-banafa-parfum\/"]}]},{"@type":"ImageObject","inLanguage":"nl-NL","@id":"https:\/\/arabian-mood.com\/produit\/al-khanjar-banafa-parfum\/#primaryimage","url":"https:\/\/arabian-mood.com\/wp-content\/uploads\/2021\/11\/AL-KHANJAR-1.png","contentUrl":"https:\/\/arabian-mood.com\/wp-content\/uploads\/2021\/11\/AL-KHANJAR-1.png","width":570,"height":730,"caption":"Al khanjar Banafa"},{"@type":"BreadcrumbList","@id":"https:\/\/arabian-mood.com\/produit\/al-khanjar-banafa-parfum\/#breadcrumb","itemListElement":[{"@type":"ListItem","position":1,"name":"Accueil","item":"https:\/\/arabian-mood.com\/"},{"@type":"ListItem","position":2,"name":"Boutique","item":"https:\/\/arabian-mood.com\/boutique\/"},{"@type":"ListItem","position":3,"name":"Al khanjar"}]},{"@type":"WebSite","@id":"https:\/\/arabian-mood.com\/#website","url":"https:\/\/arabian-mood.com\/","name":"Arabische Sfeer","description":"","publisher":{"@id":"https:\/\/arabian-mood.com\/#organization"},"potentialAction":[{"@type":"SearchAction","target":{"@type":"EntryPoint","urlTemplate":"https:\/\/arabian-mood.com\/?s={search_term_string}"},"query-input":{"@type":"PropertyValueSpecification","valueRequired":true,"valueName":"search_term_string"}}],"inLanguage":"nl-NL"},{"@type":"Organization","@id":"https:\/\/arabian-mood.com\/#organization","name":"Arabische Sfeer","url":"https:\/\/arabian-mood.com\/","logo":{"@type":"ImageObject","inLanguage":"nl-NL","@id":"https:\/\/arabian-mood.com\/#\/schema\/logo\/image\/","url":"https:\/\/arabian-mood.com\/wp-content\/uploads\/2024\/09\/Groupe-11304.svg","contentUrl":"https:\/\/arabian-mood.com\/wp-content\/uploads\/2024\/09\/Groupe-11304.svg","width":214,"height":27,"caption":"Arabian Mood"},"image":{"@id":"https:\/\/arabian-mood.com\/#\/schema\/logo\/image\/"},"sameAs":["https:\/\/www.instagram.com\/arabianmoodofficiel\/"]}]}},"_links":{"self":[{"href":"https:\/\/arabian-mood.com\/nl\/wp-json\/wp\/v2\/product\/3947","targetHints":{"allow":["GET"]}}],"collection":[{"href":"https:\/\/arabian-mood.com\/nl\/wp-json\/wp\/v2\/product"}],"about":[{"href":"https:\/\/arabian-mood.com\/nl\/wp-json\/wp\/v2\/types\/product"}],"wp:featuredmedia":[{"embeddable":true,"href":"https:\/\/arabian-mood.com\/nl\/wp-json\/wp\/v2\/media\/4105"}],"wp:attachment":[{"href":"https:\/\/arabian-mood.com\/nl\/wp-json\/wp\/v2\/media?parent=3947"}],"wp:term":[{"taxonomy":"product_brand","embeddable":true,"href":"https:\/\/arabian-mood.com\/nl\/wp-json\/wp\/v2\/product_brand?post=3947"},{"taxonomy":"product_cat","embeddable":true,"href":"https:\/\/arabian-mood.com\/nl\/wp-json\/wp\/v2\/product_cat?post=3947"},{"taxonomy":"product_tag","embeddable":true,"href":"https:\/\/arabian-mood.com\/nl\/wp-json\/wp\/v2\/product_tag?post=3947"}],"curies":[{"name":"wp","href":"https:\/\/api.w.org\/{rel}","templated":true}]}}