{"id":4837,"date":"2021-12-17T17:18:25","date_gmt":"2021-12-17T16:18:25","guid":{"rendered":"https:\/\/arabian-mood.com\/?post_type=product&#038;p=4837"},"modified":"2024-02-01T11:26:03","modified_gmt":"2024-02-01T10:26:03","slug":"spray-dinterieur-oud-raspberry","status":"publish","type":"product","link":"https:\/\/arabian-mood.com\/nl\/produit\/spray-dinterieur-oud-raspberry\/","title":{"rendered":"Spray d&#8217;interieur Oud &#038; Raspberry"},"content":{"rendered":"<p><strong>Conseil d&#8217;utilisation :<\/strong><\/p>\n<p>Pulv\u00e9risez votre spray\u00a0Oud &amp; Raspberry dans l&#8217;air int\u00e9rieur pour rendre votre ambiance plus agr\u00e9able ainsi que sur vos textiles de maison\u00a0(rideaux, canap\u00e9, etc). Vous d\u00e9couvrirez un parfum d&#8217;int\u00e9rieur magique et luxueux qui ravira vos sens, cr\u00e9ant une atmosph\u00e8re\u00a0de fraicheur et de propret\u00e9.<\/p>","protected":false},"excerpt":{"rendered":"<p>Le parfum d\u2019int\u00e9rieur Oud &amp; Raspberry lib\u00e8re d\u2019intenses notes de Framboise, ainsi que des senteurs fra\u00eeches ponctu\u00e9es d\u2019une touche naturelle de grenade . Cet accord est compl\u00e9t\u00e9 par l\u2019\u00e9l\u00e9gances du Oud<span class=\"Apple-converted-space\">\u00a0 <\/span>.<\/p>\n<p>En une simple vaporisation, personnalisez instantan\u00e9ment votre int\u00e9rieur et cr\u00e9ez une atmosph\u00e8re rafra\u00eechissante.<\/p>","protected":false},"featured_media":4839,"template":"","meta":[],"product_brand":[],"product_cat":[437,442],"product_tag":[],"class_list":{"0":"post-4837","1":"product","2":"type-product","3":"status-publish","4":"has-post-thumbnail","6":"product_cat-maison","7":"product_cat-spray-dinterieur-maison","9":"first","10":"outofstock","11":"sale","12":"taxable","13":"shipping-taxable","14":"purchasable","15":"product-type-simple"},"yoast_head":"<!-- This site is optimized with the Yoast SEO plugin v27.4 - https:\/\/yoast.com\/product\/yoast-seo-wordpress\/ -->\n<title>Spray d&#039;interieur Oud &amp; Raspberry<\/title>\n<meta name=\"description\" content=\"Ce spray d\u2019int\u00e9rieur Oud &amp; Raspberry apaisera votre ambiance. Laissez-vous envahir par les effluves de ce parfum d\u2019int\u00e9rieur .\" \/>\n<meta name=\"robots\" content=\"index, follow, max-snippet:-1, max-image-preview:large, max-video-preview:-1\" \/>\n<link rel=\"canonical\" href=\"https:\/\/arabian-mood.com\/nl\/product-2\/spray-dinterieur-oud-raspberry\/\" \/>\n<meta property=\"og:locale\" content=\"nl_NL\" \/>\n<meta property=\"og:type\" content=\"article\" \/>\n<meta property=\"og:title\" content=\"Spray d&#039;interieur Oud &amp; Raspberry\" \/>\n<meta property=\"og:description\" content=\"Ce spray d\u2019int\u00e9rieur Oud &amp; Raspberry apaisera votre ambiance. Laissez-vous envahir par les effluves de ce parfum d\u2019int\u00e9rieur .\" \/>\n<meta property=\"og:url\" content=\"https:\/\/arabian-mood.com\/nl\/product-2\/spray-dinterieur-oud-raspberry\/\" \/>\n<meta property=\"og:site_name\" content=\"Arabian Mood\" \/>\n<meta property=\"article:modified_time\" content=\"2024-02-01T10:26:03+00:00\" \/>\n<meta property=\"og:image\" content=\"https:\/\/arabian-mood.com\/wp-content\/uploads\/2021\/12\/SPRAY-OUD-FRAMBOISE.png\" \/>\n\t<meta property=\"og:image:width\" content=\"1000\" \/>\n\t<meta property=\"og:image:height\" content=\"1000\" \/>\n\t<meta property=\"og:image:type\" content=\"image\/png\" \/>\n<meta name=\"twitter:card\" content=\"summary_large_image\" \/>\n<meta name=\"twitter:label1\" content=\"Geschatte leestijd\" \/>\n\t<meta name=\"twitter:data1\" content=\"1 minuut\" \/>\n<script type=\"application\/ld+json\" class=\"yoast-schema-graph\">{\"@context\":\"https:\\\/\\\/schema.org\",\"@graph\":[{\"@type\":\"WebPage\",\"@id\":\"https:\\\/\\\/arabian-mood.com\\\/produit\\\/spray-dinterieur-oud-raspberry\\\/\",\"url\":\"https:\\\/\\\/arabian-mood.com\\\/produit\\\/spray-dinterieur-oud-raspberry\\\/\",\"name\":\"Spray d'interieur Oud & Raspberry\",\"isPartOf\":{\"@id\":\"https:\\\/\\\/arabian-mood.com\\\/#website\"},\"primaryImageOfPage\":{\"@id\":\"https:\\\/\\\/arabian-mood.com\\\/produit\\\/spray-dinterieur-oud-raspberry\\\/#primaryimage\"},\"image\":{\"@id\":\"https:\\\/\\\/arabian-mood.com\\\/produit\\\/spray-dinterieur-oud-raspberry\\\/#primaryimage\"},\"thumbnailUrl\":\"https:\\\/\\\/arabian-mood.com\\\/wp-content\\\/uploads\\\/2021\\\/12\\\/SPRAY-OUD-FRAMBOISE.png\",\"datePublished\":\"2021-12-17T16:18:25+00:00\",\"dateModified\":\"2024-02-01T10:26:03+00:00\",\"description\":\"Ce spray d\u2019int\u00e9rieur Oud & Raspberry apaisera votre ambiance. Laissez-vous envahir par les effluves de ce parfum d\u2019int\u00e9rieur .\",\"breadcrumb\":{\"@id\":\"https:\\\/\\\/arabian-mood.com\\\/produit\\\/spray-dinterieur-oud-raspberry\\\/#breadcrumb\"},\"inLanguage\":\"nl-NL\",\"potentialAction\":[{\"@type\":\"ReadAction\",\"target\":[\"https:\\\/\\\/arabian-mood.com\\\/produit\\\/spray-dinterieur-oud-raspberry\\\/\"]}]},{\"@type\":\"ImageObject\",\"inLanguage\":\"nl-NL\",\"@id\":\"https:\\\/\\\/arabian-mood.com\\\/produit\\\/spray-dinterieur-oud-raspberry\\\/#primaryimage\",\"url\":\"https:\\\/\\\/arabian-mood.com\\\/wp-content\\\/uploads\\\/2021\\\/12\\\/SPRAY-OUD-FRAMBOISE.png\",\"contentUrl\":\"https:\\\/\\\/arabian-mood.com\\\/wp-content\\\/uploads\\\/2021\\\/12\\\/SPRAY-OUD-FRAMBOISE.png\",\"width\":1000,\"height\":1000},{\"@type\":\"BreadcrumbList\",\"@id\":\"https:\\\/\\\/arabian-mood.com\\\/produit\\\/spray-dinterieur-oud-raspberry\\\/#breadcrumb\",\"itemListElement\":[{\"@type\":\"ListItem\",\"position\":1,\"name\":\"Accueil\",\"item\":\"https:\\\/\\\/arabian-mood.com\\\/\"},{\"@type\":\"ListItem\",\"position\":2,\"name\":\"Boutique\",\"item\":\"https:\\\/\\\/arabian-mood.com\\\/boutique\\\/\"},{\"@type\":\"ListItem\",\"position\":3,\"name\":\"Spray d&#8217;interieur Oud &#038; Raspberry\"}]},{\"@type\":\"WebSite\",\"@id\":\"https:\\\/\\\/arabian-mood.com\\\/#website\",\"url\":\"https:\\\/\\\/arabian-mood.com\\\/\",\"name\":\"Arabian Mood\",\"description\":\"\",\"publisher\":{\"@id\":\"https:\\\/\\\/arabian-mood.com\\\/#organization\"},\"potentialAction\":[{\"@type\":\"SearchAction\",\"target\":{\"@type\":\"EntryPoint\",\"urlTemplate\":\"https:\\\/\\\/arabian-mood.com\\\/?s={search_term_string}\"},\"query-input\":{\"@type\":\"PropertyValueSpecification\",\"valueRequired\":true,\"valueName\":\"search_term_string\"}}],\"inLanguage\":\"nl-NL\"},{\"@type\":\"Organization\",\"@id\":\"https:\\\/\\\/arabian-mood.com\\\/#organization\",\"name\":\"Arabian Mood\",\"url\":\"https:\\\/\\\/arabian-mood.com\\\/\",\"logo\":{\"@type\":\"ImageObject\",\"inLanguage\":\"nl-NL\",\"@id\":\"https:\\\/\\\/arabian-mood.com\\\/#\\\/schema\\\/logo\\\/image\\\/\",\"url\":\"https:\\\/\\\/arabian-mood.com\\\/wp-content\\\/uploads\\\/2024\\\/09\\\/Groupe-11304.svg\",\"contentUrl\":\"https:\\\/\\\/arabian-mood.com\\\/wp-content\\\/uploads\\\/2024\\\/09\\\/Groupe-11304.svg\",\"width\":214,\"height\":27,\"caption\":\"Arabian Mood\"},\"image\":{\"@id\":\"https:\\\/\\\/arabian-mood.com\\\/#\\\/schema\\\/logo\\\/image\\\/\"},\"sameAs\":[\"https:\\\/\\\/www.instagram.com\\\/arabianmoodofficiel\\\/\"]}]}<\/script>\n<!-- \/ Yoast SEO plugin. -->","yoast_head_json":{"title":"Spray d'interieur Oud & Raspberry","description":"Ce spray d\u2019int\u00e9rieur Oud & Raspberry apaisera votre ambiance. Laissez-vous envahir par les effluves de ce parfum d\u2019int\u00e9rieur .","robots":{"index":"index","follow":"follow","max-snippet":"max-snippet:-1","max-image-preview":"max-image-preview:large","max-video-preview":"max-video-preview:-1"},"canonical":"https:\/\/arabian-mood.com\/nl\/product-2\/spray-dinterieur-oud-raspberry\/","og_locale":"nl_NL","og_type":"article","og_title":"Spray d'interieur Oud & Raspberry","og_description":"Ce spray d\u2019int\u00e9rieur Oud & Raspberry apaisera votre ambiance. Laissez-vous envahir par les effluves de ce parfum d\u2019int\u00e9rieur .","og_url":"https:\/\/arabian-mood.com\/nl\/product-2\/spray-dinterieur-oud-raspberry\/","og_site_name":"Arabian Mood","article_modified_time":"2024-02-01T10:26:03+00:00","og_image":[{"width":1000,"height":1000,"url":"https:\/\/arabian-mood.com\/wp-content\/uploads\/2021\/12\/SPRAY-OUD-FRAMBOISE.png","type":"image\/png"}],"twitter_card":"summary_large_image","twitter_misc":{"Geschatte leestijd":"1 minuut"},"schema":{"@context":"https:\/\/schema.org","@graph":[{"@type":"WebPage","@id":"https:\/\/arabian-mood.com\/produit\/spray-dinterieur-oud-raspberry\/","url":"https:\/\/arabian-mood.com\/produit\/spray-dinterieur-oud-raspberry\/","name":"Spray d'interieur Oud & Raspberry","isPartOf":{"@id":"https:\/\/arabian-mood.com\/#website"},"primaryImageOfPage":{"@id":"https:\/\/arabian-mood.com\/produit\/spray-dinterieur-oud-raspberry\/#primaryimage"},"image":{"@id":"https:\/\/arabian-mood.com\/produit\/spray-dinterieur-oud-raspberry\/#primaryimage"},"thumbnailUrl":"https:\/\/arabian-mood.com\/wp-content\/uploads\/2021\/12\/SPRAY-OUD-FRAMBOISE.png","datePublished":"2021-12-17T16:18:25+00:00","dateModified":"2024-02-01T10:26:03+00:00","description":"Ce spray d\u2019int\u00e9rieur Oud & Raspberry apaisera votre ambiance. Laissez-vous envahir par les effluves de ce parfum d\u2019int\u00e9rieur .","breadcrumb":{"@id":"https:\/\/arabian-mood.com\/produit\/spray-dinterieur-oud-raspberry\/#breadcrumb"},"inLanguage":"nl-NL","potentialAction":[{"@type":"ReadAction","target":["https:\/\/arabian-mood.com\/produit\/spray-dinterieur-oud-raspberry\/"]}]},{"@type":"ImageObject","inLanguage":"nl-NL","@id":"https:\/\/arabian-mood.com\/produit\/spray-dinterieur-oud-raspberry\/#primaryimage","url":"https:\/\/arabian-mood.com\/wp-content\/uploads\/2021\/12\/SPRAY-OUD-FRAMBOISE.png","contentUrl":"https:\/\/arabian-mood.com\/wp-content\/uploads\/2021\/12\/SPRAY-OUD-FRAMBOISE.png","width":1000,"height":1000},{"@type":"BreadcrumbList","@id":"https:\/\/arabian-mood.com\/produit\/spray-dinterieur-oud-raspberry\/#breadcrumb","itemListElement":[{"@type":"ListItem","position":1,"name":"Accueil","item":"https:\/\/arabian-mood.com\/"},{"@type":"ListItem","position":2,"name":"Boutique","item":"https:\/\/arabian-mood.com\/boutique\/"},{"@type":"ListItem","position":3,"name":"Spray d&#8217;interieur Oud &#038; Raspberry"}]},{"@type":"WebSite","@id":"https:\/\/arabian-mood.com\/#website","url":"https:\/\/arabian-mood.com\/","name":"Arabische Sfeer","description":"","publisher":{"@id":"https:\/\/arabian-mood.com\/#organization"},"potentialAction":[{"@type":"SearchAction","target":{"@type":"EntryPoint","urlTemplate":"https:\/\/arabian-mood.com\/?s={search_term_string}"},"query-input":{"@type":"PropertyValueSpecification","valueRequired":true,"valueName":"search_term_string"}}],"inLanguage":"nl-NL"},{"@type":"Organization","@id":"https:\/\/arabian-mood.com\/#organization","name":"Arabische Sfeer","url":"https:\/\/arabian-mood.com\/","logo":{"@type":"ImageObject","inLanguage":"nl-NL","@id":"https:\/\/arabian-mood.com\/#\/schema\/logo\/image\/","url":"https:\/\/arabian-mood.com\/wp-content\/uploads\/2024\/09\/Groupe-11304.svg","contentUrl":"https:\/\/arabian-mood.com\/wp-content\/uploads\/2024\/09\/Groupe-11304.svg","width":214,"height":27,"caption":"Arabian Mood"},"image":{"@id":"https:\/\/arabian-mood.com\/#\/schema\/logo\/image\/"},"sameAs":["https:\/\/www.instagram.com\/arabianmoodofficiel\/"]}]}},"_links":{"self":[{"href":"https:\/\/arabian-mood.com\/nl\/wp-json\/wp\/v2\/product\/4837","targetHints":{"allow":["GET"]}}],"collection":[{"href":"https:\/\/arabian-mood.com\/nl\/wp-json\/wp\/v2\/product"}],"about":[{"href":"https:\/\/arabian-mood.com\/nl\/wp-json\/wp\/v2\/types\/product"}],"wp:featuredmedia":[{"embeddable":true,"href":"https:\/\/arabian-mood.com\/nl\/wp-json\/wp\/v2\/media\/4839"}],"wp:attachment":[{"href":"https:\/\/arabian-mood.com\/nl\/wp-json\/wp\/v2\/media?parent=4837"}],"wp:term":[{"taxonomy":"product_brand","embeddable":true,"href":"https:\/\/arabian-mood.com\/nl\/wp-json\/wp\/v2\/product_brand?post=4837"},{"taxonomy":"product_cat","embeddable":true,"href":"https:\/\/arabian-mood.com\/nl\/wp-json\/wp\/v2\/product_cat?post=4837"},{"taxonomy":"product_tag","embeddable":true,"href":"https:\/\/arabian-mood.com\/nl\/wp-json\/wp\/v2\/product_tag?post=4837"}],"curies":[{"name":"wp","href":"https:\/\/api.w.org\/{rel}","templated":true}]}}