{"id":5301,"date":"2022-03-04T11:05:33","date_gmt":"2022-03-04T10:05:33","guid":{"rendered":"https:\/\/arabian-mood.com\/produit\/majetic-woody-intense\/"},"modified":"2026-02-23T13:47:04","modified_gmt":"2026-02-23T12:47:04","slug":"majestic-woody-intense-arabian-oud","status":"publish","type":"product","link":"https:\/\/arabian-mood.com\/nl\/produit\/majestic-woody-intense-arabian-oud\/","title":{"rendered":"Majestic Woody Intense 100 ml \u2013 Arabian Oud"},"content":{"rendered":"<p style=\"text-align: center;\">Un parfum de caract\u00e8re qui \u00e9volue de fa\u00e7on sublime, Majestic Woody intense By Arabian Oud est une v\u00e9ritable arme de gentlemen.<\/p>\n<h2 style=\"text-align: center;\">Description olfactive\u00a0Majestic woody intense by Arabian Oud<\/h2>\n<p style=\"font-weight: 400; text-align: center;\">La fragrance\u00a0est un voyage sensuel de notes chaudes et complexes. La note de t\u00eate sollicite imm\u00e9diatement les sens avec son ouverture bois\u00e9. Le coeur a base de bois de santal se marie merveilleusement aux accords d&#8217;ambre et de vanille.<\/p>\n<p style=\"text-align: center;\"><em>La fragrance vient se nicher dans un \u00e9crin luxueux en forme de coupe.<\/em><\/p>\n<h3 style=\"text-align: center;\">Conseil d&#8217;utilisation pour votre parfum\u00a0Majestic woody intense By Arabian Oud<\/h3>\n<p style=\"text-align: center;\">Accompagnez votre effluve par une huile de parfum poudr\u00e9 ou par le magnifique <span style=\"color: #000000;\"><a style=\"color: #000000;\" href=\"https:\/\/arabian-mood.com\/nl\/product-2\/musc-vanille\/\">musc vanille de chez la parfumerie maison Alhambra<\/a><\/span>, de surcroit, son\u00a0sillage ne sera que plus intense et envoutant. Le m\u00e9lange de deux fragrance cr\u00e9e un combo unique, ce qui rend votre odeur encore plus personnel.<\/p>\n<h3 style=\"text-align: center;\">L&#8217;histoire du parfumeur<\/h3>\n<p style=\"text-align: center;\">La maison Arabian Oud commence son histoire dans les ann\u00e9es 80 dans le royaume d\u2019Arabie. Entre tradition et modernit\u00e9, la marque se distingue rapidement avec son fameux ingr\u00e9dient mill\u00e9naire le \u00ab\u00a0OUD\u00a0\u00bb.<br \/>\nDe New-work \u00e0 Kuala Lumpur en passant par la ville lumi\u00e8re, ces parfumeurs ont su changer les codes de la parfumerie moderne.\u00a0R\u00e9compens\u00e9 \u00e0 plusieurs reprises au fameux festival des FIFI AWARDS<\/p>\n<p style=\"text-align: center;\">","protected":false},"excerpt":{"rendered":"<div class=\"woocommerce-product-details__short-description\">\n<ul>\n<li><strong>Topnoten:<\/strong> Bergamote, Bois de Santal, C\u00e8dre et Citronnelle<\/li>\n<li><strong>Hartnoten:<\/strong> Bois d\u2019Ebene, Davana, Lavande, Patchouli, Romarin et Vetiver<\/li>\n<li><strong>Basisnotities:<\/strong> Bois du Cachemir et de Gaia, Laudanum, Musc, Oud, Santal, Vanille<\/li>\n<\/ul>\n<p><strong>Genre<\/strong> gemengd<\/p>\n<\/div>","protected":false},"featured_media":7533,"template":"","meta":[],"product_brand":[],"product_cat":[519,433],"product_tag":[],"class_list":{"0":"post-5301","1":"product","2":"type-product","3":"status-publish","4":"has-post-thumbnail","6":"product_cat-arabian-oud","7":"product_cat-parfums-de-dubai","9":"first","10":"instock","11":"sale","12":"purchasable","13":"product-type-simple"},"yoast_head":"<!-- This site is optimized with the Yoast SEO plugin v27.4 - https:\/\/yoast.com\/product\/yoast-seo-wordpress\/ -->\n<title>Eau de parfum Majestic woody intense | Arabian Oud<\/title>\n<meta name=\"description\" content=\"Majestic Woody Intense By Arabian Oud est un m\u00e9lange subtil et sophistiqu\u00e9 qui capture les for\u00eats exotiques de l\u2019Orient. A d\u00e9couvrir en exclusivit\u00e9.\" \/>\n<meta name=\"robots\" content=\"index, follow, max-snippet:-1, max-image-preview:large, max-video-preview:-1\" \/>\n<link rel=\"canonical\" href=\"https:\/\/arabian-mood.com\/nl\/product-2\/majestic-woody-intense-arabian-oud\/\" \/>\n<meta property=\"og:locale\" content=\"nl_NL\" \/>\n<meta property=\"og:type\" content=\"article\" \/>\n<meta property=\"og:title\" content=\"Eau de parfum Majestic woody intense | Arabian Oud\" \/>\n<meta property=\"og:description\" content=\"Majestic Woody Intense By Arabian Oud est un m\u00e9lange subtil et sophistiqu\u00e9 qui capture les for\u00eats exotiques de l\u2019Orient. A d\u00e9couvrir en exclusivit\u00e9.\" \/>\n<meta property=\"og:url\" content=\"https:\/\/arabian-mood.com\/nl\/product-2\/majestic-woody-intense-arabian-oud\/\" \/>\n<meta property=\"og:site_name\" content=\"Arabian Mood\" \/>\n<meta property=\"article:modified_time\" content=\"2026-02-23T12:47:04+00:00\" \/>\n<meta property=\"og:image\" content=\"https:\/\/arabian-mood.com\/wp-content\/uploads\/2021\/11\/MAJESTIC-WOODY-INTENSE.png\" \/>\n\t<meta property=\"og:image:width\" content=\"900\" \/>\n\t<meta property=\"og:image:height\" content=\"900\" \/>\n\t<meta property=\"og:image:type\" content=\"image\/png\" \/>\n<meta name=\"twitter:card\" content=\"summary_large_image\" \/>\n<meta name=\"twitter:label1\" content=\"Est. reading time\" \/>\n\t<meta name=\"twitter:data1\" content=\"2 minuten\" \/>\n<script type=\"application\/ld+json\" class=\"yoast-schema-graph\">{\"@context\":\"https:\\\/\\\/schema.org\",\"@graph\":[{\"@type\":\"WebPage\",\"@id\":\"https:\\\/\\\/arabian-mood.com\\\/produit\\\/majestic-woody-intense-arabian-oud\\\/\",\"url\":\"https:\\\/\\\/arabian-mood.com\\\/produit\\\/majestic-woody-intense-arabian-oud\\\/\",\"name\":\"Eau de parfum Majestic woody intense | Arabian Oud\",\"isPartOf\":{\"@id\":\"https:\\\/\\\/arabian-mood.com\\\/#website\"},\"primaryImageOfPage\":{\"@id\":\"https:\\\/\\\/arabian-mood.com\\\/produit\\\/majestic-woody-intense-arabian-oud\\\/#primaryimage\"},\"image\":{\"@id\":\"https:\\\/\\\/arabian-mood.com\\\/produit\\\/majestic-woody-intense-arabian-oud\\\/#primaryimage\"},\"thumbnailUrl\":\"https:\\\/\\\/arabian-mood.com\\\/wp-content\\\/uploads\\\/2021\\\/11\\\/MAJESTIC-WOODY-INTENSE.png\",\"datePublished\":\"2022-03-04T10:05:33+00:00\",\"dateModified\":\"2026-02-23T12:47:04+00:00\",\"description\":\"Majestic Woody Intense By Arabian Oud est un m\u00e9lange subtil et sophistiqu\u00e9 qui capture les for\u00eats exotiques de l\u2019Orient. A d\u00e9couvrir en exclusivit\u00e9.\",\"breadcrumb\":{\"@id\":\"https:\\\/\\\/arabian-mood.com\\\/produit\\\/majestic-woody-intense-arabian-oud\\\/#breadcrumb\"},\"inLanguage\":\"nl-NL\",\"potentialAction\":[{\"@type\":\"ReadAction\",\"target\":[\"https:\\\/\\\/arabian-mood.com\\\/produit\\\/majestic-woody-intense-arabian-oud\\\/\"]}]},{\"@type\":\"ImageObject\",\"inLanguage\":\"nl-NL\",\"@id\":\"https:\\\/\\\/arabian-mood.com\\\/produit\\\/majestic-woody-intense-arabian-oud\\\/#primaryimage\",\"url\":\"https:\\\/\\\/arabian-mood.com\\\/wp-content\\\/uploads\\\/2021\\\/11\\\/MAJESTIC-WOODY-INTENSE.png\",\"contentUrl\":\"https:\\\/\\\/arabian-mood.com\\\/wp-content\\\/uploads\\\/2021\\\/11\\\/MAJESTIC-WOODY-INTENSE.png\",\"width\":900,\"height\":900,\"caption\":\"MAJESTIC WOODY INTENSE BY ARABIAN OUD\"},{\"@type\":\"BreadcrumbList\",\"@id\":\"https:\\\/\\\/arabian-mood.com\\\/produit\\\/majestic-woody-intense-arabian-oud\\\/#breadcrumb\",\"itemListElement\":[{\"@type\":\"ListItem\",\"position\":1,\"name\":\"Accueil\",\"item\":\"https:\\\/\\\/arabian-mood.com\\\/\"},{\"@type\":\"ListItem\",\"position\":2,\"name\":\"Boutique\",\"item\":\"https:\\\/\\\/arabian-mood.com\\\/boutique\\\/\"},{\"@type\":\"ListItem\",\"position\":3,\"name\":\"Majestic Woody Intense 100 ml &#8211; Arabian Oud\"}]},{\"@type\":\"WebSite\",\"@id\":\"https:\\\/\\\/arabian-mood.com\\\/#website\",\"url\":\"https:\\\/\\\/arabian-mood.com\\\/\",\"name\":\"Arabian Mood\",\"description\":\"\",\"publisher\":{\"@id\":\"https:\\\/\\\/arabian-mood.com\\\/#organization\"},\"potentialAction\":[{\"@type\":\"SearchAction\",\"target\":{\"@type\":\"EntryPoint\",\"urlTemplate\":\"https:\\\/\\\/arabian-mood.com\\\/?s={search_term_string}\"},\"query-input\":{\"@type\":\"PropertyValueSpecification\",\"valueRequired\":true,\"valueName\":\"search_term_string\"}}],\"inLanguage\":\"nl-NL\"},{\"@type\":\"Organization\",\"@id\":\"https:\\\/\\\/arabian-mood.com\\\/#organization\",\"name\":\"Arabian Mood\",\"url\":\"https:\\\/\\\/arabian-mood.com\\\/\",\"logo\":{\"@type\":\"ImageObject\",\"inLanguage\":\"nl-NL\",\"@id\":\"https:\\\/\\\/arabian-mood.com\\\/#\\\/schema\\\/logo\\\/image\\\/\",\"url\":\"https:\\\/\\\/arabian-mood.com\\\/wp-content\\\/uploads\\\/2024\\\/09\\\/Groupe-11304.svg\",\"contentUrl\":\"https:\\\/\\\/arabian-mood.com\\\/wp-content\\\/uploads\\\/2024\\\/09\\\/Groupe-11304.svg\",\"width\":214,\"height\":27,\"caption\":\"Arabian Mood\"},\"image\":{\"@id\":\"https:\\\/\\\/arabian-mood.com\\\/#\\\/schema\\\/logo\\\/image\\\/\"},\"sameAs\":[\"https:\\\/\\\/www.instagram.com\\\/arabianmoodofficiel\\\/\"]}]}<\/script>\n<!-- \/ Yoast SEO plugin. -->","yoast_head_json":{"title":"Eau de parfum Majestic woody intense | Arabian Oud","description":"Majestic Woody Intense By Arabian Oud est un m\u00e9lange subtil et sophistiqu\u00e9 qui capture les for\u00eats exotiques de l\u2019Orient. A d\u00e9couvrir en exclusivit\u00e9.","robots":{"index":"index","follow":"follow","max-snippet":"max-snippet:-1","max-image-preview":"max-image-preview:large","max-video-preview":"max-video-preview:-1"},"canonical":"https:\/\/arabian-mood.com\/nl\/product-2\/majestic-woody-intense-arabian-oud\/","og_locale":"nl_NL","og_type":"article","og_title":"Eau de parfum Majestic woody intense | Arabian Oud","og_description":"Majestic Woody Intense By Arabian Oud est un m\u00e9lange subtil et sophistiqu\u00e9 qui capture les for\u00eats exotiques de l\u2019Orient. A d\u00e9couvrir en exclusivit\u00e9.","og_url":"https:\/\/arabian-mood.com\/nl\/product-2\/majestic-woody-intense-arabian-oud\/","og_site_name":"Arabian Mood","article_modified_time":"2026-02-23T12:47:04+00:00","og_image":[{"width":900,"height":900,"url":"https:\/\/arabian-mood.com\/wp-content\/uploads\/2021\/11\/MAJESTIC-WOODY-INTENSE.png","type":"image\/png"}],"twitter_card":"summary_large_image","twitter_misc":{"Est. reading time":"2 minuten"},"schema":{"@context":"https:\/\/schema.org","@graph":[{"@type":"WebPage","@id":"https:\/\/arabian-mood.com\/produit\/majestic-woody-intense-arabian-oud\/","url":"https:\/\/arabian-mood.com\/produit\/majestic-woody-intense-arabian-oud\/","name":"Eau de parfum Majestic woody intense | Arabian Oud","isPartOf":{"@id":"https:\/\/arabian-mood.com\/#website"},"primaryImageOfPage":{"@id":"https:\/\/arabian-mood.com\/produit\/majestic-woody-intense-arabian-oud\/#primaryimage"},"image":{"@id":"https:\/\/arabian-mood.com\/produit\/majestic-woody-intense-arabian-oud\/#primaryimage"},"thumbnailUrl":"https:\/\/arabian-mood.com\/wp-content\/uploads\/2021\/11\/MAJESTIC-WOODY-INTENSE.png","datePublished":"2022-03-04T10:05:33+00:00","dateModified":"2026-02-23T12:47:04+00:00","description":"Majestic Woody Intense By Arabian Oud est un m\u00e9lange subtil et sophistiqu\u00e9 qui capture les for\u00eats exotiques de l\u2019Orient. A d\u00e9couvrir en exclusivit\u00e9.","breadcrumb":{"@id":"https:\/\/arabian-mood.com\/produit\/majestic-woody-intense-arabian-oud\/#breadcrumb"},"inLanguage":"nl-NL","potentialAction":[{"@type":"ReadAction","target":["https:\/\/arabian-mood.com\/produit\/majestic-woody-intense-arabian-oud\/"]}]},{"@type":"ImageObject","inLanguage":"nl-NL","@id":"https:\/\/arabian-mood.com\/produit\/majestic-woody-intense-arabian-oud\/#primaryimage","url":"https:\/\/arabian-mood.com\/wp-content\/uploads\/2021\/11\/MAJESTIC-WOODY-INTENSE.png","contentUrl":"https:\/\/arabian-mood.com\/wp-content\/uploads\/2021\/11\/MAJESTIC-WOODY-INTENSE.png","width":900,"height":900,"caption":"MAJESTIC WOODY INTENSE BY ARABIAN OUD"},{"@type":"BreadcrumbList","@id":"https:\/\/arabian-mood.com\/produit\/majestic-woody-intense-arabian-oud\/#breadcrumb","itemListElement":[{"@type":"ListItem","position":1,"name":"Accueil","item":"https:\/\/arabian-mood.com\/"},{"@type":"ListItem","position":2,"name":"Boutique","item":"https:\/\/arabian-mood.com\/boutique\/"},{"@type":"ListItem","position":3,"name":"Majestic Woody Intense 100 ml &#8211; Arabian Oud"}]},{"@type":"WebSite","@id":"https:\/\/arabian-mood.com\/#website","url":"https:\/\/arabian-mood.com\/","name":"Arabische Sfeer","description":"","publisher":{"@id":"https:\/\/arabian-mood.com\/#organization"},"potentialAction":[{"@type":"SearchAction","target":{"@type":"EntryPoint","urlTemplate":"https:\/\/arabian-mood.com\/?s={search_term_string}"},"query-input":{"@type":"PropertyValueSpecification","valueRequired":true,"valueName":"search_term_string"}}],"inLanguage":"nl-NL"},{"@type":"Organization","@id":"https:\/\/arabian-mood.com\/#organization","name":"Arabische Sfeer","url":"https:\/\/arabian-mood.com\/","logo":{"@type":"ImageObject","inLanguage":"nl-NL","@id":"https:\/\/arabian-mood.com\/#\/schema\/logo\/image\/","url":"https:\/\/arabian-mood.com\/wp-content\/uploads\/2024\/09\/Groupe-11304.svg","contentUrl":"https:\/\/arabian-mood.com\/wp-content\/uploads\/2024\/09\/Groupe-11304.svg","width":214,"height":27,"caption":"Arabian Mood"},"image":{"@id":"https:\/\/arabian-mood.com\/#\/schema\/logo\/image\/"},"sameAs":["https:\/\/www.instagram.com\/arabianmoodofficiel\/"]}]}},"_links":{"self":[{"href":"https:\/\/arabian-mood.com\/nl\/wp-json\/wp\/v2\/product\/5301","targetHints":{"allow":["GET"]}}],"collection":[{"href":"https:\/\/arabian-mood.com\/nl\/wp-json\/wp\/v2\/product"}],"about":[{"href":"https:\/\/arabian-mood.com\/nl\/wp-json\/wp\/v2\/types\/product"}],"wp:featuredmedia":[{"embeddable":true,"href":"https:\/\/arabian-mood.com\/nl\/wp-json\/wp\/v2\/media\/7533"}],"wp:attachment":[{"href":"https:\/\/arabian-mood.com\/nl\/wp-json\/wp\/v2\/media?parent=5301"}],"wp:term":[{"taxonomy":"product_brand","embeddable":true,"href":"https:\/\/arabian-mood.com\/nl\/wp-json\/wp\/v2\/product_brand?post=5301"},{"taxonomy":"product_cat","embeddable":true,"href":"https:\/\/arabian-mood.com\/nl\/wp-json\/wp\/v2\/product_cat?post=5301"},{"taxonomy":"product_tag","embeddable":true,"href":"https:\/\/arabian-mood.com\/nl\/wp-json\/wp\/v2\/product_tag?post=5301"}],"curies":[{"name":"wp","href":"https:\/\/api.w.org\/{rel}","templated":true}]}}