{"id":6021,"date":"2022-10-28T12:04:23","date_gmt":"2022-10-28T10:04:23","guid":{"rendered":"https:\/\/arabian-mood.com\/?post_type=product&#038;p=6021"},"modified":"2024-04-02T00:25:58","modified_gmt":"2024-04-01T22:25:58","slug":"kera-queens-lifting-keratine-argan","status":"publish","type":"product","link":"https:\/\/arabian-mood.com\/nl\/produit\/kera-queens-lifting-keratine-argan\/","title":{"rendered":"KERA QUEEN&#8217;S &#8211; Lifting K\u00e9ratine &#038; Argan"},"content":{"rendered":"<div class=\"woocommerce-product-details__short-description\">\n<div class=\"page\" title=\"Page 1\">\n<div class=\"section\">\n<div class=\"layoutArea\">\n<div class=\"column\">\n<p><strong>Shampoing + Soin sans sulfate &amp; sans parab\u00e8ne \u2013 500ml<\/strong><\/p>\n<p style=\"text-align: center;\">La gamme lifting \u00e0 l\u2019huile d\u2019argan et k\u00e9ratine est une formule unique enrichie en vitamine E. L\u2019huile d\u2019argan est un bon alli\u00e9 pour retrouver des cheveux \u00e9clatants. Elle apporte les nutriments essentiels aux cheveux ab\u00eem\u00e9s. Tout en les nourrissant, l\u2019huile d\u2019argan se r\u00e9v\u00e8le un excellent protecteur des cheveux contre les agressions ext\u00e9rieures.<\/p>\n<p style=\"text-align: center;\">La k\u00e9ratine r\u00e9pare, prot\u00e8ge et nourrit les cheveux ab\u00eem\u00e9s ou en manque de volume. Le lifting enrichi en acide hyaluronique va lisser le cheveu, le nourrir et le r\u00e9parer en profondeur. Il permet ainsi d\u2019att\u00e9nuer les frisottis ind\u00e9sirables et de booster la brillance du cheveu.<\/p>\n<\/div>\n<\/div>\n<\/div>\n<\/div>\n<\/div>","protected":false},"excerpt":{"rendered":"<p>Shampoing + Soin sans sulfate &amp; sans parab\u00e8ne \u2013 500ml La gamme lifting \u00e0 l\u2019huile d\u2019argan et k\u00e9ratine est une<\/p>","protected":false},"featured_media":6022,"template":"","meta":[],"product_brand":[],"product_cat":[443,423],"product_tag":[],"class_list":{"0":"post-6021","1":"product","2":"type-product","3":"status-publish","4":"has-post-thumbnail","6":"product_cat-botox-capillaire","7":"product_cat-soin-et-bien-etre","9":"first","10":"outofstock","11":"taxable","12":"shipping-taxable","13":"purchasable","14":"product-type-simple"},"yoast_head":"<!-- This site is optimized with the Yoast SEO plugin v27.5 - https:\/\/yoast.com\/product\/yoast-seo-wordpress\/ -->\n<title>KERA QUEEN&#039;S - Lifting K\u00e9ratine &amp; Argan<\/title>\n<meta name=\"description\" content=\"La gamme lifting \u00e0 l\u2019huile d\u2019argan et k\u00e9ratine est une formule unique. L\u2019huile d\u2019argan est un bon alli\u00e9 pour retrouver des cheveux \u00e9clatants.\" \/>\n<meta name=\"robots\" content=\"index, follow, max-snippet:-1, max-image-preview:large, max-video-preview:-1\" \/>\n<link rel=\"canonical\" href=\"https:\/\/arabian-mood.com\/nl\/product-2\/kera-queens-lifting-keratine-argan\/\" \/>\n<meta property=\"og:locale\" content=\"nl_NL\" \/>\n<meta property=\"og:type\" content=\"article\" \/>\n<meta property=\"og:title\" content=\"KERA QUEEN&#039;S - Lifting K\u00e9ratine &amp; Argan\" \/>\n<meta property=\"og:description\" content=\"La gamme lifting \u00e0 l\u2019huile d\u2019argan et k\u00e9ratine est une formule unique. L\u2019huile d\u2019argan est un bon alli\u00e9 pour retrouver des cheveux \u00e9clatants.\" \/>\n<meta property=\"og:url\" content=\"https:\/\/arabian-mood.com\/nl\/product-2\/kera-queens-lifting-keratine-argan\/\" \/>\n<meta property=\"og:site_name\" content=\"Arabian Mood\" \/>\n<meta property=\"article:modified_time\" content=\"2024-04-01T22:25:58+00:00\" \/>\n<meta property=\"og:image\" content=\"https:\/\/arabian-mood.com\/wp-content\/uploads\/2022\/10\/LIFTING-ARGAN.jpg\" \/>\n\t<meta property=\"og:image:width\" content=\"880\" \/>\n\t<meta property=\"og:image:height\" content=\"880\" \/>\n\t<meta property=\"og:image:type\" content=\"image\/jpeg\" \/>\n<meta name=\"twitter:card\" content=\"summary_large_image\" \/>\n<meta name=\"twitter:label1\" content=\"Geschatte leestijd\" \/>\n\t<meta name=\"twitter:data1\" content=\"1 minuut\" \/>\n<script type=\"application\/ld+json\" class=\"yoast-schema-graph\">{\"@context\":\"https:\\\/\\\/schema.org\",\"@graph\":[{\"@type\":\"WebPage\",\"@id\":\"https:\\\/\\\/arabian-mood.com\\\/produit\\\/kera-queens-lifting-keratine-argan\\\/\",\"url\":\"https:\\\/\\\/arabian-mood.com\\\/produit\\\/kera-queens-lifting-keratine-argan\\\/\",\"name\":\"KERA QUEEN'S - Lifting K\u00e9ratine & Argan\",\"isPartOf\":{\"@id\":\"https:\\\/\\\/arabian-mood.com\\\/#website\"},\"primaryImageOfPage\":{\"@id\":\"https:\\\/\\\/arabian-mood.com\\\/produit\\\/kera-queens-lifting-keratine-argan\\\/#primaryimage\"},\"image\":{\"@id\":\"https:\\\/\\\/arabian-mood.com\\\/produit\\\/kera-queens-lifting-keratine-argan\\\/#primaryimage\"},\"thumbnailUrl\":\"https:\\\/\\\/arabian-mood.com\\\/wp-content\\\/uploads\\\/2022\\\/10\\\/LIFTING-ARGAN.jpg\",\"datePublished\":\"2022-10-28T10:04:23+00:00\",\"dateModified\":\"2024-04-01T22:25:58+00:00\",\"description\":\"La gamme lifting \u00e0 l\u2019huile d\u2019argan et k\u00e9ratine est une formule unique. L\u2019huile d\u2019argan est un bon alli\u00e9 pour retrouver des cheveux \u00e9clatants.\",\"breadcrumb\":{\"@id\":\"https:\\\/\\\/arabian-mood.com\\\/produit\\\/kera-queens-lifting-keratine-argan\\\/#breadcrumb\"},\"inLanguage\":\"nl-NL\",\"potentialAction\":[{\"@type\":\"ReadAction\",\"target\":[\"https:\\\/\\\/arabian-mood.com\\\/produit\\\/kera-queens-lifting-keratine-argan\\\/\"]}]},{\"@type\":\"ImageObject\",\"inLanguage\":\"nl-NL\",\"@id\":\"https:\\\/\\\/arabian-mood.com\\\/produit\\\/kera-queens-lifting-keratine-argan\\\/#primaryimage\",\"url\":\"https:\\\/\\\/arabian-mood.com\\\/wp-content\\\/uploads\\\/2022\\\/10\\\/LIFTING-ARGAN.jpg\",\"contentUrl\":\"https:\\\/\\\/arabian-mood.com\\\/wp-content\\\/uploads\\\/2022\\\/10\\\/LIFTING-ARGAN.jpg\",\"width\":880,\"height\":880,\"caption\":\"ARABIAN-MOOD.COM\"},{\"@type\":\"BreadcrumbList\",\"@id\":\"https:\\\/\\\/arabian-mood.com\\\/produit\\\/kera-queens-lifting-keratine-argan\\\/#breadcrumb\",\"itemListElement\":[{\"@type\":\"ListItem\",\"position\":1,\"name\":\"Accueil\",\"item\":\"https:\\\/\\\/arabian-mood.com\\\/\"},{\"@type\":\"ListItem\",\"position\":2,\"name\":\"Boutique\",\"item\":\"https:\\\/\\\/arabian-mood.com\\\/boutique\\\/\"},{\"@type\":\"ListItem\",\"position\":3,\"name\":\"KERA QUEEN&#8217;S &#8211; Lifting K\u00e9ratine &#038; Argan\"}]},{\"@type\":\"WebSite\",\"@id\":\"https:\\\/\\\/arabian-mood.com\\\/#website\",\"url\":\"https:\\\/\\\/arabian-mood.com\\\/\",\"name\":\"Arabian Mood\",\"description\":\"\",\"publisher\":{\"@id\":\"https:\\\/\\\/arabian-mood.com\\\/#organization\"},\"potentialAction\":[{\"@type\":\"SearchAction\",\"target\":{\"@type\":\"EntryPoint\",\"urlTemplate\":\"https:\\\/\\\/arabian-mood.com\\\/?s={search_term_string}\"},\"query-input\":{\"@type\":\"PropertyValueSpecification\",\"valueRequired\":true,\"valueName\":\"search_term_string\"}}],\"inLanguage\":\"nl-NL\"},{\"@type\":\"Organization\",\"@id\":\"https:\\\/\\\/arabian-mood.com\\\/#organization\",\"name\":\"Arabian Mood\",\"url\":\"https:\\\/\\\/arabian-mood.com\\\/\",\"logo\":{\"@type\":\"ImageObject\",\"inLanguage\":\"nl-NL\",\"@id\":\"https:\\\/\\\/arabian-mood.com\\\/#\\\/schema\\\/logo\\\/image\\\/\",\"url\":\"https:\\\/\\\/arabian-mood.com\\\/wp-content\\\/uploads\\\/2024\\\/09\\\/Groupe-11304.svg\",\"contentUrl\":\"https:\\\/\\\/arabian-mood.com\\\/wp-content\\\/uploads\\\/2024\\\/09\\\/Groupe-11304.svg\",\"width\":214,\"height\":27,\"caption\":\"Arabian Mood\"},\"image\":{\"@id\":\"https:\\\/\\\/arabian-mood.com\\\/#\\\/schema\\\/logo\\\/image\\\/\"},\"sameAs\":[\"https:\\\/\\\/www.instagram.com\\\/arabianmoodofficiel\\\/\"]}]}<\/script>\n<!-- \/ Yoast SEO plugin. -->","yoast_head_json":{"title":"KERA QUEEN'S - Lifting K\u00e9ratine & Argan","description":"La gamme lifting \u00e0 l\u2019huile d\u2019argan et k\u00e9ratine est une formule unique. L\u2019huile d\u2019argan est un bon alli\u00e9 pour retrouver des cheveux \u00e9clatants.","robots":{"index":"index","follow":"follow","max-snippet":"max-snippet:-1","max-image-preview":"max-image-preview:large","max-video-preview":"max-video-preview:-1"},"canonical":"https:\/\/arabian-mood.com\/nl\/product-2\/kera-queens-lifting-keratine-argan\/","og_locale":"nl_NL","og_type":"article","og_title":"KERA QUEEN'S - Lifting K\u00e9ratine & Argan","og_description":"La gamme lifting \u00e0 l\u2019huile d\u2019argan et k\u00e9ratine est une formule unique. L\u2019huile d\u2019argan est un bon alli\u00e9 pour retrouver des cheveux \u00e9clatants.","og_url":"https:\/\/arabian-mood.com\/nl\/product-2\/kera-queens-lifting-keratine-argan\/","og_site_name":"Arabian Mood","article_modified_time":"2024-04-01T22:25:58+00:00","og_image":[{"width":880,"height":880,"url":"https:\/\/arabian-mood.com\/wp-content\/uploads\/2022\/10\/LIFTING-ARGAN.jpg","type":"image\/jpeg"}],"twitter_card":"summary_large_image","twitter_misc":{"Geschatte leestijd":"1 minuut"},"schema":{"@context":"https:\/\/schema.org","@graph":[{"@type":"WebPage","@id":"https:\/\/arabian-mood.com\/produit\/kera-queens-lifting-keratine-argan\/","url":"https:\/\/arabian-mood.com\/produit\/kera-queens-lifting-keratine-argan\/","name":"KERA QUEEN'S - Lifting K\u00e9ratine & Argan","isPartOf":{"@id":"https:\/\/arabian-mood.com\/#website"},"primaryImageOfPage":{"@id":"https:\/\/arabian-mood.com\/produit\/kera-queens-lifting-keratine-argan\/#primaryimage"},"image":{"@id":"https:\/\/arabian-mood.com\/produit\/kera-queens-lifting-keratine-argan\/#primaryimage"},"thumbnailUrl":"https:\/\/arabian-mood.com\/wp-content\/uploads\/2022\/10\/LIFTING-ARGAN.jpg","datePublished":"2022-10-28T10:04:23+00:00","dateModified":"2024-04-01T22:25:58+00:00","description":"La gamme lifting \u00e0 l\u2019huile d\u2019argan et k\u00e9ratine est une formule unique. L\u2019huile d\u2019argan est un bon alli\u00e9 pour retrouver des cheveux \u00e9clatants.","breadcrumb":{"@id":"https:\/\/arabian-mood.com\/produit\/kera-queens-lifting-keratine-argan\/#breadcrumb"},"inLanguage":"nl-NL","potentialAction":[{"@type":"ReadAction","target":["https:\/\/arabian-mood.com\/produit\/kera-queens-lifting-keratine-argan\/"]}]},{"@type":"ImageObject","inLanguage":"nl-NL","@id":"https:\/\/arabian-mood.com\/produit\/kera-queens-lifting-keratine-argan\/#primaryimage","url":"https:\/\/arabian-mood.com\/wp-content\/uploads\/2022\/10\/LIFTING-ARGAN.jpg","contentUrl":"https:\/\/arabian-mood.com\/wp-content\/uploads\/2022\/10\/LIFTING-ARGAN.jpg","width":880,"height":880,"caption":"ARABIAN-MOOD.COM"},{"@type":"BreadcrumbList","@id":"https:\/\/arabian-mood.com\/produit\/kera-queens-lifting-keratine-argan\/#breadcrumb","itemListElement":[{"@type":"ListItem","position":1,"name":"Accueil","item":"https:\/\/arabian-mood.com\/"},{"@type":"ListItem","position":2,"name":"Boutique","item":"https:\/\/arabian-mood.com\/boutique\/"},{"@type":"ListItem","position":3,"name":"KERA QUEEN&#8217;S &#8211; Lifting K\u00e9ratine &#038; Argan"}]},{"@type":"WebSite","@id":"https:\/\/arabian-mood.com\/#website","url":"https:\/\/arabian-mood.com\/","name":"Arabische Sfeer","description":"","publisher":{"@id":"https:\/\/arabian-mood.com\/#organization"},"potentialAction":[{"@type":"SearchAction","target":{"@type":"EntryPoint","urlTemplate":"https:\/\/arabian-mood.com\/?s={search_term_string}"},"query-input":{"@type":"PropertyValueSpecification","valueRequired":true,"valueName":"search_term_string"}}],"inLanguage":"nl-NL"},{"@type":"Organization","@id":"https:\/\/arabian-mood.com\/#organization","name":"Arabische Sfeer","url":"https:\/\/arabian-mood.com\/","logo":{"@type":"ImageObject","inLanguage":"nl-NL","@id":"https:\/\/arabian-mood.com\/#\/schema\/logo\/image\/","url":"https:\/\/arabian-mood.com\/wp-content\/uploads\/2024\/09\/Groupe-11304.svg","contentUrl":"https:\/\/arabian-mood.com\/wp-content\/uploads\/2024\/09\/Groupe-11304.svg","width":214,"height":27,"caption":"Arabian Mood"},"image":{"@id":"https:\/\/arabian-mood.com\/#\/schema\/logo\/image\/"},"sameAs":["https:\/\/www.instagram.com\/arabianmoodofficiel\/"]}]}},"_links":{"self":[{"href":"https:\/\/arabian-mood.com\/nl\/wp-json\/wp\/v2\/product\/6021","targetHints":{"allow":["GET"]}}],"collection":[{"href":"https:\/\/arabian-mood.com\/nl\/wp-json\/wp\/v2\/product"}],"about":[{"href":"https:\/\/arabian-mood.com\/nl\/wp-json\/wp\/v2\/types\/product"}],"wp:featuredmedia":[{"embeddable":true,"href":"https:\/\/arabian-mood.com\/nl\/wp-json\/wp\/v2\/media\/6022"}],"wp:attachment":[{"href":"https:\/\/arabian-mood.com\/nl\/wp-json\/wp\/v2\/media?parent=6021"}],"wp:term":[{"taxonomy":"product_brand","embeddable":true,"href":"https:\/\/arabian-mood.com\/nl\/wp-json\/wp\/v2\/product_brand?post=6021"},{"taxonomy":"product_cat","embeddable":true,"href":"https:\/\/arabian-mood.com\/nl\/wp-json\/wp\/v2\/product_cat?post=6021"},{"taxonomy":"product_tag","embeddable":true,"href":"https:\/\/arabian-mood.com\/nl\/wp-json\/wp\/v2\/product_tag?post=6021"}],"curies":[{"name":"wp","href":"https:\/\/api.w.org\/{rel}","templated":true}]}}