{"id":6090,"date":"2022-11-08T19:35:24","date_gmt":"2022-11-08T18:35:24","guid":{"rendered":"https:\/\/arabian-mood.com\/?post_type=product&#038;p=6090"},"modified":"2025-12-02T12:15:42","modified_gmt":"2025-12-02T11:15:42","slug":"witte-muskus","status":"publish","type":"product","link":"https:\/\/arabian-mood.com\/nl\/produit\/musc-blanc\/","title":{"rendered":"Witte muskus"},"content":{"rendered":"<h1 style=\"text-align: center;\"><b>Musc tahara, votre alli\u00e9 pour votre hygi\u00e8ne intime<\/b><\/h1>\n<p style=\"text-align: center;\"><b>D\u00e9couvrez notre incontournable musc tahara et sa fragrance unique et fra\u00eeche, pour une hygi\u00e8ne intime irr\u00e9prochable. Utilis\u00e9 dans divers pays du Moyen-Orient depuis tr\u00e8s longtemps, ce produit poss\u00e8de une senteur incomparable et fait partie des traditions.<\/b><\/p>\n<h2 style=\"text-align: center;\"><b>L\u2019utilisation du musc blanc dans l\u2019hygi\u00e8ne intime : une tradition ancestrale<\/b><\/h2>\n<p style=\"text-align: center;\">Bien plus qu\u2019un <b>produit phare pour l\u2019hygi\u00e8ne intime<\/b>, le musc blanc comporte de nombreux avantages et est issu d\u2019une tradition ancestrale. En effet, au Moyen-Orient ce produit est hautement appr\u00e9ci\u00e9 et fait partie des coutumes et des rituels de toilette intime. C\u2019est ainsi que le musc tahara fut pr\u00e9conis\u00e9 dans l\u2019hygi\u00e8ne intime des femmes apr\u00e8s les menstrues. Tahara signifie d\u2019ailleurs \u00ab purification \u00bb en arabe. Ce dernier procure une odeur propre, semblable \u00e0 du savon et une sensation de fra\u00eecheur durable lors de son utilisation.<\/p>\n<h2 style=\"text-align: center;\"><b><span class=\"Apple-converted-space\">\u00a0<\/span>Comment utiliser le musc tahara intime ?<\/b><\/h2>\n<p style=\"text-align: center;\">Le <a href=\"https:\/\/arabian-mood.com\/nl\/product-category-2\/parfumerie\/musc-tahara\/\"><b>parfum au musc tahara<\/b><\/a>\u00a0blanc peut \u00eatre appliqu\u00e9 sur plusieurs parties chaudes du corps, favorisant ainsi la diffusion de sa fragrance plus durablement. Aussi, vous pouvez appliquer le musc sur vos poignets, cou, creux de la poitrine ou encore dans la zone de l\u2019aine au niveau de l\u2019entre-cuisse. Cet \u00e9lixir blanc \u00e0 la texture velout\u00e9e saura sublimer votre parfum naturel tout en renfor\u00e7ant votre senteur et votre confort. Aussi, que vous optiez pour le musc tahara en tant que parfum ou bien pour votre hygi\u00e8ne intime, ce produit incontournable vous ravira.<\/p>\n<h2 style=\"text-align: center;\"><b>Nos conseils d\u2019application et de conservation de votre musc intime<\/b><\/h2>\n<p style=\"text-align: center;\">Vous pouvez appliquer le musc de trois mani\u00e8res diff\u00e9rentes. Ainsi, vous pourrez l\u2019appliquer directement sur votre peau en utilisant vos doigts ou alors opter entre un coton ou un tissu pour proc\u00e9der \u00e0 l\u2019application. Le <b>musc tahara<\/b>\u00a0se conserve environ 1 an lorsque le flacon est ferm\u00e9 et 8 mois \u00e0 partir de son ouverture. Pouvant \u00eatre appliqu\u00e9 dans diverses zones chaudes du corps afin de diffuser plus longtemps sa fragrance, ce musc saura vous conqu\u00e9rir.<\/p>","protected":false},"excerpt":{"rendered":"<p>Musk Tahara<\/p>","protected":false},"featured_media":6091,"template":"","meta":[],"product_brand":[],"product_cat":[435,436,152],"product_tag":[],"class_list":{"0":"post-6090","1":"product","2":"type-product","3":"status-publish","4":"has-post-thumbnail","6":"product_cat-huile-de-parfum","7":"product_cat-musc-tahara","8":"product_cat-mixte","10":"first","11":"outofstock","12":"taxable","13":"shipping-taxable","14":"purchasable","15":"product-type-simple"},"yoast_head":"<!-- This site is optimized with the Yoast SEO plugin v27.4 - https:\/\/yoast.com\/product\/yoast-seo-wordpress\/ -->\n<title>Musc blanc - Arabian Mood<\/title>\n<meta name=\"description\" content=\"Utilis\u00e9 depuis des si\u00e8cles dans le rituel de la toilette intime, le musc blanc est un parfum \u00e0 l\u2019odeur exquise qui procure propret\u00e9 et de puret\u00e9.\" \/>\n<meta name=\"robots\" content=\"index, follow, max-snippet:-1, max-image-preview:large, max-video-preview:-1\" \/>\n<link rel=\"canonical\" href=\"https:\/\/arabian-mood.com\/nl\/product-category-2\/musc-tahara\/\" \/>\n<meta property=\"og:locale\" content=\"nl_NL\" \/>\n<meta property=\"og:type\" content=\"article\" \/>\n<meta property=\"og:title\" content=\"Musc blanc - Arabian Mood\" \/>\n<meta property=\"og:description\" content=\"Utilis\u00e9 depuis des si\u00e8cles dans le rituel de la toilette intime, le musc blanc est un parfum \u00e0 l\u2019odeur exquise qui procure propret\u00e9 et de puret\u00e9.\" \/>\n<meta property=\"og:url\" content=\"https:\/\/arabian-mood.com\/nl\/product-category-2\/musc-tahara\/\" \/>\n<meta property=\"og:site_name\" content=\"Arabian Mood\" \/>\n<meta property=\"article:modified_time\" content=\"2025-12-02T11:15:42+00:00\" \/>\n<meta property=\"og:image\" content=\"https:\/\/arabian-mood.com\/wp-content\/uploads\/2022\/11\/Musc-Tahara.jpg\" \/>\n\t<meta property=\"og:image:width\" content=\"2496\" \/>\n\t<meta property=\"og:image:height\" content=\"2496\" \/>\n\t<meta property=\"og:image:type\" content=\"image\/jpeg\" \/>\n<meta name=\"twitter:card\" content=\"summary_large_image\" \/>\n<meta name=\"twitter:label1\" content=\"Est. reading time\" \/>\n\t<meta name=\"twitter:data1\" content=\"2 minuten\" \/>\n<script type=\"application\/ld+json\" class=\"yoast-schema-graph\">{\"@context\":\"https:\\\/\\\/schema.org\",\"@graph\":[{\"@type\":\"WebPage\",\"@id\":\"https:\\\/\\\/arabian-mood.com\\\/produit\\\/musc-blanc\\\/\",\"url\":\"https:\\\/\\\/arabian-mood.com\\\/categorie-produit\\\/musc-tahara\\\/\",\"name\":\"Musc blanc - Arabian Mood\",\"isPartOf\":{\"@id\":\"https:\\\/\\\/arabian-mood.com\\\/#website\"},\"primaryImageOfPage\":{\"@id\":\"https:\\\/\\\/arabian-mood.com\\\/categorie-produit\\\/musc-tahara\\\/#primaryimage\"},\"image\":{\"@id\":\"https:\\\/\\\/arabian-mood.com\\\/categorie-produit\\\/musc-tahara\\\/#primaryimage\"},\"thumbnailUrl\":\"https:\\\/\\\/arabian-mood.com\\\/wp-content\\\/uploads\\\/2022\\\/11\\\/Musc-Tahara.jpg\",\"datePublished\":\"2022-11-08T18:35:24+00:00\",\"dateModified\":\"2025-12-02T11:15:42+00:00\",\"description\":\"Utilis\u00e9 depuis des si\u00e8cles dans le rituel de la toilette intime, le musc blanc est un parfum \u00e0 l\u2019odeur exquise qui procure propret\u00e9 et de puret\u00e9.\",\"breadcrumb\":{\"@id\":\"https:\\\/\\\/arabian-mood.com\\\/categorie-produit\\\/musc-tahara\\\/#breadcrumb\"},\"inLanguage\":\"nl-NL\",\"potentialAction\":[{\"@type\":\"ReadAction\",\"target\":[\"https:\\\/\\\/arabian-mood.com\\\/categorie-produit\\\/musc-tahara\\\/\"]}]},{\"@type\":\"ImageObject\",\"inLanguage\":\"nl-NL\",\"@id\":\"https:\\\/\\\/arabian-mood.com\\\/categorie-produit\\\/musc-tahara\\\/#primaryimage\",\"url\":\"https:\\\/\\\/arabian-mood.com\\\/wp-content\\\/uploads\\\/2022\\\/11\\\/Musc-Tahara.jpg\",\"contentUrl\":\"https:\\\/\\\/arabian-mood.com\\\/wp-content\\\/uploads\\\/2022\\\/11\\\/Musc-Tahara.jpg\",\"width\":2496,\"height\":2496,\"caption\":\"arabian-mood.com\"},{\"@type\":\"BreadcrumbList\",\"@id\":\"https:\\\/\\\/arabian-mood.com\\\/categorie-produit\\\/musc-tahara\\\/#breadcrumb\",\"itemListElement\":[{\"@type\":\"ListItem\",\"position\":1,\"name\":\"Accueil\",\"item\":\"https:\\\/\\\/arabian-mood.com\\\/\"},{\"@type\":\"ListItem\",\"position\":2,\"name\":\"Boutique\",\"item\":\"https:\\\/\\\/arabian-mood.com\\\/boutique\\\/\"},{\"@type\":\"ListItem\",\"position\":3,\"name\":\"Musc blanc\"}]},{\"@type\":\"WebSite\",\"@id\":\"https:\\\/\\\/arabian-mood.com\\\/#website\",\"url\":\"https:\\\/\\\/arabian-mood.com\\\/\",\"name\":\"Arabian Mood\",\"description\":\"\",\"publisher\":{\"@id\":\"https:\\\/\\\/arabian-mood.com\\\/#organization\"},\"potentialAction\":[{\"@type\":\"SearchAction\",\"target\":{\"@type\":\"EntryPoint\",\"urlTemplate\":\"https:\\\/\\\/arabian-mood.com\\\/?s={search_term_string}\"},\"query-input\":{\"@type\":\"PropertyValueSpecification\",\"valueRequired\":true,\"valueName\":\"search_term_string\"}}],\"inLanguage\":\"nl-NL\"},{\"@type\":\"Organization\",\"@id\":\"https:\\\/\\\/arabian-mood.com\\\/#organization\",\"name\":\"Arabian Mood\",\"url\":\"https:\\\/\\\/arabian-mood.com\\\/\",\"logo\":{\"@type\":\"ImageObject\",\"inLanguage\":\"nl-NL\",\"@id\":\"https:\\\/\\\/arabian-mood.com\\\/#\\\/schema\\\/logo\\\/image\\\/\",\"url\":\"https:\\\/\\\/arabian-mood.com\\\/wp-content\\\/uploads\\\/2024\\\/09\\\/Groupe-11304.svg\",\"contentUrl\":\"https:\\\/\\\/arabian-mood.com\\\/wp-content\\\/uploads\\\/2024\\\/09\\\/Groupe-11304.svg\",\"width\":214,\"height\":27,\"caption\":\"Arabian Mood\"},\"image\":{\"@id\":\"https:\\\/\\\/arabian-mood.com\\\/#\\\/schema\\\/logo\\\/image\\\/\"},\"sameAs\":[\"https:\\\/\\\/www.instagram.com\\\/arabianmoodofficiel\\\/\"]}]}<\/script>\n<!-- \/ Yoast SEO plugin. -->","yoast_head_json":{"title":"Musc blanc - Arabian Mood","description":"Utilis\u00e9 depuis des si\u00e8cles dans le rituel de la toilette intime, le musc blanc est un parfum \u00e0 l\u2019odeur exquise qui procure propret\u00e9 et de puret\u00e9.","robots":{"index":"index","follow":"follow","max-snippet":"max-snippet:-1","max-image-preview":"max-image-preview:large","max-video-preview":"max-video-preview:-1"},"canonical":"https:\/\/arabian-mood.com\/nl\/product-category-2\/musc-tahara\/","og_locale":"nl_NL","og_type":"article","og_title":"Musc blanc - Arabian Mood","og_description":"Utilis\u00e9 depuis des si\u00e8cles dans le rituel de la toilette intime, le musc blanc est un parfum \u00e0 l\u2019odeur exquise qui procure propret\u00e9 et de puret\u00e9.","og_url":"https:\/\/arabian-mood.com\/nl\/product-category-2\/musc-tahara\/","og_site_name":"Arabian Mood","article_modified_time":"2025-12-02T11:15:42+00:00","og_image":[{"width":2496,"height":2496,"url":"https:\/\/arabian-mood.com\/wp-content\/uploads\/2022\/11\/Musc-Tahara.jpg","type":"image\/jpeg"}],"twitter_card":"summary_large_image","twitter_misc":{"Est. reading time":"2 minuten"},"schema":{"@context":"https:\/\/schema.org","@graph":[{"@type":"WebPage","@id":"https:\/\/arabian-mood.com\/produit\/musc-blanc\/","url":"https:\/\/arabian-mood.com\/categorie-produit\/musc-tahara\/","name":"Musc blanc - Arabian Mood","isPartOf":{"@id":"https:\/\/arabian-mood.com\/#website"},"primaryImageOfPage":{"@id":"https:\/\/arabian-mood.com\/categorie-produit\/musc-tahara\/#primaryimage"},"image":{"@id":"https:\/\/arabian-mood.com\/categorie-produit\/musc-tahara\/#primaryimage"},"thumbnailUrl":"https:\/\/arabian-mood.com\/wp-content\/uploads\/2022\/11\/Musc-Tahara.jpg","datePublished":"2022-11-08T18:35:24+00:00","dateModified":"2025-12-02T11:15:42+00:00","description":"Utilis\u00e9 depuis des si\u00e8cles dans le rituel de la toilette intime, le musc blanc est un parfum \u00e0 l\u2019odeur exquise qui procure propret\u00e9 et de puret\u00e9.","breadcrumb":{"@id":"https:\/\/arabian-mood.com\/categorie-produit\/musc-tahara\/#breadcrumb"},"inLanguage":"nl-NL","potentialAction":[{"@type":"ReadAction","target":["https:\/\/arabian-mood.com\/categorie-produit\/musc-tahara\/"]}]},{"@type":"ImageObject","inLanguage":"nl-NL","@id":"https:\/\/arabian-mood.com\/categorie-produit\/musc-tahara\/#primaryimage","url":"https:\/\/arabian-mood.com\/wp-content\/uploads\/2022\/11\/Musc-Tahara.jpg","contentUrl":"https:\/\/arabian-mood.com\/wp-content\/uploads\/2022\/11\/Musc-Tahara.jpg","width":2496,"height":2496,"caption":"arabian-mood.com"},{"@type":"BreadcrumbList","@id":"https:\/\/arabian-mood.com\/categorie-produit\/musc-tahara\/#breadcrumb","itemListElement":[{"@type":"ListItem","position":1,"name":"Accueil","item":"https:\/\/arabian-mood.com\/"},{"@type":"ListItem","position":2,"name":"Boutique","item":"https:\/\/arabian-mood.com\/boutique\/"},{"@type":"ListItem","position":3,"name":"Musc blanc"}]},{"@type":"WebSite","@id":"https:\/\/arabian-mood.com\/#website","url":"https:\/\/arabian-mood.com\/","name":"Arabische Sfeer","description":"","publisher":{"@id":"https:\/\/arabian-mood.com\/#organization"},"potentialAction":[{"@type":"SearchAction","target":{"@type":"EntryPoint","urlTemplate":"https:\/\/arabian-mood.com\/?s={search_term_string}"},"query-input":{"@type":"PropertyValueSpecification","valueRequired":true,"valueName":"search_term_string"}}],"inLanguage":"nl-NL"},{"@type":"Organization","@id":"https:\/\/arabian-mood.com\/#organization","name":"Arabische Sfeer","url":"https:\/\/arabian-mood.com\/","logo":{"@type":"ImageObject","inLanguage":"nl-NL","@id":"https:\/\/arabian-mood.com\/#\/schema\/logo\/image\/","url":"https:\/\/arabian-mood.com\/wp-content\/uploads\/2024\/09\/Groupe-11304.svg","contentUrl":"https:\/\/arabian-mood.com\/wp-content\/uploads\/2024\/09\/Groupe-11304.svg","width":214,"height":27,"caption":"Arabian Mood"},"image":{"@id":"https:\/\/arabian-mood.com\/#\/schema\/logo\/image\/"},"sameAs":["https:\/\/www.instagram.com\/arabianmoodofficiel\/"]}]}},"_links":{"self":[{"href":"https:\/\/arabian-mood.com\/nl\/wp-json\/wp\/v2\/product\/6090","targetHints":{"allow":["GET"]}}],"collection":[{"href":"https:\/\/arabian-mood.com\/nl\/wp-json\/wp\/v2\/product"}],"about":[{"href":"https:\/\/arabian-mood.com\/nl\/wp-json\/wp\/v2\/types\/product"}],"wp:featuredmedia":[{"embeddable":true,"href":"https:\/\/arabian-mood.com\/nl\/wp-json\/wp\/v2\/media\/6091"}],"wp:attachment":[{"href":"https:\/\/arabian-mood.com\/nl\/wp-json\/wp\/v2\/media?parent=6090"}],"wp:term":[{"taxonomy":"product_brand","embeddable":true,"href":"https:\/\/arabian-mood.com\/nl\/wp-json\/wp\/v2\/product_brand?post=6090"},{"taxonomy":"product_cat","embeddable":true,"href":"https:\/\/arabian-mood.com\/nl\/wp-json\/wp\/v2\/product_cat?post=6090"},{"taxonomy":"product_tag","embeddable":true,"href":"https:\/\/arabian-mood.com\/nl\/wp-json\/wp\/v2\/product_tag?post=6090"}],"curies":[{"name":"wp","href":"https:\/\/api.w.org\/{rel}","templated":true}]}}