{"id":7809,"date":"2024-03-29T12:45:39","date_gmt":"2024-03-29T11:45:39","guid":{"rendered":"https:\/\/arabian-mood.com\/produit\/ameerat-al-arab\/"},"modified":"2026-01-06T12:11:24","modified_gmt":"2026-01-06T11:11:24","slug":"ameerat-al-arab-parfum-femme-lattafa-asdaaf","status":"publish","type":"product","link":"https:\/\/arabian-mood.com\/nl\/produit\/ameerat-al-arab-parfum-femme-lattafa-asdaaf\/","title":{"rendered":"Eau de parfum Ameerat Al Arab pour femme"},"content":{"rendered":"<p>Avez-vous d\u00e9j\u00e0 r\u00eav\u00e9 de vous sentir comme une v\u00e9ritable princesse orientale ? Avec <strong>Ameerat Al Arab<\/strong>, ce r\u00eave devient r\u00e9alit\u00e9 \u00e0 chaque vaporisation.<\/p>\n<h2>Ameerat Al Arab : devenez la princesse des arabes<\/h2>\n<p>Sa composition olfactive t\u00e9moigne explicitement de la qualit\u00e9 de cette eau de parfum dont le nom est assez \u00e9vocateur. Ameerat Al Arab signifie en effet &#8220;<strong>La princesse des arabes<\/strong>&#8221; dans la <strong>langue arabe<\/strong>. Un nom qui met donc en \u00e9vidence les intentions de cette fragrance, \u00e0 savoir faire de vous l&#8217;\u00e9g\u00e9rie de l&#8217;<strong>\u00e9l\u00e9gance f\u00e9minine orientale<\/strong>.<\/p>\n<p>Cette partition vous emporte dans un jardin luxuriant. Le <strong>raisin<\/strong> se m\u00eale \u00e0 la <strong>pomme<\/strong>, tandis que la <strong>oranjebloesem<\/strong> apporte une touche de douceur ensoleill\u00e9e. Pulv\u00e9risez Ameerat Al Arab, puis fermez les yeux et retrouvez-vous dans un verger royal en plein printemps.<\/p>\n<p>Puis vient l&#8217;instant charni\u00e8re, celui o\u00f9 le <strong>jasmin blanc<\/strong> s&#8217;unit aux p\u00e9tales de <strong>roos<\/strong> pour cr\u00e9er une m\u00e9lodie florale envo\u00fbtante. Chaque battement de c\u0153ur semble diffuser un peu plus cette \u00e9l\u00e9gance naturelle qui vous transforme. Vos gestes deviennent alors plus gracieux, votre pr\u00e9sence plus remarquable.<\/p>\n<p>Enfin, la note de fond se d\u00e9ploie avec le <strong>sandelhout<\/strong> qui s&#8217;associe \u00e0 l&#8217;<strong>amber<\/strong> pour cr\u00e9er un sillage persistant et m\u00e9morable. Comme les pages d&#8217;un conte oriental qui se tournent lentement, votre passage laisse une impression durable, un souvenir pr\u00e9cieux. Les personnes que vous croisez ne pourront s&#8217;emp\u00eacher de se demander quel est ce parfum qui transforme l&#8217;ordinaire en extraordinaire\u00a0?<\/p>\n<h3>L&#8217;\u00e9crin d&#8217;Ameerat Al Arab digne d&#8217;une princesse<\/h3>\n<p>M\u00eame avant de d\u00e9couvrir sa senteur, ce <strong>damesparfum<\/strong> vous s\u00e9duira par son flacon. Habill\u00e9 de daim rouge profond, couronn\u00e9 d&#8217;un bouchon dor\u00e9 \u00e9tincelant, il tr\u00f4ne fi\u00e8rement sur votre armoire comme un joyau pr\u00e9cieux. Chaque matin, en le prenant dans vos mains, vous le contemplerez avec \u00e9merveillement. R\u00e9v\u00e9lez tout votre charme en ajoutant \u00e0 votre panier <a href=\"https:\/\/arabian-mood.com\/nl\/product-2\/qissa-pink\/\"><strong>Qissa Pink<\/strong><\/a>, un autre chef-d&#8217;\u0153uvre <strong>made in Duba\u00ef<\/strong>.<\/p>\n<h3>Ce qui le rend diff\u00e9rent<\/h3>\n<p>Ameerat Al Arab n&#8217;est pas simplement un parfum \u00e0 porter. Au quotidien, il vous invite \u00e0 vivre chaque jour avec la confiance d&#8217;une femme qui conna\u00eet sa valeur. Une <strong>femme moderne<\/strong> qui allie force et douceur, tout comme les notes contrast\u00e9es de cette fragrance. N&#8217;attendez plus pour d\u00e9couvrir pourquoi ce parfum est devenu l&#8217;un des best-sellers. Apr\u00e8s tout, chaque femme m\u00e9rite de se sentir princesse, ne serait-ce qu&#8217;un instant.<\/p>","protected":false},"excerpt":{"rendered":"<p>Notes de t\u00eate: Raisins, Orange<br \/>\nNotes de c\u0153ur: Rose, Jasmin<br \/>\nNotes de fond: Musc, Ambre<\/p>","protected":false},"featured_media":9084,"template":"","meta":[],"product_brand":[],"product_cat":[518,433],"product_tag":[],"class_list":{"0":"post-7809","1":"product","2":"type-product","3":"status-publish","4":"has-post-thumbnail","6":"product_cat-lattafa","7":"product_cat-parfums-de-dubai","9":"first","10":"outofstock","11":"sale","12":"purchasable","13":"product-type-simple"},"yoast_head":"<!-- This site is optimized with the Yoast SEO plugin v27.4 - https:\/\/yoast.com\/product\/yoast-seo-wordpress\/ -->\n<title>Ameerat Al Arab | Eau de parfum orientale pour femme<\/title>\n<meta name=\"description\" content=\"D\u00e9couvrez Ameerat Al Arab, votre prochaine signature olfactive, celle qui fera de vous une princesse s\u00e9duisante. Parfumez-vous comme les dignitaires !\" \/>\n<meta name=\"robots\" content=\"index, follow, max-snippet:-1, max-image-preview:large, max-video-preview:-1\" \/>\n<link rel=\"canonical\" href=\"https:\/\/arabian-mood.com\/nl\/product-2\/ameerat-al-arab-parfum-femme-lattafa-asdaaf\/\" \/>\n<meta property=\"og:locale\" content=\"nl_NL\" \/>\n<meta property=\"og:type\" content=\"article\" \/>\n<meta property=\"og:title\" content=\"Ameerat Al Arab | Eau de parfum orientale pour femme\" \/>\n<meta property=\"og:description\" content=\"D\u00e9couvrez Ameerat Al Arab, votre prochaine signature olfactive, celle qui fera de vous une princesse s\u00e9duisante. Parfumez-vous comme les dignitaires !\" \/>\n<meta property=\"og:url\" content=\"https:\/\/arabian-mood.com\/nl\/product-2\/ameerat-al-arab-parfum-femme-lattafa-asdaaf\/\" \/>\n<meta property=\"og:site_name\" content=\"Arabian Mood\" \/>\n<meta property=\"article:modified_time\" content=\"2026-01-06T11:11:24+00:00\" \/>\n<meta property=\"og:image\" content=\"https:\/\/arabian-mood.com\/wp-content\/uploads\/2024\/03\/2-80-1.jpg\" \/>\n\t<meta property=\"og:image:width\" content=\"600\" \/>\n\t<meta property=\"og:image:height\" content=\"600\" \/>\n\t<meta property=\"og:image:type\" content=\"image\/jpeg\" \/>\n<meta name=\"twitter:card\" content=\"summary_large_image\" \/>\n<meta name=\"twitter:label1\" content=\"Est. reading time\" \/>\n\t<meta name=\"twitter:data1\" content=\"3 minuten\" \/>\n<script type=\"application\/ld+json\" class=\"yoast-schema-graph\">{\"@context\":\"https:\\\/\\\/schema.org\",\"@graph\":[{\"@type\":\"WebPage\",\"@id\":\"https:\\\/\\\/arabian-mood.com\\\/produit\\\/ameerat-al-arab-parfum-femme-lattafa-asdaaf\\\/\",\"url\":\"https:\\\/\\\/arabian-mood.com\\\/produit\\\/ameerat-al-arab-parfum-femme-lattafa-asdaaf\\\/\",\"name\":\"Ameerat Al Arab | Eau de parfum orientale pour femme\",\"isPartOf\":{\"@id\":\"https:\\\/\\\/arabian-mood.com\\\/#website\"},\"primaryImageOfPage\":{\"@id\":\"https:\\\/\\\/arabian-mood.com\\\/produit\\\/ameerat-al-arab-parfum-femme-lattafa-asdaaf\\\/#primaryimage\"},\"image\":{\"@id\":\"https:\\\/\\\/arabian-mood.com\\\/produit\\\/ameerat-al-arab-parfum-femme-lattafa-asdaaf\\\/#primaryimage\"},\"thumbnailUrl\":\"https:\\\/\\\/arabian-mood.com\\\/wp-content\\\/uploads\\\/2024\\\/03\\\/2-80-1.jpg\",\"datePublished\":\"2024-03-29T11:45:39+00:00\",\"dateModified\":\"2026-01-06T11:11:24+00:00\",\"description\":\"D\u00e9couvrez Ameerat Al Arab, votre prochaine signature olfactive, celle qui fera de vous une princesse s\u00e9duisante. Parfumez-vous comme les dignitaires !\",\"breadcrumb\":{\"@id\":\"https:\\\/\\\/arabian-mood.com\\\/produit\\\/ameerat-al-arab-parfum-femme-lattafa-asdaaf\\\/#breadcrumb\"},\"inLanguage\":\"nl-NL\",\"potentialAction\":[{\"@type\":\"ReadAction\",\"target\":[\"https:\\\/\\\/arabian-mood.com\\\/produit\\\/ameerat-al-arab-parfum-femme-lattafa-asdaaf\\\/\"]}]},{\"@type\":\"ImageObject\",\"inLanguage\":\"nl-NL\",\"@id\":\"https:\\\/\\\/arabian-mood.com\\\/produit\\\/ameerat-al-arab-parfum-femme-lattafa-asdaaf\\\/#primaryimage\",\"url\":\"https:\\\/\\\/arabian-mood.com\\\/wp-content\\\/uploads\\\/2024\\\/03\\\/2-80-1.jpg\",\"contentUrl\":\"https:\\\/\\\/arabian-mood.com\\\/wp-content\\\/uploads\\\/2024\\\/03\\\/2-80-1.jpg\",\"width\":600,\"height\":600,\"caption\":\"Ameerat Al Arab\"},{\"@type\":\"BreadcrumbList\",\"@id\":\"https:\\\/\\\/arabian-mood.com\\\/produit\\\/ameerat-al-arab-parfum-femme-lattafa-asdaaf\\\/#breadcrumb\",\"itemListElement\":[{\"@type\":\"ListItem\",\"position\":1,\"name\":\"Accueil\",\"item\":\"https:\\\/\\\/arabian-mood.com\\\/\"},{\"@type\":\"ListItem\",\"position\":2,\"name\":\"Boutique\",\"item\":\"https:\\\/\\\/arabian-mood.com\\\/boutique\\\/\"},{\"@type\":\"ListItem\",\"position\":3,\"name\":\"Eau de parfum Ameerat Al Arab pour femme\"}]},{\"@type\":\"WebSite\",\"@id\":\"https:\\\/\\\/arabian-mood.com\\\/#website\",\"url\":\"https:\\\/\\\/arabian-mood.com\\\/\",\"name\":\"Arabian Mood\",\"description\":\"\",\"publisher\":{\"@id\":\"https:\\\/\\\/arabian-mood.com\\\/#organization\"},\"potentialAction\":[{\"@type\":\"SearchAction\",\"target\":{\"@type\":\"EntryPoint\",\"urlTemplate\":\"https:\\\/\\\/arabian-mood.com\\\/?s={search_term_string}\"},\"query-input\":{\"@type\":\"PropertyValueSpecification\",\"valueRequired\":true,\"valueName\":\"search_term_string\"}}],\"inLanguage\":\"nl-NL\"},{\"@type\":\"Organization\",\"@id\":\"https:\\\/\\\/arabian-mood.com\\\/#organization\",\"name\":\"Arabian Mood\",\"url\":\"https:\\\/\\\/arabian-mood.com\\\/\",\"logo\":{\"@type\":\"ImageObject\",\"inLanguage\":\"nl-NL\",\"@id\":\"https:\\\/\\\/arabian-mood.com\\\/#\\\/schema\\\/logo\\\/image\\\/\",\"url\":\"https:\\\/\\\/arabian-mood.com\\\/wp-content\\\/uploads\\\/2024\\\/09\\\/Groupe-11304.svg\",\"contentUrl\":\"https:\\\/\\\/arabian-mood.com\\\/wp-content\\\/uploads\\\/2024\\\/09\\\/Groupe-11304.svg\",\"width\":214,\"height\":27,\"caption\":\"Arabian Mood\"},\"image\":{\"@id\":\"https:\\\/\\\/arabian-mood.com\\\/#\\\/schema\\\/logo\\\/image\\\/\"},\"sameAs\":[\"https:\\\/\\\/www.instagram.com\\\/arabianmoodofficiel\\\/\"]}]}<\/script>\n<!-- \/ Yoast SEO plugin. -->","yoast_head_json":{"title":"Ameerat Al Arab | Eau de parfum orientale pour femme","description":"D\u00e9couvrez Ameerat Al Arab, votre prochaine signature olfactive, celle qui fera de vous une princesse s\u00e9duisante. Parfumez-vous comme les dignitaires !","robots":{"index":"index","follow":"follow","max-snippet":"max-snippet:-1","max-image-preview":"max-image-preview:large","max-video-preview":"max-video-preview:-1"},"canonical":"https:\/\/arabian-mood.com\/nl\/product-2\/ameerat-al-arab-parfum-femme-lattafa-asdaaf\/","og_locale":"nl_NL","og_type":"article","og_title":"Ameerat Al Arab | Eau de parfum orientale pour femme","og_description":"D\u00e9couvrez Ameerat Al Arab, votre prochaine signature olfactive, celle qui fera de vous une princesse s\u00e9duisante. Parfumez-vous comme les dignitaires !","og_url":"https:\/\/arabian-mood.com\/nl\/product-2\/ameerat-al-arab-parfum-femme-lattafa-asdaaf\/","og_site_name":"Arabian Mood","article_modified_time":"2026-01-06T11:11:24+00:00","og_image":[{"width":600,"height":600,"url":"https:\/\/arabian-mood.com\/wp-content\/uploads\/2024\/03\/2-80-1.jpg","type":"image\/jpeg"}],"twitter_card":"summary_large_image","twitter_misc":{"Est. reading time":"3 minuten"},"schema":{"@context":"https:\/\/schema.org","@graph":[{"@type":"WebPage","@id":"https:\/\/arabian-mood.com\/produit\/ameerat-al-arab-parfum-femme-lattafa-asdaaf\/","url":"https:\/\/arabian-mood.com\/produit\/ameerat-al-arab-parfum-femme-lattafa-asdaaf\/","name":"Ameerat Al Arab | Eau de parfum orientale pour femme","isPartOf":{"@id":"https:\/\/arabian-mood.com\/#website"},"primaryImageOfPage":{"@id":"https:\/\/arabian-mood.com\/produit\/ameerat-al-arab-parfum-femme-lattafa-asdaaf\/#primaryimage"},"image":{"@id":"https:\/\/arabian-mood.com\/produit\/ameerat-al-arab-parfum-femme-lattafa-asdaaf\/#primaryimage"},"thumbnailUrl":"https:\/\/arabian-mood.com\/wp-content\/uploads\/2024\/03\/2-80-1.jpg","datePublished":"2024-03-29T11:45:39+00:00","dateModified":"2026-01-06T11:11:24+00:00","description":"D\u00e9couvrez Ameerat Al Arab, votre prochaine signature olfactive, celle qui fera de vous une princesse s\u00e9duisante. Parfumez-vous comme les dignitaires !","breadcrumb":{"@id":"https:\/\/arabian-mood.com\/produit\/ameerat-al-arab-parfum-femme-lattafa-asdaaf\/#breadcrumb"},"inLanguage":"nl-NL","potentialAction":[{"@type":"ReadAction","target":["https:\/\/arabian-mood.com\/produit\/ameerat-al-arab-parfum-femme-lattafa-asdaaf\/"]}]},{"@type":"ImageObject","inLanguage":"nl-NL","@id":"https:\/\/arabian-mood.com\/produit\/ameerat-al-arab-parfum-femme-lattafa-asdaaf\/#primaryimage","url":"https:\/\/arabian-mood.com\/wp-content\/uploads\/2024\/03\/2-80-1.jpg","contentUrl":"https:\/\/arabian-mood.com\/wp-content\/uploads\/2024\/03\/2-80-1.jpg","width":600,"height":600,"caption":"Ameerat Al Arab"},{"@type":"BreadcrumbList","@id":"https:\/\/arabian-mood.com\/produit\/ameerat-al-arab-parfum-femme-lattafa-asdaaf\/#breadcrumb","itemListElement":[{"@type":"ListItem","position":1,"name":"Accueil","item":"https:\/\/arabian-mood.com\/"},{"@type":"ListItem","position":2,"name":"Boutique","item":"https:\/\/arabian-mood.com\/boutique\/"},{"@type":"ListItem","position":3,"name":"Eau de parfum Ameerat Al Arab pour femme"}]},{"@type":"WebSite","@id":"https:\/\/arabian-mood.com\/#website","url":"https:\/\/arabian-mood.com\/","name":"Arabische Sfeer","description":"","publisher":{"@id":"https:\/\/arabian-mood.com\/#organization"},"potentialAction":[{"@type":"SearchAction","target":{"@type":"EntryPoint","urlTemplate":"https:\/\/arabian-mood.com\/?s={search_term_string}"},"query-input":{"@type":"PropertyValueSpecification","valueRequired":true,"valueName":"search_term_string"}}],"inLanguage":"nl-NL"},{"@type":"Organization","@id":"https:\/\/arabian-mood.com\/#organization","name":"Arabische Sfeer","url":"https:\/\/arabian-mood.com\/","logo":{"@type":"ImageObject","inLanguage":"nl-NL","@id":"https:\/\/arabian-mood.com\/#\/schema\/logo\/image\/","url":"https:\/\/arabian-mood.com\/wp-content\/uploads\/2024\/09\/Groupe-11304.svg","contentUrl":"https:\/\/arabian-mood.com\/wp-content\/uploads\/2024\/09\/Groupe-11304.svg","width":214,"height":27,"caption":"Arabian Mood"},"image":{"@id":"https:\/\/arabian-mood.com\/#\/schema\/logo\/image\/"},"sameAs":["https:\/\/www.instagram.com\/arabianmoodofficiel\/"]}]}},"_links":{"self":[{"href":"https:\/\/arabian-mood.com\/nl\/wp-json\/wp\/v2\/product\/7809","targetHints":{"allow":["GET"]}}],"collection":[{"href":"https:\/\/arabian-mood.com\/nl\/wp-json\/wp\/v2\/product"}],"about":[{"href":"https:\/\/arabian-mood.com\/nl\/wp-json\/wp\/v2\/types\/product"}],"wp:featuredmedia":[{"embeddable":true,"href":"https:\/\/arabian-mood.com\/nl\/wp-json\/wp\/v2\/media\/9084"}],"wp:attachment":[{"href":"https:\/\/arabian-mood.com\/nl\/wp-json\/wp\/v2\/media?parent=7809"}],"wp:term":[{"taxonomy":"product_brand","embeddable":true,"href":"https:\/\/arabian-mood.com\/nl\/wp-json\/wp\/v2\/product_brand?post=7809"},{"taxonomy":"product_cat","embeddable":true,"href":"https:\/\/arabian-mood.com\/nl\/wp-json\/wp\/v2\/product_cat?post=7809"},{"taxonomy":"product_tag","embeddable":true,"href":"https:\/\/arabian-mood.com\/nl\/wp-json\/wp\/v2\/product_tag?post=7809"}],"curies":[{"name":"wp","href":"https:\/\/api.w.org\/{rel}","templated":true}]}}