{"id":7825,"date":"2024-03-29T12:45:43","date_gmt":"2024-03-29T11:45:43","guid":{"rendered":"https:\/\/arabian-mood.com\/produit\/confidential-gold\/"},"modified":"2026-01-20T13:19:50","modified_gmt":"2026-01-20T12:19:50","slug":"parfum-confidential-private-gold","status":"publish","type":"product","link":"https:\/\/arabian-mood.com\/nl\/produit\/parfum-confidential-private-gold\/","title":{"rendered":"VERTROUWELIJK PRIVE GOUD \u2013 LATTAFA"},"content":{"rendered":"<p>CONFIDENTIAL PRIVATE GOLD BY LATTAFA<br \/>\nLe parfum Confidential Private Gold By Lattafa est une cr\u00e9ation exceptionnelle. La fragrance fruit\u00e9 et intense vous fera voyag\u00e9 \u00e0 travers des notes exotiques.<\/p>\n<p>Description :<\/p>\n<p>Comme un sirop que l\u2019on vient appr\u00e9cier en bord de plage aux derniers instant de la journ\u00e9e, le parfum Confidential est un \u00e9lixir revitalisant. Un cocktail de notes fruit\u00e9 vient d\u2019ambl\u00e9 prendre forme en t\u00eate de cette fragrance et vous donnez un zest d\u2019\u00e9nergie. Faisant place a un coeur plus doux et d\u00e9licat, le jasmin donne une tournure encore plus sensuel \u00e0 cette effluve. Le musc, la vanille, le bois de santal et le patchouli viennent conf\u00e9r\u00e9 a son fond une touche oriental.<\/p>\n<p>Comment mieux utiliser votre parfum Confidential Private Gold By Lattafa ?<\/p>\n<p>Vous pouvez accompagner votre Confidential Private Gold par la magnifique eau de parfum Khamrah By Lattafa, de surcroit, son sillage ne sera que plus intense et envoutant. Le m\u00e9lange de deux fragrance cr\u00e9e un combo unique, ce qui rendra votre effluve encore plus personnel.<\/p>","protected":false},"excerpt":{"rendered":"<p>Notes de t\u00eate: P\u00eaches, Poires, Cassis, Sable, H\u00e9liotrope<\/p>\n<p>Notes de c\u0153ur: Fruit de la Passion, Muguet, Framboises<\/p>\n<p>Notes de fond: Musc, Vanille, Bois de Santal, Patchouli<\/p>","protected":false},"featured_media":7693,"template":"","meta":[],"product_brand":[],"product_cat":[591],"product_tag":[],"class_list":{"0":"post-7825","1":"product","2":"type-product","3":"status-publish","4":"has-post-thumbnail","6":"product_cat-rupture-de-stock","8":"first","9":"outofstock","10":"sale","11":"purchasable","12":"product-type-simple"},"yoast_head":"<!-- This site is optimized with the Yoast SEO plugin v27.5 - https:\/\/yoast.com\/product\/yoast-seo-wordpress\/ -->\n<title>CONFIDENTIAL PRIVATE GOLD - LATTAFA - Arabian Mood<\/title>\n<meta name=\"robots\" content=\"index, follow, max-snippet:-1, max-image-preview:large, max-video-preview:-1\" \/>\n<link rel=\"canonical\" href=\"https:\/\/arabian-mood.com\/nl\/product-2\/parfum-confidential-private-gold\/\" \/>\n<meta property=\"og:locale\" content=\"nl_NL\" \/>\n<meta property=\"og:type\" content=\"article\" \/>\n<meta property=\"og:title\" content=\"CONFIDENTIAL PRIVATE GOLD - LATTAFA - Arabian Mood\" \/>\n<meta property=\"og:description\" content=\"Notes de t\u00eate: P\u00eaches, Poires, Cassis, Sable, H\u00e9liotrope  Notes de c\u0153ur: Fruit de la Passion, Muguet, Framboises  Notes de fond: Musc, Vanille, Bois de Santal, Patchouli\" \/>\n<meta property=\"og:url\" content=\"https:\/\/arabian-mood.com\/nl\/product-2\/parfum-confidential-private-gold\/\" \/>\n<meta property=\"og:site_name\" content=\"Arabian Mood\" \/>\n<meta property=\"article:modified_time\" content=\"2026-01-20T12:19:50+00:00\" \/>\n<meta property=\"og:image\" content=\"https:\/\/arabian-mood.com\/wp-content\/uploads\/2024\/03\/confidential-private-gold.png\" \/>\n\t<meta property=\"og:image:width\" content=\"900\" \/>\n\t<meta property=\"og:image:height\" content=\"900\" \/>\n\t<meta property=\"og:image:type\" content=\"image\/png\" \/>\n<meta name=\"twitter:card\" content=\"summary_large_image\" \/>\n<meta name=\"twitter:label1\" content=\"Geschatte leestijd\" \/>\n\t<meta name=\"twitter:data1\" content=\"2 minuten\" \/>\n<script type=\"application\/ld+json\" class=\"yoast-schema-graph\">{\"@context\":\"https:\\\/\\\/schema.org\",\"@graph\":[{\"@type\":\"WebPage\",\"@id\":\"https:\\\/\\\/arabian-mood.com\\\/produit\\\/parfum-confidential-private-gold\\\/\",\"url\":\"https:\\\/\\\/arabian-mood.com\\\/produit\\\/parfum-confidential-private-gold\\\/\",\"name\":\"CONFIDENTIAL PRIVATE GOLD - LATTAFA - Arabian Mood\",\"isPartOf\":{\"@id\":\"https:\\\/\\\/arabian-mood.com\\\/#website\"},\"primaryImageOfPage\":{\"@id\":\"https:\\\/\\\/arabian-mood.com\\\/produit\\\/parfum-confidential-private-gold\\\/#primaryimage\"},\"image\":{\"@id\":\"https:\\\/\\\/arabian-mood.com\\\/produit\\\/parfum-confidential-private-gold\\\/#primaryimage\"},\"thumbnailUrl\":\"https:\\\/\\\/arabian-mood.com\\\/wp-content\\\/uploads\\\/2024\\\/03\\\/confidential-private-gold.png\",\"datePublished\":\"2024-03-29T11:45:43+00:00\",\"dateModified\":\"2026-01-20T12:19:50+00:00\",\"breadcrumb\":{\"@id\":\"https:\\\/\\\/arabian-mood.com\\\/produit\\\/parfum-confidential-private-gold\\\/#breadcrumb\"},\"inLanguage\":\"nl-NL\",\"potentialAction\":[{\"@type\":\"ReadAction\",\"target\":[\"https:\\\/\\\/arabian-mood.com\\\/produit\\\/parfum-confidential-private-gold\\\/\"]}]},{\"@type\":\"ImageObject\",\"inLanguage\":\"nl-NL\",\"@id\":\"https:\\\/\\\/arabian-mood.com\\\/produit\\\/parfum-confidential-private-gold\\\/#primaryimage\",\"url\":\"https:\\\/\\\/arabian-mood.com\\\/wp-content\\\/uploads\\\/2024\\\/03\\\/confidential-private-gold.png\",\"contentUrl\":\"https:\\\/\\\/arabian-mood.com\\\/wp-content\\\/uploads\\\/2024\\\/03\\\/confidential-private-gold.png\",\"width\":900,\"height\":900},{\"@type\":\"BreadcrumbList\",\"@id\":\"https:\\\/\\\/arabian-mood.com\\\/produit\\\/parfum-confidential-private-gold\\\/#breadcrumb\",\"itemListElement\":[{\"@type\":\"ListItem\",\"position\":1,\"name\":\"Accueil\",\"item\":\"https:\\\/\\\/arabian-mood.com\\\/\"},{\"@type\":\"ListItem\",\"position\":2,\"name\":\"Boutique\",\"item\":\"https:\\\/\\\/arabian-mood.com\\\/boutique\\\/\"},{\"@type\":\"ListItem\",\"position\":3,\"name\":\"CONFIDENTIAL PRIVATE GOLD &#8211; LATTAFA\"}]},{\"@type\":\"WebSite\",\"@id\":\"https:\\\/\\\/arabian-mood.com\\\/#website\",\"url\":\"https:\\\/\\\/arabian-mood.com\\\/\",\"name\":\"Arabian Mood\",\"description\":\"\",\"publisher\":{\"@id\":\"https:\\\/\\\/arabian-mood.com\\\/#organization\"},\"potentialAction\":[{\"@type\":\"SearchAction\",\"target\":{\"@type\":\"EntryPoint\",\"urlTemplate\":\"https:\\\/\\\/arabian-mood.com\\\/?s={search_term_string}\"},\"query-input\":{\"@type\":\"PropertyValueSpecification\",\"valueRequired\":true,\"valueName\":\"search_term_string\"}}],\"inLanguage\":\"nl-NL\"},{\"@type\":\"Organization\",\"@id\":\"https:\\\/\\\/arabian-mood.com\\\/#organization\",\"name\":\"Arabian Mood\",\"url\":\"https:\\\/\\\/arabian-mood.com\\\/\",\"logo\":{\"@type\":\"ImageObject\",\"inLanguage\":\"nl-NL\",\"@id\":\"https:\\\/\\\/arabian-mood.com\\\/#\\\/schema\\\/logo\\\/image\\\/\",\"url\":\"https:\\\/\\\/arabian-mood.com\\\/wp-content\\\/uploads\\\/2024\\\/09\\\/Groupe-11304.svg\",\"contentUrl\":\"https:\\\/\\\/arabian-mood.com\\\/wp-content\\\/uploads\\\/2024\\\/09\\\/Groupe-11304.svg\",\"width\":214,\"height\":27,\"caption\":\"Arabian Mood\"},\"image\":{\"@id\":\"https:\\\/\\\/arabian-mood.com\\\/#\\\/schema\\\/logo\\\/image\\\/\"},\"sameAs\":[\"https:\\\/\\\/www.instagram.com\\\/arabianmoodofficiel\\\/\"]}]}<\/script>\n<!-- \/ Yoast SEO plugin. -->","yoast_head_json":{"title":"CONFIDENTIAL PRIVATE GOLD - LATTAFA - Arabian Mood","robots":{"index":"index","follow":"follow","max-snippet":"max-snippet:-1","max-image-preview":"max-image-preview:large","max-video-preview":"max-video-preview:-1"},"canonical":"https:\/\/arabian-mood.com\/nl\/product-2\/parfum-confidential-private-gold\/","og_locale":"nl_NL","og_type":"article","og_title":"CONFIDENTIAL PRIVATE GOLD - LATTAFA - Arabian Mood","og_description":"Notes de t\u00eate: P\u00eaches, Poires, Cassis, Sable, H\u00e9liotrope  Notes de c\u0153ur: Fruit de la Passion, Muguet, Framboises  Notes de fond: Musc, Vanille, Bois de Santal, Patchouli","og_url":"https:\/\/arabian-mood.com\/nl\/product-2\/parfum-confidential-private-gold\/","og_site_name":"Arabian Mood","article_modified_time":"2026-01-20T12:19:50+00:00","og_image":[{"width":900,"height":900,"url":"https:\/\/arabian-mood.com\/wp-content\/uploads\/2024\/03\/confidential-private-gold.png","type":"image\/png"}],"twitter_card":"summary_large_image","twitter_misc":{"Geschatte leestijd":"2 minuten"},"schema":{"@context":"https:\/\/schema.org","@graph":[{"@type":"WebPage","@id":"https:\/\/arabian-mood.com\/produit\/parfum-confidential-private-gold\/","url":"https:\/\/arabian-mood.com\/produit\/parfum-confidential-private-gold\/","name":"CONFIDENTIAL PRIVATE GOLD - LATTAFA - Arabian Mood","isPartOf":{"@id":"https:\/\/arabian-mood.com\/#website"},"primaryImageOfPage":{"@id":"https:\/\/arabian-mood.com\/produit\/parfum-confidential-private-gold\/#primaryimage"},"image":{"@id":"https:\/\/arabian-mood.com\/produit\/parfum-confidential-private-gold\/#primaryimage"},"thumbnailUrl":"https:\/\/arabian-mood.com\/wp-content\/uploads\/2024\/03\/confidential-private-gold.png","datePublished":"2024-03-29T11:45:43+00:00","dateModified":"2026-01-20T12:19:50+00:00","breadcrumb":{"@id":"https:\/\/arabian-mood.com\/produit\/parfum-confidential-private-gold\/#breadcrumb"},"inLanguage":"nl-NL","potentialAction":[{"@type":"ReadAction","target":["https:\/\/arabian-mood.com\/produit\/parfum-confidential-private-gold\/"]}]},{"@type":"ImageObject","inLanguage":"nl-NL","@id":"https:\/\/arabian-mood.com\/produit\/parfum-confidential-private-gold\/#primaryimage","url":"https:\/\/arabian-mood.com\/wp-content\/uploads\/2024\/03\/confidential-private-gold.png","contentUrl":"https:\/\/arabian-mood.com\/wp-content\/uploads\/2024\/03\/confidential-private-gold.png","width":900,"height":900},{"@type":"BreadcrumbList","@id":"https:\/\/arabian-mood.com\/produit\/parfum-confidential-private-gold\/#breadcrumb","itemListElement":[{"@type":"ListItem","position":1,"name":"Accueil","item":"https:\/\/arabian-mood.com\/"},{"@type":"ListItem","position":2,"name":"Boutique","item":"https:\/\/arabian-mood.com\/boutique\/"},{"@type":"ListItem","position":3,"name":"CONFIDENTIAL PRIVATE GOLD &#8211; LATTAFA"}]},{"@type":"WebSite","@id":"https:\/\/arabian-mood.com\/#website","url":"https:\/\/arabian-mood.com\/","name":"Arabische Sfeer","description":"","publisher":{"@id":"https:\/\/arabian-mood.com\/#organization"},"potentialAction":[{"@type":"SearchAction","target":{"@type":"EntryPoint","urlTemplate":"https:\/\/arabian-mood.com\/?s={search_term_string}"},"query-input":{"@type":"PropertyValueSpecification","valueRequired":true,"valueName":"search_term_string"}}],"inLanguage":"nl-NL"},{"@type":"Organization","@id":"https:\/\/arabian-mood.com\/#organization","name":"Arabische Sfeer","url":"https:\/\/arabian-mood.com\/","logo":{"@type":"ImageObject","inLanguage":"nl-NL","@id":"https:\/\/arabian-mood.com\/#\/schema\/logo\/image\/","url":"https:\/\/arabian-mood.com\/wp-content\/uploads\/2024\/09\/Groupe-11304.svg","contentUrl":"https:\/\/arabian-mood.com\/wp-content\/uploads\/2024\/09\/Groupe-11304.svg","width":214,"height":27,"caption":"Arabian Mood"},"image":{"@id":"https:\/\/arabian-mood.com\/#\/schema\/logo\/image\/"},"sameAs":["https:\/\/www.instagram.com\/arabianmoodofficiel\/"]}]}},"_links":{"self":[{"href":"https:\/\/arabian-mood.com\/nl\/wp-json\/wp\/v2\/product\/7825","targetHints":{"allow":["GET"]}}],"collection":[{"href":"https:\/\/arabian-mood.com\/nl\/wp-json\/wp\/v2\/product"}],"about":[{"href":"https:\/\/arabian-mood.com\/nl\/wp-json\/wp\/v2\/types\/product"}],"wp:featuredmedia":[{"embeddable":true,"href":"https:\/\/arabian-mood.com\/nl\/wp-json\/wp\/v2\/media\/7693"}],"wp:attachment":[{"href":"https:\/\/arabian-mood.com\/nl\/wp-json\/wp\/v2\/media?parent=7825"}],"wp:term":[{"taxonomy":"product_brand","embeddable":true,"href":"https:\/\/arabian-mood.com\/nl\/wp-json\/wp\/v2\/product_brand?post=7825"},{"taxonomy":"product_cat","embeddable":true,"href":"https:\/\/arabian-mood.com\/nl\/wp-json\/wp\/v2\/product_cat?post=7825"},{"taxonomy":"product_tag","embeddable":true,"href":"https:\/\/arabian-mood.com\/nl\/wp-json\/wp\/v2\/product_tag?post=7825"}],"curies":[{"name":"wp","href":"https:\/\/api.w.org\/{rel}","templated":true}]}}