{"id":7841,"date":"2024-03-29T12:45:47","date_gmt":"2024-03-29T11:45:47","guid":{"rendered":"https:\/\/arabian-mood.com\/produit\/oud-couture\/"},"modified":"2025-06-20T13:20:04","modified_gmt":"2025-06-20T11:20:04","slug":"oud-couture-ahmed-al-maghribi-parfum","status":"publish","type":"product","link":"https:\/\/arabian-mood.com\/nl\/produit\/oud-couture-ahmed-al-maghribi-parfum\/","title":{"rendered":"OUD COUTURE &#8211; AHMED AL MAGHRIBI"},"content":{"rendered":"<p>Oud couture est un parfum captivant qui incarne l&#8217;essence du luxe et de la sophistication. Avec une composition envo\u00fbtante d&#8217;orange, de baies rouges, de p\u00eache, de fleurs blanches, de rose, de miel, de mousse, de bois de santal et d&#8217;ambroxan, ce parfum est une v\u00e9ritable \u0153uvre d&#8217;art.<\/p>\n<p>Notes de t\u00eate : L&#8217;\u00e9clat vibrant d&#8217;orange, combin\u00e9 \u00e0 la douce allure des baies rouges et \u00e0 la fra\u00eecheur juteuse de la p\u00eache, cr\u00e9e une ouverture irr\u00e9sistible et \u00e9difiante qui captive instantan\u00e9ment vos sens.<\/p>\n<p>Notes de c\u0153ur : D\u00e9licate et f\u00e9minine, le m\u00e9lange de fleurs blanches, de rose et de miel cr\u00e9e un bouquet floral magnifiquement enivrant. Les notes florales s&#8217;entrem\u00ealent avec l&#8217;essence sucr\u00e9e du miel, ajoutant une touche d&#8217;\u00e9l\u00e9gance et de sophistication.<\/p>\n<p>Notes de base : Au fur et \u00e0 mesure que le parfum s&#8217;installe, les notes de base chaudes et terreuses de mousse, de bois de santal et d&#8217;ambroxan \u00e9mergent, cr\u00e9ant un fond de teint sensuel et s\u00e9duisant qui persiste sur la peau, laissant une tra\u00een\u00e9e de luxe.<\/p>\n<p>Laissez-vous tenter par l&#8217;opulence de l&#8217;Eau de Parfum Oud Couture et laissez son ar\u00f4me captivant vous transporter dans un monde d&#8217;\u00e9l\u00e9gance et de raffinement. \u00c9levez vos sens et embrassez l&#8217;attrait du luxe. Commandez votre bouteille d\u00e8s aujourd&#8217;hui et d\u00e9couvrez l&#8217;essence d&#8217;Oud Couture.<\/p>","protected":false},"excerpt":{"rendered":"<p>Note de t\u00eate : ORANGE, BAIES ROUGES, P\u00caCHE.<br \/>\nNote de coeur : FLEURS BLANCHES, ROSE, MIEL.<br \/>\nNote de fond : SANTAL<\/p>","protected":false},"featured_media":7723,"template":"","meta":[],"product_brand":[],"product_cat":[521,433],"product_tag":[],"class_list":{"0":"post-7841","1":"product","2":"type-product","3":"status-publish","4":"has-post-thumbnail","6":"product_cat-ahmed-al-maghribi","7":"product_cat-parfums-de-dubai","9":"first","10":"instock","11":"purchasable","12":"product-type-simple"},"yoast_head":"<!-- This site is optimized with the Yoast SEO plugin v27.4 - https:\/\/yoast.com\/product\/yoast-seo-wordpress\/ -->\n<title>OUD COUTURE - AHMED AL MAGHRIBI - Arabian Mood<\/title>\n<meta name=\"robots\" content=\"index, follow, max-snippet:-1, max-image-preview:large, max-video-preview:-1\" \/>\n<link rel=\"canonical\" href=\"https:\/\/arabian-mood.com\/nl\/product-2\/oud-couture-ahmed-al-maghribi-parfum\/\" \/>\n<meta property=\"og:locale\" content=\"nl_NL\" \/>\n<meta property=\"og:type\" content=\"article\" \/>\n<meta property=\"og:title\" content=\"OUD COUTURE - AHMED AL MAGHRIBI - Arabian Mood\" \/>\n<meta property=\"og:description\" content=\"Note de t\u00eate : ORANGE, BAIES ROUGES, P\u00caCHE. Note de coeur : FLEURS BLANCHES, ROSE, MIEL. Note de fond : SANTAL\" \/>\n<meta property=\"og:url\" content=\"https:\/\/arabian-mood.com\/nl\/product-2\/oud-couture-ahmed-al-maghribi-parfum\/\" \/>\n<meta property=\"og:site_name\" content=\"Arabian Mood\" \/>\n<meta property=\"article:modified_time\" content=\"2025-06-20T11:20:04+00:00\" \/>\n<meta property=\"og:image\" content=\"https:\/\/arabian-mood.com\/wp-content\/uploads\/2024\/03\/OUD-COUTURE2.png\" \/>\n\t<meta property=\"og:image:width\" content=\"900\" \/>\n\t<meta property=\"og:image:height\" content=\"900\" \/>\n\t<meta property=\"og:image:type\" content=\"image\/png\" \/>\n<meta name=\"twitter:card\" content=\"summary_large_image\" \/>\n<meta name=\"twitter:label1\" content=\"Est. reading time\" \/>\n\t<meta name=\"twitter:data1\" content=\"1 minuut\" \/>\n<script type=\"application\/ld+json\" class=\"yoast-schema-graph\">{\"@context\":\"https:\\\/\\\/schema.org\",\"@graph\":[{\"@type\":\"WebPage\",\"@id\":\"https:\\\/\\\/arabian-mood.com\\\/produit\\\/oud-couture-ahmed-al-maghribi-parfum\\\/\",\"url\":\"https:\\\/\\\/arabian-mood.com\\\/produit\\\/oud-couture-ahmed-al-maghribi-parfum\\\/\",\"name\":\"OUD COUTURE - AHMED AL MAGHRIBI - Arabian Mood\",\"isPartOf\":{\"@id\":\"https:\\\/\\\/arabian-mood.com\\\/#website\"},\"primaryImageOfPage\":{\"@id\":\"https:\\\/\\\/arabian-mood.com\\\/produit\\\/oud-couture-ahmed-al-maghribi-parfum\\\/#primaryimage\"},\"image\":{\"@id\":\"https:\\\/\\\/arabian-mood.com\\\/produit\\\/oud-couture-ahmed-al-maghribi-parfum\\\/#primaryimage\"},\"thumbnailUrl\":\"https:\\\/\\\/arabian-mood.com\\\/wp-content\\\/uploads\\\/2024\\\/03\\\/OUD-COUTURE2.png\",\"datePublished\":\"2024-03-29T11:45:47+00:00\",\"dateModified\":\"2025-06-20T11:20:04+00:00\",\"breadcrumb\":{\"@id\":\"https:\\\/\\\/arabian-mood.com\\\/produit\\\/oud-couture-ahmed-al-maghribi-parfum\\\/#breadcrumb\"},\"inLanguage\":\"nl-NL\",\"potentialAction\":[{\"@type\":\"ReadAction\",\"target\":[\"https:\\\/\\\/arabian-mood.com\\\/produit\\\/oud-couture-ahmed-al-maghribi-parfum\\\/\"]}]},{\"@type\":\"ImageObject\",\"inLanguage\":\"nl-NL\",\"@id\":\"https:\\\/\\\/arabian-mood.com\\\/produit\\\/oud-couture-ahmed-al-maghribi-parfum\\\/#primaryimage\",\"url\":\"https:\\\/\\\/arabian-mood.com\\\/wp-content\\\/uploads\\\/2024\\\/03\\\/OUD-COUTURE2.png\",\"contentUrl\":\"https:\\\/\\\/arabian-mood.com\\\/wp-content\\\/uploads\\\/2024\\\/03\\\/OUD-COUTURE2.png\",\"width\":900,\"height\":900},{\"@type\":\"BreadcrumbList\",\"@id\":\"https:\\\/\\\/arabian-mood.com\\\/produit\\\/oud-couture-ahmed-al-maghribi-parfum\\\/#breadcrumb\",\"itemListElement\":[{\"@type\":\"ListItem\",\"position\":1,\"name\":\"Accueil\",\"item\":\"https:\\\/\\\/arabian-mood.com\\\/\"},{\"@type\":\"ListItem\",\"position\":2,\"name\":\"Boutique\",\"item\":\"https:\\\/\\\/arabian-mood.com\\\/boutique\\\/\"},{\"@type\":\"ListItem\",\"position\":3,\"name\":\"OUD COUTURE &#8211; AHMED AL MAGHRIBI\"}]},{\"@type\":\"WebSite\",\"@id\":\"https:\\\/\\\/arabian-mood.com\\\/#website\",\"url\":\"https:\\\/\\\/arabian-mood.com\\\/\",\"name\":\"Arabian Mood\",\"description\":\"\",\"publisher\":{\"@id\":\"https:\\\/\\\/arabian-mood.com\\\/#organization\"},\"potentialAction\":[{\"@type\":\"SearchAction\",\"target\":{\"@type\":\"EntryPoint\",\"urlTemplate\":\"https:\\\/\\\/arabian-mood.com\\\/?s={search_term_string}\"},\"query-input\":{\"@type\":\"PropertyValueSpecification\",\"valueRequired\":true,\"valueName\":\"search_term_string\"}}],\"inLanguage\":\"nl-NL\"},{\"@type\":\"Organization\",\"@id\":\"https:\\\/\\\/arabian-mood.com\\\/#organization\",\"name\":\"Arabian Mood\",\"url\":\"https:\\\/\\\/arabian-mood.com\\\/\",\"logo\":{\"@type\":\"ImageObject\",\"inLanguage\":\"nl-NL\",\"@id\":\"https:\\\/\\\/arabian-mood.com\\\/#\\\/schema\\\/logo\\\/image\\\/\",\"url\":\"https:\\\/\\\/arabian-mood.com\\\/wp-content\\\/uploads\\\/2024\\\/09\\\/Groupe-11304.svg\",\"contentUrl\":\"https:\\\/\\\/arabian-mood.com\\\/wp-content\\\/uploads\\\/2024\\\/09\\\/Groupe-11304.svg\",\"width\":214,\"height\":27,\"caption\":\"Arabian Mood\"},\"image\":{\"@id\":\"https:\\\/\\\/arabian-mood.com\\\/#\\\/schema\\\/logo\\\/image\\\/\"},\"sameAs\":[\"https:\\\/\\\/www.instagram.com\\\/arabianmoodofficiel\\\/\"]}]}<\/script>\n<!-- \/ Yoast SEO plugin. -->","yoast_head_json":{"title":"OUD COUTURE - AHMED AL MAGHRIBI - Arabian Mood","robots":{"index":"index","follow":"follow","max-snippet":"max-snippet:-1","max-image-preview":"max-image-preview:large","max-video-preview":"max-video-preview:-1"},"canonical":"https:\/\/arabian-mood.com\/nl\/product-2\/oud-couture-ahmed-al-maghribi-parfum\/","og_locale":"nl_NL","og_type":"article","og_title":"OUD COUTURE - AHMED AL MAGHRIBI - Arabian Mood","og_description":"Note de t\u00eate : ORANGE, BAIES ROUGES, P\u00caCHE. Note de coeur : FLEURS BLANCHES, ROSE, MIEL. Note de fond : SANTAL","og_url":"https:\/\/arabian-mood.com\/nl\/product-2\/oud-couture-ahmed-al-maghribi-parfum\/","og_site_name":"Arabian Mood","article_modified_time":"2025-06-20T11:20:04+00:00","og_image":[{"width":900,"height":900,"url":"https:\/\/arabian-mood.com\/wp-content\/uploads\/2024\/03\/OUD-COUTURE2.png","type":"image\/png"}],"twitter_card":"summary_large_image","twitter_misc":{"Est. reading time":"1 minuut"},"schema":{"@context":"https:\/\/schema.org","@graph":[{"@type":"WebPage","@id":"https:\/\/arabian-mood.com\/produit\/oud-couture-ahmed-al-maghribi-parfum\/","url":"https:\/\/arabian-mood.com\/produit\/oud-couture-ahmed-al-maghribi-parfum\/","name":"OUD COUTURE - AHMED AL MAGHRIBI - Arabian Mood","isPartOf":{"@id":"https:\/\/arabian-mood.com\/#website"},"primaryImageOfPage":{"@id":"https:\/\/arabian-mood.com\/produit\/oud-couture-ahmed-al-maghribi-parfum\/#primaryimage"},"image":{"@id":"https:\/\/arabian-mood.com\/produit\/oud-couture-ahmed-al-maghribi-parfum\/#primaryimage"},"thumbnailUrl":"https:\/\/arabian-mood.com\/wp-content\/uploads\/2024\/03\/OUD-COUTURE2.png","datePublished":"2024-03-29T11:45:47+00:00","dateModified":"2025-06-20T11:20:04+00:00","breadcrumb":{"@id":"https:\/\/arabian-mood.com\/produit\/oud-couture-ahmed-al-maghribi-parfum\/#breadcrumb"},"inLanguage":"nl-NL","potentialAction":[{"@type":"ReadAction","target":["https:\/\/arabian-mood.com\/produit\/oud-couture-ahmed-al-maghribi-parfum\/"]}]},{"@type":"ImageObject","inLanguage":"nl-NL","@id":"https:\/\/arabian-mood.com\/produit\/oud-couture-ahmed-al-maghribi-parfum\/#primaryimage","url":"https:\/\/arabian-mood.com\/wp-content\/uploads\/2024\/03\/OUD-COUTURE2.png","contentUrl":"https:\/\/arabian-mood.com\/wp-content\/uploads\/2024\/03\/OUD-COUTURE2.png","width":900,"height":900},{"@type":"BreadcrumbList","@id":"https:\/\/arabian-mood.com\/produit\/oud-couture-ahmed-al-maghribi-parfum\/#breadcrumb","itemListElement":[{"@type":"ListItem","position":1,"name":"Accueil","item":"https:\/\/arabian-mood.com\/"},{"@type":"ListItem","position":2,"name":"Boutique","item":"https:\/\/arabian-mood.com\/boutique\/"},{"@type":"ListItem","position":3,"name":"OUD COUTURE &#8211; AHMED AL MAGHRIBI"}]},{"@type":"WebSite","@id":"https:\/\/arabian-mood.com\/#website","url":"https:\/\/arabian-mood.com\/","name":"Arabische Sfeer","description":"","publisher":{"@id":"https:\/\/arabian-mood.com\/#organization"},"potentialAction":[{"@type":"SearchAction","target":{"@type":"EntryPoint","urlTemplate":"https:\/\/arabian-mood.com\/?s={search_term_string}"},"query-input":{"@type":"PropertyValueSpecification","valueRequired":true,"valueName":"search_term_string"}}],"inLanguage":"nl-NL"},{"@type":"Organization","@id":"https:\/\/arabian-mood.com\/#organization","name":"Arabische Sfeer","url":"https:\/\/arabian-mood.com\/","logo":{"@type":"ImageObject","inLanguage":"nl-NL","@id":"https:\/\/arabian-mood.com\/#\/schema\/logo\/image\/","url":"https:\/\/arabian-mood.com\/wp-content\/uploads\/2024\/09\/Groupe-11304.svg","contentUrl":"https:\/\/arabian-mood.com\/wp-content\/uploads\/2024\/09\/Groupe-11304.svg","width":214,"height":27,"caption":"Arabian Mood"},"image":{"@id":"https:\/\/arabian-mood.com\/#\/schema\/logo\/image\/"},"sameAs":["https:\/\/www.instagram.com\/arabianmoodofficiel\/"]}]}},"_links":{"self":[{"href":"https:\/\/arabian-mood.com\/nl\/wp-json\/wp\/v2\/product\/7841","targetHints":{"allow":["GET"]}}],"collection":[{"href":"https:\/\/arabian-mood.com\/nl\/wp-json\/wp\/v2\/product"}],"about":[{"href":"https:\/\/arabian-mood.com\/nl\/wp-json\/wp\/v2\/types\/product"}],"wp:featuredmedia":[{"embeddable":true,"href":"https:\/\/arabian-mood.com\/nl\/wp-json\/wp\/v2\/media\/7723"}],"wp:attachment":[{"href":"https:\/\/arabian-mood.com\/nl\/wp-json\/wp\/v2\/media?parent=7841"}],"wp:term":[{"taxonomy":"product_brand","embeddable":true,"href":"https:\/\/arabian-mood.com\/nl\/wp-json\/wp\/v2\/product_brand?post=7841"},{"taxonomy":"product_cat","embeddable":true,"href":"https:\/\/arabian-mood.com\/nl\/wp-json\/wp\/v2\/product_cat?post=7841"},{"taxonomy":"product_tag","embeddable":true,"href":"https:\/\/arabian-mood.com\/nl\/wp-json\/wp\/v2\/product_tag?post=7841"}],"curies":[{"name":"wp","href":"https:\/\/api.w.org\/{rel}","templated":true}]}}