{"id":8113,"date":"2024-08-09T11:39:25","date_gmt":"2024-08-09T09:39:25","guid":{"rendered":"https:\/\/arabian-mood.com\/produit\/le-jour-se-leve-louis-martin\/"},"modified":"2025-08-09T17:21:03","modified_gmt":"2025-08-09T15:21:03","slug":"le-jour-se-leve-louis-martin","status":"publish","type":"product","link":"https:\/\/arabian-mood.com\/nl\/produit\/le-jour-se-leve-louis-martin\/","title":{"rendered":"DE DAG BEGINT \u2013 LOUIS MARTIN"},"content":{"rendered":"<p>Comme le sugg\u00e8re le nom de ce parfum, il s&#8217;agit l\u00e0 d&#8217;une fragrance qui s&#8217;inspire de la beaut\u00e9 et du myst\u00e8re de l&#8217;aube. Il est semblable \u00e0 une belle journ\u00e9e printani\u00e8re, lorsque les fleurs sont encore fra\u00eeches et que le lever du soleil d\u00e9gage une \u00e9nergie tr\u00e8s positive et gorg\u00e9e d&#8217;optimisme. Le Jour se L\u00e8ve est un parfum id\u00e9al pour la saison estivale. Non ent\u00eatant, il conserve une certaine fra\u00eecheur. Il est un condens\u00e9 de dynamisme et de vivacit\u00e9 \u00e0 s&#8217;offrir au quotidien.<\/p>\n<p>Inspiration : Le Jour se L\u00e8ve Louis Vuitton<\/p>","protected":false},"excerpt":{"rendered":"<p>Notes de t\u00eate\u00a0: Pamplemousse, Mandarine, Orange, Bergamote, Cassis<\/p>\n<p>Notes de coeur\u00a0:\u00a0 Muguet, Notes vertes, Jasmin Sambac, Osmanthus, Magnolia, Pivoine, Rose<\/p>\n<p>Notes de fond\u00a0: Musc blanc, Vanille<\/p>","protected":false},"featured_media":8088,"template":"","meta":[],"product_brand":[],"product_cat":[20],"product_tag":[],"class_list":{"0":"post-8113","1":"product","2":"type-product","3":"status-publish","4":"has-post-thumbnail","6":"product_cat-french-avenue","8":"first","9":"outofstock","10":"purchasable","11":"product-type-simple"},"yoast_head":"<!-- This site is optimized with the Yoast SEO plugin v27.5 - https:\/\/yoast.com\/product\/yoast-seo-wordpress\/ -->\n<title>LE JOUR SE L\u00c8VE - LOUIS MARTIN - Arabian Mood<\/title>\n<meta name=\"robots\" content=\"index, follow, max-snippet:-1, max-image-preview:large, max-video-preview:-1\" \/>\n<link rel=\"canonical\" href=\"https:\/\/arabian-mood.com\/nl\/product-2\/le-jour-se-leve-louis-martin\/\" \/>\n<meta property=\"og:locale\" content=\"nl_NL\" \/>\n<meta property=\"og:type\" content=\"article\" \/>\n<meta property=\"og:title\" content=\"LE JOUR SE L\u00c8VE - LOUIS MARTIN - Arabian Mood\" \/>\n<meta property=\"og:description\" content=\"Notes de t\u00eate\u00a0: Pamplemousse, Mandarine, Orange, Bergamote, Cassis  Notes de coeur\u00a0:\u00a0 Muguet, Notes vertes, Jasmin Sambac, Osmanthus, Magnolia, Pivoine, Rose  Notes de fond\u00a0: Musc blanc, Vanille\" \/>\n<meta property=\"og:url\" content=\"https:\/\/arabian-mood.com\/nl\/product-2\/le-jour-se-leve-louis-martin\/\" \/>\n<meta property=\"og:site_name\" content=\"Arabian Mood\" \/>\n<meta property=\"article:modified_time\" content=\"2025-08-09T15:21:03+00:00\" \/>\n<meta property=\"og:image\" content=\"https:\/\/arabian-mood.com\/wp-content\/uploads\/2024\/08\/LE-JOUR-SE-LEVE-LOUIS-MARTIN.png\" \/>\n\t<meta property=\"og:image:width\" content=\"900\" \/>\n\t<meta property=\"og:image:height\" content=\"900\" \/>\n\t<meta property=\"og:image:type\" content=\"image\/png\" \/>\n<meta name=\"twitter:card\" content=\"summary_large_image\" \/>\n<meta name=\"twitter:label1\" content=\"Geschatte leestijd\" \/>\n\t<meta name=\"twitter:data1\" content=\"1 minuut\" \/>\n<script type=\"application\/ld+json\" class=\"yoast-schema-graph\">{\"@context\":\"https:\\\/\\\/schema.org\",\"@graph\":[{\"@type\":\"WebPage\",\"@id\":\"https:\\\/\\\/arabian-mood.com\\\/produit\\\/le-jour-se-leve-louis-martin\\\/\",\"url\":\"https:\\\/\\\/arabian-mood.com\\\/produit\\\/le-jour-se-leve-louis-martin\\\/\",\"name\":\"LE JOUR SE L\u00c8VE - LOUIS MARTIN - Arabian Mood\",\"isPartOf\":{\"@id\":\"https:\\\/\\\/arabian-mood.com\\\/#website\"},\"primaryImageOfPage\":{\"@id\":\"https:\\\/\\\/arabian-mood.com\\\/produit\\\/le-jour-se-leve-louis-martin\\\/#primaryimage\"},\"image\":{\"@id\":\"https:\\\/\\\/arabian-mood.com\\\/produit\\\/le-jour-se-leve-louis-martin\\\/#primaryimage\"},\"thumbnailUrl\":\"https:\\\/\\\/arabian-mood.com\\\/wp-content\\\/uploads\\\/2024\\\/08\\\/LE-JOUR-SE-LEVE-LOUIS-MARTIN.png\",\"datePublished\":\"2024-08-09T09:39:25+00:00\",\"dateModified\":\"2025-08-09T15:21:03+00:00\",\"breadcrumb\":{\"@id\":\"https:\\\/\\\/arabian-mood.com\\\/produit\\\/le-jour-se-leve-louis-martin\\\/#breadcrumb\"},\"inLanguage\":\"nl-NL\",\"potentialAction\":[{\"@type\":\"ReadAction\",\"target\":[\"https:\\\/\\\/arabian-mood.com\\\/produit\\\/le-jour-se-leve-louis-martin\\\/\"]}]},{\"@type\":\"ImageObject\",\"inLanguage\":\"nl-NL\",\"@id\":\"https:\\\/\\\/arabian-mood.com\\\/produit\\\/le-jour-se-leve-louis-martin\\\/#primaryimage\",\"url\":\"https:\\\/\\\/arabian-mood.com\\\/wp-content\\\/uploads\\\/2024\\\/08\\\/LE-JOUR-SE-LEVE-LOUIS-MARTIN.png\",\"contentUrl\":\"https:\\\/\\\/arabian-mood.com\\\/wp-content\\\/uploads\\\/2024\\\/08\\\/LE-JOUR-SE-LEVE-LOUIS-MARTIN.png\",\"width\":900,\"height\":900},{\"@type\":\"BreadcrumbList\",\"@id\":\"https:\\\/\\\/arabian-mood.com\\\/produit\\\/le-jour-se-leve-louis-martin\\\/#breadcrumb\",\"itemListElement\":[{\"@type\":\"ListItem\",\"position\":1,\"name\":\"Accueil\",\"item\":\"https:\\\/\\\/arabian-mood.com\\\/\"},{\"@type\":\"ListItem\",\"position\":2,\"name\":\"Boutique\",\"item\":\"https:\\\/\\\/arabian-mood.com\\\/boutique\\\/\"},{\"@type\":\"ListItem\",\"position\":3,\"name\":\"LE JOUR SE L\u00c8VE &#8211; LOUIS MARTIN\"}]},{\"@type\":\"WebSite\",\"@id\":\"https:\\\/\\\/arabian-mood.com\\\/#website\",\"url\":\"https:\\\/\\\/arabian-mood.com\\\/\",\"name\":\"Arabian Mood\",\"description\":\"\",\"publisher\":{\"@id\":\"https:\\\/\\\/arabian-mood.com\\\/#organization\"},\"potentialAction\":[{\"@type\":\"SearchAction\",\"target\":{\"@type\":\"EntryPoint\",\"urlTemplate\":\"https:\\\/\\\/arabian-mood.com\\\/?s={search_term_string}\"},\"query-input\":{\"@type\":\"PropertyValueSpecification\",\"valueRequired\":true,\"valueName\":\"search_term_string\"}}],\"inLanguage\":\"nl-NL\"},{\"@type\":\"Organization\",\"@id\":\"https:\\\/\\\/arabian-mood.com\\\/#organization\",\"name\":\"Arabian Mood\",\"url\":\"https:\\\/\\\/arabian-mood.com\\\/\",\"logo\":{\"@type\":\"ImageObject\",\"inLanguage\":\"nl-NL\",\"@id\":\"https:\\\/\\\/arabian-mood.com\\\/#\\\/schema\\\/logo\\\/image\\\/\",\"url\":\"https:\\\/\\\/arabian-mood.com\\\/wp-content\\\/uploads\\\/2024\\\/09\\\/Groupe-11304.svg\",\"contentUrl\":\"https:\\\/\\\/arabian-mood.com\\\/wp-content\\\/uploads\\\/2024\\\/09\\\/Groupe-11304.svg\",\"width\":214,\"height\":27,\"caption\":\"Arabian Mood\"},\"image\":{\"@id\":\"https:\\\/\\\/arabian-mood.com\\\/#\\\/schema\\\/logo\\\/image\\\/\"},\"sameAs\":[\"https:\\\/\\\/www.instagram.com\\\/arabianmoodofficiel\\\/\"]}]}<\/script>\n<!-- \/ Yoast SEO plugin. -->","yoast_head_json":{"title":"LE JOUR SE L\u00c8VE - LOUIS MARTIN - Arabian Mood","robots":{"index":"index","follow":"follow","max-snippet":"max-snippet:-1","max-image-preview":"max-image-preview:large","max-video-preview":"max-video-preview:-1"},"canonical":"https:\/\/arabian-mood.com\/nl\/product-2\/le-jour-se-leve-louis-martin\/","og_locale":"nl_NL","og_type":"article","og_title":"LE JOUR SE L\u00c8VE - LOUIS MARTIN - Arabian Mood","og_description":"Notes de t\u00eate\u00a0: Pamplemousse, Mandarine, Orange, Bergamote, Cassis  Notes de coeur\u00a0:\u00a0 Muguet, Notes vertes, Jasmin Sambac, Osmanthus, Magnolia, Pivoine, Rose  Notes de fond\u00a0: Musc blanc, Vanille","og_url":"https:\/\/arabian-mood.com\/nl\/product-2\/le-jour-se-leve-louis-martin\/","og_site_name":"Arabian Mood","article_modified_time":"2025-08-09T15:21:03+00:00","og_image":[{"width":900,"height":900,"url":"https:\/\/arabian-mood.com\/wp-content\/uploads\/2024\/08\/LE-JOUR-SE-LEVE-LOUIS-MARTIN.png","type":"image\/png"}],"twitter_card":"summary_large_image","twitter_misc":{"Geschatte leestijd":"1 minuut"},"schema":{"@context":"https:\/\/schema.org","@graph":[{"@type":"WebPage","@id":"https:\/\/arabian-mood.com\/produit\/le-jour-se-leve-louis-martin\/","url":"https:\/\/arabian-mood.com\/produit\/le-jour-se-leve-louis-martin\/","name":"LE JOUR SE L\u00c8VE - LOUIS MARTIN - Arabian Mood","isPartOf":{"@id":"https:\/\/arabian-mood.com\/#website"},"primaryImageOfPage":{"@id":"https:\/\/arabian-mood.com\/produit\/le-jour-se-leve-louis-martin\/#primaryimage"},"image":{"@id":"https:\/\/arabian-mood.com\/produit\/le-jour-se-leve-louis-martin\/#primaryimage"},"thumbnailUrl":"https:\/\/arabian-mood.com\/wp-content\/uploads\/2024\/08\/LE-JOUR-SE-LEVE-LOUIS-MARTIN.png","datePublished":"2024-08-09T09:39:25+00:00","dateModified":"2025-08-09T15:21:03+00:00","breadcrumb":{"@id":"https:\/\/arabian-mood.com\/produit\/le-jour-se-leve-louis-martin\/#breadcrumb"},"inLanguage":"nl-NL","potentialAction":[{"@type":"ReadAction","target":["https:\/\/arabian-mood.com\/produit\/le-jour-se-leve-louis-martin\/"]}]},{"@type":"ImageObject","inLanguage":"nl-NL","@id":"https:\/\/arabian-mood.com\/produit\/le-jour-se-leve-louis-martin\/#primaryimage","url":"https:\/\/arabian-mood.com\/wp-content\/uploads\/2024\/08\/LE-JOUR-SE-LEVE-LOUIS-MARTIN.png","contentUrl":"https:\/\/arabian-mood.com\/wp-content\/uploads\/2024\/08\/LE-JOUR-SE-LEVE-LOUIS-MARTIN.png","width":900,"height":900},{"@type":"BreadcrumbList","@id":"https:\/\/arabian-mood.com\/produit\/le-jour-se-leve-louis-martin\/#breadcrumb","itemListElement":[{"@type":"ListItem","position":1,"name":"Accueil","item":"https:\/\/arabian-mood.com\/"},{"@type":"ListItem","position":2,"name":"Boutique","item":"https:\/\/arabian-mood.com\/boutique\/"},{"@type":"ListItem","position":3,"name":"LE JOUR SE L\u00c8VE &#8211; LOUIS MARTIN"}]},{"@type":"WebSite","@id":"https:\/\/arabian-mood.com\/#website","url":"https:\/\/arabian-mood.com\/","name":"Arabische Sfeer","description":"","publisher":{"@id":"https:\/\/arabian-mood.com\/#organization"},"potentialAction":[{"@type":"SearchAction","target":{"@type":"EntryPoint","urlTemplate":"https:\/\/arabian-mood.com\/?s={search_term_string}"},"query-input":{"@type":"PropertyValueSpecification","valueRequired":true,"valueName":"search_term_string"}}],"inLanguage":"nl-NL"},{"@type":"Organization","@id":"https:\/\/arabian-mood.com\/#organization","name":"Arabische Sfeer","url":"https:\/\/arabian-mood.com\/","logo":{"@type":"ImageObject","inLanguage":"nl-NL","@id":"https:\/\/arabian-mood.com\/#\/schema\/logo\/image\/","url":"https:\/\/arabian-mood.com\/wp-content\/uploads\/2024\/09\/Groupe-11304.svg","contentUrl":"https:\/\/arabian-mood.com\/wp-content\/uploads\/2024\/09\/Groupe-11304.svg","width":214,"height":27,"caption":"Arabian Mood"},"image":{"@id":"https:\/\/arabian-mood.com\/#\/schema\/logo\/image\/"},"sameAs":["https:\/\/www.instagram.com\/arabianmoodofficiel\/"]}]}},"_links":{"self":[{"href":"https:\/\/arabian-mood.com\/nl\/wp-json\/wp\/v2\/product\/8113","targetHints":{"allow":["GET"]}}],"collection":[{"href":"https:\/\/arabian-mood.com\/nl\/wp-json\/wp\/v2\/product"}],"about":[{"href":"https:\/\/arabian-mood.com\/nl\/wp-json\/wp\/v2\/types\/product"}],"wp:featuredmedia":[{"embeddable":true,"href":"https:\/\/arabian-mood.com\/nl\/wp-json\/wp\/v2\/media\/8088"}],"wp:attachment":[{"href":"https:\/\/arabian-mood.com\/nl\/wp-json\/wp\/v2\/media?parent=8113"}],"wp:term":[{"taxonomy":"product_brand","embeddable":true,"href":"https:\/\/arabian-mood.com\/nl\/wp-json\/wp\/v2\/product_brand?post=8113"},{"taxonomy":"product_cat","embeddable":true,"href":"https:\/\/arabian-mood.com\/nl\/wp-json\/wp\/v2\/product_cat?post=8113"},{"taxonomy":"product_tag","embeddable":true,"href":"https:\/\/arabian-mood.com\/nl\/wp-json\/wp\/v2\/product_tag?post=8113"}],"curies":[{"name":"wp","href":"https:\/\/api.w.org\/{rel}","templated":true}]}}