{"id":8167,"date":"2024-08-19T17:41:42","date_gmt":"2024-08-19T15:41:42","guid":{"rendered":"https:\/\/arabian-mood.com\/?post_type=product&#038;p=8167"},"modified":"2026-01-20T12:39:23","modified_gmt":"2026-01-20T11:39:23","slug":"zoete-paradijs-franse-laan","status":"publish","type":"product","link":"https:\/\/arabian-mood.com\/nl\/produit\/sweet-paradise-french-avenue\/","title":{"rendered":"Zoet Paradijs Franse Laan"},"content":{"rendered":"<p>Laissez-vous transporter par la senteur envo\u00fbtante de <strong>Sweet Paradise French Avenue<\/strong>. Ce parfum allie brillamment l&#8217;\u00e9l\u00e9gance de la <strong>parfumerie fran\u00e7aise<\/strong> au myst\u00e8re des <strong>Oosterse geuren<\/strong>. Cette <strong>eau de parfum f\u00e9minine<\/strong> a tout pour plaire. Bient\u00f4t, elle deviendra l&#8217;arme de s\u00e9duction dont vous ne pourrez plus vous passer.<\/p>\n<h2>Sweet Paradise French Avenue : un parfum oriental 100 % f\u00e9minin<\/h2>\n<p>D\u00e8s lors que vous le pulv\u00e9risez, ce parfum vous transporte dans un monde de d\u00e9lices olfactifs. L&#8217;<strong>ambrette<\/strong> se pose d\u00e9licatement sur la peau, tandis que la <strong>mandarijn<\/strong> apporte une touche d&#8217;\u00e9clat p\u00e9tillante. Le <strong>muskus<\/strong>, ingr\u00e9dient phare des plus beaux <strong>oosterse parfums<\/strong>, vient sublimer cette ouverture en lui conf\u00e9rant une sensualit\u00e9 imm\u00e9diate. Ces premi\u00e8res notes cr\u00e9ent une signature unique qui ne manquera pas d&#8217;attirer les regards.<\/p>\n<p>Mais c&#8217;est le c\u0153ur de Sweet Paradise qui d\u00e9voile tout son pouvoir olfactif \u00e0 travers une composition florale savamment orchestr\u00e9e. La\u00a0<strong>oranjebloesem<\/strong> diffuse sa douceur enivrante et se m\u00e9lange \u00e0 la <strong>pivoine<\/strong>. L&#8217;<strong>iridium<\/strong>, note rare et recherch\u00e9e, vient parfaire cet accord en lui offrant une dimension lumineuse.<\/p>\n<p>Le fond du parfum r\u00e9v\u00e8le toute la noblesse des ingr\u00e9dients stars de la\u00a0<strong>oosterse parfumerie<\/strong>. De <strong>f\u00e8ve de tonka<\/strong> d\u00e9voile ses notes chaudes et addictives, pendant que l&#8217;<strong>h\u00e9liotrope<\/strong> apporte une dimension poudr\u00e9e ultra-f\u00e9minine. L&#8217;orge, note surprenante et exclusive, incarne quant \u00e0 elle la particularit\u00e9 de cette fragrance.<\/p>\n<h3>Sweet Paradise French Avenue : le raffinement \u00e0 la fran\u00e7aise made in Duba\u00ef<\/h3>\n<p>Ne faites pas l&#8217;erreur de r\u00e9duire cette cr\u00e9ation \u00e0 un simple parfum. En r\u00e9alit\u00e9, c&#8217;est une promesse de s\u00e9duction qui accompagne chaque <strong>femme<\/strong> dans son quotidien. Son sillage extraordinaire, \u00e0 la fois puissant et raffin\u00e9, laisse derri\u00e8re lui une tra\u00een\u00e9e de myst\u00e8re et d&#8217;\u00e9l\u00e9gance qui ne manquera pas de faire tourner les t\u00eates.<\/p>\n<p>Id\u00e9al pour les femmes qui recherchent un parfum d&#8217;exception, Sweet Paradise French Avenue s&#8217;impose comme la signature olfactive des personnalit\u00e9s affirm\u00e9es. Sa composition en fait un choix judicieux pour celles qui souhaitent se d\u00e9marquer avec une fragrance qui allie la\u00a0<strong>tradition orientale<\/strong> au <strong>raffinement fran\u00e7ais<\/strong>. Soyez s\u00e9duisant en faisant \u00e9galement de <a href=\"https:\/\/arabian-mood.com\/nl\/product-2\/bayn-al-asrar-paris-corner\/\"><strong>Bayn Al Asrar<\/strong><\/a> une de vos habitudes olfactives. Sa senteur irr\u00e9sistible et son somptueux flacon feront le bonheur de vos diff\u00e9rents sens.<\/p>\n<h3>\u00c0 d\u00e9couvrir en exclusivit\u00e9 chez Arabian Mood<\/h3>\n<p>Disponible dans notre parfumerie, Sweet Paradise French Avenue vous attend pour une exp\u00e9rience olfactive inoubliable. Venez d\u00e9couvrir cette cr\u00e9ation exclusive qui deviendra, sans aucun doute, votre nouvelle signature parfum\u00e9e.<\/p>","protected":false},"excerpt":{"rendered":"<p><strong>Topnoten:<\/strong> ambrette, mandarine, musc<\/p>\n<p><strong>Hartnoten:<\/strong> orange, pivoine, iridium<\/p>\n<p><strong>Achtergrondnotities:<\/strong> f\u00e8ve tonka, h\u00e9liotrope, orge<\/p>","protected":false},"featured_media":8878,"template":"","meta":[],"product_brand":[],"product_cat":[591],"product_tag":[],"class_list":{"0":"post-8167","1":"product","2":"type-product","3":"status-publish","4":"has-post-thumbnail","6":"product_cat-rupture-de-stock","8":"first","9":"outofstock","10":"sale","11":"taxable","12":"shipping-taxable","13":"purchasable","14":"product-type-simple"},"yoast_head":"<!-- This site is optimized with the Yoast SEO plugin v27.5 - https:\/\/yoast.com\/product\/yoast-seo-wordpress\/ -->\n<title>Sweet Paradise FRENCH AVENUE - Arabian Mood<\/title>\n<meta name=\"description\" content=\"Sweet Paradise French Avenue : un parfum f\u00e9minin qui allie notes orientales et raffinement fran\u00e7ais. Une fragrance unique pour une f\u00e9minit\u00e9 rayonnante.\" \/>\n<meta name=\"robots\" content=\"index, follow, max-snippet:-1, max-image-preview:large, max-video-preview:-1\" \/>\n<link rel=\"canonical\" href=\"https:\/\/arabian-mood.com\/nl\/product-2\/zoete-paradijs-franse-laan\/\" \/>\n<meta property=\"og:locale\" content=\"nl_NL\" \/>\n<meta property=\"og:type\" content=\"article\" \/>\n<meta property=\"og:title\" content=\"Sweet Paradise FRENCH AVENUE - Arabian Mood\" \/>\n<meta property=\"og:description\" content=\"Sweet Paradise French Avenue : un parfum f\u00e9minin qui allie notes orientales et raffinement fran\u00e7ais. Une fragrance unique pour une f\u00e9minit\u00e9 rayonnante.\" \/>\n<meta property=\"og:url\" content=\"https:\/\/arabian-mood.com\/nl\/product-2\/zoete-paradijs-franse-laan\/\" \/>\n<meta property=\"og:site_name\" content=\"Arabian Mood\" \/>\n<meta property=\"article:modified_time\" content=\"2026-01-20T11:39:23+00:00\" \/>\n<meta property=\"og:image\" content=\"https:\/\/arabian-mood.com\/wp-content\/uploads\/2024\/08\/sweetparadise1-1.jpg\" \/>\n\t<meta property=\"og:image:width\" content=\"600\" \/>\n\t<meta property=\"og:image:height\" content=\"600\" \/>\n\t<meta property=\"og:image:type\" content=\"image\/jpeg\" \/>\n<meta name=\"twitter:card\" content=\"summary_large_image\" \/>\n<meta name=\"twitter:label1\" content=\"Geschatte leestijd\" \/>\n\t<meta name=\"twitter:data1\" content=\"3 minuten\" \/>\n<script type=\"application\/ld+json\" class=\"yoast-schema-graph\">{\"@context\":\"https:\\\/\\\/schema.org\",\"@graph\":[{\"@type\":\"WebPage\",\"@id\":\"https:\\\/\\\/arabian-mood.com\\\/produit\\\/sweet-paradise-french-avenue\\\/\",\"url\":\"https:\\\/\\\/arabian-mood.com\\\/produit\\\/sweet-paradise-french-avenue\\\/\",\"name\":\"Sweet Paradise FRENCH AVENUE - Arabian Mood\",\"isPartOf\":{\"@id\":\"https:\\\/\\\/arabian-mood.com\\\/#website\"},\"primaryImageOfPage\":{\"@id\":\"https:\\\/\\\/arabian-mood.com\\\/produit\\\/sweet-paradise-french-avenue\\\/#primaryimage\"},\"image\":{\"@id\":\"https:\\\/\\\/arabian-mood.com\\\/produit\\\/sweet-paradise-french-avenue\\\/#primaryimage\"},\"thumbnailUrl\":\"https:\\\/\\\/arabian-mood.com\\\/wp-content\\\/uploads\\\/2024\\\/08\\\/sweetparadise1-1.jpg\",\"datePublished\":\"2024-08-19T15:41:42+00:00\",\"dateModified\":\"2026-01-20T11:39:23+00:00\",\"description\":\"Sweet Paradise French Avenue : un parfum f\u00e9minin qui allie notes orientales et raffinement fran\u00e7ais. Une fragrance unique pour une f\u00e9minit\u00e9 rayonnante.\",\"breadcrumb\":{\"@id\":\"https:\\\/\\\/arabian-mood.com\\\/produit\\\/sweet-paradise-french-avenue\\\/#breadcrumb\"},\"inLanguage\":\"nl-NL\",\"potentialAction\":[{\"@type\":\"ReadAction\",\"target\":[\"https:\\\/\\\/arabian-mood.com\\\/produit\\\/sweet-paradise-french-avenue\\\/\"]}]},{\"@type\":\"ImageObject\",\"inLanguage\":\"nl-NL\",\"@id\":\"https:\\\/\\\/arabian-mood.com\\\/produit\\\/sweet-paradise-french-avenue\\\/#primaryimage\",\"url\":\"https:\\\/\\\/arabian-mood.com\\\/wp-content\\\/uploads\\\/2024\\\/08\\\/sweetparadise1-1.jpg\",\"contentUrl\":\"https:\\\/\\\/arabian-mood.com\\\/wp-content\\\/uploads\\\/2024\\\/08\\\/sweetparadise1-1.jpg\",\"width\":600,\"height\":600,\"caption\":\"sweet paradise french avenue\"},{\"@type\":\"BreadcrumbList\",\"@id\":\"https:\\\/\\\/arabian-mood.com\\\/produit\\\/sweet-paradise-french-avenue\\\/#breadcrumb\",\"itemListElement\":[{\"@type\":\"ListItem\",\"position\":1,\"name\":\"Accueil\",\"item\":\"https:\\\/\\\/arabian-mood.com\\\/\"},{\"@type\":\"ListItem\",\"position\":2,\"name\":\"Boutique\",\"item\":\"https:\\\/\\\/arabian-mood.com\\\/boutique\\\/\"},{\"@type\":\"ListItem\",\"position\":3,\"name\":\"Sweet Paradise FRENCH AVENUE\"}]},{\"@type\":\"WebSite\",\"@id\":\"https:\\\/\\\/arabian-mood.com\\\/#website\",\"url\":\"https:\\\/\\\/arabian-mood.com\\\/\",\"name\":\"Arabian Mood\",\"description\":\"\",\"publisher\":{\"@id\":\"https:\\\/\\\/arabian-mood.com\\\/#organization\"},\"potentialAction\":[{\"@type\":\"SearchAction\",\"target\":{\"@type\":\"EntryPoint\",\"urlTemplate\":\"https:\\\/\\\/arabian-mood.com\\\/?s={search_term_string}\"},\"query-input\":{\"@type\":\"PropertyValueSpecification\",\"valueRequired\":true,\"valueName\":\"search_term_string\"}}],\"inLanguage\":\"nl-NL\"},{\"@type\":\"Organization\",\"@id\":\"https:\\\/\\\/arabian-mood.com\\\/#organization\",\"name\":\"Arabian Mood\",\"url\":\"https:\\\/\\\/arabian-mood.com\\\/\",\"logo\":{\"@type\":\"ImageObject\",\"inLanguage\":\"nl-NL\",\"@id\":\"https:\\\/\\\/arabian-mood.com\\\/#\\\/schema\\\/logo\\\/image\\\/\",\"url\":\"https:\\\/\\\/arabian-mood.com\\\/wp-content\\\/uploads\\\/2024\\\/09\\\/Groupe-11304.svg\",\"contentUrl\":\"https:\\\/\\\/arabian-mood.com\\\/wp-content\\\/uploads\\\/2024\\\/09\\\/Groupe-11304.svg\",\"width\":214,\"height\":27,\"caption\":\"Arabian Mood\"},\"image\":{\"@id\":\"https:\\\/\\\/arabian-mood.com\\\/#\\\/schema\\\/logo\\\/image\\\/\"},\"sameAs\":[\"https:\\\/\\\/www.instagram.com\\\/arabianmoodofficiel\\\/\"]}]}<\/script>\n<!-- \/ Yoast SEO plugin. -->","yoast_head_json":{"title":"Sweet Paradise FRENCH AVENUE - Arabian Mood","description":"Sweet Paradise French Avenue : un parfum f\u00e9minin qui allie notes orientales et raffinement fran\u00e7ais. Une fragrance unique pour une f\u00e9minit\u00e9 rayonnante.","robots":{"index":"index","follow":"follow","max-snippet":"max-snippet:-1","max-image-preview":"max-image-preview:large","max-video-preview":"max-video-preview:-1"},"canonical":"https:\/\/arabian-mood.com\/nl\/product-2\/zoete-paradijs-franse-laan\/","og_locale":"nl_NL","og_type":"article","og_title":"Sweet Paradise FRENCH AVENUE - Arabian Mood","og_description":"Sweet Paradise French Avenue : un parfum f\u00e9minin qui allie notes orientales et raffinement fran\u00e7ais. Une fragrance unique pour une f\u00e9minit\u00e9 rayonnante.","og_url":"https:\/\/arabian-mood.com\/nl\/product-2\/zoete-paradijs-franse-laan\/","og_site_name":"Arabian Mood","article_modified_time":"2026-01-20T11:39:23+00:00","og_image":[{"width":600,"height":600,"url":"https:\/\/arabian-mood.com\/wp-content\/uploads\/2024\/08\/sweetparadise1-1.jpg","type":"image\/jpeg"}],"twitter_card":"summary_large_image","twitter_misc":{"Geschatte leestijd":"3 minuten"},"schema":{"@context":"https:\/\/schema.org","@graph":[{"@type":"WebPage","@id":"https:\/\/arabian-mood.com\/produit\/sweet-paradise-french-avenue\/","url":"https:\/\/arabian-mood.com\/produit\/sweet-paradise-french-avenue\/","name":"Sweet Paradise FRENCH AVENUE - Arabian Mood","isPartOf":{"@id":"https:\/\/arabian-mood.com\/#website"},"primaryImageOfPage":{"@id":"https:\/\/arabian-mood.com\/produit\/sweet-paradise-french-avenue\/#primaryimage"},"image":{"@id":"https:\/\/arabian-mood.com\/produit\/sweet-paradise-french-avenue\/#primaryimage"},"thumbnailUrl":"https:\/\/arabian-mood.com\/wp-content\/uploads\/2024\/08\/sweetparadise1-1.jpg","datePublished":"2024-08-19T15:41:42+00:00","dateModified":"2026-01-20T11:39:23+00:00","description":"Sweet Paradise French Avenue : un parfum f\u00e9minin qui allie notes orientales et raffinement fran\u00e7ais. Une fragrance unique pour une f\u00e9minit\u00e9 rayonnante.","breadcrumb":{"@id":"https:\/\/arabian-mood.com\/produit\/sweet-paradise-french-avenue\/#breadcrumb"},"inLanguage":"nl-NL","potentialAction":[{"@type":"ReadAction","target":["https:\/\/arabian-mood.com\/produit\/sweet-paradise-french-avenue\/"]}]},{"@type":"ImageObject","inLanguage":"nl-NL","@id":"https:\/\/arabian-mood.com\/produit\/sweet-paradise-french-avenue\/#primaryimage","url":"https:\/\/arabian-mood.com\/wp-content\/uploads\/2024\/08\/sweetparadise1-1.jpg","contentUrl":"https:\/\/arabian-mood.com\/wp-content\/uploads\/2024\/08\/sweetparadise1-1.jpg","width":600,"height":600,"caption":"sweet paradise french avenue"},{"@type":"BreadcrumbList","@id":"https:\/\/arabian-mood.com\/produit\/sweet-paradise-french-avenue\/#breadcrumb","itemListElement":[{"@type":"ListItem","position":1,"name":"Accueil","item":"https:\/\/arabian-mood.com\/"},{"@type":"ListItem","position":2,"name":"Boutique","item":"https:\/\/arabian-mood.com\/boutique\/"},{"@type":"ListItem","position":3,"name":"Sweet Paradise FRENCH AVENUE"}]},{"@type":"WebSite","@id":"https:\/\/arabian-mood.com\/#website","url":"https:\/\/arabian-mood.com\/","name":"Arabische Sfeer","description":"","publisher":{"@id":"https:\/\/arabian-mood.com\/#organization"},"potentialAction":[{"@type":"SearchAction","target":{"@type":"EntryPoint","urlTemplate":"https:\/\/arabian-mood.com\/?s={search_term_string}"},"query-input":{"@type":"PropertyValueSpecification","valueRequired":true,"valueName":"search_term_string"}}],"inLanguage":"nl-NL"},{"@type":"Organization","@id":"https:\/\/arabian-mood.com\/#organization","name":"Arabische Sfeer","url":"https:\/\/arabian-mood.com\/","logo":{"@type":"ImageObject","inLanguage":"nl-NL","@id":"https:\/\/arabian-mood.com\/#\/schema\/logo\/image\/","url":"https:\/\/arabian-mood.com\/wp-content\/uploads\/2024\/09\/Groupe-11304.svg","contentUrl":"https:\/\/arabian-mood.com\/wp-content\/uploads\/2024\/09\/Groupe-11304.svg","width":214,"height":27,"caption":"Arabian Mood"},"image":{"@id":"https:\/\/arabian-mood.com\/#\/schema\/logo\/image\/"},"sameAs":["https:\/\/www.instagram.com\/arabianmoodofficiel\/"]}]}},"_links":{"self":[{"href":"https:\/\/arabian-mood.com\/nl\/wp-json\/wp\/v2\/product\/8167","targetHints":{"allow":["GET"]}}],"collection":[{"href":"https:\/\/arabian-mood.com\/nl\/wp-json\/wp\/v2\/product"}],"about":[{"href":"https:\/\/arabian-mood.com\/nl\/wp-json\/wp\/v2\/types\/product"}],"wp:featuredmedia":[{"embeddable":true,"href":"https:\/\/arabian-mood.com\/nl\/wp-json\/wp\/v2\/media\/8878"}],"wp:attachment":[{"href":"https:\/\/arabian-mood.com\/nl\/wp-json\/wp\/v2\/media?parent=8167"}],"wp:term":[{"taxonomy":"product_brand","embeddable":true,"href":"https:\/\/arabian-mood.com\/nl\/wp-json\/wp\/v2\/product_brand?post=8167"},{"taxonomy":"product_cat","embeddable":true,"href":"https:\/\/arabian-mood.com\/nl\/wp-json\/wp\/v2\/product_cat?post=8167"},{"taxonomy":"product_tag","embeddable":true,"href":"https:\/\/arabian-mood.com\/nl\/wp-json\/wp\/v2\/product_tag?post=8167"}],"curies":[{"name":"wp","href":"https:\/\/api.w.org\/{rel}","templated":true}]}}