{"id":8197,"date":"2024-08-30T18:14:17","date_gmt":"2024-08-30T16:14:17","guid":{"rendered":"https:\/\/arabian-mood.com\/?post_type=product&#038;p=8197"},"modified":"2026-01-06T12:05:52","modified_gmt":"2026-01-06T11:05:52","slug":"eau-de-parfum-teriaq-lattafa","status":"publish","type":"product","link":"https:\/\/arabian-mood.com\/nl\/produit\/eau-de-parfum-teriaq-lattafa\/","title":{"rendered":"Teriaq Lattafa 100 ml | Eau de parfum voor dames en heren"},"content":{"rendered":"<div class=\"flex flex-grow flex-col max-w-full\">\n<div class=\"min-h-[20px] text-message flex flex-col items-start whitespace-pre-wrap break-words [.text-message+&amp;]:mt-5 juice:w-full juice:items-end overflow-x-auto gap-2\" dir=\"auto\" data-message-author-role=\"assistant\" data-message-id=\"2582a35e-d3bf-49e6-8bf1-618333c65911\">\n<div class=\"flex w-full flex-col gap-1 juice:empty:hidden juice:first:pt-[3px]\">\n<div class=\"markdown prose w-full break-words dark:prose-invert light\">\n<p><strong>Arabian Mood<\/strong> est ravi de vous pr\u00e9senter <strong>Teriaq Lattafa<\/strong>, un <strong>parfum provenant de Duba\u00ef<\/strong> qui a d\u00e9j\u00e0 s\u00e9duit beaucoup de monde \u00e0 travers le globe. Cette eau de parfum repr\u00e9sente une v\u00e9ritable prouesse olfactive que nous recommandons vivement \u00e0 notre client\u00e8le exigeante.<\/p>\n<h2>Description olfactive de Teriaq Lattafa<\/h2>\n<p>La pyramide olfactive de cette fragrance orientale d\u00e9marre avec un m\u00e9lange de <strong>caramel<\/strong>, de <strong>poivre rose<\/strong>, d&#8217;<strong>amande am\u00e8re<\/strong> et d&#8217;<strong>abricot<\/strong>. Cette introduction frappante capture imm\u00e9diatement l&#8217;attention en plus de faire l&#8217;effet d&#8217;annonce d&#8217;une exp\u00e9rience olfactive d&#8217;exception.<\/p>\n<p><strong>Miel<\/strong>, <strong>rhubarbe<\/strong>, <strong>fleurs blanches<\/strong> et <strong>rose<\/strong> s&#8217;associent ensuite pour offrir une transition parfaite entre l&#8217;ouverture gourmande et la finale profonde. Enfin, les notes de fond du parfum Teriaq Lattafa r\u00e9v\u00e8lent toute la ma\u00eetrise des parfumeurs de Lattafa. La <strong>vanille<\/strong>, le <strong>v\u00e9tiver<\/strong>, le <strong>labdanum<\/strong>, le <strong>cuir<\/strong> et le <strong>musc<\/strong> cr\u00e9ent une base d&#8217;une tenue remarquable. Vous n&#8217;aurez pas besoin d&#8217;appliquer le parfum encore et encore pour b\u00e9n\u00e9ficier de sa senteur, vous et les gens qui vous entourent.<\/p>\n<h3>Teriaq Lattafa : un standard olfactif en devenir<\/h3>\n<p>Sa capacit\u00e9 \u00e0 convenir \u00e0 toutes les occasions font de ce <strong>parfum mixte<\/strong> un v\u00e9ritable tr\u00e9sor \u00e0 d\u00e9tenir chez soi. Ce qui distingue vraiment teriaq, c&#8217;est sa capacit\u00e9 \u00e0 convenir \u00e0 toutes les occasions. Que vous recherchiez un parfum pour le quotidien, pour une soir\u00e9e romantique ou pour un \u00e9v\u00e9nement particulier, il s&#8217;adaptera parfaitement \u00e0 chaque situation.<\/p>\n<p>Sa composition \u00e9quilibr\u00e9e en fait \u00e9galement un choix id\u00e9al pour toutes les saisons. Les notes fra\u00eeches et florales brillent particuli\u00e8rement au printemps et en \u00e9t\u00e9, tandis que les accords plus chauds et ambr\u00e9s apportent r\u00e9confort et \u00e9l\u00e9gance durant les mois plus frais. Lattafa propose aussi une version plus intense,\u00a0<a href=\"https:\/\/arabian-mood.com\/produit\/teriaq-intense-lattafa-parfum-mixte\/\"><strong>Teriaq Intense<\/strong><\/a>. Sa bouteille ressemble comme deux gouttes d&#8217;eau \u00e0 celle de Teriaq Lattafa. La diff\u00e9rence se situe surtout au niveau de la senteur.<\/p>\n<h3>Un investissement olfactif impossible \u00e0 regretter<\/h3>\n<p>Teriaq Lattafa repr\u00e9sente finalement un excellent investissement pour votre collection de parfums. Sa tenue exceptionnelle signifie que quelques vaporisations suffisent pour vous accompagner toute la journ\u00e9e. Chaque goutte devient alors pr\u00e9cieuse et efficace. De plus, son flacon \u00e9l\u00e9gant ornera avec distinction votre coiffeuse ou votre salle de bain. Il t\u00e9moignera ainsi de votre go\u00fbt raffin\u00e9 pour les\u00a0<strong>fragrances de qualit\u00e9<\/strong>. Nous vous invitons \u00e0 d\u00e9couvrir ce <strong>parfum oriental<\/strong> d\u00e8s \u00e0 pr\u00e9sent. Nous sommes ravis de vous faire d\u00e9couvrir cette cr\u00e9ation exceptionnelle de Lattafa qui, nous en sommes convaincus, deviendra rapidement l&#8217;un de vos parfums favoris.<\/p>\n<\/div>\n<\/div>\n<\/div>\n<\/div>\n","protected":false},"excerpt":{"rendered":"<p><strong>Topnoten:<\/strong>\u00a0Caramel, Poivre rose, Amande am\u00e8re et Abricot<\/p>\n<p><strong>Hartnoten:<\/strong>\u00a0Miel, Rhubarbe, Fleurs blanches et Rose<\/p>\n<p><strong>Achtergrondnotities:<\/strong> Vanille, V\u00e9tiver, Labdanum, Cuir, Musc<\/p>","protected":false},"featured_media":8198,"template":"","meta":[],"product_brand":[],"product_cat":[518,590,152,433],"product_tag":[],"class_list":{"0":"post-8197","1":"product","2":"type-product","3":"status-publish","4":"has-post-thumbnail","6":"product_cat-lattafa","7":"product_cat-parfum-dubai-mixte","8":"product_cat-mixte","9":"product_cat-parfums-de-dubai","11":"first","12":"instock","13":"sale","14":"taxable","15":"shipping-taxable","16":"purchasable","17":"product-type-simple"},"yoast_head":"<!-- This site is optimized with the Yoast SEO plugin v27.5 - https:\/\/yoast.com\/product\/yoast-seo-wordpress\/ -->\n<title>Teriaq Lattafa 100 ml | Eau de parfum mixte - Arabian Mood<\/title>\n<meta name=\"description\" content=\"D\u00e9couvrez Teriaq Lattafa, un parfum oriental mixte Senteur irr\u00e9sistible et tenue remarquable garantie ! Votre prochaine signature olfactive vous attend.\" \/>\n<meta name=\"robots\" content=\"index, follow, max-snippet:-1, max-image-preview:large, max-video-preview:-1\" \/>\n<link rel=\"canonical\" href=\"https:\/\/arabian-mood.com\/nl\/product-2\/eau-de-parfum-teriaq-lattafa\/\" \/>\n<meta property=\"og:locale\" content=\"nl_NL\" \/>\n<meta property=\"og:type\" content=\"article\" \/>\n<meta property=\"og:title\" content=\"Teriaq Lattafa 100 ml | Eau de parfum mixte - Arabian Mood\" \/>\n<meta property=\"og:description\" content=\"D\u00e9couvrez Teriaq Lattafa, un parfum oriental mixte Senteur irr\u00e9sistible et tenue remarquable garantie ! Votre prochaine signature olfactive vous attend.\" \/>\n<meta property=\"og:url\" content=\"https:\/\/arabian-mood.com\/nl\/product-2\/eau-de-parfum-teriaq-lattafa\/\" \/>\n<meta property=\"og:site_name\" content=\"Arabian Mood\" \/>\n<meta property=\"article:modified_time\" content=\"2026-01-06T11:05:52+00:00\" \/>\n<meta property=\"og:image\" content=\"https:\/\/arabian-mood.com\/wp-content\/uploads\/2024\/08\/TERIAQ100ML-LATTAFABLANC.png\" \/>\n\t<meta property=\"og:image:width\" content=\"1500\" \/>\n\t<meta property=\"og:image:height\" content=\"2122\" \/>\n\t<meta property=\"og:image:type\" content=\"image\/png\" \/>\n<meta name=\"twitter:card\" content=\"summary_large_image\" \/>\n<meta name=\"twitter:label1\" content=\"Geschatte leestijd\" \/>\n\t<meta name=\"twitter:data1\" content=\"3 minuten\" \/>\n<script type=\"application\/ld+json\" class=\"yoast-schema-graph\">{\"@context\":\"https:\\\/\\\/schema.org\",\"@graph\":[{\"@type\":\"WebPage\",\"@id\":\"https:\\\/\\\/arabian-mood.com\\\/produit\\\/eau-de-parfum-teriaq-lattafa\\\/\",\"url\":\"https:\\\/\\\/arabian-mood.com\\\/produit\\\/eau-de-parfum-teriaq-lattafa\\\/\",\"name\":\"Teriaq Lattafa 100 ml | Eau de parfum mixte - Arabian Mood\",\"isPartOf\":{\"@id\":\"https:\\\/\\\/arabian-mood.com\\\/#website\"},\"primaryImageOfPage\":{\"@id\":\"https:\\\/\\\/arabian-mood.com\\\/produit\\\/eau-de-parfum-teriaq-lattafa\\\/#primaryimage\"},\"image\":{\"@id\":\"https:\\\/\\\/arabian-mood.com\\\/produit\\\/eau-de-parfum-teriaq-lattafa\\\/#primaryimage\"},\"thumbnailUrl\":\"https:\\\/\\\/arabian-mood.com\\\/wp-content\\\/uploads\\\/2024\\\/08\\\/TERIAQ100ML-LATTAFABLANC.png\",\"datePublished\":\"2024-08-30T16:14:17+00:00\",\"dateModified\":\"2026-01-06T11:05:52+00:00\",\"description\":\"D\u00e9couvrez Teriaq Lattafa, un parfum oriental mixte Senteur irr\u00e9sistible et tenue remarquable garantie ! Votre prochaine signature olfactive vous attend.\",\"breadcrumb\":{\"@id\":\"https:\\\/\\\/arabian-mood.com\\\/produit\\\/eau-de-parfum-teriaq-lattafa\\\/#breadcrumb\"},\"inLanguage\":\"nl-NL\",\"potentialAction\":[{\"@type\":\"ReadAction\",\"target\":[\"https:\\\/\\\/arabian-mood.com\\\/produit\\\/eau-de-parfum-teriaq-lattafa\\\/\"]}]},{\"@type\":\"ImageObject\",\"inLanguage\":\"nl-NL\",\"@id\":\"https:\\\/\\\/arabian-mood.com\\\/produit\\\/eau-de-parfum-teriaq-lattafa\\\/#primaryimage\",\"url\":\"https:\\\/\\\/arabian-mood.com\\\/wp-content\\\/uploads\\\/2024\\\/08\\\/TERIAQ100ML-LATTAFABLANC.png\",\"contentUrl\":\"https:\\\/\\\/arabian-mood.com\\\/wp-content\\\/uploads\\\/2024\\\/08\\\/TERIAQ100ML-LATTAFABLANC.png\",\"width\":1500,\"height\":2122,\"caption\":\"teriaq lattafa\"},{\"@type\":\"BreadcrumbList\",\"@id\":\"https:\\\/\\\/arabian-mood.com\\\/produit\\\/eau-de-parfum-teriaq-lattafa\\\/#breadcrumb\",\"itemListElement\":[{\"@type\":\"ListItem\",\"position\":1,\"name\":\"Accueil\",\"item\":\"https:\\\/\\\/arabian-mood.com\\\/\"},{\"@type\":\"ListItem\",\"position\":2,\"name\":\"Boutique\",\"item\":\"https:\\\/\\\/arabian-mood.com\\\/boutique\\\/\"},{\"@type\":\"ListItem\",\"position\":3,\"name\":\"Teriaq Lattafa 100 ml | Eau de parfum mixte\"}]},{\"@type\":\"WebSite\",\"@id\":\"https:\\\/\\\/arabian-mood.com\\\/#website\",\"url\":\"https:\\\/\\\/arabian-mood.com\\\/\",\"name\":\"Arabian Mood\",\"description\":\"\",\"publisher\":{\"@id\":\"https:\\\/\\\/arabian-mood.com\\\/#organization\"},\"potentialAction\":[{\"@type\":\"SearchAction\",\"target\":{\"@type\":\"EntryPoint\",\"urlTemplate\":\"https:\\\/\\\/arabian-mood.com\\\/?s={search_term_string}\"},\"query-input\":{\"@type\":\"PropertyValueSpecification\",\"valueRequired\":true,\"valueName\":\"search_term_string\"}}],\"inLanguage\":\"nl-NL\"},{\"@type\":\"Organization\",\"@id\":\"https:\\\/\\\/arabian-mood.com\\\/#organization\",\"name\":\"Arabian Mood\",\"url\":\"https:\\\/\\\/arabian-mood.com\\\/\",\"logo\":{\"@type\":\"ImageObject\",\"inLanguage\":\"nl-NL\",\"@id\":\"https:\\\/\\\/arabian-mood.com\\\/#\\\/schema\\\/logo\\\/image\\\/\",\"url\":\"https:\\\/\\\/arabian-mood.com\\\/wp-content\\\/uploads\\\/2024\\\/09\\\/Groupe-11304.svg\",\"contentUrl\":\"https:\\\/\\\/arabian-mood.com\\\/wp-content\\\/uploads\\\/2024\\\/09\\\/Groupe-11304.svg\",\"width\":214,\"height\":27,\"caption\":\"Arabian Mood\"},\"image\":{\"@id\":\"https:\\\/\\\/arabian-mood.com\\\/#\\\/schema\\\/logo\\\/image\\\/\"},\"sameAs\":[\"https:\\\/\\\/www.instagram.com\\\/arabianmoodofficiel\\\/\"]}]}<\/script>\n<!-- \/ Yoast SEO plugin. -->","yoast_head_json":{"title":"Teriaq Lattafa 100 ml | Eau de parfum mixte - Arabian Mood","description":"D\u00e9couvrez Teriaq Lattafa, un parfum oriental mixte Senteur irr\u00e9sistible et tenue remarquable garantie ! Votre prochaine signature olfactive vous attend.","robots":{"index":"index","follow":"follow","max-snippet":"max-snippet:-1","max-image-preview":"max-image-preview:large","max-video-preview":"max-video-preview:-1"},"canonical":"https:\/\/arabian-mood.com\/nl\/product-2\/eau-de-parfum-teriaq-lattafa\/","og_locale":"nl_NL","og_type":"article","og_title":"Teriaq Lattafa 100 ml | Eau de parfum mixte - Arabian Mood","og_description":"D\u00e9couvrez Teriaq Lattafa, un parfum oriental mixte Senteur irr\u00e9sistible et tenue remarquable garantie ! Votre prochaine signature olfactive vous attend.","og_url":"https:\/\/arabian-mood.com\/nl\/product-2\/eau-de-parfum-teriaq-lattafa\/","og_site_name":"Arabian Mood","article_modified_time":"2026-01-06T11:05:52+00:00","og_image":[{"width":1500,"height":2122,"url":"https:\/\/arabian-mood.com\/wp-content\/uploads\/2024\/08\/TERIAQ100ML-LATTAFABLANC.png","type":"image\/png"}],"twitter_card":"summary_large_image","twitter_misc":{"Geschatte leestijd":"3 minuten"},"schema":{"@context":"https:\/\/schema.org","@graph":[{"@type":"WebPage","@id":"https:\/\/arabian-mood.com\/produit\/eau-de-parfum-teriaq-lattafa\/","url":"https:\/\/arabian-mood.com\/produit\/eau-de-parfum-teriaq-lattafa\/","name":"Teriaq Lattafa 100 ml | Eau de parfum mixte - Arabian Mood","isPartOf":{"@id":"https:\/\/arabian-mood.com\/#website"},"primaryImageOfPage":{"@id":"https:\/\/arabian-mood.com\/produit\/eau-de-parfum-teriaq-lattafa\/#primaryimage"},"image":{"@id":"https:\/\/arabian-mood.com\/produit\/eau-de-parfum-teriaq-lattafa\/#primaryimage"},"thumbnailUrl":"https:\/\/arabian-mood.com\/wp-content\/uploads\/2024\/08\/TERIAQ100ML-LATTAFABLANC.png","datePublished":"2024-08-30T16:14:17+00:00","dateModified":"2026-01-06T11:05:52+00:00","description":"D\u00e9couvrez Teriaq Lattafa, un parfum oriental mixte Senteur irr\u00e9sistible et tenue remarquable garantie ! Votre prochaine signature olfactive vous attend.","breadcrumb":{"@id":"https:\/\/arabian-mood.com\/produit\/eau-de-parfum-teriaq-lattafa\/#breadcrumb"},"inLanguage":"nl-NL","potentialAction":[{"@type":"ReadAction","target":["https:\/\/arabian-mood.com\/produit\/eau-de-parfum-teriaq-lattafa\/"]}]},{"@type":"ImageObject","inLanguage":"nl-NL","@id":"https:\/\/arabian-mood.com\/produit\/eau-de-parfum-teriaq-lattafa\/#primaryimage","url":"https:\/\/arabian-mood.com\/wp-content\/uploads\/2024\/08\/TERIAQ100ML-LATTAFABLANC.png","contentUrl":"https:\/\/arabian-mood.com\/wp-content\/uploads\/2024\/08\/TERIAQ100ML-LATTAFABLANC.png","width":1500,"height":2122,"caption":"teriaq lattafa"},{"@type":"BreadcrumbList","@id":"https:\/\/arabian-mood.com\/produit\/eau-de-parfum-teriaq-lattafa\/#breadcrumb","itemListElement":[{"@type":"ListItem","position":1,"name":"Accueil","item":"https:\/\/arabian-mood.com\/"},{"@type":"ListItem","position":2,"name":"Boutique","item":"https:\/\/arabian-mood.com\/boutique\/"},{"@type":"ListItem","position":3,"name":"Teriaq Lattafa 100 ml | Eau de parfum mixte"}]},{"@type":"WebSite","@id":"https:\/\/arabian-mood.com\/#website","url":"https:\/\/arabian-mood.com\/","name":"Arabische Sfeer","description":"","publisher":{"@id":"https:\/\/arabian-mood.com\/#organization"},"potentialAction":[{"@type":"SearchAction","target":{"@type":"EntryPoint","urlTemplate":"https:\/\/arabian-mood.com\/?s={search_term_string}"},"query-input":{"@type":"PropertyValueSpecification","valueRequired":true,"valueName":"search_term_string"}}],"inLanguage":"nl-NL"},{"@type":"Organization","@id":"https:\/\/arabian-mood.com\/#organization","name":"Arabische Sfeer","url":"https:\/\/arabian-mood.com\/","logo":{"@type":"ImageObject","inLanguage":"nl-NL","@id":"https:\/\/arabian-mood.com\/#\/schema\/logo\/image\/","url":"https:\/\/arabian-mood.com\/wp-content\/uploads\/2024\/09\/Groupe-11304.svg","contentUrl":"https:\/\/arabian-mood.com\/wp-content\/uploads\/2024\/09\/Groupe-11304.svg","width":214,"height":27,"caption":"Arabian Mood"},"image":{"@id":"https:\/\/arabian-mood.com\/#\/schema\/logo\/image\/"},"sameAs":["https:\/\/www.instagram.com\/arabianmoodofficiel\/"]}]}},"_links":{"self":[{"href":"https:\/\/arabian-mood.com\/nl\/wp-json\/wp\/v2\/product\/8197","targetHints":{"allow":["GET"]}}],"collection":[{"href":"https:\/\/arabian-mood.com\/nl\/wp-json\/wp\/v2\/product"}],"about":[{"href":"https:\/\/arabian-mood.com\/nl\/wp-json\/wp\/v2\/types\/product"}],"wp:featuredmedia":[{"embeddable":true,"href":"https:\/\/arabian-mood.com\/nl\/wp-json\/wp\/v2\/media\/8198"}],"wp:attachment":[{"href":"https:\/\/arabian-mood.com\/nl\/wp-json\/wp\/v2\/media?parent=8197"}],"wp:term":[{"taxonomy":"product_brand","embeddable":true,"href":"https:\/\/arabian-mood.com\/nl\/wp-json\/wp\/v2\/product_brand?post=8197"},{"taxonomy":"product_cat","embeddable":true,"href":"https:\/\/arabian-mood.com\/nl\/wp-json\/wp\/v2\/product_cat?post=8197"},{"taxonomy":"product_tag","embeddable":true,"href":"https:\/\/arabian-mood.com\/nl\/wp-json\/wp\/v2\/product_tag?post=8197"}],"curies":[{"name":"wp","href":"https:\/\/api.w.org\/{rel}","templated":true}]}}