{"id":8214,"date":"2024-09-06T20:00:36","date_gmt":"2024-09-06T18:00:36","guid":{"rendered":"https:\/\/arabian-mood.com\/?post_type=product&#038;p=8214"},"modified":"2025-12-02T11:43:55","modified_gmt":"2025-12-02T10:43:55","slug":"azzure-aoud-fragrance-world","status":"publish","type":"product","link":"https:\/\/arabian-mood.com\/nl\/produit\/azzure-aoud-fragrance-world\/","title":{"rendered":"Azzure Aoud \u2013 Franse Avenue"},"content":{"rendered":"<p><strong>Azzure Aoud<\/strong> de chez <strong>fragrance world<\/strong> est plus qu&#8217;un simple <strong>parfum<\/strong> ; c&#8217;est une d\u00e9claration d&#8217;\u00e9l\u00e9gance et de raffinement. Le m\u00e9lange de <strong>notes exotiques<\/strong> et opulentes cr\u00e9e un parfum \u00e0 la fois puissant et s\u00e9duisant, parfait pour ceux qui appr\u00e9cient les choses les plus fines de la vie.<\/p>\n<p>Faites l&#8217;exp\u00e9rience de la captivit\u00e9 et plongez dans l&#8217;\u00e9treinte luxueuse de la fragrance Azzure Aoud, laissez son ar\u00f4me enchanteur laisser une impression durable. Que ce soit pour des occasions sp\u00e9ciales ou un usage quotidien, ce parfum exquis est s\u00fbr d&#8217;\u00e9lever votre pr\u00e9sence et de captiver ceux qui vous entourent.<\/p>\n<p>&nbsp;<\/p>\n<p>inspiration :\u00a0<b>Oud Maracuj\u00e1<\/b> de <b>Maison Crivelli<\/b><\/p>","protected":false},"excerpt":{"rendered":"<p><strong>Topnoten:<\/strong> Fruit de la passion, Notes fruit\u00e9es, Rose de Turquie et Safran<\/p>\n<p><strong>Hartnoten\u00a0<\/strong>: Oud, Feuille de patchouli d&#8217;Indon\u00e9sie et Benjoin<\/p>\n<p><strong>Achtergrondnotities:<\/strong> Cuir, Bois d&#8217;Akigala, Ambre, Ciste et Vanille.<\/p>","protected":false},"featured_media":8215,"template":"","meta":[],"product_brand":[],"product_cat":[522,20,585,433],"product_tag":[],"class_list":{"0":"post-8214","1":"product","2":"type-product","3":"status-publish","4":"has-post-thumbnail","6":"product_cat-fragrance-world","7":"product_cat-french-avenue","8":"product_cat-parfum-dubai-homme","9":"product_cat-parfums-de-dubai","11":"first","12":"outofstock","13":"sale","14":"taxable","15":"shipping-taxable","16":"purchasable","17":"product-type-simple"},"yoast_head":"<!-- This site is optimized with the Yoast SEO plugin v27.4 - https:\/\/yoast.com\/product\/yoast-seo-wordpress\/ -->\n<title>Azzure Aoud - French Avenue - Arabian Mood<\/title>\n<meta name=\"robots\" content=\"index, follow, max-snippet:-1, max-image-preview:large, max-video-preview:-1\" \/>\n<link rel=\"canonical\" href=\"https:\/\/arabian-mood.com\/nl\/product-2\/azzure-aoud-fragrance-world\/\" \/>\n<meta property=\"og:locale\" content=\"nl_NL\" \/>\n<meta property=\"og:type\" content=\"article\" \/>\n<meta property=\"og:title\" content=\"Azzure Aoud - French Avenue - Arabian Mood\" \/>\n<meta property=\"og:description\" content=\"Notes de t\u00eate : Fruit de la passion, Notes fruit\u00e9es, Rose de Turquie et Safran  Notes de coeur\u00a0: Oud, Feuille de patchouli d&#039;Indon\u00e9sie et Benjoin  Notes de fond : Cuir, Bois d&#039;Akigala, Ambre, Ciste et Vanille.\" \/>\n<meta property=\"og:url\" content=\"https:\/\/arabian-mood.com\/nl\/product-2\/azzure-aoud-fragrance-world\/\" \/>\n<meta property=\"og:site_name\" content=\"Arabian Mood\" \/>\n<meta property=\"article:modified_time\" content=\"2025-12-02T10:43:55+00:00\" \/>\n<meta property=\"og:image\" content=\"https:\/\/arabian-mood.com\/wp-content\/uploads\/2024\/09\/Azzure_Aoud_1-Photoroom.jpg\" \/>\n\t<meta property=\"og:image:width\" content=\"990\" \/>\n\t<meta property=\"og:image:height\" content=\"990\" \/>\n\t<meta property=\"og:image:type\" content=\"image\/jpeg\" \/>\n<meta name=\"twitter:card\" content=\"summary_large_image\" \/>\n<meta name=\"twitter:label1\" content=\"Est. reading time\" \/>\n\t<meta name=\"twitter:data1\" content=\"1 minuut\" \/>\n<script type=\"application\/ld+json\" class=\"yoast-schema-graph\">{\"@context\":\"https:\\\/\\\/schema.org\",\"@graph\":[{\"@type\":\"WebPage\",\"@id\":\"https:\\\/\\\/arabian-mood.com\\\/produit\\\/azzure-aoud-fragrance-world\\\/\",\"url\":\"https:\\\/\\\/arabian-mood.com\\\/produit\\\/azzure-aoud-fragrance-world\\\/\",\"name\":\"Azzure Aoud - French Avenue - Arabian Mood\",\"isPartOf\":{\"@id\":\"https:\\\/\\\/arabian-mood.com\\\/#website\"},\"primaryImageOfPage\":{\"@id\":\"https:\\\/\\\/arabian-mood.com\\\/produit\\\/azzure-aoud-fragrance-world\\\/#primaryimage\"},\"image\":{\"@id\":\"https:\\\/\\\/arabian-mood.com\\\/produit\\\/azzure-aoud-fragrance-world\\\/#primaryimage\"},\"thumbnailUrl\":\"https:\\\/\\\/arabian-mood.com\\\/wp-content\\\/uploads\\\/2024\\\/09\\\/Azzure_Aoud_1-Photoroom.jpg\",\"datePublished\":\"2024-09-06T18:00:36+00:00\",\"dateModified\":\"2025-12-02T10:43:55+00:00\",\"breadcrumb\":{\"@id\":\"https:\\\/\\\/arabian-mood.com\\\/produit\\\/azzure-aoud-fragrance-world\\\/#breadcrumb\"},\"inLanguage\":\"nl-NL\",\"potentialAction\":[{\"@type\":\"ReadAction\",\"target\":[\"https:\\\/\\\/arabian-mood.com\\\/produit\\\/azzure-aoud-fragrance-world\\\/\"]}]},{\"@type\":\"ImageObject\",\"inLanguage\":\"nl-NL\",\"@id\":\"https:\\\/\\\/arabian-mood.com\\\/produit\\\/azzure-aoud-fragrance-world\\\/#primaryimage\",\"url\":\"https:\\\/\\\/arabian-mood.com\\\/wp-content\\\/uploads\\\/2024\\\/09\\\/Azzure_Aoud_1-Photoroom.jpg\",\"contentUrl\":\"https:\\\/\\\/arabian-mood.com\\\/wp-content\\\/uploads\\\/2024\\\/09\\\/Azzure_Aoud_1-Photoroom.jpg\",\"width\":990,\"height\":990,\"caption\":\"Azzure Aoud - Fragrance World\"},{\"@type\":\"BreadcrumbList\",\"@id\":\"https:\\\/\\\/arabian-mood.com\\\/produit\\\/azzure-aoud-fragrance-world\\\/#breadcrumb\",\"itemListElement\":[{\"@type\":\"ListItem\",\"position\":1,\"name\":\"Accueil\",\"item\":\"https:\\\/\\\/arabian-mood.com\\\/\"},{\"@type\":\"ListItem\",\"position\":2,\"name\":\"Boutique\",\"item\":\"https:\\\/\\\/arabian-mood.com\\\/boutique\\\/\"},{\"@type\":\"ListItem\",\"position\":3,\"name\":\"Azzure Aoud &#8211; French Avenue\"}]},{\"@type\":\"WebSite\",\"@id\":\"https:\\\/\\\/arabian-mood.com\\\/#website\",\"url\":\"https:\\\/\\\/arabian-mood.com\\\/\",\"name\":\"Arabian Mood\",\"description\":\"\",\"publisher\":{\"@id\":\"https:\\\/\\\/arabian-mood.com\\\/#organization\"},\"potentialAction\":[{\"@type\":\"SearchAction\",\"target\":{\"@type\":\"EntryPoint\",\"urlTemplate\":\"https:\\\/\\\/arabian-mood.com\\\/?s={search_term_string}\"},\"query-input\":{\"@type\":\"PropertyValueSpecification\",\"valueRequired\":true,\"valueName\":\"search_term_string\"}}],\"inLanguage\":\"nl-NL\"},{\"@type\":\"Organization\",\"@id\":\"https:\\\/\\\/arabian-mood.com\\\/#organization\",\"name\":\"Arabian Mood\",\"url\":\"https:\\\/\\\/arabian-mood.com\\\/\",\"logo\":{\"@type\":\"ImageObject\",\"inLanguage\":\"nl-NL\",\"@id\":\"https:\\\/\\\/arabian-mood.com\\\/#\\\/schema\\\/logo\\\/image\\\/\",\"url\":\"https:\\\/\\\/arabian-mood.com\\\/wp-content\\\/uploads\\\/2024\\\/09\\\/Groupe-11304.svg\",\"contentUrl\":\"https:\\\/\\\/arabian-mood.com\\\/wp-content\\\/uploads\\\/2024\\\/09\\\/Groupe-11304.svg\",\"width\":214,\"height\":27,\"caption\":\"Arabian Mood\"},\"image\":{\"@id\":\"https:\\\/\\\/arabian-mood.com\\\/#\\\/schema\\\/logo\\\/image\\\/\"},\"sameAs\":[\"https:\\\/\\\/www.instagram.com\\\/arabianmoodofficiel\\\/\"]}]}<\/script>\n<!-- \/ Yoast SEO plugin. -->","yoast_head_json":{"title":"Azzure Aoud - French Avenue - Arabian Mood","robots":{"index":"index","follow":"follow","max-snippet":"max-snippet:-1","max-image-preview":"max-image-preview:large","max-video-preview":"max-video-preview:-1"},"canonical":"https:\/\/arabian-mood.com\/nl\/product-2\/azzure-aoud-fragrance-world\/","og_locale":"nl_NL","og_type":"article","og_title":"Azzure Aoud - French Avenue - Arabian Mood","og_description":"Notes de t\u00eate : Fruit de la passion, Notes fruit\u00e9es, Rose de Turquie et Safran  Notes de coeur\u00a0: Oud, Feuille de patchouli d'Indon\u00e9sie et Benjoin  Notes de fond : Cuir, Bois d'Akigala, Ambre, Ciste et Vanille.","og_url":"https:\/\/arabian-mood.com\/nl\/product-2\/azzure-aoud-fragrance-world\/","og_site_name":"Arabian Mood","article_modified_time":"2025-12-02T10:43:55+00:00","og_image":[{"width":990,"height":990,"url":"https:\/\/arabian-mood.com\/wp-content\/uploads\/2024\/09\/Azzure_Aoud_1-Photoroom.jpg","type":"image\/jpeg"}],"twitter_card":"summary_large_image","twitter_misc":{"Est. reading time":"1 minuut"},"schema":{"@context":"https:\/\/schema.org","@graph":[{"@type":"WebPage","@id":"https:\/\/arabian-mood.com\/produit\/azzure-aoud-fragrance-world\/","url":"https:\/\/arabian-mood.com\/produit\/azzure-aoud-fragrance-world\/","name":"Azzure Aoud - French Avenue - Arabian Mood","isPartOf":{"@id":"https:\/\/arabian-mood.com\/#website"},"primaryImageOfPage":{"@id":"https:\/\/arabian-mood.com\/produit\/azzure-aoud-fragrance-world\/#primaryimage"},"image":{"@id":"https:\/\/arabian-mood.com\/produit\/azzure-aoud-fragrance-world\/#primaryimage"},"thumbnailUrl":"https:\/\/arabian-mood.com\/wp-content\/uploads\/2024\/09\/Azzure_Aoud_1-Photoroom.jpg","datePublished":"2024-09-06T18:00:36+00:00","dateModified":"2025-12-02T10:43:55+00:00","breadcrumb":{"@id":"https:\/\/arabian-mood.com\/produit\/azzure-aoud-fragrance-world\/#breadcrumb"},"inLanguage":"nl-NL","potentialAction":[{"@type":"ReadAction","target":["https:\/\/arabian-mood.com\/produit\/azzure-aoud-fragrance-world\/"]}]},{"@type":"ImageObject","inLanguage":"nl-NL","@id":"https:\/\/arabian-mood.com\/produit\/azzure-aoud-fragrance-world\/#primaryimage","url":"https:\/\/arabian-mood.com\/wp-content\/uploads\/2024\/09\/Azzure_Aoud_1-Photoroom.jpg","contentUrl":"https:\/\/arabian-mood.com\/wp-content\/uploads\/2024\/09\/Azzure_Aoud_1-Photoroom.jpg","width":990,"height":990,"caption":"Azzure Aoud - Fragrance World"},{"@type":"BreadcrumbList","@id":"https:\/\/arabian-mood.com\/produit\/azzure-aoud-fragrance-world\/#breadcrumb","itemListElement":[{"@type":"ListItem","position":1,"name":"Accueil","item":"https:\/\/arabian-mood.com\/"},{"@type":"ListItem","position":2,"name":"Boutique","item":"https:\/\/arabian-mood.com\/boutique\/"},{"@type":"ListItem","position":3,"name":"Azzure Aoud &#8211; French Avenue"}]},{"@type":"WebSite","@id":"https:\/\/arabian-mood.com\/#website","url":"https:\/\/arabian-mood.com\/","name":"Arabische Sfeer","description":"","publisher":{"@id":"https:\/\/arabian-mood.com\/#organization"},"potentialAction":[{"@type":"SearchAction","target":{"@type":"EntryPoint","urlTemplate":"https:\/\/arabian-mood.com\/?s={search_term_string}"},"query-input":{"@type":"PropertyValueSpecification","valueRequired":true,"valueName":"search_term_string"}}],"inLanguage":"nl-NL"},{"@type":"Organization","@id":"https:\/\/arabian-mood.com\/#organization","name":"Arabische Sfeer","url":"https:\/\/arabian-mood.com\/","logo":{"@type":"ImageObject","inLanguage":"nl-NL","@id":"https:\/\/arabian-mood.com\/#\/schema\/logo\/image\/","url":"https:\/\/arabian-mood.com\/wp-content\/uploads\/2024\/09\/Groupe-11304.svg","contentUrl":"https:\/\/arabian-mood.com\/wp-content\/uploads\/2024\/09\/Groupe-11304.svg","width":214,"height":27,"caption":"Arabian Mood"},"image":{"@id":"https:\/\/arabian-mood.com\/#\/schema\/logo\/image\/"},"sameAs":["https:\/\/www.instagram.com\/arabianmoodofficiel\/"]}]}},"_links":{"self":[{"href":"https:\/\/arabian-mood.com\/nl\/wp-json\/wp\/v2\/product\/8214","targetHints":{"allow":["GET"]}}],"collection":[{"href":"https:\/\/arabian-mood.com\/nl\/wp-json\/wp\/v2\/product"}],"about":[{"href":"https:\/\/arabian-mood.com\/nl\/wp-json\/wp\/v2\/types\/product"}],"wp:featuredmedia":[{"embeddable":true,"href":"https:\/\/arabian-mood.com\/nl\/wp-json\/wp\/v2\/media\/8215"}],"wp:attachment":[{"href":"https:\/\/arabian-mood.com\/nl\/wp-json\/wp\/v2\/media?parent=8214"}],"wp:term":[{"taxonomy":"product_brand","embeddable":true,"href":"https:\/\/arabian-mood.com\/nl\/wp-json\/wp\/v2\/product_brand?post=8214"},{"taxonomy":"product_cat","embeddable":true,"href":"https:\/\/arabian-mood.com\/nl\/wp-json\/wp\/v2\/product_cat?post=8214"},{"taxonomy":"product_tag","embeddable":true,"href":"https:\/\/arabian-mood.com\/nl\/wp-json\/wp\/v2\/product_tag?post=8214"}],"curies":[{"name":"wp","href":"https:\/\/api.w.org\/{rel}","templated":true}]}}