{"id":8371,"date":"2024-10-19T11:12:59","date_gmt":"2024-10-19T09:12:59","guid":{"rendered":"https:\/\/arabian-mood.com\/?post_type=product&#038;p=8371"},"modified":"2026-03-17T15:08:15","modified_gmt":"2026-03-17T14:08:15","slug":"vloeibaar-bruin-franse-avenue","status":"publish","type":"product","link":"https:\/\/arabian-mood.com\/nl\/produit\/liquid-brun-french-avenue\/","title":{"rendered":"Vloeibare Brun \u2013 Franse Laan"},"content":{"rendered":"<p><span style=\"font-weight: 400;\">Wanneer <\/span><b>Franse Laan<\/b><span style=\"font-weight: 400;\"> onthullen <\/span><b>Vloeibare Brun<\/b><span style=\"font-weight: 400;\">, het is niet zomaar een parfum dat wordt geboren, het is een hele zintuiglijke ervaring die tot leven komt. In het universum van de <\/span><b>houtachtige geuren<\/b><span style=\"font-weight: 400;\">, hij onderscheidt zich door zijn durf om het onverwachte te combineren. Stel je de bruisende frisheid voor van de <\/span><b>bergamot<\/b><span style=\"font-weight: 400;\"> wie ontmoet de zachtheid van de <\/span><b>oranjebloesem<\/b><span style=\"font-weight: 400;\">, alvorens plaats te maken voor een <\/span><b>kruidig hart<\/b><span style=\"font-weight: 400;\"> dat de ziel verwarmt.<\/span><\/p>\n<h2><b>Liquid Brun: wanneer durf parfum wordt<\/b><\/h2>\n<p><span style=\"font-weight: 400;\">Wat maakt dit parfum zo speciaal? Het is een verhaal dat tot leven komt op je huid. Een olfactorisch narratief dat begint met frisheid en met <\/span><b>citrusvruchten<\/b><span style=\"font-weight: 400;\"> die je zintuigen prikkelen. Als je van <\/span><b>fruitige parfums<\/b><span style=\"font-weight: 400;\"> van dit soort, probeer dan de olfactorische proef die wordt aangeboden door<\/span><a href=\"https:\/\/arabian-mood.com\/nl\/product-2\/tropical-kiss-french-avenue\/\"> <b>Tropische Kus<\/b><\/a><span style=\"font-weight: 400;\">. Met deze geur transporteert French Avenue u naar het hart van een ultra-exotisch olfactorisch juweel.<\/span><\/p>\n<p><span style=\"font-weight: 400;\">Daarna, de <\/span><b>kaneel<\/b><span style=\"font-weight: 400;\"> en la <\/span><b>kardemom<\/b><span style=\"font-weight: 400;\"> komen ten tonele, kruiden die doen denken aan verre reizen en warme momenten. En als je denkt alles ontdekt te hebben, de <\/span><b>vanille bourbon<\/b><span style=\"font-weight: 400;\"> verschijnt, en omhult het geheel met een bijna verslavende zachtheid.<\/span><\/p>\n<p><span style=\"font-weight: 400;\">Le <\/span><b>elemihars<\/b><span style=\"font-weight: 400;\"> is de uiteindelijke handtekening, als een laatste knipoog die de geur onvergetelijk maakt. En het is waar! Dit <\/span><b>oosters parfum<\/b><span style=\"font-weight: 400;\"> volgt u de hele dag zonder ooit moe te worden. Mensen kijken om, proberen te achterhalen waar die bijzondere geur vandaan komt. Bovendien weet Liquid Brun van French Avenue zich aan te passen aan verschillende situaties. U kunt het daardoor op elk moment dragen.<\/span><\/p>\n<h3><b>In de geheimen van Liquid Brun<\/b><\/h3>\n<p><span style=\"font-weight: 400;\">Mensen die het al hebben aangenomen, benadrukken ook het vermogen ervan om een perfect gedoseerde spoor achter te laten. Niet te intens om uw omgeving te hinderen, en niet te discreet om onopgemerkt te blijven. Dit wordt ook wel <\/span><b>parfumerie<\/b><span style=\"font-weight: 400;\"> \u201cde kunst van de beheerste sillage\u201d. Als je langskomt, zijn mensen niet overweldigd, maar eerder gefascineerd.<\/span><\/p>\n<p><span style=\"font-weight: 400;\">Porter Liquid Brun, het is als een maatkostuum aantrekken. Het past zich aan je huid aan, aan je persoonlijke chemie, om iets unieks te cre\u00ebren. Bij sommigen komen de kruidige tonen meer naar voren. Bij anderen zal de zachtheid van de vanille de overhand hebben. Deze aanpasbaarheid maakt deze geur zo persoonlijk, ondanks zijn duidelijke aanwezigheid. Anders, verander van sfeer met \u0650<\/span><a href=\"https:\/\/arabian-mood.com\/nl\/product-2\/qissa-delicious\/\"><b>Qissa Heerlijk<\/b><\/a><span style=\"font-weight: 400;\">, een gourmand parfum, ondertekend door <\/span><b>Parijse hoek<\/b><span style=\"font-weight: 400;\">.<\/span><\/p>\n<p><span style=\"font-weight: 400;\">French Avenue heeft ook al zijn knowhow ingezet om ervoor te zorgen dat dit parfum lang blijft hangen. De parfumeurs hebben gewerkt aan een nauwkeurige balans tussen de verschillende noten om een harmonieuze evolutie gedurende de dag te garanderen. De sleutel? De interactie tussen de kruiden en de <\/span><b>houtachtige noten<\/b><span style=\"font-weight: 400;\"> die handelen als <\/span><b>Natuurlijke fixatieven<\/b><span style=\"font-weight: 400;\">. Resultaat: geen noodzaak om elke twee uur opnieuw te sprayen. Het parfum leeft met je mee.<\/span><\/p>\n<h3><b>De perfecte match met de seizoenen<\/b><\/h3>\n<p><span style=\"font-weight: 400;\">Hoewel Liquid Brun vooral uitblinkt tijdens herfstavonden en koude winstdagen, weet hij ook in de zomer verleidelijk te zijn. De frisse topnoten nemen dan de overhand, wat zorgt voor een lichtere, maar even betoverende versie van de geur. Dat noemen we een <\/span><b>parfum vier seizoenen<\/b><span style=\"font-weight: 400;\">, die u het hele jaar door kan begeleiden.<\/span><\/p>\n<p><span style=\"font-weight: 400;\">Als je op zoek bent naar een parfum dat buiten de gebaande paden valt, maar toch elegant blijft, dan zou dit wel eens je nieuwe handtekening kunnen worden. Te midden van de vloed van nieuwigheden in 2024, past Liquid Brun daar perfect, als een vanzelfsprekendheid voor wie houdt van parfums met een verhaal. Bestel je fles en word onderdeel van de legende.<\/span><\/p>\n<p>&nbsp;<\/p>","protected":false},"excerpt":{"rendered":"<p><strong>Topnoten<\/strong>\u00a0<strong>: <\/strong>Kaneel, bergamot, kardemom, oranjebloesem<\/p>\n<p><strong>Hartnotities <\/strong>Bourbon Vanille, Elemi<\/p>\n<p><strong>Achtergrondinformatie: <\/strong>muskus, praline, ambroxan, guaiac hout<\/p>\n<p>&nbsp;<\/p>","protected":false},"featured_media":8858,"template":"","meta":[],"product_brand":[],"product_cat":[20,152,433],"product_tag":[],"class_list":{"0":"post-8371","1":"product","2":"type-product","3":"status-publish","4":"has-post-thumbnail","6":"product_cat-french-avenue","7":"product_cat-mixte","8":"product_cat-parfums-de-dubai","10":"first","11":"outofstock","12":"sale","13":"purchasable","14":"product-type-simple"},"yoast_head":"<!-- This site is optimized with the Yoast SEO plugin v27.4 - https:\/\/yoast.com\/product\/yoast-seo-wordpress\/ -->\n<title>Eau de parfum Liquid Brun 100 ml | French Avenue<\/title>\n<meta name=\"description\" content=\"Liquid Brun French Avenue : fra\u00eecheur des agrumes, chaleur des \u00e9pices et douceur de la vanille bourbon. Une cr\u00e9ation olfactive pour les audacieux.\" \/>\n<meta name=\"robots\" content=\"index, follow, max-snippet:-1, max-image-preview:large, max-video-preview:-1\" \/>\n<link rel=\"canonical\" href=\"https:\/\/arabian-mood.com\/nl\/product-2\/vloeibaar-bruin-franse-avenue\/\" \/>\n<meta property=\"og:locale\" content=\"nl_NL\" \/>\n<meta property=\"og:type\" content=\"article\" \/>\n<meta property=\"og:title\" content=\"Eau de parfum Liquid Brun 100 ml | French Avenue\" \/>\n<meta property=\"og:description\" content=\"Liquid Brun French Avenue : fra\u00eecheur des agrumes, chaleur des \u00e9pices et douceur de la vanille bourbon. Une cr\u00e9ation olfactive pour les audacieux.\" \/>\n<meta property=\"og:url\" content=\"https:\/\/arabian-mood.com\/nl\/product-2\/vloeibaar-bruin-franse-avenue\/\" \/>\n<meta property=\"og:site_name\" content=\"Arabian Mood\" \/>\n<meta property=\"article:modified_time\" content=\"2026-03-17T14:08:15+00:00\" \/>\n<meta property=\"og:image\" content=\"https:\/\/arabian-mood.com\/wp-content\/uploads\/2024\/10\/liquidbrunedp_1-1.jpg\" \/>\n\t<meta property=\"og:image:width\" content=\"600\" \/>\n\t<meta property=\"og:image:height\" content=\"600\" \/>\n\t<meta property=\"og:image:type\" content=\"image\/jpeg\" \/>\n<meta name=\"twitter:card\" content=\"summary_large_image\" \/>\n<meta name=\"twitter:label1\" content=\"Geschatte leestijd\" \/>\n\t<meta name=\"twitter:data1\" content=\"4 minuten\" \/>\n<script type=\"application\/ld+json\" class=\"yoast-schema-graph\">{\"@context\":\"https:\\\/\\\/schema.org\",\"@graph\":[{\"@type\":\"WebPage\",\"@id\":\"https:\\\/\\\/arabian-mood.com\\\/produit\\\/liquid-brun-french-avenue\\\/\",\"url\":\"https:\\\/\\\/arabian-mood.com\\\/produit\\\/liquid-brun-french-avenue\\\/\",\"name\":\"Eau de parfum Liquid Brun 100 ml | French Avenue\",\"isPartOf\":{\"@id\":\"https:\\\/\\\/arabian-mood.com\\\/#website\"},\"primaryImageOfPage\":{\"@id\":\"https:\\\/\\\/arabian-mood.com\\\/produit\\\/liquid-brun-french-avenue\\\/#primaryimage\"},\"image\":{\"@id\":\"https:\\\/\\\/arabian-mood.com\\\/produit\\\/liquid-brun-french-avenue\\\/#primaryimage\"},\"thumbnailUrl\":\"https:\\\/\\\/arabian-mood.com\\\/wp-content\\\/uploads\\\/2024\\\/10\\\/liquidbrunedp_1-1.jpg\",\"datePublished\":\"2024-10-19T09:12:59+00:00\",\"dateModified\":\"2026-03-17T14:08:15+00:00\",\"description\":\"Liquid Brun French Avenue : fra\u00eecheur des agrumes, chaleur des \u00e9pices et douceur de la vanille bourbon. Une cr\u00e9ation olfactive pour les audacieux.\",\"breadcrumb\":{\"@id\":\"https:\\\/\\\/arabian-mood.com\\\/produit\\\/liquid-brun-french-avenue\\\/#breadcrumb\"},\"inLanguage\":\"nl-NL\",\"potentialAction\":[{\"@type\":\"ReadAction\",\"target\":[\"https:\\\/\\\/arabian-mood.com\\\/produit\\\/liquid-brun-french-avenue\\\/\"]}]},{\"@type\":\"ImageObject\",\"inLanguage\":\"nl-NL\",\"@id\":\"https:\\\/\\\/arabian-mood.com\\\/produit\\\/liquid-brun-french-avenue\\\/#primaryimage\",\"url\":\"https:\\\/\\\/arabian-mood.com\\\/wp-content\\\/uploads\\\/2024\\\/10\\\/liquidbrunedp_1-1.jpg\",\"contentUrl\":\"https:\\\/\\\/arabian-mood.com\\\/wp-content\\\/uploads\\\/2024\\\/10\\\/liquidbrunedp_1-1.jpg\",\"width\":600,\"height\":600,\"caption\":\"Liquid Brun French Avenue\"},{\"@type\":\"BreadcrumbList\",\"@id\":\"https:\\\/\\\/arabian-mood.com\\\/produit\\\/liquid-brun-french-avenue\\\/#breadcrumb\",\"itemListElement\":[{\"@type\":\"ListItem\",\"position\":1,\"name\":\"Accueil\",\"item\":\"https:\\\/\\\/arabian-mood.com\\\/\"},{\"@type\":\"ListItem\",\"position\":2,\"name\":\"Boutique\",\"item\":\"https:\\\/\\\/arabian-mood.com\\\/boutique\\\/\"},{\"@type\":\"ListItem\",\"position\":3,\"name\":\"Liquid Brun &#8211; French Avenue\"}]},{\"@type\":\"WebSite\",\"@id\":\"https:\\\/\\\/arabian-mood.com\\\/#website\",\"url\":\"https:\\\/\\\/arabian-mood.com\\\/\",\"name\":\"Arabian Mood\",\"description\":\"\",\"publisher\":{\"@id\":\"https:\\\/\\\/arabian-mood.com\\\/#organization\"},\"potentialAction\":[{\"@type\":\"SearchAction\",\"target\":{\"@type\":\"EntryPoint\",\"urlTemplate\":\"https:\\\/\\\/arabian-mood.com\\\/?s={search_term_string}\"},\"query-input\":{\"@type\":\"PropertyValueSpecification\",\"valueRequired\":true,\"valueName\":\"search_term_string\"}}],\"inLanguage\":\"nl-NL\"},{\"@type\":\"Organization\",\"@id\":\"https:\\\/\\\/arabian-mood.com\\\/#organization\",\"name\":\"Arabian Mood\",\"url\":\"https:\\\/\\\/arabian-mood.com\\\/\",\"logo\":{\"@type\":\"ImageObject\",\"inLanguage\":\"nl-NL\",\"@id\":\"https:\\\/\\\/arabian-mood.com\\\/#\\\/schema\\\/logo\\\/image\\\/\",\"url\":\"https:\\\/\\\/arabian-mood.com\\\/wp-content\\\/uploads\\\/2024\\\/09\\\/Groupe-11304.svg\",\"contentUrl\":\"https:\\\/\\\/arabian-mood.com\\\/wp-content\\\/uploads\\\/2024\\\/09\\\/Groupe-11304.svg\",\"width\":214,\"height\":27,\"caption\":\"Arabian Mood\"},\"image\":{\"@id\":\"https:\\\/\\\/arabian-mood.com\\\/#\\\/schema\\\/logo\\\/image\\\/\"},\"sameAs\":[\"https:\\\/\\\/www.instagram.com\\\/arabianmoodofficiel\\\/\"]}]}<\/script>\n<!-- \/ Yoast SEO plugin. -->","yoast_head_json":{"title":"Eau de parfum Liquid Brun 100 ml | French Avenue","description":"Liquid Brun French Avenue: frisheid van citrus, warmte van specerijen en de zachtheid van bourbon vanille. Een olfactorische creatie voor de durfals.","robots":{"index":"index","follow":"follow","max-snippet":"max-snippet:-1","max-image-preview":"max-image-preview:large","max-video-preview":"max-video-preview:-1"},"canonical":"https:\/\/arabian-mood.com\/nl\/product-2\/vloeibaar-bruin-franse-avenue\/","og_locale":"nl_NL","og_type":"article","og_title":"Eau de parfum Liquid Brun 100 ml | French Avenue","og_description":"Liquid Brun French Avenue : fra\u00eecheur des agrumes, chaleur des \u00e9pices et douceur de la vanille bourbon. Une cr\u00e9ation olfactive pour les audacieux.","og_url":"https:\/\/arabian-mood.com\/nl\/product-2\/vloeibaar-bruin-franse-avenue\/","og_site_name":"Arabian Mood","article_modified_time":"2026-03-17T14:08:15+00:00","og_image":[{"width":600,"height":600,"url":"https:\/\/arabian-mood.com\/wp-content\/uploads\/2024\/10\/liquidbrunedp_1-1.jpg","type":"image\/jpeg"}],"twitter_card":"summary_large_image","twitter_misc":{"Geschatte leestijd":"4 minuten"},"schema":{"@context":"https:\/\/schema.org","@graph":[{"@type":"WebPage","@id":"https:\/\/arabian-mood.com\/produit\/liquid-brun-french-avenue\/","url":"https:\/\/arabian-mood.com\/produit\/liquid-brun-french-avenue\/","name":"Eau de parfum Liquid Brun 100 ml | French Avenue","isPartOf":{"@id":"https:\/\/arabian-mood.com\/#website"},"primaryImageOfPage":{"@id":"https:\/\/arabian-mood.com\/produit\/liquid-brun-french-avenue\/#primaryimage"},"image":{"@id":"https:\/\/arabian-mood.com\/produit\/liquid-brun-french-avenue\/#primaryimage"},"thumbnailUrl":"https:\/\/arabian-mood.com\/wp-content\/uploads\/2024\/10\/liquidbrunedp_1-1.jpg","datePublished":"2024-10-19T09:12:59+00:00","dateModified":"2026-03-17T14:08:15+00:00","description":"Liquid Brun French Avenue: frisheid van citrus, warmte van specerijen en de zachtheid van bourbon vanille. Een olfactorische creatie voor de durfals.","breadcrumb":{"@id":"https:\/\/arabian-mood.com\/produit\/liquid-brun-french-avenue\/#breadcrumb"},"inLanguage":"nl-NL","potentialAction":[{"@type":"ReadAction","target":["https:\/\/arabian-mood.com\/produit\/liquid-brun-french-avenue\/"]}]},{"@type":"ImageObject","inLanguage":"nl-NL","@id":"https:\/\/arabian-mood.com\/produit\/liquid-brun-french-avenue\/#primaryimage","url":"https:\/\/arabian-mood.com\/wp-content\/uploads\/2024\/10\/liquidbrunedp_1-1.jpg","contentUrl":"https:\/\/arabian-mood.com\/wp-content\/uploads\/2024\/10\/liquidbrunedp_1-1.jpg","width":600,"height":600,"caption":"Liquid Brun French Avenue"},{"@type":"BreadcrumbList","@id":"https:\/\/arabian-mood.com\/produit\/liquid-brun-french-avenue\/#breadcrumb","itemListElement":[{"@type":"ListItem","position":1,"name":"Accueil","item":"https:\/\/arabian-mood.com\/"},{"@type":"ListItem","position":2,"name":"Boutique","item":"https:\/\/arabian-mood.com\/boutique\/"},{"@type":"ListItem","position":3,"name":"Liquid Brun &#8211; French Avenue"}]},{"@type":"WebSite","@id":"https:\/\/arabian-mood.com\/#website","url":"https:\/\/arabian-mood.com\/","name":"Arabische Sfeer","description":"","publisher":{"@id":"https:\/\/arabian-mood.com\/#organization"},"potentialAction":[{"@type":"SearchAction","target":{"@type":"EntryPoint","urlTemplate":"https:\/\/arabian-mood.com\/?s={search_term_string}"},"query-input":{"@type":"PropertyValueSpecification","valueRequired":true,"valueName":"search_term_string"}}],"inLanguage":"nl-NL"},{"@type":"Organization","@id":"https:\/\/arabian-mood.com\/#organization","name":"Arabische Sfeer","url":"https:\/\/arabian-mood.com\/","logo":{"@type":"ImageObject","inLanguage":"nl-NL","@id":"https:\/\/arabian-mood.com\/#\/schema\/logo\/image\/","url":"https:\/\/arabian-mood.com\/wp-content\/uploads\/2024\/09\/Groupe-11304.svg","contentUrl":"https:\/\/arabian-mood.com\/wp-content\/uploads\/2024\/09\/Groupe-11304.svg","width":214,"height":27,"caption":"Arabian Mood"},"image":{"@id":"https:\/\/arabian-mood.com\/#\/schema\/logo\/image\/"},"sameAs":["https:\/\/www.instagram.com\/arabianmoodofficiel\/"]}]}},"_links":{"self":[{"href":"https:\/\/arabian-mood.com\/nl\/wp-json\/wp\/v2\/product\/8371","targetHints":{"allow":["GET"]}}],"collection":[{"href":"https:\/\/arabian-mood.com\/nl\/wp-json\/wp\/v2\/product"}],"about":[{"href":"https:\/\/arabian-mood.com\/nl\/wp-json\/wp\/v2\/types\/product"}],"wp:featuredmedia":[{"embeddable":true,"href":"https:\/\/arabian-mood.com\/nl\/wp-json\/wp\/v2\/media\/8858"}],"wp:attachment":[{"href":"https:\/\/arabian-mood.com\/nl\/wp-json\/wp\/v2\/media?parent=8371"}],"wp:term":[{"taxonomy":"product_brand","embeddable":true,"href":"https:\/\/arabian-mood.com\/nl\/wp-json\/wp\/v2\/product_brand?post=8371"},{"taxonomy":"product_cat","embeddable":true,"href":"https:\/\/arabian-mood.com\/nl\/wp-json\/wp\/v2\/product_cat?post=8371"},{"taxonomy":"product_tag","embeddable":true,"href":"https:\/\/arabian-mood.com\/nl\/wp-json\/wp\/v2\/product_tag?post=8371"}],"curies":[{"name":"wp","href":"https:\/\/api.w.org\/{rel}","templated":true}]}}