{"id":8376,"date":"2024-10-19T14:09:42","date_gmt":"2024-10-19T12:09:42","guid":{"rendered":"https:\/\/arabian-mood.com\/?post_type=product&#038;p=8376"},"modified":"2025-12-03T17:05:20","modified_gmt":"2025-12-03T16:05:20","slug":"nebras-lattafa","status":"publish","type":"product","link":"https:\/\/arabian-mood.com\/nl\/produit\/nebras-lattafa\/","title":{"rendered":"Nebras \u2013 Lattafa"},"content":{"rendered":"<p>Sluit je ogen en laat je meevoeren in een wervelwind van bedwelmende sensaties. <strong>Nebras Lattafa<\/strong> maakt deel uit van de grote olfactorische familie Lattafa. Dit water van <strong>unisex parfum<\/strong> dit gaat verder dan de code van de <strong>traditionele parfumerie<\/strong> om u onder te dompelen in een uniek olfactorisch universum, dat kracht en delicatesse combineert.<\/p>\n<h2>Beschrijving van de parfum Nebras Lattafa<\/h2>\n<p>Al snel grijpt de intensiteit van een sprankelend kruidig akkoord ons, waarbij de <strong>bergamot<\/strong> en het <strong>roze peper<\/strong> verbinden zich in een boeiende opening. Deze frisse, zonnige topnoten harmoniseren vervolgens met een bloemig en houtachtig hart. De tweede fase van deze olfactorische partituur onthult inderdaad subtiele geuren van <strong>jasmijn<\/strong>, de <strong>patchoeli<\/strong> en de <strong>ceder<\/strong>. Tot slot, de warme basis van <strong>vanille<\/strong>, de <strong>muskus<\/strong> en de <strong>vetiver<\/strong> omsluit alles met een betoverende en aanhoudende spoor.<\/p>\n<p>Nebras Lattafa biedt u een buitengewone zintuiglijke ervaring. Elke beweging van de toepassing, elke ademtocht van zijn geurspoor, is een uitnodiging om de kleinste hoekjes van uw ziel te verkennen. Want deze olfactorische creatie van Lattafa is onge\u00ebvenaard. Het overstijgt de grenzen van gender om u een unieke signatuur te bieden, zowel krachtig als delicaat, gepassioneerd en omhullend.<\/p>\n<h3>Nebras Lattafa: vaandeldrager van de oosterse parfumerie<\/h3>\n<p>Ware hymne aan de <strong>oosterse parfumerie<\/strong>, deze geur belichaamt de uitmuntendheid en verfijning waar het huis Lattafa bekend om staat. Elke noot is zorgvuldig geselecteerd en samengesteld om een boeiende olfactorische compositie te cre\u00ebren, die u voor altijd zal bijblijven.<\/p>\n<p>Dit olfactorische juweel weerspiegelt perfect de toewijding van Lattafa aan het bieden van onge\u00ebvenaarde zintuiglijke ervaringen, net als\u00a0<a href=\"https:\/\/arabian-mood.com\/nl\/product-2\/khamrah-lattafa-eau-de-parfum\/\"><strong>Khamrah<\/strong><\/a>. Met zijn assertieve persoonlijkheid en onweerstaanbare geurspoor zal dit uniseks parfum zowel mannen als vrouwen aanspreken die op zoek zijn naar een uniek signatuur.<\/p>\n<h3>Een olfactorische reis voorbij het gewone<\/h3>\n<p>Durf het buitengewone aan, laat u meevoeren door de essentie van Nebras Lattafa. Elke spray begeleidt u op een buitengewone reis, waar de zintuigen worden versterkt en emoties worden vrijgelaten. Een geur die indruk maakt en u niet onberoerd laat.<\/p>","protected":false},"excerpt":{"rendered":"<p><strong>Topnoten:<\/strong> Rode bessen, mandarijn<\/p>\n<p><strong>Hartnotities:<\/strong> Vanille, Cacaoboon, Roos<\/p>\n<p><strong>Achtergrondinformatie:<\/strong> Tonkaboon, Amber, Muskus, Suiker<\/p>","protected":false},"featured_media":8377,"template":"","meta":[],"product_brand":[],"product_cat":[518,590,152,433],"product_tag":[],"class_list":{"0":"post-8376","1":"product","2":"type-product","3":"status-publish","4":"has-post-thumbnail","6":"product_cat-lattafa","7":"product_cat-parfum-dubai-mixte","8":"product_cat-mixte","9":"product_cat-parfums-de-dubai","11":"first","12":"instock","13":"purchasable","14":"product-type-simple"},"yoast_head":"<!-- This site is optimized with the Yoast SEO plugin v27.5 - https:\/\/yoast.com\/product\/yoast-seo-wordpress\/ -->\n<title>Nebras | Eau de parfum mixte 100 ml | Lattafa<\/title>\n<meta name=\"description\" content=\"Un voyage sensoriel captivant vous attend avec Nebras Lattafa, une fragrance qui m\u00e8le puissance et d\u00e9licatesse. Sillage envo\u00fbtant et signature unique.\" \/>\n<meta name=\"robots\" content=\"index, follow, max-snippet:-1, max-image-preview:large, max-video-preview:-1\" \/>\n<link rel=\"canonical\" href=\"https:\/\/arabian-mood.com\/nl\/product-2\/nebras-lattafa\/\" \/>\n<meta property=\"og:locale\" content=\"nl_NL\" \/>\n<meta property=\"og:type\" content=\"article\" \/>\n<meta property=\"og:title\" content=\"Nebras | Eau de parfum mixte 100 ml | Lattafa\" \/>\n<meta property=\"og:description\" content=\"Un voyage sensoriel captivant vous attend avec Nebras Lattafa, une fragrance qui m\u00e8le puissance et d\u00e9licatesse. Sillage envo\u00fbtant et signature unique.\" \/>\n<meta property=\"og:url\" content=\"https:\/\/arabian-mood.com\/nl\/product-2\/nebras-lattafa\/\" \/>\n<meta property=\"og:site_name\" content=\"Arabian Mood\" \/>\n<meta property=\"article:modified_time\" content=\"2025-12-03T16:05:20+00:00\" \/>\n<meta property=\"og:image\" content=\"https:\/\/arabian-mood.com\/wp-content\/uploads\/2024\/10\/nebras-lattafa.png\" \/>\n\t<meta property=\"og:image:width\" content=\"900\" \/>\n\t<meta property=\"og:image:height\" content=\"900\" \/>\n\t<meta property=\"og:image:type\" content=\"image\/png\" \/>\n<meta name=\"twitter:card\" content=\"summary_large_image\" \/>\n<meta name=\"twitter:label1\" content=\"Geschatte leestijd\" \/>\n\t<meta name=\"twitter:data1\" content=\"2 minuten\" \/>\n<script type=\"application\/ld+json\" class=\"yoast-schema-graph\">{\"@context\":\"https:\\\/\\\/schema.org\",\"@graph\":[{\"@type\":\"WebPage\",\"@id\":\"https:\\\/\\\/arabian-mood.com\\\/produit\\\/nebras-lattafa\\\/\",\"url\":\"https:\\\/\\\/arabian-mood.com\\\/produit\\\/nebras-lattafa\\\/\",\"name\":\"Nebras | Eau de parfum mixte 100 ml | Lattafa\",\"isPartOf\":{\"@id\":\"https:\\\/\\\/arabian-mood.com\\\/#website\"},\"primaryImageOfPage\":{\"@id\":\"https:\\\/\\\/arabian-mood.com\\\/produit\\\/nebras-lattafa\\\/#primaryimage\"},\"image\":{\"@id\":\"https:\\\/\\\/arabian-mood.com\\\/produit\\\/nebras-lattafa\\\/#primaryimage\"},\"thumbnailUrl\":\"https:\\\/\\\/arabian-mood.com\\\/wp-content\\\/uploads\\\/2024\\\/10\\\/nebras-lattafa.png\",\"datePublished\":\"2024-10-19T12:09:42+00:00\",\"dateModified\":\"2025-12-03T16:05:20+00:00\",\"description\":\"Un voyage sensoriel captivant vous attend avec Nebras Lattafa, une fragrance qui m\u00e8le puissance et d\u00e9licatesse. Sillage envo\u00fbtant et signature unique.\",\"breadcrumb\":{\"@id\":\"https:\\\/\\\/arabian-mood.com\\\/produit\\\/nebras-lattafa\\\/#breadcrumb\"},\"inLanguage\":\"nl-NL\",\"potentialAction\":[{\"@type\":\"ReadAction\",\"target\":[\"https:\\\/\\\/arabian-mood.com\\\/produit\\\/nebras-lattafa\\\/\"]}]},{\"@type\":\"ImageObject\",\"inLanguage\":\"nl-NL\",\"@id\":\"https:\\\/\\\/arabian-mood.com\\\/produit\\\/nebras-lattafa\\\/#primaryimage\",\"url\":\"https:\\\/\\\/arabian-mood.com\\\/wp-content\\\/uploads\\\/2024\\\/10\\\/nebras-lattafa.png\",\"contentUrl\":\"https:\\\/\\\/arabian-mood.com\\\/wp-content\\\/uploads\\\/2024\\\/10\\\/nebras-lattafa.png\",\"width\":900,\"height\":900,\"caption\":\"flacon du parfum Nebras Lattafa\"},{\"@type\":\"BreadcrumbList\",\"@id\":\"https:\\\/\\\/arabian-mood.com\\\/produit\\\/nebras-lattafa\\\/#breadcrumb\",\"itemListElement\":[{\"@type\":\"ListItem\",\"position\":1,\"name\":\"Accueil\",\"item\":\"https:\\\/\\\/arabian-mood.com\\\/\"},{\"@type\":\"ListItem\",\"position\":2,\"name\":\"Boutique\",\"item\":\"https:\\\/\\\/arabian-mood.com\\\/boutique\\\/\"},{\"@type\":\"ListItem\",\"position\":3,\"name\":\"Nebras &#8211; Lattafa\"}]},{\"@type\":\"WebSite\",\"@id\":\"https:\\\/\\\/arabian-mood.com\\\/#website\",\"url\":\"https:\\\/\\\/arabian-mood.com\\\/\",\"name\":\"Arabian Mood\",\"description\":\"\",\"publisher\":{\"@id\":\"https:\\\/\\\/arabian-mood.com\\\/#organization\"},\"potentialAction\":[{\"@type\":\"SearchAction\",\"target\":{\"@type\":\"EntryPoint\",\"urlTemplate\":\"https:\\\/\\\/arabian-mood.com\\\/?s={search_term_string}\"},\"query-input\":{\"@type\":\"PropertyValueSpecification\",\"valueRequired\":true,\"valueName\":\"search_term_string\"}}],\"inLanguage\":\"nl-NL\"},{\"@type\":\"Organization\",\"@id\":\"https:\\\/\\\/arabian-mood.com\\\/#organization\",\"name\":\"Arabian Mood\",\"url\":\"https:\\\/\\\/arabian-mood.com\\\/\",\"logo\":{\"@type\":\"ImageObject\",\"inLanguage\":\"nl-NL\",\"@id\":\"https:\\\/\\\/arabian-mood.com\\\/#\\\/schema\\\/logo\\\/image\\\/\",\"url\":\"https:\\\/\\\/arabian-mood.com\\\/wp-content\\\/uploads\\\/2024\\\/09\\\/Groupe-11304.svg\",\"contentUrl\":\"https:\\\/\\\/arabian-mood.com\\\/wp-content\\\/uploads\\\/2024\\\/09\\\/Groupe-11304.svg\",\"width\":214,\"height\":27,\"caption\":\"Arabian Mood\"},\"image\":{\"@id\":\"https:\\\/\\\/arabian-mood.com\\\/#\\\/schema\\\/logo\\\/image\\\/\"},\"sameAs\":[\"https:\\\/\\\/www.instagram.com\\\/arabianmoodofficiel\\\/\"]}]}<\/script>\n<!-- \/ Yoast SEO plugin. -->","yoast_head_json":{"title":"Nebras | Eau de parfum voor dames en heren 100 ml | Lattafa","description":"Een boeiende zintuiglijke reis wacht op u met Nebras Lattafa, een geur die kracht en delicatesse combineert. Betoverende sillage en unieke signatuur.","robots":{"index":"index","follow":"follow","max-snippet":"max-snippet:-1","max-image-preview":"max-image-preview:large","max-video-preview":"max-video-preview:-1"},"canonical":"https:\/\/arabian-mood.com\/nl\/product-2\/nebras-lattafa\/","og_locale":"nl_NL","og_type":"article","og_title":"Nebras | Eau de parfum mixte 100 ml | Lattafa","og_description":"Un voyage sensoriel captivant vous attend avec Nebras Lattafa, une fragrance qui m\u00e8le puissance et d\u00e9licatesse. Sillage envo\u00fbtant et signature unique.","og_url":"https:\/\/arabian-mood.com\/nl\/product-2\/nebras-lattafa\/","og_site_name":"Arabian Mood","article_modified_time":"2025-12-03T16:05:20+00:00","og_image":[{"width":900,"height":900,"url":"https:\/\/arabian-mood.com\/wp-content\/uploads\/2024\/10\/nebras-lattafa.png","type":"image\/png"}],"twitter_card":"summary_large_image","twitter_misc":{"Geschatte leestijd":"2 minuten"},"schema":{"@context":"https:\/\/schema.org","@graph":[{"@type":"WebPage","@id":"https:\/\/arabian-mood.com\/produit\/nebras-lattafa\/","url":"https:\/\/arabian-mood.com\/produit\/nebras-lattafa\/","name":"Nebras | Eau de parfum voor dames en heren 100 ml | Lattafa","isPartOf":{"@id":"https:\/\/arabian-mood.com\/#website"},"primaryImageOfPage":{"@id":"https:\/\/arabian-mood.com\/produit\/nebras-lattafa\/#primaryimage"},"image":{"@id":"https:\/\/arabian-mood.com\/produit\/nebras-lattafa\/#primaryimage"},"thumbnailUrl":"https:\/\/arabian-mood.com\/wp-content\/uploads\/2024\/10\/nebras-lattafa.png","datePublished":"2024-10-19T12:09:42+00:00","dateModified":"2025-12-03T16:05:20+00:00","description":"Een boeiende zintuiglijke reis wacht op u met Nebras Lattafa, een geur die kracht en delicatesse combineert. Betoverende sillage en unieke signatuur.","breadcrumb":{"@id":"https:\/\/arabian-mood.com\/produit\/nebras-lattafa\/#breadcrumb"},"inLanguage":"nl-NL","potentialAction":[{"@type":"ReadAction","target":["https:\/\/arabian-mood.com\/produit\/nebras-lattafa\/"]}]},{"@type":"ImageObject","inLanguage":"nl-NL","@id":"https:\/\/arabian-mood.com\/produit\/nebras-lattafa\/#primaryimage","url":"https:\/\/arabian-mood.com\/wp-content\/uploads\/2024\/10\/nebras-lattafa.png","contentUrl":"https:\/\/arabian-mood.com\/wp-content\/uploads\/2024\/10\/nebras-lattafa.png","width":900,"height":900,"caption":"flacon du parfum Nebras Lattafa"},{"@type":"BreadcrumbList","@id":"https:\/\/arabian-mood.com\/produit\/nebras-lattafa\/#breadcrumb","itemListElement":[{"@type":"ListItem","position":1,"name":"Accueil","item":"https:\/\/arabian-mood.com\/"},{"@type":"ListItem","position":2,"name":"Boutique","item":"https:\/\/arabian-mood.com\/boutique\/"},{"@type":"ListItem","position":3,"name":"Nebras &#8211; Lattafa"}]},{"@type":"WebSite","@id":"https:\/\/arabian-mood.com\/#website","url":"https:\/\/arabian-mood.com\/","name":"Arabische Sfeer","description":"","publisher":{"@id":"https:\/\/arabian-mood.com\/#organization"},"potentialAction":[{"@type":"SearchAction","target":{"@type":"EntryPoint","urlTemplate":"https:\/\/arabian-mood.com\/?s={search_term_string}"},"query-input":{"@type":"PropertyValueSpecification","valueRequired":true,"valueName":"search_term_string"}}],"inLanguage":"nl-NL"},{"@type":"Organization","@id":"https:\/\/arabian-mood.com\/#organization","name":"Arabische Sfeer","url":"https:\/\/arabian-mood.com\/","logo":{"@type":"ImageObject","inLanguage":"nl-NL","@id":"https:\/\/arabian-mood.com\/#\/schema\/logo\/image\/","url":"https:\/\/arabian-mood.com\/wp-content\/uploads\/2024\/09\/Groupe-11304.svg","contentUrl":"https:\/\/arabian-mood.com\/wp-content\/uploads\/2024\/09\/Groupe-11304.svg","width":214,"height":27,"caption":"Arabian Mood"},"image":{"@id":"https:\/\/arabian-mood.com\/#\/schema\/logo\/image\/"},"sameAs":["https:\/\/www.instagram.com\/arabianmoodofficiel\/"]}]}},"_links":{"self":[{"href":"https:\/\/arabian-mood.com\/nl\/wp-json\/wp\/v2\/product\/8376","targetHints":{"allow":["GET"]}}],"collection":[{"href":"https:\/\/arabian-mood.com\/nl\/wp-json\/wp\/v2\/product"}],"about":[{"href":"https:\/\/arabian-mood.com\/nl\/wp-json\/wp\/v2\/types\/product"}],"wp:featuredmedia":[{"embeddable":true,"href":"https:\/\/arabian-mood.com\/nl\/wp-json\/wp\/v2\/media\/8377"}],"wp:attachment":[{"href":"https:\/\/arabian-mood.com\/nl\/wp-json\/wp\/v2\/media?parent=8376"}],"wp:term":[{"taxonomy":"product_brand","embeddable":true,"href":"https:\/\/arabian-mood.com\/nl\/wp-json\/wp\/v2\/product_brand?post=8376"},{"taxonomy":"product_cat","embeddable":true,"href":"https:\/\/arabian-mood.com\/nl\/wp-json\/wp\/v2\/product_cat?post=8376"},{"taxonomy":"product_tag","embeddable":true,"href":"https:\/\/arabian-mood.com\/nl\/wp-json\/wp\/v2\/product_tag?post=8376"}],"curies":[{"name":"wp","href":"https:\/\/api.w.org\/{rel}","templated":true}]}}