{"id":8487,"date":"2024-11-07T14:46:22","date_gmt":"2024-11-07T13:46:22","guid":{"rendered":"https:\/\/arabian-mood.com\/?post_type=product&#038;p=8487"},"modified":"2026-01-20T12:32:52","modified_gmt":"2026-01-20T11:32:52","slug":"fluweel-donna-geurwereld","status":"publish","type":"product","link":"https:\/\/arabian-mood.com\/nl\/produit\/velvet-donna-fragrance-world\/","title":{"rendered":"Velvet Donna \u2013 Fragrance World"},"content":{"rendered":"<p>Velvet Donna is een verleidelijke en intieme geur die opent met een vleugje fijne fruitige noten die harmonieus samengaan met zoete en bloemige boeketten van kers, jasmijn en roos. In de vurige vlammen van zijn hart verbergt zich een rokerig leer dat contrasteert met de frisse, lentachtige noten van kruiden en lelietjes van dalen, die gracieus rusten in lactonische en romige akkoorden. In de basis bevindt zich een diepe en uitnodigende mix van zoete chocolade, warme amber, dierlijke muskus, fris en licht kamferachtig cederhout met robuuste, houtachtige harsachtige noten.<\/p>\n<p>Een sensuele geur die inspeelt op emoties en je verbeelding prikkelt.<\/p>\n<p>&nbsp;<\/p>\n<p><strong>ge\u00efnspireerd op Sospiro Prima Donna<\/strong><\/p>","protected":false},"excerpt":{"rendered":"<p><strong>Topnoten:<\/strong> Fruitige noten, Kers, Jasmijn, Roos<br \/>\n<strong>Hartnoten:<\/strong> Muguet, Leer, Kruidige noten, Melk<br \/>\n<strong>Achtergrondnotities:<\/strong> Muskus, Amber, Chocolade, Ceder<\/p>","protected":false},"featured_media":8488,"template":"","meta":[],"product_brand":[],"product_cat":[591],"product_tag":[],"class_list":{"0":"post-8487","1":"product","2":"type-product","3":"status-publish","4":"has-post-thumbnail","6":"product_cat-rupture-de-stock","8":"first","9":"outofstock","10":"sale","11":"taxable","12":"shipping-taxable","13":"purchasable","14":"product-type-simple"},"yoast_head":"<!-- This site is optimized with the Yoast SEO plugin v27.4 - https:\/\/yoast.com\/product\/yoast-seo-wordpress\/ -->\n<title>Velvet Donna - Fragrance World - Arabian Mood<\/title>\n<meta name=\"robots\" content=\"index, follow, max-snippet:-1, max-image-preview:large, max-video-preview:-1\" \/>\n<link rel=\"canonical\" href=\"https:\/\/arabian-mood.com\/nl\/product-2\/fluweel-donna-geurwereld\/\" \/>\n<meta property=\"og:locale\" content=\"nl_NL\" \/>\n<meta property=\"og:type\" content=\"article\" \/>\n<meta property=\"og:title\" content=\"Velvet Donna - Fragrance World - Arabian Mood\" \/>\n<meta property=\"og:description\" content=\"Notes de t\u00eate: Notes fruit\u00e9es, Cerise, Jasmin, Rose Notes de coeur: Muguet, Cuir, Notes herbac\u00e9es, Lait Notes de fond: Musc, Ambre, Chocolat, C\u00e8dre\" \/>\n<meta property=\"og:url\" content=\"https:\/\/arabian-mood.com\/nl\/product-2\/fluweel-donna-geurwereld\/\" \/>\n<meta property=\"og:site_name\" content=\"Arabian Mood\" \/>\n<meta property=\"article:modified_time\" content=\"2026-01-20T11:32:52+00:00\" \/>\n<meta property=\"og:image\" content=\"https:\/\/arabian-mood.com\/wp-content\/uploads\/2024\/11\/velvet-donna.png\" \/>\n\t<meta property=\"og:image:width\" content=\"900\" \/>\n\t<meta property=\"og:image:height\" content=\"900\" \/>\n\t<meta property=\"og:image:type\" content=\"image\/png\" \/>\n<meta name=\"twitter:card\" content=\"summary_large_image\" \/>\n<meta name=\"twitter:label1\" content=\"Geschatte leestijd\" \/>\n\t<meta name=\"twitter:data1\" content=\"1 minuut\" \/>\n<script type=\"application\/ld+json\" class=\"yoast-schema-graph\">{\"@context\":\"https:\\\/\\\/schema.org\",\"@graph\":[{\"@type\":\"WebPage\",\"@id\":\"https:\\\/\\\/arabian-mood.com\\\/produit\\\/velvet-donna-fragrance-world\\\/\",\"url\":\"https:\\\/\\\/arabian-mood.com\\\/produit\\\/velvet-donna-fragrance-world\\\/\",\"name\":\"Velvet Donna - Fragrance World - Arabian Mood\",\"isPartOf\":{\"@id\":\"https:\\\/\\\/arabian-mood.com\\\/#website\"},\"primaryImageOfPage\":{\"@id\":\"https:\\\/\\\/arabian-mood.com\\\/produit\\\/velvet-donna-fragrance-world\\\/#primaryimage\"},\"image\":{\"@id\":\"https:\\\/\\\/arabian-mood.com\\\/produit\\\/velvet-donna-fragrance-world\\\/#primaryimage\"},\"thumbnailUrl\":\"https:\\\/\\\/arabian-mood.com\\\/wp-content\\\/uploads\\\/2024\\\/11\\\/velvet-donna.png\",\"datePublished\":\"2024-11-07T13:46:22+00:00\",\"dateModified\":\"2026-01-20T11:32:52+00:00\",\"breadcrumb\":{\"@id\":\"https:\\\/\\\/arabian-mood.com\\\/produit\\\/velvet-donna-fragrance-world\\\/#breadcrumb\"},\"inLanguage\":\"nl-NL\",\"potentialAction\":[{\"@type\":\"ReadAction\",\"target\":[\"https:\\\/\\\/arabian-mood.com\\\/produit\\\/velvet-donna-fragrance-world\\\/\"]}]},{\"@type\":\"ImageObject\",\"inLanguage\":\"nl-NL\",\"@id\":\"https:\\\/\\\/arabian-mood.com\\\/produit\\\/velvet-donna-fragrance-world\\\/#primaryimage\",\"url\":\"https:\\\/\\\/arabian-mood.com\\\/wp-content\\\/uploads\\\/2024\\\/11\\\/velvet-donna.png\",\"contentUrl\":\"https:\\\/\\\/arabian-mood.com\\\/wp-content\\\/uploads\\\/2024\\\/11\\\/velvet-donna.png\",\"width\":900,\"height\":900},{\"@type\":\"BreadcrumbList\",\"@id\":\"https:\\\/\\\/arabian-mood.com\\\/produit\\\/velvet-donna-fragrance-world\\\/#breadcrumb\",\"itemListElement\":[{\"@type\":\"ListItem\",\"position\":1,\"name\":\"Accueil\",\"item\":\"https:\\\/\\\/arabian-mood.com\\\/\"},{\"@type\":\"ListItem\",\"position\":2,\"name\":\"Boutique\",\"item\":\"https:\\\/\\\/arabian-mood.com\\\/boutique\\\/\"},{\"@type\":\"ListItem\",\"position\":3,\"name\":\"Velvet Donna &#8211; Fragrance World\"}]},{\"@type\":\"WebSite\",\"@id\":\"https:\\\/\\\/arabian-mood.com\\\/#website\",\"url\":\"https:\\\/\\\/arabian-mood.com\\\/\",\"name\":\"Arabian Mood\",\"description\":\"\",\"publisher\":{\"@id\":\"https:\\\/\\\/arabian-mood.com\\\/#organization\"},\"potentialAction\":[{\"@type\":\"SearchAction\",\"target\":{\"@type\":\"EntryPoint\",\"urlTemplate\":\"https:\\\/\\\/arabian-mood.com\\\/?s={search_term_string}\"},\"query-input\":{\"@type\":\"PropertyValueSpecification\",\"valueRequired\":true,\"valueName\":\"search_term_string\"}}],\"inLanguage\":\"nl-NL\"},{\"@type\":\"Organization\",\"@id\":\"https:\\\/\\\/arabian-mood.com\\\/#organization\",\"name\":\"Arabian Mood\",\"url\":\"https:\\\/\\\/arabian-mood.com\\\/\",\"logo\":{\"@type\":\"ImageObject\",\"inLanguage\":\"nl-NL\",\"@id\":\"https:\\\/\\\/arabian-mood.com\\\/#\\\/schema\\\/logo\\\/image\\\/\",\"url\":\"https:\\\/\\\/arabian-mood.com\\\/wp-content\\\/uploads\\\/2024\\\/09\\\/Groupe-11304.svg\",\"contentUrl\":\"https:\\\/\\\/arabian-mood.com\\\/wp-content\\\/uploads\\\/2024\\\/09\\\/Groupe-11304.svg\",\"width\":214,\"height\":27,\"caption\":\"Arabian Mood\"},\"image\":{\"@id\":\"https:\\\/\\\/arabian-mood.com\\\/#\\\/schema\\\/logo\\\/image\\\/\"},\"sameAs\":[\"https:\\\/\\\/www.instagram.com\\\/arabianmoodofficiel\\\/\"]}]}<\/script>\n<!-- \/ Yoast SEO plugin. -->","yoast_head_json":{"title":"Velvet Donna - Fragrance World - Arabische Sfeer","robots":{"index":"index","follow":"follow","max-snippet":"max-snippet:-1","max-image-preview":"max-image-preview:large","max-video-preview":"max-video-preview:-1"},"canonical":"https:\/\/arabian-mood.com\/nl\/product-2\/fluweel-donna-geurwereld\/","og_locale":"nl_NL","og_type":"article","og_title":"Velvet Donna - Fragrance World - Arabian Mood","og_description":"Notes de t\u00eate: Notes fruit\u00e9es, Cerise, Jasmin, Rose Notes de coeur: Muguet, Cuir, Notes herbac\u00e9es, Lait Notes de fond: Musc, Ambre, Chocolat, C\u00e8dre","og_url":"https:\/\/arabian-mood.com\/nl\/product-2\/fluweel-donna-geurwereld\/","og_site_name":"Arabian Mood","article_modified_time":"2026-01-20T11:32:52+00:00","og_image":[{"width":900,"height":900,"url":"https:\/\/arabian-mood.com\/wp-content\/uploads\/2024\/11\/velvet-donna.png","type":"image\/png"}],"twitter_card":"summary_large_image","twitter_misc":{"Geschatte leestijd":"1 minuut"},"schema":{"@context":"https:\/\/schema.org","@graph":[{"@type":"WebPage","@id":"https:\/\/arabian-mood.com\/produit\/velvet-donna-fragrance-world\/","url":"https:\/\/arabian-mood.com\/produit\/velvet-donna-fragrance-world\/","name":"Velvet Donna - Fragrance World - Arabische Sfeer","isPartOf":{"@id":"https:\/\/arabian-mood.com\/#website"},"primaryImageOfPage":{"@id":"https:\/\/arabian-mood.com\/produit\/velvet-donna-fragrance-world\/#primaryimage"},"image":{"@id":"https:\/\/arabian-mood.com\/produit\/velvet-donna-fragrance-world\/#primaryimage"},"thumbnailUrl":"https:\/\/arabian-mood.com\/wp-content\/uploads\/2024\/11\/velvet-donna.png","datePublished":"2024-11-07T13:46:22+00:00","dateModified":"2026-01-20T11:32:52+00:00","breadcrumb":{"@id":"https:\/\/arabian-mood.com\/produit\/velvet-donna-fragrance-world\/#breadcrumb"},"inLanguage":"nl-NL","potentialAction":[{"@type":"ReadAction","target":["https:\/\/arabian-mood.com\/produit\/velvet-donna-fragrance-world\/"]}]},{"@type":"ImageObject","inLanguage":"nl-NL","@id":"https:\/\/arabian-mood.com\/produit\/velvet-donna-fragrance-world\/#primaryimage","url":"https:\/\/arabian-mood.com\/wp-content\/uploads\/2024\/11\/velvet-donna.png","contentUrl":"https:\/\/arabian-mood.com\/wp-content\/uploads\/2024\/11\/velvet-donna.png","width":900,"height":900},{"@type":"BreadcrumbList","@id":"https:\/\/arabian-mood.com\/produit\/velvet-donna-fragrance-world\/#breadcrumb","itemListElement":[{"@type":"ListItem","position":1,"name":"Accueil","item":"https:\/\/arabian-mood.com\/"},{"@type":"ListItem","position":2,"name":"Boutique","item":"https:\/\/arabian-mood.com\/boutique\/"},{"@type":"ListItem","position":3,"name":"Velvet Donna &#8211; Fragrance World"}]},{"@type":"WebSite","@id":"https:\/\/arabian-mood.com\/#website","url":"https:\/\/arabian-mood.com\/","name":"Arabische Sfeer","description":"","publisher":{"@id":"https:\/\/arabian-mood.com\/#organization"},"potentialAction":[{"@type":"SearchAction","target":{"@type":"EntryPoint","urlTemplate":"https:\/\/arabian-mood.com\/?s={search_term_string}"},"query-input":{"@type":"PropertyValueSpecification","valueRequired":true,"valueName":"search_term_string"}}],"inLanguage":"nl-NL"},{"@type":"Organization","@id":"https:\/\/arabian-mood.com\/#organization","name":"Arabische Sfeer","url":"https:\/\/arabian-mood.com\/","logo":{"@type":"ImageObject","inLanguage":"nl-NL","@id":"https:\/\/arabian-mood.com\/#\/schema\/logo\/image\/","url":"https:\/\/arabian-mood.com\/wp-content\/uploads\/2024\/09\/Groupe-11304.svg","contentUrl":"https:\/\/arabian-mood.com\/wp-content\/uploads\/2024\/09\/Groupe-11304.svg","width":214,"height":27,"caption":"Arabian Mood"},"image":{"@id":"https:\/\/arabian-mood.com\/#\/schema\/logo\/image\/"},"sameAs":["https:\/\/www.instagram.com\/arabianmoodofficiel\/"]}]}},"_links":{"self":[{"href":"https:\/\/arabian-mood.com\/nl\/wp-json\/wp\/v2\/product\/8487","targetHints":{"allow":["GET"]}}],"collection":[{"href":"https:\/\/arabian-mood.com\/nl\/wp-json\/wp\/v2\/product"}],"about":[{"href":"https:\/\/arabian-mood.com\/nl\/wp-json\/wp\/v2\/types\/product"}],"wp:featuredmedia":[{"embeddable":true,"href":"https:\/\/arabian-mood.com\/nl\/wp-json\/wp\/v2\/media\/8488"}],"wp:attachment":[{"href":"https:\/\/arabian-mood.com\/nl\/wp-json\/wp\/v2\/media?parent=8487"}],"wp:term":[{"taxonomy":"product_brand","embeddable":true,"href":"https:\/\/arabian-mood.com\/nl\/wp-json\/wp\/v2\/product_brand?post=8487"},{"taxonomy":"product_cat","embeddable":true,"href":"https:\/\/arabian-mood.com\/nl\/wp-json\/wp\/v2\/product_cat?post=8487"},{"taxonomy":"product_tag","embeddable":true,"href":"https:\/\/arabian-mood.com\/nl\/wp-json\/wp\/v2\/product_tag?post=8487"}],"curies":[{"name":"wp","href":"https:\/\/api.w.org\/{rel}","templated":true}]}}