{"id":8533,"date":"2024-11-16T11:35:28","date_gmt":"2024-11-16T10:35:28","guid":{"rendered":"https:\/\/arabian-mood.com\/?post_type=product&#038;p=8533"},"modified":"2026-01-06T12:02:56","modified_gmt":"2026-01-06T11:02:56","slug":"angham-lattafa","status":"publish","type":"product","link":"https:\/\/arabian-mood.com\/nl\/produit\/angham-lattafa\/","title":{"rendered":"Angham \u2013 Lattafa"},"content":{"rendered":"<section id=\"product-5183\" class=\"product-details-main product type-product post-5183 status-publish first outofstock product_cat-new-launches has-post-thumbnail sale featured taxable shipping-taxable purchasable product-type-simple\">\n<div class=\"container\">\n<div class=\"row\">\n<div class=\"col-md-6\">\n<div class=\"product-inner-details-main\">\n<div id=\"module\">\n<p id=\"collapseExample\" class=\"collapse show\" aria-expanded=\"false\">Hier <strong>Angham<\/strong>, le <strong>parfum<\/strong> enchanteur de chez <strong>Lattafa<\/strong>. Cette symphonie olfactive m\u00e9lange les notes vibrantes du poivre rose, l&#8217;\u00e9l\u00e9gance du jasmin, le zeste du gingembre et la chaleur de la vanille. Laissez chaque note se r\u00e9unir dans une danse harmonieuse, captivant vos sens et \u00e9voquant la magie d&#8217;une m\u00e9lodie magnifiquement compos\u00e9e. Avec Angham, faites l&#8217;exp\u00e9rience de l&#8217;harmonie parfaite du parfum, et laissez la symphonie de ces notes vous enchanter.<\/p>\n<div class=\"read-wrap\"><\/div>\n<\/div>\n<\/div>\n<\/div>\n<\/div>\n<\/div>\n<\/section>\n<section class=\"product-main related-products\">\n<div class=\"container\">\n<div class=\"heading-golden text-center\"><\/div>\n<\/div>\n<\/section>","protected":false},"excerpt":{"rendered":"<p><strong>Topnoten:<\/strong> mandarine, gingembre, poivre rose<\/p>\n<p><strong>Hartnoten:<\/strong> Praline, Lavande, Cacao<\/p>\n<p><strong>Achtergrondnotities:<\/strong> musc, ambre, vanille<\/p>","protected":false},"featured_media":8534,"template":"","meta":[],"product_brand":[],"product_cat":[518,584,590,152,433],"product_tag":[],"class_list":{"0":"post-8533","1":"product","2":"type-product","3":"status-publish","4":"has-post-thumbnail","6":"product_cat-lattafa","7":"product_cat-parfum-dubai-femme","8":"product_cat-parfum-dubai-mixte","9":"product_cat-mixte","10":"product_cat-parfums-de-dubai","12":"first","13":"instock","14":"sale","15":"purchasable","16":"product-type-simple"},"yoast_head":"<!-- This site is optimized with the Yoast SEO plugin v27.4 - https:\/\/yoast.com\/product\/yoast-seo-wordpress\/ -->\n<title>Angham - Lattafa - Arabian Mood<\/title>\n<meta name=\"robots\" content=\"index, follow, max-snippet:-1, max-image-preview:large, max-video-preview:-1\" \/>\n<link rel=\"canonical\" href=\"https:\/\/arabian-mood.com\/nl\/product-2\/angham-lattafa\/\" \/>\n<meta property=\"og:locale\" content=\"nl_NL\" \/>\n<meta property=\"og:type\" content=\"article\" \/>\n<meta property=\"og:title\" content=\"Angham - Lattafa - Arabian Mood\" \/>\n<meta property=\"og:description\" content=\"Notes de t\u00eate : mandarine, gingembre, poivre rose  Notes de coeur : Praline, Lavande, Cacao  Notes de fond : musc, ambre, vanille\" \/>\n<meta property=\"og:url\" content=\"https:\/\/arabian-mood.com\/nl\/product-2\/angham-lattafa\/\" \/>\n<meta property=\"og:site_name\" content=\"Arabian Mood\" \/>\n<meta property=\"article:modified_time\" content=\"2026-01-06T11:02:56+00:00\" \/>\n<meta property=\"og:image\" content=\"https:\/\/arabian-mood.com\/wp-content\/uploads\/2024\/11\/angham-lattafa.png\" \/>\n\t<meta property=\"og:image:width\" content=\"900\" \/>\n\t<meta property=\"og:image:height\" content=\"900\" \/>\n\t<meta property=\"og:image:type\" content=\"image\/png\" \/>\n<meta name=\"twitter:card\" content=\"summary_large_image\" \/>\n<meta name=\"twitter:label1\" content=\"Est. reading time\" \/>\n\t<meta name=\"twitter:data1\" content=\"1 minuut\" \/>\n<script type=\"application\/ld+json\" class=\"yoast-schema-graph\">{\"@context\":\"https:\\\/\\\/schema.org\",\"@graph\":[{\"@type\":\"WebPage\",\"@id\":\"https:\\\/\\\/arabian-mood.com\\\/produit\\\/angham-lattafa\\\/\",\"url\":\"https:\\\/\\\/arabian-mood.com\\\/produit\\\/angham-lattafa\\\/\",\"name\":\"Angham - Lattafa - Arabian Mood\",\"isPartOf\":{\"@id\":\"https:\\\/\\\/arabian-mood.com\\\/#website\"},\"primaryImageOfPage\":{\"@id\":\"https:\\\/\\\/arabian-mood.com\\\/produit\\\/angham-lattafa\\\/#primaryimage\"},\"image\":{\"@id\":\"https:\\\/\\\/arabian-mood.com\\\/produit\\\/angham-lattafa\\\/#primaryimage\"},\"thumbnailUrl\":\"https:\\\/\\\/arabian-mood.com\\\/wp-content\\\/uploads\\\/2024\\\/11\\\/angham-lattafa.png\",\"datePublished\":\"2024-11-16T10:35:28+00:00\",\"dateModified\":\"2026-01-06T11:02:56+00:00\",\"breadcrumb\":{\"@id\":\"https:\\\/\\\/arabian-mood.com\\\/produit\\\/angham-lattafa\\\/#breadcrumb\"},\"inLanguage\":\"nl-NL\",\"potentialAction\":[{\"@type\":\"ReadAction\",\"target\":[\"https:\\\/\\\/arabian-mood.com\\\/produit\\\/angham-lattafa\\\/\"]}]},{\"@type\":\"ImageObject\",\"inLanguage\":\"nl-NL\",\"@id\":\"https:\\\/\\\/arabian-mood.com\\\/produit\\\/angham-lattafa\\\/#primaryimage\",\"url\":\"https:\\\/\\\/arabian-mood.com\\\/wp-content\\\/uploads\\\/2024\\\/11\\\/angham-lattafa.png\",\"contentUrl\":\"https:\\\/\\\/arabian-mood.com\\\/wp-content\\\/uploads\\\/2024\\\/11\\\/angham-lattafa.png\",\"width\":900,\"height\":900},{\"@type\":\"BreadcrumbList\",\"@id\":\"https:\\\/\\\/arabian-mood.com\\\/produit\\\/angham-lattafa\\\/#breadcrumb\",\"itemListElement\":[{\"@type\":\"ListItem\",\"position\":1,\"name\":\"Accueil\",\"item\":\"https:\\\/\\\/arabian-mood.com\\\/\"},{\"@type\":\"ListItem\",\"position\":2,\"name\":\"Boutique\",\"item\":\"https:\\\/\\\/arabian-mood.com\\\/boutique\\\/\"},{\"@type\":\"ListItem\",\"position\":3,\"name\":\"Angham &#8211; Lattafa\"}]},{\"@type\":\"WebSite\",\"@id\":\"https:\\\/\\\/arabian-mood.com\\\/#website\",\"url\":\"https:\\\/\\\/arabian-mood.com\\\/\",\"name\":\"Arabian Mood\",\"description\":\"\",\"publisher\":{\"@id\":\"https:\\\/\\\/arabian-mood.com\\\/#organization\"},\"potentialAction\":[{\"@type\":\"SearchAction\",\"target\":{\"@type\":\"EntryPoint\",\"urlTemplate\":\"https:\\\/\\\/arabian-mood.com\\\/?s={search_term_string}\"},\"query-input\":{\"@type\":\"PropertyValueSpecification\",\"valueRequired\":true,\"valueName\":\"search_term_string\"}}],\"inLanguage\":\"nl-NL\"},{\"@type\":\"Organization\",\"@id\":\"https:\\\/\\\/arabian-mood.com\\\/#organization\",\"name\":\"Arabian Mood\",\"url\":\"https:\\\/\\\/arabian-mood.com\\\/\",\"logo\":{\"@type\":\"ImageObject\",\"inLanguage\":\"nl-NL\",\"@id\":\"https:\\\/\\\/arabian-mood.com\\\/#\\\/schema\\\/logo\\\/image\\\/\",\"url\":\"https:\\\/\\\/arabian-mood.com\\\/wp-content\\\/uploads\\\/2024\\\/09\\\/Groupe-11304.svg\",\"contentUrl\":\"https:\\\/\\\/arabian-mood.com\\\/wp-content\\\/uploads\\\/2024\\\/09\\\/Groupe-11304.svg\",\"width\":214,\"height\":27,\"caption\":\"Arabian Mood\"},\"image\":{\"@id\":\"https:\\\/\\\/arabian-mood.com\\\/#\\\/schema\\\/logo\\\/image\\\/\"},\"sameAs\":[\"https:\\\/\\\/www.instagram.com\\\/arabianmoodofficiel\\\/\"]}]}<\/script>\n<!-- \/ Yoast SEO plugin. -->","yoast_head_json":{"title":"Angham - Lattafa - Arabian Mood","robots":{"index":"index","follow":"follow","max-snippet":"max-snippet:-1","max-image-preview":"max-image-preview:large","max-video-preview":"max-video-preview:-1"},"canonical":"https:\/\/arabian-mood.com\/nl\/product-2\/angham-lattafa\/","og_locale":"nl_NL","og_type":"article","og_title":"Angham - Lattafa - Arabian Mood","og_description":"Notes de t\u00eate : mandarine, gingembre, poivre rose  Notes de coeur : Praline, Lavande, Cacao  Notes de fond : musc, ambre, vanille","og_url":"https:\/\/arabian-mood.com\/nl\/product-2\/angham-lattafa\/","og_site_name":"Arabian Mood","article_modified_time":"2026-01-06T11:02:56+00:00","og_image":[{"width":900,"height":900,"url":"https:\/\/arabian-mood.com\/wp-content\/uploads\/2024\/11\/angham-lattafa.png","type":"image\/png"}],"twitter_card":"summary_large_image","twitter_misc":{"Est. reading time":"1 minuut"},"schema":{"@context":"https:\/\/schema.org","@graph":[{"@type":"WebPage","@id":"https:\/\/arabian-mood.com\/produit\/angham-lattafa\/","url":"https:\/\/arabian-mood.com\/produit\/angham-lattafa\/","name":"Angham - Lattafa - Arabian Mood","isPartOf":{"@id":"https:\/\/arabian-mood.com\/#website"},"primaryImageOfPage":{"@id":"https:\/\/arabian-mood.com\/produit\/angham-lattafa\/#primaryimage"},"image":{"@id":"https:\/\/arabian-mood.com\/produit\/angham-lattafa\/#primaryimage"},"thumbnailUrl":"https:\/\/arabian-mood.com\/wp-content\/uploads\/2024\/11\/angham-lattafa.png","datePublished":"2024-11-16T10:35:28+00:00","dateModified":"2026-01-06T11:02:56+00:00","breadcrumb":{"@id":"https:\/\/arabian-mood.com\/produit\/angham-lattafa\/#breadcrumb"},"inLanguage":"nl-NL","potentialAction":[{"@type":"ReadAction","target":["https:\/\/arabian-mood.com\/produit\/angham-lattafa\/"]}]},{"@type":"ImageObject","inLanguage":"nl-NL","@id":"https:\/\/arabian-mood.com\/produit\/angham-lattafa\/#primaryimage","url":"https:\/\/arabian-mood.com\/wp-content\/uploads\/2024\/11\/angham-lattafa.png","contentUrl":"https:\/\/arabian-mood.com\/wp-content\/uploads\/2024\/11\/angham-lattafa.png","width":900,"height":900},{"@type":"BreadcrumbList","@id":"https:\/\/arabian-mood.com\/produit\/angham-lattafa\/#breadcrumb","itemListElement":[{"@type":"ListItem","position":1,"name":"Accueil","item":"https:\/\/arabian-mood.com\/"},{"@type":"ListItem","position":2,"name":"Boutique","item":"https:\/\/arabian-mood.com\/boutique\/"},{"@type":"ListItem","position":3,"name":"Angham &#8211; Lattafa"}]},{"@type":"WebSite","@id":"https:\/\/arabian-mood.com\/#website","url":"https:\/\/arabian-mood.com\/","name":"Arabische Sfeer","description":"","publisher":{"@id":"https:\/\/arabian-mood.com\/#organization"},"potentialAction":[{"@type":"SearchAction","target":{"@type":"EntryPoint","urlTemplate":"https:\/\/arabian-mood.com\/?s={search_term_string}"},"query-input":{"@type":"PropertyValueSpecification","valueRequired":true,"valueName":"search_term_string"}}],"inLanguage":"nl-NL"},{"@type":"Organization","@id":"https:\/\/arabian-mood.com\/#organization","name":"Arabische Sfeer","url":"https:\/\/arabian-mood.com\/","logo":{"@type":"ImageObject","inLanguage":"nl-NL","@id":"https:\/\/arabian-mood.com\/#\/schema\/logo\/image\/","url":"https:\/\/arabian-mood.com\/wp-content\/uploads\/2024\/09\/Groupe-11304.svg","contentUrl":"https:\/\/arabian-mood.com\/wp-content\/uploads\/2024\/09\/Groupe-11304.svg","width":214,"height":27,"caption":"Arabian Mood"},"image":{"@id":"https:\/\/arabian-mood.com\/#\/schema\/logo\/image\/"},"sameAs":["https:\/\/www.instagram.com\/arabianmoodofficiel\/"]}]}},"_links":{"self":[{"href":"https:\/\/arabian-mood.com\/nl\/wp-json\/wp\/v2\/product\/8533","targetHints":{"allow":["GET"]}}],"collection":[{"href":"https:\/\/arabian-mood.com\/nl\/wp-json\/wp\/v2\/product"}],"about":[{"href":"https:\/\/arabian-mood.com\/nl\/wp-json\/wp\/v2\/types\/product"}],"wp:featuredmedia":[{"embeddable":true,"href":"https:\/\/arabian-mood.com\/nl\/wp-json\/wp\/v2\/media\/8534"}],"wp:attachment":[{"href":"https:\/\/arabian-mood.com\/nl\/wp-json\/wp\/v2\/media?parent=8533"}],"wp:term":[{"taxonomy":"product_brand","embeddable":true,"href":"https:\/\/arabian-mood.com\/nl\/wp-json\/wp\/v2\/product_brand?post=8533"},{"taxonomy":"product_cat","embeddable":true,"href":"https:\/\/arabian-mood.com\/nl\/wp-json\/wp\/v2\/product_cat?post=8533"},{"taxonomy":"product_tag","embeddable":true,"href":"https:\/\/arabian-mood.com\/nl\/wp-json\/wp\/v2\/product_tag?post=8533"}],"curies":[{"name":"wp","href":"https:\/\/api.w.org\/{rel}","templated":true}]}}