{"id":8607,"date":"2024-12-04T16:30:13","date_gmt":"2024-12-04T15:30:13","guid":{"rendered":"https:\/\/arabian-mood.com\/?post_type=product&#038;p=8607"},"modified":"2026-02-25T22:11:26","modified_gmt":"2026-02-25T21:11:26","slug":"taraf-arabian-oud-parfum","status":"publish","type":"product","link":"https:\/\/arabian-mood.com\/nl\/produit\/taraf-arabian-oud-parfum\/","title":{"rendered":"Taraf 100 ml \u2013 Arabian Oud"},"content":{"rendered":"<div>Stelt u zich voor dat u de lucht inademt van een paleis met gouden muren waar zelfs de tapijten meer kosten dan een auto. <strong>Taraf van Arabian Oud<\/strong> heeft het onmogelijke gerealiseerd, namelijk die olfactorische sfeer van absolute luxe vastleggen en in een flesje stoppen. Dit parfum speelt duidelijk niet in dezelfde categorie als uw gebruikelijke geuren. En toch kost het veel minder dan u zou denken.<\/div>\n<h2>Beschrijving van Taraf Arabian Oud, het parfum dat letterlijk naar Arabische luxe ruikt<\/h2>\n<div>Voor deze olfactorische compositie zette Arabian Oud in op de <strong>bergamot<\/strong>, maar niet zomaar een. Ze hebben namelijk gekozen voor de <strong>Italiaanse bergamot<\/strong>, degene die drie keer zoveel kost, maar onvergelijkbaar beter ruikt. Nauwelijks nadat je de parfum hebt aangebracht, ruik je die ultra-verfijnde citroenfrisheid die de hoofden doet draaien.<\/div>\n<div><\/div>\n<div>La <strong>sauge<\/strong> vervolgens komt dat aromatische kruidachtige aspect dat het effect vermijdt <strong>zoete oosterse parfum<\/strong> klassiek. Deze opening laat uw omgeving onmiddellijk begrijpen dat u geen goedkoop parfum draagt. Het ruikt naar luxe, punt.<\/div>\n<div><\/div>\n<div>Wil je weten waarom Taraf zo lekker ruikt? Omdat Arabian Oud daarvoor de... <strong>Bulgaarse roos<\/strong> authentiek. Deze roos kost ongeveer \u20ac 8.000 per kilo absolu. Dit is DE meest gezochte roos in <strong>fijnparfumerie<\/strong>. Degene die je vindt in de beroemdste geuren ter wereld.<\/div>\n<div><\/div>\n<div>Mais Taraf biedt u deze kwaliteit voor een fractie van de prijs. Wanneer deze roos zich in het hart van het parfum ontvouwt, heeft ze een diepte, een rijkdom, een adel die geen enkele synthetische roos kan evenaren. De <strong>rozemarijn<\/strong> ik begeleid het om te voorkomen dat het te bloemrijk wordt.<\/div>\n<div><\/div>\n<div>Dit is waar Taraf Arabian Oud je echt in de greep houdt: de basis. Leer brengt de dierlijke kracht die aan je huid kleeft. De <strong>cederhout<\/strong> structureer het geheel met een droge, mannelijke houtachtige facet. Tenslotte de\u2019<strong>amber<\/strong> omsluit al deze verslavende oosterse warmte. Deze basisnoot zorgt zo voor een houdbaarheid die gemakkelijk 10-12 uur overschrijdt.<\/div>\n<h3>Het geheim van Taraf dat Arabian Oud niet overal verkondigt<\/h3>\n<div>Het verhaal achter Taraf (wat \u201cultieme verfijning\u201d betekent) is werkelijk ongelooflijk. De parfumeurs lieten zich inspireren door een <strong>Arabisch paleis<\/strong> waar zelfs de muren met goud zijn versierd. Geen marketingmetafoor: een echt paleis gereserveerd voor <strong>koninklijke families<\/strong> evenals de grote forturnes van de Golf. Laat u ook verleiden door <a href=\"https:\/\/arabian-mood.com\/nl\/product-2\/madawi-witte-arabische-oud\/\"><strong>Madawi Wit<\/strong><\/a>, de nieuwste aanwinst van Arabian Oud verkrijgbaar bij Arabian Mood.<\/div>\n<div><\/div>\n<div>Ze wilden met name die geurambiance van absolute luxe vastleggen, die indruk die je krijgt als je de lucht opsnuift in die ruimtes waar elk detail voor uitmuntendheid is ontworpen. En eerlijk gezegd, ze zijn erin geslaagd.<\/div>\n<h3>Waarom is het zijn prijs waard?<\/h3>\n<div>Vergelijk met elke <strong>luxe westerse parfum<\/strong>. Een compositie met Italiaanse bergamot, authentieke Bulgaarse roos, edele leer, dat verkoopt veel duurder bij de grote Franse huizen. Daartegenover opent Taraf van Arabian Oud de deuren van de luxeparfumerie voor een ultra-toegankelijke prijs.<\/div>","protected":false},"excerpt":{"rendered":"<ul>\n<li><strong>Topnoten:<\/strong> Bergamot, Salie<\/li>\n<li><strong>Hartnoten:<\/strong> Roos van Bulgarije en Rozemarijn<\/li>\n<li><strong>Achtergrondnotities:<\/strong> Amber, Ceder, Leer.<\/li>\n<\/ul>\n<p><strong>Genre: <\/strong>gemengd<\/p>","protected":false},"featured_media":8608,"template":"","meta":[],"product_brand":[],"product_cat":[519,585,152,433],"product_tag":[],"class_list":{"0":"post-8607","1":"product","2":"type-product","3":"status-publish","4":"has-post-thumbnail","6":"product_cat-arabian-oud","7":"product_cat-parfum-dubai-homme","8":"product_cat-mixte","9":"product_cat-parfums-de-dubai","11":"first","12":"instock","13":"sale","14":"purchasable","15":"product-type-simple"},"yoast_head":"<!-- This site is optimized with the Yoast SEO plugin v27.4 - https:\/\/yoast.com\/product\/yoast-seo-wordpress\/ -->\n<title>Taraf Arabian Oud 100 ml | Eau de parfum pour homme et femme<\/title>\n<meta name=\"description\" content=\"D\u00e9couvrez l&#039;enchantement du parfum Taraf Arabian Oud, une fragrance qui transforme l&#039;exp\u00e9rience olfactive en un v\u00e9ritable voyage sensoriel.\" \/>\n<meta name=\"robots\" content=\"index, follow, max-snippet:-1, max-image-preview:large, max-video-preview:-1\" \/>\n<link rel=\"canonical\" href=\"https:\/\/arabian-mood.com\/nl\/product-2\/taraf-arabian-oud-parfum\/\" \/>\n<meta property=\"og:locale\" content=\"nl_NL\" \/>\n<meta property=\"og:type\" content=\"article\" \/>\n<meta property=\"og:title\" content=\"Taraf Arabian Oud 100 ml | Eau de parfum pour homme et femme\" \/>\n<meta property=\"og:description\" content=\"D\u00e9couvrez l&#039;enchantement du parfum Taraf Arabian Oud, une fragrance qui transforme l&#039;exp\u00e9rience olfactive en un v\u00e9ritable voyage sensoriel.\" \/>\n<meta property=\"og:url\" content=\"https:\/\/arabian-mood.com\/nl\/product-2\/taraf-arabian-oud-parfum\/\" \/>\n<meta property=\"og:site_name\" content=\"Arabian Mood\" \/>\n<meta property=\"article:modified_time\" content=\"2026-02-25T21:11:26+00:00\" \/>\n<meta property=\"og:image\" content=\"https:\/\/arabian-mood.com\/wp-content\/uploads\/2024\/12\/TARAF.png\" \/>\n\t<meta property=\"og:image:width\" content=\"900\" \/>\n\t<meta property=\"og:image:height\" content=\"900\" \/>\n\t<meta property=\"og:image:type\" content=\"image\/png\" \/>\n<meta name=\"twitter:card\" content=\"summary_large_image\" \/>\n<meta name=\"twitter:label1\" content=\"Geschatte leestijd\" \/>\n\t<meta name=\"twitter:data1\" content=\"3 minuten\" \/>\n<script type=\"application\/ld+json\" class=\"yoast-schema-graph\">{\"@context\":\"https:\\\/\\\/schema.org\",\"@graph\":[{\"@type\":\"WebPage\",\"@id\":\"https:\\\/\\\/arabian-mood.com\\\/produit\\\/taraf-arabian-oud-parfum\\\/\",\"url\":\"https:\\\/\\\/arabian-mood.com\\\/produit\\\/taraf-arabian-oud-parfum\\\/\",\"name\":\"Taraf Arabian Oud 100 ml | Eau de parfum pour homme et femme\",\"isPartOf\":{\"@id\":\"https:\\\/\\\/arabian-mood.com\\\/#website\"},\"primaryImageOfPage\":{\"@id\":\"https:\\\/\\\/arabian-mood.com\\\/produit\\\/taraf-arabian-oud-parfum\\\/#primaryimage\"},\"image\":{\"@id\":\"https:\\\/\\\/arabian-mood.com\\\/produit\\\/taraf-arabian-oud-parfum\\\/#primaryimage\"},\"thumbnailUrl\":\"https:\\\/\\\/arabian-mood.com\\\/wp-content\\\/uploads\\\/2024\\\/12\\\/TARAF.png\",\"datePublished\":\"2024-12-04T15:30:13+00:00\",\"dateModified\":\"2026-02-25T21:11:26+00:00\",\"description\":\"D\u00e9couvrez l'enchantement du parfum Taraf Arabian Oud, une fragrance qui transforme l'exp\u00e9rience olfactive en un v\u00e9ritable voyage sensoriel.\",\"breadcrumb\":{\"@id\":\"https:\\\/\\\/arabian-mood.com\\\/produit\\\/taraf-arabian-oud-parfum\\\/#breadcrumb\"},\"inLanguage\":\"nl-NL\",\"potentialAction\":[{\"@type\":\"ReadAction\",\"target\":[\"https:\\\/\\\/arabian-mood.com\\\/produit\\\/taraf-arabian-oud-parfum\\\/\"]}]},{\"@type\":\"ImageObject\",\"inLanguage\":\"nl-NL\",\"@id\":\"https:\\\/\\\/arabian-mood.com\\\/produit\\\/taraf-arabian-oud-parfum\\\/#primaryimage\",\"url\":\"https:\\\/\\\/arabian-mood.com\\\/wp-content\\\/uploads\\\/2024\\\/12\\\/TARAF.png\",\"contentUrl\":\"https:\\\/\\\/arabian-mood.com\\\/wp-content\\\/uploads\\\/2024\\\/12\\\/TARAF.png\",\"width\":900,\"height\":900,\"caption\":\"parfum mixte Arabian Oud\"},{\"@type\":\"BreadcrumbList\",\"@id\":\"https:\\\/\\\/arabian-mood.com\\\/produit\\\/taraf-arabian-oud-parfum\\\/#breadcrumb\",\"itemListElement\":[{\"@type\":\"ListItem\",\"position\":1,\"name\":\"Accueil\",\"item\":\"https:\\\/\\\/arabian-mood.com\\\/\"},{\"@type\":\"ListItem\",\"position\":2,\"name\":\"Boutique\",\"item\":\"https:\\\/\\\/arabian-mood.com\\\/boutique\\\/\"},{\"@type\":\"ListItem\",\"position\":3,\"name\":\"Taraf 100 ml &#8211; Arabian Oud\"}]},{\"@type\":\"WebSite\",\"@id\":\"https:\\\/\\\/arabian-mood.com\\\/#website\",\"url\":\"https:\\\/\\\/arabian-mood.com\\\/\",\"name\":\"Arabian Mood\",\"description\":\"\",\"publisher\":{\"@id\":\"https:\\\/\\\/arabian-mood.com\\\/#organization\"},\"potentialAction\":[{\"@type\":\"SearchAction\",\"target\":{\"@type\":\"EntryPoint\",\"urlTemplate\":\"https:\\\/\\\/arabian-mood.com\\\/?s={search_term_string}\"},\"query-input\":{\"@type\":\"PropertyValueSpecification\",\"valueRequired\":true,\"valueName\":\"search_term_string\"}}],\"inLanguage\":\"nl-NL\"},{\"@type\":\"Organization\",\"@id\":\"https:\\\/\\\/arabian-mood.com\\\/#organization\",\"name\":\"Arabian Mood\",\"url\":\"https:\\\/\\\/arabian-mood.com\\\/\",\"logo\":{\"@type\":\"ImageObject\",\"inLanguage\":\"nl-NL\",\"@id\":\"https:\\\/\\\/arabian-mood.com\\\/#\\\/schema\\\/logo\\\/image\\\/\",\"url\":\"https:\\\/\\\/arabian-mood.com\\\/wp-content\\\/uploads\\\/2024\\\/09\\\/Groupe-11304.svg\",\"contentUrl\":\"https:\\\/\\\/arabian-mood.com\\\/wp-content\\\/uploads\\\/2024\\\/09\\\/Groupe-11304.svg\",\"width\":214,\"height\":27,\"caption\":\"Arabian Mood\"},\"image\":{\"@id\":\"https:\\\/\\\/arabian-mood.com\\\/#\\\/schema\\\/logo\\\/image\\\/\"},\"sameAs\":[\"https:\\\/\\\/www.instagram.com\\\/arabianmoodofficiel\\\/\"]}]}<\/script>\n<!-- \/ Yoast SEO plugin. -->","yoast_head_json":{"title":"Taraf Arabian Oud 100 ml | Eau de parfum voor hem en haar","description":"Ontdek de betovering van Taraf Arabian Oud parfum, een geur die de olfactorische ervaring omtovert tot een ware zintuiglijke reis.","robots":{"index":"index","follow":"follow","max-snippet":"max-snippet:-1","max-image-preview":"max-image-preview:large","max-video-preview":"max-video-preview:-1"},"canonical":"https:\/\/arabian-mood.com\/nl\/product-2\/taraf-arabian-oud-parfum\/","og_locale":"nl_NL","og_type":"article","og_title":"Taraf Arabian Oud 100 ml | Eau de parfum pour homme et femme","og_description":"D\u00e9couvrez l'enchantement du parfum Taraf Arabian Oud, une fragrance qui transforme l'exp\u00e9rience olfactive en un v\u00e9ritable voyage sensoriel.","og_url":"https:\/\/arabian-mood.com\/nl\/product-2\/taraf-arabian-oud-parfum\/","og_site_name":"Arabian Mood","article_modified_time":"2026-02-25T21:11:26+00:00","og_image":[{"width":900,"height":900,"url":"https:\/\/arabian-mood.com\/wp-content\/uploads\/2024\/12\/TARAF.png","type":"image\/png"}],"twitter_card":"summary_large_image","twitter_misc":{"Geschatte leestijd":"3 minuten"},"schema":{"@context":"https:\/\/schema.org","@graph":[{"@type":"WebPage","@id":"https:\/\/arabian-mood.com\/produit\/taraf-arabian-oud-parfum\/","url":"https:\/\/arabian-mood.com\/produit\/taraf-arabian-oud-parfum\/","name":"Taraf Arabian Oud 100 ml | Eau de parfum voor hem en haar","isPartOf":{"@id":"https:\/\/arabian-mood.com\/#website"},"primaryImageOfPage":{"@id":"https:\/\/arabian-mood.com\/produit\/taraf-arabian-oud-parfum\/#primaryimage"},"image":{"@id":"https:\/\/arabian-mood.com\/produit\/taraf-arabian-oud-parfum\/#primaryimage"},"thumbnailUrl":"https:\/\/arabian-mood.com\/wp-content\/uploads\/2024\/12\/TARAF.png","datePublished":"2024-12-04T15:30:13+00:00","dateModified":"2026-02-25T21:11:26+00:00","description":"Ontdek de betovering van Taraf Arabian Oud parfum, een geur die de olfactorische ervaring omtovert tot een ware zintuiglijke reis.","breadcrumb":{"@id":"https:\/\/arabian-mood.com\/produit\/taraf-arabian-oud-parfum\/#breadcrumb"},"inLanguage":"nl-NL","potentialAction":[{"@type":"ReadAction","target":["https:\/\/arabian-mood.com\/produit\/taraf-arabian-oud-parfum\/"]}]},{"@type":"ImageObject","inLanguage":"nl-NL","@id":"https:\/\/arabian-mood.com\/produit\/taraf-arabian-oud-parfum\/#primaryimage","url":"https:\/\/arabian-mood.com\/wp-content\/uploads\/2024\/12\/TARAF.png","contentUrl":"https:\/\/arabian-mood.com\/wp-content\/uploads\/2024\/12\/TARAF.png","width":900,"height":900,"caption":"parfum mixte Arabian Oud"},{"@type":"BreadcrumbList","@id":"https:\/\/arabian-mood.com\/produit\/taraf-arabian-oud-parfum\/#breadcrumb","itemListElement":[{"@type":"ListItem","position":1,"name":"Accueil","item":"https:\/\/arabian-mood.com\/"},{"@type":"ListItem","position":2,"name":"Boutique","item":"https:\/\/arabian-mood.com\/boutique\/"},{"@type":"ListItem","position":3,"name":"Taraf 100 ml &#8211; Arabian Oud"}]},{"@type":"WebSite","@id":"https:\/\/arabian-mood.com\/#website","url":"https:\/\/arabian-mood.com\/","name":"Arabische Sfeer","description":"","publisher":{"@id":"https:\/\/arabian-mood.com\/#organization"},"potentialAction":[{"@type":"SearchAction","target":{"@type":"EntryPoint","urlTemplate":"https:\/\/arabian-mood.com\/?s={search_term_string}"},"query-input":{"@type":"PropertyValueSpecification","valueRequired":true,"valueName":"search_term_string"}}],"inLanguage":"nl-NL"},{"@type":"Organization","@id":"https:\/\/arabian-mood.com\/#organization","name":"Arabische Sfeer","url":"https:\/\/arabian-mood.com\/","logo":{"@type":"ImageObject","inLanguage":"nl-NL","@id":"https:\/\/arabian-mood.com\/#\/schema\/logo\/image\/","url":"https:\/\/arabian-mood.com\/wp-content\/uploads\/2024\/09\/Groupe-11304.svg","contentUrl":"https:\/\/arabian-mood.com\/wp-content\/uploads\/2024\/09\/Groupe-11304.svg","width":214,"height":27,"caption":"Arabian Mood"},"image":{"@id":"https:\/\/arabian-mood.com\/#\/schema\/logo\/image\/"},"sameAs":["https:\/\/www.instagram.com\/arabianmoodofficiel\/"]}]}},"_links":{"self":[{"href":"https:\/\/arabian-mood.com\/nl\/wp-json\/wp\/v2\/product\/8607","targetHints":{"allow":["GET"]}}],"collection":[{"href":"https:\/\/arabian-mood.com\/nl\/wp-json\/wp\/v2\/product"}],"about":[{"href":"https:\/\/arabian-mood.com\/nl\/wp-json\/wp\/v2\/types\/product"}],"wp:featuredmedia":[{"embeddable":true,"href":"https:\/\/arabian-mood.com\/nl\/wp-json\/wp\/v2\/media\/8608"}],"wp:attachment":[{"href":"https:\/\/arabian-mood.com\/nl\/wp-json\/wp\/v2\/media?parent=8607"}],"wp:term":[{"taxonomy":"product_brand","embeddable":true,"href":"https:\/\/arabian-mood.com\/nl\/wp-json\/wp\/v2\/product_brand?post=8607"},{"taxonomy":"product_cat","embeddable":true,"href":"https:\/\/arabian-mood.com\/nl\/wp-json\/wp\/v2\/product_cat?post=8607"},{"taxonomy":"product_tag","embeddable":true,"href":"https:\/\/arabian-mood.com\/nl\/wp-json\/wp\/v2\/product_tag?post=8607"}],"curies":[{"name":"wp","href":"https:\/\/api.w.org\/{rel}","templated":true}]}}