{"id":280,"date":"2021-09-29T15:51:39","date_gmt":"2021-09-29T13:51:39","guid":{"rendered":"https:\/\/arabian-mood.com\/?page_id=280"},"modified":"2025-09-24T11:45:49","modified_gmt":"2025-09-24T09:45:49","slug":"livraison","status":"publish","type":"page","link":"https:\/\/arabian-mood.com\/pt\/livraison\/","title":{"rendered":"Livraison"},"content":{"rendered":"<div data-elementor-type=\"wp-page\" data-elementor-id=\"280\" class=\"elementor elementor-280\">\n\t\t\t\t\t\t<section class=\"wd-negative-gap elementor-section elementor-top-section elementor-element elementor-element-a7d19db elementor-section-boxed elementor-section-height-default elementor-section-height-default\" data-id=\"a7d19db\" data-element_type=\"section\" data-e-type=\"section\" data-settings=\"{&quot;background_background&quot;:&quot;classic&quot;}\">\n\t\t\t\t\t\t<div class=\"elementor-container elementor-column-gap-default\">\n\t\t\t\t\t<div class=\"elementor-column elementor-col-100 elementor-top-column elementor-element elementor-element-c2c4bad\" data-id=\"c2c4bad\" data-element_type=\"column\" data-e-type=\"column\">\n\t\t\t<div class=\"elementor-widget-wrap elementor-element-populated\">\n\t\t\t\t\t\t<div class=\"elementor-element elementor-element-ed84411 elementor-widget elementor-widget-heading\" data-id=\"ed84411\" data-element_type=\"widget\" data-e-type=\"widget\" data-widget_type=\"heading.default\">\n\t\t\t\t<div class=\"elementor-widget-container\">\n\t\t\t\t\t<h2 class=\"elementor-heading-title elementor-size-default\">Ajoutez votre titre ici<\/h2>\t\t\t\t<\/div>\n\t\t\t\t<\/div>\n\t\t\t\t\t<\/div>\n\t\t<\/div>\n\t\t\t\t\t<\/div>\n\t\t<\/section>\n\t\t\t\t<section class=\"wd-negative-gap elementor-section elementor-top-section elementor-element elementor-element-ffe17c8 elementor-section-boxed elementor-section-height-default elementor-section-height-default\" data-id=\"ffe17c8\" data-element_type=\"section\" data-e-type=\"section\">\n\t\t\t\t\t\t<div class=\"elementor-container elementor-column-gap-default\">\n\t\t\t\t\t<div class=\"elementor-column elementor-col-100 elementor-top-column elementor-element elementor-element-c820501\" data-id=\"c820501\" data-element_type=\"column\" data-e-type=\"column\">\n\t\t\t<div class=\"elementor-widget-wrap elementor-element-populated\">\n\t\t\t\t\t\t<div class=\"elementor-element elementor-element-e2c829a color-scheme-inherit text-left elementor-widget elementor-widget-text-editor\" data-id=\"e2c829a\" data-element_type=\"widget\" data-e-type=\"widget\" data-widget_type=\"text-editor.default\">\n\t\t\t\t<div class=\"elementor-widget-container\">\n\t\t\t\t\t\t\t\t\t<p><strong>COLISSIMO<\/strong><\/p><p>Avec Colissimo, recevez votre colis \u00e0\u00a0<strong>l\u2019adresse de votre choix<\/strong>\u00a0s\u00e9lectionn\u00e9e lors de votre commande : chez vous, sur votre lieu de travail ou de vacances selon vos habitudes de vie.<\/p><p>Votre colis vous sera remis\u00a0<strong>en main propre ou dans votre bo\u00eete aux lettres<\/strong>. Si vous \u00eates absent et que votre bo\u00eete aux lettres n\u2019est pas assez grande, un avis de passage vous sera d\u00e9pos\u00e9 vous permettant de choisir sur internet une nouvelle date de livraison dans les 6 jours ouvr\u00e9s ou de r\u00e9cup\u00e9rer votre colis dans votre bureau de poste de rattachement, dans un d\u00e9lai de 15 jours.<\/p><p>D\u00e8s que votre commande quitte nos entrep\u00f4ts, vous avez\u00a0<strong>la possibilit\u00e9 de suivre l\u2019acheminement<\/strong>\u00a0de votre colis sur\u00a0<a href=\"http:\/\/www.laposte.fr\/\">laposte.fr<\/a>\u00a0gr\u00e2ce au num\u00e9ro de Colissimo que vous trouverez dans la rubrique\u00a0<a href=\"https:\/\/www.vertbaudet.fr\/commandes.aspx\">Mes commandes.<\/a><\/p><p><strong><br \/>MONDIAL RELAY<\/strong><\/p><p>Lors de votre commande, vous choisissez votre Point\u00a0Relais\u00ae parmi les\u00a0<strong>6\u00a0300 commer\u00e7ants partenaires<\/strong>. Il y en a forc\u00e9ment un \u00e0 moins de 10 minutes de chez vous\u00a0!<\/p><p>Mondial\u00a0Relay vous informe par mail et par sms de l\u2019arriv\u00e9e de votre colis dans votre Point\u00a0Relais\u00ae<\/p><p>En un clic dans le mail, vous connaissez les heures d\u2019ouverture de votre Point\u00a0Relais\u00ae.\u00a0<strong>100% sont ouverts le samedi, plus de 30% le dimanche<\/strong>\u00a0et beaucoup sont ouverts tard le soir.<\/p><p><strong>Votre colis vous attend 14 jours<\/strong>.<\/p><p><strong><br \/>UPS<\/strong><\/p><p>Votre colis est livr\u00e9 par UPS et vous est remis en mains propres.<\/p><p>La livraison comprend la d\u00e9pose du colis \u00e0 l\u2019adresse et l\u2019\u00e9tage indiqu\u00e9s sur la commande.<\/p><p>Les frais de livraison sont offerts pour toute commande sup\u00e9rieure ou \u00e9gale \u00e0 200\u20ac; ils sont offerts quels que soient le montant et le nombre de produits de votre commande.<\/p><p><strong>UPS livre du lundi au vendredi entre 9h et 17h, hors jours f\u00e9ri\u00e9s.<\/strong><\/p><p>Si vous \u00eates absent lors de la livraison, un avis de passage est d\u00e9pos\u00e9 dans votre bo\u00eete aux lettres.<\/p><p>Une nouvelle livraison est effectu\u00e9e le lendemain. Vous avez aussi la possibilit\u00e9 de contacter UPS pour fixer un autre cr\u00e9neau ou pour r\u00e9cup\u00e9rer votre colis au centre UPS le plus proche de chez vous. Le colis est conserv\u00e9 5 jours.<\/p><p>Si vous indiquez votre num\u00e9ro de portable lors de votre commande, nous vous informerons gratuitement par SMS du d\u00e9part de votre colis de notre entrep\u00f4t.<\/p>\t\t\t\t\t\t\t\t<\/div>\n\t\t\t\t<\/div>\n\t\t\t\t\t<\/div>\n\t\t<\/div>\n\t\t\t\t\t<\/div>\n\t\t<\/section>\n\t\t\t\t<\/div>","protected":false},"excerpt":{"rendered":"<p>COLISSIMO Avec Colissimo, recevez votre colis \u00e0\u00a0l\u2019adresse de votre choix\u00a0s\u00e9lectionn\u00e9e lors de votre commande : chez vous, sur votre lieu<\/p>","protected":false},"author":1,"featured_media":0,"parent":0,"menu_order":0,"comment_status":"closed","ping_status":"closed","template":"elementor_header_footer","meta":{"footnotes":""},"class_list":["post-280","page","type-page","status-publish","hentry"],"yoast_head":"<!-- This site is optimized with the Yoast SEO plugin v27.4 - https:\/\/yoast.com\/product\/yoast-seo-wordpress\/ -->\n<title>Livraison - Arabian Mood<\/title>\n<meta name=\"robots\" content=\"noindex, follow\" \/>\n<meta property=\"og:locale\" content=\"pt_PT\" \/>\n<meta property=\"og:type\" content=\"article\" \/>\n<meta property=\"og:title\" content=\"Livraison - Arabian Mood\" \/>\n<meta property=\"og:description\" content=\"COLISSIMO Avec Colissimo, recevez votre colis \u00e0\u00a0l\u2019adresse de votre choix\u00a0s\u00e9lectionn\u00e9e lors de votre commande : chez vous, sur votre lieu\" \/>\n<meta property=\"og:url\" content=\"https:\/\/arabian-mood.com\/pt\/livraison\/\" \/>\n<meta property=\"og:site_name\" content=\"Arabian Mood\" \/>\n<meta property=\"article:modified_time\" content=\"2025-09-24T09:45:49+00:00\" \/>\n<meta name=\"twitter:card\" content=\"summary_large_image\" \/>\n<meta name=\"twitter:label1\" content=\"Tempo estimado de leitura\" \/>\n\t<meta name=\"twitter:data1\" content=\"2 minutos\" \/>\n<script type=\"application\/ld+json\" class=\"yoast-schema-graph\">{\"@context\":\"https:\\\/\\\/schema.org\",\"@graph\":[{\"@type\":\"WebPage\",\"@id\":\"https:\\\/\\\/arabian-mood.com\\\/livraison\\\/\",\"url\":\"https:\\\/\\\/arabian-mood.com\\\/livraison\\\/\",\"name\":\"Livraison - Arabian Mood\",\"isPartOf\":{\"@id\":\"https:\\\/\\\/arabian-mood.com\\\/#website\"},\"datePublished\":\"2021-09-29T13:51:39+00:00\",\"dateModified\":\"2025-09-24T09:45:49+00:00\",\"breadcrumb\":{\"@id\":\"https:\\\/\\\/arabian-mood.com\\\/livraison\\\/#breadcrumb\"},\"inLanguage\":\"pt-PT\",\"potentialAction\":[{\"@type\":\"ReadAction\",\"target\":[\"https:\\\/\\\/arabian-mood.com\\\/livraison\\\/\"]}]},{\"@type\":\"BreadcrumbList\",\"@id\":\"https:\\\/\\\/arabian-mood.com\\\/livraison\\\/#breadcrumb\",\"itemListElement\":[{\"@type\":\"ListItem\",\"position\":1,\"name\":\"Accueil\",\"item\":\"https:\\\/\\\/arabian-mood.com\\\/\"},{\"@type\":\"ListItem\",\"position\":2,\"name\":\"Livraison\"}]},{\"@type\":\"WebSite\",\"@id\":\"https:\\\/\\\/arabian-mood.com\\\/#website\",\"url\":\"https:\\\/\\\/arabian-mood.com\\\/\",\"name\":\"Arabian Mood\",\"description\":\"\",\"publisher\":{\"@id\":\"https:\\\/\\\/arabian-mood.com\\\/#organization\"},\"potentialAction\":[{\"@type\":\"SearchAction\",\"target\":{\"@type\":\"EntryPoint\",\"urlTemplate\":\"https:\\\/\\\/arabian-mood.com\\\/?s={search_term_string}\"},\"query-input\":{\"@type\":\"PropertyValueSpecification\",\"valueRequired\":true,\"valueName\":\"search_term_string\"}}],\"inLanguage\":\"pt-PT\"},{\"@type\":\"Organization\",\"@id\":\"https:\\\/\\\/arabian-mood.com\\\/#organization\",\"name\":\"Arabian Mood\",\"url\":\"https:\\\/\\\/arabian-mood.com\\\/\",\"logo\":{\"@type\":\"ImageObject\",\"inLanguage\":\"pt-PT\",\"@id\":\"https:\\\/\\\/arabian-mood.com\\\/#\\\/schema\\\/logo\\\/image\\\/\",\"url\":\"https:\\\/\\\/arabian-mood.com\\\/wp-content\\\/uploads\\\/2024\\\/09\\\/Groupe-11304.svg\",\"contentUrl\":\"https:\\\/\\\/arabian-mood.com\\\/wp-content\\\/uploads\\\/2024\\\/09\\\/Groupe-11304.svg\",\"width\":214,\"height\":27,\"caption\":\"Arabian Mood\"},\"image\":{\"@id\":\"https:\\\/\\\/arabian-mood.com\\\/#\\\/schema\\\/logo\\\/image\\\/\"},\"sameAs\":[\"https:\\\/\\\/www.instagram.com\\\/arabianmoodofficiel\\\/\"]}]}<\/script>\n<!-- \/ Yoast SEO plugin. -->","yoast_head_json":{"title":"Livraison - Arabian Mood","robots":{"index":"noindex","follow":"follow"},"og_locale":"pt_PT","og_type":"article","og_title":"Livraison - Arabian Mood","og_description":"COLISSIMO Avec Colissimo, recevez votre colis \u00e0\u00a0l\u2019adresse de votre choix\u00a0s\u00e9lectionn\u00e9e lors de votre commande : chez vous, sur votre lieu","og_url":"https:\/\/arabian-mood.com\/pt\/livraison\/","og_site_name":"Arabian Mood","article_modified_time":"2025-09-24T09:45:49+00:00","twitter_card":"summary_large_image","twitter_misc":{"Tempo estimado de leitura":"2 minutos"},"schema":{"@context":"https:\/\/schema.org","@graph":[{"@type":"WebPage","@id":"https:\/\/arabian-mood.com\/livraison\/","url":"https:\/\/arabian-mood.com\/livraison\/","name":"Livraison - Arabian Mood","isPartOf":{"@id":"https:\/\/arabian-mood.com\/#website"},"datePublished":"2021-09-29T13:51:39+00:00","dateModified":"2025-09-24T09:45:49+00:00","breadcrumb":{"@id":"https:\/\/arabian-mood.com\/livraison\/#breadcrumb"},"inLanguage":"pt-PT","potentialAction":[{"@type":"ReadAction","target":["https:\/\/arabian-mood.com\/livraison\/"]}]},{"@type":"BreadcrumbList","@id":"https:\/\/arabian-mood.com\/livraison\/#breadcrumb","itemListElement":[{"@type":"ListItem","position":1,"name":"Accueil","item":"https:\/\/arabian-mood.com\/"},{"@type":"ListItem","position":2,"name":"Livraison"}]},{"@type":"WebSite","@id":"https:\/\/arabian-mood.com\/#website","url":"https:\/\/arabian-mood.com\/","name":"Ambiente \u00c1rabe","description":"","publisher":{"@id":"https:\/\/arabian-mood.com\/#organization"},"potentialAction":[{"@type":"SearchAction","target":{"@type":"EntryPoint","urlTemplate":"https:\/\/arabian-mood.com\/?s={search_term_string}"},"query-input":{"@type":"PropertyValueSpecification","valueRequired":true,"valueName":"search_term_string"}}],"inLanguage":"pt-PT"},{"@type":"Organization","@id":"https:\/\/arabian-mood.com\/#organization","name":"Ambiente \u00c1rabe","url":"https:\/\/arabian-mood.com\/","logo":{"@type":"ImageObject","inLanguage":"pt-PT","@id":"https:\/\/arabian-mood.com\/#\/schema\/logo\/image\/","url":"https:\/\/arabian-mood.com\/wp-content\/uploads\/2024\/09\/Groupe-11304.svg","contentUrl":"https:\/\/arabian-mood.com\/wp-content\/uploads\/2024\/09\/Groupe-11304.svg","width":214,"height":27,"caption":"Arabian Mood"},"image":{"@id":"https:\/\/arabian-mood.com\/#\/schema\/logo\/image\/"},"sameAs":["https:\/\/www.instagram.com\/arabianmoodofficiel\/"]}]}},"_links":{"self":[{"href":"https:\/\/arabian-mood.com\/pt\/wp-json\/wp\/v2\/pages\/280","targetHints":{"allow":["GET"]}}],"collection":[{"href":"https:\/\/arabian-mood.com\/pt\/wp-json\/wp\/v2\/pages"}],"about":[{"href":"https:\/\/arabian-mood.com\/pt\/wp-json\/wp\/v2\/types\/page"}],"author":[{"embeddable":true,"href":"https:\/\/arabian-mood.com\/pt\/wp-json\/wp\/v2\/users\/1"}],"replies":[{"embeddable":true,"href":"https:\/\/arabian-mood.com\/pt\/wp-json\/wp\/v2\/comments?post=280"}],"version-history":[{"count":5,"href":"https:\/\/arabian-mood.com\/pt\/wp-json\/wp\/v2\/pages\/280\/revisions"}],"predecessor-version":[{"id":2973,"href":"https:\/\/arabian-mood.com\/pt\/wp-json\/wp\/v2\/pages\/280\/revisions\/2973"}],"wp:attachment":[{"href":"https:\/\/arabian-mood.com\/pt\/wp-json\/wp\/v2\/media?parent=280"}],"curies":[{"name":"wp","href":"https:\/\/api.w.org\/{rel}","templated":true}]}}