{"id":10485,"date":"2026-02-02T09:29:34","date_gmt":"2026-02-02T08:29:34","guid":{"rendered":"https:\/\/arabian-mood.com\/?post_type=product&#038;p=10485"},"modified":"2026-02-02T09:42:09","modified_gmt":"2026-02-02T08:42:09","slug":"elixir-rosa-cereja-100-ml-colecao-boemio-volare","status":"publish","type":"product","link":"https:\/\/arabian-mood.com\/pt\/produit\/cherry-rose-elixir-100-ml-collection-bohemio-volare\/","title":{"rendered":"Cherry Ros\u00e9 Elixir 100 ml (Cole\u00e7\u00e3o Bo\u00e9mio) \u2013 Volar\u00e9"},"content":{"rendered":"","protected":false},"excerpt":{"rendered":"<p><strong>Notas de topo:<\/strong> Cereja sumarenta, Licor inebriante<br \/>\n<strong>Notas de cora\u00e7\u00e3o:<\/strong> Fondant de caramelo, Morango, Rosa turca, Xarope de cereja<br \/>\n<strong>Notas de fundo<\/strong> S\u00e2ndalo, Fava tonca, Baunilha sensual, Vetiver<\/p>\n<p><strong>G\u00e9nero:<\/strong> feminino<\/p>","protected":false},"featured_media":10486,"template":"","meta":[],"product_brand":[],"product_cat":[584,433,577],"product_tag":[],"class_list":{"0":"post-10485","1":"product","2":"type-product","3":"status-publish","4":"has-post-thumbnail","6":"product_cat-parfum-dubai-femme","7":"product_cat-parfums-de-dubai","8":"product_cat-volare","10":"first","11":"instock","12":"taxable","13":"shipping-taxable","14":"purchasable","15":"product-type-simple"},"yoast_head":"<!-- This site is optimized with the Yoast SEO plugin v27.4 - https:\/\/yoast.com\/product\/yoast-seo-wordpress\/ -->\n<title>Eau de parfum Cherry Ros\u00e9 Elixir 100 ml | Volar\u00e9<\/title>\n<meta name=\"description\" content=\"D\u00e9couvrez Bohemio Cherry Ros\u00e9 Elixir, un parfum gourmand de la collection Bohemio sign\u00e9 Volar\u00e9 : fruit\u00e9, sensuel et irr\u00e9sistible. Commandez-le maintenant !\" \/>\n<meta name=\"robots\" content=\"index, follow, max-snippet:-1, max-image-preview:large, max-video-preview:-1\" \/>\n<link rel=\"canonical\" href=\"https:\/\/arabian-mood.com\/pt\/product-2\/elixir-rosa-cereja-100-ml-colecao-boemio-volare\/\" \/>\n<meta property=\"og:locale\" content=\"pt_PT\" \/>\n<meta property=\"og:type\" content=\"article\" \/>\n<meta property=\"og:title\" content=\"Eau de parfum Cherry Ros\u00e9 Elixir 100 ml | Volar\u00e9\" \/>\n<meta property=\"og:description\" content=\"D\u00e9couvrez Bohemio Cherry Ros\u00e9 Elixir, un parfum gourmand de la collection Bohemio sign\u00e9 Volar\u00e9 : fruit\u00e9, sensuel et irr\u00e9sistible. Commandez-le maintenant !\" \/>\n<meta property=\"og:url\" content=\"https:\/\/arabian-mood.com\/pt\/product-2\/elixir-rosa-cereja-100-ml-colecao-boemio-volare\/\" \/>\n<meta property=\"og:site_name\" content=\"Arabian Mood\" \/>\n<meta property=\"article:modified_time\" content=\"2026-02-02T08:42:09+00:00\" \/>\n<meta property=\"og:image\" content=\"https:\/\/arabian-mood.com\/wp-content\/uploads\/2026\/02\/Cherry-Rose-Elixir.png\" \/>\n\t<meta property=\"og:image:width\" content=\"600\" \/>\n\t<meta property=\"og:image:height\" content=\"600\" \/>\n\t<meta property=\"og:image:type\" content=\"image\/png\" \/>\n<meta name=\"twitter:card\" content=\"summary_large_image\" \/>\n<meta name=\"twitter:label1\" content=\"Est. reading time\" \/>\n\t<meta name=\"twitter:data1\" content=\"1 minuto\" \/>\n<script type=\"application\/ld+json\" class=\"yoast-schema-graph\">{\"@context\":\"https:\\\/\\\/schema.org\",\"@graph\":[{\"@type\":\"WebPage\",\"@id\":\"https:\\\/\\\/arabian-mood.com\\\/produit\\\/cherry-rose-elixir-100-ml-collection-bohemio-volare\\\/\",\"url\":\"https:\\\/\\\/arabian-mood.com\\\/produit\\\/cherry-rose-elixir-100-ml-collection-bohemio-volare\\\/\",\"name\":\"Eau de parfum Cherry Ros\u00e9 Elixir 100 ml | Volar\u00e9\",\"isPartOf\":{\"@id\":\"https:\\\/\\\/arabian-mood.com\\\/#website\"},\"primaryImageOfPage\":{\"@id\":\"https:\\\/\\\/arabian-mood.com\\\/produit\\\/cherry-rose-elixir-100-ml-collection-bohemio-volare\\\/#primaryimage\"},\"image\":{\"@id\":\"https:\\\/\\\/arabian-mood.com\\\/produit\\\/cherry-rose-elixir-100-ml-collection-bohemio-volare\\\/#primaryimage\"},\"thumbnailUrl\":\"https:\\\/\\\/arabian-mood.com\\\/wp-content\\\/uploads\\\/2026\\\/02\\\/Cherry-Rose-Elixir.png\",\"datePublished\":\"2026-02-02T08:29:34+00:00\",\"dateModified\":\"2026-02-02T08:42:09+00:00\",\"description\":\"D\u00e9couvrez Bohemio Cherry Ros\u00e9 Elixir, un parfum gourmand de la collection Bohemio sign\u00e9 Volar\u00e9 : fruit\u00e9, sensuel et irr\u00e9sistible. Commandez-le maintenant !\",\"breadcrumb\":{\"@id\":\"https:\\\/\\\/arabian-mood.com\\\/produit\\\/cherry-rose-elixir-100-ml-collection-bohemio-volare\\\/#breadcrumb\"},\"inLanguage\":\"pt-PT\",\"potentialAction\":[{\"@type\":\"ReadAction\",\"target\":[\"https:\\\/\\\/arabian-mood.com\\\/produit\\\/cherry-rose-elixir-100-ml-collection-bohemio-volare\\\/\"]}]},{\"@type\":\"ImageObject\",\"inLanguage\":\"pt-PT\",\"@id\":\"https:\\\/\\\/arabian-mood.com\\\/produit\\\/cherry-rose-elixir-100-ml-collection-bohemio-volare\\\/#primaryimage\",\"url\":\"https:\\\/\\\/arabian-mood.com\\\/wp-content\\\/uploads\\\/2026\\\/02\\\/Cherry-Rose-Elixir.png\",\"contentUrl\":\"https:\\\/\\\/arabian-mood.com\\\/wp-content\\\/uploads\\\/2026\\\/02\\\/Cherry-Rose-Elixir.png\",\"width\":600,\"height\":600,\"caption\":\"Cherry Ros\u00e9 Elixir\"},{\"@type\":\"BreadcrumbList\",\"@id\":\"https:\\\/\\\/arabian-mood.com\\\/produit\\\/cherry-rose-elixir-100-ml-collection-bohemio-volare\\\/#breadcrumb\",\"itemListElement\":[{\"@type\":\"ListItem\",\"position\":1,\"name\":\"Accueil\",\"item\":\"https:\\\/\\\/arabian-mood.com\\\/\"},{\"@type\":\"ListItem\",\"position\":2,\"name\":\"Boutique\",\"item\":\"https:\\\/\\\/arabian-mood.com\\\/boutique\\\/\"},{\"@type\":\"ListItem\",\"position\":3,\"name\":\"Cherry Ros\u00e9 Elixir 100 ml (Collection Bohemio) &#8211; Volar\u00e9\"}]},{\"@type\":\"WebSite\",\"@id\":\"https:\\\/\\\/arabian-mood.com\\\/#website\",\"url\":\"https:\\\/\\\/arabian-mood.com\\\/\",\"name\":\"Arabian Mood\",\"description\":\"\",\"publisher\":{\"@id\":\"https:\\\/\\\/arabian-mood.com\\\/#organization\"},\"potentialAction\":[{\"@type\":\"SearchAction\",\"target\":{\"@type\":\"EntryPoint\",\"urlTemplate\":\"https:\\\/\\\/arabian-mood.com\\\/?s={search_term_string}\"},\"query-input\":{\"@type\":\"PropertyValueSpecification\",\"valueRequired\":true,\"valueName\":\"search_term_string\"}}],\"inLanguage\":\"pt-PT\"},{\"@type\":\"Organization\",\"@id\":\"https:\\\/\\\/arabian-mood.com\\\/#organization\",\"name\":\"Arabian Mood\",\"url\":\"https:\\\/\\\/arabian-mood.com\\\/\",\"logo\":{\"@type\":\"ImageObject\",\"inLanguage\":\"pt-PT\",\"@id\":\"https:\\\/\\\/arabian-mood.com\\\/#\\\/schema\\\/logo\\\/image\\\/\",\"url\":\"https:\\\/\\\/arabian-mood.com\\\/wp-content\\\/uploads\\\/2024\\\/09\\\/Groupe-11304.svg\",\"contentUrl\":\"https:\\\/\\\/arabian-mood.com\\\/wp-content\\\/uploads\\\/2024\\\/09\\\/Groupe-11304.svg\",\"width\":214,\"height\":27,\"caption\":\"Arabian Mood\"},\"image\":{\"@id\":\"https:\\\/\\\/arabian-mood.com\\\/#\\\/schema\\\/logo\\\/image\\\/\"},\"sameAs\":[\"https:\\\/\\\/www.instagram.com\\\/arabianmoodofficiel\\\/\"]}]}<\/script>\n<!-- \/ Yoast SEO plugin. -->","yoast_head_json":{"title":"Eau de parfum Cherry Ros\u00e9 Elixir 100 ml | Volar\u00e9","description":"Descubra o Bohemio Cherry Ros\u00e9 Elixir, uma fragr\u00e2ncia gulosa da cole\u00e7\u00e3o Bohemio assinada por Volar\u00e9: frutada, sensual e irresist\u00edvel. Pe\u00e7a j\u00e1!","robots":{"index":"index","follow":"follow","max-snippet":"max-snippet:-1","max-image-preview":"max-image-preview:large","max-video-preview":"max-video-preview:-1"},"canonical":"https:\/\/arabian-mood.com\/pt\/product-2\/elixir-rosa-cereja-100-ml-colecao-boemio-volare\/","og_locale":"pt_PT","og_type":"article","og_title":"Eau de parfum Cherry Ros\u00e9 Elixir 100 ml | Volar\u00e9","og_description":"D\u00e9couvrez Bohemio Cherry Ros\u00e9 Elixir, un parfum gourmand de la collection Bohemio sign\u00e9 Volar\u00e9 : fruit\u00e9, sensuel et irr\u00e9sistible. Commandez-le maintenant !","og_url":"https:\/\/arabian-mood.com\/pt\/product-2\/elixir-rosa-cereja-100-ml-colecao-boemio-volare\/","og_site_name":"Arabian Mood","article_modified_time":"2026-02-02T08:42:09+00:00","og_image":[{"width":600,"height":600,"url":"https:\/\/arabian-mood.com\/wp-content\/uploads\/2026\/02\/Cherry-Rose-Elixir.png","type":"image\/png"}],"twitter_card":"summary_large_image","twitter_misc":{"Est. reading time":"1 minuto"},"schema":{"@context":"https:\/\/schema.org","@graph":[{"@type":"WebPage","@id":"https:\/\/arabian-mood.com\/produit\/cherry-rose-elixir-100-ml-collection-bohemio-volare\/","url":"https:\/\/arabian-mood.com\/produit\/cherry-rose-elixir-100-ml-collection-bohemio-volare\/","name":"Eau de parfum Cherry Ros\u00e9 Elixir 100 ml | Volar\u00e9","isPartOf":{"@id":"https:\/\/arabian-mood.com\/#website"},"primaryImageOfPage":{"@id":"https:\/\/arabian-mood.com\/produit\/cherry-rose-elixir-100-ml-collection-bohemio-volare\/#primaryimage"},"image":{"@id":"https:\/\/arabian-mood.com\/produit\/cherry-rose-elixir-100-ml-collection-bohemio-volare\/#primaryimage"},"thumbnailUrl":"https:\/\/arabian-mood.com\/wp-content\/uploads\/2026\/02\/Cherry-Rose-Elixir.png","datePublished":"2026-02-02T08:29:34+00:00","dateModified":"2026-02-02T08:42:09+00:00","description":"Descubra o Bohemio Cherry Ros\u00e9 Elixir, uma fragr\u00e2ncia gulosa da cole\u00e7\u00e3o Bohemio assinada por Volar\u00e9: frutada, sensual e irresist\u00edvel. Pe\u00e7a j\u00e1!","breadcrumb":{"@id":"https:\/\/arabian-mood.com\/produit\/cherry-rose-elixir-100-ml-collection-bohemio-volare\/#breadcrumb"},"inLanguage":"pt-PT","potentialAction":[{"@type":"ReadAction","target":["https:\/\/arabian-mood.com\/produit\/cherry-rose-elixir-100-ml-collection-bohemio-volare\/"]}]},{"@type":"ImageObject","inLanguage":"pt-PT","@id":"https:\/\/arabian-mood.com\/produit\/cherry-rose-elixir-100-ml-collection-bohemio-volare\/#primaryimage","url":"https:\/\/arabian-mood.com\/wp-content\/uploads\/2026\/02\/Cherry-Rose-Elixir.png","contentUrl":"https:\/\/arabian-mood.com\/wp-content\/uploads\/2026\/02\/Cherry-Rose-Elixir.png","width":600,"height":600,"caption":"Cherry Ros\u00e9 Elixir"},{"@type":"BreadcrumbList","@id":"https:\/\/arabian-mood.com\/produit\/cherry-rose-elixir-100-ml-collection-bohemio-volare\/#breadcrumb","itemListElement":[{"@type":"ListItem","position":1,"name":"Accueil","item":"https:\/\/arabian-mood.com\/"},{"@type":"ListItem","position":2,"name":"Boutique","item":"https:\/\/arabian-mood.com\/boutique\/"},{"@type":"ListItem","position":3,"name":"Cherry Ros\u00e9 Elixir 100 ml (Collection Bohemio) &#8211; Volar\u00e9"}]},{"@type":"WebSite","@id":"https:\/\/arabian-mood.com\/#website","url":"https:\/\/arabian-mood.com\/","name":"Ambiente \u00c1rabe","description":"","publisher":{"@id":"https:\/\/arabian-mood.com\/#organization"},"potentialAction":[{"@type":"SearchAction","target":{"@type":"EntryPoint","urlTemplate":"https:\/\/arabian-mood.com\/?s={search_term_string}"},"query-input":{"@type":"PropertyValueSpecification","valueRequired":true,"valueName":"search_term_string"}}],"inLanguage":"pt-PT"},{"@type":"Organization","@id":"https:\/\/arabian-mood.com\/#organization","name":"Ambiente \u00c1rabe","url":"https:\/\/arabian-mood.com\/","logo":{"@type":"ImageObject","inLanguage":"pt-PT","@id":"https:\/\/arabian-mood.com\/#\/schema\/logo\/image\/","url":"https:\/\/arabian-mood.com\/wp-content\/uploads\/2024\/09\/Groupe-11304.svg","contentUrl":"https:\/\/arabian-mood.com\/wp-content\/uploads\/2024\/09\/Groupe-11304.svg","width":214,"height":27,"caption":"Arabian Mood"},"image":{"@id":"https:\/\/arabian-mood.com\/#\/schema\/logo\/image\/"},"sameAs":["https:\/\/www.instagram.com\/arabianmoodofficiel\/"]}]}},"_links":{"self":[{"href":"https:\/\/arabian-mood.com\/pt\/wp-json\/wp\/v2\/product\/10485","targetHints":{"allow":["GET"]}}],"collection":[{"href":"https:\/\/arabian-mood.com\/pt\/wp-json\/wp\/v2\/product"}],"about":[{"href":"https:\/\/arabian-mood.com\/pt\/wp-json\/wp\/v2\/types\/product"}],"wp:featuredmedia":[{"embeddable":true,"href":"https:\/\/arabian-mood.com\/pt\/wp-json\/wp\/v2\/media\/10486"}],"wp:attachment":[{"href":"https:\/\/arabian-mood.com\/pt\/wp-json\/wp\/v2\/media?parent=10485"}],"wp:term":[{"taxonomy":"product_brand","embeddable":true,"href":"https:\/\/arabian-mood.com\/pt\/wp-json\/wp\/v2\/product_brand?post=10485"},{"taxonomy":"product_cat","embeddable":true,"href":"https:\/\/arabian-mood.com\/pt\/wp-json\/wp\/v2\/product_cat?post=10485"},{"taxonomy":"product_tag","embeddable":true,"href":"https:\/\/arabian-mood.com\/pt\/wp-json\/wp\/v2\/product_tag?post=10485"}],"curies":[{"name":"wp","href":"https:\/\/api.w.org\/{rel}","templated":true}]}}