{"id":3926,"date":"2021-11-03T10:10:47","date_gmt":"2021-11-03T09:10:47","guid":{"rendered":"https:\/\/arabian-mood.com\/produit\/aseel-special-edition\/"},"modified":"2026-02-23T13:49:55","modified_gmt":"2026-02-23T12:49:55","slug":"aseel-edicao-especial","status":"publish","type":"product","link":"https:\/\/arabian-mood.com\/pt\/produit\/aseel-special-edition\/","title":{"rendered":"Edi\u00e7\u00e3o Especial Aseel 100 ml \u2013 Arabian Oud"},"content":{"rendered":"<p style=\"text-align: center;\">Aseel Special Edition da casa Arabian Oud \u00e9 um perfume sedutor, que n\u00e3o deixar\u00e1 de o deslumbrar. Suave e complexo, combina perfeitamente para ele e para ela.<\/p>\n<p style=\"text-align: center;\">De entrada, tangerina e nota de ozono interpretam uma sinfonia efervescente para os sentidos. Seguido por um cora\u00e7\u00e3o suave de rosa e flor de laranjeira. Finalmente, a gula toma forma com esta mistura perfeita de pralin\u00e9 e baunilha. Uma verdadeira arma de sedu\u00e7\u00e3o, o perfume Aseel Special Edition By Arabian Oud n\u00e3o deixar\u00e1 de o maravilhar.<\/p>\n<p style=\"text-align: center;\">Como \u00e9 habitual, a casa Arabian Oud tem o sentido do detalhe no seu ADN. Aqui, o perfume n\u00e3o \u00e9 apenas um simples cheiro, mas uma hist\u00f3ria que se vive. Com o seu luxuoso estojo em forma de ferradura,<span class=\"Apple-converted-space\">\u00a0 <\/span>Aseel Special Edition recorda-nos a paix\u00e3o equestre na cultura \u00e1rabe.<span class=\"Apple-converted-space\">\u00a0<\/span><\/p>\n<p style=\"text-align: center;\">A casa de perfumes Arabian Oud come\u00e7ou a sua hist\u00f3ria nos anos 80 no reino da Ar\u00e1bia. Entre tradi\u00e7\u00e3o e modernidade, a marca destacou-se rapidamente com o seu famoso ingrediente milenar, o \u00abOUD\u00bb.<\/p>\n<p style=\"text-align: center;\">De New-York a Kuala Lumpur, passando pela cidade luz, estes perfumistas souberam mudar os c\u00f3digos da perfumaria. Premiados em diversas ocasi\u00f5es no famoso festival FIFI AWARDS. .<\/p>","protected":false},"excerpt":{"rendered":"<div class=\"woocommerce-product-details__short-description\">\n<p><strong>Nota de topo<\/strong> Mandarina, Notas de ozono<br \/>\n<strong>Notas de cora\u00e7\u00e3o<\/strong> Flor de laranjeira, Rosa<br \/>\n<strong>Nota de fundo<\/strong> \u00c2mbar cinzento, Notas amadeiradas, Pralin\u00e9, Baunilha<\/p>\n<p><strong>G\u00e9nero:<\/strong> masculino<\/p>\n<\/div>","protected":false},"featured_media":7540,"template":"","meta":[],"product_brand":[],"product_cat":[519,152,433],"product_tag":[],"class_list":{"0":"post-3926","1":"product","2":"type-product","3":"status-publish","4":"has-post-thumbnail","6":"product_cat-arabian-oud","7":"product_cat-mixte","8":"product_cat-parfums-de-dubai","10":"first","11":"instock","12":"sale","13":"purchasable","14":"product-type-simple"},"yoast_head":"<!-- This site is optimized with the Yoast SEO plugin v27.4 - https:\/\/yoast.com\/product\/yoast-seo-wordpress\/ -->\n<title>Aseel Special Edition 100 ml | Arabian Oud<\/title>\n<meta name=\"description\" content=\"Un parfum cr\u00e9\u00e9 pour incarner le luxe selon Arabian Oud. Aseel Special Edition , d\u00e9peint une beaut\u00e9 olfactive qui vous envoutera.\" \/>\n<meta name=\"robots\" content=\"index, follow, max-snippet:-1, max-image-preview:large, max-video-preview:-1\" \/>\n<link rel=\"canonical\" href=\"https:\/\/arabian-mood.com\/pt\/product-2\/aseel-edicao-especial\/\" \/>\n<meta property=\"og:locale\" content=\"pt_PT\" \/>\n<meta property=\"og:type\" content=\"article\" \/>\n<meta property=\"og:title\" content=\"Aseel Special Edition 100 ml | Arabian Oud\" \/>\n<meta property=\"og:description\" content=\"Un parfum cr\u00e9\u00e9 pour incarner le luxe selon Arabian Oud. Aseel Special Edition , d\u00e9peint une beaut\u00e9 olfactive qui vous envoutera.\" \/>\n<meta property=\"og:url\" content=\"https:\/\/arabian-mood.com\/pt\/product-2\/aseel-edicao-especial\/\" \/>\n<meta property=\"og:site_name\" content=\"Arabian Mood\" \/>\n<meta property=\"article:modified_time\" content=\"2026-02-23T12:49:55+00:00\" \/>\n<meta property=\"og:image\" content=\"https:\/\/arabian-mood.com\/wp-content\/uploads\/2021\/11\/ASEEL-SPECIAL-EDITION-3.png\" \/>\n\t<meta property=\"og:image:width\" content=\"900\" \/>\n\t<meta property=\"og:image:height\" content=\"900\" \/>\n\t<meta property=\"og:image:type\" content=\"image\/png\" \/>\n<meta name=\"twitter:card\" content=\"summary_large_image\" \/>\n<meta name=\"twitter:label1\" content=\"Est. reading time\" \/>\n\t<meta name=\"twitter:data1\" content=\"2 minutos\" \/>\n<script type=\"application\/ld+json\" class=\"yoast-schema-graph\">{\"@context\":\"https:\\\/\\\/schema.org\",\"@graph\":[{\"@type\":\"WebPage\",\"@id\":\"https:\\\/\\\/arabian-mood.com\\\/produit\\\/aseel-special-edition\\\/\",\"url\":\"https:\\\/\\\/arabian-mood.com\\\/produit\\\/aseel-special-edition\\\/\",\"name\":\"Aseel Special Edition 100 ml | Arabian Oud\",\"isPartOf\":{\"@id\":\"https:\\\/\\\/arabian-mood.com\\\/#website\"},\"primaryImageOfPage\":{\"@id\":\"https:\\\/\\\/arabian-mood.com\\\/produit\\\/aseel-special-edition\\\/#primaryimage\"},\"image\":{\"@id\":\"https:\\\/\\\/arabian-mood.com\\\/produit\\\/aseel-special-edition\\\/#primaryimage\"},\"thumbnailUrl\":\"https:\\\/\\\/arabian-mood.com\\\/wp-content\\\/uploads\\\/2021\\\/11\\\/ASEEL-SPECIAL-EDITION-3.png\",\"datePublished\":\"2021-11-03T09:10:47+00:00\",\"dateModified\":\"2026-02-23T12:49:55+00:00\",\"description\":\"Un parfum cr\u00e9\u00e9 pour incarner le luxe selon Arabian Oud. Aseel Special Edition , d\u00e9peint une beaut\u00e9 olfactive qui vous envoutera.\",\"breadcrumb\":{\"@id\":\"https:\\\/\\\/arabian-mood.com\\\/produit\\\/aseel-special-edition\\\/#breadcrumb\"},\"inLanguage\":\"pt-PT\",\"potentialAction\":[{\"@type\":\"ReadAction\",\"target\":[\"https:\\\/\\\/arabian-mood.com\\\/produit\\\/aseel-special-edition\\\/\"]}]},{\"@type\":\"ImageObject\",\"inLanguage\":\"pt-PT\",\"@id\":\"https:\\\/\\\/arabian-mood.com\\\/produit\\\/aseel-special-edition\\\/#primaryimage\",\"url\":\"https:\\\/\\\/arabian-mood.com\\\/wp-content\\\/uploads\\\/2021\\\/11\\\/ASEEL-SPECIAL-EDITION-3.png\",\"contentUrl\":\"https:\\\/\\\/arabian-mood.com\\\/wp-content\\\/uploads\\\/2021\\\/11\\\/ASEEL-SPECIAL-EDITION-3.png\",\"width\":900,\"height\":900,\"caption\":\"PARFUM ASEEL SPECIAL EDITION\"},{\"@type\":\"BreadcrumbList\",\"@id\":\"https:\\\/\\\/arabian-mood.com\\\/produit\\\/aseel-special-edition\\\/#breadcrumb\",\"itemListElement\":[{\"@type\":\"ListItem\",\"position\":1,\"name\":\"Accueil\",\"item\":\"https:\\\/\\\/arabian-mood.com\\\/\"},{\"@type\":\"ListItem\",\"position\":2,\"name\":\"Boutique\",\"item\":\"https:\\\/\\\/arabian-mood.com\\\/boutique\\\/\"},{\"@type\":\"ListItem\",\"position\":3,\"name\":\"Aseel Special Edition 100 ml &#8211; Arabian Oud\"}]},{\"@type\":\"WebSite\",\"@id\":\"https:\\\/\\\/arabian-mood.com\\\/#website\",\"url\":\"https:\\\/\\\/arabian-mood.com\\\/\",\"name\":\"Arabian Mood\",\"description\":\"\",\"publisher\":{\"@id\":\"https:\\\/\\\/arabian-mood.com\\\/#organization\"},\"potentialAction\":[{\"@type\":\"SearchAction\",\"target\":{\"@type\":\"EntryPoint\",\"urlTemplate\":\"https:\\\/\\\/arabian-mood.com\\\/?s={search_term_string}\"},\"query-input\":{\"@type\":\"PropertyValueSpecification\",\"valueRequired\":true,\"valueName\":\"search_term_string\"}}],\"inLanguage\":\"pt-PT\"},{\"@type\":\"Organization\",\"@id\":\"https:\\\/\\\/arabian-mood.com\\\/#organization\",\"name\":\"Arabian Mood\",\"url\":\"https:\\\/\\\/arabian-mood.com\\\/\",\"logo\":{\"@type\":\"ImageObject\",\"inLanguage\":\"pt-PT\",\"@id\":\"https:\\\/\\\/arabian-mood.com\\\/#\\\/schema\\\/logo\\\/image\\\/\",\"url\":\"https:\\\/\\\/arabian-mood.com\\\/wp-content\\\/uploads\\\/2024\\\/09\\\/Groupe-11304.svg\",\"contentUrl\":\"https:\\\/\\\/arabian-mood.com\\\/wp-content\\\/uploads\\\/2024\\\/09\\\/Groupe-11304.svg\",\"width\":214,\"height\":27,\"caption\":\"Arabian Mood\"},\"image\":{\"@id\":\"https:\\\/\\\/arabian-mood.com\\\/#\\\/schema\\\/logo\\\/image\\\/\"},\"sameAs\":[\"https:\\\/\\\/www.instagram.com\\\/arabianmoodofficiel\\\/\"]}]}<\/script>\n<!-- \/ Yoast SEO plugin. -->","yoast_head_json":{"title":"Edi\u00e7\u00e3o Especial Aseel 100 ml | Arabian Oud","description":"Um perfume criado para incorporar o luxo segundo a Arabian Oud. Aseel Special Edition, retrata uma beleza olfativa que o ir\u00e1 envolver.","robots":{"index":"index","follow":"follow","max-snippet":"max-snippet:-1","max-image-preview":"max-image-preview:large","max-video-preview":"max-video-preview:-1"},"canonical":"https:\/\/arabian-mood.com\/pt\/product-2\/aseel-edicao-especial\/","og_locale":"pt_PT","og_type":"article","og_title":"Aseel Special Edition 100 ml | Arabian Oud","og_description":"Un parfum cr\u00e9\u00e9 pour incarner le luxe selon Arabian Oud. Aseel Special Edition , d\u00e9peint une beaut\u00e9 olfactive qui vous envoutera.","og_url":"https:\/\/arabian-mood.com\/pt\/product-2\/aseel-edicao-especial\/","og_site_name":"Arabian Mood","article_modified_time":"2026-02-23T12:49:55+00:00","og_image":[{"width":900,"height":900,"url":"https:\/\/arabian-mood.com\/wp-content\/uploads\/2021\/11\/ASEEL-SPECIAL-EDITION-3.png","type":"image\/png"}],"twitter_card":"summary_large_image","twitter_misc":{"Est. reading time":"2 minutos"},"schema":{"@context":"https:\/\/schema.org","@graph":[{"@type":"WebPage","@id":"https:\/\/arabian-mood.com\/produit\/aseel-special-edition\/","url":"https:\/\/arabian-mood.com\/produit\/aseel-special-edition\/","name":"Edi\u00e7\u00e3o Especial Aseel 100 ml | Arabian Oud","isPartOf":{"@id":"https:\/\/arabian-mood.com\/#website"},"primaryImageOfPage":{"@id":"https:\/\/arabian-mood.com\/produit\/aseel-special-edition\/#primaryimage"},"image":{"@id":"https:\/\/arabian-mood.com\/produit\/aseel-special-edition\/#primaryimage"},"thumbnailUrl":"https:\/\/arabian-mood.com\/wp-content\/uploads\/2021\/11\/ASEEL-SPECIAL-EDITION-3.png","datePublished":"2021-11-03T09:10:47+00:00","dateModified":"2026-02-23T12:49:55+00:00","description":"Um perfume criado para incorporar o luxo segundo a Arabian Oud. Aseel Special Edition, retrata uma beleza olfativa que o ir\u00e1 envolver.","breadcrumb":{"@id":"https:\/\/arabian-mood.com\/produit\/aseel-special-edition\/#breadcrumb"},"inLanguage":"pt-PT","potentialAction":[{"@type":"ReadAction","target":["https:\/\/arabian-mood.com\/produit\/aseel-special-edition\/"]}]},{"@type":"ImageObject","inLanguage":"pt-PT","@id":"https:\/\/arabian-mood.com\/produit\/aseel-special-edition\/#primaryimage","url":"https:\/\/arabian-mood.com\/wp-content\/uploads\/2021\/11\/ASEEL-SPECIAL-EDITION-3.png","contentUrl":"https:\/\/arabian-mood.com\/wp-content\/uploads\/2021\/11\/ASEEL-SPECIAL-EDITION-3.png","width":900,"height":900,"caption":"PARFUM ASEEL SPECIAL EDITION"},{"@type":"BreadcrumbList","@id":"https:\/\/arabian-mood.com\/produit\/aseel-special-edition\/#breadcrumb","itemListElement":[{"@type":"ListItem","position":1,"name":"Accueil","item":"https:\/\/arabian-mood.com\/"},{"@type":"ListItem","position":2,"name":"Boutique","item":"https:\/\/arabian-mood.com\/boutique\/"},{"@type":"ListItem","position":3,"name":"Aseel Special Edition 100 ml &#8211; Arabian Oud"}]},{"@type":"WebSite","@id":"https:\/\/arabian-mood.com\/#website","url":"https:\/\/arabian-mood.com\/","name":"Ambiente \u00c1rabe","description":"","publisher":{"@id":"https:\/\/arabian-mood.com\/#organization"},"potentialAction":[{"@type":"SearchAction","target":{"@type":"EntryPoint","urlTemplate":"https:\/\/arabian-mood.com\/?s={search_term_string}"},"query-input":{"@type":"PropertyValueSpecification","valueRequired":true,"valueName":"search_term_string"}}],"inLanguage":"pt-PT"},{"@type":"Organization","@id":"https:\/\/arabian-mood.com\/#organization","name":"Ambiente \u00c1rabe","url":"https:\/\/arabian-mood.com\/","logo":{"@type":"ImageObject","inLanguage":"pt-PT","@id":"https:\/\/arabian-mood.com\/#\/schema\/logo\/image\/","url":"https:\/\/arabian-mood.com\/wp-content\/uploads\/2024\/09\/Groupe-11304.svg","contentUrl":"https:\/\/arabian-mood.com\/wp-content\/uploads\/2024\/09\/Groupe-11304.svg","width":214,"height":27,"caption":"Arabian Mood"},"image":{"@id":"https:\/\/arabian-mood.com\/#\/schema\/logo\/image\/"},"sameAs":["https:\/\/www.instagram.com\/arabianmoodofficiel\/"]}]}},"_links":{"self":[{"href":"https:\/\/arabian-mood.com\/pt\/wp-json\/wp\/v2\/product\/3926","targetHints":{"allow":["GET"]}}],"collection":[{"href":"https:\/\/arabian-mood.com\/pt\/wp-json\/wp\/v2\/product"}],"about":[{"href":"https:\/\/arabian-mood.com\/pt\/wp-json\/wp\/v2\/types\/product"}],"wp:featuredmedia":[{"embeddable":true,"href":"https:\/\/arabian-mood.com\/pt\/wp-json\/wp\/v2\/media\/7540"}],"wp:attachment":[{"href":"https:\/\/arabian-mood.com\/pt\/wp-json\/wp\/v2\/media?parent=3926"}],"wp:term":[{"taxonomy":"product_brand","embeddable":true,"href":"https:\/\/arabian-mood.com\/pt\/wp-json\/wp\/v2\/product_brand?post=3926"},{"taxonomy":"product_cat","embeddable":true,"href":"https:\/\/arabian-mood.com\/pt\/wp-json\/wp\/v2\/product_cat?post=3926"},{"taxonomy":"product_tag","embeddable":true,"href":"https:\/\/arabian-mood.com\/pt\/wp-json\/wp\/v2\/product_tag?post=3926"}],"curies":[{"name":"wp","href":"https:\/\/api.w.org\/{rel}","templated":true}]}}