{"id":3937,"date":"2021-11-03T10:10:47","date_gmt":"2021-11-03T09:10:47","guid":{"rendered":"https:\/\/arabian-mood.com\/produit\/bussma\/"},"modified":"2026-02-23T13:48:30","modified_gmt":"2026-02-23T12:48:30","slug":"parfum-bussma-arabian-oud","status":"publish","type":"product","link":"https:\/\/arabian-mood.com\/pt\/produit\/parfum-bussma-arabian-oud\/","title":{"rendered":"Bussma 100 ml \u2013 Arabian Oud"},"content":{"rendered":"<h1 style=\"text-align: center;\">Bussma By Arabian Oud<\/h1>\n<p style=\"text-align: center;\">Le parfum Bussma by Arabian Oud est le parfait m\u00e9lange des douces notes oriental. Intense et sophistiqu\u00e9, Bussma est le parfum du parfait gentleman.<\/p>\n<p style=\"text-align: center;\"><strong>Note olfactive<\/strong><\/p>\n<p style=\"text-align: center;\">Le parfum Bussma mixe avec harmonie les notes de bergamotes aux ar\u00f4mes subtils des plantes aromatiques, le tout sur un fond de bois pr\u00e9cieux. Une composition raffin\u00e9e et fra\u00eeche m\u00ealant musc, f\u00e8ve de tonka, vanille et praline.<\/p>\n<h2 style=\"text-align: center;\">Conseil d&#8217;utilisation pour votre parfum Bussma By Arabian Oud :<\/h2>\n<p style=\"text-align: center;\">Acompanhe o seu perfume com um \u00f3leo perfumado doce ou com a magn\u00edfica fragr\u00e2ncia \u201c<span style=\"color: #000000;\"><a style=\"color: #000000;\" href=\"https:\/\/arabian-mood.com\/pt\/product-2\/musc-vanille\/\">Musk Vanille da perfumaria Alhambra\u201d<\/a><\/span>, de quebra, o seu rasto ser\u00e1 ainda mais intenso e cativante. A mistura de duas fragr\u00e2ncias cria uma combina\u00e7\u00e3o \u00fanica, tornando o seu odor ainda mais pessoal.<\/p>\n<p style=\"text-align: center;\"><strong>A hist\u00f3ria do perfumista<\/strong><\/p>\n<p style=\"text-align: center;\">La maison Arabian Oud commence son histoire dans les ann\u00e9es 80 dans le royaume d\u2019Arabie. Entre tradition et modernit\u00e9, la marque se distingue rapidement avec son fameux ingr\u00e9dient mill\u00e9naire le \u00ab\u00a0OUD\u00a0\u00bb.\u00a0R\u00e9compens\u00e9 \u00e0 plusieurs reprises \u00e0 la c\u00e9r\u00e9monie du fameux festival des FIFI AWARDS.\u00a0\u00c9voluant dans un registre purement avant gardiste, de New York \u00e0 Kuala Lumpur en passant par Dubai, ces parfumeurs ont su changer les codes de la parfumerie moderne.<\/p>","protected":false},"excerpt":{"rendered":"<div class=\"woocommerce-product-details__short-description\">\n<ul>\n<li><strong>Notas de topo<\/strong> : Bergamote, Safran<\/li>\n<li><strong>Notas de cora\u00e7\u00e3o:<\/strong> Ambre, Vanille<\/li>\n<li><strong>Notas de base:<\/strong> Bois de c\u00e8edre, F\u00e8ve Tonka, Musc blanc<\/li>\n<\/ul>\n<p><strong>G\u00e9nero:<\/strong> masculino<\/p>\n<\/div>","protected":false},"featured_media":7527,"template":"","meta":[],"product_brand":[],"product_cat":[519,152,433],"product_tag":[],"class_list":{"0":"post-3937","1":"product","2":"type-product","3":"status-publish","4":"has-post-thumbnail","6":"product_cat-arabian-oud","7":"product_cat-mixte","8":"product_cat-parfums-de-dubai","10":"first","11":"instock","12":"sale","13":"purchasable","14":"product-type-simple"},"yoast_head":"<!-- This site is optimized with the Yoast SEO plugin v27.4 - https:\/\/yoast.com\/product\/yoast-seo-wordpress\/ -->\n<title>Eau de parafum Bussma 100 ml | Arabian Oud<\/title>\n<meta name=\"description\" content=\"Le parfum Bussma Arabian Oud est le parfait m\u00e9lange des notes oriental. Intense et sophistiqu\u00e9 il est le parfum du parfait gentleman.\" \/>\n<meta name=\"robots\" content=\"index, follow, max-snippet:-1, max-image-preview:large, max-video-preview:-1\" \/>\n<link rel=\"canonical\" href=\"https:\/\/arabian-mood.com\/pt\/product-2\/parfum-bussma-arabian-oud\/\" \/>\n<meta property=\"og:locale\" content=\"pt_PT\" \/>\n<meta property=\"og:type\" content=\"article\" \/>\n<meta property=\"og:title\" content=\"Eau de parafum Bussma 100 ml | Arabian Oud\" \/>\n<meta property=\"og:description\" content=\"Le parfum Bussma Arabian Oud est le parfait m\u00e9lange des notes oriental. Intense et sophistiqu\u00e9 il est le parfum du parfait gentleman.\" \/>\n<meta property=\"og:url\" content=\"https:\/\/arabian-mood.com\/pt\/product-2\/parfum-bussma-arabian-oud\/\" \/>\n<meta property=\"og:site_name\" content=\"Arabian Mood\" \/>\n<meta property=\"article:modified_time\" content=\"2026-02-23T12:48:30+00:00\" \/>\n<meta property=\"og:image\" content=\"https:\/\/arabian-mood.com\/wp-content\/uploads\/2021\/11\/BUSSMA-3.png\" \/>\n\t<meta property=\"og:image:width\" content=\"900\" \/>\n\t<meta property=\"og:image:height\" content=\"900\" \/>\n\t<meta property=\"og:image:type\" content=\"image\/png\" \/>\n<meta name=\"twitter:card\" content=\"summary_large_image\" \/>\n<meta name=\"twitter:label1\" content=\"Est. reading time\" \/>\n\t<meta name=\"twitter:data1\" content=\"2 minutos\" \/>\n<script type=\"application\/ld+json\" class=\"yoast-schema-graph\">{\"@context\":\"https:\\\/\\\/schema.org\",\"@graph\":[{\"@type\":\"WebPage\",\"@id\":\"https:\\\/\\\/arabian-mood.com\\\/produit\\\/parfum-bussma-arabian-oud\\\/\",\"url\":\"https:\\\/\\\/arabian-mood.com\\\/produit\\\/parfum-bussma-arabian-oud\\\/\",\"name\":\"Eau de parafum Bussma 100 ml | Arabian Oud\",\"isPartOf\":{\"@id\":\"https:\\\/\\\/arabian-mood.com\\\/#website\"},\"primaryImageOfPage\":{\"@id\":\"https:\\\/\\\/arabian-mood.com\\\/produit\\\/parfum-bussma-arabian-oud\\\/#primaryimage\"},\"image\":{\"@id\":\"https:\\\/\\\/arabian-mood.com\\\/produit\\\/parfum-bussma-arabian-oud\\\/#primaryimage\"},\"thumbnailUrl\":\"https:\\\/\\\/arabian-mood.com\\\/wp-content\\\/uploads\\\/2021\\\/11\\\/BUSSMA-3.png\",\"datePublished\":\"2021-11-03T09:10:47+00:00\",\"dateModified\":\"2026-02-23T12:48:30+00:00\",\"description\":\"Le parfum Bussma Arabian Oud est le parfait m\u00e9lange des notes oriental. Intense et sophistiqu\u00e9 il est le parfum du parfait gentleman.\",\"breadcrumb\":{\"@id\":\"https:\\\/\\\/arabian-mood.com\\\/produit\\\/parfum-bussma-arabian-oud\\\/#breadcrumb\"},\"inLanguage\":\"pt-PT\",\"potentialAction\":[{\"@type\":\"ReadAction\",\"target\":[\"https:\\\/\\\/arabian-mood.com\\\/produit\\\/parfum-bussma-arabian-oud\\\/\"]}]},{\"@type\":\"ImageObject\",\"inLanguage\":\"pt-PT\",\"@id\":\"https:\\\/\\\/arabian-mood.com\\\/produit\\\/parfum-bussma-arabian-oud\\\/#primaryimage\",\"url\":\"https:\\\/\\\/arabian-mood.com\\\/wp-content\\\/uploads\\\/2021\\\/11\\\/BUSSMA-3.png\",\"contentUrl\":\"https:\\\/\\\/arabian-mood.com\\\/wp-content\\\/uploads\\\/2021\\\/11\\\/BUSSMA-3.png\",\"width\":900,\"height\":900,\"caption\":\"BUSSMA Arabian Oud\"},{\"@type\":\"BreadcrumbList\",\"@id\":\"https:\\\/\\\/arabian-mood.com\\\/produit\\\/parfum-bussma-arabian-oud\\\/#breadcrumb\",\"itemListElement\":[{\"@type\":\"ListItem\",\"position\":1,\"name\":\"Accueil\",\"item\":\"https:\\\/\\\/arabian-mood.com\\\/\"},{\"@type\":\"ListItem\",\"position\":2,\"name\":\"Boutique\",\"item\":\"https:\\\/\\\/arabian-mood.com\\\/boutique\\\/\"},{\"@type\":\"ListItem\",\"position\":3,\"name\":\"Bussma 100 ml &#8211; Arabian Oud\"}]},{\"@type\":\"WebSite\",\"@id\":\"https:\\\/\\\/arabian-mood.com\\\/#website\",\"url\":\"https:\\\/\\\/arabian-mood.com\\\/\",\"name\":\"Arabian Mood\",\"description\":\"\",\"publisher\":{\"@id\":\"https:\\\/\\\/arabian-mood.com\\\/#organization\"},\"potentialAction\":[{\"@type\":\"SearchAction\",\"target\":{\"@type\":\"EntryPoint\",\"urlTemplate\":\"https:\\\/\\\/arabian-mood.com\\\/?s={search_term_string}\"},\"query-input\":{\"@type\":\"PropertyValueSpecification\",\"valueRequired\":true,\"valueName\":\"search_term_string\"}}],\"inLanguage\":\"pt-PT\"},{\"@type\":\"Organization\",\"@id\":\"https:\\\/\\\/arabian-mood.com\\\/#organization\",\"name\":\"Arabian Mood\",\"url\":\"https:\\\/\\\/arabian-mood.com\\\/\",\"logo\":{\"@type\":\"ImageObject\",\"inLanguage\":\"pt-PT\",\"@id\":\"https:\\\/\\\/arabian-mood.com\\\/#\\\/schema\\\/logo\\\/image\\\/\",\"url\":\"https:\\\/\\\/arabian-mood.com\\\/wp-content\\\/uploads\\\/2024\\\/09\\\/Groupe-11304.svg\",\"contentUrl\":\"https:\\\/\\\/arabian-mood.com\\\/wp-content\\\/uploads\\\/2024\\\/09\\\/Groupe-11304.svg\",\"width\":214,\"height\":27,\"caption\":\"Arabian Mood\"},\"image\":{\"@id\":\"https:\\\/\\\/arabian-mood.com\\\/#\\\/schema\\\/logo\\\/image\\\/\"},\"sameAs\":[\"https:\\\/\\\/www.instagram.com\\\/arabianmoodofficiel\\\/\"]}]}<\/script>\n<!-- \/ Yoast SEO plugin. -->","yoast_head_json":{"title":"Eau de parafum Bussma 100 ml | Arabian Oud","description":"Le parfum Bussma Arabian Oud est le parfait m\u00e9lange des notes oriental. Intense et sophistiqu\u00e9 il est le parfum du parfait gentleman.","robots":{"index":"index","follow":"follow","max-snippet":"max-snippet:-1","max-image-preview":"max-image-preview:large","max-video-preview":"max-video-preview:-1"},"canonical":"https:\/\/arabian-mood.com\/pt\/product-2\/parfum-bussma-arabian-oud\/","og_locale":"pt_PT","og_type":"article","og_title":"Eau de parafum Bussma 100 ml | Arabian Oud","og_description":"Le parfum Bussma Arabian Oud est le parfait m\u00e9lange des notes oriental. Intense et sophistiqu\u00e9 il est le parfum du parfait gentleman.","og_url":"https:\/\/arabian-mood.com\/pt\/product-2\/parfum-bussma-arabian-oud\/","og_site_name":"Arabian Mood","article_modified_time":"2026-02-23T12:48:30+00:00","og_image":[{"width":900,"height":900,"url":"https:\/\/arabian-mood.com\/wp-content\/uploads\/2021\/11\/BUSSMA-3.png","type":"image\/png"}],"twitter_card":"summary_large_image","twitter_misc":{"Est. reading time":"2 minutos"},"schema":{"@context":"https:\/\/schema.org","@graph":[{"@type":"WebPage","@id":"https:\/\/arabian-mood.com\/produit\/parfum-bussma-arabian-oud\/","url":"https:\/\/arabian-mood.com\/produit\/parfum-bussma-arabian-oud\/","name":"Eau de parafum Bussma 100 ml | Arabian Oud","isPartOf":{"@id":"https:\/\/arabian-mood.com\/#website"},"primaryImageOfPage":{"@id":"https:\/\/arabian-mood.com\/produit\/parfum-bussma-arabian-oud\/#primaryimage"},"image":{"@id":"https:\/\/arabian-mood.com\/produit\/parfum-bussma-arabian-oud\/#primaryimage"},"thumbnailUrl":"https:\/\/arabian-mood.com\/wp-content\/uploads\/2021\/11\/BUSSMA-3.png","datePublished":"2021-11-03T09:10:47+00:00","dateModified":"2026-02-23T12:48:30+00:00","description":"Le parfum Bussma Arabian Oud est le parfait m\u00e9lange des notes oriental. Intense et sophistiqu\u00e9 il est le parfum du parfait gentleman.","breadcrumb":{"@id":"https:\/\/arabian-mood.com\/produit\/parfum-bussma-arabian-oud\/#breadcrumb"},"inLanguage":"pt-PT","potentialAction":[{"@type":"ReadAction","target":["https:\/\/arabian-mood.com\/produit\/parfum-bussma-arabian-oud\/"]}]},{"@type":"ImageObject","inLanguage":"pt-PT","@id":"https:\/\/arabian-mood.com\/produit\/parfum-bussma-arabian-oud\/#primaryimage","url":"https:\/\/arabian-mood.com\/wp-content\/uploads\/2021\/11\/BUSSMA-3.png","contentUrl":"https:\/\/arabian-mood.com\/wp-content\/uploads\/2021\/11\/BUSSMA-3.png","width":900,"height":900,"caption":"BUSSMA Arabian Oud"},{"@type":"BreadcrumbList","@id":"https:\/\/arabian-mood.com\/produit\/parfum-bussma-arabian-oud\/#breadcrumb","itemListElement":[{"@type":"ListItem","position":1,"name":"Accueil","item":"https:\/\/arabian-mood.com\/"},{"@type":"ListItem","position":2,"name":"Boutique","item":"https:\/\/arabian-mood.com\/boutique\/"},{"@type":"ListItem","position":3,"name":"Bussma 100 ml &#8211; Arabian Oud"}]},{"@type":"WebSite","@id":"https:\/\/arabian-mood.com\/#website","url":"https:\/\/arabian-mood.com\/","name":"Ambiente \u00c1rabe","description":"","publisher":{"@id":"https:\/\/arabian-mood.com\/#organization"},"potentialAction":[{"@type":"SearchAction","target":{"@type":"EntryPoint","urlTemplate":"https:\/\/arabian-mood.com\/?s={search_term_string}"},"query-input":{"@type":"PropertyValueSpecification","valueRequired":true,"valueName":"search_term_string"}}],"inLanguage":"pt-PT"},{"@type":"Organization","@id":"https:\/\/arabian-mood.com\/#organization","name":"Ambiente \u00c1rabe","url":"https:\/\/arabian-mood.com\/","logo":{"@type":"ImageObject","inLanguage":"pt-PT","@id":"https:\/\/arabian-mood.com\/#\/schema\/logo\/image\/","url":"https:\/\/arabian-mood.com\/wp-content\/uploads\/2024\/09\/Groupe-11304.svg","contentUrl":"https:\/\/arabian-mood.com\/wp-content\/uploads\/2024\/09\/Groupe-11304.svg","width":214,"height":27,"caption":"Arabian Mood"},"image":{"@id":"https:\/\/arabian-mood.com\/#\/schema\/logo\/image\/"},"sameAs":["https:\/\/www.instagram.com\/arabianmoodofficiel\/"]}]}},"_links":{"self":[{"href":"https:\/\/arabian-mood.com\/pt\/wp-json\/wp\/v2\/product\/3937","targetHints":{"allow":["GET"]}}],"collection":[{"href":"https:\/\/arabian-mood.com\/pt\/wp-json\/wp\/v2\/product"}],"about":[{"href":"https:\/\/arabian-mood.com\/pt\/wp-json\/wp\/v2\/types\/product"}],"wp:featuredmedia":[{"embeddable":true,"href":"https:\/\/arabian-mood.com\/pt\/wp-json\/wp\/v2\/media\/7527"}],"wp:attachment":[{"href":"https:\/\/arabian-mood.com\/pt\/wp-json\/wp\/v2\/media?parent=3937"}],"wp:term":[{"taxonomy":"product_brand","embeddable":true,"href":"https:\/\/arabian-mood.com\/pt\/wp-json\/wp\/v2\/product_brand?post=3937"},{"taxonomy":"product_cat","embeddable":true,"href":"https:\/\/arabian-mood.com\/pt\/wp-json\/wp\/v2\/product_cat?post=3937"},{"taxonomy":"product_tag","embeddable":true,"href":"https:\/\/arabian-mood.com\/pt\/wp-json\/wp\/v2\/product_tag?post=3937"}],"curies":[{"name":"wp","href":"https:\/\/api.w.org\/{rel}","templated":true}]}}