{"id":4842,"date":"2021-12-17T17:31:28","date_gmt":"2021-12-17T16:31:28","guid":{"rendered":"https:\/\/arabian-mood.com\/?post_type=product&#038;p=4842"},"modified":"2023-09-05T10:15:25","modified_gmt":"2023-09-05T08:15:25","slug":"spray-dinterieur-magic-oud","status":"publish","type":"product","link":"https:\/\/arabian-mood.com\/pt\/produit\/spray-dinterieur-magic-oud\/","title":{"rendered":"Spray d&#8217;interieur Magic Oud"},"content":{"rendered":"<p><strong>Conseil d&#8217;utilisation :<\/strong><\/p>\n<p>Pulv\u00e9risez votre spray Magic Oud \u00a0dans l&#8217;air int\u00e9rieur pour rendre votre ambiance plus agr\u00e9able ainsi que sur vos textiles de maison\u00a0(rideaux, canap\u00e9, etc). Vous d\u00e9couvrirez un parfum d&#8217;int\u00e9rieur magique et luxueux qui ravira vos sens, cr\u00e9ant une atmosph\u00e8re\u00a0de fraicheur et de propret\u00e9.<\/p>","protected":false},"excerpt":{"rendered":"<p>\u00c9veillez vos sens et apaisez votre \u00e2me avec la senteur bois\u00e9e de l\u2019Oud et de la Canelle . Transformez votre int\u00e9rieur en exp\u00e9rience sensorielle avec la senteur chaleureuse de ce parfum d\u2019int\u00e9rieur.<\/p>\n<p>Vaporisez-le dans une pi\u00e8ce pour la personnaliser et cr\u00e9er une ambiance raffin\u00e9e \u00e0 tout moment.<\/p>","protected":false},"featured_media":4843,"template":"","meta":[],"product_brand":[],"product_cat":[437,442],"product_tag":[],"class_list":{"0":"post-4842","1":"product","2":"type-product","3":"status-publish","4":"has-post-thumbnail","6":"product_cat-maison","7":"product_cat-spray-dinterieur-maison","9":"first","10":"outofstock","11":"sale","12":"taxable","13":"shipping-taxable","14":"purchasable","15":"product-type-simple"},"yoast_head":"<!-- This site is optimized with the Yoast SEO plugin v27.4 - https:\/\/yoast.com\/product\/yoast-seo-wordpress\/ -->\n<title>Spray d&#039;interieur Magic Oud<\/title>\n<meta name=\"description\" content=\"Ce spray d\u2019int\u00e9rieur Magic Oud apaisera votre ambiance. Laissez-vous envahir par les effluves de ce parfum d\u2019int\u00e9rieur .\" \/>\n<meta name=\"robots\" content=\"index, follow, max-snippet:-1, max-image-preview:large, max-video-preview:-1\" \/>\n<link rel=\"canonical\" href=\"https:\/\/arabian-mood.com\/pt\/product-2\/spray-dinterieur-magic-oud\/\" \/>\n<meta property=\"og:locale\" content=\"pt_PT\" \/>\n<meta property=\"og:type\" content=\"article\" \/>\n<meta property=\"og:title\" content=\"Spray d&#039;interieur Magic Oud\" \/>\n<meta property=\"og:description\" content=\"Ce spray d\u2019int\u00e9rieur Magic Oud apaisera votre ambiance. Laissez-vous envahir par les effluves de ce parfum d\u2019int\u00e9rieur .\" \/>\n<meta property=\"og:url\" content=\"https:\/\/arabian-mood.com\/pt\/product-2\/spray-dinterieur-magic-oud\/\" \/>\n<meta property=\"og:site_name\" content=\"Arabian Mood\" \/>\n<meta property=\"article:modified_time\" content=\"2023-09-05T08:15:25+00:00\" \/>\n<meta property=\"og:image\" content=\"https:\/\/arabian-mood.com\/wp-content\/uploads\/2021\/12\/SPRAY-MAGIC-OUD-.png\" \/>\n\t<meta property=\"og:image:width\" content=\"1000\" \/>\n\t<meta property=\"og:image:height\" content=\"1000\" \/>\n\t<meta property=\"og:image:type\" content=\"image\/png\" \/>\n<meta name=\"twitter:card\" content=\"summary_large_image\" \/>\n<meta name=\"twitter:label1\" content=\"Est. reading time\" \/>\n\t<meta name=\"twitter:data1\" content=\"1 minuto\" \/>\n<script type=\"application\/ld+json\" class=\"yoast-schema-graph\">{\"@context\":\"https:\\\/\\\/schema.org\",\"@graph\":[{\"@type\":\"WebPage\",\"@id\":\"https:\\\/\\\/arabian-mood.com\\\/produit\\\/spray-dinterieur-magic-oud\\\/\",\"url\":\"https:\\\/\\\/arabian-mood.com\\\/produit\\\/spray-dinterieur-magic-oud\\\/\",\"name\":\"Spray d'interieur Magic Oud\",\"isPartOf\":{\"@id\":\"https:\\\/\\\/arabian-mood.com\\\/#website\"},\"primaryImageOfPage\":{\"@id\":\"https:\\\/\\\/arabian-mood.com\\\/produit\\\/spray-dinterieur-magic-oud\\\/#primaryimage\"},\"image\":{\"@id\":\"https:\\\/\\\/arabian-mood.com\\\/produit\\\/spray-dinterieur-magic-oud\\\/#primaryimage\"},\"thumbnailUrl\":\"https:\\\/\\\/arabian-mood.com\\\/wp-content\\\/uploads\\\/2021\\\/12\\\/SPRAY-MAGIC-OUD-.png\",\"datePublished\":\"2021-12-17T16:31:28+00:00\",\"dateModified\":\"2023-09-05T08:15:25+00:00\",\"description\":\"Ce spray d\u2019int\u00e9rieur Magic Oud apaisera votre ambiance. Laissez-vous envahir par les effluves de ce parfum d\u2019int\u00e9rieur .\",\"breadcrumb\":{\"@id\":\"https:\\\/\\\/arabian-mood.com\\\/produit\\\/spray-dinterieur-magic-oud\\\/#breadcrumb\"},\"inLanguage\":\"pt-PT\",\"potentialAction\":[{\"@type\":\"ReadAction\",\"target\":[\"https:\\\/\\\/arabian-mood.com\\\/produit\\\/spray-dinterieur-magic-oud\\\/\"]}]},{\"@type\":\"ImageObject\",\"inLanguage\":\"pt-PT\",\"@id\":\"https:\\\/\\\/arabian-mood.com\\\/produit\\\/spray-dinterieur-magic-oud\\\/#primaryimage\",\"url\":\"https:\\\/\\\/arabian-mood.com\\\/wp-content\\\/uploads\\\/2021\\\/12\\\/SPRAY-MAGIC-OUD-.png\",\"contentUrl\":\"https:\\\/\\\/arabian-mood.com\\\/wp-content\\\/uploads\\\/2021\\\/12\\\/SPRAY-MAGIC-OUD-.png\",\"width\":1000,\"height\":1000},{\"@type\":\"BreadcrumbList\",\"@id\":\"https:\\\/\\\/arabian-mood.com\\\/produit\\\/spray-dinterieur-magic-oud\\\/#breadcrumb\",\"itemListElement\":[{\"@type\":\"ListItem\",\"position\":1,\"name\":\"Accueil\",\"item\":\"https:\\\/\\\/arabian-mood.com\\\/\"},{\"@type\":\"ListItem\",\"position\":2,\"name\":\"Boutique\",\"item\":\"https:\\\/\\\/arabian-mood.com\\\/boutique\\\/\"},{\"@type\":\"ListItem\",\"position\":3,\"name\":\"Spray d&#8217;interieur Magic Oud\"}]},{\"@type\":\"WebSite\",\"@id\":\"https:\\\/\\\/arabian-mood.com\\\/#website\",\"url\":\"https:\\\/\\\/arabian-mood.com\\\/\",\"name\":\"Arabian Mood\",\"description\":\"\",\"publisher\":{\"@id\":\"https:\\\/\\\/arabian-mood.com\\\/#organization\"},\"potentialAction\":[{\"@type\":\"SearchAction\",\"target\":{\"@type\":\"EntryPoint\",\"urlTemplate\":\"https:\\\/\\\/arabian-mood.com\\\/?s={search_term_string}\"},\"query-input\":{\"@type\":\"PropertyValueSpecification\",\"valueRequired\":true,\"valueName\":\"search_term_string\"}}],\"inLanguage\":\"pt-PT\"},{\"@type\":\"Organization\",\"@id\":\"https:\\\/\\\/arabian-mood.com\\\/#organization\",\"name\":\"Arabian Mood\",\"url\":\"https:\\\/\\\/arabian-mood.com\\\/\",\"logo\":{\"@type\":\"ImageObject\",\"inLanguage\":\"pt-PT\",\"@id\":\"https:\\\/\\\/arabian-mood.com\\\/#\\\/schema\\\/logo\\\/image\\\/\",\"url\":\"https:\\\/\\\/arabian-mood.com\\\/wp-content\\\/uploads\\\/2024\\\/09\\\/Groupe-11304.svg\",\"contentUrl\":\"https:\\\/\\\/arabian-mood.com\\\/wp-content\\\/uploads\\\/2024\\\/09\\\/Groupe-11304.svg\",\"width\":214,\"height\":27,\"caption\":\"Arabian Mood\"},\"image\":{\"@id\":\"https:\\\/\\\/arabian-mood.com\\\/#\\\/schema\\\/logo\\\/image\\\/\"},\"sameAs\":[\"https:\\\/\\\/www.instagram.com\\\/arabianmoodofficiel\\\/\"]}]}<\/script>\n<!-- \/ Yoast SEO plugin. -->","yoast_head_json":{"title":"Spray d'interieur Magic Oud","description":"Ce spray d\u2019int\u00e9rieur Magic Oud apaisera votre ambiance. Laissez-vous envahir par les effluves de ce parfum d\u2019int\u00e9rieur .","robots":{"index":"index","follow":"follow","max-snippet":"max-snippet:-1","max-image-preview":"max-image-preview:large","max-video-preview":"max-video-preview:-1"},"canonical":"https:\/\/arabian-mood.com\/pt\/product-2\/spray-dinterieur-magic-oud\/","og_locale":"pt_PT","og_type":"article","og_title":"Spray d'interieur Magic Oud","og_description":"Ce spray d\u2019int\u00e9rieur Magic Oud apaisera votre ambiance. Laissez-vous envahir par les effluves de ce parfum d\u2019int\u00e9rieur .","og_url":"https:\/\/arabian-mood.com\/pt\/product-2\/spray-dinterieur-magic-oud\/","og_site_name":"Arabian Mood","article_modified_time":"2023-09-05T08:15:25+00:00","og_image":[{"width":1000,"height":1000,"url":"https:\/\/arabian-mood.com\/wp-content\/uploads\/2021\/12\/SPRAY-MAGIC-OUD-.png","type":"image\/png"}],"twitter_card":"summary_large_image","twitter_misc":{"Est. reading time":"1 minuto"},"schema":{"@context":"https:\/\/schema.org","@graph":[{"@type":"WebPage","@id":"https:\/\/arabian-mood.com\/produit\/spray-dinterieur-magic-oud\/","url":"https:\/\/arabian-mood.com\/produit\/spray-dinterieur-magic-oud\/","name":"Spray d'interieur Magic Oud","isPartOf":{"@id":"https:\/\/arabian-mood.com\/#website"},"primaryImageOfPage":{"@id":"https:\/\/arabian-mood.com\/produit\/spray-dinterieur-magic-oud\/#primaryimage"},"image":{"@id":"https:\/\/arabian-mood.com\/produit\/spray-dinterieur-magic-oud\/#primaryimage"},"thumbnailUrl":"https:\/\/arabian-mood.com\/wp-content\/uploads\/2021\/12\/SPRAY-MAGIC-OUD-.png","datePublished":"2021-12-17T16:31:28+00:00","dateModified":"2023-09-05T08:15:25+00:00","description":"Ce spray d\u2019int\u00e9rieur Magic Oud apaisera votre ambiance. Laissez-vous envahir par les effluves de ce parfum d\u2019int\u00e9rieur .","breadcrumb":{"@id":"https:\/\/arabian-mood.com\/produit\/spray-dinterieur-magic-oud\/#breadcrumb"},"inLanguage":"pt-PT","potentialAction":[{"@type":"ReadAction","target":["https:\/\/arabian-mood.com\/produit\/spray-dinterieur-magic-oud\/"]}]},{"@type":"ImageObject","inLanguage":"pt-PT","@id":"https:\/\/arabian-mood.com\/produit\/spray-dinterieur-magic-oud\/#primaryimage","url":"https:\/\/arabian-mood.com\/wp-content\/uploads\/2021\/12\/SPRAY-MAGIC-OUD-.png","contentUrl":"https:\/\/arabian-mood.com\/wp-content\/uploads\/2021\/12\/SPRAY-MAGIC-OUD-.png","width":1000,"height":1000},{"@type":"BreadcrumbList","@id":"https:\/\/arabian-mood.com\/produit\/spray-dinterieur-magic-oud\/#breadcrumb","itemListElement":[{"@type":"ListItem","position":1,"name":"Accueil","item":"https:\/\/arabian-mood.com\/"},{"@type":"ListItem","position":2,"name":"Boutique","item":"https:\/\/arabian-mood.com\/boutique\/"},{"@type":"ListItem","position":3,"name":"Spray d&#8217;interieur Magic Oud"}]},{"@type":"WebSite","@id":"https:\/\/arabian-mood.com\/#website","url":"https:\/\/arabian-mood.com\/","name":"Ambiente \u00c1rabe","description":"","publisher":{"@id":"https:\/\/arabian-mood.com\/#organization"},"potentialAction":[{"@type":"SearchAction","target":{"@type":"EntryPoint","urlTemplate":"https:\/\/arabian-mood.com\/?s={search_term_string}"},"query-input":{"@type":"PropertyValueSpecification","valueRequired":true,"valueName":"search_term_string"}}],"inLanguage":"pt-PT"},{"@type":"Organization","@id":"https:\/\/arabian-mood.com\/#organization","name":"Ambiente \u00c1rabe","url":"https:\/\/arabian-mood.com\/","logo":{"@type":"ImageObject","inLanguage":"pt-PT","@id":"https:\/\/arabian-mood.com\/#\/schema\/logo\/image\/","url":"https:\/\/arabian-mood.com\/wp-content\/uploads\/2024\/09\/Groupe-11304.svg","contentUrl":"https:\/\/arabian-mood.com\/wp-content\/uploads\/2024\/09\/Groupe-11304.svg","width":214,"height":27,"caption":"Arabian Mood"},"image":{"@id":"https:\/\/arabian-mood.com\/#\/schema\/logo\/image\/"},"sameAs":["https:\/\/www.instagram.com\/arabianmoodofficiel\/"]}]}},"_links":{"self":[{"href":"https:\/\/arabian-mood.com\/pt\/wp-json\/wp\/v2\/product\/4842","targetHints":{"allow":["GET"]}}],"collection":[{"href":"https:\/\/arabian-mood.com\/pt\/wp-json\/wp\/v2\/product"}],"about":[{"href":"https:\/\/arabian-mood.com\/pt\/wp-json\/wp\/v2\/types\/product"}],"wp:featuredmedia":[{"embeddable":true,"href":"https:\/\/arabian-mood.com\/pt\/wp-json\/wp\/v2\/media\/4843"}],"wp:attachment":[{"href":"https:\/\/arabian-mood.com\/pt\/wp-json\/wp\/v2\/media?parent=4842"}],"wp:term":[{"taxonomy":"product_brand","embeddable":true,"href":"https:\/\/arabian-mood.com\/pt\/wp-json\/wp\/v2\/product_brand?post=4842"},{"taxonomy":"product_cat","embeddable":true,"href":"https:\/\/arabian-mood.com\/pt\/wp-json\/wp\/v2\/product_cat?post=4842"},{"taxonomy":"product_tag","embeddable":true,"href":"https:\/\/arabian-mood.com\/pt\/wp-json\/wp\/v2\/product_tag?post=4842"}],"curies":[{"name":"wp","href":"https:\/\/api.w.org\/{rel}","templated":true}]}}