{"id":5303,"date":"2022-03-04T11:05:33","date_gmt":"2022-03-04T10:05:33","guid":{"rendered":"https:\/\/arabian-mood.com\/produit\/diwan\/"},"modified":"2026-02-23T13:45:15","modified_gmt":"2026-02-23T12:45:15","slug":"parfum-diwan-arabian-oud","status":"publish","type":"product","link":"https:\/\/arabian-mood.com\/pt\/produit\/parfum-diwan-arabian-oud\/","title":{"rendered":"Diwan 100 ml \u2013 Arabian Oud"},"content":{"rendered":"<h2 style=\"text-align: center;\">D\u00e9couverte de Diwan Arabian Wood<\/h2>\n<p style=\"text-align: center;\">le parfum Diwan By Arabian Oud est a la fois \u00e9l\u00e9gant et exquis. Un parfum contemporain qui vous habillera dans vos instants les plus important.<\/p>\n<p style=\"text-align: center;\">Une rencontre fraiche et audacieuse vient prendre forme en note de t\u00eate: la bergamote, la cardamome et la muscade. Le mariage subtile de la violette et du bois de Oud intensifie le coeur de la fragrance pour lui donner cette allure si charismatique. Un parfum d&#8217;exception qui combine parfaitement le patchouli et de musc.<\/p>\n<p style=\"text-align: center;\">Le packaging de cette fragrance s&#8217;inspire des code de cette fameuse marque d&#8217;horlogerie suisse.<\/p>\n<h3 style=\"text-align: center;\">Comment utiliser votre parfum Diwan By Arabian Oud ?<\/h3>\n<p style=\"text-align: center;\">Accompagnez votre Diwan By Arabian Oud \u00a0par une huile de parfum sucr\u00e9 ou par la magnifique fragrance &#8220;<span style=\"color: #000000;\"><a style=\"color: #000000;\" href=\"https:\/\/arabian-mood.com\/pt\/product-2\/musc-vanille\/\">Musk Vanille da perfumaria Alhambra\u201d<\/a><\/span>, de surcroit, son\u00a0sillage ne sera que plus intense et envoutant. Le m\u00e9lange de deux fragrance cr\u00e9e un combo unique, ce qui rendra votre \u00a0encore plus personnel.<\/p>\n<h3 style=\"text-align: center;\"><strong>L&#8217;histoire de la maison de parfum Arabian\u00a0<\/strong><b>Oud\u00a0<\/b><\/h3>\n<p style=\"text-align: center;\">Le parfumeur commence son histoire dans les ann\u00e9es 80 dans le royaume d\u2019Arabie. Entre tradition et modernit\u00e9, la marque se distingue rapidement avec son fameux ingr\u00e9dient mill\u00e9naire le \u00ab\u00a0OUD\u00a0\u00bb.\u00a0R\u00e9compens\u00e9 \u00e0 plusieurs reprises \u00e0 la c\u00e9r\u00e9monie du fameux festival des FIFI AWARDS.\u00a0\u00c9voluant dans un registre purement avant gardiste, de New York \u00e0 Kuala Lumpur en passant par Dubai, ces parfumeurs ont su changer les codes de la parfumerie moderne.<\/p>\n<p>&nbsp;<\/p>","protected":false},"excerpt":{"rendered":"<div class=\"woocommerce-product-details__short-description\">\n<ul>\n<li><strong>Notas de topo:<\/strong> Bergamote, Noix de Muscade, Pomme<\/li>\n<li><strong>Notas de cora\u00e7\u00e3o:<\/strong> Ambre Gris, Oud du Cahsmire<\/li>\n<li><strong>Notas de base:<\/strong> Musc, Patchouli, Vanille<\/li>\n<\/ul>\n<p><strong>G\u00e9nero:\u00a0<\/strong>misto<\/p>\n<\/div>","protected":false},"featured_media":7528,"template":"","meta":[],"product_brand":[],"product_cat":[519,433],"product_tag":[],"class_list":{"0":"post-5303","1":"product","2":"type-product","3":"status-publish","4":"has-post-thumbnail","6":"product_cat-arabian-oud","7":"product_cat-parfums-de-dubai","9":"first","10":"instock","11":"sale","12":"purchasable","13":"product-type-simple"},"yoast_head":"<!-- This site is optimized with the Yoast SEO plugin v27.4 - https:\/\/yoast.com\/product\/yoast-seo-wordpress\/ -->\n<title>Eau de parfum Diwan 100 ml | Arabian Oud<\/title>\n<meta name=\"description\" content=\"le parfum Diwan By Arabian Oud est a la fois \u00e9l\u00e9gant et exquis. quand La fra\u00eecheur du musc rencontre l\u2019intensit\u00e9 de l\u2019ambre.\" \/>\n<meta name=\"robots\" content=\"index, follow, max-snippet:-1, max-image-preview:large, max-video-preview:-1\" \/>\n<link rel=\"canonical\" href=\"https:\/\/arabian-mood.com\/pt\/product-2\/parfum-diwan-arabian-oud\/\" \/>\n<meta property=\"og:locale\" content=\"pt_PT\" \/>\n<meta property=\"og:type\" content=\"article\" \/>\n<meta property=\"og:title\" content=\"Eau de parfum Diwan 100 ml | Arabian Oud\" \/>\n<meta property=\"og:description\" content=\"le parfum Diwan By Arabian Oud est a la fois \u00e9l\u00e9gant et exquis. quand La fra\u00eecheur du musc rencontre l\u2019intensit\u00e9 de l\u2019ambre.\" \/>\n<meta property=\"og:url\" content=\"https:\/\/arabian-mood.com\/pt\/product-2\/parfum-diwan-arabian-oud\/\" \/>\n<meta property=\"og:site_name\" content=\"Arabian Mood\" \/>\n<meta property=\"article:modified_time\" content=\"2026-02-23T12:45:15+00:00\" \/>\n<meta property=\"og:image\" content=\"https:\/\/arabian-mood.com\/wp-content\/uploads\/2021\/11\/DIWAN.png\" \/>\n\t<meta property=\"og:image:width\" content=\"900\" \/>\n\t<meta property=\"og:image:height\" content=\"900\" \/>\n\t<meta property=\"og:image:type\" content=\"image\/png\" \/>\n<meta name=\"twitter:card\" content=\"summary_large_image\" \/>\n<meta name=\"twitter:label1\" content=\"Est. reading time\" \/>\n\t<meta name=\"twitter:data1\" content=\"2 minutos\" \/>\n<script type=\"application\/ld+json\" class=\"yoast-schema-graph\">{\"@context\":\"https:\\\/\\\/schema.org\",\"@graph\":[{\"@type\":\"WebPage\",\"@id\":\"https:\\\/\\\/arabian-mood.com\\\/produit\\\/parfum-diwan-arabian-oud\\\/\",\"url\":\"https:\\\/\\\/arabian-mood.com\\\/produit\\\/parfum-diwan-arabian-oud\\\/\",\"name\":\"Eau de parfum Diwan 100 ml | Arabian Oud\",\"isPartOf\":{\"@id\":\"https:\\\/\\\/arabian-mood.com\\\/#website\"},\"primaryImageOfPage\":{\"@id\":\"https:\\\/\\\/arabian-mood.com\\\/produit\\\/parfum-diwan-arabian-oud\\\/#primaryimage\"},\"image\":{\"@id\":\"https:\\\/\\\/arabian-mood.com\\\/produit\\\/parfum-diwan-arabian-oud\\\/#primaryimage\"},\"thumbnailUrl\":\"https:\\\/\\\/arabian-mood.com\\\/wp-content\\\/uploads\\\/2021\\\/11\\\/DIWAN.png\",\"datePublished\":\"2022-03-04T10:05:33+00:00\",\"dateModified\":\"2026-02-23T12:45:15+00:00\",\"description\":\"le parfum Diwan By Arabian Oud est a la fois \u00e9l\u00e9gant et exquis. quand La fra\u00eecheur du musc rencontre l\u2019intensit\u00e9 de l\u2019ambre.\",\"breadcrumb\":{\"@id\":\"https:\\\/\\\/arabian-mood.com\\\/produit\\\/parfum-diwan-arabian-oud\\\/#breadcrumb\"},\"inLanguage\":\"pt-PT\",\"potentialAction\":[{\"@type\":\"ReadAction\",\"target\":[\"https:\\\/\\\/arabian-mood.com\\\/produit\\\/parfum-diwan-arabian-oud\\\/\"]}]},{\"@type\":\"ImageObject\",\"inLanguage\":\"pt-PT\",\"@id\":\"https:\\\/\\\/arabian-mood.com\\\/produit\\\/parfum-diwan-arabian-oud\\\/#primaryimage\",\"url\":\"https:\\\/\\\/arabian-mood.com\\\/wp-content\\\/uploads\\\/2021\\\/11\\\/DIWAN.png\",\"contentUrl\":\"https:\\\/\\\/arabian-mood.com\\\/wp-content\\\/uploads\\\/2021\\\/11\\\/DIWAN.png\",\"width\":900,\"height\":900,\"caption\":\"PARFUM DIWAN ARABIAN OUD\"},{\"@type\":\"BreadcrumbList\",\"@id\":\"https:\\\/\\\/arabian-mood.com\\\/produit\\\/parfum-diwan-arabian-oud\\\/#breadcrumb\",\"itemListElement\":[{\"@type\":\"ListItem\",\"position\":1,\"name\":\"Accueil\",\"item\":\"https:\\\/\\\/arabian-mood.com\\\/\"},{\"@type\":\"ListItem\",\"position\":2,\"name\":\"Boutique\",\"item\":\"https:\\\/\\\/arabian-mood.com\\\/boutique\\\/\"},{\"@type\":\"ListItem\",\"position\":3,\"name\":\"Diwan 100 ml &#8211; Arabian Oud\"}]},{\"@type\":\"WebSite\",\"@id\":\"https:\\\/\\\/arabian-mood.com\\\/#website\",\"url\":\"https:\\\/\\\/arabian-mood.com\\\/\",\"name\":\"Arabian Mood\",\"description\":\"\",\"publisher\":{\"@id\":\"https:\\\/\\\/arabian-mood.com\\\/#organization\"},\"potentialAction\":[{\"@type\":\"SearchAction\",\"target\":{\"@type\":\"EntryPoint\",\"urlTemplate\":\"https:\\\/\\\/arabian-mood.com\\\/?s={search_term_string}\"},\"query-input\":{\"@type\":\"PropertyValueSpecification\",\"valueRequired\":true,\"valueName\":\"search_term_string\"}}],\"inLanguage\":\"pt-PT\"},{\"@type\":\"Organization\",\"@id\":\"https:\\\/\\\/arabian-mood.com\\\/#organization\",\"name\":\"Arabian Mood\",\"url\":\"https:\\\/\\\/arabian-mood.com\\\/\",\"logo\":{\"@type\":\"ImageObject\",\"inLanguage\":\"pt-PT\",\"@id\":\"https:\\\/\\\/arabian-mood.com\\\/#\\\/schema\\\/logo\\\/image\\\/\",\"url\":\"https:\\\/\\\/arabian-mood.com\\\/wp-content\\\/uploads\\\/2024\\\/09\\\/Groupe-11304.svg\",\"contentUrl\":\"https:\\\/\\\/arabian-mood.com\\\/wp-content\\\/uploads\\\/2024\\\/09\\\/Groupe-11304.svg\",\"width\":214,\"height\":27,\"caption\":\"Arabian Mood\"},\"image\":{\"@id\":\"https:\\\/\\\/arabian-mood.com\\\/#\\\/schema\\\/logo\\\/image\\\/\"},\"sameAs\":[\"https:\\\/\\\/www.instagram.com\\\/arabianmoodofficiel\\\/\"]}]}<\/script>\n<!-- \/ Yoast SEO plugin. -->","yoast_head_json":{"title":"Eau de parfum Diwan 100 ml | Arabian Oud","description":"le parfum Diwan By Arabian Oud est a la fois \u00e9l\u00e9gant et exquis. quand La fra\u00eecheur du musc rencontre l\u2019intensit\u00e9 de l\u2019ambre.","robots":{"index":"index","follow":"follow","max-snippet":"max-snippet:-1","max-image-preview":"max-image-preview:large","max-video-preview":"max-video-preview:-1"},"canonical":"https:\/\/arabian-mood.com\/pt\/product-2\/parfum-diwan-arabian-oud\/","og_locale":"pt_PT","og_type":"article","og_title":"Eau de parfum Diwan 100 ml | Arabian Oud","og_description":"le parfum Diwan By Arabian Oud est a la fois \u00e9l\u00e9gant et exquis. quand La fra\u00eecheur du musc rencontre l\u2019intensit\u00e9 de l\u2019ambre.","og_url":"https:\/\/arabian-mood.com\/pt\/product-2\/parfum-diwan-arabian-oud\/","og_site_name":"Arabian Mood","article_modified_time":"2026-02-23T12:45:15+00:00","og_image":[{"width":900,"height":900,"url":"https:\/\/arabian-mood.com\/wp-content\/uploads\/2021\/11\/DIWAN.png","type":"image\/png"}],"twitter_card":"summary_large_image","twitter_misc":{"Est. reading time":"2 minutos"},"schema":{"@context":"https:\/\/schema.org","@graph":[{"@type":"WebPage","@id":"https:\/\/arabian-mood.com\/produit\/parfum-diwan-arabian-oud\/","url":"https:\/\/arabian-mood.com\/produit\/parfum-diwan-arabian-oud\/","name":"Eau de parfum Diwan 100 ml | Arabian Oud","isPartOf":{"@id":"https:\/\/arabian-mood.com\/#website"},"primaryImageOfPage":{"@id":"https:\/\/arabian-mood.com\/produit\/parfum-diwan-arabian-oud\/#primaryimage"},"image":{"@id":"https:\/\/arabian-mood.com\/produit\/parfum-diwan-arabian-oud\/#primaryimage"},"thumbnailUrl":"https:\/\/arabian-mood.com\/wp-content\/uploads\/2021\/11\/DIWAN.png","datePublished":"2022-03-04T10:05:33+00:00","dateModified":"2026-02-23T12:45:15+00:00","description":"le parfum Diwan By Arabian Oud est a la fois \u00e9l\u00e9gant et exquis. quand La fra\u00eecheur du musc rencontre l\u2019intensit\u00e9 de l\u2019ambre.","breadcrumb":{"@id":"https:\/\/arabian-mood.com\/produit\/parfum-diwan-arabian-oud\/#breadcrumb"},"inLanguage":"pt-PT","potentialAction":[{"@type":"ReadAction","target":["https:\/\/arabian-mood.com\/produit\/parfum-diwan-arabian-oud\/"]}]},{"@type":"ImageObject","inLanguage":"pt-PT","@id":"https:\/\/arabian-mood.com\/produit\/parfum-diwan-arabian-oud\/#primaryimage","url":"https:\/\/arabian-mood.com\/wp-content\/uploads\/2021\/11\/DIWAN.png","contentUrl":"https:\/\/arabian-mood.com\/wp-content\/uploads\/2021\/11\/DIWAN.png","width":900,"height":900,"caption":"PARFUM DIWAN ARABIAN OUD"},{"@type":"BreadcrumbList","@id":"https:\/\/arabian-mood.com\/produit\/parfum-diwan-arabian-oud\/#breadcrumb","itemListElement":[{"@type":"ListItem","position":1,"name":"Accueil","item":"https:\/\/arabian-mood.com\/"},{"@type":"ListItem","position":2,"name":"Boutique","item":"https:\/\/arabian-mood.com\/boutique\/"},{"@type":"ListItem","position":3,"name":"Diwan 100 ml &#8211; Arabian Oud"}]},{"@type":"WebSite","@id":"https:\/\/arabian-mood.com\/#website","url":"https:\/\/arabian-mood.com\/","name":"Ambiente \u00c1rabe","description":"","publisher":{"@id":"https:\/\/arabian-mood.com\/#organization"},"potentialAction":[{"@type":"SearchAction","target":{"@type":"EntryPoint","urlTemplate":"https:\/\/arabian-mood.com\/?s={search_term_string}"},"query-input":{"@type":"PropertyValueSpecification","valueRequired":true,"valueName":"search_term_string"}}],"inLanguage":"pt-PT"},{"@type":"Organization","@id":"https:\/\/arabian-mood.com\/#organization","name":"Ambiente \u00c1rabe","url":"https:\/\/arabian-mood.com\/","logo":{"@type":"ImageObject","inLanguage":"pt-PT","@id":"https:\/\/arabian-mood.com\/#\/schema\/logo\/image\/","url":"https:\/\/arabian-mood.com\/wp-content\/uploads\/2024\/09\/Groupe-11304.svg","contentUrl":"https:\/\/arabian-mood.com\/wp-content\/uploads\/2024\/09\/Groupe-11304.svg","width":214,"height":27,"caption":"Arabian Mood"},"image":{"@id":"https:\/\/arabian-mood.com\/#\/schema\/logo\/image\/"},"sameAs":["https:\/\/www.instagram.com\/arabianmoodofficiel\/"]}]}},"_links":{"self":[{"href":"https:\/\/arabian-mood.com\/pt\/wp-json\/wp\/v2\/product\/5303","targetHints":{"allow":["GET"]}}],"collection":[{"href":"https:\/\/arabian-mood.com\/pt\/wp-json\/wp\/v2\/product"}],"about":[{"href":"https:\/\/arabian-mood.com\/pt\/wp-json\/wp\/v2\/types\/product"}],"wp:featuredmedia":[{"embeddable":true,"href":"https:\/\/arabian-mood.com\/pt\/wp-json\/wp\/v2\/media\/7528"}],"wp:attachment":[{"href":"https:\/\/arabian-mood.com\/pt\/wp-json\/wp\/v2\/media?parent=5303"}],"wp:term":[{"taxonomy":"product_brand","embeddable":true,"href":"https:\/\/arabian-mood.com\/pt\/wp-json\/wp\/v2\/product_brand?post=5303"},{"taxonomy":"product_cat","embeddable":true,"href":"https:\/\/arabian-mood.com\/pt\/wp-json\/wp\/v2\/product_cat?post=5303"},{"taxonomy":"product_tag","embeddable":true,"href":"https:\/\/arabian-mood.com\/pt\/wp-json\/wp\/v2\/product_tag?post=5303"}],"curies":[{"name":"wp","href":"https:\/\/api.w.org\/{rel}","templated":true}]}}