{"id":6019,"date":"2022-10-28T12:02:04","date_gmt":"2022-10-28T10:02:04","guid":{"rendered":"https:\/\/arabian-mood.com\/?post_type=product&#038;p=6019"},"modified":"2024-04-02T00:26:05","modified_gmt":"2024-04-01T22:26:05","slug":"kera-queens-lifting-keratine-ail","status":"publish","type":"product","link":"https:\/\/arabian-mood.com\/pt\/produit\/kera-queens-lifting-keratine-ail\/","title":{"rendered":"KERA QUEEN\u2019S \u2013 Levantamento Queratina e Alho"},"content":{"rendered":"<p><strong>Champ\u00f4 + Condicionador sem sulfatos e sem parabenos \u2013 500ml<\/strong><\/p>\n<p>La gamme lifting \u00e0 la K\u00e9ratine et \u00e0 l\u2019Ail stimule la microcirculation. L\u2019ail redonne de la vitalit\u00e9 aux bulbes de vos cheveux, stimule leur pousse et contribue \u00e0 freiner leur chute. Gr\u00e2ce \u00e0 ses propri\u00e9t\u00e9s antibact\u00e9riennes il assainit le cuir chevelu et diminue l\u2019apparition de pellicule. L\u2019ail contient de la vitamine C, B1, B6, associ\u00e9es \u00e0 la k\u00e9ratine vos cheveux seront renforc\u00e9s et le r\u00e9par\u00e9 en profondeur. Il permet ainsi d\u2019att\u00e9nuer les frisotis ind\u00e9sirables et booster la couleur et la brillance du cheveu.<\/p>","protected":false},"excerpt":{"rendered":"<p>Shampoing + Soin sans sulfate &amp; sans parab\u00e8ne \u2013 500ml La gamme lifting \u00e0 la K\u00e9ratine et \u00e0 l\u2019Ail stimule<\/p>","protected":false},"featured_media":6020,"template":"","meta":[],"product_brand":[],"product_cat":[443,423],"product_tag":[],"class_list":{"0":"post-6019","1":"product","2":"type-product","3":"status-publish","4":"has-post-thumbnail","6":"product_cat-botox-capillaire","7":"product_cat-soin-et-bien-etre","9":"first","10":"outofstock","11":"taxable","12":"shipping-taxable","13":"purchasable","14":"product-type-simple"},"yoast_head":"<!-- This site is optimized with the Yoast SEO plugin v27.4 - https:\/\/yoast.com\/product\/yoast-seo-wordpress\/ -->\n<title>KERA QUEEN&#039;S - Lifting K\u00e9ratine &amp; Ail<\/title>\n<meta name=\"description\" content=\"Le lifting \u00e0 la K\u00e9ratine et \u00e0 l\u2019Ail redonne de la vitalit\u00e9 aux bulbes de vos cheveux, stimule leur pousse et contribue \u00e0 freiner leur chute.\" \/>\n<meta name=\"robots\" content=\"index, follow, max-snippet:-1, max-image-preview:large, max-video-preview:-1\" \/>\n<link rel=\"canonical\" href=\"https:\/\/arabian-mood.com\/pt\/product-2\/kera-queens-lifting-keratine-ail\/\" \/>\n<meta property=\"og:locale\" content=\"pt_PT\" \/>\n<meta property=\"og:type\" content=\"article\" \/>\n<meta property=\"og:title\" content=\"KERA QUEEN&#039;S - Lifting K\u00e9ratine &amp; Ail\" \/>\n<meta property=\"og:description\" content=\"Le lifting \u00e0 la K\u00e9ratine et \u00e0 l\u2019Ail redonne de la vitalit\u00e9 aux bulbes de vos cheveux, stimule leur pousse et contribue \u00e0 freiner leur chute.\" \/>\n<meta property=\"og:url\" content=\"https:\/\/arabian-mood.com\/pt\/product-2\/kera-queens-lifting-keratine-ail\/\" \/>\n<meta property=\"og:site_name\" content=\"Arabian Mood\" \/>\n<meta property=\"article:modified_time\" content=\"2024-04-01T22:26:05+00:00\" \/>\n<meta property=\"og:image\" content=\"https:\/\/arabian-mood.com\/wp-content\/uploads\/2022\/10\/LIFTING-AIL.jpg\" \/>\n\t<meta property=\"og:image:width\" content=\"880\" \/>\n\t<meta property=\"og:image:height\" content=\"880\" \/>\n\t<meta property=\"og:image:type\" content=\"image\/jpeg\" \/>\n<meta name=\"twitter:card\" content=\"summary_large_image\" \/>\n<meta name=\"twitter:label1\" content=\"Est. reading time\" \/>\n\t<meta name=\"twitter:data1\" content=\"1 minuto\" \/>\n<script type=\"application\/ld+json\" class=\"yoast-schema-graph\">{\"@context\":\"https:\\\/\\\/schema.org\",\"@graph\":[{\"@type\":\"WebPage\",\"@id\":\"https:\\\/\\\/arabian-mood.com\\\/produit\\\/kera-queens-lifting-keratine-ail\\\/\",\"url\":\"https:\\\/\\\/arabian-mood.com\\\/produit\\\/kera-queens-lifting-keratine-ail\\\/\",\"name\":\"KERA QUEEN'S - Lifting K\u00e9ratine & Ail\",\"isPartOf\":{\"@id\":\"https:\\\/\\\/arabian-mood.com\\\/#website\"},\"primaryImageOfPage\":{\"@id\":\"https:\\\/\\\/arabian-mood.com\\\/produit\\\/kera-queens-lifting-keratine-ail\\\/#primaryimage\"},\"image\":{\"@id\":\"https:\\\/\\\/arabian-mood.com\\\/produit\\\/kera-queens-lifting-keratine-ail\\\/#primaryimage\"},\"thumbnailUrl\":\"https:\\\/\\\/arabian-mood.com\\\/wp-content\\\/uploads\\\/2022\\\/10\\\/LIFTING-AIL.jpg\",\"datePublished\":\"2022-10-28T10:02:04+00:00\",\"dateModified\":\"2024-04-01T22:26:05+00:00\",\"description\":\"Le lifting \u00e0 la K\u00e9ratine et \u00e0 l\u2019Ail redonne de la vitalit\u00e9 aux bulbes de vos cheveux, stimule leur pousse et contribue \u00e0 freiner leur chute.\",\"breadcrumb\":{\"@id\":\"https:\\\/\\\/arabian-mood.com\\\/produit\\\/kera-queens-lifting-keratine-ail\\\/#breadcrumb\"},\"inLanguage\":\"pt-PT\",\"potentialAction\":[{\"@type\":\"ReadAction\",\"target\":[\"https:\\\/\\\/arabian-mood.com\\\/produit\\\/kera-queens-lifting-keratine-ail\\\/\"]}]},{\"@type\":\"ImageObject\",\"inLanguage\":\"pt-PT\",\"@id\":\"https:\\\/\\\/arabian-mood.com\\\/produit\\\/kera-queens-lifting-keratine-ail\\\/#primaryimage\",\"url\":\"https:\\\/\\\/arabian-mood.com\\\/wp-content\\\/uploads\\\/2022\\\/10\\\/LIFTING-AIL.jpg\",\"contentUrl\":\"https:\\\/\\\/arabian-mood.com\\\/wp-content\\\/uploads\\\/2022\\\/10\\\/LIFTING-AIL.jpg\",\"width\":880,\"height\":880,\"caption\":\"ARABIAN-MOOD.COM\"},{\"@type\":\"BreadcrumbList\",\"@id\":\"https:\\\/\\\/arabian-mood.com\\\/produit\\\/kera-queens-lifting-keratine-ail\\\/#breadcrumb\",\"itemListElement\":[{\"@type\":\"ListItem\",\"position\":1,\"name\":\"Accueil\",\"item\":\"https:\\\/\\\/arabian-mood.com\\\/\"},{\"@type\":\"ListItem\",\"position\":2,\"name\":\"Boutique\",\"item\":\"https:\\\/\\\/arabian-mood.com\\\/boutique\\\/\"},{\"@type\":\"ListItem\",\"position\":3,\"name\":\"KERA QUEEN&#8217;S &#8211; Lifting K\u00e9ratine &#038; Ail\"}]},{\"@type\":\"WebSite\",\"@id\":\"https:\\\/\\\/arabian-mood.com\\\/#website\",\"url\":\"https:\\\/\\\/arabian-mood.com\\\/\",\"name\":\"Arabian Mood\",\"description\":\"\",\"publisher\":{\"@id\":\"https:\\\/\\\/arabian-mood.com\\\/#organization\"},\"potentialAction\":[{\"@type\":\"SearchAction\",\"target\":{\"@type\":\"EntryPoint\",\"urlTemplate\":\"https:\\\/\\\/arabian-mood.com\\\/?s={search_term_string}\"},\"query-input\":{\"@type\":\"PropertyValueSpecification\",\"valueRequired\":true,\"valueName\":\"search_term_string\"}}],\"inLanguage\":\"pt-PT\"},{\"@type\":\"Organization\",\"@id\":\"https:\\\/\\\/arabian-mood.com\\\/#organization\",\"name\":\"Arabian Mood\",\"url\":\"https:\\\/\\\/arabian-mood.com\\\/\",\"logo\":{\"@type\":\"ImageObject\",\"inLanguage\":\"pt-PT\",\"@id\":\"https:\\\/\\\/arabian-mood.com\\\/#\\\/schema\\\/logo\\\/image\\\/\",\"url\":\"https:\\\/\\\/arabian-mood.com\\\/wp-content\\\/uploads\\\/2024\\\/09\\\/Groupe-11304.svg\",\"contentUrl\":\"https:\\\/\\\/arabian-mood.com\\\/wp-content\\\/uploads\\\/2024\\\/09\\\/Groupe-11304.svg\",\"width\":214,\"height\":27,\"caption\":\"Arabian Mood\"},\"image\":{\"@id\":\"https:\\\/\\\/arabian-mood.com\\\/#\\\/schema\\\/logo\\\/image\\\/\"},\"sameAs\":[\"https:\\\/\\\/www.instagram.com\\\/arabianmoodofficiel\\\/\"]}]}<\/script>\n<!-- \/ Yoast SEO plugin. -->","yoast_head_json":{"title":"KERA QUEEN'S - Lifting K\u00e9ratine & Ail","description":"Le lifting \u00e0 la K\u00e9ratine et \u00e0 l\u2019Ail redonne de la vitalit\u00e9 aux bulbes de vos cheveux, stimule leur pousse et contribue \u00e0 freiner leur chute.","robots":{"index":"index","follow":"follow","max-snippet":"max-snippet:-1","max-image-preview":"max-image-preview:large","max-video-preview":"max-video-preview:-1"},"canonical":"https:\/\/arabian-mood.com\/pt\/product-2\/kera-queens-lifting-keratine-ail\/","og_locale":"pt_PT","og_type":"article","og_title":"KERA QUEEN'S - Lifting K\u00e9ratine & Ail","og_description":"Le lifting \u00e0 la K\u00e9ratine et \u00e0 l\u2019Ail redonne de la vitalit\u00e9 aux bulbes de vos cheveux, stimule leur pousse et contribue \u00e0 freiner leur chute.","og_url":"https:\/\/arabian-mood.com\/pt\/product-2\/kera-queens-lifting-keratine-ail\/","og_site_name":"Arabian Mood","article_modified_time":"2024-04-01T22:26:05+00:00","og_image":[{"width":880,"height":880,"url":"https:\/\/arabian-mood.com\/wp-content\/uploads\/2022\/10\/LIFTING-AIL.jpg","type":"image\/jpeg"}],"twitter_card":"summary_large_image","twitter_misc":{"Est. reading time":"1 minuto"},"schema":{"@context":"https:\/\/schema.org","@graph":[{"@type":"WebPage","@id":"https:\/\/arabian-mood.com\/produit\/kera-queens-lifting-keratine-ail\/","url":"https:\/\/arabian-mood.com\/produit\/kera-queens-lifting-keratine-ail\/","name":"KERA QUEEN'S - Lifting K\u00e9ratine & Ail","isPartOf":{"@id":"https:\/\/arabian-mood.com\/#website"},"primaryImageOfPage":{"@id":"https:\/\/arabian-mood.com\/produit\/kera-queens-lifting-keratine-ail\/#primaryimage"},"image":{"@id":"https:\/\/arabian-mood.com\/produit\/kera-queens-lifting-keratine-ail\/#primaryimage"},"thumbnailUrl":"https:\/\/arabian-mood.com\/wp-content\/uploads\/2022\/10\/LIFTING-AIL.jpg","datePublished":"2022-10-28T10:02:04+00:00","dateModified":"2024-04-01T22:26:05+00:00","description":"Le lifting \u00e0 la K\u00e9ratine et \u00e0 l\u2019Ail redonne de la vitalit\u00e9 aux bulbes de vos cheveux, stimule leur pousse et contribue \u00e0 freiner leur chute.","breadcrumb":{"@id":"https:\/\/arabian-mood.com\/produit\/kera-queens-lifting-keratine-ail\/#breadcrumb"},"inLanguage":"pt-PT","potentialAction":[{"@type":"ReadAction","target":["https:\/\/arabian-mood.com\/produit\/kera-queens-lifting-keratine-ail\/"]}]},{"@type":"ImageObject","inLanguage":"pt-PT","@id":"https:\/\/arabian-mood.com\/produit\/kera-queens-lifting-keratine-ail\/#primaryimage","url":"https:\/\/arabian-mood.com\/wp-content\/uploads\/2022\/10\/LIFTING-AIL.jpg","contentUrl":"https:\/\/arabian-mood.com\/wp-content\/uploads\/2022\/10\/LIFTING-AIL.jpg","width":880,"height":880,"caption":"ARABIAN-MOOD.COM"},{"@type":"BreadcrumbList","@id":"https:\/\/arabian-mood.com\/produit\/kera-queens-lifting-keratine-ail\/#breadcrumb","itemListElement":[{"@type":"ListItem","position":1,"name":"Accueil","item":"https:\/\/arabian-mood.com\/"},{"@type":"ListItem","position":2,"name":"Boutique","item":"https:\/\/arabian-mood.com\/boutique\/"},{"@type":"ListItem","position":3,"name":"KERA QUEEN&#8217;S &#8211; Lifting K\u00e9ratine &#038; Ail"}]},{"@type":"WebSite","@id":"https:\/\/arabian-mood.com\/#website","url":"https:\/\/arabian-mood.com\/","name":"Ambiente \u00c1rabe","description":"","publisher":{"@id":"https:\/\/arabian-mood.com\/#organization"},"potentialAction":[{"@type":"SearchAction","target":{"@type":"EntryPoint","urlTemplate":"https:\/\/arabian-mood.com\/?s={search_term_string}"},"query-input":{"@type":"PropertyValueSpecification","valueRequired":true,"valueName":"search_term_string"}}],"inLanguage":"pt-PT"},{"@type":"Organization","@id":"https:\/\/arabian-mood.com\/#organization","name":"Ambiente \u00c1rabe","url":"https:\/\/arabian-mood.com\/","logo":{"@type":"ImageObject","inLanguage":"pt-PT","@id":"https:\/\/arabian-mood.com\/#\/schema\/logo\/image\/","url":"https:\/\/arabian-mood.com\/wp-content\/uploads\/2024\/09\/Groupe-11304.svg","contentUrl":"https:\/\/arabian-mood.com\/wp-content\/uploads\/2024\/09\/Groupe-11304.svg","width":214,"height":27,"caption":"Arabian Mood"},"image":{"@id":"https:\/\/arabian-mood.com\/#\/schema\/logo\/image\/"},"sameAs":["https:\/\/www.instagram.com\/arabianmoodofficiel\/"]}]}},"_links":{"self":[{"href":"https:\/\/arabian-mood.com\/pt\/wp-json\/wp\/v2\/product\/6019","targetHints":{"allow":["GET"]}}],"collection":[{"href":"https:\/\/arabian-mood.com\/pt\/wp-json\/wp\/v2\/product"}],"about":[{"href":"https:\/\/arabian-mood.com\/pt\/wp-json\/wp\/v2\/types\/product"}],"wp:featuredmedia":[{"embeddable":true,"href":"https:\/\/arabian-mood.com\/pt\/wp-json\/wp\/v2\/media\/6020"}],"wp:attachment":[{"href":"https:\/\/arabian-mood.com\/pt\/wp-json\/wp\/v2\/media?parent=6019"}],"wp:term":[{"taxonomy":"product_brand","embeddable":true,"href":"https:\/\/arabian-mood.com\/pt\/wp-json\/wp\/v2\/product_brand?post=6019"},{"taxonomy":"product_cat","embeddable":true,"href":"https:\/\/arabian-mood.com\/pt\/wp-json\/wp\/v2\/product_cat?post=6019"},{"taxonomy":"product_tag","embeddable":true,"href":"https:\/\/arabian-mood.com\/pt\/wp-json\/wp\/v2\/product_tag?post=6019"}],"curies":[{"name":"wp","href":"https:\/\/api.w.org\/{rel}","templated":true}]}}