{"id":6803,"date":"2023-11-07T23:45:19","date_gmt":"2023-11-07T22:45:19","guid":{"rendered":"https:\/\/arabian-mood.com\/?post_type=product&#038;p=6803"},"modified":"2025-04-08T08:11:09","modified_gmt":"2025-04-08T06:11:09","slug":"cotton-candy-musk-100ml-ard-al-zaafaran-eau-de-parfum","status":"publish","type":"product","link":"https:\/\/arabian-mood.com\/pt\/produit\/cotton-candy-musk-100ml-ard-al-zaafaran-eau-de-parfum\/","title":{"rendered":"Eau de parfum Algod\u00e3o Doce Musk 100ml \u2013 Ard Al Zaafaran"},"content":{"rendered":"<p><strong>Cotton Candy Musk<\/strong> r\u00e9ussit l&#8217;alliance improbable entre l&#8217;univers des douceurs orientales et la finesse de la parfumerie moderne. Dans ce flacon de 100ml, <strong>Ard Al Zaafaran<\/strong> nous livre en effet une composition olfactive qui chamboule les standards avec une audace remarquable.<\/p>\n<h2>Cotton Candy Musk : le secret sucr\u00e9 d&#8217;Ard Al Zaafaran<\/h2>\n<p>Le parcours olfactif qui vous attend avec ce parfum d\u00e9bute par la fra\u00eecheur des agrumes qui vous surprend instantan\u00e9ment. La <strong>Tangerina<\/strong> e l\u00e1 <strong>bergamota<\/strong> forment une note de t\u00eate p\u00e9tillante qui \u00e9volue naturellement vers des notes plus sucr\u00e9es. Les amateurs de senteurs fruit\u00e9es devraient aussi se laisser convaincre par <a href=\"https:\/\/arabian-mood.com\/pt\/product-2\/eau-de-parfum-pomegranate-musk-100ml-ard-al-zaafaran\/\"><strong>Pomegranate Musk<\/strong><\/a>, un parfum de la m\u00eame marque.\u00a0Le <strong>g\u00e9ranium<\/strong> apporte quant \u00e0 lui sa touche florale caract\u00e9ristique. Il faut aussi l&#8217;effet d&#8217;une bande-annonce pour la suite.<\/p>\n<p>Au c\u0153ur de cette fragrance, le <strong>jasmim<\/strong> e os <strong>feuilles de violette<\/strong> tissent une trame florale d\u00e9licate. Cette dimension f\u00e9minine se marie id\u00e9alement avec les <strong>notas doces<\/strong> caract\u00e9ristiques. Ensemble, ils cr\u00e9ent une harmonie parfaite qui \u00e9volue au fil des heures. Enfin, le fond de ce parfum rassemble les <strong>notas amadeiradas<\/strong> e o <strong>m\u00fafec<\/strong>. Ce m\u00e9lange \u00e0 la fois chaleureux et sensuel garantit la persistance de cette signature olfactive sur la peau. Portez ce parfum oriental et laissez les compliments d\u00e9ferler !<\/p>\n<h3>Cotton Candy Musk : un parfum qui s\u00e9duit \u00e0 chaque instant<\/h3>\n<p>Peu importe o\u00f9 vous le pulv\u00e9risez, ce <strong>perfume unissexo<\/strong> parvient \u00e0 r\u00e9v\u00e9ler son \u00e9l\u00e9gance et sa complexit\u00e9. Par contre, nous vous conseillons de privil\u00e9gier vos points de pulsation comme d&#8217;habitude pour chaque parfum. La chaleur naturelle de votre peau fera ressortir chaque facette de la fragrance.<\/p>\n<h3>Ard Al Zaafaran : un mastodonte de la parfumerie arabe<\/h3>\n<p>Ard Al Zaafaran prouve qu&#8217;un grand parfum n&#8217;est pas n\u00e9cessairement synonyme de prix exorbitant. Cotton Candy Musk offre une exp\u00e9rience olfactive raffin\u00e9e et durable dans un flacon g\u00e9n\u00e9reux de 100 ml. Offrez-vous donc l&#8217;excellence olfactive sans aucun compromis.<\/p>","protected":false},"excerpt":{"rendered":"<p>\u00c1GUAS DE PERFUME<\/p>","protected":false},"featured_media":6804,"template":"","meta":[],"product_brand":[],"product_cat":[578,152,433],"product_tag":[],"class_list":{"0":"post-6803","1":"product","2":"type-product","3":"status-publish","4":"has-post-thumbnail","6":"product_cat-ard-al-zaafaran","7":"product_cat-mixte","8":"product_cat-parfums-de-dubai","10":"first","11":"outofstock","12":"taxable","13":"shipping-taxable","14":"purchasable","15":"product-type-simple"},"yoast_head":"<!-- This site is optimized with the Yoast SEO plugin v27.5 - https:\/\/yoast.com\/product\/yoast-seo-wordpress\/ -->\n<title>Eau de parfum Cotton Candy Musk 100ml \u2013 Ard Al Zaafaran<\/title>\n<meta name=\"description\" content=\"L\u2019eau de milky Cotton Candy Musk de la collection ithraa sign\u00e9e Ard Al Zaafaran est un parfum lact\u00e9 rafra\u00eechissant aux notes musqu\u00e9es.\u00a0\" \/>\n<meta name=\"robots\" content=\"index, follow, max-snippet:-1, max-image-preview:large, max-video-preview:-1\" \/>\n<link rel=\"canonical\" href=\"https:\/\/arabian-mood.com\/pt\/product-2\/cotton-candy-musk-100ml-ard-al-zaafaran-eau-de-parfum\/\" \/>\n<meta property=\"og:locale\" content=\"pt_PT\" \/>\n<meta property=\"og:type\" content=\"article\" \/>\n<meta property=\"og:title\" content=\"Eau de parfum Cotton Candy Musk 100ml \u2013 Ard Al Zaafaran\" \/>\n<meta property=\"og:description\" content=\"L\u2019eau de milky Cotton Candy Musk de la collection ithraa sign\u00e9e Ard Al Zaafaran est un parfum lact\u00e9 rafra\u00eechissant aux notes musqu\u00e9es.\u00a0\" \/>\n<meta property=\"og:url\" content=\"https:\/\/arabian-mood.com\/pt\/product-2\/cotton-candy-musk-100ml-ard-al-zaafaran-eau-de-parfum\/\" \/>\n<meta property=\"og:site_name\" content=\"Arabian Mood\" \/>\n<meta property=\"article:modified_time\" content=\"2025-04-08T06:11:09+00:00\" \/>\n<meta property=\"og:image\" content=\"https:\/\/arabian-mood.com\/wp-content\/uploads\/2023\/11\/cotton-candy-musk-ard-al-zaafaran.jpg\" \/>\n\t<meta property=\"og:image:width\" content=\"600\" \/>\n\t<meta property=\"og:image:height\" content=\"600\" \/>\n\t<meta property=\"og:image:type\" content=\"image\/jpeg\" \/>\n<meta name=\"twitter:card\" content=\"summary_large_image\" \/>\n<meta name=\"twitter:label1\" content=\"Tempo estimado de leitura\" \/>\n\t<meta name=\"twitter:data1\" content=\"2 minutos\" \/>\n<script type=\"application\/ld+json\" class=\"yoast-schema-graph\">{\"@context\":\"https:\\\/\\\/schema.org\",\"@graph\":[{\"@type\":\"WebPage\",\"@id\":\"https:\\\/\\\/arabian-mood.com\\\/produit\\\/cotton-candy-musk-100ml-ard-al-zaafaran-eau-de-parfum\\\/\",\"url\":\"https:\\\/\\\/arabian-mood.com\\\/produit\\\/cotton-candy-musk-100ml-ard-al-zaafaran-eau-de-parfum\\\/\",\"name\":\"Eau de parfum Cotton Candy Musk 100ml \u2013 Ard Al Zaafaran\",\"isPartOf\":{\"@id\":\"https:\\\/\\\/arabian-mood.com\\\/#website\"},\"primaryImageOfPage\":{\"@id\":\"https:\\\/\\\/arabian-mood.com\\\/produit\\\/cotton-candy-musk-100ml-ard-al-zaafaran-eau-de-parfum\\\/#primaryimage\"},\"image\":{\"@id\":\"https:\\\/\\\/arabian-mood.com\\\/produit\\\/cotton-candy-musk-100ml-ard-al-zaafaran-eau-de-parfum\\\/#primaryimage\"},\"thumbnailUrl\":\"https:\\\/\\\/arabian-mood.com\\\/wp-content\\\/uploads\\\/2023\\\/11\\\/cotton-candy-musk-ard-al-zaafaran.jpg\",\"datePublished\":\"2023-11-07T22:45:19+00:00\",\"dateModified\":\"2025-04-08T06:11:09+00:00\",\"description\":\"L\u2019eau de milky Cotton Candy Musk de la collection ithraa sign\u00e9e Ard Al Zaafaran est un parfum lact\u00e9 rafra\u00eechissant aux notes musqu\u00e9es.\u00a0\",\"breadcrumb\":{\"@id\":\"https:\\\/\\\/arabian-mood.com\\\/produit\\\/cotton-candy-musk-100ml-ard-al-zaafaran-eau-de-parfum\\\/#breadcrumb\"},\"inLanguage\":\"pt-PT\",\"potentialAction\":[{\"@type\":\"ReadAction\",\"target\":[\"https:\\\/\\\/arabian-mood.com\\\/produit\\\/cotton-candy-musk-100ml-ard-al-zaafaran-eau-de-parfum\\\/\"]}]},{\"@type\":\"ImageObject\",\"inLanguage\":\"pt-PT\",\"@id\":\"https:\\\/\\\/arabian-mood.com\\\/produit\\\/cotton-candy-musk-100ml-ard-al-zaafaran-eau-de-parfum\\\/#primaryimage\",\"url\":\"https:\\\/\\\/arabian-mood.com\\\/wp-content\\\/uploads\\\/2023\\\/11\\\/cotton-candy-musk-ard-al-zaafaran.jpg\",\"contentUrl\":\"https:\\\/\\\/arabian-mood.com\\\/wp-content\\\/uploads\\\/2023\\\/11\\\/cotton-candy-musk-ard-al-zaafaran.jpg\",\"width\":600,\"height\":600,\"caption\":\"Cotton Candy Musk Ard Al Zaafaran\"},{\"@type\":\"BreadcrumbList\",\"@id\":\"https:\\\/\\\/arabian-mood.com\\\/produit\\\/cotton-candy-musk-100ml-ard-al-zaafaran-eau-de-parfum\\\/#breadcrumb\",\"itemListElement\":[{\"@type\":\"ListItem\",\"position\":1,\"name\":\"Accueil\",\"item\":\"https:\\\/\\\/arabian-mood.com\\\/\"},{\"@type\":\"ListItem\",\"position\":2,\"name\":\"Boutique\",\"item\":\"https:\\\/\\\/arabian-mood.com\\\/boutique\\\/\"},{\"@type\":\"ListItem\",\"position\":3,\"name\":\"Eau de parfum Cotton Candy Musk 100ml \u2013 Ard Al Zaafaran\"}]},{\"@type\":\"WebSite\",\"@id\":\"https:\\\/\\\/arabian-mood.com\\\/#website\",\"url\":\"https:\\\/\\\/arabian-mood.com\\\/\",\"name\":\"Arabian Mood\",\"description\":\"\",\"publisher\":{\"@id\":\"https:\\\/\\\/arabian-mood.com\\\/#organization\"},\"potentialAction\":[{\"@type\":\"SearchAction\",\"target\":{\"@type\":\"EntryPoint\",\"urlTemplate\":\"https:\\\/\\\/arabian-mood.com\\\/?s={search_term_string}\"},\"query-input\":{\"@type\":\"PropertyValueSpecification\",\"valueRequired\":true,\"valueName\":\"search_term_string\"}}],\"inLanguage\":\"pt-PT\"},{\"@type\":\"Organization\",\"@id\":\"https:\\\/\\\/arabian-mood.com\\\/#organization\",\"name\":\"Arabian Mood\",\"url\":\"https:\\\/\\\/arabian-mood.com\\\/\",\"logo\":{\"@type\":\"ImageObject\",\"inLanguage\":\"pt-PT\",\"@id\":\"https:\\\/\\\/arabian-mood.com\\\/#\\\/schema\\\/logo\\\/image\\\/\",\"url\":\"https:\\\/\\\/arabian-mood.com\\\/wp-content\\\/uploads\\\/2024\\\/09\\\/Groupe-11304.svg\",\"contentUrl\":\"https:\\\/\\\/arabian-mood.com\\\/wp-content\\\/uploads\\\/2024\\\/09\\\/Groupe-11304.svg\",\"width\":214,\"height\":27,\"caption\":\"Arabian Mood\"},\"image\":{\"@id\":\"https:\\\/\\\/arabian-mood.com\\\/#\\\/schema\\\/logo\\\/image\\\/\"},\"sameAs\":[\"https:\\\/\\\/www.instagram.com\\\/arabianmoodofficiel\\\/\"]}]}<\/script>\n<!-- \/ Yoast SEO plugin. -->","yoast_head_json":{"title":"Eau de parfum Algod\u00e3o Doce Musk 100ml \u2013 Ard Al Zaafaran","description":"L\u2019eau de milky Cotton Candy Musk de la collection ithraa sign\u00e9e Ard Al Zaafaran est un parfum lact\u00e9 rafra\u00eechissant aux notes musqu\u00e9es.\u00a0","robots":{"index":"index","follow":"follow","max-snippet":"max-snippet:-1","max-image-preview":"max-image-preview:large","max-video-preview":"max-video-preview:-1"},"canonical":"https:\/\/arabian-mood.com\/pt\/product-2\/cotton-candy-musk-100ml-ard-al-zaafaran-eau-de-parfum\/","og_locale":"pt_PT","og_type":"article","og_title":"Eau de parfum Cotton Candy Musk 100ml \u2013 Ard Al Zaafaran","og_description":"L\u2019eau de milky Cotton Candy Musk de la collection ithraa sign\u00e9e Ard Al Zaafaran est un parfum lact\u00e9 rafra\u00eechissant aux notes musqu\u00e9es.\u00a0","og_url":"https:\/\/arabian-mood.com\/pt\/product-2\/cotton-candy-musk-100ml-ard-al-zaafaran-eau-de-parfum\/","og_site_name":"Arabian Mood","article_modified_time":"2025-04-08T06:11:09+00:00","og_image":[{"width":600,"height":600,"url":"https:\/\/arabian-mood.com\/wp-content\/uploads\/2023\/11\/cotton-candy-musk-ard-al-zaafaran.jpg","type":"image\/jpeg"}],"twitter_card":"summary_large_image","twitter_misc":{"Tempo estimado de leitura":"2 minutos"},"schema":{"@context":"https:\/\/schema.org","@graph":[{"@type":"WebPage","@id":"https:\/\/arabian-mood.com\/produit\/cotton-candy-musk-100ml-ard-al-zaafaran-eau-de-parfum\/","url":"https:\/\/arabian-mood.com\/produit\/cotton-candy-musk-100ml-ard-al-zaafaran-eau-de-parfum\/","name":"Eau de parfum Algod\u00e3o Doce Musk 100ml \u2013 Ard Al Zaafaran","isPartOf":{"@id":"https:\/\/arabian-mood.com\/#website"},"primaryImageOfPage":{"@id":"https:\/\/arabian-mood.com\/produit\/cotton-candy-musk-100ml-ard-al-zaafaran-eau-de-parfum\/#primaryimage"},"image":{"@id":"https:\/\/arabian-mood.com\/produit\/cotton-candy-musk-100ml-ard-al-zaafaran-eau-de-parfum\/#primaryimage"},"thumbnailUrl":"https:\/\/arabian-mood.com\/wp-content\/uploads\/2023\/11\/cotton-candy-musk-ard-al-zaafaran.jpg","datePublished":"2023-11-07T22:45:19+00:00","dateModified":"2025-04-08T06:11:09+00:00","description":"L\u2019eau de milky Cotton Candy Musk de la collection ithraa sign\u00e9e Ard Al Zaafaran est un parfum lact\u00e9 rafra\u00eechissant aux notes musqu\u00e9es.\u00a0","breadcrumb":{"@id":"https:\/\/arabian-mood.com\/produit\/cotton-candy-musk-100ml-ard-al-zaafaran-eau-de-parfum\/#breadcrumb"},"inLanguage":"pt-PT","potentialAction":[{"@type":"ReadAction","target":["https:\/\/arabian-mood.com\/produit\/cotton-candy-musk-100ml-ard-al-zaafaran-eau-de-parfum\/"]}]},{"@type":"ImageObject","inLanguage":"pt-PT","@id":"https:\/\/arabian-mood.com\/produit\/cotton-candy-musk-100ml-ard-al-zaafaran-eau-de-parfum\/#primaryimage","url":"https:\/\/arabian-mood.com\/wp-content\/uploads\/2023\/11\/cotton-candy-musk-ard-al-zaafaran.jpg","contentUrl":"https:\/\/arabian-mood.com\/wp-content\/uploads\/2023\/11\/cotton-candy-musk-ard-al-zaafaran.jpg","width":600,"height":600,"caption":"Cotton Candy Musk Ard Al Zaafaran"},{"@type":"BreadcrumbList","@id":"https:\/\/arabian-mood.com\/produit\/cotton-candy-musk-100ml-ard-al-zaafaran-eau-de-parfum\/#breadcrumb","itemListElement":[{"@type":"ListItem","position":1,"name":"Accueil","item":"https:\/\/arabian-mood.com\/"},{"@type":"ListItem","position":2,"name":"Boutique","item":"https:\/\/arabian-mood.com\/boutique\/"},{"@type":"ListItem","position":3,"name":"Eau de parfum Cotton Candy Musk 100ml \u2013 Ard Al Zaafaran"}]},{"@type":"WebSite","@id":"https:\/\/arabian-mood.com\/#website","url":"https:\/\/arabian-mood.com\/","name":"Ambiente \u00c1rabe","description":"","publisher":{"@id":"https:\/\/arabian-mood.com\/#organization"},"potentialAction":[{"@type":"SearchAction","target":{"@type":"EntryPoint","urlTemplate":"https:\/\/arabian-mood.com\/?s={search_term_string}"},"query-input":{"@type":"PropertyValueSpecification","valueRequired":true,"valueName":"search_term_string"}}],"inLanguage":"pt-PT"},{"@type":"Organization","@id":"https:\/\/arabian-mood.com\/#organization","name":"Ambiente \u00c1rabe","url":"https:\/\/arabian-mood.com\/","logo":{"@type":"ImageObject","inLanguage":"pt-PT","@id":"https:\/\/arabian-mood.com\/#\/schema\/logo\/image\/","url":"https:\/\/arabian-mood.com\/wp-content\/uploads\/2024\/09\/Groupe-11304.svg","contentUrl":"https:\/\/arabian-mood.com\/wp-content\/uploads\/2024\/09\/Groupe-11304.svg","width":214,"height":27,"caption":"Arabian Mood"},"image":{"@id":"https:\/\/arabian-mood.com\/#\/schema\/logo\/image\/"},"sameAs":["https:\/\/www.instagram.com\/arabianmoodofficiel\/"]}]}},"_links":{"self":[{"href":"https:\/\/arabian-mood.com\/pt\/wp-json\/wp\/v2\/product\/6803","targetHints":{"allow":["GET"]}}],"collection":[{"href":"https:\/\/arabian-mood.com\/pt\/wp-json\/wp\/v2\/product"}],"about":[{"href":"https:\/\/arabian-mood.com\/pt\/wp-json\/wp\/v2\/types\/product"}],"wp:featuredmedia":[{"embeddable":true,"href":"https:\/\/arabian-mood.com\/pt\/wp-json\/wp\/v2\/media\/6804"}],"wp:attachment":[{"href":"https:\/\/arabian-mood.com\/pt\/wp-json\/wp\/v2\/media?parent=6803"}],"wp:term":[{"taxonomy":"product_brand","embeddable":true,"href":"https:\/\/arabian-mood.com\/pt\/wp-json\/wp\/v2\/product_brand?post=6803"},{"taxonomy":"product_cat","embeddable":true,"href":"https:\/\/arabian-mood.com\/pt\/wp-json\/wp\/v2\/product_cat?post=6803"},{"taxonomy":"product_tag","embeddable":true,"href":"https:\/\/arabian-mood.com\/pt\/wp-json\/wp\/v2\/product_tag?post=6803"}],"curies":[{"name":"wp","href":"https:\/\/api.w.org\/{rel}","templated":true}]}}