{"id":7811,"date":"2024-03-29T12:45:39","date_gmt":"2024-03-29T11:45:39","guid":{"rendered":"https:\/\/arabian-mood.com\/produit\/yara-lattafa\/"},"modified":"2026-01-20T13:12:29","modified_gmt":"2026-01-20T12:12:29","slug":"eau-de-parfum-yara-rose","status":"publish","type":"product","link":"https:\/\/arabian-mood.com\/pt\/produit\/eau-de-parfum-yara-rose\/","title":{"rendered":"Eau de parfum Yara Rose 100 ml \u2013 Lattafa"},"content":{"rendered":"<p><span style=\"font-weight: 400;\">Levar <\/span><b>parfum Yara Rose<\/b><span style=\"font-weight: 400;\"> est d\u00e9sormais disponible chez <\/span><b>Ambiente \u00c1rabe<\/b><span style=\"font-weight: 400;\">, le num\u00e9ro un dans la <\/span><b>vente de fragrances orientales<\/b><span style=\"font-weight: 400;\">. Cette <\/span><b>eau de parfum pour femmes<\/b><span style=\"font-weight: 400;\"> sign\u00e9e <\/span><b>Lattafa Perfumes<\/b><span style=\"font-weight: 400;\"> a su se hisser au rang d&#8217;incontournable en seulement quelques semaines. En effet, il s&#8217;agit d&#8217;un des best-sellers de la <\/span><b>perfumaria oriental<\/b><span style=\"font-weight: 400;\">. Un produit donc convoit\u00e9 qui s&#8217;appr\u00eate \u00e0 r\u00e9volutionner votre univers olfactif.<\/span><\/p>\n<h2><b>Pr\u00e9sentation olfactive du parfum Yara Rose<\/b><\/h2>\n<p><span style=\"font-weight: 400;\">Ce <\/span><b>parfum oriental f\u00e9minin<\/b><span style=\"font-weight: 400;\"> allie harmonieusement des notes florales, fruit\u00e9es et orientales pour un r\u00e9sultat envo\u00fbtant. Les notes de ce parfum sont un v\u00e9ritable chef-d&#8217;\u0153uvre. Une composition olfactive qui d\u00e9bute avec l&#8217;<\/span><b>\u00e2mbar<\/b><span style=\"font-weight: 400;\"> qui occupe la note de t\u00eate. Cet ingr\u00e9dient capture imm\u00e9diatement l&#8217;attention. La note de c\u0153ur r\u00e9v\u00e8le quant \u00e0 elle un d\u00e9licat <\/span><b>s\u00e2ndalo<\/b><span style=\"font-weight: 400;\"> aux <\/span><b>accents \u00e9pic\u00e9s<\/b><span style=\"font-weight: 400;\">. Enfin, la <\/span><b>baunilha<\/b><span style=\"font-weight: 400;\"> chaleureuse cl\u00f4ture cette partition en enveloppant doucement vos sens.<\/span><\/p>\n<h3><b>Le flacon luxueux du parfum Yara Rose<\/b><\/h3>\n<p><span style=\"font-weight: 400;\">Qu&#8217;on se le dise tout de suite, le flacon de ce <\/span><b>perfume feminino<\/b><span style=\"font-weight: 400;\"> est une \u0153uvre d&#8217;art en soi. Avec ses couleurs rose, blanc et gris, et son \u00e9l\u00e9gante gemme argent\u00e9e, il incarne le raffinement oriental. Il a d&#8217;ailleurs fini par devenir inoubliable. <\/span><b>Lattafa<\/b><span style=\"font-weight: 400;\"> a par la suite cr\u00e9e des fragrances diff\u00e9rentes, contenu dans un m\u00eame flacon. Le parfum<\/span><a href=\"https:\/\/arabian-mood.com\/pt\/product-2\/yara-tous\/\"> <b>Yara Orange<\/b><\/a><span style=\"font-weight: 400;\"> par exemple se pr\u00e9sente de la m\u00eame mani\u00e8re. Seule la couleur de la bouteille diff\u00e8re du parfum Yara Rose puisqu&#8217;elle est orange.<\/span><\/p>\n<h3><b>Nos conseils d&#8217;application<\/b><\/h3>\n<p><span style=\"font-weight: 400;\">Con\u00e7u pour durer toute la journ\u00e9e, ce <\/span><b>parfum de Duba\u00ef<\/b><span style=\"font-weight: 400;\"> offre une intensit\u00e9 mod\u00e9r\u00e9e \u00e0 forte qui saura vous accompagner de vos premi\u00e8res heures jusqu&#8217;au cr\u00e9puscule. Un <\/span><b>parfum de femmes<\/b><span style=\"font-weight: 400;\"> qui transcende les codes traditionnels de la parfumerie orientale.<\/span><\/p>\n<p><span style=\"font-weight: 400;\">Pour une exp\u00e9rience optimale, vaporisez sur vos zones de chaleur : poignets, cou, derri\u00e8re les oreilles. Une simple touche suffit pour diffuser un charme captivant. Alors, n&#8217;en mettez pas trop et laissez le parfum r\u00e9v\u00e9ler son pouvoir olfactif d\u00e9licatement.<\/span><\/p>\n<p><span style=\"font-weight: 400;\">Le parfum Yara Rose vous invite \u00e0 explorer votre f\u00e9minit\u00e9 la plus profonde, \u00e0 transcender les conventions et \u00e0 laisser votre personnalit\u00e9 rayonner. Chaque note r\u00e9veille des \u00e9motions, fait rena\u00eetre des souvenirs et \u00e9veille des sensations. Produit par Lattafa Perfumes, une maison r\u00e9put\u00e9e pour ses fragrances orientales exceptionnelles, il repr\u00e9sente le summum du raffinement olfactif. Il incarne la f\u00e9minit\u00e9 moderne, alliant avec \u00e9l\u00e9gance tradition et audace.<\/span><\/p>","protected":false},"excerpt":{"rendered":"<p>Note de t\u00eate : Ambre<br \/>\nNote de c\u0153ur : Bois de santal<br \/>\nNote de fond : Vanille<\/p>","protected":false},"featured_media":7666,"template":"","meta":[],"product_brand":[],"product_cat":[591],"product_tag":[],"class_list":{"0":"post-7811","1":"product","2":"type-product","3":"status-publish","4":"has-post-thumbnail","6":"product_cat-rupture-de-stock","8":"first","9":"instock","10":"sale","11":"purchasable","12":"product-type-simple"},"yoast_head":"<!-- This site is optimized with the Yoast SEO plugin v27.4 - https:\/\/yoast.com\/product\/yoast-seo-wordpress\/ -->\n<title>Eau de parfum Yara Rose 100 ml - Lattafa - Arabian Mood<\/title>\n<meta name=\"description\" content=\"Yara Rose Lattafa : le parfum oriental qui transcende les sens et r\u00e9v\u00e8le votre f\u00e9minit\u00e9. Sensuels et envo\u00fbtants, ses notes vous transportent.\" \/>\n<meta name=\"robots\" content=\"index, follow, max-snippet:-1, max-image-preview:large, max-video-preview:-1\" \/>\n<link rel=\"canonical\" href=\"https:\/\/arabian-mood.com\/pt\/product-2\/eau-de-parfum-yara-rose\/\" \/>\n<meta property=\"og:locale\" content=\"pt_PT\" \/>\n<meta property=\"og:type\" content=\"article\" \/>\n<meta property=\"og:title\" content=\"Eau de parfum Yara Rose 100 ml - Lattafa - Arabian Mood\" \/>\n<meta property=\"og:description\" content=\"Yara Rose Lattafa : le parfum oriental qui transcende les sens et r\u00e9v\u00e8le votre f\u00e9minit\u00e9. Sensuels et envo\u00fbtants, ses notes vous transportent.\" \/>\n<meta property=\"og:url\" content=\"https:\/\/arabian-mood.com\/pt\/product-2\/eau-de-parfum-yara-rose\/\" \/>\n<meta property=\"og:site_name\" content=\"Arabian Mood\" \/>\n<meta property=\"article:modified_time\" content=\"2026-01-20T12:12:29+00:00\" \/>\n<meta property=\"og:image\" content=\"https:\/\/arabian-mood.com\/wp-content\/uploads\/2024\/03\/yara.png\" \/>\n\t<meta property=\"og:image:width\" content=\"900\" \/>\n\t<meta property=\"og:image:height\" content=\"900\" \/>\n\t<meta property=\"og:image:type\" content=\"image\/png\" \/>\n<meta name=\"twitter:card\" content=\"summary_large_image\" \/>\n<meta name=\"twitter:label1\" content=\"Est. reading time\" \/>\n\t<meta name=\"twitter:data1\" content=\"3 minutos\" \/>\n<script type=\"application\/ld+json\" class=\"yoast-schema-graph\">{\"@context\":\"https:\\\/\\\/schema.org\",\"@graph\":[{\"@type\":\"WebPage\",\"@id\":\"https:\\\/\\\/arabian-mood.com\\\/produit\\\/eau-de-parfum-yara-rose\\\/\",\"url\":\"https:\\\/\\\/arabian-mood.com\\\/produit\\\/eau-de-parfum-yara-rose\\\/\",\"name\":\"Eau de parfum Yara Rose 100 ml - Lattafa - Arabian Mood\",\"isPartOf\":{\"@id\":\"https:\\\/\\\/arabian-mood.com\\\/#website\"},\"primaryImageOfPage\":{\"@id\":\"https:\\\/\\\/arabian-mood.com\\\/produit\\\/eau-de-parfum-yara-rose\\\/#primaryimage\"},\"image\":{\"@id\":\"https:\\\/\\\/arabian-mood.com\\\/produit\\\/eau-de-parfum-yara-rose\\\/#primaryimage\"},\"thumbnailUrl\":\"https:\\\/\\\/arabian-mood.com\\\/wp-content\\\/uploads\\\/2024\\\/03\\\/yara.png\",\"datePublished\":\"2024-03-29T11:45:39+00:00\",\"dateModified\":\"2026-01-20T12:12:29+00:00\",\"description\":\"Yara Rose Lattafa : le parfum oriental qui transcende les sens et r\u00e9v\u00e8le votre f\u00e9minit\u00e9. Sensuels et envo\u00fbtants, ses notes vous transportent.\",\"breadcrumb\":{\"@id\":\"https:\\\/\\\/arabian-mood.com\\\/produit\\\/eau-de-parfum-yara-rose\\\/#breadcrumb\"},\"inLanguage\":\"pt-PT\",\"potentialAction\":[{\"@type\":\"ReadAction\",\"target\":[\"https:\\\/\\\/arabian-mood.com\\\/produit\\\/eau-de-parfum-yara-rose\\\/\"]}]},{\"@type\":\"ImageObject\",\"inLanguage\":\"pt-PT\",\"@id\":\"https:\\\/\\\/arabian-mood.com\\\/produit\\\/eau-de-parfum-yara-rose\\\/#primaryimage\",\"url\":\"https:\\\/\\\/arabian-mood.com\\\/wp-content\\\/uploads\\\/2024\\\/03\\\/yara.png\",\"contentUrl\":\"https:\\\/\\\/arabian-mood.com\\\/wp-content\\\/uploads\\\/2024\\\/03\\\/yara.png\",\"width\":900,\"height\":900,\"caption\":\"Flacon du parfum Yara Rose\"},{\"@type\":\"BreadcrumbList\",\"@id\":\"https:\\\/\\\/arabian-mood.com\\\/produit\\\/eau-de-parfum-yara-rose\\\/#breadcrumb\",\"itemListElement\":[{\"@type\":\"ListItem\",\"position\":1,\"name\":\"Accueil\",\"item\":\"https:\\\/\\\/arabian-mood.com\\\/\"},{\"@type\":\"ListItem\",\"position\":2,\"name\":\"Boutique\",\"item\":\"https:\\\/\\\/arabian-mood.com\\\/boutique\\\/\"},{\"@type\":\"ListItem\",\"position\":3,\"name\":\"Eau de parfum Yara Rose 100 ml &#8211; Lattafa\"}]},{\"@type\":\"WebSite\",\"@id\":\"https:\\\/\\\/arabian-mood.com\\\/#website\",\"url\":\"https:\\\/\\\/arabian-mood.com\\\/\",\"name\":\"Arabian Mood\",\"description\":\"\",\"publisher\":{\"@id\":\"https:\\\/\\\/arabian-mood.com\\\/#organization\"},\"potentialAction\":[{\"@type\":\"SearchAction\",\"target\":{\"@type\":\"EntryPoint\",\"urlTemplate\":\"https:\\\/\\\/arabian-mood.com\\\/?s={search_term_string}\"},\"query-input\":{\"@type\":\"PropertyValueSpecification\",\"valueRequired\":true,\"valueName\":\"search_term_string\"}}],\"inLanguage\":\"pt-PT\"},{\"@type\":\"Organization\",\"@id\":\"https:\\\/\\\/arabian-mood.com\\\/#organization\",\"name\":\"Arabian Mood\",\"url\":\"https:\\\/\\\/arabian-mood.com\\\/\",\"logo\":{\"@type\":\"ImageObject\",\"inLanguage\":\"pt-PT\",\"@id\":\"https:\\\/\\\/arabian-mood.com\\\/#\\\/schema\\\/logo\\\/image\\\/\",\"url\":\"https:\\\/\\\/arabian-mood.com\\\/wp-content\\\/uploads\\\/2024\\\/09\\\/Groupe-11304.svg\",\"contentUrl\":\"https:\\\/\\\/arabian-mood.com\\\/wp-content\\\/uploads\\\/2024\\\/09\\\/Groupe-11304.svg\",\"width\":214,\"height\":27,\"caption\":\"Arabian Mood\"},\"image\":{\"@id\":\"https:\\\/\\\/arabian-mood.com\\\/#\\\/schema\\\/logo\\\/image\\\/\"},\"sameAs\":[\"https:\\\/\\\/www.instagram.com\\\/arabianmoodofficiel\\\/\"]}]}<\/script>\n<!-- \/ Yoast SEO plugin. -->","yoast_head_json":{"title":"Eau de parfum Yara Rose 100 ml - Lattafa - Arabian Mood","description":"Yara Rose Lattafa : le parfum oriental qui transcende les sens et r\u00e9v\u00e8le votre f\u00e9minit\u00e9. Sensuels et envo\u00fbtants, ses notes vous transportent.","robots":{"index":"index","follow":"follow","max-snippet":"max-snippet:-1","max-image-preview":"max-image-preview:large","max-video-preview":"max-video-preview:-1"},"canonical":"https:\/\/arabian-mood.com\/pt\/product-2\/eau-de-parfum-yara-rose\/","og_locale":"pt_PT","og_type":"article","og_title":"Eau de parfum Yara Rose 100 ml - Lattafa - Arabian Mood","og_description":"Yara Rose Lattafa : le parfum oriental qui transcende les sens et r\u00e9v\u00e8le votre f\u00e9minit\u00e9. Sensuels et envo\u00fbtants, ses notes vous transportent.","og_url":"https:\/\/arabian-mood.com\/pt\/product-2\/eau-de-parfum-yara-rose\/","og_site_name":"Arabian Mood","article_modified_time":"2026-01-20T12:12:29+00:00","og_image":[{"width":900,"height":900,"url":"https:\/\/arabian-mood.com\/wp-content\/uploads\/2024\/03\/yara.png","type":"image\/png"}],"twitter_card":"summary_large_image","twitter_misc":{"Est. reading time":"3 minutos"},"schema":{"@context":"https:\/\/schema.org","@graph":[{"@type":"WebPage","@id":"https:\/\/arabian-mood.com\/produit\/eau-de-parfum-yara-rose\/","url":"https:\/\/arabian-mood.com\/produit\/eau-de-parfum-yara-rose\/","name":"Eau de parfum Yara Rose 100 ml - Lattafa - Arabian Mood","isPartOf":{"@id":"https:\/\/arabian-mood.com\/#website"},"primaryImageOfPage":{"@id":"https:\/\/arabian-mood.com\/produit\/eau-de-parfum-yara-rose\/#primaryimage"},"image":{"@id":"https:\/\/arabian-mood.com\/produit\/eau-de-parfum-yara-rose\/#primaryimage"},"thumbnailUrl":"https:\/\/arabian-mood.com\/wp-content\/uploads\/2024\/03\/yara.png","datePublished":"2024-03-29T11:45:39+00:00","dateModified":"2026-01-20T12:12:29+00:00","description":"Yara Rose Lattafa : le parfum oriental qui transcende les sens et r\u00e9v\u00e8le votre f\u00e9minit\u00e9. Sensuels et envo\u00fbtants, ses notes vous transportent.","breadcrumb":{"@id":"https:\/\/arabian-mood.com\/produit\/eau-de-parfum-yara-rose\/#breadcrumb"},"inLanguage":"pt-PT","potentialAction":[{"@type":"ReadAction","target":["https:\/\/arabian-mood.com\/produit\/eau-de-parfum-yara-rose\/"]}]},{"@type":"ImageObject","inLanguage":"pt-PT","@id":"https:\/\/arabian-mood.com\/produit\/eau-de-parfum-yara-rose\/#primaryimage","url":"https:\/\/arabian-mood.com\/wp-content\/uploads\/2024\/03\/yara.png","contentUrl":"https:\/\/arabian-mood.com\/wp-content\/uploads\/2024\/03\/yara.png","width":900,"height":900,"caption":"Flacon du parfum Yara Rose"},{"@type":"BreadcrumbList","@id":"https:\/\/arabian-mood.com\/produit\/eau-de-parfum-yara-rose\/#breadcrumb","itemListElement":[{"@type":"ListItem","position":1,"name":"Accueil","item":"https:\/\/arabian-mood.com\/"},{"@type":"ListItem","position":2,"name":"Boutique","item":"https:\/\/arabian-mood.com\/boutique\/"},{"@type":"ListItem","position":3,"name":"Eau de parfum Yara Rose 100 ml &#8211; Lattafa"}]},{"@type":"WebSite","@id":"https:\/\/arabian-mood.com\/#website","url":"https:\/\/arabian-mood.com\/","name":"Ambiente \u00c1rabe","description":"","publisher":{"@id":"https:\/\/arabian-mood.com\/#organization"},"potentialAction":[{"@type":"SearchAction","target":{"@type":"EntryPoint","urlTemplate":"https:\/\/arabian-mood.com\/?s={search_term_string}"},"query-input":{"@type":"PropertyValueSpecification","valueRequired":true,"valueName":"search_term_string"}}],"inLanguage":"pt-PT"},{"@type":"Organization","@id":"https:\/\/arabian-mood.com\/#organization","name":"Ambiente \u00c1rabe","url":"https:\/\/arabian-mood.com\/","logo":{"@type":"ImageObject","inLanguage":"pt-PT","@id":"https:\/\/arabian-mood.com\/#\/schema\/logo\/image\/","url":"https:\/\/arabian-mood.com\/wp-content\/uploads\/2024\/09\/Groupe-11304.svg","contentUrl":"https:\/\/arabian-mood.com\/wp-content\/uploads\/2024\/09\/Groupe-11304.svg","width":214,"height":27,"caption":"Arabian Mood"},"image":{"@id":"https:\/\/arabian-mood.com\/#\/schema\/logo\/image\/"},"sameAs":["https:\/\/www.instagram.com\/arabianmoodofficiel\/"]}]}},"_links":{"self":[{"href":"https:\/\/arabian-mood.com\/pt\/wp-json\/wp\/v2\/product\/7811","targetHints":{"allow":["GET"]}}],"collection":[{"href":"https:\/\/arabian-mood.com\/pt\/wp-json\/wp\/v2\/product"}],"about":[{"href":"https:\/\/arabian-mood.com\/pt\/wp-json\/wp\/v2\/types\/product"}],"wp:featuredmedia":[{"embeddable":true,"href":"https:\/\/arabian-mood.com\/pt\/wp-json\/wp\/v2\/media\/7666"}],"wp:attachment":[{"href":"https:\/\/arabian-mood.com\/pt\/wp-json\/wp\/v2\/media?parent=7811"}],"wp:term":[{"taxonomy":"product_brand","embeddable":true,"href":"https:\/\/arabian-mood.com\/pt\/wp-json\/wp\/v2\/product_brand?post=7811"},{"taxonomy":"product_cat","embeddable":true,"href":"https:\/\/arabian-mood.com\/pt\/wp-json\/wp\/v2\/product_cat?post=7811"},{"taxonomy":"product_tag","embeddable":true,"href":"https:\/\/arabian-mood.com\/pt\/wp-json\/wp\/v2\/product_tag?post=7811"}],"curies":[{"name":"wp","href":"https:\/\/api.w.org\/{rel}","templated":true}]}}