{"id":7814,"date":"2024-03-29T12:45:39","date_gmt":"2024-03-29T11:45:39","guid":{"rendered":"https:\/\/arabian-mood.com\/produit\/qaed-al-fursan\/"},"modified":"2026-01-20T13:14:13","modified_gmt":"2026-01-20T12:14:13","slug":"qaed-al-fursan","status":"publish","type":"product","link":"https:\/\/arabian-mood.com\/pt\/produit\/qaed-al-fursan\/","title":{"rendered":"QAED AL FURSAN"},"content":{"rendered":"<p>Qaed Al Fursan por Lattafa<br \/>\nEntre frescura, pureza e dinamismo, o Qaed Al Fursan da casa Lattafa Perfumes \u00e9 uma refer\u00eancia incontorn\u00e1vel. Dotada de uma eleg\u00e2ncia que fala por si, esta fragr\u00e2ncia cria a surpresa desde os primeiros instantes.<\/p>\n<p>Descri\u00e7\u00e3o olfativa<\/p>\n<p>De entrada, as notas ex\u00f3ticas de anan\u00e1s e bergamota explodem no topo desta fragr\u00e2ncia aliciante. Um toque sensual e doce, proporcionado pela mistura subtil de rosa e jasmim, \u00e9 assim sentido nas notas de cora\u00e7\u00e3o. Adicionalmente, esta arma olfativa termina numa base de \u00e2mbar e baunilha gulosa.<\/p>\n<p>Qaed al Fursan, da Lattafa, encerra o seu aroma numa garrafa de formas cl\u00e1ssicas com uma tampa magn\u00e9tica. Com subtileza, a grava\u00e7\u00e3o de um cavalo de puro-sangue na caixa remete-nos diretamente para o significado da tradu\u00e7\u00e3o do nome dado a esta obra-prima: \u201co mestre dos cavaleiros\u201d.\u201d<\/p>\n<p>Como usar o seu perfume Qaed Al Fursan By Lattafa?<\/p>\n<p>Pode acompanhar o seu Qaed al fursan da Lattafa com um \u00f3leo de perfume doce ou com a magn\u00edfica fragr\u00e2ncia musk baunilha da perfumaria Maison Alhambra, al\u00e9m disso, a sua aura tornar-se-\u00e1 ainda mais intensa e envolvente. A mistura de duas fragr\u00e2ncias cria uma combina\u00e7\u00e3o \u00fanica, que tornar\u00e1 o seu aroma ainda mais pessoal.<\/p>\n<p>A hist\u00f3ria do perfumista<\/p>\n<p>Fundada nos anos 80, com uma vis\u00e3o inicial de satisfazer a clientela dos pa\u00edses do Golfo. D\u00e9cadas mais tarde, a Lattafa imp\u00f4s a sua vis\u00e3o na perfumaria moderna. Da embalagem \u00e0 fragr\u00e2ncia, as cria\u00e7\u00f5es n\u00e3o deixam nada ao acaso. Com v\u00e1rios sucessos no seu curr\u00edculo, a sua inspira\u00e7\u00e3o n\u00e3o para de nos encantar. O objetivo da casa \u00e9 simples: dar-lhe acesso \u00e0 perfumaria de luxo a um pre\u00e7o mais acess\u00edvel. Entre cultura e modernidade, os best-sellers da marca refletem o know-how dos criadores de perfumes em Dubai. Conce\u00e7\u00f5es \u00fanicas \u00e0 base de mat\u00e9rias-primas nobres, o Oud, o Alm\u00edscar, a baunilha e muitas outras. Hoje, com v\u00e1rios anos de experi\u00eancia no mundo da perfumaria, a casa Lattafa Perfumes \u00e9 O perfumista do momento em Dubai.<\/p>","protected":false},"excerpt":{"rendered":"<p>Notas de topo: Anan\u00e1s, Alm\u00edscar Branco<\/p>\n<p>Notas de cora\u00e7\u00e3o: Jasmim, Rosa<\/p>\n<p>Notas de fundo: Madeira de Oud, Madeira de Cedro, \u00c2mbar<\/p>","protected":false},"featured_media":3822,"template":"","meta":[],"product_brand":[],"product_cat":[591],"product_tag":[],"class_list":{"0":"post-7814","1":"product","2":"type-product","3":"status-publish","4":"has-post-thumbnail","6":"product_cat-rupture-de-stock","8":"first","9":"instock","10":"sale","11":"purchasable","12":"product-type-simple"},"yoast_head":"<!-- This site is optimized with the Yoast SEO plugin v27.5 - https:\/\/yoast.com\/product\/yoast-seo-wordpress\/ -->\n<title>QAED AL FURSAN - Arabian Mood<\/title>\n<meta name=\"robots\" content=\"index, follow, max-snippet:-1, max-image-preview:large, max-video-preview:-1\" \/>\n<link rel=\"canonical\" href=\"https:\/\/arabian-mood.com\/pt\/product-2\/qaed-al-fursan\/\" \/>\n<meta property=\"og:locale\" content=\"pt_PT\" \/>\n<meta property=\"og:type\" content=\"article\" \/>\n<meta property=\"og:title\" content=\"QAED AL FURSAN - Arabian Mood\" \/>\n<meta property=\"og:description\" content=\"Notes de t\u00eate: , Ananas, Musc Blanc  Notes de c\u0153ur: Jasmin, Rose  Notes de fond: Bois de Oud, Bois de C\u00e8dre, Ambre\" \/>\n<meta property=\"og:url\" content=\"https:\/\/arabian-mood.com\/pt\/product-2\/qaed-al-fursan\/\" \/>\n<meta property=\"og:site_name\" content=\"Arabian Mood\" \/>\n<meta property=\"article:modified_time\" content=\"2026-01-20T12:14:13+00:00\" \/>\n<meta property=\"og:image\" content=\"https:\/\/arabian-mood.com\/wp-content\/uploads\/2021\/11\/QAED-AL-FURSAN.png\" \/>\n\t<meta property=\"og:image:width\" content=\"570\" \/>\n\t<meta property=\"og:image:height\" content=\"730\" \/>\n\t<meta property=\"og:image:type\" content=\"image\/png\" \/>\n<meta name=\"twitter:card\" content=\"summary_large_image\" \/>\n<meta name=\"twitter:label1\" content=\"Tempo estimado de leitura\" \/>\n\t<meta name=\"twitter:data1\" content=\"2 minutos\" \/>\n<script type=\"application\/ld+json\" class=\"yoast-schema-graph\">{\"@context\":\"https:\\\/\\\/schema.org\",\"@graph\":[{\"@type\":\"WebPage\",\"@id\":\"https:\\\/\\\/arabian-mood.com\\\/produit\\\/qaed-al-fursan\\\/\",\"url\":\"https:\\\/\\\/arabian-mood.com\\\/produit\\\/qaed-al-fursan\\\/\",\"name\":\"QAED AL FURSAN - Arabian Mood\",\"isPartOf\":{\"@id\":\"https:\\\/\\\/arabian-mood.com\\\/#website\"},\"primaryImageOfPage\":{\"@id\":\"https:\\\/\\\/arabian-mood.com\\\/produit\\\/qaed-al-fursan\\\/#primaryimage\"},\"image\":{\"@id\":\"https:\\\/\\\/arabian-mood.com\\\/produit\\\/qaed-al-fursan\\\/#primaryimage\"},\"thumbnailUrl\":\"https:\\\/\\\/arabian-mood.com\\\/wp-content\\\/uploads\\\/2021\\\/11\\\/QAED-AL-FURSAN.png\",\"datePublished\":\"2024-03-29T11:45:39+00:00\",\"dateModified\":\"2026-01-20T12:14:13+00:00\",\"breadcrumb\":{\"@id\":\"https:\\\/\\\/arabian-mood.com\\\/produit\\\/qaed-al-fursan\\\/#breadcrumb\"},\"inLanguage\":\"pt-PT\",\"potentialAction\":[{\"@type\":\"ReadAction\",\"target\":[\"https:\\\/\\\/arabian-mood.com\\\/produit\\\/qaed-al-fursan\\\/\"]}]},{\"@type\":\"ImageObject\",\"inLanguage\":\"pt-PT\",\"@id\":\"https:\\\/\\\/arabian-mood.com\\\/produit\\\/qaed-al-fursan\\\/#primaryimage\",\"url\":\"https:\\\/\\\/arabian-mood.com\\\/wp-content\\\/uploads\\\/2021\\\/11\\\/QAED-AL-FURSAN.png\",\"contentUrl\":\"https:\\\/\\\/arabian-mood.com\\\/wp-content\\\/uploads\\\/2021\\\/11\\\/QAED-AL-FURSAN.png\",\"width\":570,\"height\":730},{\"@type\":\"BreadcrumbList\",\"@id\":\"https:\\\/\\\/arabian-mood.com\\\/produit\\\/qaed-al-fursan\\\/#breadcrumb\",\"itemListElement\":[{\"@type\":\"ListItem\",\"position\":1,\"name\":\"Accueil\",\"item\":\"https:\\\/\\\/arabian-mood.com\\\/\"},{\"@type\":\"ListItem\",\"position\":2,\"name\":\"Boutique\",\"item\":\"https:\\\/\\\/arabian-mood.com\\\/boutique\\\/\"},{\"@type\":\"ListItem\",\"position\":3,\"name\":\"QAED AL FURSAN\"}]},{\"@type\":\"WebSite\",\"@id\":\"https:\\\/\\\/arabian-mood.com\\\/#website\",\"url\":\"https:\\\/\\\/arabian-mood.com\\\/\",\"name\":\"Arabian Mood\",\"description\":\"\",\"publisher\":{\"@id\":\"https:\\\/\\\/arabian-mood.com\\\/#organization\"},\"potentialAction\":[{\"@type\":\"SearchAction\",\"target\":{\"@type\":\"EntryPoint\",\"urlTemplate\":\"https:\\\/\\\/arabian-mood.com\\\/?s={search_term_string}\"},\"query-input\":{\"@type\":\"PropertyValueSpecification\",\"valueRequired\":true,\"valueName\":\"search_term_string\"}}],\"inLanguage\":\"pt-PT\"},{\"@type\":\"Organization\",\"@id\":\"https:\\\/\\\/arabian-mood.com\\\/#organization\",\"name\":\"Arabian Mood\",\"url\":\"https:\\\/\\\/arabian-mood.com\\\/\",\"logo\":{\"@type\":\"ImageObject\",\"inLanguage\":\"pt-PT\",\"@id\":\"https:\\\/\\\/arabian-mood.com\\\/#\\\/schema\\\/logo\\\/image\\\/\",\"url\":\"https:\\\/\\\/arabian-mood.com\\\/wp-content\\\/uploads\\\/2024\\\/09\\\/Groupe-11304.svg\",\"contentUrl\":\"https:\\\/\\\/arabian-mood.com\\\/wp-content\\\/uploads\\\/2024\\\/09\\\/Groupe-11304.svg\",\"width\":214,\"height\":27,\"caption\":\"Arabian Mood\"},\"image\":{\"@id\":\"https:\\\/\\\/arabian-mood.com\\\/#\\\/schema\\\/logo\\\/image\\\/\"},\"sameAs\":[\"https:\\\/\\\/www.instagram.com\\\/arabianmoodofficiel\\\/\"]}]}<\/script>\n<!-- \/ Yoast SEO plugin. -->","yoast_head_json":{"title":"QAED AL FURSAN - Arabian Mood","robots":{"index":"index","follow":"follow","max-snippet":"max-snippet:-1","max-image-preview":"max-image-preview:large","max-video-preview":"max-video-preview:-1"},"canonical":"https:\/\/arabian-mood.com\/pt\/product-2\/qaed-al-fursan\/","og_locale":"pt_PT","og_type":"article","og_title":"QAED AL FURSAN - Arabian Mood","og_description":"Notes de t\u00eate: , Ananas, Musc Blanc  Notes de c\u0153ur: Jasmin, Rose  Notes de fond: Bois de Oud, Bois de C\u00e8dre, Ambre","og_url":"https:\/\/arabian-mood.com\/pt\/product-2\/qaed-al-fursan\/","og_site_name":"Arabian Mood","article_modified_time":"2026-01-20T12:14:13+00:00","og_image":[{"width":570,"height":730,"url":"https:\/\/arabian-mood.com\/wp-content\/uploads\/2021\/11\/QAED-AL-FURSAN.png","type":"image\/png"}],"twitter_card":"summary_large_image","twitter_misc":{"Tempo estimado de leitura":"2 minutos"},"schema":{"@context":"https:\/\/schema.org","@graph":[{"@type":"WebPage","@id":"https:\/\/arabian-mood.com\/produit\/qaed-al-fursan\/","url":"https:\/\/arabian-mood.com\/produit\/qaed-al-fursan\/","name":"QAED AL FURSAN - Arabian Mood","isPartOf":{"@id":"https:\/\/arabian-mood.com\/#website"},"primaryImageOfPage":{"@id":"https:\/\/arabian-mood.com\/produit\/qaed-al-fursan\/#primaryimage"},"image":{"@id":"https:\/\/arabian-mood.com\/produit\/qaed-al-fursan\/#primaryimage"},"thumbnailUrl":"https:\/\/arabian-mood.com\/wp-content\/uploads\/2021\/11\/QAED-AL-FURSAN.png","datePublished":"2024-03-29T11:45:39+00:00","dateModified":"2026-01-20T12:14:13+00:00","breadcrumb":{"@id":"https:\/\/arabian-mood.com\/produit\/qaed-al-fursan\/#breadcrumb"},"inLanguage":"pt-PT","potentialAction":[{"@type":"ReadAction","target":["https:\/\/arabian-mood.com\/produit\/qaed-al-fursan\/"]}]},{"@type":"ImageObject","inLanguage":"pt-PT","@id":"https:\/\/arabian-mood.com\/produit\/qaed-al-fursan\/#primaryimage","url":"https:\/\/arabian-mood.com\/wp-content\/uploads\/2021\/11\/QAED-AL-FURSAN.png","contentUrl":"https:\/\/arabian-mood.com\/wp-content\/uploads\/2021\/11\/QAED-AL-FURSAN.png","width":570,"height":730},{"@type":"BreadcrumbList","@id":"https:\/\/arabian-mood.com\/produit\/qaed-al-fursan\/#breadcrumb","itemListElement":[{"@type":"ListItem","position":1,"name":"Accueil","item":"https:\/\/arabian-mood.com\/"},{"@type":"ListItem","position":2,"name":"Boutique","item":"https:\/\/arabian-mood.com\/boutique\/"},{"@type":"ListItem","position":3,"name":"QAED AL FURSAN"}]},{"@type":"WebSite","@id":"https:\/\/arabian-mood.com\/#website","url":"https:\/\/arabian-mood.com\/","name":"Ambiente \u00c1rabe","description":"","publisher":{"@id":"https:\/\/arabian-mood.com\/#organization"},"potentialAction":[{"@type":"SearchAction","target":{"@type":"EntryPoint","urlTemplate":"https:\/\/arabian-mood.com\/?s={search_term_string}"},"query-input":{"@type":"PropertyValueSpecification","valueRequired":true,"valueName":"search_term_string"}}],"inLanguage":"pt-PT"},{"@type":"Organization","@id":"https:\/\/arabian-mood.com\/#organization","name":"Ambiente \u00c1rabe","url":"https:\/\/arabian-mood.com\/","logo":{"@type":"ImageObject","inLanguage":"pt-PT","@id":"https:\/\/arabian-mood.com\/#\/schema\/logo\/image\/","url":"https:\/\/arabian-mood.com\/wp-content\/uploads\/2024\/09\/Groupe-11304.svg","contentUrl":"https:\/\/arabian-mood.com\/wp-content\/uploads\/2024\/09\/Groupe-11304.svg","width":214,"height":27,"caption":"Arabian Mood"},"image":{"@id":"https:\/\/arabian-mood.com\/#\/schema\/logo\/image\/"},"sameAs":["https:\/\/www.instagram.com\/arabianmoodofficiel\/"]}]}},"_links":{"self":[{"href":"https:\/\/arabian-mood.com\/pt\/wp-json\/wp\/v2\/product\/7814","targetHints":{"allow":["GET"]}}],"collection":[{"href":"https:\/\/arabian-mood.com\/pt\/wp-json\/wp\/v2\/product"}],"about":[{"href":"https:\/\/arabian-mood.com\/pt\/wp-json\/wp\/v2\/types\/product"}],"wp:featuredmedia":[{"embeddable":true,"href":"https:\/\/arabian-mood.com\/pt\/wp-json\/wp\/v2\/media\/3822"}],"wp:attachment":[{"href":"https:\/\/arabian-mood.com\/pt\/wp-json\/wp\/v2\/media?parent=7814"}],"wp:term":[{"taxonomy":"product_brand","embeddable":true,"href":"https:\/\/arabian-mood.com\/pt\/wp-json\/wp\/v2\/product_brand?post=7814"},{"taxonomy":"product_cat","embeddable":true,"href":"https:\/\/arabian-mood.com\/pt\/wp-json\/wp\/v2\/product_cat?post=7814"},{"taxonomy":"product_tag","embeddable":true,"href":"https:\/\/arabian-mood.com\/pt\/wp-json\/wp\/v2\/product_tag?post=7814"}],"curies":[{"name":"wp","href":"https:\/\/api.w.org\/{rel}","templated":true}]}}