{"id":7818,"date":"2024-03-29T12:45:43","date_gmt":"2024-03-29T11:45:43","guid":{"rendered":"https:\/\/arabian-mood.com\/produit\/khamra\/"},"modified":"2026-04-05T15:21:38","modified_gmt":"2026-04-05T13:21:38","slug":"khamrah-lattafa-eau-de-parfum","status":"publish","type":"product","link":"https:\/\/arabian-mood.com\/pt\/produit\/khamrah-lattafa-eau-de-parfum\/","title":{"rendered":"Khamrah Lattafa | Eau de parfum 100 ml"},"content":{"rendered":"<p>Au d\u00e9part, les amateurs le d\u00e9crivaient comme un parfum distinctif, une nouveaut\u00e9 olfactive promise \u00e0 un bel avenir. Mais en tr\u00e8s peu de temps, <strong>Khamrah Lattafa<\/strong> a fini par devenir une r\u00e9f\u00e9rence de la <strong>perfumaria \u00e1rabe<\/strong>.<\/p>\n<p>Adoptez-le d\u00e8s \u00e0 pr\u00e9sent et conformez-vous \u00e0 la tendance. Sa senteur sucr\u00e9e et envo\u00fbtante marquera votre odorat. Quant \u00e0 son flacon, c&#8217;est un objet qu&#8217;on prend plaisir \u00e0 contempler. Il fait de chaque vaporisation un geste d\u00e9licat.<\/p>\n<h2>Khamrah Lattafa : le secret le mieux gard\u00e9 de Lattafa Perfumes<\/h2>\n<p>D\u00e8s les premiers instants, ce <strong>parfum de Duba\u00ef<\/strong> surprend avec un d\u00e9licieux m\u00e9lange de <strong>bergamota<\/strong> fra\u00eeche et de <strong>dattes<\/strong> sucr\u00e9es. Il donne l&#8217;impression de mordre dans un fruit exotique pendant une promenade dans un jardin d&#8217;agrumes. Cette note de t\u00eate gourmande donne imm\u00e9diatement le ton. On a affaire \u00e0 une fragrance r\u00e9solument diff\u00e9rente de ce qui se fait d&#8217;ordinaire. Profitez-en \u00e9galement pour ajouter \u00e0 votre panier <a href=\"https:\/\/arabian-mood.com\/pt\/product-2\/patisserie-voux\/\"><strong>Voux Patisserie<\/strong><\/a>, outro <strong>perfume gourmet<\/strong> promis \u00e0 un avenir radieux.<\/p>\n<p>Ensuite, la\u00a0<strong>canela<\/strong> forme un duo \u00e9pic\u00e9 avec la <strong>noix de muscade<\/strong>, adouci par la touche florale de la <strong>tub\u00e9reuse<\/strong>. C&#8217;est l\u00e0 que le <strong>parfum Khamrah<\/strong> Lattafa d\u00e9voile toute sa splendeur et sa sensualit\u00e9. Pour terminer, la note de fond compos\u00e9e de <strong>baunilha<\/strong> e de <strong>pralin\u00e9<\/strong> cr\u00e9e une douceur addictive. La <strong>fava tonka<\/strong> s&#8217;ajoute \u00e0 ces ingr\u00e9dients pour apporter une touche gourmande. La pr\u00e9sence de l&#8217;<strong>\u00e2mbar<\/strong> bois\u00e9 et de la <strong>myrrhe<\/strong> nous rappelle qu&#8217;il s&#8217;agit d&#8217;un <strong>perfume oriental<\/strong>.<\/p>\n<h3>Le parfum khamrah Lattafa concerne tout le monde<\/h3>\n<p>Hommes ou femmes, \u00e9t\u00e9 comme hiver, ce <strong>perfume unissexo<\/strong> s&#8217;adapte \u00e0 tous. Son sillage remarquable vous suit toute la journ\u00e9e sans jamais devenir envahissant. Le flacon luxueux ajoute aussi une touche d&#8217;\u00e9l\u00e9gance \u00e0 votre <strong>collection de parfums<\/strong>.<\/p>\n<p>Sa capacit\u00e9 \u00e0 se marier parfaitement avec d&#8217;autres fragrances fait aussi toute sa force. Les amateurs connaissent la\u00a0<strong>technique de la superposition<\/strong> qui consiste \u00e0 combiner plusieurs parfums. Essayez-la en la vaporisant apr\u00e8s une <strong>huile parfum\u00e9e<\/strong>. Le r\u00e9sultat est simplement \u00e9poustouflant. Il vous permet d&#8217;ailleurs de cr\u00e9er votre signature olfactive personnelle.<\/p>\n<h3>Pourquoi tout le monde le convoite\u00a0?<\/h3>\n<p>Le parfum Khamrah dit au monde que vous appr\u00e9ciez la qualit\u00e9 et que vous n&#8217;avez pas peur de sortir des sentiers battus. Son packaging luxueux en fait aussi un cadeau parfait pour quelqu&#8217;un de sp\u00e9cial. N&#8217;attendez plus pour d\u00e9couvrir pourquoi il fait tant parler de lui. Laissez donc cette fragrance vous emmener dans un voyage sensoriel dont vous ne voudrez plus revenir.<\/p>","protected":false},"excerpt":{"rendered":"<ul>\n<li><strong>Notas de topo<\/strong> : Bergamote, Noix de Muscade, Cannelle<\/li>\n<li><strong>Notas de cora\u00e7\u00e3o<\/strong> : Dattes, Mahonial, Pralin\u00e9, Tub\u00e9reuse<\/li>\n<li><strong>Notas de fundo<\/strong> : Myrrhe, f\u00e8ve Tonka grill\u00e9e, Vanille, Benjoin, Ambre, Bois d\u2019Akigala.<\/li>\n<\/ul>\n<p><strong>G\u00e9nero<\/strong> misto<\/p>","protected":false},"featured_media":8964,"template":"","meta":[],"product_brand":[],"product_cat":[518,590,152,433],"product_tag":[],"class_list":{"0":"post-7818","1":"product","2":"type-product","3":"status-publish","4":"has-post-thumbnail","6":"product_cat-lattafa","7":"product_cat-parfum-dubai-mixte","8":"product_cat-mixte","9":"product_cat-parfums-de-dubai","11":"first","12":"instock","13":"purchasable","14":"product-type-simple"},"yoast_head":"<!-- This site is optimized with the Yoast SEO plugin v27.5 - https:\/\/yoast.com\/product\/yoast-seo-wordpress\/ -->\n<title>Eau de parfum mixte Khamrah 100 ml | Lattafa<\/title>\n<meta name=\"description\" content=\"D\u00e9couvrez le parfum Khamrah Lattafa, un des derniers best-sellers de la parfumerie orientale. Une fragrance luxueuse et mixte.\" \/>\n<meta name=\"robots\" content=\"index, follow, max-snippet:-1, max-image-preview:large, max-video-preview:-1\" \/>\n<link rel=\"canonical\" href=\"https:\/\/arabian-mood.com\/pt\/product-2\/khamrah-lattafa-eau-de-parfum\/\" \/>\n<meta property=\"og:locale\" content=\"pt_PT\" \/>\n<meta property=\"og:type\" content=\"article\" \/>\n<meta property=\"og:title\" content=\"Eau de parfum mixte Khamrah 100 ml | Lattafa\" \/>\n<meta property=\"og:description\" content=\"D\u00e9couvrez le parfum Khamrah Lattafa, un des derniers best-sellers de la parfumerie orientale. Une fragrance luxueuse et mixte.\" \/>\n<meta property=\"og:url\" content=\"https:\/\/arabian-mood.com\/pt\/product-2\/khamrah-lattafa-eau-de-parfum\/\" \/>\n<meta property=\"og:site_name\" content=\"Arabian Mood\" \/>\n<meta property=\"article:modified_time\" content=\"2026-04-05T13:21:38+00:00\" \/>\n<meta property=\"og:image\" content=\"https:\/\/arabian-mood.com\/wp-content\/uploads\/2024\/03\/Lattafa-Khamrah-EDP-100ml-U-768x768-1.jpg\" \/>\n\t<meta property=\"og:image:width\" content=\"600\" \/>\n\t<meta property=\"og:image:height\" content=\"600\" \/>\n\t<meta property=\"og:image:type\" content=\"image\/jpeg\" \/>\n<meta name=\"twitter:card\" content=\"summary_large_image\" \/>\n<meta name=\"twitter:label1\" content=\"Tempo estimado de leitura\" \/>\n\t<meta name=\"twitter:data1\" content=\"3 minutos\" \/>\n<script type=\"application\/ld+json\" class=\"yoast-schema-graph\">{\"@context\":\"https:\\\/\\\/schema.org\",\"@graph\":[{\"@type\":\"WebPage\",\"@id\":\"https:\\\/\\\/arabian-mood.com\\\/produit\\\/khamrah-lattafa-eau-de-parfum\\\/\",\"url\":\"https:\\\/\\\/arabian-mood.com\\\/produit\\\/khamrah-lattafa-eau-de-parfum\\\/\",\"name\":\"Eau de parfum mixte Khamrah 100 ml | Lattafa\",\"isPartOf\":{\"@id\":\"https:\\\/\\\/arabian-mood.com\\\/#website\"},\"primaryImageOfPage\":{\"@id\":\"https:\\\/\\\/arabian-mood.com\\\/produit\\\/khamrah-lattafa-eau-de-parfum\\\/#primaryimage\"},\"image\":{\"@id\":\"https:\\\/\\\/arabian-mood.com\\\/produit\\\/khamrah-lattafa-eau-de-parfum\\\/#primaryimage\"},\"thumbnailUrl\":\"https:\\\/\\\/arabian-mood.com\\\/wp-content\\\/uploads\\\/2024\\\/03\\\/Lattafa-Khamrah-EDP-100ml-U-768x768-1.jpg\",\"datePublished\":\"2024-03-29T11:45:43+00:00\",\"dateModified\":\"2026-04-05T13:21:38+00:00\",\"description\":\"D\u00e9couvrez le parfum Khamrah Lattafa, un des derniers best-sellers de la parfumerie orientale. Une fragrance luxueuse et mixte.\",\"breadcrumb\":{\"@id\":\"https:\\\/\\\/arabian-mood.com\\\/produit\\\/khamrah-lattafa-eau-de-parfum\\\/#breadcrumb\"},\"inLanguage\":\"pt-PT\",\"potentialAction\":[{\"@type\":\"ReadAction\",\"target\":[\"https:\\\/\\\/arabian-mood.com\\\/produit\\\/khamrah-lattafa-eau-de-parfum\\\/\"]}]},{\"@type\":\"ImageObject\",\"inLanguage\":\"pt-PT\",\"@id\":\"https:\\\/\\\/arabian-mood.com\\\/produit\\\/khamrah-lattafa-eau-de-parfum\\\/#primaryimage\",\"url\":\"https:\\\/\\\/arabian-mood.com\\\/wp-content\\\/uploads\\\/2024\\\/03\\\/Lattafa-Khamrah-EDP-100ml-U-768x768-1.jpg\",\"contentUrl\":\"https:\\\/\\\/arabian-mood.com\\\/wp-content\\\/uploads\\\/2024\\\/03\\\/Lattafa-Khamrah-EDP-100ml-U-768x768-1.jpg\",\"width\":600,\"height\":600,\"caption\":\"Khamrah Lattafa\"},{\"@type\":\"BreadcrumbList\",\"@id\":\"https:\\\/\\\/arabian-mood.com\\\/produit\\\/khamrah-lattafa-eau-de-parfum\\\/#breadcrumb\",\"itemListElement\":[{\"@type\":\"ListItem\",\"position\":1,\"name\":\"Accueil\",\"item\":\"https:\\\/\\\/arabian-mood.com\\\/\"},{\"@type\":\"ListItem\",\"position\":2,\"name\":\"Boutique\",\"item\":\"https:\\\/\\\/arabian-mood.com\\\/boutique\\\/\"},{\"@type\":\"ListItem\",\"position\":3,\"name\":\"Khamrah Lattafa | Eau de parfum 100 ml\"}]},{\"@type\":\"WebSite\",\"@id\":\"https:\\\/\\\/arabian-mood.com\\\/#website\",\"url\":\"https:\\\/\\\/arabian-mood.com\\\/\",\"name\":\"Arabian Mood\",\"description\":\"\",\"publisher\":{\"@id\":\"https:\\\/\\\/arabian-mood.com\\\/#organization\"},\"potentialAction\":[{\"@type\":\"SearchAction\",\"target\":{\"@type\":\"EntryPoint\",\"urlTemplate\":\"https:\\\/\\\/arabian-mood.com\\\/?s={search_term_string}\"},\"query-input\":{\"@type\":\"PropertyValueSpecification\",\"valueRequired\":true,\"valueName\":\"search_term_string\"}}],\"inLanguage\":\"pt-PT\"},{\"@type\":\"Organization\",\"@id\":\"https:\\\/\\\/arabian-mood.com\\\/#organization\",\"name\":\"Arabian Mood\",\"url\":\"https:\\\/\\\/arabian-mood.com\\\/\",\"logo\":{\"@type\":\"ImageObject\",\"inLanguage\":\"pt-PT\",\"@id\":\"https:\\\/\\\/arabian-mood.com\\\/#\\\/schema\\\/logo\\\/image\\\/\",\"url\":\"https:\\\/\\\/arabian-mood.com\\\/wp-content\\\/uploads\\\/2024\\\/09\\\/Groupe-11304.svg\",\"contentUrl\":\"https:\\\/\\\/arabian-mood.com\\\/wp-content\\\/uploads\\\/2024\\\/09\\\/Groupe-11304.svg\",\"width\":214,\"height\":27,\"caption\":\"Arabian Mood\"},\"image\":{\"@id\":\"https:\\\/\\\/arabian-mood.com\\\/#\\\/schema\\\/logo\\\/image\\\/\"},\"sameAs\":[\"https:\\\/\\\/www.instagram.com\\\/arabianmoodofficiel\\\/\"]}]}<\/script>\n<!-- \/ Yoast SEO plugin. -->","yoast_head_json":{"title":"Eau de parfum mixte Khamrah 100 ml | Lattafa","description":"D\u00e9couvrez le parfum Khamrah Lattafa, un des derniers best-sellers de la parfumerie orientale. Une fragrance luxueuse et mixte.","robots":{"index":"index","follow":"follow","max-snippet":"max-snippet:-1","max-image-preview":"max-image-preview:large","max-video-preview":"max-video-preview:-1"},"canonical":"https:\/\/arabian-mood.com\/pt\/product-2\/khamrah-lattafa-eau-de-parfum\/","og_locale":"pt_PT","og_type":"article","og_title":"Eau de parfum mixte Khamrah 100 ml | Lattafa","og_description":"D\u00e9couvrez le parfum Khamrah Lattafa, un des derniers best-sellers de la parfumerie orientale. Une fragrance luxueuse et mixte.","og_url":"https:\/\/arabian-mood.com\/pt\/product-2\/khamrah-lattafa-eau-de-parfum\/","og_site_name":"Arabian Mood","article_modified_time":"2026-04-05T13:21:38+00:00","og_image":[{"width":600,"height":600,"url":"https:\/\/arabian-mood.com\/wp-content\/uploads\/2024\/03\/Lattafa-Khamrah-EDP-100ml-U-768x768-1.jpg","type":"image\/jpeg"}],"twitter_card":"summary_large_image","twitter_misc":{"Tempo estimado de leitura":"3 minutos"},"schema":{"@context":"https:\/\/schema.org","@graph":[{"@type":"WebPage","@id":"https:\/\/arabian-mood.com\/produit\/khamrah-lattafa-eau-de-parfum\/","url":"https:\/\/arabian-mood.com\/produit\/khamrah-lattafa-eau-de-parfum\/","name":"Eau de parfum mixte Khamrah 100 ml | Lattafa","isPartOf":{"@id":"https:\/\/arabian-mood.com\/#website"},"primaryImageOfPage":{"@id":"https:\/\/arabian-mood.com\/produit\/khamrah-lattafa-eau-de-parfum\/#primaryimage"},"image":{"@id":"https:\/\/arabian-mood.com\/produit\/khamrah-lattafa-eau-de-parfum\/#primaryimage"},"thumbnailUrl":"https:\/\/arabian-mood.com\/wp-content\/uploads\/2024\/03\/Lattafa-Khamrah-EDP-100ml-U-768x768-1.jpg","datePublished":"2024-03-29T11:45:43+00:00","dateModified":"2026-04-05T13:21:38+00:00","description":"D\u00e9couvrez le parfum Khamrah Lattafa, un des derniers best-sellers de la parfumerie orientale. Une fragrance luxueuse et mixte.","breadcrumb":{"@id":"https:\/\/arabian-mood.com\/produit\/khamrah-lattafa-eau-de-parfum\/#breadcrumb"},"inLanguage":"pt-PT","potentialAction":[{"@type":"ReadAction","target":["https:\/\/arabian-mood.com\/produit\/khamrah-lattafa-eau-de-parfum\/"]}]},{"@type":"ImageObject","inLanguage":"pt-PT","@id":"https:\/\/arabian-mood.com\/produit\/khamrah-lattafa-eau-de-parfum\/#primaryimage","url":"https:\/\/arabian-mood.com\/wp-content\/uploads\/2024\/03\/Lattafa-Khamrah-EDP-100ml-U-768x768-1.jpg","contentUrl":"https:\/\/arabian-mood.com\/wp-content\/uploads\/2024\/03\/Lattafa-Khamrah-EDP-100ml-U-768x768-1.jpg","width":600,"height":600,"caption":"Khamrah Lattafa"},{"@type":"BreadcrumbList","@id":"https:\/\/arabian-mood.com\/produit\/khamrah-lattafa-eau-de-parfum\/#breadcrumb","itemListElement":[{"@type":"ListItem","position":1,"name":"Accueil","item":"https:\/\/arabian-mood.com\/"},{"@type":"ListItem","position":2,"name":"Boutique","item":"https:\/\/arabian-mood.com\/boutique\/"},{"@type":"ListItem","position":3,"name":"Khamrah Lattafa | Eau de parfum 100 ml"}]},{"@type":"WebSite","@id":"https:\/\/arabian-mood.com\/#website","url":"https:\/\/arabian-mood.com\/","name":"Ambiente \u00c1rabe","description":"","publisher":{"@id":"https:\/\/arabian-mood.com\/#organization"},"potentialAction":[{"@type":"SearchAction","target":{"@type":"EntryPoint","urlTemplate":"https:\/\/arabian-mood.com\/?s={search_term_string}"},"query-input":{"@type":"PropertyValueSpecification","valueRequired":true,"valueName":"search_term_string"}}],"inLanguage":"pt-PT"},{"@type":"Organization","@id":"https:\/\/arabian-mood.com\/#organization","name":"Ambiente \u00c1rabe","url":"https:\/\/arabian-mood.com\/","logo":{"@type":"ImageObject","inLanguage":"pt-PT","@id":"https:\/\/arabian-mood.com\/#\/schema\/logo\/image\/","url":"https:\/\/arabian-mood.com\/wp-content\/uploads\/2024\/09\/Groupe-11304.svg","contentUrl":"https:\/\/arabian-mood.com\/wp-content\/uploads\/2024\/09\/Groupe-11304.svg","width":214,"height":27,"caption":"Arabian Mood"},"image":{"@id":"https:\/\/arabian-mood.com\/#\/schema\/logo\/image\/"},"sameAs":["https:\/\/www.instagram.com\/arabianmoodofficiel\/"]}]}},"_links":{"self":[{"href":"https:\/\/arabian-mood.com\/pt\/wp-json\/wp\/v2\/product\/7818","targetHints":{"allow":["GET"]}}],"collection":[{"href":"https:\/\/arabian-mood.com\/pt\/wp-json\/wp\/v2\/product"}],"about":[{"href":"https:\/\/arabian-mood.com\/pt\/wp-json\/wp\/v2\/types\/product"}],"wp:featuredmedia":[{"embeddable":true,"href":"https:\/\/arabian-mood.com\/pt\/wp-json\/wp\/v2\/media\/8964"}],"wp:attachment":[{"href":"https:\/\/arabian-mood.com\/pt\/wp-json\/wp\/v2\/media?parent=7818"}],"wp:term":[{"taxonomy":"product_brand","embeddable":true,"href":"https:\/\/arabian-mood.com\/pt\/wp-json\/wp\/v2\/product_brand?post=7818"},{"taxonomy":"product_cat","embeddable":true,"href":"https:\/\/arabian-mood.com\/pt\/wp-json\/wp\/v2\/product_cat?post=7818"},{"taxonomy":"product_tag","embeddable":true,"href":"https:\/\/arabian-mood.com\/pt\/wp-json\/wp\/v2\/product_tag?post=7818"}],"curies":[{"name":"wp","href":"https:\/\/api.w.org\/{rel}","templated":true}]}}