{"id":7824,"date":"2024-03-29T12:45:43","date_gmt":"2024-03-29T11:45:43","guid":{"rendered":"https:\/\/arabian-mood.com\/produit\/ajwad-pink\/"},"modified":"2025-12-03T17:06:59","modified_gmt":"2025-12-03T16:06:59","slug":"ajwad-rosa","status":"publish","type":"product","link":"https:\/\/arabian-mood.com\/pt\/produit\/ajwad-pink\/","title":{"rendered":"AJWAD PINK \u2013 LATTAFA"},"content":{"rendered":"<p>Explore a magia encantadora do Ajwad Pink to Pink,<\/p>\n<p>Este elixir personifica a ess\u00eancia suprema da feminilidade e da delicadeza, oferecendo uma experi\u00eancia olfativa incompar\u00e1vel.<\/p>\n<p>Desde as primeiras emana\u00e7\u00f5es, mergulhe num delicioso turbilh\u00e3o de bagas suculentas e morangos doces, cativando os seus sentidos com aromas frutados vermelhos. Uma introdu\u00e7\u00e3o din\u00e2mica e fascinante que evoca frescura e vitalidade.<\/p>\n<p>No cora\u00e7\u00e3o desta fragr\u00e2ncia encantadora, revele um acorde suculento de a\u00e7\u00facar doce, adicionando um toque guloso e delicado ao conjunto.<\/p>\n<p>Finalmente, as notas de fundo reconfortantes de baunilha. Esta do\u00e7ura sensual envolve a fragr\u00e2ncia com um calor apaziguador e uma profundidade fascinante, deixando um rasto delicado e memor\u00e1vel na sua pele. Deixe-se transportar por esta experi\u00eancia olfativa \u00fanica, um convite \u00e0 fuga sensorial.<\/p>","protected":false},"excerpt":{"rendered":"<p>Notas de topo \u22c5 Frutos Vermelhos, L\u00edchia &amp; Laranja Sangu\u00ednea Gulosas<br \/>\nNotas de cora\u00e7\u00e3o \u22c5 A\u00e7\u00facar &amp; Rosa<br \/>\nNotas de fundo \u22c5 Baunilha e L\u00edrio-do-vale<\/p>","protected":false},"featured_media":7691,"template":"","meta":[],"product_brand":[],"product_cat":[518,590,433],"product_tag":[],"class_list":{"0":"post-7824","1":"product","2":"type-product","3":"status-publish","4":"has-post-thumbnail","6":"product_cat-lattafa","7":"product_cat-parfum-dubai-mixte","8":"product_cat-parfums-de-dubai","10":"first","11":"instock","12":"sale","13":"purchasable","14":"product-type-simple"},"yoast_head":"<!-- This site is optimized with the Yoast SEO plugin v27.5 - https:\/\/yoast.com\/product\/yoast-seo-wordpress\/ -->\n<title>AJWAD PINK - LATTAFA - Arabian Mood<\/title>\n<meta name=\"robots\" content=\"index, follow, max-snippet:-1, max-image-preview:large, max-video-preview:-1\" \/>\n<link rel=\"canonical\" href=\"https:\/\/arabian-mood.com\/pt\/product-2\/ajwad-rosa\/\" \/>\n<meta property=\"og:locale\" content=\"pt_PT\" \/>\n<meta property=\"og:type\" content=\"article\" \/>\n<meta property=\"og:title\" content=\"AJWAD PINK - LATTAFA - Arabian Mood\" \/>\n<meta property=\"og:description\" content=\"Notes de t\u00eate \u22c5 Fruits Rouges, Litchi &amp; Orange Sanguine Gourmande Notes de c\u0153ur \u22c5 Sucre &amp; Rose Notes de fond \u22c5 Vanille &amp; Muguet\" \/>\n<meta property=\"og:url\" content=\"https:\/\/arabian-mood.com\/pt\/product-2\/ajwad-rosa\/\" \/>\n<meta property=\"og:site_name\" content=\"Arabian Mood\" \/>\n<meta property=\"article:modified_time\" content=\"2025-12-03T16:06:59+00:00\" \/>\n<meta property=\"og:image\" content=\"https:\/\/arabian-mood.com\/wp-content\/uploads\/2024\/03\/ajwad-pink-to-pink.png\" \/>\n\t<meta property=\"og:image:width\" content=\"900\" \/>\n\t<meta property=\"og:image:height\" content=\"900\" \/>\n\t<meta property=\"og:image:type\" content=\"image\/png\" \/>\n<meta name=\"twitter:card\" content=\"summary_large_image\" \/>\n<meta name=\"twitter:label1\" content=\"Tempo estimado de leitura\" \/>\n\t<meta name=\"twitter:data1\" content=\"1 minuto\" \/>\n<script type=\"application\/ld+json\" class=\"yoast-schema-graph\">{\"@context\":\"https:\\\/\\\/schema.org\",\"@graph\":[{\"@type\":\"WebPage\",\"@id\":\"https:\\\/\\\/arabian-mood.com\\\/produit\\\/ajwad-pink\\\/\",\"url\":\"https:\\\/\\\/arabian-mood.com\\\/produit\\\/ajwad-pink\\\/\",\"name\":\"AJWAD PINK - LATTAFA - Arabian Mood\",\"isPartOf\":{\"@id\":\"https:\\\/\\\/arabian-mood.com\\\/#website\"},\"primaryImageOfPage\":{\"@id\":\"https:\\\/\\\/arabian-mood.com\\\/produit\\\/ajwad-pink\\\/#primaryimage\"},\"image\":{\"@id\":\"https:\\\/\\\/arabian-mood.com\\\/produit\\\/ajwad-pink\\\/#primaryimage\"},\"thumbnailUrl\":\"https:\\\/\\\/arabian-mood.com\\\/wp-content\\\/uploads\\\/2024\\\/03\\\/ajwad-pink-to-pink.png\",\"datePublished\":\"2024-03-29T11:45:43+00:00\",\"dateModified\":\"2025-12-03T16:06:59+00:00\",\"breadcrumb\":{\"@id\":\"https:\\\/\\\/arabian-mood.com\\\/produit\\\/ajwad-pink\\\/#breadcrumb\"},\"inLanguage\":\"pt-PT\",\"potentialAction\":[{\"@type\":\"ReadAction\",\"target\":[\"https:\\\/\\\/arabian-mood.com\\\/produit\\\/ajwad-pink\\\/\"]}]},{\"@type\":\"ImageObject\",\"inLanguage\":\"pt-PT\",\"@id\":\"https:\\\/\\\/arabian-mood.com\\\/produit\\\/ajwad-pink\\\/#primaryimage\",\"url\":\"https:\\\/\\\/arabian-mood.com\\\/wp-content\\\/uploads\\\/2024\\\/03\\\/ajwad-pink-to-pink.png\",\"contentUrl\":\"https:\\\/\\\/arabian-mood.com\\\/wp-content\\\/uploads\\\/2024\\\/03\\\/ajwad-pink-to-pink.png\",\"width\":900,\"height\":900},{\"@type\":\"BreadcrumbList\",\"@id\":\"https:\\\/\\\/arabian-mood.com\\\/produit\\\/ajwad-pink\\\/#breadcrumb\",\"itemListElement\":[{\"@type\":\"ListItem\",\"position\":1,\"name\":\"Accueil\",\"item\":\"https:\\\/\\\/arabian-mood.com\\\/\"},{\"@type\":\"ListItem\",\"position\":2,\"name\":\"Boutique\",\"item\":\"https:\\\/\\\/arabian-mood.com\\\/boutique\\\/\"},{\"@type\":\"ListItem\",\"position\":3,\"name\":\"AJWAD PINK &#8211; LATTAFA\"}]},{\"@type\":\"WebSite\",\"@id\":\"https:\\\/\\\/arabian-mood.com\\\/#website\",\"url\":\"https:\\\/\\\/arabian-mood.com\\\/\",\"name\":\"Arabian Mood\",\"description\":\"\",\"publisher\":{\"@id\":\"https:\\\/\\\/arabian-mood.com\\\/#organization\"},\"potentialAction\":[{\"@type\":\"SearchAction\",\"target\":{\"@type\":\"EntryPoint\",\"urlTemplate\":\"https:\\\/\\\/arabian-mood.com\\\/?s={search_term_string}\"},\"query-input\":{\"@type\":\"PropertyValueSpecification\",\"valueRequired\":true,\"valueName\":\"search_term_string\"}}],\"inLanguage\":\"pt-PT\"},{\"@type\":\"Organization\",\"@id\":\"https:\\\/\\\/arabian-mood.com\\\/#organization\",\"name\":\"Arabian Mood\",\"url\":\"https:\\\/\\\/arabian-mood.com\\\/\",\"logo\":{\"@type\":\"ImageObject\",\"inLanguage\":\"pt-PT\",\"@id\":\"https:\\\/\\\/arabian-mood.com\\\/#\\\/schema\\\/logo\\\/image\\\/\",\"url\":\"https:\\\/\\\/arabian-mood.com\\\/wp-content\\\/uploads\\\/2024\\\/09\\\/Groupe-11304.svg\",\"contentUrl\":\"https:\\\/\\\/arabian-mood.com\\\/wp-content\\\/uploads\\\/2024\\\/09\\\/Groupe-11304.svg\",\"width\":214,\"height\":27,\"caption\":\"Arabian Mood\"},\"image\":{\"@id\":\"https:\\\/\\\/arabian-mood.com\\\/#\\\/schema\\\/logo\\\/image\\\/\"},\"sameAs\":[\"https:\\\/\\\/www.instagram.com\\\/arabianmoodofficiel\\\/\"]}]}<\/script>\n<!-- \/ Yoast SEO plugin. -->","yoast_head_json":{"title":"AJWAD PINK - LATTAFA - Arabian Mood","robots":{"index":"index","follow":"follow","max-snippet":"max-snippet:-1","max-image-preview":"max-image-preview:large","max-video-preview":"max-video-preview:-1"},"canonical":"https:\/\/arabian-mood.com\/pt\/product-2\/ajwad-rosa\/","og_locale":"pt_PT","og_type":"article","og_title":"AJWAD PINK - LATTAFA - Arabian Mood","og_description":"Notes de t\u00eate \u22c5 Fruits Rouges, Litchi &amp; Orange Sanguine Gourmande Notes de c\u0153ur \u22c5 Sucre &amp; Rose Notes de fond \u22c5 Vanille &amp; Muguet","og_url":"https:\/\/arabian-mood.com\/pt\/product-2\/ajwad-rosa\/","og_site_name":"Arabian Mood","article_modified_time":"2025-12-03T16:06:59+00:00","og_image":[{"width":900,"height":900,"url":"https:\/\/arabian-mood.com\/wp-content\/uploads\/2024\/03\/ajwad-pink-to-pink.png","type":"image\/png"}],"twitter_card":"summary_large_image","twitter_misc":{"Tempo estimado de leitura":"1 minuto"},"schema":{"@context":"https:\/\/schema.org","@graph":[{"@type":"WebPage","@id":"https:\/\/arabian-mood.com\/produit\/ajwad-pink\/","url":"https:\/\/arabian-mood.com\/produit\/ajwad-pink\/","name":"AJWAD PINK - LATTAFA - Arabian Mood","isPartOf":{"@id":"https:\/\/arabian-mood.com\/#website"},"primaryImageOfPage":{"@id":"https:\/\/arabian-mood.com\/produit\/ajwad-pink\/#primaryimage"},"image":{"@id":"https:\/\/arabian-mood.com\/produit\/ajwad-pink\/#primaryimage"},"thumbnailUrl":"https:\/\/arabian-mood.com\/wp-content\/uploads\/2024\/03\/ajwad-pink-to-pink.png","datePublished":"2024-03-29T11:45:43+00:00","dateModified":"2025-12-03T16:06:59+00:00","breadcrumb":{"@id":"https:\/\/arabian-mood.com\/produit\/ajwad-pink\/#breadcrumb"},"inLanguage":"pt-PT","potentialAction":[{"@type":"ReadAction","target":["https:\/\/arabian-mood.com\/produit\/ajwad-pink\/"]}]},{"@type":"ImageObject","inLanguage":"pt-PT","@id":"https:\/\/arabian-mood.com\/produit\/ajwad-pink\/#primaryimage","url":"https:\/\/arabian-mood.com\/wp-content\/uploads\/2024\/03\/ajwad-pink-to-pink.png","contentUrl":"https:\/\/arabian-mood.com\/wp-content\/uploads\/2024\/03\/ajwad-pink-to-pink.png","width":900,"height":900},{"@type":"BreadcrumbList","@id":"https:\/\/arabian-mood.com\/produit\/ajwad-pink\/#breadcrumb","itemListElement":[{"@type":"ListItem","position":1,"name":"Accueil","item":"https:\/\/arabian-mood.com\/"},{"@type":"ListItem","position":2,"name":"Boutique","item":"https:\/\/arabian-mood.com\/boutique\/"},{"@type":"ListItem","position":3,"name":"AJWAD PINK &#8211; LATTAFA"}]},{"@type":"WebSite","@id":"https:\/\/arabian-mood.com\/#website","url":"https:\/\/arabian-mood.com\/","name":"Ambiente \u00c1rabe","description":"","publisher":{"@id":"https:\/\/arabian-mood.com\/#organization"},"potentialAction":[{"@type":"SearchAction","target":{"@type":"EntryPoint","urlTemplate":"https:\/\/arabian-mood.com\/?s={search_term_string}"},"query-input":{"@type":"PropertyValueSpecification","valueRequired":true,"valueName":"search_term_string"}}],"inLanguage":"pt-PT"},{"@type":"Organization","@id":"https:\/\/arabian-mood.com\/#organization","name":"Ambiente \u00c1rabe","url":"https:\/\/arabian-mood.com\/","logo":{"@type":"ImageObject","inLanguage":"pt-PT","@id":"https:\/\/arabian-mood.com\/#\/schema\/logo\/image\/","url":"https:\/\/arabian-mood.com\/wp-content\/uploads\/2024\/09\/Groupe-11304.svg","contentUrl":"https:\/\/arabian-mood.com\/wp-content\/uploads\/2024\/09\/Groupe-11304.svg","width":214,"height":27,"caption":"Arabian Mood"},"image":{"@id":"https:\/\/arabian-mood.com\/#\/schema\/logo\/image\/"},"sameAs":["https:\/\/www.instagram.com\/arabianmoodofficiel\/"]}]}},"_links":{"self":[{"href":"https:\/\/arabian-mood.com\/pt\/wp-json\/wp\/v2\/product\/7824","targetHints":{"allow":["GET"]}}],"collection":[{"href":"https:\/\/arabian-mood.com\/pt\/wp-json\/wp\/v2\/product"}],"about":[{"href":"https:\/\/arabian-mood.com\/pt\/wp-json\/wp\/v2\/types\/product"}],"wp:featuredmedia":[{"embeddable":true,"href":"https:\/\/arabian-mood.com\/pt\/wp-json\/wp\/v2\/media\/7691"}],"wp:attachment":[{"href":"https:\/\/arabian-mood.com\/pt\/wp-json\/wp\/v2\/media?parent=7824"}],"wp:term":[{"taxonomy":"product_brand","embeddable":true,"href":"https:\/\/arabian-mood.com\/pt\/wp-json\/wp\/v2\/product_brand?post=7824"},{"taxonomy":"product_cat","embeddable":true,"href":"https:\/\/arabian-mood.com\/pt\/wp-json\/wp\/v2\/product_cat?post=7824"},{"taxonomy":"product_tag","embeddable":true,"href":"https:\/\/arabian-mood.com\/pt\/wp-json\/wp\/v2\/product_tag?post=7824"}],"curies":[{"name":"wp","href":"https:\/\/api.w.org\/{rel}","templated":true}]}}