{"id":7826,"date":"2024-03-29T12:45:43","date_gmt":"2024-03-29T11:45:43","guid":{"rendered":"https:\/\/arabian-mood.com\/produit\/ajwad\/"},"modified":"2026-01-20T13:16:47","modified_gmt":"2026-01-20T12:16:47","slug":"ajwad","status":"publish","type":"product","link":"https:\/\/arabian-mood.com\/pt\/produit\/ajwad\/","title":{"rendered":"AJWAD \u2013 LATTAFA"},"content":{"rendered":"<p>AJWAD BY LATTAFA<br \/>\nVotre parfum AJWAD By Lattafa  vous iras si bien durant le froid hivernal que durant les belles journ\u00e9es d\u2019\u00e9t\u00e9. Parez-vous de son sillage intense pour ne plus laisser votre entourage indiff\u00e9rent. D\u2019une \u00e9l\u00e9gance sobre et dans sa forme la plus s\u00e9ductrice, le parfum AJWAD by Lattafa sera votre associ\u00e9 pour chaque \u00e9v\u00e9nement.<\/p>\n<p>Descri\u00e7\u00e3o olfativa<\/p>\n<p>Ces notes addictives et gourmande de mandarine, de rose et de vanille vous entrainerons sur les plages dor\u00e9es au sable fin de l\u2019\u00eele de Madagascar.<br \/>\nLe d\u00e9part, tr\u00e8s frais et fruit\u00e9 de la fragrance rappelle les instants reposant de la brise matinal. Ces notes de santal venant se m\u00e9langer \u00e0 l\u2019ambre \u00e9voque d\u2019embl\u00e9e les chauds rayons du soleil au z\u00e9nith.<\/p>\n<p>Fermez les yeux et laissez vous emporter dans un v\u00e9ritable voyage vers l\u2019inconnue. La fragrance est log\u00e9 dans un \u00e9crin raffin\u00e9 aux motifs de mosa\u00efque avec un bouchon effet bois\u00e9. V\u00eatu d\u2019une couleur gold, l\u2019effluve  vous fait entrer dans le monde du luxe. Laissez vous captiver par le parfum AJWAD de la maison Lattafa.<\/p>\n<p>Comment utiliser votre parfum Ajwad By Lattafa ?<\/p>\n<p> Vous pouvez accompagner votre Ajwad By Lattafa par une huile de parfum sucr\u00e9 ou par la magnifique fragrance musk vanille de la parfumerie Maison Alhambra, de surcroit, son sillage ne sera que plus intense et envoutant. Le m\u00e9lange de deux fragrance cr\u00e9e un combo unique, ce qui rendra votre parfum Ajwad By Lattafa encore plus personnel.<\/p>\n<p>L\u2019histoire de la maison du parfumeur <\/p>\n<p>Fond\u00e9e dans les ann\u00e9es 80, avec une vision initial de satisfaire la client\u00e8le des pays du golf. Des d\u00e9cennies plus tard, Lattafa \u00e0 impos\u00e9 sa vision \u00e0 la parfumerie moderne. Du packaging \u00e0 la fragrance, les cr\u00e9ations ne laisse pas de place au hasard. Avec plusieurs succ\u00e8s a son actifs, son inspiration n\u2019en finit pas de nous charmer. L\u2019objectif de la maison est simple : vous faire voyager dans le cercle ferm\u00e9 de la parfumerie de luxe \u00e0 moindre prix. Entre culture et modernit\u00e9, les best-seller de la marques refl\u00e8tent le savoir faire des cr\u00e9ateur de parfum \u00e0 Dubai. Des conception uniques \u00e0 base de mati\u00e8re premi\u00e8re noble, le Oud, le Musc, la vanille et bien tant d\u2019autre.<\/p>","protected":false},"excerpt":{"rendered":"<p>Notes de t\u00eate : Bergamote, Litchi, Notes Fruit\u00e9es<\/p>\n<p>Notes de c\u0153ur : Jasmin, Roses, Cannelle<\/p>\n<p>Notes de fond : C\u00e8dre, Santal, Ambre, Musc, Vanille<\/p>","protected":false},"featured_media":3832,"template":"","meta":[],"product_brand":[],"product_cat":[591],"product_tag":[],"class_list":{"0":"post-7826","1":"product","2":"type-product","3":"status-publish","4":"has-post-thumbnail","6":"product_cat-rupture-de-stock","8":"first","9":"outofstock","10":"sale","11":"purchasable","12":"product-type-simple"},"yoast_head":"<!-- This site is optimized with the Yoast SEO plugin v27.4 - https:\/\/yoast.com\/product\/yoast-seo-wordpress\/ -->\n<title>AJWAD - LATTAFA - Arabian Mood<\/title>\n<meta name=\"robots\" content=\"index, follow, max-snippet:-1, max-image-preview:large, max-video-preview:-1\" \/>\n<link rel=\"canonical\" href=\"https:\/\/arabian-mood.com\/pt\/product-2\/ajwad\/\" \/>\n<meta property=\"og:locale\" content=\"pt_PT\" \/>\n<meta property=\"og:type\" content=\"article\" \/>\n<meta property=\"og:title\" content=\"AJWAD - LATTAFA - Arabian Mood\" \/>\n<meta property=\"og:description\" content=\"Notes de t\u00eate : Bergamote, Litchi, Notes Fruit\u00e9es Notes de c\u0153ur : Jasmin, Roses, Cannelle Notes de fond : C\u00e8dre, Santal, Ambre, Musc, Vanille\" \/>\n<meta property=\"og:url\" content=\"https:\/\/arabian-mood.com\/pt\/product-2\/ajwad\/\" \/>\n<meta property=\"og:site_name\" content=\"Arabian Mood\" \/>\n<meta property=\"article:modified_time\" content=\"2026-01-20T12:16:47+00:00\" \/>\n<meta property=\"og:image\" content=\"https:\/\/arabian-mood.com\/wp-content\/uploads\/2021\/11\/AJWAD.png\" \/>\n\t<meta property=\"og:image:width\" content=\"570\" \/>\n\t<meta property=\"og:image:height\" content=\"730\" \/>\n\t<meta property=\"og:image:type\" content=\"image\/png\" \/>\n<meta name=\"twitter:card\" content=\"summary_large_image\" \/>\n<meta name=\"twitter:label1\" content=\"Est. reading time\" \/>\n\t<meta name=\"twitter:data1\" content=\"2 minutos\" \/>\n<script type=\"application\/ld+json\" class=\"yoast-schema-graph\">{\"@context\":\"https:\\\/\\\/schema.org\",\"@graph\":[{\"@type\":\"WebPage\",\"@id\":\"https:\\\/\\\/arabian-mood.com\\\/produit\\\/ajwad\\\/\",\"url\":\"https:\\\/\\\/arabian-mood.com\\\/produit\\\/ajwad\\\/\",\"name\":\"AJWAD - LATTAFA - Arabian Mood\",\"isPartOf\":{\"@id\":\"https:\\\/\\\/arabian-mood.com\\\/#website\"},\"primaryImageOfPage\":{\"@id\":\"https:\\\/\\\/arabian-mood.com\\\/produit\\\/ajwad\\\/#primaryimage\"},\"image\":{\"@id\":\"https:\\\/\\\/arabian-mood.com\\\/produit\\\/ajwad\\\/#primaryimage\"},\"thumbnailUrl\":\"https:\\\/\\\/arabian-mood.com\\\/wp-content\\\/uploads\\\/2021\\\/11\\\/AJWAD.png\",\"datePublished\":\"2024-03-29T11:45:43+00:00\",\"dateModified\":\"2026-01-20T12:16:47+00:00\",\"breadcrumb\":{\"@id\":\"https:\\\/\\\/arabian-mood.com\\\/produit\\\/ajwad\\\/#breadcrumb\"},\"inLanguage\":\"pt-PT\",\"potentialAction\":[{\"@type\":\"ReadAction\",\"target\":[\"https:\\\/\\\/arabian-mood.com\\\/produit\\\/ajwad\\\/\"]}]},{\"@type\":\"ImageObject\",\"inLanguage\":\"pt-PT\",\"@id\":\"https:\\\/\\\/arabian-mood.com\\\/produit\\\/ajwad\\\/#primaryimage\",\"url\":\"https:\\\/\\\/arabian-mood.com\\\/wp-content\\\/uploads\\\/2021\\\/11\\\/AJWAD.png\",\"contentUrl\":\"https:\\\/\\\/arabian-mood.com\\\/wp-content\\\/uploads\\\/2021\\\/11\\\/AJWAD.png\",\"width\":570,\"height\":730},{\"@type\":\"BreadcrumbList\",\"@id\":\"https:\\\/\\\/arabian-mood.com\\\/produit\\\/ajwad\\\/#breadcrumb\",\"itemListElement\":[{\"@type\":\"ListItem\",\"position\":1,\"name\":\"Accueil\",\"item\":\"https:\\\/\\\/arabian-mood.com\\\/\"},{\"@type\":\"ListItem\",\"position\":2,\"name\":\"Boutique\",\"item\":\"https:\\\/\\\/arabian-mood.com\\\/boutique\\\/\"},{\"@type\":\"ListItem\",\"position\":3,\"name\":\"AJWAD &#8211; LATTAFA\"}]},{\"@type\":\"WebSite\",\"@id\":\"https:\\\/\\\/arabian-mood.com\\\/#website\",\"url\":\"https:\\\/\\\/arabian-mood.com\\\/\",\"name\":\"Arabian Mood\",\"description\":\"\",\"publisher\":{\"@id\":\"https:\\\/\\\/arabian-mood.com\\\/#organization\"},\"potentialAction\":[{\"@type\":\"SearchAction\",\"target\":{\"@type\":\"EntryPoint\",\"urlTemplate\":\"https:\\\/\\\/arabian-mood.com\\\/?s={search_term_string}\"},\"query-input\":{\"@type\":\"PropertyValueSpecification\",\"valueRequired\":true,\"valueName\":\"search_term_string\"}}],\"inLanguage\":\"pt-PT\"},{\"@type\":\"Organization\",\"@id\":\"https:\\\/\\\/arabian-mood.com\\\/#organization\",\"name\":\"Arabian Mood\",\"url\":\"https:\\\/\\\/arabian-mood.com\\\/\",\"logo\":{\"@type\":\"ImageObject\",\"inLanguage\":\"pt-PT\",\"@id\":\"https:\\\/\\\/arabian-mood.com\\\/#\\\/schema\\\/logo\\\/image\\\/\",\"url\":\"https:\\\/\\\/arabian-mood.com\\\/wp-content\\\/uploads\\\/2024\\\/09\\\/Groupe-11304.svg\",\"contentUrl\":\"https:\\\/\\\/arabian-mood.com\\\/wp-content\\\/uploads\\\/2024\\\/09\\\/Groupe-11304.svg\",\"width\":214,\"height\":27,\"caption\":\"Arabian Mood\"},\"image\":{\"@id\":\"https:\\\/\\\/arabian-mood.com\\\/#\\\/schema\\\/logo\\\/image\\\/\"},\"sameAs\":[\"https:\\\/\\\/www.instagram.com\\\/arabianmoodofficiel\\\/\"]}]}<\/script>\n<!-- \/ Yoast SEO plugin. -->","yoast_head_json":{"title":"AJWAD - LATTAFA - Arabian Mood","robots":{"index":"index","follow":"follow","max-snippet":"max-snippet:-1","max-image-preview":"max-image-preview:large","max-video-preview":"max-video-preview:-1"},"canonical":"https:\/\/arabian-mood.com\/pt\/product-2\/ajwad\/","og_locale":"pt_PT","og_type":"article","og_title":"AJWAD - LATTAFA - Arabian Mood","og_description":"Notes de t\u00eate : Bergamote, Litchi, Notes Fruit\u00e9es Notes de c\u0153ur : Jasmin, Roses, Cannelle Notes de fond : C\u00e8dre, Santal, Ambre, Musc, Vanille","og_url":"https:\/\/arabian-mood.com\/pt\/product-2\/ajwad\/","og_site_name":"Arabian Mood","article_modified_time":"2026-01-20T12:16:47+00:00","og_image":[{"width":570,"height":730,"url":"https:\/\/arabian-mood.com\/wp-content\/uploads\/2021\/11\/AJWAD.png","type":"image\/png"}],"twitter_card":"summary_large_image","twitter_misc":{"Est. reading time":"2 minutos"},"schema":{"@context":"https:\/\/schema.org","@graph":[{"@type":"WebPage","@id":"https:\/\/arabian-mood.com\/produit\/ajwad\/","url":"https:\/\/arabian-mood.com\/produit\/ajwad\/","name":"AJWAD - LATTAFA - Arabian Mood","isPartOf":{"@id":"https:\/\/arabian-mood.com\/#website"},"primaryImageOfPage":{"@id":"https:\/\/arabian-mood.com\/produit\/ajwad\/#primaryimage"},"image":{"@id":"https:\/\/arabian-mood.com\/produit\/ajwad\/#primaryimage"},"thumbnailUrl":"https:\/\/arabian-mood.com\/wp-content\/uploads\/2021\/11\/AJWAD.png","datePublished":"2024-03-29T11:45:43+00:00","dateModified":"2026-01-20T12:16:47+00:00","breadcrumb":{"@id":"https:\/\/arabian-mood.com\/produit\/ajwad\/#breadcrumb"},"inLanguage":"pt-PT","potentialAction":[{"@type":"ReadAction","target":["https:\/\/arabian-mood.com\/produit\/ajwad\/"]}]},{"@type":"ImageObject","inLanguage":"pt-PT","@id":"https:\/\/arabian-mood.com\/produit\/ajwad\/#primaryimage","url":"https:\/\/arabian-mood.com\/wp-content\/uploads\/2021\/11\/AJWAD.png","contentUrl":"https:\/\/arabian-mood.com\/wp-content\/uploads\/2021\/11\/AJWAD.png","width":570,"height":730},{"@type":"BreadcrumbList","@id":"https:\/\/arabian-mood.com\/produit\/ajwad\/#breadcrumb","itemListElement":[{"@type":"ListItem","position":1,"name":"Accueil","item":"https:\/\/arabian-mood.com\/"},{"@type":"ListItem","position":2,"name":"Boutique","item":"https:\/\/arabian-mood.com\/boutique\/"},{"@type":"ListItem","position":3,"name":"AJWAD &#8211; LATTAFA"}]},{"@type":"WebSite","@id":"https:\/\/arabian-mood.com\/#website","url":"https:\/\/arabian-mood.com\/","name":"Ambiente \u00c1rabe","description":"","publisher":{"@id":"https:\/\/arabian-mood.com\/#organization"},"potentialAction":[{"@type":"SearchAction","target":{"@type":"EntryPoint","urlTemplate":"https:\/\/arabian-mood.com\/?s={search_term_string}"},"query-input":{"@type":"PropertyValueSpecification","valueRequired":true,"valueName":"search_term_string"}}],"inLanguage":"pt-PT"},{"@type":"Organization","@id":"https:\/\/arabian-mood.com\/#organization","name":"Ambiente \u00c1rabe","url":"https:\/\/arabian-mood.com\/","logo":{"@type":"ImageObject","inLanguage":"pt-PT","@id":"https:\/\/arabian-mood.com\/#\/schema\/logo\/image\/","url":"https:\/\/arabian-mood.com\/wp-content\/uploads\/2024\/09\/Groupe-11304.svg","contentUrl":"https:\/\/arabian-mood.com\/wp-content\/uploads\/2024\/09\/Groupe-11304.svg","width":214,"height":27,"caption":"Arabian Mood"},"image":{"@id":"https:\/\/arabian-mood.com\/#\/schema\/logo\/image\/"},"sameAs":["https:\/\/www.instagram.com\/arabianmoodofficiel\/"]}]}},"_links":{"self":[{"href":"https:\/\/arabian-mood.com\/pt\/wp-json\/wp\/v2\/product\/7826","targetHints":{"allow":["GET"]}}],"collection":[{"href":"https:\/\/arabian-mood.com\/pt\/wp-json\/wp\/v2\/product"}],"about":[{"href":"https:\/\/arabian-mood.com\/pt\/wp-json\/wp\/v2\/types\/product"}],"wp:featuredmedia":[{"embeddable":true,"href":"https:\/\/arabian-mood.com\/pt\/wp-json\/wp\/v2\/media\/3832"}],"wp:attachment":[{"href":"https:\/\/arabian-mood.com\/pt\/wp-json\/wp\/v2\/media?parent=7826"}],"wp:term":[{"taxonomy":"product_brand","embeddable":true,"href":"https:\/\/arabian-mood.com\/pt\/wp-json\/wp\/v2\/product_brand?post=7826"},{"taxonomy":"product_cat","embeddable":true,"href":"https:\/\/arabian-mood.com\/pt\/wp-json\/wp\/v2\/product_cat?post=7826"},{"taxonomy":"product_tag","embeddable":true,"href":"https:\/\/arabian-mood.com\/pt\/wp-json\/wp\/v2\/product_tag?post=7826"}],"curies":[{"name":"wp","href":"https:\/\/api.w.org\/{rel}","templated":true}]}}