{"id":7833,"date":"2024-03-29T12:45:43","date_gmt":"2024-03-29T11:45:43","guid":{"rendered":"https:\/\/arabian-mood.com\/produit\/rose-noir\/"},"modified":"2026-02-10T14:14:11","modified_gmt":"2026-02-10T13:14:11","slug":"rose-noir-ahmed-al-maghribi-parfum","status":"publish","type":"product","link":"https:\/\/arabian-mood.com\/pt\/produit\/rose-noir-ahmed-al-maghribi-parfum\/","title":{"rendered":"Rose noir &#8211; Ahmed A Maghribi"},"content":{"rendered":"<p>Rose Noir de chez Ahmed Al Maghribi est une fragrance subtil et \u00e9l\u00e9gante .<\/p>","protected":false},"excerpt":{"rendered":"<p><strong>Notas de topo:<\/strong> Orange, Jasmin, Gingembre<br \/>\n<strong>Notas de cora\u00e7\u00e3o:<\/strong> Vanille, Accords poudr\u00e9s et marins<br \/>\n<strong>Notas de fundo:<\/strong> Ambre gris, Bois de santal, Bois de cachemire, Musc<\/p>\n<p><strong>G\u00e9nero:<\/strong> F\u00e9minin<\/p>","protected":false},"featured_media":7707,"template":"","meta":[],"product_brand":[],"product_cat":[521,433],"product_tag":[],"class_list":{"0":"post-7833","1":"product","2":"type-product","3":"status-publish","4":"has-post-thumbnail","6":"product_cat-ahmed-al-maghribi","7":"product_cat-parfums-de-dubai","9":"first","10":"instock","11":"purchasable","12":"product-type-simple"},"yoast_head":"<!-- This site is optimized with the Yoast SEO plugin v27.4 - https:\/\/yoast.com\/product\/yoast-seo-wordpress\/ -->\n<title>Rose noir - Ahmed A Maghribi - Arabian Mood<\/title>\n<meta name=\"description\" content=\"D\u00e9couvrez Rose Noir d\u2019Ahmed Al Maghribi, un parfum floral musqu\u00e9 pour femme alliant agrumes, vanille et bois pr\u00e9cieux. Tenue longue dur\u00e9e assur\u00e9e.\" \/>\n<meta name=\"robots\" content=\"index, follow, max-snippet:-1, max-image-preview:large, max-video-preview:-1\" \/>\n<link rel=\"canonical\" href=\"https:\/\/arabian-mood.com\/pt\/product-2\/rose-noir-ahmed-al-maghribi-parfum\/\" \/>\n<meta property=\"og:locale\" content=\"pt_PT\" \/>\n<meta property=\"og:type\" content=\"article\" \/>\n<meta property=\"og:title\" content=\"Rose noir - Ahmed A Maghribi - Arabian Mood\" \/>\n<meta property=\"og:description\" content=\"D\u00e9couvrez Rose Noir d\u2019Ahmed Al Maghribi, un parfum floral musqu\u00e9 pour femme alliant agrumes, vanille et bois pr\u00e9cieux. Tenue longue dur\u00e9e assur\u00e9e.\" \/>\n<meta property=\"og:url\" content=\"https:\/\/arabian-mood.com\/pt\/product-2\/rose-noir-ahmed-al-maghribi-parfum\/\" \/>\n<meta property=\"og:site_name\" content=\"Arabian Mood\" \/>\n<meta property=\"article:modified_time\" content=\"2026-02-10T13:14:11+00:00\" \/>\n<meta property=\"og:image\" content=\"https:\/\/arabian-mood.com\/wp-content\/uploads\/2024\/03\/ROSE-NOIR.png\" \/>\n\t<meta property=\"og:image:width\" content=\"900\" \/>\n\t<meta property=\"og:image:height\" content=\"900\" \/>\n\t<meta property=\"og:image:type\" content=\"image\/png\" \/>\n<meta name=\"twitter:card\" content=\"summary_large_image\" \/>\n<meta name=\"twitter:label1\" content=\"Est. reading time\" \/>\n\t<meta name=\"twitter:data1\" content=\"1 minuto\" \/>\n<script type=\"application\/ld+json\" class=\"yoast-schema-graph\">{\"@context\":\"https:\\\/\\\/schema.org\",\"@graph\":[{\"@type\":\"WebPage\",\"@id\":\"https:\\\/\\\/arabian-mood.com\\\/produit\\\/rose-noir-ahmed-al-maghribi-parfum\\\/\",\"url\":\"https:\\\/\\\/arabian-mood.com\\\/produit\\\/rose-noir-ahmed-al-maghribi-parfum\\\/\",\"name\":\"Rose noir - Ahmed A Maghribi - Arabian Mood\",\"isPartOf\":{\"@id\":\"https:\\\/\\\/arabian-mood.com\\\/#website\"},\"primaryImageOfPage\":{\"@id\":\"https:\\\/\\\/arabian-mood.com\\\/produit\\\/rose-noir-ahmed-al-maghribi-parfum\\\/#primaryimage\"},\"image\":{\"@id\":\"https:\\\/\\\/arabian-mood.com\\\/produit\\\/rose-noir-ahmed-al-maghribi-parfum\\\/#primaryimage\"},\"thumbnailUrl\":\"https:\\\/\\\/arabian-mood.com\\\/wp-content\\\/uploads\\\/2024\\\/03\\\/ROSE-NOIR.png\",\"datePublished\":\"2024-03-29T11:45:43+00:00\",\"dateModified\":\"2026-02-10T13:14:11+00:00\",\"description\":\"D\u00e9couvrez Rose Noir d\u2019Ahmed Al Maghribi, un parfum floral musqu\u00e9 pour femme alliant agrumes, vanille et bois pr\u00e9cieux. Tenue longue dur\u00e9e assur\u00e9e.\",\"breadcrumb\":{\"@id\":\"https:\\\/\\\/arabian-mood.com\\\/produit\\\/rose-noir-ahmed-al-maghribi-parfum\\\/#breadcrumb\"},\"inLanguage\":\"pt-PT\",\"potentialAction\":[{\"@type\":\"ReadAction\",\"target\":[\"https:\\\/\\\/arabian-mood.com\\\/produit\\\/rose-noir-ahmed-al-maghribi-parfum\\\/\"]}]},{\"@type\":\"ImageObject\",\"inLanguage\":\"pt-PT\",\"@id\":\"https:\\\/\\\/arabian-mood.com\\\/produit\\\/rose-noir-ahmed-al-maghribi-parfum\\\/#primaryimage\",\"url\":\"https:\\\/\\\/arabian-mood.com\\\/wp-content\\\/uploads\\\/2024\\\/03\\\/ROSE-NOIR.png\",\"contentUrl\":\"https:\\\/\\\/arabian-mood.com\\\/wp-content\\\/uploads\\\/2024\\\/03\\\/ROSE-NOIR.png\",\"width\":900,\"height\":900,\"caption\":\"rose noir ahmed al maghribi\"},{\"@type\":\"BreadcrumbList\",\"@id\":\"https:\\\/\\\/arabian-mood.com\\\/produit\\\/rose-noir-ahmed-al-maghribi-parfum\\\/#breadcrumb\",\"itemListElement\":[{\"@type\":\"ListItem\",\"position\":1,\"name\":\"Accueil\",\"item\":\"https:\\\/\\\/arabian-mood.com\\\/\"},{\"@type\":\"ListItem\",\"position\":2,\"name\":\"Boutique\",\"item\":\"https:\\\/\\\/arabian-mood.com\\\/boutique\\\/\"},{\"@type\":\"ListItem\",\"position\":3,\"name\":\"Rose noir &#8211; Ahmed A Maghribi\"}]},{\"@type\":\"WebSite\",\"@id\":\"https:\\\/\\\/arabian-mood.com\\\/#website\",\"url\":\"https:\\\/\\\/arabian-mood.com\\\/\",\"name\":\"Arabian Mood\",\"description\":\"\",\"publisher\":{\"@id\":\"https:\\\/\\\/arabian-mood.com\\\/#organization\"},\"potentialAction\":[{\"@type\":\"SearchAction\",\"target\":{\"@type\":\"EntryPoint\",\"urlTemplate\":\"https:\\\/\\\/arabian-mood.com\\\/?s={search_term_string}\"},\"query-input\":{\"@type\":\"PropertyValueSpecification\",\"valueRequired\":true,\"valueName\":\"search_term_string\"}}],\"inLanguage\":\"pt-PT\"},{\"@type\":\"Organization\",\"@id\":\"https:\\\/\\\/arabian-mood.com\\\/#organization\",\"name\":\"Arabian Mood\",\"url\":\"https:\\\/\\\/arabian-mood.com\\\/\",\"logo\":{\"@type\":\"ImageObject\",\"inLanguage\":\"pt-PT\",\"@id\":\"https:\\\/\\\/arabian-mood.com\\\/#\\\/schema\\\/logo\\\/image\\\/\",\"url\":\"https:\\\/\\\/arabian-mood.com\\\/wp-content\\\/uploads\\\/2024\\\/09\\\/Groupe-11304.svg\",\"contentUrl\":\"https:\\\/\\\/arabian-mood.com\\\/wp-content\\\/uploads\\\/2024\\\/09\\\/Groupe-11304.svg\",\"width\":214,\"height\":27,\"caption\":\"Arabian Mood\"},\"image\":{\"@id\":\"https:\\\/\\\/arabian-mood.com\\\/#\\\/schema\\\/logo\\\/image\\\/\"},\"sameAs\":[\"https:\\\/\\\/www.instagram.com\\\/arabianmoodofficiel\\\/\"]}]}<\/script>\n<!-- \/ Yoast SEO plugin. -->","yoast_head_json":{"title":"Rose noir - Ahmed A Maghribi - Arabian Mood","description":"D\u00e9couvrez Rose Noir d\u2019Ahmed Al Maghribi, un parfum floral musqu\u00e9 pour femme alliant agrumes, vanille et bois pr\u00e9cieux. Tenue longue dur\u00e9e assur\u00e9e.","robots":{"index":"index","follow":"follow","max-snippet":"max-snippet:-1","max-image-preview":"max-image-preview:large","max-video-preview":"max-video-preview:-1"},"canonical":"https:\/\/arabian-mood.com\/pt\/product-2\/rose-noir-ahmed-al-maghribi-parfum\/","og_locale":"pt_PT","og_type":"article","og_title":"Rose noir - Ahmed A Maghribi - Arabian Mood","og_description":"D\u00e9couvrez Rose Noir d\u2019Ahmed Al Maghribi, un parfum floral musqu\u00e9 pour femme alliant agrumes, vanille et bois pr\u00e9cieux. Tenue longue dur\u00e9e assur\u00e9e.","og_url":"https:\/\/arabian-mood.com\/pt\/product-2\/rose-noir-ahmed-al-maghribi-parfum\/","og_site_name":"Arabian Mood","article_modified_time":"2026-02-10T13:14:11+00:00","og_image":[{"width":900,"height":900,"url":"https:\/\/arabian-mood.com\/wp-content\/uploads\/2024\/03\/ROSE-NOIR.png","type":"image\/png"}],"twitter_card":"summary_large_image","twitter_misc":{"Est. reading time":"1 minuto"},"schema":{"@context":"https:\/\/schema.org","@graph":[{"@type":"WebPage","@id":"https:\/\/arabian-mood.com\/produit\/rose-noir-ahmed-al-maghribi-parfum\/","url":"https:\/\/arabian-mood.com\/produit\/rose-noir-ahmed-al-maghribi-parfum\/","name":"Rose noir - Ahmed A Maghribi - Arabian Mood","isPartOf":{"@id":"https:\/\/arabian-mood.com\/#website"},"primaryImageOfPage":{"@id":"https:\/\/arabian-mood.com\/produit\/rose-noir-ahmed-al-maghribi-parfum\/#primaryimage"},"image":{"@id":"https:\/\/arabian-mood.com\/produit\/rose-noir-ahmed-al-maghribi-parfum\/#primaryimage"},"thumbnailUrl":"https:\/\/arabian-mood.com\/wp-content\/uploads\/2024\/03\/ROSE-NOIR.png","datePublished":"2024-03-29T11:45:43+00:00","dateModified":"2026-02-10T13:14:11+00:00","description":"D\u00e9couvrez Rose Noir d\u2019Ahmed Al Maghribi, un parfum floral musqu\u00e9 pour femme alliant agrumes, vanille et bois pr\u00e9cieux. Tenue longue dur\u00e9e assur\u00e9e.","breadcrumb":{"@id":"https:\/\/arabian-mood.com\/produit\/rose-noir-ahmed-al-maghribi-parfum\/#breadcrumb"},"inLanguage":"pt-PT","potentialAction":[{"@type":"ReadAction","target":["https:\/\/arabian-mood.com\/produit\/rose-noir-ahmed-al-maghribi-parfum\/"]}]},{"@type":"ImageObject","inLanguage":"pt-PT","@id":"https:\/\/arabian-mood.com\/produit\/rose-noir-ahmed-al-maghribi-parfum\/#primaryimage","url":"https:\/\/arabian-mood.com\/wp-content\/uploads\/2024\/03\/ROSE-NOIR.png","contentUrl":"https:\/\/arabian-mood.com\/wp-content\/uploads\/2024\/03\/ROSE-NOIR.png","width":900,"height":900,"caption":"rose noir ahmed al maghribi"},{"@type":"BreadcrumbList","@id":"https:\/\/arabian-mood.com\/produit\/rose-noir-ahmed-al-maghribi-parfum\/#breadcrumb","itemListElement":[{"@type":"ListItem","position":1,"name":"Accueil","item":"https:\/\/arabian-mood.com\/"},{"@type":"ListItem","position":2,"name":"Boutique","item":"https:\/\/arabian-mood.com\/boutique\/"},{"@type":"ListItem","position":3,"name":"Rose noir &#8211; Ahmed A Maghribi"}]},{"@type":"WebSite","@id":"https:\/\/arabian-mood.com\/#website","url":"https:\/\/arabian-mood.com\/","name":"Ambiente \u00c1rabe","description":"","publisher":{"@id":"https:\/\/arabian-mood.com\/#organization"},"potentialAction":[{"@type":"SearchAction","target":{"@type":"EntryPoint","urlTemplate":"https:\/\/arabian-mood.com\/?s={search_term_string}"},"query-input":{"@type":"PropertyValueSpecification","valueRequired":true,"valueName":"search_term_string"}}],"inLanguage":"pt-PT"},{"@type":"Organization","@id":"https:\/\/arabian-mood.com\/#organization","name":"Ambiente \u00c1rabe","url":"https:\/\/arabian-mood.com\/","logo":{"@type":"ImageObject","inLanguage":"pt-PT","@id":"https:\/\/arabian-mood.com\/#\/schema\/logo\/image\/","url":"https:\/\/arabian-mood.com\/wp-content\/uploads\/2024\/09\/Groupe-11304.svg","contentUrl":"https:\/\/arabian-mood.com\/wp-content\/uploads\/2024\/09\/Groupe-11304.svg","width":214,"height":27,"caption":"Arabian Mood"},"image":{"@id":"https:\/\/arabian-mood.com\/#\/schema\/logo\/image\/"},"sameAs":["https:\/\/www.instagram.com\/arabianmoodofficiel\/"]}]}},"_links":{"self":[{"href":"https:\/\/arabian-mood.com\/pt\/wp-json\/wp\/v2\/product\/7833","targetHints":{"allow":["GET"]}}],"collection":[{"href":"https:\/\/arabian-mood.com\/pt\/wp-json\/wp\/v2\/product"}],"about":[{"href":"https:\/\/arabian-mood.com\/pt\/wp-json\/wp\/v2\/types\/product"}],"wp:featuredmedia":[{"embeddable":true,"href":"https:\/\/arabian-mood.com\/pt\/wp-json\/wp\/v2\/media\/7707"}],"wp:attachment":[{"href":"https:\/\/arabian-mood.com\/pt\/wp-json\/wp\/v2\/media?parent=7833"}],"wp:term":[{"taxonomy":"product_brand","embeddable":true,"href":"https:\/\/arabian-mood.com\/pt\/wp-json\/wp\/v2\/product_brand?post=7833"},{"taxonomy":"product_cat","embeddable":true,"href":"https:\/\/arabian-mood.com\/pt\/wp-json\/wp\/v2\/product_cat?post=7833"},{"taxonomy":"product_tag","embeddable":true,"href":"https:\/\/arabian-mood.com\/pt\/wp-json\/wp\/v2\/product_tag?post=7833"}],"curies":[{"name":"wp","href":"https:\/\/api.w.org\/{rel}","templated":true}]}}