{"id":7862,"date":"2024-03-29T12:45:51","date_gmt":"2024-03-29T11:45:51","guid":{"rendered":"https:\/\/arabian-mood.com\/produit\/voux-turquoise\/"},"modified":"2025-01-17T16:52:03","modified_gmt":"2025-01-17T15:52:03","slug":"voux-turquoise","status":"publish","type":"product","link":"https:\/\/arabian-mood.com\/pt\/produit\/voux-turquoise\/","title":{"rendered":"Eau de parfum Voux Turquoise \u2013 Emir by Paris Corner"},"content":{"rendered":"<p>L&#8217;<strong>eau de parfum Voux Turquoise<\/strong> se distingue dans la collection <strong>Canto de Paris<\/strong> comme une ode \u00e0 la fra\u00eecheur estivale. Elle capture l&#8217;essence m\u00eame de la <strong>M\u00e9diterran\u00e9e<\/strong>, alliant <strong>notes marines<\/strong> e <strong>agrumes du sud de l&#8217;Italie<\/strong>. Laissez-vous donc s\u00e9duire par sa senteur atypique et son flacon tout simplement somptueux.<\/p>\n<h2>Voux Turquoise allie la mer et le soleil<\/h2>\n<p>La fragrance s&#8217;ouvre sur des <strong>notes hesp\u00e9rid\u00e9es<\/strong> p\u00e9tillantes qui \u00e9voquent les vergers d&#8217;agrumes italiens. Cette note de t\u00eate tonique, compos\u00e9e notamment d&#8217;<strong>orange de Sicile<\/strong>, de <strong>bergamote de Calabre<\/strong> e de <strong>citron,<\/strong> insuffle une \u00e9nergie positive et vivifiante, caract\u00e9ristique des <strong>parfums estivaux<\/strong> de qualit\u00e9. Les accords fruit\u00e9s enrichissent ainsi cette premi\u00e8re impression.<\/p>\n<p>Le c\u0153ur de Voux Turquoise r\u00e9v\u00e8le sa v\u00e9ritable personnalit\u00e9 \u00e0 travers des notes marines. L&#8217;<strong>ambre marin<\/strong>\u00a0se combine avec la <strong>vanille de Madagascar<\/strong>. L&#8217;association des deux cr\u00e9e un contraste remarquable entre fra\u00eecheur aquatique et douceur exotique.<\/p>\n<p>Enfin, la chaleur cotonneuse du\u00a0<strong>m\u00fafec<\/strong> apporte une dimension sensuelle \u00e0 la composition. Cette note de fond assure la <strong>tenue du parfum<\/strong> tout en lui conf\u00e9rant une aura de puret\u00e9 et d&#8217;\u00e9l\u00e9gance. Elle sublime l&#8217;ensemble de la fragrance en plus de rehausser son standing.<\/p>\n<h3>Voux Turquoise : le compagnon id\u00e9al des journ\u00e9es chaudes<\/h3>\n<p>Ce <strong>parfum d&#8217;\u00e9t\u00e9<\/strong> s&#8217;impose comme le choix parfait pour les p\u00e9riodes de forte chaleur. Sa composition \u00e9quilibr\u00e9e entre fra\u00eecheur et sensualit\u00e9 en fait un parfum polyvalent, adapt\u00e9 aussi bien aux journ\u00e9es ensoleill\u00e9es qu&#8217;aux soir\u00e9es d&#8217;\u00e9t\u00e9. Les <strong>notes florales et sucr\u00e9es<\/strong> s&#8217;entrem\u00ealent harmonieusement. Elles donnent \u00e9galement naissance \u00e0 un sillage \u00e0 la fois distinct et agr\u00e9able. Offrez-vous une <strong>escapade exotique<\/strong> en essayant aussi <a href=\"https:\/\/arabian-mood.com\/pt\/product-2\/ophidian-mango-bliss\/\"><strong>Ophidian Mango Bliss<\/strong><\/a>, un parfum rafra\u00eechissant qui d\u00e9voile votre esprit effervescent.<\/p>\n<h3>Un exploit olfactif sign\u00e9 Paris Corner<\/h3>\n<p>Cette fragrance d\u00e9montre une fois de plus l&#8217;expertise de Paris Corner dans l&#8217;art de composer des <strong>fragrances contemporaines<\/strong> et s\u00e9duisantes. Voux Turquoise incarne la promesse d&#8217;un \u00e9t\u00e9 sans fin, o\u00f9 fra\u00eecheur marine et douceur ensoleill\u00e9e se rencontrent dans une parfaite harmonie.<\/p>","protected":false},"excerpt":{"rendered":"<p>Note de t\u00eate : Orange de Sicile, Bergamote de Calabre et Citron<br \/>\nNote de coeur : fruits<br \/>\nNote de fond : Musc blanc, Vanille de Madagascar et Ambre<\/p>","protected":false},"featured_media":7759,"template":"","meta":[],"product_brand":[],"product_cat":[433,523],"product_tag":[],"class_list":{"0":"post-7862","1":"product","2":"type-product","3":"status-publish","4":"has-post-thumbnail","6":"product_cat-parfums-de-dubai","7":"product_cat-paris-corner","9":"first","10":"outofstock","11":"sale","12":"purchasable","13":"product-type-simple"},"yoast_head":"<!-- This site is optimized with the Yoast SEO plugin v27.4 - https:\/\/yoast.com\/product\/yoast-seo-wordpress\/ -->\n<title>Eau de parfum Voux Turquoise - Emir by Paris Corner<\/title>\n<meta name=\"description\" content=\"D\u00e9couvrez Voux Turquoise : un parfum d&#039;\u00e9t\u00e9 aux notes d&#039;agrumes italiens et de vanille de Madagascar. Une fra\u00eecheur irr\u00e9sistible pour l&#039;\u00e9t\u00e9.\" \/>\n<meta name=\"robots\" content=\"index, follow, max-snippet:-1, max-image-preview:large, max-video-preview:-1\" \/>\n<link rel=\"canonical\" href=\"https:\/\/arabian-mood.com\/pt\/product-2\/voux-turquoise\/\" \/>\n<meta property=\"og:locale\" content=\"pt_PT\" \/>\n<meta property=\"og:type\" content=\"article\" \/>\n<meta property=\"og:title\" content=\"Eau de parfum Voux Turquoise - Emir by Paris Corner\" \/>\n<meta property=\"og:description\" content=\"D\u00e9couvrez Voux Turquoise : un parfum d&#039;\u00e9t\u00e9 aux notes d&#039;agrumes italiens et de vanille de Madagascar. Une fra\u00eecheur irr\u00e9sistible pour l&#039;\u00e9t\u00e9.\" \/>\n<meta property=\"og:url\" content=\"https:\/\/arabian-mood.com\/pt\/product-2\/voux-turquoise\/\" \/>\n<meta property=\"og:site_name\" content=\"Arabian Mood\" \/>\n<meta property=\"article:modified_time\" content=\"2025-01-17T15:52:03+00:00\" \/>\n<meta property=\"og:image\" content=\"https:\/\/arabian-mood.com\/wp-content\/uploads\/2024\/03\/voux-turquoise.png\" \/>\n\t<meta property=\"og:image:width\" content=\"900\" \/>\n\t<meta property=\"og:image:height\" content=\"900\" \/>\n\t<meta property=\"og:image:type\" content=\"image\/png\" \/>\n<meta name=\"twitter:card\" content=\"summary_large_image\" \/>\n<meta name=\"twitter:label1\" content=\"Est. reading time\" \/>\n\t<meta name=\"twitter:data1\" content=\"2 minutos\" \/>\n<script type=\"application\/ld+json\" class=\"yoast-schema-graph\">{\"@context\":\"https:\\\/\\\/schema.org\",\"@graph\":[{\"@type\":\"WebPage\",\"@id\":\"https:\\\/\\\/arabian-mood.com\\\/produit\\\/voux-turquoise\\\/\",\"url\":\"https:\\\/\\\/arabian-mood.com\\\/produit\\\/voux-turquoise\\\/\",\"name\":\"Eau de parfum Voux Turquoise - Emir by Paris Corner\",\"isPartOf\":{\"@id\":\"https:\\\/\\\/arabian-mood.com\\\/#website\"},\"primaryImageOfPage\":{\"@id\":\"https:\\\/\\\/arabian-mood.com\\\/produit\\\/voux-turquoise\\\/#primaryimage\"},\"image\":{\"@id\":\"https:\\\/\\\/arabian-mood.com\\\/produit\\\/voux-turquoise\\\/#primaryimage\"},\"thumbnailUrl\":\"https:\\\/\\\/arabian-mood.com\\\/wp-content\\\/uploads\\\/2024\\\/03\\\/voux-turquoise.png\",\"datePublished\":\"2024-03-29T11:45:51+00:00\",\"dateModified\":\"2025-01-17T15:52:03+00:00\",\"description\":\"D\u00e9couvrez Voux Turquoise : un parfum d'\u00e9t\u00e9 aux notes d'agrumes italiens et de vanille de Madagascar. Une fra\u00eecheur irr\u00e9sistible pour l'\u00e9t\u00e9.\",\"breadcrumb\":{\"@id\":\"https:\\\/\\\/arabian-mood.com\\\/produit\\\/voux-turquoise\\\/#breadcrumb\"},\"inLanguage\":\"pt-PT\",\"potentialAction\":[{\"@type\":\"ReadAction\",\"target\":[\"https:\\\/\\\/arabian-mood.com\\\/produit\\\/voux-turquoise\\\/\"]}]},{\"@type\":\"ImageObject\",\"inLanguage\":\"pt-PT\",\"@id\":\"https:\\\/\\\/arabian-mood.com\\\/produit\\\/voux-turquoise\\\/#primaryimage\",\"url\":\"https:\\\/\\\/arabian-mood.com\\\/wp-content\\\/uploads\\\/2024\\\/03\\\/voux-turquoise.png\",\"contentUrl\":\"https:\\\/\\\/arabian-mood.com\\\/wp-content\\\/uploads\\\/2024\\\/03\\\/voux-turquoise.png\",\"width\":900,\"height\":900,\"caption\":\"Voux Turquoise Paris Corner\"},{\"@type\":\"BreadcrumbList\",\"@id\":\"https:\\\/\\\/arabian-mood.com\\\/produit\\\/voux-turquoise\\\/#breadcrumb\",\"itemListElement\":[{\"@type\":\"ListItem\",\"position\":1,\"name\":\"Accueil\",\"item\":\"https:\\\/\\\/arabian-mood.com\\\/\"},{\"@type\":\"ListItem\",\"position\":2,\"name\":\"Boutique\",\"item\":\"https:\\\/\\\/arabian-mood.com\\\/boutique\\\/\"},{\"@type\":\"ListItem\",\"position\":3,\"name\":\"Eau de parfum Voux Turquoise &#8211; Emir by Paris Corner\"}]},{\"@type\":\"WebSite\",\"@id\":\"https:\\\/\\\/arabian-mood.com\\\/#website\",\"url\":\"https:\\\/\\\/arabian-mood.com\\\/\",\"name\":\"Arabian Mood\",\"description\":\"\",\"publisher\":{\"@id\":\"https:\\\/\\\/arabian-mood.com\\\/#organization\"},\"potentialAction\":[{\"@type\":\"SearchAction\",\"target\":{\"@type\":\"EntryPoint\",\"urlTemplate\":\"https:\\\/\\\/arabian-mood.com\\\/?s={search_term_string}\"},\"query-input\":{\"@type\":\"PropertyValueSpecification\",\"valueRequired\":true,\"valueName\":\"search_term_string\"}}],\"inLanguage\":\"pt-PT\"},{\"@type\":\"Organization\",\"@id\":\"https:\\\/\\\/arabian-mood.com\\\/#organization\",\"name\":\"Arabian Mood\",\"url\":\"https:\\\/\\\/arabian-mood.com\\\/\",\"logo\":{\"@type\":\"ImageObject\",\"inLanguage\":\"pt-PT\",\"@id\":\"https:\\\/\\\/arabian-mood.com\\\/#\\\/schema\\\/logo\\\/image\\\/\",\"url\":\"https:\\\/\\\/arabian-mood.com\\\/wp-content\\\/uploads\\\/2024\\\/09\\\/Groupe-11304.svg\",\"contentUrl\":\"https:\\\/\\\/arabian-mood.com\\\/wp-content\\\/uploads\\\/2024\\\/09\\\/Groupe-11304.svg\",\"width\":214,\"height\":27,\"caption\":\"Arabian Mood\"},\"image\":{\"@id\":\"https:\\\/\\\/arabian-mood.com\\\/#\\\/schema\\\/logo\\\/image\\\/\"},\"sameAs\":[\"https:\\\/\\\/www.instagram.com\\\/arabianmoodofficiel\\\/\"]}]}<\/script>\n<!-- \/ Yoast SEO plugin. -->","yoast_head_json":{"title":"Eau de parfum Voux Turquoise - Emir by Paris Corner","description":"D\u00e9couvrez Voux Turquoise : un parfum d'\u00e9t\u00e9 aux notes d'agrumes italiens et de vanille de Madagascar. Une fra\u00eecheur irr\u00e9sistible pour l'\u00e9t\u00e9.","robots":{"index":"index","follow":"follow","max-snippet":"max-snippet:-1","max-image-preview":"max-image-preview:large","max-video-preview":"max-video-preview:-1"},"canonical":"https:\/\/arabian-mood.com\/pt\/product-2\/voux-turquoise\/","og_locale":"pt_PT","og_type":"article","og_title":"Eau de parfum Voux Turquoise - Emir by Paris Corner","og_description":"D\u00e9couvrez Voux Turquoise : un parfum d'\u00e9t\u00e9 aux notes d'agrumes italiens et de vanille de Madagascar. Une fra\u00eecheur irr\u00e9sistible pour l'\u00e9t\u00e9.","og_url":"https:\/\/arabian-mood.com\/pt\/product-2\/voux-turquoise\/","og_site_name":"Arabian Mood","article_modified_time":"2025-01-17T15:52:03+00:00","og_image":[{"width":900,"height":900,"url":"https:\/\/arabian-mood.com\/wp-content\/uploads\/2024\/03\/voux-turquoise.png","type":"image\/png"}],"twitter_card":"summary_large_image","twitter_misc":{"Est. reading time":"2 minutos"},"schema":{"@context":"https:\/\/schema.org","@graph":[{"@type":"WebPage","@id":"https:\/\/arabian-mood.com\/produit\/voux-turquoise\/","url":"https:\/\/arabian-mood.com\/produit\/voux-turquoise\/","name":"Eau de parfum Voux Turquoise - Emir by Paris Corner","isPartOf":{"@id":"https:\/\/arabian-mood.com\/#website"},"primaryImageOfPage":{"@id":"https:\/\/arabian-mood.com\/produit\/voux-turquoise\/#primaryimage"},"image":{"@id":"https:\/\/arabian-mood.com\/produit\/voux-turquoise\/#primaryimage"},"thumbnailUrl":"https:\/\/arabian-mood.com\/wp-content\/uploads\/2024\/03\/voux-turquoise.png","datePublished":"2024-03-29T11:45:51+00:00","dateModified":"2025-01-17T15:52:03+00:00","description":"D\u00e9couvrez Voux Turquoise : un parfum d'\u00e9t\u00e9 aux notes d'agrumes italiens et de vanille de Madagascar. Une fra\u00eecheur irr\u00e9sistible pour l'\u00e9t\u00e9.","breadcrumb":{"@id":"https:\/\/arabian-mood.com\/produit\/voux-turquoise\/#breadcrumb"},"inLanguage":"pt-PT","potentialAction":[{"@type":"ReadAction","target":["https:\/\/arabian-mood.com\/produit\/voux-turquoise\/"]}]},{"@type":"ImageObject","inLanguage":"pt-PT","@id":"https:\/\/arabian-mood.com\/produit\/voux-turquoise\/#primaryimage","url":"https:\/\/arabian-mood.com\/wp-content\/uploads\/2024\/03\/voux-turquoise.png","contentUrl":"https:\/\/arabian-mood.com\/wp-content\/uploads\/2024\/03\/voux-turquoise.png","width":900,"height":900,"caption":"Voux Turquoise Paris Corner"},{"@type":"BreadcrumbList","@id":"https:\/\/arabian-mood.com\/produit\/voux-turquoise\/#breadcrumb","itemListElement":[{"@type":"ListItem","position":1,"name":"Accueil","item":"https:\/\/arabian-mood.com\/"},{"@type":"ListItem","position":2,"name":"Boutique","item":"https:\/\/arabian-mood.com\/boutique\/"},{"@type":"ListItem","position":3,"name":"Eau de parfum Voux Turquoise &#8211; Emir by Paris Corner"}]},{"@type":"WebSite","@id":"https:\/\/arabian-mood.com\/#website","url":"https:\/\/arabian-mood.com\/","name":"Ambiente \u00c1rabe","description":"","publisher":{"@id":"https:\/\/arabian-mood.com\/#organization"},"potentialAction":[{"@type":"SearchAction","target":{"@type":"EntryPoint","urlTemplate":"https:\/\/arabian-mood.com\/?s={search_term_string}"},"query-input":{"@type":"PropertyValueSpecification","valueRequired":true,"valueName":"search_term_string"}}],"inLanguage":"pt-PT"},{"@type":"Organization","@id":"https:\/\/arabian-mood.com\/#organization","name":"Ambiente \u00c1rabe","url":"https:\/\/arabian-mood.com\/","logo":{"@type":"ImageObject","inLanguage":"pt-PT","@id":"https:\/\/arabian-mood.com\/#\/schema\/logo\/image\/","url":"https:\/\/arabian-mood.com\/wp-content\/uploads\/2024\/09\/Groupe-11304.svg","contentUrl":"https:\/\/arabian-mood.com\/wp-content\/uploads\/2024\/09\/Groupe-11304.svg","width":214,"height":27,"caption":"Arabian Mood"},"image":{"@id":"https:\/\/arabian-mood.com\/#\/schema\/logo\/image\/"},"sameAs":["https:\/\/www.instagram.com\/arabianmoodofficiel\/"]}]}},"_links":{"self":[{"href":"https:\/\/arabian-mood.com\/pt\/wp-json\/wp\/v2\/product\/7862","targetHints":{"allow":["GET"]}}],"collection":[{"href":"https:\/\/arabian-mood.com\/pt\/wp-json\/wp\/v2\/product"}],"about":[{"href":"https:\/\/arabian-mood.com\/pt\/wp-json\/wp\/v2\/types\/product"}],"wp:featuredmedia":[{"embeddable":true,"href":"https:\/\/arabian-mood.com\/pt\/wp-json\/wp\/v2\/media\/7759"}],"wp:attachment":[{"href":"https:\/\/arabian-mood.com\/pt\/wp-json\/wp\/v2\/media?parent=7862"}],"wp:term":[{"taxonomy":"product_brand","embeddable":true,"href":"https:\/\/arabian-mood.com\/pt\/wp-json\/wp\/v2\/product_brand?post=7862"},{"taxonomy":"product_cat","embeddable":true,"href":"https:\/\/arabian-mood.com\/pt\/wp-json\/wp\/v2\/product_cat?post=7862"},{"taxonomy":"product_tag","embeddable":true,"href":"https:\/\/arabian-mood.com\/pt\/wp-json\/wp\/v2\/product_tag?post=7862"}],"curies":[{"name":"wp","href":"https:\/\/api.w.org\/{rel}","templated":true}]}}