{"id":7874,"date":"2024-03-29T12:45:51","date_gmt":"2024-03-29T11:45:51","guid":{"rendered":"https:\/\/arabian-mood.com\/produit\/noix-de-pecan-caramelise\/"},"modified":"2026-04-24T12:53:19","modified_gmt":"2026-04-24T10:53:19","slug":"noix-de-pecan-caramelise","status":"publish","type":"product","link":"https:\/\/arabian-mood.com\/pt\/produit\/noix-de-pecan-caramelise\/","title":{"rendered":"Nozes de pec\u00e3 caramelizadas"},"content":{"rendered":"<p>D\u00e8s lors que l&#8217;on croque dans une <strong>noix de p\u00e9can caram\u00e9lis\u00e9<\/strong>, on se laisse surprendre par un contraste saisissant, celui du craquant du <strong>caramel dor\u00e9<\/strong> qui c\u00e8de sous la dent, puis de la texture fondante de la noix, riche et beurr\u00e9e. Cette exp\u00e9rience gustative transcende \u00e0 bien des \u00e9gards la simple <strong>friandise<\/strong>.<\/p>\n<h2>Noix de p\u00e9can caram\u00e9lis\u00e9 : une gourmandise croustillante et savoureuse<\/h2>\n<p>Originaires d&#8217;Am\u00e9rique du Nord, ces noix de p\u00e9can sont sublim\u00e9es par une <strong>caram\u00e9lisation artisanale<\/strong> qui met en valeur leur go\u00fbt unique. Le <strong>sucre brun<\/strong> apporte sa riche <strong>m\u00e9lasse naturelle<\/strong>, tandis que le <strong>beurre<\/strong> offre une texture cr\u00e9meuse. La touche de <strong>canela<\/strong> e de <strong>baunilha<\/strong> vient quant \u00e0 elle parfaire cette harmonie en r\u00e9v\u00e9lant toutes les saveurs automnales des noix. Les plus gourmands d&#8217;entre vous pourront aussi se tourner vers nos <a href=\"https:\/\/arabian-mood.com\/pt\/product-2\/noix-de-pecan-chocolat-au-lait\/\"><strong>noix de p\u00e9can au chocolat au lait<\/strong><\/a>, un pur r\u00e9gal ! \u00a0 Nous proposons exclusivement des noix de p\u00e9can de premi\u00e8re qualit\u00e9, cultiv\u00e9es dans des conditions optimales.<\/p>\n<p>Chaque noix est d&#8217;ailleurs choisie de mani\u00e8re rigoureuse pour sa qualit\u00e9 : bien pleine, intacte et parfaitement saine. Le processus de caram\u00e9lisation pr\u00e9serve toutes leurs qualit\u00e9s nutritionnelles. Cette attention aux d\u00e9tails garantit une texture parfaite, \u00e0 savoir croustillante \u00e0 l&#8217;ext\u00e9rieur et fondante \u00e0 l&#8217;int\u00e9rieur.<\/p>\n<h3>Noix de p\u00e9can caram\u00e9lis\u00e9 : un produit polyvalent de luxe<\/h3>\n<p>Ces friandises conviennent aussi bien aux amateurs de <strong>snacking<\/strong> raffin\u00e9 qu&#8217;aux professionnels de la <strong>p\u00e2tisserie<\/strong>. Leur qualit\u00e9 exceptionnelle en fait notamment un ingr\u00e9dient pris\u00e9 des chefs pour sublimer <strong>desserts et p\u00e2tisseries<\/strong>. Parfaites pour les buffets prestigieux, les r\u00e9ceptions haut de gamme ou simplement pour offrir un <strong>cadeau gourmand<\/strong> distingu\u00e9.<\/p>\n<p>Vous pouvez aussi vous en servir pour sublimer une collation savoureuse et \u00e9nerg\u00e9tique. Elles s&#8217;incorporent merveilleusement dans vos\u00a0<strong>brownies<\/strong>, <strong>cookies<\/strong> et autres <strong>p\u00e2tisseries maison<\/strong>. Sinon, les d\u00e9guster tels quels est aussi une solution envisageable, peut-\u00eatre m\u00eame la meilleure !<\/p>\n<h3>Un cadeau gourmand<\/h3>\n<p>Nos noix de p\u00e9can caram\u00e9lis\u00e9 feront \u00e9galement l&#8217;affaire en tant que cadeau gourmand qui ne manque jamais de faire plaisir. Commandez d\u00e8s maintenant sur notre <strong>boutique en ligne<\/strong> et d\u00e9couvrez ces <strong>d\u00e9lices croquants<\/strong> livr\u00e9s directement chez vous.<\/p>","protected":false},"excerpt":{"rendered":"<p>SAVEUR CARAMEL<\/p>","protected":false},"featured_media":7780,"template":"","meta":[],"product_brand":[],"product_cat":[573,550],"product_tag":[],"class_list":{"0":"post-7874","1":"product","2":"type-product","3":"status-publish","4":"has-post-thumbnail","6":"product_cat-gourmandise","7":"product_cat-noix-de-pecan-dubai","9":"first","10":"instock","11":"purchasable","12":"product-type-variable"},"yoast_head":"<!-- This site is optimized with the Yoast SEO plugin v27.6 - https:\/\/yoast.com\/product\/yoast-seo-wordpress\/ -->\n<title>Noix de p\u00e9can caram\u00e9lis\u00e9 - Arabian Mood<\/title>\n<meta name=\"description\" content=\"D\u00e9couvrez nos noix de p\u00e9can caram\u00e9lis\u00e9, de d\u00e9licieuses friandises enrob\u00e9es de caramel et de chocolat originaires de Duba\u00ef.\" \/>\n<meta name=\"robots\" content=\"index, follow, max-snippet:-1, max-image-preview:large, max-video-preview:-1\" \/>\n<link rel=\"canonical\" href=\"https:\/\/arabian-mood.com\/pt\/product-2\/noix-de-pecan-caramelise\/\" \/>\n<meta property=\"og:locale\" content=\"pt_PT\" \/>\n<meta property=\"og:type\" content=\"article\" \/>\n<meta property=\"og:title\" content=\"Noix de p\u00e9can caram\u00e9lis\u00e9 - Arabian Mood\" \/>\n<meta property=\"og:description\" content=\"D\u00e9couvrez nos noix de p\u00e9can caram\u00e9lis\u00e9, de d\u00e9licieuses friandises enrob\u00e9es de caramel et de chocolat originaires de Duba\u00ef.\" \/>\n<meta property=\"og:url\" content=\"https:\/\/arabian-mood.com\/pt\/product-2\/noix-de-pecan-caramelise\/\" \/>\n<meta property=\"og:site_name\" content=\"Arabian Mood\" \/>\n<meta property=\"article:modified_time\" content=\"2026-04-24T10:53:19+00:00\" \/>\n<meta property=\"og:image\" content=\"https:\/\/arabian-mood.com\/wp-content\/uploads\/2024\/03\/noix-de-pecan-caramelise.png\" \/>\n\t<meta property=\"og:image:width\" content=\"900\" \/>\n\t<meta property=\"og:image:height\" content=\"900\" \/>\n\t<meta property=\"og:image:type\" content=\"image\/png\" \/>\n<meta name=\"twitter:card\" content=\"summary_large_image\" \/>\n<meta name=\"twitter:label1\" content=\"Tempo estimado de leitura\" \/>\n\t<meta name=\"twitter:data1\" content=\"2 minutos\" \/>\n<script type=\"application\/ld+json\" class=\"yoast-schema-graph\">{\"@context\":\"https:\\\/\\\/schema.org\",\"@graph\":[{\"@type\":\"WebPage\",\"@id\":\"https:\\\/\\\/arabian-mood.com\\\/produit\\\/noix-de-pecan-caramelise\\\/\",\"url\":\"https:\\\/\\\/arabian-mood.com\\\/produit\\\/noix-de-pecan-caramelise\\\/\",\"name\":\"Noix de p\u00e9can caram\u00e9lis\u00e9 - Arabian Mood\",\"isPartOf\":{\"@id\":\"https:\\\/\\\/arabian-mood.com\\\/#website\"},\"primaryImageOfPage\":{\"@id\":\"https:\\\/\\\/arabian-mood.com\\\/produit\\\/noix-de-pecan-caramelise\\\/#primaryimage\"},\"image\":{\"@id\":\"https:\\\/\\\/arabian-mood.com\\\/produit\\\/noix-de-pecan-caramelise\\\/#primaryimage\"},\"thumbnailUrl\":\"https:\\\/\\\/arabian-mood.com\\\/wp-content\\\/uploads\\\/2024\\\/03\\\/noix-de-pecan-caramelise.png\",\"datePublished\":\"2024-03-29T11:45:51+00:00\",\"dateModified\":\"2026-04-24T10:53:19+00:00\",\"description\":\"D\u00e9couvrez nos noix de p\u00e9can caram\u00e9lis\u00e9, de d\u00e9licieuses friandises enrob\u00e9es de caramel et de chocolat originaires de Duba\u00ef.\",\"breadcrumb\":{\"@id\":\"https:\\\/\\\/arabian-mood.com\\\/produit\\\/noix-de-pecan-caramelise\\\/#breadcrumb\"},\"inLanguage\":\"pt-PT\",\"potentialAction\":[{\"@type\":\"ReadAction\",\"target\":[\"https:\\\/\\\/arabian-mood.com\\\/produit\\\/noix-de-pecan-caramelise\\\/\"]}]},{\"@type\":\"ImageObject\",\"inLanguage\":\"pt-PT\",\"@id\":\"https:\\\/\\\/arabian-mood.com\\\/produit\\\/noix-de-pecan-caramelise\\\/#primaryimage\",\"url\":\"https:\\\/\\\/arabian-mood.com\\\/wp-content\\\/uploads\\\/2024\\\/03\\\/noix-de-pecan-caramelise.png\",\"contentUrl\":\"https:\\\/\\\/arabian-mood.com\\\/wp-content\\\/uploads\\\/2024\\\/03\\\/noix-de-pecan-caramelise.png\",\"width\":900,\"height\":900,\"caption\":\"Noix de p\u00e9can caram\u00e9lis\u00e9\"},{\"@type\":\"BreadcrumbList\",\"@id\":\"https:\\\/\\\/arabian-mood.com\\\/produit\\\/noix-de-pecan-caramelise\\\/#breadcrumb\",\"itemListElement\":[{\"@type\":\"ListItem\",\"position\":1,\"name\":\"Accueil\",\"item\":\"https:\\\/\\\/arabian-mood.com\\\/\"},{\"@type\":\"ListItem\",\"position\":2,\"name\":\"Boutique\",\"item\":\"https:\\\/\\\/arabian-mood.com\\\/boutique\\\/\"},{\"@type\":\"ListItem\",\"position\":3,\"name\":\"Noix de p\u00e9can caram\u00e9lis\u00e9\"}]},{\"@type\":\"WebSite\",\"@id\":\"https:\\\/\\\/arabian-mood.com\\\/#website\",\"url\":\"https:\\\/\\\/arabian-mood.com\\\/\",\"name\":\"Arabian Mood\",\"description\":\"\",\"publisher\":{\"@id\":\"https:\\\/\\\/arabian-mood.com\\\/#organization\"},\"potentialAction\":[{\"@type\":\"SearchAction\",\"target\":{\"@type\":\"EntryPoint\",\"urlTemplate\":\"https:\\\/\\\/arabian-mood.com\\\/?s={search_term_string}\"},\"query-input\":{\"@type\":\"PropertyValueSpecification\",\"valueRequired\":true,\"valueName\":\"search_term_string\"}}],\"inLanguage\":\"pt-PT\"},{\"@type\":\"Organization\",\"@id\":\"https:\\\/\\\/arabian-mood.com\\\/#organization\",\"name\":\"Arabian Mood\",\"url\":\"https:\\\/\\\/arabian-mood.com\\\/\",\"logo\":{\"@type\":\"ImageObject\",\"inLanguage\":\"pt-PT\",\"@id\":\"https:\\\/\\\/arabian-mood.com\\\/#\\\/schema\\\/logo\\\/image\\\/\",\"url\":\"https:\\\/\\\/arabian-mood.com\\\/wp-content\\\/uploads\\\/2024\\\/09\\\/Groupe-11304.svg\",\"contentUrl\":\"https:\\\/\\\/arabian-mood.com\\\/wp-content\\\/uploads\\\/2024\\\/09\\\/Groupe-11304.svg\",\"width\":214,\"height\":27,\"caption\":\"Arabian Mood\"},\"image\":{\"@id\":\"https:\\\/\\\/arabian-mood.com\\\/#\\\/schema\\\/logo\\\/image\\\/\"},\"sameAs\":[\"https:\\\/\\\/www.instagram.com\\\/arabianmoodofficiel\\\/\"]}]}<\/script>\n<!-- \/ Yoast SEO plugin. -->","yoast_head_json":{"title":"Noix de p\u00e9can caram\u00e9lis\u00e9 - Arabian Mood","description":"D\u00e9couvrez nos noix de p\u00e9can caram\u00e9lis\u00e9, de d\u00e9licieuses friandises enrob\u00e9es de caramel et de chocolat originaires de Duba\u00ef.","robots":{"index":"index","follow":"follow","max-snippet":"max-snippet:-1","max-image-preview":"max-image-preview:large","max-video-preview":"max-video-preview:-1"},"canonical":"https:\/\/arabian-mood.com\/pt\/product-2\/noix-de-pecan-caramelise\/","og_locale":"pt_PT","og_type":"article","og_title":"Noix de p\u00e9can caram\u00e9lis\u00e9 - Arabian Mood","og_description":"D\u00e9couvrez nos noix de p\u00e9can caram\u00e9lis\u00e9, de d\u00e9licieuses friandises enrob\u00e9es de caramel et de chocolat originaires de Duba\u00ef.","og_url":"https:\/\/arabian-mood.com\/pt\/product-2\/noix-de-pecan-caramelise\/","og_site_name":"Arabian Mood","article_modified_time":"2026-04-24T10:53:19+00:00","og_image":[{"width":900,"height":900,"url":"https:\/\/arabian-mood.com\/wp-content\/uploads\/2024\/03\/noix-de-pecan-caramelise.png","type":"image\/png"}],"twitter_card":"summary_large_image","twitter_misc":{"Tempo estimado de leitura":"2 minutos"},"schema":{"@context":"https:\/\/schema.org","@graph":[{"@type":"WebPage","@id":"https:\/\/arabian-mood.com\/produit\/noix-de-pecan-caramelise\/","url":"https:\/\/arabian-mood.com\/produit\/noix-de-pecan-caramelise\/","name":"Noix de p\u00e9can caram\u00e9lis\u00e9 - Arabian Mood","isPartOf":{"@id":"https:\/\/arabian-mood.com\/#website"},"primaryImageOfPage":{"@id":"https:\/\/arabian-mood.com\/produit\/noix-de-pecan-caramelise\/#primaryimage"},"image":{"@id":"https:\/\/arabian-mood.com\/produit\/noix-de-pecan-caramelise\/#primaryimage"},"thumbnailUrl":"https:\/\/arabian-mood.com\/wp-content\/uploads\/2024\/03\/noix-de-pecan-caramelise.png","datePublished":"2024-03-29T11:45:51+00:00","dateModified":"2026-04-24T10:53:19+00:00","description":"D\u00e9couvrez nos noix de p\u00e9can caram\u00e9lis\u00e9, de d\u00e9licieuses friandises enrob\u00e9es de caramel et de chocolat originaires de Duba\u00ef.","breadcrumb":{"@id":"https:\/\/arabian-mood.com\/produit\/noix-de-pecan-caramelise\/#breadcrumb"},"inLanguage":"pt-PT","potentialAction":[{"@type":"ReadAction","target":["https:\/\/arabian-mood.com\/produit\/noix-de-pecan-caramelise\/"]}]},{"@type":"ImageObject","inLanguage":"pt-PT","@id":"https:\/\/arabian-mood.com\/produit\/noix-de-pecan-caramelise\/#primaryimage","url":"https:\/\/arabian-mood.com\/wp-content\/uploads\/2024\/03\/noix-de-pecan-caramelise.png","contentUrl":"https:\/\/arabian-mood.com\/wp-content\/uploads\/2024\/03\/noix-de-pecan-caramelise.png","width":900,"height":900,"caption":"Noix de p\u00e9can caram\u00e9lis\u00e9"},{"@type":"BreadcrumbList","@id":"https:\/\/arabian-mood.com\/produit\/noix-de-pecan-caramelise\/#breadcrumb","itemListElement":[{"@type":"ListItem","position":1,"name":"Accueil","item":"https:\/\/arabian-mood.com\/"},{"@type":"ListItem","position":2,"name":"Boutique","item":"https:\/\/arabian-mood.com\/boutique\/"},{"@type":"ListItem","position":3,"name":"Noix de p\u00e9can caram\u00e9lis\u00e9"}]},{"@type":"WebSite","@id":"https:\/\/arabian-mood.com\/#website","url":"https:\/\/arabian-mood.com\/","name":"Ambiente \u00c1rabe","description":"","publisher":{"@id":"https:\/\/arabian-mood.com\/#organization"},"potentialAction":[{"@type":"SearchAction","target":{"@type":"EntryPoint","urlTemplate":"https:\/\/arabian-mood.com\/?s={search_term_string}"},"query-input":{"@type":"PropertyValueSpecification","valueRequired":true,"valueName":"search_term_string"}}],"inLanguage":"pt-PT"},{"@type":"Organization","@id":"https:\/\/arabian-mood.com\/#organization","name":"Ambiente \u00c1rabe","url":"https:\/\/arabian-mood.com\/","logo":{"@type":"ImageObject","inLanguage":"pt-PT","@id":"https:\/\/arabian-mood.com\/#\/schema\/logo\/image\/","url":"https:\/\/arabian-mood.com\/wp-content\/uploads\/2024\/09\/Groupe-11304.svg","contentUrl":"https:\/\/arabian-mood.com\/wp-content\/uploads\/2024\/09\/Groupe-11304.svg","width":214,"height":27,"caption":"Arabian Mood"},"image":{"@id":"https:\/\/arabian-mood.com\/#\/schema\/logo\/image\/"},"sameAs":["https:\/\/www.instagram.com\/arabianmoodofficiel\/"]}]}},"_links":{"self":[{"href":"https:\/\/arabian-mood.com\/pt\/wp-json\/wp\/v2\/product\/7874","targetHints":{"allow":["GET"]}}],"collection":[{"href":"https:\/\/arabian-mood.com\/pt\/wp-json\/wp\/v2\/product"}],"about":[{"href":"https:\/\/arabian-mood.com\/pt\/wp-json\/wp\/v2\/types\/product"}],"wp:featuredmedia":[{"embeddable":true,"href":"https:\/\/arabian-mood.com\/pt\/wp-json\/wp\/v2\/media\/7780"}],"wp:attachment":[{"href":"https:\/\/arabian-mood.com\/pt\/wp-json\/wp\/v2\/media?parent=7874"}],"wp:term":[{"taxonomy":"product_brand","embeddable":true,"href":"https:\/\/arabian-mood.com\/pt\/wp-json\/wp\/v2\/product_brand?post=7874"},{"taxonomy":"product_cat","embeddable":true,"href":"https:\/\/arabian-mood.com\/pt\/wp-json\/wp\/v2\/product_cat?post=7874"},{"taxonomy":"product_tag","embeddable":true,"href":"https:\/\/arabian-mood.com\/pt\/wp-json\/wp\/v2\/product_tag?post=7874"}],"curies":[{"name":"wp","href":"https:\/\/api.w.org\/{rel}","templated":true}]}}