{"id":8114,"date":"2024-08-09T11:39:25","date_gmt":"2024-08-09T09:39:25","guid":{"rendered":"https:\/\/arabian-mood.com\/produit\/matier-noire-loui-martin\/"},"modified":"2026-01-20T12:47:41","modified_gmt":"2026-01-20T11:47:41","slug":"materia-negra-louis-martin","status":"publish","type":"product","link":"https:\/\/arabian-mood.com\/pt\/produit\/matier-noire-loui-martin\/","title":{"rendered":"MATIER NOIRE \u2013 LOUI MARTIN"},"content":{"rendered":"<p>Este sumo metaf\u00f3rico come\u00e7a com uma mistura frutada de xarope de groselha negra e notas aqu\u00e1ticas. Assim, Mati\u00e8re Noire revela desde logo o seu lado sombrio, ao mesmo tempo que fresco e suculento. Depois, o seu cora\u00e7\u00e3o carrega-se de flores. \u00c9 ali\u00e1s da\u00ed que vem toda a sua eleg\u00e2ncia. Al\u00e9m disso, Mati\u00e8re Noire cont\u00e9m ciclame, narciso, jasmim sambac e rosa. Estes ingredientes et\u00e9reos trazem mais contraste a esta ess\u00eancia, o que lhe confere mais amplitude. \u00c9 um pouco como se a noite escura fosse subitamente atravessada por um cometa luminoso. Nesse instante, Mati\u00e8re Noire enriquece-se com madeiras preciosas. Cont\u00e9m patchouli, agarwood do Laos, incenso e benjoim. Tudo \u00e9 absolutamente perturbador e torna-se quase irreal.<\/p>\n<p>Inspira\u00e7\u00e3o: Mati\u00e8re Noire Louis Vuitton<\/p>","protected":false},"excerpt":{"rendered":"<p>Notas de topo: Xarope de groselha preta e Notas aqu\u00e1ticas<\/p>\n<p>Notas de cora\u00e7\u00e3o: Rosa, Cyclamen, Narciso, Jasmim Sambac<\/p>\n<p>Notas de fundo: Oud, Patchouli, Incenso, Benjoim<\/p>","protected":false},"featured_media":0,"template":"","meta":[],"product_brand":[],"product_cat":[591],"product_tag":[],"class_list":{"0":"post-8114","1":"product","2":"type-product","3":"status-publish","5":"product_cat-rupture-de-stock","7":"first","8":"outofstock","9":"sale","10":"purchasable","11":"product-type-simple"},"yoast_head":"<!-- This site is optimized with the Yoast SEO plugin v27.5 - https:\/\/yoast.com\/product\/yoast-seo-wordpress\/ -->\n<title>MATIER NOIRE - LOUI MARTIN - Arabian Mood<\/title>\n<meta name=\"robots\" content=\"index, follow, max-snippet:-1, max-image-preview:large, max-video-preview:-1\" \/>\n<link rel=\"canonical\" href=\"https:\/\/arabian-mood.com\/pt\/product-2\/materia-negra-louis-martin\/\" \/>\n<meta property=\"og:locale\" content=\"pt_PT\" \/>\n<meta property=\"og:type\" content=\"article\" \/>\n<meta property=\"og:title\" content=\"MATIER NOIRE - LOUI MARTIN - Arabian Mood\" \/>\n<meta property=\"og:description\" content=\"Notes de t\u00eate\u00a0: Sirop de cassis et Notes aquatiques  Notes de coeur\u00a0:\u00a0 Rose, Cyclamen, Narcissus, Jasmin Sambac  Notes de fond\u00a0: Oud, Patchouli, Encens, Benjoin\" \/>\n<meta property=\"og:url\" content=\"https:\/\/arabian-mood.com\/pt\/product-2\/materia-negra-louis-martin\/\" \/>\n<meta property=\"og:site_name\" content=\"Arabian Mood\" \/>\n<meta property=\"article:modified_time\" content=\"2026-01-20T11:47:41+00:00\" \/>\n<meta name=\"twitter:card\" content=\"summary_large_image\" \/>\n<meta name=\"twitter:label1\" content=\"Tempo estimado de leitura\" \/>\n\t<meta name=\"twitter:data1\" content=\"1 minuto\" \/>\n<script type=\"application\/ld+json\" class=\"yoast-schema-graph\">{\"@context\":\"https:\\\/\\\/schema.org\",\"@graph\":[{\"@type\":\"WebPage\",\"@id\":\"https:\\\/\\\/arabian-mood.com\\\/produit\\\/matier-noire-loui-martin\\\/\",\"url\":\"https:\\\/\\\/arabian-mood.com\\\/produit\\\/matier-noire-loui-martin\\\/\",\"name\":\"MATIER NOIRE - LOUI MARTIN - Arabian Mood\",\"isPartOf\":{\"@id\":\"https:\\\/\\\/arabian-mood.com\\\/#website\"},\"datePublished\":\"2024-08-09T09:39:25+00:00\",\"dateModified\":\"2026-01-20T11:47:41+00:00\",\"breadcrumb\":{\"@id\":\"https:\\\/\\\/arabian-mood.com\\\/produit\\\/matier-noire-loui-martin\\\/#breadcrumb\"},\"inLanguage\":\"pt-PT\",\"potentialAction\":[{\"@type\":\"ReadAction\",\"target\":[\"https:\\\/\\\/arabian-mood.com\\\/produit\\\/matier-noire-loui-martin\\\/\"]}]},{\"@type\":\"BreadcrumbList\",\"@id\":\"https:\\\/\\\/arabian-mood.com\\\/produit\\\/matier-noire-loui-martin\\\/#breadcrumb\",\"itemListElement\":[{\"@type\":\"ListItem\",\"position\":1,\"name\":\"Accueil\",\"item\":\"https:\\\/\\\/arabian-mood.com\\\/\"},{\"@type\":\"ListItem\",\"position\":2,\"name\":\"Boutique\",\"item\":\"https:\\\/\\\/arabian-mood.com\\\/boutique\\\/\"},{\"@type\":\"ListItem\",\"position\":3,\"name\":\"MATIER NOIRE &#8211; LOUI MARTIN\"}]},{\"@type\":\"WebSite\",\"@id\":\"https:\\\/\\\/arabian-mood.com\\\/#website\",\"url\":\"https:\\\/\\\/arabian-mood.com\\\/\",\"name\":\"Arabian Mood\",\"description\":\"\",\"publisher\":{\"@id\":\"https:\\\/\\\/arabian-mood.com\\\/#organization\"},\"potentialAction\":[{\"@type\":\"SearchAction\",\"target\":{\"@type\":\"EntryPoint\",\"urlTemplate\":\"https:\\\/\\\/arabian-mood.com\\\/?s={search_term_string}\"},\"query-input\":{\"@type\":\"PropertyValueSpecification\",\"valueRequired\":true,\"valueName\":\"search_term_string\"}}],\"inLanguage\":\"pt-PT\"},{\"@type\":\"Organization\",\"@id\":\"https:\\\/\\\/arabian-mood.com\\\/#organization\",\"name\":\"Arabian Mood\",\"url\":\"https:\\\/\\\/arabian-mood.com\\\/\",\"logo\":{\"@type\":\"ImageObject\",\"inLanguage\":\"pt-PT\",\"@id\":\"https:\\\/\\\/arabian-mood.com\\\/#\\\/schema\\\/logo\\\/image\\\/\",\"url\":\"https:\\\/\\\/arabian-mood.com\\\/wp-content\\\/uploads\\\/2024\\\/09\\\/Groupe-11304.svg\",\"contentUrl\":\"https:\\\/\\\/arabian-mood.com\\\/wp-content\\\/uploads\\\/2024\\\/09\\\/Groupe-11304.svg\",\"width\":214,\"height\":27,\"caption\":\"Arabian Mood\"},\"image\":{\"@id\":\"https:\\\/\\\/arabian-mood.com\\\/#\\\/schema\\\/logo\\\/image\\\/\"},\"sameAs\":[\"https:\\\/\\\/www.instagram.com\\\/arabianmoodofficiel\\\/\"]}]}<\/script>\n<!-- \/ Yoast SEO plugin. -->","yoast_head_json":{"title":"MATIER NOIRE - LOUI MARTIN - Arabian Mood","robots":{"index":"index","follow":"follow","max-snippet":"max-snippet:-1","max-image-preview":"max-image-preview:large","max-video-preview":"max-video-preview:-1"},"canonical":"https:\/\/arabian-mood.com\/pt\/product-2\/materia-negra-louis-martin\/","og_locale":"pt_PT","og_type":"article","og_title":"MATIER NOIRE - LOUI MARTIN - Arabian Mood","og_description":"Notes de t\u00eate\u00a0: Sirop de cassis et Notes aquatiques  Notes de coeur\u00a0:\u00a0 Rose, Cyclamen, Narcissus, Jasmin Sambac  Notes de fond\u00a0: Oud, Patchouli, Encens, Benjoin","og_url":"https:\/\/arabian-mood.com\/pt\/product-2\/materia-negra-louis-martin\/","og_site_name":"Arabian Mood","article_modified_time":"2026-01-20T11:47:41+00:00","twitter_card":"summary_large_image","twitter_misc":{"Tempo estimado de leitura":"1 minuto"},"schema":{"@context":"https:\/\/schema.org","@graph":[{"@type":"WebPage","@id":"https:\/\/arabian-mood.com\/produit\/matier-noire-loui-martin\/","url":"https:\/\/arabian-mood.com\/produit\/matier-noire-loui-martin\/","name":"MATIER NOIRE - LOUI MARTIN - Arabian Mood","isPartOf":{"@id":"https:\/\/arabian-mood.com\/#website"},"datePublished":"2024-08-09T09:39:25+00:00","dateModified":"2026-01-20T11:47:41+00:00","breadcrumb":{"@id":"https:\/\/arabian-mood.com\/produit\/matier-noire-loui-martin\/#breadcrumb"},"inLanguage":"pt-PT","potentialAction":[{"@type":"ReadAction","target":["https:\/\/arabian-mood.com\/produit\/matier-noire-loui-martin\/"]}]},{"@type":"BreadcrumbList","@id":"https:\/\/arabian-mood.com\/produit\/matier-noire-loui-martin\/#breadcrumb","itemListElement":[{"@type":"ListItem","position":1,"name":"Accueil","item":"https:\/\/arabian-mood.com\/"},{"@type":"ListItem","position":2,"name":"Boutique","item":"https:\/\/arabian-mood.com\/boutique\/"},{"@type":"ListItem","position":3,"name":"MATIER NOIRE &#8211; LOUI MARTIN"}]},{"@type":"WebSite","@id":"https:\/\/arabian-mood.com\/#website","url":"https:\/\/arabian-mood.com\/","name":"Ambiente \u00c1rabe","description":"","publisher":{"@id":"https:\/\/arabian-mood.com\/#organization"},"potentialAction":[{"@type":"SearchAction","target":{"@type":"EntryPoint","urlTemplate":"https:\/\/arabian-mood.com\/?s={search_term_string}"},"query-input":{"@type":"PropertyValueSpecification","valueRequired":true,"valueName":"search_term_string"}}],"inLanguage":"pt-PT"},{"@type":"Organization","@id":"https:\/\/arabian-mood.com\/#organization","name":"Ambiente \u00c1rabe","url":"https:\/\/arabian-mood.com\/","logo":{"@type":"ImageObject","inLanguage":"pt-PT","@id":"https:\/\/arabian-mood.com\/#\/schema\/logo\/image\/","url":"https:\/\/arabian-mood.com\/wp-content\/uploads\/2024\/09\/Groupe-11304.svg","contentUrl":"https:\/\/arabian-mood.com\/wp-content\/uploads\/2024\/09\/Groupe-11304.svg","width":214,"height":27,"caption":"Arabian Mood"},"image":{"@id":"https:\/\/arabian-mood.com\/#\/schema\/logo\/image\/"},"sameAs":["https:\/\/www.instagram.com\/arabianmoodofficiel\/"]}]}},"_links":{"self":[{"href":"https:\/\/arabian-mood.com\/pt\/wp-json\/wp\/v2\/product\/8114","targetHints":{"allow":["GET"]}}],"collection":[{"href":"https:\/\/arabian-mood.com\/pt\/wp-json\/wp\/v2\/product"}],"about":[{"href":"https:\/\/arabian-mood.com\/pt\/wp-json\/wp\/v2\/types\/product"}],"wp:attachment":[{"href":"https:\/\/arabian-mood.com\/pt\/wp-json\/wp\/v2\/media?parent=8114"}],"wp:term":[{"taxonomy":"product_brand","embeddable":true,"href":"https:\/\/arabian-mood.com\/pt\/wp-json\/wp\/v2\/product_brand?post=8114"},{"taxonomy":"product_cat","embeddable":true,"href":"https:\/\/arabian-mood.com\/pt\/wp-json\/wp\/v2\/product_cat?post=8114"},{"taxonomy":"product_tag","embeddable":true,"href":"https:\/\/arabian-mood.com\/pt\/wp-json\/wp\/v2\/product_tag?post=8114"}],"curies":[{"name":"wp","href":"https:\/\/api.w.org\/{rel}","templated":true}]}}