{"id":8116,"date":"2024-08-09T11:39:25","date_gmt":"2024-08-09T09:39:25","guid":{"rendered":"https:\/\/arabian-mood.com\/produit\/madyan\/"},"modified":"2026-01-20T12:49:59","modified_gmt":"2026-01-20T11:49:59","slug":"madyan","status":"publish","type":"product","link":"https:\/\/arabian-mood.com\/pt\/produit\/madyan\/","title":{"rendered":"MADYAN"},"content":{"rendered":"<p>Le prestige des palais d\u2019arabie est captur\u00e9e dans ce parfum, qui combine des ar\u00f4mes de l\u2019Orient et de l\u2019Occident. Sa base durable de musc s\u00e9duisant et de rose sauvage \u00e9voque des idylles pass\u00e9es, tandis que les douces notes de t\u00eate de p\u00eaches et de fleurs fruit\u00e9es immortalisent la joie des femmes modernes pleines d\u2019assurance. Ressentez l\u2019effet irr\u00e9sistible de Madawi et de son allure \u00e9l\u00e9gante et sensuelle.<\/p>\n<p>Inspiration : Madawi Arabian Oud<\/p>","protected":false},"excerpt":{"rendered":"<p>NOTES DE T\u00caTE<br \/>\nananas, p\u00eache, pomme<\/p>\n<p>NOTES DE C\u0152UR<br \/>\nrose, muguet, magnolia<\/p>\n<p>NOTES DE FOND<br \/>\nbois de santal, patchouli, musc, ambre gris<\/p>","protected":false},"featured_media":8090,"template":"","meta":[],"product_brand":[],"product_cat":[591],"product_tag":[],"class_list":{"0":"post-8116","1":"product","2":"type-product","3":"status-publish","4":"has-post-thumbnail","6":"product_cat-rupture-de-stock","8":"first","9":"instock","10":"purchasable","11":"product-type-simple"},"yoast_head":"<!-- This site is optimized with the Yoast SEO plugin v27.5 - https:\/\/yoast.com\/product\/yoast-seo-wordpress\/ -->\n<title>MADYAN - Arabian Mood<\/title>\n<meta name=\"robots\" content=\"index, follow, max-snippet:-1, max-image-preview:large, max-video-preview:-1\" \/>\n<link rel=\"canonical\" href=\"https:\/\/arabian-mood.com\/pt\/product-2\/madyan\/\" \/>\n<meta property=\"og:locale\" content=\"pt_PT\" \/>\n<meta property=\"og:type\" content=\"article\" \/>\n<meta property=\"og:title\" content=\"MADYAN - Arabian Mood\" \/>\n<meta property=\"og:description\" content=\"NOTES DE T\u00caTE ananas, p\u00eache, pomme  NOTES DE C\u0152UR rose, muguet, magnolia  NOTES DE FOND bois de santal, patchouli, musc, ambre gris\" \/>\n<meta property=\"og:url\" content=\"https:\/\/arabian-mood.com\/pt\/product-2\/madyan\/\" \/>\n<meta property=\"og:site_name\" content=\"Arabian Mood\" \/>\n<meta property=\"article:modified_time\" content=\"2026-01-20T11:49:59+00:00\" \/>\n<meta property=\"og:image\" content=\"https:\/\/arabian-mood.com\/wp-content\/uploads\/2024\/08\/MADYAN.png\" \/>\n\t<meta property=\"og:image:width\" content=\"900\" \/>\n\t<meta property=\"og:image:height\" content=\"900\" \/>\n\t<meta property=\"og:image:type\" content=\"image\/png\" \/>\n<meta name=\"twitter:card\" content=\"summary_large_image\" \/>\n<script type=\"application\/ld+json\" class=\"yoast-schema-graph\">{\"@context\":\"https:\\\/\\\/schema.org\",\"@graph\":[{\"@type\":\"WebPage\",\"@id\":\"https:\\\/\\\/arabian-mood.com\\\/produit\\\/madyan\\\/\",\"url\":\"https:\\\/\\\/arabian-mood.com\\\/produit\\\/madyan\\\/\",\"name\":\"MADYAN - Arabian Mood\",\"isPartOf\":{\"@id\":\"https:\\\/\\\/arabian-mood.com\\\/#website\"},\"primaryImageOfPage\":{\"@id\":\"https:\\\/\\\/arabian-mood.com\\\/produit\\\/madyan\\\/#primaryimage\"},\"image\":{\"@id\":\"https:\\\/\\\/arabian-mood.com\\\/produit\\\/madyan\\\/#primaryimage\"},\"thumbnailUrl\":\"https:\\\/\\\/arabian-mood.com\\\/wp-content\\\/uploads\\\/2024\\\/08\\\/MADYAN.png\",\"datePublished\":\"2024-08-09T09:39:25+00:00\",\"dateModified\":\"2026-01-20T11:49:59+00:00\",\"breadcrumb\":{\"@id\":\"https:\\\/\\\/arabian-mood.com\\\/produit\\\/madyan\\\/#breadcrumb\"},\"inLanguage\":\"pt-PT\",\"potentialAction\":[{\"@type\":\"ReadAction\",\"target\":[\"https:\\\/\\\/arabian-mood.com\\\/produit\\\/madyan\\\/\"]}]},{\"@type\":\"ImageObject\",\"inLanguage\":\"pt-PT\",\"@id\":\"https:\\\/\\\/arabian-mood.com\\\/produit\\\/madyan\\\/#primaryimage\",\"url\":\"https:\\\/\\\/arabian-mood.com\\\/wp-content\\\/uploads\\\/2024\\\/08\\\/MADYAN.png\",\"contentUrl\":\"https:\\\/\\\/arabian-mood.com\\\/wp-content\\\/uploads\\\/2024\\\/08\\\/MADYAN.png\",\"width\":900,\"height\":900},{\"@type\":\"BreadcrumbList\",\"@id\":\"https:\\\/\\\/arabian-mood.com\\\/produit\\\/madyan\\\/#breadcrumb\",\"itemListElement\":[{\"@type\":\"ListItem\",\"position\":1,\"name\":\"Accueil\",\"item\":\"https:\\\/\\\/arabian-mood.com\\\/\"},{\"@type\":\"ListItem\",\"position\":2,\"name\":\"Boutique\",\"item\":\"https:\\\/\\\/arabian-mood.com\\\/boutique\\\/\"},{\"@type\":\"ListItem\",\"position\":3,\"name\":\"MADYAN\"}]},{\"@type\":\"WebSite\",\"@id\":\"https:\\\/\\\/arabian-mood.com\\\/#website\",\"url\":\"https:\\\/\\\/arabian-mood.com\\\/\",\"name\":\"Arabian Mood\",\"description\":\"\",\"publisher\":{\"@id\":\"https:\\\/\\\/arabian-mood.com\\\/#organization\"},\"potentialAction\":[{\"@type\":\"SearchAction\",\"target\":{\"@type\":\"EntryPoint\",\"urlTemplate\":\"https:\\\/\\\/arabian-mood.com\\\/?s={search_term_string}\"},\"query-input\":{\"@type\":\"PropertyValueSpecification\",\"valueRequired\":true,\"valueName\":\"search_term_string\"}}],\"inLanguage\":\"pt-PT\"},{\"@type\":\"Organization\",\"@id\":\"https:\\\/\\\/arabian-mood.com\\\/#organization\",\"name\":\"Arabian Mood\",\"url\":\"https:\\\/\\\/arabian-mood.com\\\/\",\"logo\":{\"@type\":\"ImageObject\",\"inLanguage\":\"pt-PT\",\"@id\":\"https:\\\/\\\/arabian-mood.com\\\/#\\\/schema\\\/logo\\\/image\\\/\",\"url\":\"https:\\\/\\\/arabian-mood.com\\\/wp-content\\\/uploads\\\/2024\\\/09\\\/Groupe-11304.svg\",\"contentUrl\":\"https:\\\/\\\/arabian-mood.com\\\/wp-content\\\/uploads\\\/2024\\\/09\\\/Groupe-11304.svg\",\"width\":214,\"height\":27,\"caption\":\"Arabian Mood\"},\"image\":{\"@id\":\"https:\\\/\\\/arabian-mood.com\\\/#\\\/schema\\\/logo\\\/image\\\/\"},\"sameAs\":[\"https:\\\/\\\/www.instagram.com\\\/arabianmoodofficiel\\\/\"]}]}<\/script>\n<!-- \/ Yoast SEO plugin. -->","yoast_head_json":{"title":"MADYAN - Arabian Mood","robots":{"index":"index","follow":"follow","max-snippet":"max-snippet:-1","max-image-preview":"max-image-preview:large","max-video-preview":"max-video-preview:-1"},"canonical":"https:\/\/arabian-mood.com\/pt\/product-2\/madyan\/","og_locale":"pt_PT","og_type":"article","og_title":"MADYAN - Arabian Mood","og_description":"NOTES DE T\u00caTE ananas, p\u00eache, pomme  NOTES DE C\u0152UR rose, muguet, magnolia  NOTES DE FOND bois de santal, patchouli, musc, ambre gris","og_url":"https:\/\/arabian-mood.com\/pt\/product-2\/madyan\/","og_site_name":"Arabian Mood","article_modified_time":"2026-01-20T11:49:59+00:00","og_image":[{"width":900,"height":900,"url":"https:\/\/arabian-mood.com\/wp-content\/uploads\/2024\/08\/MADYAN.png","type":"image\/png"}],"twitter_card":"summary_large_image","schema":{"@context":"https:\/\/schema.org","@graph":[{"@type":"WebPage","@id":"https:\/\/arabian-mood.com\/produit\/madyan\/","url":"https:\/\/arabian-mood.com\/produit\/madyan\/","name":"MADYAN - Arabian Mood","isPartOf":{"@id":"https:\/\/arabian-mood.com\/#website"},"primaryImageOfPage":{"@id":"https:\/\/arabian-mood.com\/produit\/madyan\/#primaryimage"},"image":{"@id":"https:\/\/arabian-mood.com\/produit\/madyan\/#primaryimage"},"thumbnailUrl":"https:\/\/arabian-mood.com\/wp-content\/uploads\/2024\/08\/MADYAN.png","datePublished":"2024-08-09T09:39:25+00:00","dateModified":"2026-01-20T11:49:59+00:00","breadcrumb":{"@id":"https:\/\/arabian-mood.com\/produit\/madyan\/#breadcrumb"},"inLanguage":"pt-PT","potentialAction":[{"@type":"ReadAction","target":["https:\/\/arabian-mood.com\/produit\/madyan\/"]}]},{"@type":"ImageObject","inLanguage":"pt-PT","@id":"https:\/\/arabian-mood.com\/produit\/madyan\/#primaryimage","url":"https:\/\/arabian-mood.com\/wp-content\/uploads\/2024\/08\/MADYAN.png","contentUrl":"https:\/\/arabian-mood.com\/wp-content\/uploads\/2024\/08\/MADYAN.png","width":900,"height":900},{"@type":"BreadcrumbList","@id":"https:\/\/arabian-mood.com\/produit\/madyan\/#breadcrumb","itemListElement":[{"@type":"ListItem","position":1,"name":"Accueil","item":"https:\/\/arabian-mood.com\/"},{"@type":"ListItem","position":2,"name":"Boutique","item":"https:\/\/arabian-mood.com\/boutique\/"},{"@type":"ListItem","position":3,"name":"MADYAN"}]},{"@type":"WebSite","@id":"https:\/\/arabian-mood.com\/#website","url":"https:\/\/arabian-mood.com\/","name":"Ambiente \u00c1rabe","description":"","publisher":{"@id":"https:\/\/arabian-mood.com\/#organization"},"potentialAction":[{"@type":"SearchAction","target":{"@type":"EntryPoint","urlTemplate":"https:\/\/arabian-mood.com\/?s={search_term_string}"},"query-input":{"@type":"PropertyValueSpecification","valueRequired":true,"valueName":"search_term_string"}}],"inLanguage":"pt-PT"},{"@type":"Organization","@id":"https:\/\/arabian-mood.com\/#organization","name":"Ambiente \u00c1rabe","url":"https:\/\/arabian-mood.com\/","logo":{"@type":"ImageObject","inLanguage":"pt-PT","@id":"https:\/\/arabian-mood.com\/#\/schema\/logo\/image\/","url":"https:\/\/arabian-mood.com\/wp-content\/uploads\/2024\/09\/Groupe-11304.svg","contentUrl":"https:\/\/arabian-mood.com\/wp-content\/uploads\/2024\/09\/Groupe-11304.svg","width":214,"height":27,"caption":"Arabian Mood"},"image":{"@id":"https:\/\/arabian-mood.com\/#\/schema\/logo\/image\/"},"sameAs":["https:\/\/www.instagram.com\/arabianmoodofficiel\/"]}]}},"_links":{"self":[{"href":"https:\/\/arabian-mood.com\/pt\/wp-json\/wp\/v2\/product\/8116","targetHints":{"allow":["GET"]}}],"collection":[{"href":"https:\/\/arabian-mood.com\/pt\/wp-json\/wp\/v2\/product"}],"about":[{"href":"https:\/\/arabian-mood.com\/pt\/wp-json\/wp\/v2\/types\/product"}],"wp:featuredmedia":[{"embeddable":true,"href":"https:\/\/arabian-mood.com\/pt\/wp-json\/wp\/v2\/media\/8090"}],"wp:attachment":[{"href":"https:\/\/arabian-mood.com\/pt\/wp-json\/wp\/v2\/media?parent=8116"}],"wp:term":[{"taxonomy":"product_brand","embeddable":true,"href":"https:\/\/arabian-mood.com\/pt\/wp-json\/wp\/v2\/product_brand?post=8116"},{"taxonomy":"product_cat","embeddable":true,"href":"https:\/\/arabian-mood.com\/pt\/wp-json\/wp\/v2\/product_cat?post=8116"},{"taxonomy":"product_tag","embeddable":true,"href":"https:\/\/arabian-mood.com\/pt\/wp-json\/wp\/v2\/product_tag?post=8116"}],"curies":[{"name":"wp","href":"https:\/\/api.w.org\/{rel}","templated":true}]}}