{"id":8119,"date":"2024-08-09T11:39:25","date_gmt":"2024-08-09T09:39:25","guid":{"rendered":"https:\/\/arabian-mood.com\/produit\/ophidian-mango-bliss\/"},"modified":"2026-01-20T12:41:51","modified_gmt":"2026-01-20T11:41:51","slug":"ophidian-mango-bliss","status":"publish","type":"product","link":"https:\/\/arabian-mood.com\/pt\/produit\/ophidian-mango-bliss\/","title":{"rendered":"HOMEM MANGA DA FELICIDADE OF\u00cdDIO \u2013 PARIS CORNER"},"content":{"rendered":"<p>Mango Bliss de la collection Ophidian est une \u00e9vasion olfactive exotique dans un paradis tropical. Son parfum luxuriant et vibrant est une ode d&#8217;inspiration pour les aventuriers et les explorateurs comme vous. Avec son pr\u00e9lude parfum\u00e9 de zeste et de s\u00e9duction, Ophidian Mango Bliss fait ressortir votre esprit effervescent au monde.<\/p>\n<p>No reino dos perfumes, os Of\u00eddios reinam supremos.<\/p>\n<p>Inspiration : god of fire de stephane humbert lucas<\/p>","protected":false},"excerpt":{"rendered":"<p>Notes de t\u00eate : Mangue, Citron, Baies roses, Gingembre<\/p>\n<p>Notes de c\u0153ur : Coumarine bleue, Jasmin, Bois secs<\/p>\n<p>Notes de fond : Oud, Nagarmotha, Musc, Ambre<\/p>","protected":false},"featured_media":8095,"template":"","meta":[],"product_brand":[],"product_cat":[591],"product_tag":[],"class_list":{"0":"post-8119","1":"product","2":"type-product","3":"status-publish","4":"has-post-thumbnail","6":"product_cat-rupture-de-stock","8":"first","9":"outofstock","10":"purchasable","11":"product-type-simple"},"yoast_head":"<!-- This site is optimized with the Yoast SEO plugin v27.4 - https:\/\/yoast.com\/product\/yoast-seo-wordpress\/ -->\n<title>OPHIDIAN MANGO BLISS - PARIS CORNER - Arabian Mood<\/title>\n<meta name=\"robots\" content=\"index, follow, max-snippet:-1, max-image-preview:large, max-video-preview:-1\" \/>\n<link rel=\"canonical\" href=\"https:\/\/arabian-mood.com\/pt\/product-2\/ophidian-mango-bliss\/\" \/>\n<meta property=\"og:locale\" content=\"pt_PT\" \/>\n<meta property=\"og:type\" content=\"article\" \/>\n<meta property=\"og:title\" content=\"OPHIDIAN MANGO BLISS - PARIS CORNER - Arabian Mood\" \/>\n<meta property=\"og:description\" content=\"Notes de t\u00eate : Mangue, Citron, Baies roses, Gingembre  Notes de c\u0153ur : Coumarine bleue, Jasmin, Bois secs  Notes de fond : Oud, Nagarmotha, Musc, Ambre\" \/>\n<meta property=\"og:url\" content=\"https:\/\/arabian-mood.com\/pt\/product-2\/ophidian-mango-bliss\/\" \/>\n<meta property=\"og:site_name\" content=\"Arabian Mood\" \/>\n<meta property=\"article:modified_time\" content=\"2026-01-20T11:41:51+00:00\" \/>\n<meta property=\"og:image\" content=\"https:\/\/arabian-mood.com\/wp-content\/uploads\/2024\/08\/OPHIDIAN-MANGO-BLISS.png\" \/>\n\t<meta property=\"og:image:width\" content=\"900\" \/>\n\t<meta property=\"og:image:height\" content=\"900\" \/>\n\t<meta property=\"og:image:type\" content=\"image\/png\" \/>\n<meta name=\"twitter:card\" content=\"summary_large_image\" \/>\n<script type=\"application\/ld+json\" class=\"yoast-schema-graph\">{\"@context\":\"https:\\\/\\\/schema.org\",\"@graph\":[{\"@type\":\"WebPage\",\"@id\":\"https:\\\/\\\/arabian-mood.com\\\/produit\\\/ophidian-mango-bliss\\\/\",\"url\":\"https:\\\/\\\/arabian-mood.com\\\/produit\\\/ophidian-mango-bliss\\\/\",\"name\":\"OPHIDIAN MANGO BLISS - PARIS CORNER - Arabian Mood\",\"isPartOf\":{\"@id\":\"https:\\\/\\\/arabian-mood.com\\\/#website\"},\"primaryImageOfPage\":{\"@id\":\"https:\\\/\\\/arabian-mood.com\\\/produit\\\/ophidian-mango-bliss\\\/#primaryimage\"},\"image\":{\"@id\":\"https:\\\/\\\/arabian-mood.com\\\/produit\\\/ophidian-mango-bliss\\\/#primaryimage\"},\"thumbnailUrl\":\"https:\\\/\\\/arabian-mood.com\\\/wp-content\\\/uploads\\\/2024\\\/08\\\/OPHIDIAN-MANGO-BLISS.png\",\"datePublished\":\"2024-08-09T09:39:25+00:00\",\"dateModified\":\"2026-01-20T11:41:51+00:00\",\"breadcrumb\":{\"@id\":\"https:\\\/\\\/arabian-mood.com\\\/produit\\\/ophidian-mango-bliss\\\/#breadcrumb\"},\"inLanguage\":\"pt-PT\",\"potentialAction\":[{\"@type\":\"ReadAction\",\"target\":[\"https:\\\/\\\/arabian-mood.com\\\/produit\\\/ophidian-mango-bliss\\\/\"]}]},{\"@type\":\"ImageObject\",\"inLanguage\":\"pt-PT\",\"@id\":\"https:\\\/\\\/arabian-mood.com\\\/produit\\\/ophidian-mango-bliss\\\/#primaryimage\",\"url\":\"https:\\\/\\\/arabian-mood.com\\\/wp-content\\\/uploads\\\/2024\\\/08\\\/OPHIDIAN-MANGO-BLISS.png\",\"contentUrl\":\"https:\\\/\\\/arabian-mood.com\\\/wp-content\\\/uploads\\\/2024\\\/08\\\/OPHIDIAN-MANGO-BLISS.png\",\"width\":900,\"height\":900},{\"@type\":\"BreadcrumbList\",\"@id\":\"https:\\\/\\\/arabian-mood.com\\\/produit\\\/ophidian-mango-bliss\\\/#breadcrumb\",\"itemListElement\":[{\"@type\":\"ListItem\",\"position\":1,\"name\":\"Accueil\",\"item\":\"https:\\\/\\\/arabian-mood.com\\\/\"},{\"@type\":\"ListItem\",\"position\":2,\"name\":\"Boutique\",\"item\":\"https:\\\/\\\/arabian-mood.com\\\/boutique\\\/\"},{\"@type\":\"ListItem\",\"position\":3,\"name\":\"OPHIDIAN MANGO BLISS &#8211; PARIS CORNER\"}]},{\"@type\":\"WebSite\",\"@id\":\"https:\\\/\\\/arabian-mood.com\\\/#website\",\"url\":\"https:\\\/\\\/arabian-mood.com\\\/\",\"name\":\"Arabian Mood\",\"description\":\"\",\"publisher\":{\"@id\":\"https:\\\/\\\/arabian-mood.com\\\/#organization\"},\"potentialAction\":[{\"@type\":\"SearchAction\",\"target\":{\"@type\":\"EntryPoint\",\"urlTemplate\":\"https:\\\/\\\/arabian-mood.com\\\/?s={search_term_string}\"},\"query-input\":{\"@type\":\"PropertyValueSpecification\",\"valueRequired\":true,\"valueName\":\"search_term_string\"}}],\"inLanguage\":\"pt-PT\"},{\"@type\":\"Organization\",\"@id\":\"https:\\\/\\\/arabian-mood.com\\\/#organization\",\"name\":\"Arabian Mood\",\"url\":\"https:\\\/\\\/arabian-mood.com\\\/\",\"logo\":{\"@type\":\"ImageObject\",\"inLanguage\":\"pt-PT\",\"@id\":\"https:\\\/\\\/arabian-mood.com\\\/#\\\/schema\\\/logo\\\/image\\\/\",\"url\":\"https:\\\/\\\/arabian-mood.com\\\/wp-content\\\/uploads\\\/2024\\\/09\\\/Groupe-11304.svg\",\"contentUrl\":\"https:\\\/\\\/arabian-mood.com\\\/wp-content\\\/uploads\\\/2024\\\/09\\\/Groupe-11304.svg\",\"width\":214,\"height\":27,\"caption\":\"Arabian Mood\"},\"image\":{\"@id\":\"https:\\\/\\\/arabian-mood.com\\\/#\\\/schema\\\/logo\\\/image\\\/\"},\"sameAs\":[\"https:\\\/\\\/www.instagram.com\\\/arabianmoodofficiel\\\/\"]}]}<\/script>\n<!-- \/ Yoast SEO plugin. -->","yoast_head_json":{"title":"OPHIDIAN MANGO BLISS - PARIS CORNER - Arabian Mood","robots":{"index":"index","follow":"follow","max-snippet":"max-snippet:-1","max-image-preview":"max-image-preview:large","max-video-preview":"max-video-preview:-1"},"canonical":"https:\/\/arabian-mood.com\/pt\/product-2\/ophidian-mango-bliss\/","og_locale":"pt_PT","og_type":"article","og_title":"OPHIDIAN MANGO BLISS - PARIS CORNER - Arabian Mood","og_description":"Notes de t\u00eate : Mangue, Citron, Baies roses, Gingembre  Notes de c\u0153ur : Coumarine bleue, Jasmin, Bois secs  Notes de fond : Oud, Nagarmotha, Musc, Ambre","og_url":"https:\/\/arabian-mood.com\/pt\/product-2\/ophidian-mango-bliss\/","og_site_name":"Arabian Mood","article_modified_time":"2026-01-20T11:41:51+00:00","og_image":[{"width":900,"height":900,"url":"https:\/\/arabian-mood.com\/wp-content\/uploads\/2024\/08\/OPHIDIAN-MANGO-BLISS.png","type":"image\/png"}],"twitter_card":"summary_large_image","schema":{"@context":"https:\/\/schema.org","@graph":[{"@type":"WebPage","@id":"https:\/\/arabian-mood.com\/produit\/ophidian-mango-bliss\/","url":"https:\/\/arabian-mood.com\/produit\/ophidian-mango-bliss\/","name":"OPHIDIAN MANGO BLISS - PARIS CORNER - Arabian Mood","isPartOf":{"@id":"https:\/\/arabian-mood.com\/#website"},"primaryImageOfPage":{"@id":"https:\/\/arabian-mood.com\/produit\/ophidian-mango-bliss\/#primaryimage"},"image":{"@id":"https:\/\/arabian-mood.com\/produit\/ophidian-mango-bliss\/#primaryimage"},"thumbnailUrl":"https:\/\/arabian-mood.com\/wp-content\/uploads\/2024\/08\/OPHIDIAN-MANGO-BLISS.png","datePublished":"2024-08-09T09:39:25+00:00","dateModified":"2026-01-20T11:41:51+00:00","breadcrumb":{"@id":"https:\/\/arabian-mood.com\/produit\/ophidian-mango-bliss\/#breadcrumb"},"inLanguage":"pt-PT","potentialAction":[{"@type":"ReadAction","target":["https:\/\/arabian-mood.com\/produit\/ophidian-mango-bliss\/"]}]},{"@type":"ImageObject","inLanguage":"pt-PT","@id":"https:\/\/arabian-mood.com\/produit\/ophidian-mango-bliss\/#primaryimage","url":"https:\/\/arabian-mood.com\/wp-content\/uploads\/2024\/08\/OPHIDIAN-MANGO-BLISS.png","contentUrl":"https:\/\/arabian-mood.com\/wp-content\/uploads\/2024\/08\/OPHIDIAN-MANGO-BLISS.png","width":900,"height":900},{"@type":"BreadcrumbList","@id":"https:\/\/arabian-mood.com\/produit\/ophidian-mango-bliss\/#breadcrumb","itemListElement":[{"@type":"ListItem","position":1,"name":"Accueil","item":"https:\/\/arabian-mood.com\/"},{"@type":"ListItem","position":2,"name":"Boutique","item":"https:\/\/arabian-mood.com\/boutique\/"},{"@type":"ListItem","position":3,"name":"OPHIDIAN MANGO BLISS &#8211; PARIS CORNER"}]},{"@type":"WebSite","@id":"https:\/\/arabian-mood.com\/#website","url":"https:\/\/arabian-mood.com\/","name":"Ambiente \u00c1rabe","description":"","publisher":{"@id":"https:\/\/arabian-mood.com\/#organization"},"potentialAction":[{"@type":"SearchAction","target":{"@type":"EntryPoint","urlTemplate":"https:\/\/arabian-mood.com\/?s={search_term_string}"},"query-input":{"@type":"PropertyValueSpecification","valueRequired":true,"valueName":"search_term_string"}}],"inLanguage":"pt-PT"},{"@type":"Organization","@id":"https:\/\/arabian-mood.com\/#organization","name":"Ambiente \u00c1rabe","url":"https:\/\/arabian-mood.com\/","logo":{"@type":"ImageObject","inLanguage":"pt-PT","@id":"https:\/\/arabian-mood.com\/#\/schema\/logo\/image\/","url":"https:\/\/arabian-mood.com\/wp-content\/uploads\/2024\/09\/Groupe-11304.svg","contentUrl":"https:\/\/arabian-mood.com\/wp-content\/uploads\/2024\/09\/Groupe-11304.svg","width":214,"height":27,"caption":"Arabian Mood"},"image":{"@id":"https:\/\/arabian-mood.com\/#\/schema\/logo\/image\/"},"sameAs":["https:\/\/www.instagram.com\/arabianmoodofficiel\/"]}]}},"_links":{"self":[{"href":"https:\/\/arabian-mood.com\/pt\/wp-json\/wp\/v2\/product\/8119","targetHints":{"allow":["GET"]}}],"collection":[{"href":"https:\/\/arabian-mood.com\/pt\/wp-json\/wp\/v2\/product"}],"about":[{"href":"https:\/\/arabian-mood.com\/pt\/wp-json\/wp\/v2\/types\/product"}],"wp:featuredmedia":[{"embeddable":true,"href":"https:\/\/arabian-mood.com\/pt\/wp-json\/wp\/v2\/media\/8095"}],"wp:attachment":[{"href":"https:\/\/arabian-mood.com\/pt\/wp-json\/wp\/v2\/media?parent=8119"}],"wp:term":[{"taxonomy":"product_brand","embeddable":true,"href":"https:\/\/arabian-mood.com\/pt\/wp-json\/wp\/v2\/product_brand?post=8119"},{"taxonomy":"product_cat","embeddable":true,"href":"https:\/\/arabian-mood.com\/pt\/wp-json\/wp\/v2\/product_cat?post=8119"},{"taxonomy":"product_tag","embeddable":true,"href":"https:\/\/arabian-mood.com\/pt\/wp-json\/wp\/v2\/product_tag?post=8119"}],"curies":[{"name":"wp","href":"https:\/\/api.w.org\/{rel}","templated":true}]}}