{"id":8131,"date":"2024-08-09T11:39:28","date_gmt":"2024-08-09T09:39:28","guid":{"rendered":"https:\/\/arabian-mood.com\/produit\/utopian-leather-hamidi\/"},"modified":"2025-11-28T09:30:05","modified_gmt":"2025-11-28T08:30:05","slug":"utopian-leather-hamidi","status":"publish","type":"product","link":"https:\/\/arabian-mood.com\/pt\/produit\/utopian-leather-hamidi\/","title":{"rendered":"COURO UT\u00d3PICO \u2013 HAMIDI"},"content":{"rendered":"<p>UTOPIAN LEATHER by HAMIDI est un parfum pour homme et femme qui revisite, dans une version intense, la fragrance originale de la marque. M\u00ealant des notes bois\u00e9es aux notes de cuir et de fleurs, il exhale cette sensualit\u00e9 fougueuse qui caract\u00e9rise l&#8217;Ouest Am\u00e9ricain.<\/p>\n<p>L&#8217;absolue de feuille de violette orpur diffuse, en t\u00eate, un souffle puissant et intens\u00e9ment herbac\u00e9, se fondant peu \u00e0 peu au bois de c\u00e8dre, sensuel et \u00e9l\u00e9gant. L&#8217;absolue de jasmin orpur, r\u00e9colt\u00e9e en amont de la mousson pour procurer le plus raffin\u00e9 des extraits, r\u00e9v\u00e8le ensuite une facette intense et fruit\u00e9e.<\/p>\n<p>De profondes notes de bois et de cuir, relev\u00e9es par une note de tabac, viennent enfin souligner la facette florale du parfum et lui offrir une onctueuse sensualit\u00e9 \u2013 tandis qu&#8217;en son c\u0153ur bat une double concentration d&#8217;iris.<\/p>\n<p>Parfum mixte et longue tenue.<\/p>\n<p>Inspiration : Ombre Leather TOM FORD<\/p>","protected":false},"excerpt":{"rendered":"<p>Notes de t\u00eate\u00a0: Cardamome.<\/p>\n<p>Notes de coeur\u00a0:\u00a0 Cuir, Jasmin Sambac.<\/p>\n<p>Notes de fond\u00a0: Ambre, Mousse, Patchouli.<\/p>","protected":false},"featured_media":8100,"template":"","meta":[],"product_brand":[],"product_cat":[518,433],"product_tag":[],"class_list":{"0":"post-8131","1":"product","2":"type-product","3":"status-publish","4":"has-post-thumbnail","6":"product_cat-lattafa","7":"product_cat-parfums-de-dubai","9":"first","10":"instock","11":"sale","12":"purchasable","13":"product-type-simple"},"yoast_head":"<!-- This site is optimized with the Yoast SEO plugin v27.5 - https:\/\/yoast.com\/product\/yoast-seo-wordpress\/ -->\n<title>UTOPIAN LEATHER - HAMIDI - Arabian Mood<\/title>\n<meta name=\"robots\" content=\"index, follow, max-snippet:-1, max-image-preview:large, max-video-preview:-1\" \/>\n<link rel=\"canonical\" href=\"https:\/\/arabian-mood.com\/pt\/product-2\/utopian-leather-hamidi\/\" \/>\n<meta property=\"og:locale\" content=\"pt_PT\" \/>\n<meta property=\"og:type\" content=\"article\" \/>\n<meta property=\"og:title\" content=\"UTOPIAN LEATHER - HAMIDI - Arabian Mood\" \/>\n<meta property=\"og:description\" content=\"Notes de t\u00eate\u00a0: Cardamome.  Notes de coeur\u00a0:\u00a0 Cuir, Jasmin Sambac.  Notes de fond\u00a0: Ambre, Mousse, Patchouli.\" \/>\n<meta property=\"og:url\" content=\"https:\/\/arabian-mood.com\/pt\/product-2\/utopian-leather-hamidi\/\" \/>\n<meta property=\"og:site_name\" content=\"Arabian Mood\" \/>\n<meta property=\"article:modified_time\" content=\"2025-11-28T08:30:05+00:00\" \/>\n<meta property=\"og:image\" content=\"https:\/\/arabian-mood.com\/wp-content\/uploads\/2024\/08\/UTOPIAN-LEATHER.png\" \/>\n\t<meta property=\"og:image:width\" content=\"900\" \/>\n\t<meta property=\"og:image:height\" content=\"900\" \/>\n\t<meta property=\"og:image:type\" content=\"image\/png\" \/>\n<meta name=\"twitter:card\" content=\"summary_large_image\" \/>\n<meta name=\"twitter:label1\" content=\"Tempo estimado de leitura\" \/>\n\t<meta name=\"twitter:data1\" content=\"1 minuto\" \/>\n<script type=\"application\/ld+json\" class=\"yoast-schema-graph\">{\"@context\":\"https:\\\/\\\/schema.org\",\"@graph\":[{\"@type\":\"WebPage\",\"@id\":\"https:\\\/\\\/arabian-mood.com\\\/produit\\\/utopian-leather-hamidi\\\/\",\"url\":\"https:\\\/\\\/arabian-mood.com\\\/produit\\\/utopian-leather-hamidi\\\/\",\"name\":\"UTOPIAN LEATHER - HAMIDI - Arabian Mood\",\"isPartOf\":{\"@id\":\"https:\\\/\\\/arabian-mood.com\\\/#website\"},\"primaryImageOfPage\":{\"@id\":\"https:\\\/\\\/arabian-mood.com\\\/produit\\\/utopian-leather-hamidi\\\/#primaryimage\"},\"image\":{\"@id\":\"https:\\\/\\\/arabian-mood.com\\\/produit\\\/utopian-leather-hamidi\\\/#primaryimage\"},\"thumbnailUrl\":\"https:\\\/\\\/arabian-mood.com\\\/wp-content\\\/uploads\\\/2024\\\/08\\\/UTOPIAN-LEATHER.png\",\"datePublished\":\"2024-08-09T09:39:28+00:00\",\"dateModified\":\"2025-11-28T08:30:05+00:00\",\"breadcrumb\":{\"@id\":\"https:\\\/\\\/arabian-mood.com\\\/produit\\\/utopian-leather-hamidi\\\/#breadcrumb\"},\"inLanguage\":\"pt-PT\",\"potentialAction\":[{\"@type\":\"ReadAction\",\"target\":[\"https:\\\/\\\/arabian-mood.com\\\/produit\\\/utopian-leather-hamidi\\\/\"]}]},{\"@type\":\"ImageObject\",\"inLanguage\":\"pt-PT\",\"@id\":\"https:\\\/\\\/arabian-mood.com\\\/produit\\\/utopian-leather-hamidi\\\/#primaryimage\",\"url\":\"https:\\\/\\\/arabian-mood.com\\\/wp-content\\\/uploads\\\/2024\\\/08\\\/UTOPIAN-LEATHER.png\",\"contentUrl\":\"https:\\\/\\\/arabian-mood.com\\\/wp-content\\\/uploads\\\/2024\\\/08\\\/UTOPIAN-LEATHER.png\",\"width\":900,\"height\":900},{\"@type\":\"BreadcrumbList\",\"@id\":\"https:\\\/\\\/arabian-mood.com\\\/produit\\\/utopian-leather-hamidi\\\/#breadcrumb\",\"itemListElement\":[{\"@type\":\"ListItem\",\"position\":1,\"name\":\"Accueil\",\"item\":\"https:\\\/\\\/arabian-mood.com\\\/\"},{\"@type\":\"ListItem\",\"position\":2,\"name\":\"Boutique\",\"item\":\"https:\\\/\\\/arabian-mood.com\\\/boutique\\\/\"},{\"@type\":\"ListItem\",\"position\":3,\"name\":\"UTOPIAN LEATHER &#8211; HAMIDI\"}]},{\"@type\":\"WebSite\",\"@id\":\"https:\\\/\\\/arabian-mood.com\\\/#website\",\"url\":\"https:\\\/\\\/arabian-mood.com\\\/\",\"name\":\"Arabian Mood\",\"description\":\"\",\"publisher\":{\"@id\":\"https:\\\/\\\/arabian-mood.com\\\/#organization\"},\"potentialAction\":[{\"@type\":\"SearchAction\",\"target\":{\"@type\":\"EntryPoint\",\"urlTemplate\":\"https:\\\/\\\/arabian-mood.com\\\/?s={search_term_string}\"},\"query-input\":{\"@type\":\"PropertyValueSpecification\",\"valueRequired\":true,\"valueName\":\"search_term_string\"}}],\"inLanguage\":\"pt-PT\"},{\"@type\":\"Organization\",\"@id\":\"https:\\\/\\\/arabian-mood.com\\\/#organization\",\"name\":\"Arabian Mood\",\"url\":\"https:\\\/\\\/arabian-mood.com\\\/\",\"logo\":{\"@type\":\"ImageObject\",\"inLanguage\":\"pt-PT\",\"@id\":\"https:\\\/\\\/arabian-mood.com\\\/#\\\/schema\\\/logo\\\/image\\\/\",\"url\":\"https:\\\/\\\/arabian-mood.com\\\/wp-content\\\/uploads\\\/2024\\\/09\\\/Groupe-11304.svg\",\"contentUrl\":\"https:\\\/\\\/arabian-mood.com\\\/wp-content\\\/uploads\\\/2024\\\/09\\\/Groupe-11304.svg\",\"width\":214,\"height\":27,\"caption\":\"Arabian Mood\"},\"image\":{\"@id\":\"https:\\\/\\\/arabian-mood.com\\\/#\\\/schema\\\/logo\\\/image\\\/\"},\"sameAs\":[\"https:\\\/\\\/www.instagram.com\\\/arabianmoodofficiel\\\/\"]}]}<\/script>\n<!-- \/ Yoast SEO plugin. -->","yoast_head_json":{"title":"UTOPIAN LEATHER - HAMIDI - Arabian Mood","robots":{"index":"index","follow":"follow","max-snippet":"max-snippet:-1","max-image-preview":"max-image-preview:large","max-video-preview":"max-video-preview:-1"},"canonical":"https:\/\/arabian-mood.com\/pt\/product-2\/utopian-leather-hamidi\/","og_locale":"pt_PT","og_type":"article","og_title":"UTOPIAN LEATHER - HAMIDI - Arabian Mood","og_description":"Notes de t\u00eate\u00a0: Cardamome.  Notes de coeur\u00a0:\u00a0 Cuir, Jasmin Sambac.  Notes de fond\u00a0: Ambre, Mousse, Patchouli.","og_url":"https:\/\/arabian-mood.com\/pt\/product-2\/utopian-leather-hamidi\/","og_site_name":"Arabian Mood","article_modified_time":"2025-11-28T08:30:05+00:00","og_image":[{"width":900,"height":900,"url":"https:\/\/arabian-mood.com\/wp-content\/uploads\/2024\/08\/UTOPIAN-LEATHER.png","type":"image\/png"}],"twitter_card":"summary_large_image","twitter_misc":{"Tempo estimado de leitura":"1 minuto"},"schema":{"@context":"https:\/\/schema.org","@graph":[{"@type":"WebPage","@id":"https:\/\/arabian-mood.com\/produit\/utopian-leather-hamidi\/","url":"https:\/\/arabian-mood.com\/produit\/utopian-leather-hamidi\/","name":"UTOPIAN LEATHER - HAMIDI - Arabian Mood","isPartOf":{"@id":"https:\/\/arabian-mood.com\/#website"},"primaryImageOfPage":{"@id":"https:\/\/arabian-mood.com\/produit\/utopian-leather-hamidi\/#primaryimage"},"image":{"@id":"https:\/\/arabian-mood.com\/produit\/utopian-leather-hamidi\/#primaryimage"},"thumbnailUrl":"https:\/\/arabian-mood.com\/wp-content\/uploads\/2024\/08\/UTOPIAN-LEATHER.png","datePublished":"2024-08-09T09:39:28+00:00","dateModified":"2025-11-28T08:30:05+00:00","breadcrumb":{"@id":"https:\/\/arabian-mood.com\/produit\/utopian-leather-hamidi\/#breadcrumb"},"inLanguage":"pt-PT","potentialAction":[{"@type":"ReadAction","target":["https:\/\/arabian-mood.com\/produit\/utopian-leather-hamidi\/"]}]},{"@type":"ImageObject","inLanguage":"pt-PT","@id":"https:\/\/arabian-mood.com\/produit\/utopian-leather-hamidi\/#primaryimage","url":"https:\/\/arabian-mood.com\/wp-content\/uploads\/2024\/08\/UTOPIAN-LEATHER.png","contentUrl":"https:\/\/arabian-mood.com\/wp-content\/uploads\/2024\/08\/UTOPIAN-LEATHER.png","width":900,"height":900},{"@type":"BreadcrumbList","@id":"https:\/\/arabian-mood.com\/produit\/utopian-leather-hamidi\/#breadcrumb","itemListElement":[{"@type":"ListItem","position":1,"name":"Accueil","item":"https:\/\/arabian-mood.com\/"},{"@type":"ListItem","position":2,"name":"Boutique","item":"https:\/\/arabian-mood.com\/boutique\/"},{"@type":"ListItem","position":3,"name":"UTOPIAN LEATHER &#8211; HAMIDI"}]},{"@type":"WebSite","@id":"https:\/\/arabian-mood.com\/#website","url":"https:\/\/arabian-mood.com\/","name":"Ambiente \u00c1rabe","description":"","publisher":{"@id":"https:\/\/arabian-mood.com\/#organization"},"potentialAction":[{"@type":"SearchAction","target":{"@type":"EntryPoint","urlTemplate":"https:\/\/arabian-mood.com\/?s={search_term_string}"},"query-input":{"@type":"PropertyValueSpecification","valueRequired":true,"valueName":"search_term_string"}}],"inLanguage":"pt-PT"},{"@type":"Organization","@id":"https:\/\/arabian-mood.com\/#organization","name":"Ambiente \u00c1rabe","url":"https:\/\/arabian-mood.com\/","logo":{"@type":"ImageObject","inLanguage":"pt-PT","@id":"https:\/\/arabian-mood.com\/#\/schema\/logo\/image\/","url":"https:\/\/arabian-mood.com\/wp-content\/uploads\/2024\/09\/Groupe-11304.svg","contentUrl":"https:\/\/arabian-mood.com\/wp-content\/uploads\/2024\/09\/Groupe-11304.svg","width":214,"height":27,"caption":"Arabian Mood"},"image":{"@id":"https:\/\/arabian-mood.com\/#\/schema\/logo\/image\/"},"sameAs":["https:\/\/www.instagram.com\/arabianmoodofficiel\/"]}]}},"_links":{"self":[{"href":"https:\/\/arabian-mood.com\/pt\/wp-json\/wp\/v2\/product\/8131","targetHints":{"allow":["GET"]}}],"collection":[{"href":"https:\/\/arabian-mood.com\/pt\/wp-json\/wp\/v2\/product"}],"about":[{"href":"https:\/\/arabian-mood.com\/pt\/wp-json\/wp\/v2\/types\/product"}],"wp:featuredmedia":[{"embeddable":true,"href":"https:\/\/arabian-mood.com\/pt\/wp-json\/wp\/v2\/media\/8100"}],"wp:attachment":[{"href":"https:\/\/arabian-mood.com\/pt\/wp-json\/wp\/v2\/media?parent=8131"}],"wp:term":[{"taxonomy":"product_brand","embeddable":true,"href":"https:\/\/arabian-mood.com\/pt\/wp-json\/wp\/v2\/product_brand?post=8131"},{"taxonomy":"product_cat","embeddable":true,"href":"https:\/\/arabian-mood.com\/pt\/wp-json\/wp\/v2\/product_cat?post=8131"},{"taxonomy":"product_tag","embeddable":true,"href":"https:\/\/arabian-mood.com\/pt\/wp-json\/wp\/v2\/product_tag?post=8131"}],"curies":[{"name":"wp","href":"https:\/\/api.w.org\/{rel}","templated":true}]}}